{"id":91,"date":"2023-09-22T09:42:34","date_gmt":"2023-09-22T09:42:34","guid":{"rendered":"https:\/\/nembutalhouse.com\/weed\/?post_type=product&#038;p=91"},"modified":"2025-06-14T11:09:23","modified_gmt":"2025-06-14T11:09:23","slug":"gelato-41","status":"publish","type":"product","link":"https:\/\/herbelegale.com\/pt\/product\/gelato-41\/","title":{"rendered":"Gelato 41"},"content":{"rendered":"<h2><b>Comprar Gelato 41 Online: Uma Experi\u00eancia Premium de Can\u00e1bis a Apenas um Clique de Dist\u00e2ncia<\/b><\/h2>\n<p><span style=\"font-weight: 400;\"><a href=\"https:\/\/herbelegale.com\/pt\/product\/gelato-41\/\">Gelato 41<\/a> \u00e9 uma variedade h\u00edbrida popular de can\u00e1bis, criada a partir do cruzamento entre a Sunset Sherbet e a Thin Mint Girl Scout Cookies. A sua crescente popularidade deve-se aos seus efeitos equilibrados, ao rico perfil de terpenos e \u00e0 facilidade de compra online. Gra\u00e7as ao crescimento do com\u00e9rcio eletr\u00f3nico, \u00e9 agora poss\u00edvel comprar Gelato 41 online, oferecendo uma conveni\u00eancia incompar\u00e1vel aos consumidores.<\/span><\/p>\n<h3><b>A ascens\u00e3o da entrega de can\u00e1bis online: dos mercados de produtores \u00e0s portas<\/b><\/h3>\n<p><span style=\"font-weight: 400;\">O mercado da can\u00e1bis em constante evolu\u00e7\u00e3o permitiu aos consumidores aceder a uma variedade de produtos de alta qualidade sem sair de casa. As plataformas online especializadas oferecem uma vasta gama de produtos, incluindo o Gelato 41, com op\u00e7\u00f5es de entrega discreta e r\u00e1pida.<\/span><\/p>\n<h3><b>Porque \u00e9 que cada vez mais pessoas est\u00e3o a comprar Gelato 41 online<\/b><\/h3>\n<ul>\n<li style=\"font-weight: 400;\" aria-level=\"1\"><b>Accessibilit\u00e0<\/b><span style=\"font-weight: 400;\"> : F\u00e1cil acesso a uma variedade de produtos premium.<\/span><span style=\"font-weight: 400;\">\n<p><\/span><\/li>\n<li style=\"font-weight: 400;\" aria-level=\"1\"><b>Conveni\u00eancia<\/b><span style=\"font-weight: 400;\"> : Entrega direta ao domic\u00edlio, eliminando a necessidade de se deslocar \u00e0 loja.<\/span><span style=\"font-weight: 400;\">\n<p><\/span><\/li>\n<li style=\"font-weight: 400;\" aria-level=\"1\"><b>Sele\u00e7\u00e3o<\/b><span style=\"font-weight: 400;\"> : Capacidade de comparar diferentes fornecedores e produtos.<\/span><span style=\"font-weight: 400;\">\n<p><\/span><\/li>\n<\/ul>\n<h3><b>O que faz um \u00f3timo gelato 41<\/b><\/h3>\n<ul>\n<li style=\"font-weight: 400;\" aria-level=\"1\"><b>Frescor<\/b><span style=\"font-weight: 400;\"> : Rebentos densos, resinosos, ricos em tricomas.<\/span><span style=\"font-weight: 400;\">\n<p><\/span><\/li>\n<li style=\"font-weight: 400;\" aria-level=\"1\"><b>Aroma<\/b><span style=\"font-weight: 400;\"> : Uma mistura doce de baunilha, frutos vermelhos e notas terrosas.<\/span><span style=\"font-weight: 400;\">\n<p><\/span><\/li>\n<li style=\"font-weight: 400;\" aria-level=\"1\"><b>Efeitos<\/b><span style=\"font-weight: 400;\"> : Um equil\u00edbrio entre o relaxamento corporal e a estimula\u00e7\u00e3o mental, ideal para uso noturno ou para promover a criatividade.<\/span><span style=\"font-weight: 400;\">\n<p><\/span><\/li>\n<\/ul>\n<h3><b>Os 5 melhores locais para comprar Gelato 41 online (com pr\u00f3s e contras)<\/b><\/h3>\n<ol>\n<li style=\"font-weight: 400;\" aria-level=\"1\"><b>Fazendas de Proibi\u00e7\u00e3o<\/b><b>\n<p><\/b><\/p>\n<ul>\n<li style=\"font-weight: 400;\" aria-level=\"2\"><i><span style=\"font-weight: 400;\">Benef\u00edcios<\/span><\/i><span style=\"font-weight: 400;\"> : Produtos de alta qualidade, envio discreto.<\/span><span style=\"font-weight: 400;\">\n<p><\/span><\/li>\n<li style=\"font-weight: 400;\" aria-level=\"2\"><i><span style=\"font-weight: 400;\">Desvantagens<\/span><\/i><span style=\"font-weight: 400;\"> : Disponibilidade limitada dependendo da regi\u00e3o.<\/span><span style=\"font-weight: 400;\">\n<p><\/span><\/li>\n<\/ul>\n<\/li>\n<li style=\"font-weight: 400;\" aria-level=\"1\"><b>Laborat\u00f3rios Alien\u00edgenas<\/b><b>\n<p><\/b><\/p>\n<ul>\n<li style=\"font-weight: 400;\" aria-level=\"2\"><i><span style=\"font-weight: 400;\">Benef\u00edcios<\/span><\/i><span style=\"font-weight: 400;\"> : Reputa\u00e7\u00e3o por efeitos poderosos e de qualidade.<\/span><span style=\"font-weight: 400;\">\n<p><\/span><\/li>\n<li style=\"font-weight: 400;\" aria-level=\"2\"><i><span style=\"font-weight: 400;\">Desvantagens<\/span><\/i><span style=\"font-weight: 400;\"> : Pre\u00e7os mais elevados.<\/span><span style=\"font-weight: 400;\">\n<p><\/span><\/li>\n<\/ul>\n<\/li>\n<li style=\"font-weight: 400;\" aria-level=\"1\"><b>Empresa de Can\u00e1bis Conectada<\/b><b>\n<p><\/b><\/p>\n<ul>\n<li style=\"font-weight: 400;\" aria-level=\"2\"><i><span style=\"font-weight: 400;\">Benef\u00edcios<\/span><\/i><span style=\"font-weight: 400;\"> : Produits prim\u00e9s, large gamme.<\/span><span style=\"font-weight: 400;\">\n<p><\/span><\/li>\n<li style=\"font-weight: 400;\" aria-level=\"2\"><i><span style=\"font-weight: 400;\">Desvantagens<\/span><\/i><span style=\"font-weight: 400;\"> : N\u00e9cessite une v\u00e9rification d&rsquo;\u00e2ge.<\/span><span style=\"font-weight: 400;\">\n<p><\/span><\/li>\n<\/ul>\n<\/li>\n<li style=\"font-weight: 400;\" aria-level=\"1\"><b>Dr.Ganja<\/b><b>\n<p><\/b><\/p>\n<ul>\n<li style=\"font-weight: 400;\" aria-level=\"2\"><i><span style=\"font-weight: 400;\">Benef\u00edcios<\/span><\/i><span style=\"font-weight: 400;\"> : Livraison gratuite, large s\u00e9lection.<\/span><span style=\"font-weight: 400;\">\n<p><\/span><\/li>\n<li style=\"font-weight: 400;\" aria-level=\"2\"><i><span style=\"font-weight: 400;\">Desvantagens<\/span><\/i><span style=\"font-weight: 400;\"> : Certaines options peuvent \u00eatre limit\u00e9es.<\/span><span style=\"font-weight: 400;\">\n<p><\/span><\/li>\n<\/ul>\n<\/li>\n<li style=\"font-weight: 400;\" aria-level=\"1\"><b>Budzburn<\/b><b>\n<p><\/b><\/p>\n<ul>\n<li style=\"font-weight: 400;\" aria-level=\"2\"><i><span style=\"font-weight: 400;\">Benef\u00edcios<\/span><\/i><span style=\"font-weight: 400;\"> : Produits biologiques, tests en laboratoire.<\/span><span style=\"font-weight: 400;\">\n<p><\/span><\/li>\n<li style=\"font-weight: 400;\" aria-level=\"2\"><i><span style=\"font-weight: 400;\">Desvantagens<\/span><\/i><span style=\"font-weight: 400;\"> : Peut ne pas \u00eatre disponible dans toutes les r\u00e9gions.<\/span><span style=\"font-weight: 400;\">\n<p><\/span><\/li>\n<\/ul>\n<\/li>\n<\/ol>\n<h3><b>Cosa cercare prima di ordinare<\/b><\/h3>\n<ul>\n<li style=\"font-weight: 400;\" aria-level=\"1\"><b>Condi\u00e7\u00f5es de envio<\/b><span style=\"font-weight: 400;\"> : Certifique-se de que o fornecedor oferece um envio r\u00e1pido e discreto.<\/span><span style=\"font-weight: 400;\">\n<p><\/span><\/li>\n<li style=\"font-weight: 400;\" aria-level=\"1\"><b>Garantias de frescura<\/b><span style=\"font-weight: 400;\"> : Verifique as pol\u00edticas de devolu\u00e7\u00e3o e reembolso.<\/span><span style=\"font-weight: 400;\">\n<p><\/span><\/li>\n<li style=\"font-weight: 400;\" aria-level=\"1\"><b>Transpar\u00eancia dos ingredientes<\/b><span style=\"font-weight: 400;\"> : Procure informa\u00e7\u00e3o sobre testes laboratoriais e an\u00e1lise de terpenos.<\/span><span style=\"font-weight: 400;\">\n<p><\/span><\/li>\n<\/ul>\n<h3><b>Como armazenar, aquecer e usufruir do seu Gelato 41<\/b><\/h3>\n<ul>\n<li style=\"font-weight: 400;\" aria-level=\"1\"><b>Armazenar<\/b><span style=\"font-weight: 400;\"> : Armazene em local fresco e escuro, num recipiente herm\u00e9tico.<\/span><span style=\"font-weight: 400;\">\n<p><\/span><\/li>\n<li style=\"font-weight: 400;\" aria-level=\"1\"><b>Opwarmen<\/b><span style=\"font-weight: 400;\"> : Para uma melhor experi\u00eancia, utilize um vaporizador de qualidade.<\/span><span style=\"font-weight: 400;\">\n<p><\/span><\/li>\n<li style=\"font-weight: 400;\" aria-level=\"1\"><b>Aproveitar<\/b><span style=\"font-weight: 400;\"> : Desfrute dos aromas complexos e dos efeitos equilibrados do Gelato 41.<\/span><span style=\"font-weight: 400;\">\n<p><\/span><\/li>\n<\/ul>\n<h3><b>Conclus\u00e3o: Satisfa\u00e7a o seu desejo por can\u00e1bis premium sem sair de casa<\/b><\/h3>\n<p><span style=\"font-weight: 400;\"><a href=\"https:\/\/en.wikipedia.org\/wiki\/Gelato\">Acheter Gelato 41 en ligne<\/a> Oferece uma conveni\u00eancia e qualidade excecionais. Quer seja um consumidor experiente ou principiante, esta variedade h\u00edbrida oferece uma experi\u00eancia agrad\u00e1vel e equilibrada.<\/span><\/p>\n<h3><b>Dicas finais para uma experi\u00eancia de compra segura, legal e satisfat\u00f3ria<\/b><\/h3>\n<ul>\n<li style=\"font-weight: 400;\" aria-level=\"1\"><b>Verifique a legalidade<\/b><span style=\"font-weight: 400;\"> : Certifique-se de que a compra de can\u00e1bis \u00e9 legal na sua \u00e1rea.<\/span><span style=\"font-weight: 400;\">\n<p><\/span><\/li>\n<li style=\"font-weight: 400;\" aria-level=\"1\"><b>Escolha fornecedores fi\u00e1veis<\/b><span style=\"font-weight: 400;\"> : Opte por plataformas bem estabelecidas e com boas avalia\u00e7\u00f5es.<\/span><span style=\"font-weight: 400;\">\n<p><\/span><\/li>\n<li style=\"font-weight: 400;\" aria-level=\"1\"><b>Esteja informado<\/b><span style=\"font-weight: 400;\"> : Saiba mais sobre os efeitos e as dosagens adequadas.<\/span><\/li>\n<\/ul>","protected":false},"excerpt":{"rendered":"<p>Achetez Gelato 41 en ligne : Une exp\u00e9rience de cannabis haut de gamme \u00e0 port\u00e9e de clic Gelato 41 est une vari\u00e9t\u00e9 hybride de cannabis tr\u00e8s pris\u00e9e, n\u00e9e du croisement entre Sunset Sherbet et Thin Mint Girl Scout Cookies. Sa popularit\u00e9 croissante s&rsquo;explique par ses effets \u00e9quilibr\u00e9s, son profil terp\u00e9nique riche et sa facilit\u00e9 d&rsquo;achat&#8230;<\/p>","protected":false},"featured_media":1454,"comment_status":"open","ping_status":"closed","template":"","meta":{"_kadence_starter_templates_imported_post":false,"_kad_post_transparent":"default","_kad_post_title":"","_kad_post_layout":"default","_kad_post_sidebar_id":"","_kad_post_content_style":"default","_kad_post_vertical_padding":"default","_kad_post_feature":"","_kad_post_feature_position":"","_kad_post_header":false,"_kad_post_footer":false,"_joinchat":[]},"product_brand":[],"product_cat":[17],"product_tag":[],"class_list":{"0":"post-91","1":"product","2":"type-product","3":"status-publish","4":"has-post-thumbnail","6":"product_cat-canabis-en-ligne","8":"first","9":"instock","10":"shipping-taxable","11":"purchasable","12":"product-type-variable","13":"entry","14":"content-bg","15":"loop-entry"},"yoast_head":"<!-- This site is optimized with the Yoast SEO plugin v23.5 - https:\/\/yoast.com\/wordpress\/plugins\/seo\/ -->\n<title>Achetez Gelato 41 en ligne - Gelato 41 \u00e0 vendre<\/title>\n<meta name=\"description\" content=\"Vous pouvez acheter de la glace 41 en ligne aux meilleurs prix dans notre boutique en ligne. Nous proposons de la glace 41 bon march\u00e9 et de haute qualit\u00e9 \u00e0 la vente et proposons une livraison dans le monde entier. Vous pouvez commander \u00e0 tout moment et en tout lieu.\" \/>\n<meta name=\"robots\" content=\"index, follow, max-snippet:-1, max-image-preview:large, max-video-preview:-1\" \/>\n<link rel=\"canonical\" href=\"https:\/\/herbelegale.com\/pt\/product\/gelato-41\/\" \/>\n<meta property=\"og:locale\" content=\"pt_PT\" \/>\n<meta property=\"og:type\" content=\"article\" \/>\n<meta property=\"og:title\" content=\"Achetez Gelato 41 en ligne - Gelato 41 \u00e0 vendre\" \/>\n<meta property=\"og:description\" content=\"Vous pouvez acheter de la glace 41 en ligne aux meilleurs prix dans notre boutique en ligne. Nous proposons de la glace 41 bon march\u00e9 et de haute qualit\u00e9 \u00e0 la vente et proposons une livraison dans le monde entier. Vous pouvez commander \u00e0 tout moment et en tout lieu.\" \/>\n<meta property=\"og:url\" content=\"https:\/\/herbelegale.com\/pt\/product\/gelato-41\/\" \/>\n<meta property=\"og:site_name\" content=\"Herbe L\u00e9gale\" \/>\n<meta property=\"article:modified_time\" content=\"2025-06-14T11:09:23+00:00\" \/>\n<meta property=\"og:image\" content=\"https:\/\/herbelegale.com\/wp-content\/uploads\/2023\/09\/Gelato-41.jpg\" \/>\n\t<meta property=\"og:image:width\" content=\"960\" \/>\n\t<meta property=\"og:image:height\" content=\"1280\" \/>\n\t<meta property=\"og:image:type\" content=\"image\/jpeg\" \/>\n<meta name=\"twitter:card\" content=\"summary_large_image\" \/>\n<meta name=\"twitter:label1\" content=\"Tempo estimado de leitura\" \/>\n\t<meta name=\"twitter:data1\" content=\"3 minutes\" \/>\n<script type=\"application\/ld+json\" class=\"yoast-schema-graph\">{\"@context\":\"https:\/\/schema.org\",\"@graph\":[{\"@type\":\"WebPage\",\"@id\":\"https:\/\/herbelegale.com\/product\/gelato-41\/\",\"url\":\"https:\/\/herbelegale.com\/product\/gelato-41\/\",\"name\":\"Achetez Gelato 41 en ligne - Gelato 41 \u00e0 vendre\",\"isPartOf\":{\"@id\":\"https:\/\/herbelegale.com\/#website\"},\"primaryImageOfPage\":{\"@id\":\"https:\/\/herbelegale.com\/product\/gelato-41\/#primaryimage\"},\"image\":{\"@id\":\"https:\/\/herbelegale.com\/product\/gelato-41\/#primaryimage\"},\"thumbnailUrl\":\"https:\/\/herbelegale.com\/wp-content\/uploads\/2023\/09\/Gelato-41.jpg\",\"datePublished\":\"2023-09-22T09:42:34+00:00\",\"dateModified\":\"2025-06-14T11:09:23+00:00\",\"description\":\"Vous pouvez acheter de la glace 41 en ligne aux meilleurs prix dans notre boutique en ligne. Nous proposons de la glace 41 bon march\u00e9 et de haute qualit\u00e9 \u00e0 la vente et proposons une livraison dans le monde entier. Vous pouvez commander \u00e0 tout moment et en tout lieu.\",\"breadcrumb\":{\"@id\":\"https:\/\/herbelegale.com\/product\/gelato-41\/#breadcrumb\"},\"inLanguage\":\"pt-PT\",\"potentialAction\":[{\"@type\":\"ReadAction\",\"target\":[\"https:\/\/herbelegale.com\/product\/gelato-41\/\"]}]},{\"@type\":\"ImageObject\",\"inLanguage\":\"pt-PT\",\"@id\":\"https:\/\/herbelegale.com\/product\/gelato-41\/#primaryimage\",\"url\":\"https:\/\/herbelegale.com\/wp-content\/uploads\/2023\/09\/Gelato-41.jpg\",\"contentUrl\":\"https:\/\/herbelegale.com\/wp-content\/uploads\/2023\/09\/Gelato-41.jpg\",\"width\":960,\"height\":1280,\"caption\":\"Gelato 41\"},{\"@type\":\"BreadcrumbList\",\"@id\":\"https:\/\/herbelegale.com\/product\/gelato-41\/#breadcrumb\",\"itemListElement\":[{\"@type\":\"ListItem\",\"position\":1,\"name\":\"Home\",\"item\":\"https:\/\/herbelegale.com\/\"},{\"@type\":\"ListItem\",\"position\":2,\"name\":\"Boutique\",\"item\":\"https:\/\/herbelegale.com\/boutique\/\"},{\"@type\":\"ListItem\",\"position\":3,\"name\":\"Gelato 41\"}]},{\"@type\":\"WebSite\",\"@id\":\"https:\/\/herbelegale.com\/#website\",\"url\":\"https:\/\/herbelegale.com\/\",\"name\":\"Herbe L\u00e9gale\",\"description\":\"Acheter de l&#039;herbe en ligne\",\"publisher\":{\"@id\":\"https:\/\/herbelegale.com\/#organization\"},\"potentialAction\":[{\"@type\":\"SearchAction\",\"target\":{\"@type\":\"EntryPoint\",\"urlTemplate\":\"https:\/\/herbelegale.com\/?s={search_term_string}\"},\"query-input\":{\"@type\":\"PropertyValueSpecification\",\"valueRequired\":true,\"valueName\":\"search_term_string\"}}],\"inLanguage\":\"pt-PT\"},{\"@type\":\"Organization\",\"@id\":\"https:\/\/herbelegale.com\/#organization\",\"name\":\"Herbe L\u00e9gale\",\"url\":\"https:\/\/herbelegale.com\/\",\"logo\":{\"@type\":\"ImageObject\",\"inLanguage\":\"pt-PT\",\"@id\":\"https:\/\/herbelegale.com\/#\/schema\/logo\/image\/\",\"url\":\"https:\/\/herbelegale.com\/wp-content\/uploads\/2023\/10\/logo-1.png\",\"contentUrl\":\"https:\/\/herbelegale.com\/wp-content\/uploads\/2023\/10\/logo-1.png\",\"width\":400,\"height\":120,\"caption\":\"Herbe L\u00e9gale\"},\"image\":{\"@id\":\"https:\/\/herbelegale.com\/#\/schema\/logo\/image\/\"}}]}<\/script>\n<!-- \/ Yoast SEO plugin. -->","yoast_head_json":{"title":"Achetez Gelato 41 en ligne - Gelato 41 \u00e0 vendre","description":"Vous pouvez acheter de la glace 41 en ligne aux meilleurs prix dans notre boutique en ligne. Nous proposons de la glace 41 bon march\u00e9 et de haute qualit\u00e9 \u00e0 la vente et proposons une livraison dans le monde entier. Vous pouvez commander \u00e0 tout moment et en tout lieu.","robots":{"index":"index","follow":"follow","max-snippet":"max-snippet:-1","max-image-preview":"max-image-preview:large","max-video-preview":"max-video-preview:-1"},"canonical":"https:\/\/herbelegale.com\/pt\/product\/gelato-41\/","og_locale":"pt_PT","og_type":"article","og_title":"Achetez Gelato 41 en ligne - Gelato 41 \u00e0 vendre","og_description":"Vous pouvez acheter de la glace 41 en ligne aux meilleurs prix dans notre boutique en ligne. Nous proposons de la glace 41 bon march\u00e9 et de haute qualit\u00e9 \u00e0 la vente et proposons une livraison dans le monde entier. Vous pouvez commander \u00e0 tout moment et en tout lieu.","og_url":"https:\/\/herbelegale.com\/pt\/product\/gelato-41\/","og_site_name":"Herbe L\u00e9gale","article_modified_time":"2025-06-14T11:09:23+00:00","og_image":[{"width":960,"height":1280,"url":"https:\/\/herbelegale.com\/wp-content\/uploads\/2023\/09\/Gelato-41.jpg","type":"image\/jpeg"}],"twitter_card":"summary_large_image","twitter_misc":{"Tempo estimado de leitura":"3 minutes"},"schema":{"@context":"https:\/\/schema.org","@graph":[{"@type":"WebPage","@id":"https:\/\/herbelegale.com\/product\/gelato-41\/","url":"https:\/\/herbelegale.com\/product\/gelato-41\/","name":"Achetez Gelato 41 en ligne - Gelato 41 \u00e0 vendre","isPartOf":{"@id":"https:\/\/herbelegale.com\/#website"},"primaryImageOfPage":{"@id":"https:\/\/herbelegale.com\/product\/gelato-41\/#primaryimage"},"image":{"@id":"https:\/\/herbelegale.com\/product\/gelato-41\/#primaryimage"},"thumbnailUrl":"https:\/\/herbelegale.com\/wp-content\/uploads\/2023\/09\/Gelato-41.jpg","datePublished":"2023-09-22T09:42:34+00:00","dateModified":"2025-06-14T11:09:23+00:00","description":"Vous pouvez acheter de la glace 41 en ligne aux meilleurs prix dans notre boutique en ligne. Nous proposons de la glace 41 bon march\u00e9 et de haute qualit\u00e9 \u00e0 la vente et proposons une livraison dans le monde entier. Vous pouvez commander \u00e0 tout moment et en tout lieu.","breadcrumb":{"@id":"https:\/\/herbelegale.com\/product\/gelato-41\/#breadcrumb"},"inLanguage":"pt-PT","potentialAction":[{"@type":"ReadAction","target":["https:\/\/herbelegale.com\/product\/gelato-41\/"]}]},{"@type":"ImageObject","inLanguage":"pt-PT","@id":"https:\/\/herbelegale.com\/product\/gelato-41\/#primaryimage","url":"https:\/\/herbelegale.com\/wp-content\/uploads\/2023\/09\/Gelato-41.jpg","contentUrl":"https:\/\/herbelegale.com\/wp-content\/uploads\/2023\/09\/Gelato-41.jpg","width":960,"height":1280,"caption":"Gelato 41"},{"@type":"BreadcrumbList","@id":"https:\/\/herbelegale.com\/product\/gelato-41\/#breadcrumb","itemListElement":[{"@type":"ListItem","position":1,"name":"Home","item":"https:\/\/herbelegale.com\/"},{"@type":"ListItem","position":2,"name":"Boutique","item":"https:\/\/herbelegale.com\/boutique\/"},{"@type":"ListItem","position":3,"name":"Gelato 41"}]},{"@type":"WebSite","@id":"https:\/\/herbelegale.com\/#website","url":"https:\/\/herbelegale.com\/","name":"Herbe L\u00e9gale","description":"Acheter de l&#039;herbe en ligne","publisher":{"@id":"https:\/\/herbelegale.com\/#organization"},"potentialAction":[{"@type":"SearchAction","target":{"@type":"EntryPoint","urlTemplate":"https:\/\/herbelegale.com\/?s={search_term_string}"},"query-input":{"@type":"PropertyValueSpecification","valueRequired":true,"valueName":"search_term_string"}}],"inLanguage":"pt-PT"},{"@type":"Organization","@id":"https:\/\/herbelegale.com\/#organization","name":"Herbe L\u00e9gale","url":"https:\/\/herbelegale.com\/","logo":{"@type":"ImageObject","inLanguage":"pt-PT","@id":"https:\/\/herbelegale.com\/#\/schema\/logo\/image\/","url":"https:\/\/herbelegale.com\/wp-content\/uploads\/2023\/10\/logo-1.png","contentUrl":"https:\/\/herbelegale.com\/wp-content\/uploads\/2023\/10\/logo-1.png","width":400,"height":120,"caption":"Herbe L\u00e9gale"},"image":{"@id":"https:\/\/herbelegale.com\/#\/schema\/logo\/image\/"}}]}},"_links":{"self":[{"href":"https:\/\/herbelegale.com\/pt\/wp-json\/wp\/v2\/product\/91","targetHints":{"allow":["GET"]}}],"collection":[{"href":"https:\/\/herbelegale.com\/pt\/wp-json\/wp\/v2\/product"}],"about":[{"href":"https:\/\/herbelegale.com\/pt\/wp-json\/wp\/v2\/types\/product"}],"replies":[{"embeddable":true,"href":"https:\/\/herbelegale.com\/pt\/wp-json\/wp\/v2\/comments?post=91"}],"wp:featuredmedia":[{"embeddable":true,"href":"https:\/\/herbelegale.com\/pt\/wp-json\/wp\/v2\/media\/1454"}],"wp:attachment":[{"href":"https:\/\/herbelegale.com\/pt\/wp-json\/wp\/v2\/media?parent=91"}],"wp:term":[{"taxonomy":"product_brand","embeddable":true,"href":"https:\/\/herbelegale.com\/pt\/wp-json\/wp\/v2\/product_brand?post=91"},{"taxonomy":"product_cat","embeddable":true,"href":"https:\/\/herbelegale.com\/pt\/wp-json\/wp\/v2\/product_cat?post=91"},{"taxonomy":"product_tag","embeddable":true,"href":"https:\/\/herbelegale.com\/pt\/wp-json\/wp\/v2\/product_tag?post=91"}],"curies":[{"name":"wp","href":"https:\/\/api.w.org\/{rel}","templated":true}]}}