{"id":61,"date":"2023-09-22T09:01:28","date_gmt":"2023-09-22T09:01:28","guid":{"rendered":"https:\/\/nembutalhouse.com\/weed\/?post_type=product&#038;p=61"},"modified":"2025-06-14T11:21:13","modified_gmt":"2025-06-14T11:21:13","slug":"jack-herer","status":"publish","type":"product","link":"https:\/\/herbelegale.com\/pt\/product\/jack-herer\/","title":{"rendered":"Jack Herer"},"content":{"rendered":"<h2><b>Comprar Jack Herer Online: Desperte a sua Mente com uma Lenda da Can\u00e1bis<\/b><\/h2>\n<p><span style=\"font-weight: 400;\">Prende il nome dall'iconico attivista della cannabis, <\/span><b>Jack Herer<\/b><span style=\"font-weight: 400;\"> \u00e9 uma variedade sativa conhecida pela sua energia cerebral, clareza mental e aroma picante \u00fanico. Com o r\u00e1pido crescimento do mercado digital da can\u00e1bis, \u00e9 agora mais f\u00e1cil do que nunca<\/span><a href=\"https:\/\/herbelegale.com\/pt\/product\/jack-herer\/\"><b>acheter Jack Herer en ligne<\/b><\/a><span style=\"font-weight: 400;\"> e receber em casa esta flor excepcional, cultivada com carinho.<\/span><\/p>\n<h3><b>A ascens\u00e3o da entrega de can\u00e1bis online: dos mercados de produtores \u00e0s portas<\/b><\/h3>\n<p><span style=\"font-weight: 400;\">Autrefois r\u00e9serv\u00e9es aux boutiques physiques, les vari\u00e9t\u00e9s artisanales comme Jack Herer sont maintenant disponibles via des plateformes num\u00e9riques s\u00e9curis\u00e9es. R\u00e9sultat : les consommateurs peuvent <\/span><a href=\"https:\/\/en.wikipedia.org\/wiki\/Jack_Herer\"><b>encomendar Jack Herer online<\/b><\/a><span style=\"font-weight: 400;\"> com mais facilidade, escolha e transpar\u00eancia do que nunca.<\/span><\/p>\n<h3><b>Porque \u00e9 que cada vez mais pessoas est\u00e3o a comprar Jack Herer online<\/b><\/h3>\n<ul>\n<li style=\"font-weight: 400;\" aria-level=\"1\"><b>Acesso r\u00e1pido a flores premium<\/b><span style=\"font-weight: 400;\"> de qualquer lugar<\/span><span style=\"font-weight: 400;\">\n<p><\/span><\/li>\n<li style=\"font-weight: 400;\" aria-level=\"1\"><b>Melhor compara\u00e7\u00e3o de pre\u00e7os e avalia\u00e7\u00f5es de clientes<\/b><b>\n<p><\/b><\/li>\n<li style=\"font-weight: 400;\" aria-level=\"1\"><b>Entrega discreta<\/b><span style=\"font-weight: 400;\"> e, por vezes, at\u00e9 gr\u00e1tis<\/span><span style=\"font-weight: 400;\">\n<p><\/span><\/li>\n<li style=\"font-weight: 400;\" aria-level=\"1\"><span style=\"font-weight: 400;\">Recherche de <\/span><b>Jack Herer \u00e0 vendre<\/b><span style=\"font-weight: 400;\"> avec des offres comp\u00e9titives<\/span><span style=\"font-weight: 400;\">\n<p><\/span><\/li>\n<li style=\"font-weight: 400;\" aria-level=\"1\"><span style=\"font-weight: 400;\">Possibilit\u00e9 de trouver un <\/span><b>prix Jack Herer pas cher<\/b><span style=\"font-weight: 400;\"> sans sacrifier la qualit\u00e9<\/span><span style=\"font-weight: 400;\">\n<p><\/span><\/li>\n<\/ul>\n<h3><b>O que faz um grande Jack Herer<\/b><\/h3>\n<p><span style=\"font-weight: 400;\">Nem todos os Jack Herers s\u00e3o iguais. Aqui est\u00e3o os principais pontos a ter em conta:<\/span><\/p>\n<ul>\n<li style=\"font-weight: 400;\" aria-level=\"1\"><b>Apar\u00eancia<\/b><span style=\"font-weight: 400;\"> : Fleurs compactes aux pistils orange vif, trichomes abondants<\/span><span style=\"font-weight: 400;\">\n<p><\/span><\/li>\n<li style=\"font-weight: 400;\" aria-level=\"1\"><b>Aroma<\/b><span style=\"font-weight: 400;\"> : M\u00e9lange frais et piquant de pin, d&rsquo;agrumes et d&rsquo;\u00e9pices<\/span><span style=\"font-weight: 400;\">\n<p><\/span><\/li>\n<li style=\"font-weight: 400;\" aria-level=\"1\"><b>Efeitos<\/b><span style=\"font-weight: 400;\"> : Boost mental, cr\u00e9ativit\u00e9 et \u00e9nergie \u2014 id\u00e9al pour la journ\u00e9e<\/span><span style=\"font-weight: 400;\">\n<p><\/span><\/li>\n<li style=\"font-weight: 400;\" aria-level=\"1\"><b>Frescor<\/b><span style=\"font-weight: 400;\"> : Fleurs collantes, bien s\u00e9ch\u00e9es, mais jamais friables<\/span><span style=\"font-weight: 400;\">\n<p><\/span><\/li>\n<li style=\"font-weight: 400;\" aria-level=\"1\"><b>Production artisanale<\/b><span style=\"font-weight: 400;\"> : Petites r\u00e9coltes souvent plus soign\u00e9es que les productions industrielles<\/span><span style=\"font-weight: 400;\">\n<p><\/span><\/li>\n<\/ul>\n<h3><b>Os 5 melhores locais para comprar Jack Herer online (com pr\u00f3s e contras)<\/b><\/h3>\n<h3><b>1. Weedmaps (redes de dispens\u00e1rios)<\/b><\/h3>\n<p><b>\u2705<\/b><span style=\"font-weight: 400;\"> R\u00e9seau fiable, nombreuses vari\u00e9t\u00e9s locales<\/span><span style=\"font-weight: 400;\"><br \/>\n<\/span> <b>\u274c<\/b><span style=\"font-weight: 400;\"> Livraison non garantie selon la r\u00e9gion<\/span><\/p>\n<h3><b>2. Folhado<\/b><\/h3>\n<p><b>\u2705<\/b><span style=\"font-weight: 400;\"> Fiches d\u00e9taill\u00e9es, avis v\u00e9rifi\u00e9s, produits test\u00e9s en laboratoire<\/span><span style=\"font-weight: 400;\"><br \/>\n<\/span> <b>\u274c<\/b><span style=\"font-weight: 400;\"> Pas de vente directe sur le site<\/span><\/p>\n<h3><b>3.\u00ba BC Bud Supply (Portuguese)<\/b><\/h3>\n<p><b>\u2705<\/b><span style=\"font-weight: 400;\"> Livraison rapide, qualit\u00e9 constante<\/span><span style=\"font-weight: 400;\"><br \/>\n<\/span> <b>\u274c<\/b><span style=\"font-weight: 400;\"> Zone limit\u00e9e au Canada<\/span><\/p>\n<h3><b>4. Onafhankelijke winkels in Etsy-stijl<\/b><\/h3>\n<p><b>\u2705<\/b><span style=\"font-weight: 400;\"> Artisans passionn\u00e9s, options rares<\/span><span style=\"font-weight: 400;\"><br \/>\n<\/span> <b>\u274c<\/b><span style=\"font-weight: 400;\"> Moins de garantie sur les politiques de retour<\/span><\/p>\n<h3><b>5. Locais de produtores certificados (por exemplo, Herer Farms)<\/b><\/h3>\n<p><b>\u2705<\/b><span style=\"font-weight: 400;\"> Fleurs fra\u00eechement r\u00e9colt\u00e9es, tra\u00e7abilit\u00e9 compl\u00e8te<\/span><span style=\"font-weight: 400;\"><br \/>\n<\/span> <b>\u274c<\/b><span style=\"font-weight: 400;\"> Stock limit\u00e9 selon la demande<\/span><\/p>\n<p><span style=\"font-weight: 400;\">\ud83d\udc49 Pour trouver le <\/span><b>meilleur endroit pour acheter Jack Herer en ligne<\/b><span style=\"font-weight: 400;\">, procure fornecedores que ofere\u00e7am transpar\u00eancia de deforma\u00e7\u00e3o, testes laboratoriais e expedi\u00e7\u00e3o segura.<\/span><\/p>\n<h3><b>O que verificar antes de encomendar<\/b><\/h3>\n<ul>\n<li style=\"font-weight: 400;\" aria-level=\"1\"><b>Condi\u00e7\u00f5es de entrega<\/b><span style=\"font-weight: 400;\"> : Assicurati che il prodotto sia ben confezionato, discreto e protetto da temperature estreme<\/span><span style=\"font-weight: 400;\">\n<p><\/span><\/li>\n<li style=\"font-weight: 400;\" aria-level=\"1\"><b>Garantie fra\u00eecheur<\/b><span style=\"font-weight: 400;\"> :Flores rec\u00e9m-colhidas e bem conservadas<\/span><span style=\"font-weight: 400;\">\n<p><\/span><\/li>\n<li style=\"font-weight: 400;\" aria-level=\"1\"><b>Politique de remboursement<\/b><span style=\"font-weight: 400;\"> :Vendedores s\u00e9rios = garantias claras<\/span><span style=\"font-weight: 400;\">\n<p><\/span><\/li>\n<li style=\"font-weight: 400;\" aria-level=\"1\"><b>Transparence sur les ingr\u00e9dients<\/b><span style=\"font-weight: 400;\"> : Informa\u00e7\u00e3o detalhada sobre terpenos, THC\/CBD e m\u00e9todo de cultivo<\/span><span style=\"font-weight: 400;\">\n<p><\/span><\/li>\n<li style=\"font-weight: 400;\" aria-level=\"1\"><b>(4 coment\u00e1rios de clientes)<\/b><span style=\"font-weight: 400;\"> : Leia sempre as avalia\u00e7\u00f5es antes de encomendar<\/span><span style=\"font-weight: 400;\">\n<p><\/span><\/li>\n<\/ul>\n<h3><b>Como armazenar e consumir Jack Herer<\/b><\/h3>\n<ul>\n<li style=\"font-weight: 400;\" aria-level=\"1\"><b>Armazenar<\/b><span style=\"font-weight: 400;\"> : Conservar ao abrigo da luz e da humidade, em recipiente de vidro herm\u00e9tico<\/span><span style=\"font-weight: 400;\">\n<p><\/span><\/li>\n<li style=\"font-weight: 400;\" aria-level=\"1\"><b>Kulutus<\/b><span style=\"font-weight: 400;\"> : Perfetto per la vaporizzazione per assaporare appieno i suoi aromi, o in una canna per un aumento graduale<\/span><span style=\"font-weight: 400;\">\n<p><\/span><\/li>\n<li style=\"font-weight: 400;\" aria-level=\"1\"><b>Moments id\u00e9aux<\/b><span style=\"font-weight: 400;\"> : Ochtend of middag om gefocust en creatief te blijven<\/span><span style=\"font-weight: 400;\">\n<p><\/span><\/li>\n<\/ul>\n<h3><b>Conclusione: assapora il potere del Jack Herer, senza alzarti dal divano<\/b><\/h3>\n<p><span style=\"font-weight: 400;\">Com o aumento das vendas online, <\/span><b>encomendar Jack Herer online<\/b><span style=\"font-weight: 400;\"> tornou-se uma forma simples, r\u00e1pida e segura de aceder a uma variedade ic\u00f3nica. Seja para aumentar a sua produtividade, estimular a sua criatividade ou simplesmente melhorar o seu dia, Jack Herer oferece um boost equilibrado e inspirador, entregue diretamente \u00e0 sua porta.<\/span><\/p>","protected":false},"excerpt":{"rendered":"<p>Acheter Jack Herer en ligne : \u00c9veillez votre esprit avec une l\u00e9gende cannabique Nomm\u00e9e d&rsquo;apr\u00e8s l\u2019activiste embl\u00e9matique du cannabis, Jack Herer est une vari\u00e9t\u00e9 sativa renomm\u00e9e pour son \u00e9nergie c\u00e9r\u00e9brale, sa clart\u00e9 mentale et son ar\u00f4me \u00e9pic\u00e9 unique. Avec la croissance rapide du march\u00e9 num\u00e9rique du cannabis, il est d\u00e9sormais plus facile que jamais d\u2019acheter&#8230;<\/p>","protected":false},"featured_media":371,"comment_status":"open","ping_status":"closed","template":"","meta":{"_kadence_starter_templates_imported_post":false,"_kad_post_transparent":"default","_kad_post_title":"","_kad_post_layout":"default","_kad_post_sidebar_id":"","_kad_post_content_style":"default","_kad_post_vertical_padding":"default","_kad_post_feature":"","_kad_post_feature_position":"","_kad_post_header":false,"_kad_post_footer":false,"_joinchat":[]},"product_brand":[],"product_cat":[17],"product_tag":[],"class_list":{"0":"post-61","1":"product","2":"type-product","3":"status-publish","4":"has-post-thumbnail","6":"product_cat-canabis-en-ligne","8":"first","9":"instock","10":"shipping-taxable","11":"purchasable","12":"product-type-variable","13":"entry","14":"content-bg","15":"loop-entry"},"yoast_head":"<!-- This site is optimized with the Yoast SEO plugin v23.5 - https:\/\/yoast.com\/wordpress\/plugins\/seo\/ -->\n<title>Acheter Jack Herer en ligne - Jack Herer \u00e0 vendre en ligne<\/title>\n<meta name=\"description\" content=\"Chez votre marchand de cannabis, vous pouvez acheter du Jack Herer \u00e0 des prix avantageux. Ici, vous pouvez acheter du Jack Herer en ligne avec une qualit\u00e9 sup\u00e9rieure dans notre magasin maintenant avec un service d&#039;exp\u00e9dition rapide et s\u00e9curis\u00e9. Commandez maintenant !\" \/>\n<meta name=\"robots\" content=\"index, follow, max-snippet:-1, max-image-preview:large, max-video-preview:-1\" \/>\n<link rel=\"canonical\" href=\"https:\/\/herbelegale.com\/pt\/product\/jack-herer\/\" \/>\n<meta property=\"og:locale\" content=\"pt_PT\" \/>\n<meta property=\"og:type\" content=\"article\" \/>\n<meta property=\"og:title\" content=\"Acheter Jack Herer en ligne - Jack Herer \u00e0 vendre en ligne\" \/>\n<meta property=\"og:description\" content=\"Chez votre marchand de cannabis, vous pouvez acheter du Jack Herer \u00e0 des prix avantageux. Ici, vous pouvez acheter du Jack Herer en ligne avec une qualit\u00e9 sup\u00e9rieure dans notre magasin maintenant avec un service d&#039;exp\u00e9dition rapide et s\u00e9curis\u00e9. Commandez maintenant !\" \/>\n<meta property=\"og:url\" content=\"https:\/\/herbelegale.com\/pt\/product\/jack-herer\/\" \/>\n<meta property=\"og:site_name\" content=\"Herbe L\u00e9gale\" \/>\n<meta property=\"article:modified_time\" content=\"2025-06-14T11:21:13+00:00\" \/>\n<meta property=\"og:image\" content=\"https:\/\/herbelegale.com\/wp-content\/uploads\/2023\/09\/Jack-Herer-1.jpg\" \/>\n\t<meta property=\"og:image:width\" content=\"960\" \/>\n\t<meta property=\"og:image:height\" content=\"1280\" \/>\n\t<meta property=\"og:image:type\" content=\"image\/jpeg\" \/>\n<meta name=\"twitter:card\" content=\"summary_large_image\" \/>\n<meta name=\"twitter:label1\" content=\"Tempo estimado de leitura\" \/>\n\t<meta name=\"twitter:data1\" content=\"3 minutes\" \/>\n<script type=\"application\/ld+json\" class=\"yoast-schema-graph\">{\"@context\":\"https:\/\/schema.org\",\"@graph\":[{\"@type\":\"WebPage\",\"@id\":\"https:\/\/herbelegale.com\/product\/jack-herer\/\",\"url\":\"https:\/\/herbelegale.com\/product\/jack-herer\/\",\"name\":\"Acheter Jack Herer en ligne - Jack Herer \u00e0 vendre en ligne\",\"isPartOf\":{\"@id\":\"https:\/\/herbelegale.com\/#website\"},\"primaryImageOfPage\":{\"@id\":\"https:\/\/herbelegale.com\/product\/jack-herer\/#primaryimage\"},\"image\":{\"@id\":\"https:\/\/herbelegale.com\/product\/jack-herer\/#primaryimage\"},\"thumbnailUrl\":\"https:\/\/herbelegale.com\/wp-content\/uploads\/2023\/09\/Jack-Herer-1.jpg\",\"datePublished\":\"2023-09-22T09:01:28+00:00\",\"dateModified\":\"2025-06-14T11:21:13+00:00\",\"description\":\"Chez votre marchand de cannabis, vous pouvez acheter du Jack Herer \u00e0 des prix avantageux. Ici, vous pouvez acheter du Jack Herer en ligne avec une qualit\u00e9 sup\u00e9rieure dans notre magasin maintenant avec un service d'exp\u00e9dition rapide et s\u00e9curis\u00e9. Commandez maintenant !\",\"breadcrumb\":{\"@id\":\"https:\/\/herbelegale.com\/product\/jack-herer\/#breadcrumb\"},\"inLanguage\":\"pt-PT\",\"potentialAction\":[{\"@type\":\"ReadAction\",\"target\":[\"https:\/\/herbelegale.com\/product\/jack-herer\/\"]}]},{\"@type\":\"ImageObject\",\"inLanguage\":\"pt-PT\",\"@id\":\"https:\/\/herbelegale.com\/product\/jack-herer\/#primaryimage\",\"url\":\"https:\/\/herbelegale.com\/wp-content\/uploads\/2023\/09\/Jack-Herer-1.jpg\",\"contentUrl\":\"https:\/\/herbelegale.com\/wp-content\/uploads\/2023\/09\/Jack-Herer-1.jpg\",\"width\":960,\"height\":1280,\"caption\":\"Jack Herer\"},{\"@type\":\"BreadcrumbList\",\"@id\":\"https:\/\/herbelegale.com\/product\/jack-herer\/#breadcrumb\",\"itemListElement\":[{\"@type\":\"ListItem\",\"position\":1,\"name\":\"Home\",\"item\":\"https:\/\/herbelegale.com\/\"},{\"@type\":\"ListItem\",\"position\":2,\"name\":\"Boutique\",\"item\":\"https:\/\/herbelegale.com\/boutique\/\"},{\"@type\":\"ListItem\",\"position\":3,\"name\":\"Jack Herer\"}]},{\"@type\":\"WebSite\",\"@id\":\"https:\/\/herbelegale.com\/#website\",\"url\":\"https:\/\/herbelegale.com\/\",\"name\":\"Herbe L\u00e9gale\",\"description\":\"Acheter de l&#039;herbe en ligne\",\"publisher\":{\"@id\":\"https:\/\/herbelegale.com\/#organization\"},\"potentialAction\":[{\"@type\":\"SearchAction\",\"target\":{\"@type\":\"EntryPoint\",\"urlTemplate\":\"https:\/\/herbelegale.com\/?s={search_term_string}\"},\"query-input\":{\"@type\":\"PropertyValueSpecification\",\"valueRequired\":true,\"valueName\":\"search_term_string\"}}],\"inLanguage\":\"pt-PT\"},{\"@type\":\"Organization\",\"@id\":\"https:\/\/herbelegale.com\/#organization\",\"name\":\"Herbe L\u00e9gale\",\"url\":\"https:\/\/herbelegale.com\/\",\"logo\":{\"@type\":\"ImageObject\",\"inLanguage\":\"pt-PT\",\"@id\":\"https:\/\/herbelegale.com\/#\/schema\/logo\/image\/\",\"url\":\"https:\/\/herbelegale.com\/wp-content\/uploads\/2023\/10\/logo-1.png\",\"contentUrl\":\"https:\/\/herbelegale.com\/wp-content\/uploads\/2023\/10\/logo-1.png\",\"width\":400,\"height\":120,\"caption\":\"Herbe L\u00e9gale\"},\"image\":{\"@id\":\"https:\/\/herbelegale.com\/#\/schema\/logo\/image\/\"}}]}<\/script>\n<!-- \/ Yoast SEO plugin. -->","yoast_head_json":{"title":"Acheter Jack Herer en ligne - Jack Herer \u00e0 vendre en ligne","description":"Chez votre marchand de cannabis, vous pouvez acheter du Jack Herer \u00e0 des prix avantageux. Ici, vous pouvez acheter du Jack Herer en ligne avec une qualit\u00e9 sup\u00e9rieure dans notre magasin maintenant avec un service d'exp\u00e9dition rapide et s\u00e9curis\u00e9. Commandez maintenant !","robots":{"index":"index","follow":"follow","max-snippet":"max-snippet:-1","max-image-preview":"max-image-preview:large","max-video-preview":"max-video-preview:-1"},"canonical":"https:\/\/herbelegale.com\/pt\/product\/jack-herer\/","og_locale":"pt_PT","og_type":"article","og_title":"Acheter Jack Herer en ligne - Jack Herer \u00e0 vendre en ligne","og_description":"Chez votre marchand de cannabis, vous pouvez acheter du Jack Herer \u00e0 des prix avantageux. Ici, vous pouvez acheter du Jack Herer en ligne avec une qualit\u00e9 sup\u00e9rieure dans notre magasin maintenant avec un service d'exp\u00e9dition rapide et s\u00e9curis\u00e9. Commandez maintenant !","og_url":"https:\/\/herbelegale.com\/pt\/product\/jack-herer\/","og_site_name":"Herbe L\u00e9gale","article_modified_time":"2025-06-14T11:21:13+00:00","og_image":[{"width":960,"height":1280,"url":"https:\/\/herbelegale.com\/wp-content\/uploads\/2023\/09\/Jack-Herer-1.jpg","type":"image\/jpeg"}],"twitter_card":"summary_large_image","twitter_misc":{"Tempo estimado de leitura":"3 minutes"},"schema":{"@context":"https:\/\/schema.org","@graph":[{"@type":"WebPage","@id":"https:\/\/herbelegale.com\/product\/jack-herer\/","url":"https:\/\/herbelegale.com\/product\/jack-herer\/","name":"Acheter Jack Herer en ligne - Jack Herer \u00e0 vendre en ligne","isPartOf":{"@id":"https:\/\/herbelegale.com\/#website"},"primaryImageOfPage":{"@id":"https:\/\/herbelegale.com\/product\/jack-herer\/#primaryimage"},"image":{"@id":"https:\/\/herbelegale.com\/product\/jack-herer\/#primaryimage"},"thumbnailUrl":"https:\/\/herbelegale.com\/wp-content\/uploads\/2023\/09\/Jack-Herer-1.jpg","datePublished":"2023-09-22T09:01:28+00:00","dateModified":"2025-06-14T11:21:13+00:00","description":"Chez votre marchand de cannabis, vous pouvez acheter du Jack Herer \u00e0 des prix avantageux. Ici, vous pouvez acheter du Jack Herer en ligne avec une qualit\u00e9 sup\u00e9rieure dans notre magasin maintenant avec un service d'exp\u00e9dition rapide et s\u00e9curis\u00e9. Commandez maintenant !","breadcrumb":{"@id":"https:\/\/herbelegale.com\/product\/jack-herer\/#breadcrumb"},"inLanguage":"pt-PT","potentialAction":[{"@type":"ReadAction","target":["https:\/\/herbelegale.com\/product\/jack-herer\/"]}]},{"@type":"ImageObject","inLanguage":"pt-PT","@id":"https:\/\/herbelegale.com\/product\/jack-herer\/#primaryimage","url":"https:\/\/herbelegale.com\/wp-content\/uploads\/2023\/09\/Jack-Herer-1.jpg","contentUrl":"https:\/\/herbelegale.com\/wp-content\/uploads\/2023\/09\/Jack-Herer-1.jpg","width":960,"height":1280,"caption":"Jack Herer"},{"@type":"BreadcrumbList","@id":"https:\/\/herbelegale.com\/product\/jack-herer\/#breadcrumb","itemListElement":[{"@type":"ListItem","position":1,"name":"Home","item":"https:\/\/herbelegale.com\/"},{"@type":"ListItem","position":2,"name":"Boutique","item":"https:\/\/herbelegale.com\/boutique\/"},{"@type":"ListItem","position":3,"name":"Jack Herer"}]},{"@type":"WebSite","@id":"https:\/\/herbelegale.com\/#website","url":"https:\/\/herbelegale.com\/","name":"Herbe L\u00e9gale","description":"Acheter de l&#039;herbe en ligne","publisher":{"@id":"https:\/\/herbelegale.com\/#organization"},"potentialAction":[{"@type":"SearchAction","target":{"@type":"EntryPoint","urlTemplate":"https:\/\/herbelegale.com\/?s={search_term_string}"},"query-input":{"@type":"PropertyValueSpecification","valueRequired":true,"valueName":"search_term_string"}}],"inLanguage":"pt-PT"},{"@type":"Organization","@id":"https:\/\/herbelegale.com\/#organization","name":"Herbe L\u00e9gale","url":"https:\/\/herbelegale.com\/","logo":{"@type":"ImageObject","inLanguage":"pt-PT","@id":"https:\/\/herbelegale.com\/#\/schema\/logo\/image\/","url":"https:\/\/herbelegale.com\/wp-content\/uploads\/2023\/10\/logo-1.png","contentUrl":"https:\/\/herbelegale.com\/wp-content\/uploads\/2023\/10\/logo-1.png","width":400,"height":120,"caption":"Herbe L\u00e9gale"},"image":{"@id":"https:\/\/herbelegale.com\/#\/schema\/logo\/image\/"}}]}},"_links":{"self":[{"href":"https:\/\/herbelegale.com\/pt\/wp-json\/wp\/v2\/product\/61","targetHints":{"allow":["GET"]}}],"collection":[{"href":"https:\/\/herbelegale.com\/pt\/wp-json\/wp\/v2\/product"}],"about":[{"href":"https:\/\/herbelegale.com\/pt\/wp-json\/wp\/v2\/types\/product"}],"replies":[{"embeddable":true,"href":"https:\/\/herbelegale.com\/pt\/wp-json\/wp\/v2\/comments?post=61"}],"wp:featuredmedia":[{"embeddable":true,"href":"https:\/\/herbelegale.com\/pt\/wp-json\/wp\/v2\/media\/371"}],"wp:attachment":[{"href":"https:\/\/herbelegale.com\/pt\/wp-json\/wp\/v2\/media?parent=61"}],"wp:term":[{"taxonomy":"product_brand","embeddable":true,"href":"https:\/\/herbelegale.com\/pt\/wp-json\/wp\/v2\/product_brand?post=61"},{"taxonomy":"product_cat","embeddable":true,"href":"https:\/\/herbelegale.com\/pt\/wp-json\/wp\/v2\/product_cat?post=61"},{"taxonomy":"product_tag","embeddable":true,"href":"https:\/\/herbelegale.com\/pt\/wp-json\/wp\/v2\/product_tag?post=61"}],"curies":[{"name":"wp","href":"https:\/\/api.w.org\/{rel}","templated":true}]}}