{"id":58,"date":"2023-09-22T08:57:00","date_gmt":"2023-09-22T08:57:00","guid":{"rendered":"https:\/\/nembutalhouse.com\/weed\/?post_type=product&#038;p=58"},"modified":"2025-06-14T11:08:27","modified_gmt":"2025-06-14T11:08:27","slug":"cherry-pie","status":"publish","type":"product","link":"https:\/\/herbelegale.com\/pt\/product\/cherry-pie\/","title":{"rendered":"Tarte de cereja"},"content":{"rendered":"<h2><b>Compre uma tarte <\/b><span style=\"font-weight: 400;\">Tarte de cereja<\/span><b> Online: Porque \u00e9 que este cl\u00e1ssico \u00e9 t\u00e3o popular<\/b><\/h2>\n<p><a href=\"https:\/\/herbelegale.com\/pt\/product\/cherry-pie\/\"><span style=\"font-weight: 400;\">La <\/span><b>torta de cereja<\/b><\/a><span style=\"font-weight: 400;\"> \u00e9 um doce tradicional apreciado pela sua crosta crocante e delicioso centro frutado, generosamente recheado com cerejas frescas ou em geleia. Esta sobremesa cl\u00e1ssica agrada aos amantes de doces gra\u00e7as ao seu equil\u00edbrio perfeito entre acidez natural e do\u00e7ura. Hoje, a tarte de cereja est\u00e1 a ressurgir online, onde se tornou um produto da moda para encomendar.<\/span><\/p>\n<p><span style=\"font-weight: 400;\">Este sucesso online explica-se pela crescente procura por produtos artesanais de f\u00e1cil acesso, bem como pelo aumento das compras gourmet atrav\u00e9s das plataformas digitais, oferecendo assim uma experi\u00eancia saborosa sem sair de casa.<\/span><\/p>\n<h3><b>Porqu\u00ea comprar uma tarte de cereja online?<\/b><\/h3>\n<p><span style=\"font-weight: 400;\">Koop een <\/span><a href=\"https:\/\/en.wikipedia.org\/wiki\/Cherry_pie\"><b>tarte aux cerises en ligne<\/b><\/a><span style=\"font-weight: 400;\"> tem muitas vantagens:<\/span><\/p>\n<ul>\n<li style=\"font-weight: 400;\" aria-level=\"1\"><b>Entrega discreta e segura<\/b><span style=\"font-weight: 400;\"> : O seu pedido chega diretamente at\u00e9 si numa embalagem cuidada, garantindo frescura e confidencialidade.<\/span>&nbsp;<\/li>\n<li style=\"font-weight: 400;\" aria-level=\"1\"><b>Facilit\u00e9 et confort<\/b><span style=\"font-weight: 400;\"> : N\u00e3o precisa de se deslocar nem esperar, a tarte chega-lhe diretamente \u00e0 porta.<\/span>&nbsp;<\/li>\n<li style=\"font-weight: 400;\" aria-level=\"1\"><b>Acc\u00e8s \u00e0 des produits rares ou artisanaux<\/b><span style=\"font-weight: 400;\"> :Pode escolher entre doces artesanais que muitas vezes n\u00e3o est\u00e3o dispon\u00edveis nas lojas perto de si.<\/span>&nbsp;<\/li>\n<\/ul>\n<h3><b>O que torna uma tarte de cereja \u00f3tima?<\/b><\/h3>\n<p><span style=\"font-weight: 400;\">Para saborear uma tarte de cereja de qualidade, eis os crit\u00e9rios essenciais:<\/span><\/p>\n<ul>\n<li style=\"font-weight: 400;\" aria-level=\"1\"><b>Frescor<\/b><span style=\"font-weight: 400;\"> : Massa fresca, recheio generoso preparado com cerejas da \u00e9poca.<\/span>&nbsp;<\/li>\n<li style=\"font-weight: 400;\" aria-level=\"1\"><b>Texture<\/b><span style=\"font-weight: 400;\"> : Massa crocante e macia ao mesmo tempo, com um recheio suculento e ligeiramente picante.<\/span>&nbsp;<\/li>\n<li style=\"font-weight: 400;\" aria-level=\"1\"><b>Go\u00fbt naturel<\/b><span style=\"font-weight: 400;\"> : Utilizando cerejas verdadeiras, sem sabores artificiais.<\/span>&nbsp;<\/li>\n<li style=\"font-weight: 400;\" aria-level=\"1\"><b>Aspecto visual<\/b><span style=\"font-weight: 400;\"> :Uma tarte dourada, apetitosa e elegante.<\/span>&nbsp;<\/li>\n<\/ul>\n<h3><b>As melhores plataformas para encomendar tarte de cereja online<\/b><\/h3>\n<p><span style=\"font-weight: 400;\">Aqui est\u00e3o algumas plataformas reconhecidas onde pode <\/span><b>acheter une tarte aux cerises en ligne<\/b><span style=\"font-weight: 400;\"> :<\/span><\/p>\n<ul>\n<li style=\"font-weight: 400;\" aria-level=\"1\"><b>P\u00e2tisserie Fine<\/b><span style=\"font-weight: 400;\"> : Especializados em tortas artesanais, entrega r\u00e1pida e cuidada.<\/span>&nbsp;<\/li>\n<li style=\"font-weight: 400;\" aria-level=\"1\"><b>Gourmet Market<\/b><span style=\"font-weight: 400;\"> : Vasta sele\u00e7\u00e3o de sobremesas tradicionais e modernas.<\/span>&nbsp;<\/li>\n<li style=\"font-weight: 400;\" aria-level=\"1\"><b>Etsy (Artisanat P\u00e2tissier)<\/b><span style=\"font-weight: 400;\"> : Pequenas s\u00e9ries artesanais e personaliz\u00e1veis.<\/span>&nbsp;<\/li>\n<li style=\"font-weight: 400;\" aria-level=\"1\"><b>Box P\u00e2tisserie<\/b><span style=\"font-weight: 400;\"> : Subscri\u00e7\u00e3o mensal com sele\u00e7\u00f5es sazonais.<\/span>&nbsp;<\/li>\n<li style=\"font-weight: 400;\" aria-level=\"1\"><b>Boulangeries Locales avec livraison<\/b><span style=\"font-weight: 400;\"> : Pre\u00e7os acess\u00edveis e proximidade garantida.<\/span>&nbsp;<\/li>\n<\/ul>\n<h3><b>Como escolher o produto ou vendedor certo?<\/b><\/h3>\n<p><span style=\"font-weight: 400;\">Antes de encomendar a sua tarte de cereja, lembre-se de:<\/span><\/p>\n<ul>\n<li style=\"font-weight: 400;\" aria-level=\"1\"><b>V\u00e9rifier les conditions de livraison<\/b><span style=\"font-weight: 400;\"> :Embalagem isolada ou fria para garantir frescura.<\/span>&nbsp;<\/li>\n<li style=\"font-weight: 400;\" aria-level=\"1\"><b>Consulter les avis clients<\/b><span style=\"font-weight: 400;\"> : Feedback aut\u00eantico sobre o sabor, textura e velocidade de entrega.<\/span>&nbsp;<\/li>\n<li style=\"font-weight: 400;\" aria-level=\"1\"><b>Rechercher la transparence<\/b><span style=\"font-weight: 400;\"> : Ingredientes naturais e sem conservantes qu\u00edmicos.<\/span>&nbsp;<\/li>\n<li style=\"font-weight: 400;\" aria-level=\"1\"><b>S\u2019assurer d\u2019une politique de satisfaction<\/b><span style=\"font-weight: 400;\"> :Garantia de devolu\u00e7\u00e3o de dinheiro ou troca caso o produto n\u00e3o seja adequado para si.<\/span>&nbsp;<\/li>\n<\/ul>\n<h3><b>Conclus\u00e3o: Porque vale a pena experimentar a tarte de cereja e onde compr\u00e1-la<\/b><\/h3>\n<p><span style=\"font-weight: 400;\">La <\/span><b>torta de cereja<\/b><span style=\"font-weight: 400;\"> \u00e9 uma sobremesa que agrada a todas as gera\u00e7\u00f5es, perfeita para um momento de aut\u00eantica do\u00e7ura. Gra\u00e7as \u00e0 possibilidade de<\/span><b>acheter des tartes aux cerises en ligne<\/b><span style=\"font-weight: 400;\">, pode saborear esta iguaria onde quer que esteja, com a garantia de um produto de qualidade, fresco e entregue em sua casa.<\/span><\/p>\n<p><span style=\"font-weight: 400;\">Para um <\/span><b>prix abordable<\/b><span style=\"font-weight: 400;\">, sem abdicar do sabor, existe agora o <\/span><b>melhor lugar para comprar tarte de cereja online<\/b><span style=\"font-weight: 400;\"> que ir\u00e1 satisfazer a sua vontade de comer doces.<\/span><\/p>\n<h3><b>Dicas finais para uma compra online bem-sucedida e segura:<\/b><\/h3>\n<ul>\n<li style=\"font-weight: 400;\" aria-level=\"1\"><span style=\"font-weight: 400;\">Prefira sites fidedignos e de boa reputa\u00e7\u00e3o.<\/span>&nbsp;<\/li>\n<li style=\"font-weight: 400;\" aria-level=\"1\"><span style=\"font-weight: 400;\">Verifique a conformidade legal dos produtos.<\/span>&nbsp;<\/li>\n<li style=\"font-weight: 400;\" aria-level=\"1\"><span style=\"font-weight: 400;\">Garanta uma entrega r\u00e1pida e discreta.<\/span>&nbsp;<\/li>\n<\/ul>","protected":false},"excerpt":{"rendered":"<p>Acheter une Tarte aux Cherry Pie en Ligne : Pourquoi ce Classique est si Pris\u00e9 La tarte aux cerises est une p\u00e2tisserie traditionnelle appr\u00e9ci\u00e9e pour sa p\u00e2te croustillante et son d\u00e9licieux c\u0153ur fruit\u00e9, g\u00e9n\u00e9reusement garni de cerises fra\u00eeches ou g\u00e9lifi\u00e9es. Ce dessert classique s\u00e9duit les amateurs de douceurs gr\u00e2ce \u00e0 son \u00e9quilibre parfait entre acidit\u00e9&#8230;<\/p>","protected":false},"featured_media":366,"comment_status":"open","ping_status":"closed","template":"","meta":{"_kadence_starter_templates_imported_post":false,"_kad_post_transparent":"default","_kad_post_title":"","_kad_post_layout":"default","_kad_post_sidebar_id":"","_kad_post_content_style":"default","_kad_post_vertical_padding":"default","_kad_post_feature":"","_kad_post_feature_position":"","_kad_post_header":false,"_kad_post_footer":false,"_joinchat":[]},"product_brand":[],"product_cat":[17],"product_tag":[],"class_list":{"0":"post-58","1":"product","2":"type-product","3":"status-publish","4":"has-post-thumbnail","6":"product_cat-canabis-en-ligne","8":"first","9":"instock","10":"shipping-taxable","11":"purchasable","12":"product-type-variable","13":"entry","14":"content-bg","15":"loop-entry"},"yoast_head":"<!-- This site is optimized with the Yoast SEO plugin v23.5 - https:\/\/yoast.com\/wordpress\/plugins\/seo\/ -->\n<title>Tarte aux cerises \u00e0 vendre - Achetez une tarte aux cerises en ligne - Commandez une tarte aux cerises<\/title>\n<meta name=\"description\" content=\"Vous pouvez d\u00e9sormais vous procurer Cherry Pie en vente dans notre meilleur magasin herbelegale. Notre personnel vous aidera \u00e0 acheter Cherry Pie en ligne aux meilleurs prix.\" \/>\n<meta name=\"robots\" content=\"index, follow, max-snippet:-1, max-image-preview:large, max-video-preview:-1\" \/>\n<link rel=\"canonical\" href=\"https:\/\/herbelegale.com\/pt\/product\/cherry-pie\/\" \/>\n<meta property=\"og:locale\" content=\"pt_PT\" \/>\n<meta property=\"og:type\" content=\"article\" \/>\n<meta property=\"og:title\" content=\"Tarte aux cerises \u00e0 vendre - Achetez une tarte aux cerises en ligne - Commandez une tarte aux cerises\" \/>\n<meta property=\"og:description\" content=\"Vous pouvez d\u00e9sormais vous procurer Cherry Pie en vente dans notre meilleur magasin herbelegale. Notre personnel vous aidera \u00e0 acheter Cherry Pie en ligne aux meilleurs prix.\" \/>\n<meta property=\"og:url\" content=\"https:\/\/herbelegale.com\/pt\/product\/cherry-pie\/\" \/>\n<meta property=\"og:site_name\" content=\"Herbe L\u00e9gale\" \/>\n<meta property=\"article:modified_time\" content=\"2025-06-14T11:08:27+00:00\" \/>\n<meta property=\"og:image\" content=\"https:\/\/herbelegale.com\/wp-content\/uploads\/2023\/09\/Cherry-Pie.jpg\" \/>\n\t<meta property=\"og:image:width\" content=\"960\" \/>\n\t<meta property=\"og:image:height\" content=\"1280\" \/>\n\t<meta property=\"og:image:type\" content=\"image\/jpeg\" \/>\n<meta name=\"twitter:card\" content=\"summary_large_image\" \/>\n<meta name=\"twitter:label1\" content=\"Tempo estimado de leitura\" \/>\n\t<meta name=\"twitter:data1\" content=\"3 minutes\" \/>\n<script type=\"application\/ld+json\" class=\"yoast-schema-graph\">{\"@context\":\"https:\/\/schema.org\",\"@graph\":[{\"@type\":\"WebPage\",\"@id\":\"https:\/\/herbelegale.com\/product\/cherry-pie\/\",\"url\":\"https:\/\/herbelegale.com\/product\/cherry-pie\/\",\"name\":\"Tarte aux cerises \u00e0 vendre - Achetez une tarte aux cerises en ligne - Commandez une tarte aux cerises\",\"isPartOf\":{\"@id\":\"https:\/\/herbelegale.com\/#website\"},\"primaryImageOfPage\":{\"@id\":\"https:\/\/herbelegale.com\/product\/cherry-pie\/#primaryimage\"},\"image\":{\"@id\":\"https:\/\/herbelegale.com\/product\/cherry-pie\/#primaryimage\"},\"thumbnailUrl\":\"https:\/\/herbelegale.com\/wp-content\/uploads\/2023\/09\/Cherry-Pie.jpg\",\"datePublished\":\"2023-09-22T08:57:00+00:00\",\"dateModified\":\"2025-06-14T11:08:27+00:00\",\"description\":\"Vous pouvez d\u00e9sormais vous procurer Cherry Pie en vente dans notre meilleur magasin herbelegale. Notre personnel vous aidera \u00e0 acheter Cherry Pie en ligne aux meilleurs prix.\",\"breadcrumb\":{\"@id\":\"https:\/\/herbelegale.com\/product\/cherry-pie\/#breadcrumb\"},\"inLanguage\":\"pt-PT\",\"potentialAction\":[{\"@type\":\"ReadAction\",\"target\":[\"https:\/\/herbelegale.com\/product\/cherry-pie\/\"]}]},{\"@type\":\"ImageObject\",\"inLanguage\":\"pt-PT\",\"@id\":\"https:\/\/herbelegale.com\/product\/cherry-pie\/#primaryimage\",\"url\":\"https:\/\/herbelegale.com\/wp-content\/uploads\/2023\/09\/Cherry-Pie.jpg\",\"contentUrl\":\"https:\/\/herbelegale.com\/wp-content\/uploads\/2023\/09\/Cherry-Pie.jpg\",\"width\":960,\"height\":1280,\"caption\":\"Cherry Pie\"},{\"@type\":\"BreadcrumbList\",\"@id\":\"https:\/\/herbelegale.com\/product\/cherry-pie\/#breadcrumb\",\"itemListElement\":[{\"@type\":\"ListItem\",\"position\":1,\"name\":\"Home\",\"item\":\"https:\/\/herbelegale.com\/\"},{\"@type\":\"ListItem\",\"position\":2,\"name\":\"Boutique\",\"item\":\"https:\/\/herbelegale.com\/boutique\/\"},{\"@type\":\"ListItem\",\"position\":3,\"name\":\"Cherry Pie\"}]},{\"@type\":\"WebSite\",\"@id\":\"https:\/\/herbelegale.com\/#website\",\"url\":\"https:\/\/herbelegale.com\/\",\"name\":\"Herbe L\u00e9gale\",\"description\":\"Acheter de l&#039;herbe en ligne\",\"publisher\":{\"@id\":\"https:\/\/herbelegale.com\/#organization\"},\"potentialAction\":[{\"@type\":\"SearchAction\",\"target\":{\"@type\":\"EntryPoint\",\"urlTemplate\":\"https:\/\/herbelegale.com\/?s={search_term_string}\"},\"query-input\":{\"@type\":\"PropertyValueSpecification\",\"valueRequired\":true,\"valueName\":\"search_term_string\"}}],\"inLanguage\":\"pt-PT\"},{\"@type\":\"Organization\",\"@id\":\"https:\/\/herbelegale.com\/#organization\",\"name\":\"Herbe L\u00e9gale\",\"url\":\"https:\/\/herbelegale.com\/\",\"logo\":{\"@type\":\"ImageObject\",\"inLanguage\":\"pt-PT\",\"@id\":\"https:\/\/herbelegale.com\/#\/schema\/logo\/image\/\",\"url\":\"https:\/\/herbelegale.com\/wp-content\/uploads\/2023\/10\/logo-1.png\",\"contentUrl\":\"https:\/\/herbelegale.com\/wp-content\/uploads\/2023\/10\/logo-1.png\",\"width\":400,\"height\":120,\"caption\":\"Herbe L\u00e9gale\"},\"image\":{\"@id\":\"https:\/\/herbelegale.com\/#\/schema\/logo\/image\/\"}}]}<\/script>\n<!-- \/ Yoast SEO plugin. -->","yoast_head_json":{"title":"Tarte aux cerises \u00e0 vendre - Achetez une tarte aux cerises en ligne - Commandez une tarte aux cerises","description":"Vous pouvez d\u00e9sormais vous procurer Cherry Pie en vente dans notre meilleur magasin herbelegale. Notre personnel vous aidera \u00e0 acheter Cherry Pie en ligne aux meilleurs prix.","robots":{"index":"index","follow":"follow","max-snippet":"max-snippet:-1","max-image-preview":"max-image-preview:large","max-video-preview":"max-video-preview:-1"},"canonical":"https:\/\/herbelegale.com\/pt\/product\/cherry-pie\/","og_locale":"pt_PT","og_type":"article","og_title":"Tarte aux cerises \u00e0 vendre - Achetez une tarte aux cerises en ligne - Commandez une tarte aux cerises","og_description":"Vous pouvez d\u00e9sormais vous procurer Cherry Pie en vente dans notre meilleur magasin herbelegale. Notre personnel vous aidera \u00e0 acheter Cherry Pie en ligne aux meilleurs prix.","og_url":"https:\/\/herbelegale.com\/pt\/product\/cherry-pie\/","og_site_name":"Herbe L\u00e9gale","article_modified_time":"2025-06-14T11:08:27+00:00","og_image":[{"width":960,"height":1280,"url":"https:\/\/herbelegale.com\/wp-content\/uploads\/2023\/09\/Cherry-Pie.jpg","type":"image\/jpeg"}],"twitter_card":"summary_large_image","twitter_misc":{"Tempo estimado de leitura":"3 minutes"},"schema":{"@context":"https:\/\/schema.org","@graph":[{"@type":"WebPage","@id":"https:\/\/herbelegale.com\/product\/cherry-pie\/","url":"https:\/\/herbelegale.com\/product\/cherry-pie\/","name":"Tarte aux cerises \u00e0 vendre - Achetez une tarte aux cerises en ligne - Commandez une tarte aux cerises","isPartOf":{"@id":"https:\/\/herbelegale.com\/#website"},"primaryImageOfPage":{"@id":"https:\/\/herbelegale.com\/product\/cherry-pie\/#primaryimage"},"image":{"@id":"https:\/\/herbelegale.com\/product\/cherry-pie\/#primaryimage"},"thumbnailUrl":"https:\/\/herbelegale.com\/wp-content\/uploads\/2023\/09\/Cherry-Pie.jpg","datePublished":"2023-09-22T08:57:00+00:00","dateModified":"2025-06-14T11:08:27+00:00","description":"Vous pouvez d\u00e9sormais vous procurer Cherry Pie en vente dans notre meilleur magasin herbelegale. Notre personnel vous aidera \u00e0 acheter Cherry Pie en ligne aux meilleurs prix.","breadcrumb":{"@id":"https:\/\/herbelegale.com\/product\/cherry-pie\/#breadcrumb"},"inLanguage":"pt-PT","potentialAction":[{"@type":"ReadAction","target":["https:\/\/herbelegale.com\/product\/cherry-pie\/"]}]},{"@type":"ImageObject","inLanguage":"pt-PT","@id":"https:\/\/herbelegale.com\/product\/cherry-pie\/#primaryimage","url":"https:\/\/herbelegale.com\/wp-content\/uploads\/2023\/09\/Cherry-Pie.jpg","contentUrl":"https:\/\/herbelegale.com\/wp-content\/uploads\/2023\/09\/Cherry-Pie.jpg","width":960,"height":1280,"caption":"Cherry Pie"},{"@type":"BreadcrumbList","@id":"https:\/\/herbelegale.com\/product\/cherry-pie\/#breadcrumb","itemListElement":[{"@type":"ListItem","position":1,"name":"Home","item":"https:\/\/herbelegale.com\/"},{"@type":"ListItem","position":2,"name":"Boutique","item":"https:\/\/herbelegale.com\/boutique\/"},{"@type":"ListItem","position":3,"name":"Cherry Pie"}]},{"@type":"WebSite","@id":"https:\/\/herbelegale.com\/#website","url":"https:\/\/herbelegale.com\/","name":"Herbe L\u00e9gale","description":"Acheter de l&#039;herbe en ligne","publisher":{"@id":"https:\/\/herbelegale.com\/#organization"},"potentialAction":[{"@type":"SearchAction","target":{"@type":"EntryPoint","urlTemplate":"https:\/\/herbelegale.com\/?s={search_term_string}"},"query-input":{"@type":"PropertyValueSpecification","valueRequired":true,"valueName":"search_term_string"}}],"inLanguage":"pt-PT"},{"@type":"Organization","@id":"https:\/\/herbelegale.com\/#organization","name":"Herbe L\u00e9gale","url":"https:\/\/herbelegale.com\/","logo":{"@type":"ImageObject","inLanguage":"pt-PT","@id":"https:\/\/herbelegale.com\/#\/schema\/logo\/image\/","url":"https:\/\/herbelegale.com\/wp-content\/uploads\/2023\/10\/logo-1.png","contentUrl":"https:\/\/herbelegale.com\/wp-content\/uploads\/2023\/10\/logo-1.png","width":400,"height":120,"caption":"Herbe L\u00e9gale"},"image":{"@id":"https:\/\/herbelegale.com\/#\/schema\/logo\/image\/"}}]}},"_links":{"self":[{"href":"https:\/\/herbelegale.com\/pt\/wp-json\/wp\/v2\/product\/58","targetHints":{"allow":["GET"]}}],"collection":[{"href":"https:\/\/herbelegale.com\/pt\/wp-json\/wp\/v2\/product"}],"about":[{"href":"https:\/\/herbelegale.com\/pt\/wp-json\/wp\/v2\/types\/product"}],"replies":[{"embeddable":true,"href":"https:\/\/herbelegale.com\/pt\/wp-json\/wp\/v2\/comments?post=58"}],"wp:featuredmedia":[{"embeddable":true,"href":"https:\/\/herbelegale.com\/pt\/wp-json\/wp\/v2\/media\/366"}],"wp:attachment":[{"href":"https:\/\/herbelegale.com\/pt\/wp-json\/wp\/v2\/media?parent=58"}],"wp:term":[{"taxonomy":"product_brand","embeddable":true,"href":"https:\/\/herbelegale.com\/pt\/wp-json\/wp\/v2\/product_brand?post=58"},{"taxonomy":"product_cat","embeddable":true,"href":"https:\/\/herbelegale.com\/pt\/wp-json\/wp\/v2\/product_cat?post=58"},{"taxonomy":"product_tag","embeddable":true,"href":"https:\/\/herbelegale.com\/pt\/wp-json\/wp\/v2\/product_tag?post=58"}],"curies":[{"name":"wp","href":"https:\/\/api.w.org\/{rel}","templated":true}]}}