{"id":54,"date":"2023-09-22T08:56:41","date_gmt":"2023-09-22T08:56:41","guid":{"rendered":"https:\/\/nembutalhouse.com\/weed\/?post_type=product&#038;p=54"},"modified":"2025-07-21T11:18:25","modified_gmt":"2025-07-21T11:18:25","slug":"london-pound-cake","status":"publish","type":"product","link":"https:\/\/herbelegale.com\/pt\/product\/london-pound-cake\/","title":{"rendered":"Bolo de libra de Londres"},"content":{"rendered":"<h2><b>Comprar bolo ingl\u00eas online: qualidade premium e entrega conveniente<\/b><\/h2>\n<p><a href=\"https:\/\/herbelegale.com\/pt\/product\/london-pound-cake\/\">O bolo de libra de Londres \u00e9 um produto \u00fanico<\/a>, conhecido pelo seu sabor rico e qualidade excepcional. Seja para um bolo delicioso ou para um produto especial inspirado no famoso bolo ingl\u00eas, este produto \u00e9 um grande sucesso online. O seu sabor diferenciado, o seu artesanato e a sua crescente popularidade fazem dele um favorito tanto entre os apreciadores como entre os novos entusiastas.<\/p>\n<p>Com a facilidade das compras online, cada vez mais pessoas preferem <a href=\"https:\/\/en.wikipedia.org\/wiki\/Pound_cake\">comprar bolo de libra de Londres online<\/a> desfrutar de produtos frescos e aut\u00eanticos entregues diretamente em sua casa. A procura est\u00e1 a crescer gra\u00e7as ao f\u00e1cil acesso, \u00e0 entrega discreta e a uma sele\u00e7\u00e3o mais ampla do que a maioria das lojas locais.<\/p>\n<h3><b>Porqu\u00ea comprar bolo ingl\u00eas online?<\/b><\/h3>\n<p><span style=\"font-weight: 400;\">Comprar bolo ingl\u00eas online tem v\u00e1rias vantagens:<\/span><\/p>\n<ul>\n<li style=\"font-weight: 400;\" aria-level=\"1\">Entrega discreta e especializada<span style=\"font-weight: 400;\"> Olipa kyseess\u00e4 sitten lahja tai itsellesi, verkkokaupat takaavat turvallisen ja huomaamattoman pakkauksen.<\/span>&nbsp;<\/li>\n<li style=\"font-weight: 400;\" aria-level=\"1\">Acc\u00e8s \u00e0 des produits authentiques :<span style=\"font-weight: 400;\"> Verkkokauppiaat tarjoavat usein k\u00e4sintehtyj\u00e4 tai erikoisia Lontoon puntakakkuja, joita ei ole saatavilla paikallisesti.<\/span>&nbsp;<\/li>\n<li style=\"font-weight: 400;\" aria-level=\"1\">Commodit\u00e9 :<span style=\"font-weight: 400;\"> Tilaa milloin vain ja saat sen toimitettuna suoraan kotiisi.<\/span>&nbsp;<\/li>\n<li style=\"font-weight: 400;\" aria-level=\"1\">Pre\u00e7os competitivos: as lojas online oferecem frequentemente promo\u00e7\u00f5es e pre\u00e7os atrativos, facilitando a compra de bolo ingl\u00eas barato sem comprometer a qualidade.&nbsp;<\/li>\n<\/ul>\n<h3><b>Qu\u2019est-ce qui fait un excellent London Pound Cake ?<\/b><\/h3>\n<p><span style=\"font-weight: 400;\">Os melhores bolos de libra de Londres distinguem-se por:<\/span><\/p>\n<ul>\n<li style=\"font-weight: 400;\" aria-level=\"1\">Des ingr\u00e9dients de haute qualit\u00e9 :<span style=\"font-weight: 400;\"> Tuoreita ja luonnollisia ainesosia pehme\u00e4\u00e4n ja maukkaaseen kakkuun.<\/span>&nbsp;<\/li>\n<li style=\"font-weight: 400;\" aria-level=\"1\">Une texture parfaite :<span style=\"font-weight: 400;\"> Tasapaino pehme\u00e4n ja rapean v\u00e4lill\u00e4, t\u00e4ytel\u00e4isill\u00e4 voisilla vivahteilla.<\/span>&nbsp;<\/li>\n<li style=\"font-weight: 400;\" aria-level=\"1\">Une touche artisanale :<span style=\"font-weight: 400;\"> K\u00e4sintehdyt tai piensarjatuotteet takaavat erityisen huolenpidon.<\/span>&nbsp;<\/li>\n<li style=\"font-weight: 400;\" aria-level=\"1\">Un emballage attractif :<span style=\"font-weight: 400;\"> Garantit la fra\u00eecheur et pr\u00eate \u00e0 offrir ou d\u00e9guster.<\/span>&nbsp;<\/li>\n<\/ul>\n<h3><b>As melhores plataformas para comprar London Pound Cake online<\/b><\/h3>\n<ul>\n<li style=\"font-weight: 400;\" aria-level=\"1\">Paikallisia leivonnaisia ja toimitus koko maahan<span style=\"font-weight: 400;\"> Taattu tuoreus ja tuki paikallisille k\u00e4sity\u00f6l\u00e4isille.<\/span>&nbsp;<\/li>\n<li style=\"font-weight: 400;\" aria-level=\"1\">Kansalliset j\u00e4lkiruokatoimitussivustot<span style=\"font-weight: 400;\"> : Large choix et fiabilit\u00e9 des exp\u00e9ditions.<\/span>&nbsp;<\/li>\n<li style=\"font-weight: 400;\" aria-level=\"1\">Etsyn k\u00e4sity\u00f6kaupat tai erikoistuneet markkinapaikat<span style=\"font-weight: 400;\"> Ainutlaatuisia ja personoituja tuotteita.<\/span>&nbsp;<\/li>\n<\/ul>\n<h3><b>Como escolher o produto ou vendedor certo?<\/b><\/h3>\n<ul>\n<li style=\"font-weight: 400;\" aria-level=\"1\"><span style=\"font-weight: 400;\">Verifique as condi\u00e7\u00f5es de entrega e as garantias de frescura.<\/span>&nbsp;<\/li>\n<li style=\"font-weight: 400;\" aria-level=\"1\"><span style=\"font-weight: 400;\">Verifique as avalia\u00e7\u00f5es dos clientes para avaliar a qualidade real.<\/span>&nbsp;<\/li>\n<li style=\"font-weight: 400;\" aria-level=\"1\"><span style=\"font-weight: 400;\">Certifique-se de que o vendedor mostra claramente a composi\u00e7\u00e3o do produto.<\/span>&nbsp;<\/li>\n<li style=\"font-weight: 400;\" aria-level=\"1\"><span style=\"font-weight: 400;\">Verifique as pol\u00edticas de devolu\u00e7\u00e3o e reembolso.<\/span>&nbsp;<\/li>\n<\/ul>\n<h3><b>Conclus\u00e3o: Porque vale a pena experimentar o bolo de libra de Londres<\/b><\/h3>\n<p>F\u00e1cil de encomendar e entregue em seguran\u00e7a \u00e0 sua porta, o Bolo de Libra de Londres \u00e9 um item essencial para quem gosta de doces. Seja para uma ocasi\u00e3o especial ou para um deleite do dia a dia, este \u00e9 o melhor lugar para comprar Bolo de Libra de Londres online com uma excelente rela\u00e7\u00e3o qualidade\/pre\u00e7o.<\/p>","protected":false},"excerpt":{"rendered":"<p>Acheter London Pound Cake en ligne : Qualit\u00e9 Premium et Livraison Pratique Le London Pound Cake est un produit unique, reconnu pour sa saveur riche et sa qualit\u00e9 exceptionnelle. Que vous recherchiez un d\u00e9licieux g\u00e2teau ou un produit sp\u00e9cial inspir\u00e9 du c\u00e9l\u00e8bre \u00ab London Pound Cake \u00bb, ce produit conna\u00eet un grand succ\u00e8s en ligne&#8230;.<\/p>","protected":false},"featured_media":362,"comment_status":"open","ping_status":"closed","template":"","meta":{"_kadence_starter_templates_imported_post":false,"_kad_post_transparent":"default","_kad_post_title":"","_kad_post_layout":"default","_kad_post_sidebar_id":"","_kad_post_content_style":"default","_kad_post_vertical_padding":"default","_kad_post_feature":"","_kad_post_feature_position":"","_kad_post_header":false,"_kad_post_footer":false,"_joinchat":[]},"product_brand":[],"product_cat":[17],"product_tag":[],"class_list":{"0":"post-54","1":"product","2":"type-product","3":"status-publish","4":"has-post-thumbnail","6":"product_cat-canabis-en-ligne","8":"first","9":"instock","10":"shipping-taxable","11":"purchasable","12":"product-type-variable","13":"entry","14":"content-bg","15":"loop-entry"},"yoast_head":"<!-- This site is optimized with the Yoast SEO plugin v23.5 - https:\/\/yoast.com\/wordpress\/plugins\/seo\/ -->\n<title>Achetez du London Pound Cake en ligne - London Pound Cake \u00e0 vendre<\/title>\n<meta name=\"description\" content=\"Ne manquez aucune occasion d&#039;acheter du London Pound Cake en ligne dans notre boutique. Nous vendons exclusivement du London Pound Cake \u00e0 des prix avantageux. Nous sommes l\u00e0 pour vous aider. Commandez maintenant !\" \/>\n<meta name=\"robots\" content=\"index, follow, max-snippet:-1, max-image-preview:large, max-video-preview:-1\" \/>\n<link rel=\"canonical\" href=\"https:\/\/herbelegale.com\/pt\/product\/london-pound-cake\/\" \/>\n<meta property=\"og:locale\" content=\"pt_PT\" \/>\n<meta property=\"og:type\" content=\"article\" \/>\n<meta property=\"og:title\" content=\"Achetez du London Pound Cake en ligne - London Pound Cake \u00e0 vendre\" \/>\n<meta property=\"og:description\" content=\"Ne manquez aucune occasion d&#039;acheter du London Pound Cake en ligne dans notre boutique. Nous vendons exclusivement du London Pound Cake \u00e0 des prix avantageux. Nous sommes l\u00e0 pour vous aider. Commandez maintenant !\" \/>\n<meta property=\"og:url\" content=\"https:\/\/herbelegale.com\/pt\/product\/london-pound-cake\/\" \/>\n<meta property=\"og:site_name\" content=\"Herbe L\u00e9gale\" \/>\n<meta property=\"article:modified_time\" content=\"2025-07-21T11:18:25+00:00\" \/>\n<meta property=\"og:image\" content=\"https:\/\/herbelegale.com\/wp-content\/uploads\/2023\/09\/London-Pound-Cake.jpg\" \/>\n\t<meta property=\"og:image:width\" content=\"960\" \/>\n\t<meta property=\"og:image:height\" content=\"1280\" \/>\n\t<meta property=\"og:image:type\" content=\"image\/jpeg\" \/>\n<meta name=\"twitter:card\" content=\"summary_large_image\" \/>\n<meta name=\"twitter:label1\" content=\"Tempo estimado de leitura\" \/>\n\t<meta name=\"twitter:data1\" content=\"3 minutes\" \/>\n<script type=\"application\/ld+json\" class=\"yoast-schema-graph\">{\"@context\":\"https:\/\/schema.org\",\"@graph\":[{\"@type\":\"WebPage\",\"@id\":\"https:\/\/herbelegale.com\/product\/london-pound-cake\/\",\"url\":\"https:\/\/herbelegale.com\/product\/london-pound-cake\/\",\"name\":\"Achetez du London Pound Cake en ligne - London Pound Cake \u00e0 vendre\",\"isPartOf\":{\"@id\":\"https:\/\/herbelegale.com\/#website\"},\"primaryImageOfPage\":{\"@id\":\"https:\/\/herbelegale.com\/product\/london-pound-cake\/#primaryimage\"},\"image\":{\"@id\":\"https:\/\/herbelegale.com\/product\/london-pound-cake\/#primaryimage\"},\"thumbnailUrl\":\"https:\/\/herbelegale.com\/wp-content\/uploads\/2023\/09\/London-Pound-Cake.jpg\",\"datePublished\":\"2023-09-22T08:56:41+00:00\",\"dateModified\":\"2025-07-21T11:18:25+00:00\",\"description\":\"Ne manquez aucune occasion d'acheter du London Pound Cake en ligne dans notre boutique. Nous vendons exclusivement du London Pound Cake \u00e0 des prix avantageux. Nous sommes l\u00e0 pour vous aider. Commandez maintenant !\",\"breadcrumb\":{\"@id\":\"https:\/\/herbelegale.com\/product\/london-pound-cake\/#breadcrumb\"},\"inLanguage\":\"pt-PT\",\"potentialAction\":[{\"@type\":\"ReadAction\",\"target\":[\"https:\/\/herbelegale.com\/product\/london-pound-cake\/\"]}]},{\"@type\":\"ImageObject\",\"inLanguage\":\"pt-PT\",\"@id\":\"https:\/\/herbelegale.com\/product\/london-pound-cake\/#primaryimage\",\"url\":\"https:\/\/herbelegale.com\/wp-content\/uploads\/2023\/09\/London-Pound-Cake.jpg\",\"contentUrl\":\"https:\/\/herbelegale.com\/wp-content\/uploads\/2023\/09\/London-Pound-Cake.jpg\",\"width\":960,\"height\":1280,\"caption\":\"London Pound Cake\"},{\"@type\":\"BreadcrumbList\",\"@id\":\"https:\/\/herbelegale.com\/product\/london-pound-cake\/#breadcrumb\",\"itemListElement\":[{\"@type\":\"ListItem\",\"position\":1,\"name\":\"Home\",\"item\":\"https:\/\/herbelegale.com\/\"},{\"@type\":\"ListItem\",\"position\":2,\"name\":\"Boutique\",\"item\":\"https:\/\/herbelegale.com\/boutique\/\"},{\"@type\":\"ListItem\",\"position\":3,\"name\":\"London Pound Cake\"}]},{\"@type\":\"WebSite\",\"@id\":\"https:\/\/herbelegale.com\/#website\",\"url\":\"https:\/\/herbelegale.com\/\",\"name\":\"Herbe L\u00e9gale\",\"description\":\"Acheter de l&#039;herbe en ligne\",\"publisher\":{\"@id\":\"https:\/\/herbelegale.com\/#organization\"},\"potentialAction\":[{\"@type\":\"SearchAction\",\"target\":{\"@type\":\"EntryPoint\",\"urlTemplate\":\"https:\/\/herbelegale.com\/?s={search_term_string}\"},\"query-input\":{\"@type\":\"PropertyValueSpecification\",\"valueRequired\":true,\"valueName\":\"search_term_string\"}}],\"inLanguage\":\"pt-PT\"},{\"@type\":\"Organization\",\"@id\":\"https:\/\/herbelegale.com\/#organization\",\"name\":\"Herbe L\u00e9gale\",\"url\":\"https:\/\/herbelegale.com\/\",\"logo\":{\"@type\":\"ImageObject\",\"inLanguage\":\"pt-PT\",\"@id\":\"https:\/\/herbelegale.com\/#\/schema\/logo\/image\/\",\"url\":\"https:\/\/herbelegale.com\/wp-content\/uploads\/2023\/10\/logo-1.png\",\"contentUrl\":\"https:\/\/herbelegale.com\/wp-content\/uploads\/2023\/10\/logo-1.png\",\"width\":400,\"height\":120,\"caption\":\"Herbe L\u00e9gale\"},\"image\":{\"@id\":\"https:\/\/herbelegale.com\/#\/schema\/logo\/image\/\"}}]}<\/script>\n<!-- \/ Yoast SEO plugin. -->","yoast_head_json":{"title":"Achetez du London Pound Cake en ligne - London Pound Cake \u00e0 vendre","description":"Ne manquez aucune occasion d'acheter du London Pound Cake en ligne dans notre boutique. Nous vendons exclusivement du London Pound Cake \u00e0 des prix avantageux. Nous sommes l\u00e0 pour vous aider. Commandez maintenant !","robots":{"index":"index","follow":"follow","max-snippet":"max-snippet:-1","max-image-preview":"max-image-preview:large","max-video-preview":"max-video-preview:-1"},"canonical":"https:\/\/herbelegale.com\/pt\/product\/london-pound-cake\/","og_locale":"pt_PT","og_type":"article","og_title":"Achetez du London Pound Cake en ligne - London Pound Cake \u00e0 vendre","og_description":"Ne manquez aucune occasion d'acheter du London Pound Cake en ligne dans notre boutique. Nous vendons exclusivement du London Pound Cake \u00e0 des prix avantageux. Nous sommes l\u00e0 pour vous aider. Commandez maintenant !","og_url":"https:\/\/herbelegale.com\/pt\/product\/london-pound-cake\/","og_site_name":"Herbe L\u00e9gale","article_modified_time":"2025-07-21T11:18:25+00:00","og_image":[{"width":960,"height":1280,"url":"https:\/\/herbelegale.com\/wp-content\/uploads\/2023\/09\/London-Pound-Cake.jpg","type":"image\/jpeg"}],"twitter_card":"summary_large_image","twitter_misc":{"Tempo estimado de leitura":"3 minutes"},"schema":{"@context":"https:\/\/schema.org","@graph":[{"@type":"WebPage","@id":"https:\/\/herbelegale.com\/product\/london-pound-cake\/","url":"https:\/\/herbelegale.com\/product\/london-pound-cake\/","name":"Achetez du London Pound Cake en ligne - London Pound Cake \u00e0 vendre","isPartOf":{"@id":"https:\/\/herbelegale.com\/#website"},"primaryImageOfPage":{"@id":"https:\/\/herbelegale.com\/product\/london-pound-cake\/#primaryimage"},"image":{"@id":"https:\/\/herbelegale.com\/product\/london-pound-cake\/#primaryimage"},"thumbnailUrl":"https:\/\/herbelegale.com\/wp-content\/uploads\/2023\/09\/London-Pound-Cake.jpg","datePublished":"2023-09-22T08:56:41+00:00","dateModified":"2025-07-21T11:18:25+00:00","description":"Ne manquez aucune occasion d'acheter du London Pound Cake en ligne dans notre boutique. Nous vendons exclusivement du London Pound Cake \u00e0 des prix avantageux. Nous sommes l\u00e0 pour vous aider. Commandez maintenant !","breadcrumb":{"@id":"https:\/\/herbelegale.com\/product\/london-pound-cake\/#breadcrumb"},"inLanguage":"pt-PT","potentialAction":[{"@type":"ReadAction","target":["https:\/\/herbelegale.com\/product\/london-pound-cake\/"]}]},{"@type":"ImageObject","inLanguage":"pt-PT","@id":"https:\/\/herbelegale.com\/product\/london-pound-cake\/#primaryimage","url":"https:\/\/herbelegale.com\/wp-content\/uploads\/2023\/09\/London-Pound-Cake.jpg","contentUrl":"https:\/\/herbelegale.com\/wp-content\/uploads\/2023\/09\/London-Pound-Cake.jpg","width":960,"height":1280,"caption":"London Pound Cake"},{"@type":"BreadcrumbList","@id":"https:\/\/herbelegale.com\/product\/london-pound-cake\/#breadcrumb","itemListElement":[{"@type":"ListItem","position":1,"name":"Home","item":"https:\/\/herbelegale.com\/"},{"@type":"ListItem","position":2,"name":"Boutique","item":"https:\/\/herbelegale.com\/boutique\/"},{"@type":"ListItem","position":3,"name":"London Pound Cake"}]},{"@type":"WebSite","@id":"https:\/\/herbelegale.com\/#website","url":"https:\/\/herbelegale.com\/","name":"Herbe L\u00e9gale","description":"Acheter de l&#039;herbe en ligne","publisher":{"@id":"https:\/\/herbelegale.com\/#organization"},"potentialAction":[{"@type":"SearchAction","target":{"@type":"EntryPoint","urlTemplate":"https:\/\/herbelegale.com\/?s={search_term_string}"},"query-input":{"@type":"PropertyValueSpecification","valueRequired":true,"valueName":"search_term_string"}}],"inLanguage":"pt-PT"},{"@type":"Organization","@id":"https:\/\/herbelegale.com\/#organization","name":"Herbe L\u00e9gale","url":"https:\/\/herbelegale.com\/","logo":{"@type":"ImageObject","inLanguage":"pt-PT","@id":"https:\/\/herbelegale.com\/#\/schema\/logo\/image\/","url":"https:\/\/herbelegale.com\/wp-content\/uploads\/2023\/10\/logo-1.png","contentUrl":"https:\/\/herbelegale.com\/wp-content\/uploads\/2023\/10\/logo-1.png","width":400,"height":120,"caption":"Herbe L\u00e9gale"},"image":{"@id":"https:\/\/herbelegale.com\/#\/schema\/logo\/image\/"}}]}},"_links":{"self":[{"href":"https:\/\/herbelegale.com\/pt\/wp-json\/wp\/v2\/product\/54","targetHints":{"allow":["GET"]}}],"collection":[{"href":"https:\/\/herbelegale.com\/pt\/wp-json\/wp\/v2\/product"}],"about":[{"href":"https:\/\/herbelegale.com\/pt\/wp-json\/wp\/v2\/types\/product"}],"replies":[{"embeddable":true,"href":"https:\/\/herbelegale.com\/pt\/wp-json\/wp\/v2\/comments?post=54"}],"wp:featuredmedia":[{"embeddable":true,"href":"https:\/\/herbelegale.com\/pt\/wp-json\/wp\/v2\/media\/362"}],"wp:attachment":[{"href":"https:\/\/herbelegale.com\/pt\/wp-json\/wp\/v2\/media?parent=54"}],"wp:term":[{"taxonomy":"product_brand","embeddable":true,"href":"https:\/\/herbelegale.com\/pt\/wp-json\/wp\/v2\/product_brand?post=54"},{"taxonomy":"product_cat","embeddable":true,"href":"https:\/\/herbelegale.com\/pt\/wp-json\/wp\/v2\/product_cat?post=54"},{"taxonomy":"product_tag","embeddable":true,"href":"https:\/\/herbelegale.com\/pt\/wp-json\/wp\/v2\/product_tag?post=54"}],"curies":[{"name":"wp","href":"https:\/\/api.w.org\/{rel}","templated":true}]}}