{"id":53,"date":"2023-09-22T08:56:29","date_gmt":"2023-09-22T08:56:29","guid":{"rendered":"https:\/\/nembutalhouse.com\/weed\/?post_type=product&#038;p=53"},"modified":"2025-06-14T11:07:41","modified_gmt":"2025-06-14T11:07:41","slug":"apple-fritter","status":"publish","type":"product","link":"https:\/\/herbelegale.com\/pt\/product\/apple-fritter\/","title":{"rendered":"Bolinho de ma\u00e7\u00e3"},"content":{"rendered":"<h2><b>Comprar bolinhos de ma\u00e7\u00e3 online: porque \u00e9 que este cl\u00e1ssico \u00e9 t\u00e3o popular<\/b><\/h2>\n<h3><b>Introdu\u00e7\u00e3o: O que \u00e9 um bolinho de ma\u00e7\u00e3 e porque \u00e9 t\u00e3o procurado?<\/b><\/h3>\n<p><span style=\"font-weight: 400;\">Le <\/span><a href=\"https:\/\/herbelegale.com\/pt\/product\/apple-fritter\/\"><b>beignet aux pommes<\/b><\/a><span style=\"font-weight: 400;\"> Os bolinhos de ma\u00e7\u00e3 s\u00e3o uma massa deliciosa e reconfortante, conhecida pela sua massa macia e fofa e pelo seu recheio doce e picante de ma\u00e7\u00e3. Frequentemente glaceados ou polvilhados com a\u00e7\u00facar, estes produtos s\u00e3o apreciados pelo seu sabor e paladar. Hoje, os bolinhos de ma\u00e7\u00e3 est\u00e3o a espalhar-se para al\u00e9m dos mercados e padarias locais, tornando-se um item essencial nas plataformas online.<\/span><\/p>\n<p><span style=\"font-weight: 400;\">A sua crescente popularidade online deve-se ao crescente interesse por doces artesanais que podem ser encontrados em qualquer lugar, sem necessidade de desloca\u00e7\u00f5es, para al\u00e9m do aumento das compras de alimentos online.<\/span><\/p>\n<h3><b>Comprar bolinhos de ma\u00e7\u00e3 online: porque \u00e9 que este cl\u00e1ssico \u00e9 t\u00e3o popular<\/b><\/h3>\n<p><span style=\"font-weight: 400;\">Compre um <\/span><b>bolinhos de ma\u00e7\u00e3 online<\/b><span style=\"font-weight: 400;\"> oferece diversas vantagens importantes:<\/span><\/p>\n<ul>\n<li style=\"font-weight: 400;\" aria-level=\"1\"><b>Entrega discreta e especializada<\/b><span style=\"font-weight: 400;\"> : O seu pedido chega diretamente at\u00e9 si numa embalagem cuidada, garantindo frescura e confidencialidade.<\/span><span style=\"font-weight: 400;\">\n<p><\/span><\/li>\n<li style=\"font-weight: 400;\" aria-level=\"1\"><b>Accessibilit\u00e0<\/b><span style=\"font-weight: 400;\"> :Mesmo que n\u00e3o viva perto de uma padaria famosa, pode saborear excelentes produtos artesanais.<\/span><span style=\"font-weight: 400;\">\n<p><\/span><\/li>\n<li style=\"font-weight: 400;\" aria-level=\"1\"><b>Conveni\u00eancia<\/b><span style=\"font-weight: 400;\"> : Acabaram-se as viagens ou as filas: as suas guloseimas favoritas est\u00e3o \u00e0 dist\u00e2ncia de alguns cliques.<\/span><span style=\"font-weight: 400;\">\n<p><\/span><\/li>\n<\/ul>\n<h3><b>O que faz de um bolinho de ma\u00e7\u00e3 um prato excelente?<\/b><\/h3>\n<p><span style=\"font-weight: 400;\">Para escolher um bolinho de ma\u00e7\u00e3 de qualidade, tenha em aten\u00e7\u00e3o estes crit\u00e9rios:<\/span><\/p>\n<ul>\n<li style=\"font-weight: 400;\" aria-level=\"1\"><b>Frescor impec\u00e1vel<\/b><span style=\"font-weight: 400;\"> : Um produto fresco, preparado recentemente e enviado rapidamente.<\/span><span style=\"font-weight: 400;\">\n<p><\/span><\/li>\n<li style=\"font-weight: 400;\" aria-level=\"1\"><b>Texture parfaite<\/b><span style=\"font-weight: 400;\"> :Uma massa folhada crocante por fora, macia por dentro, com ma\u00e7\u00e3s em peda\u00e7os, n\u00e3o esmagadas.<\/span><span style=\"font-weight: 400;\">\n<p><\/span><\/li>\n<li style=\"font-weight: 400;\" aria-level=\"1\"><b>Sabor equilibrado<\/b><span style=\"font-weight: 400;\"> : Um bom equil\u00edbrio entre o a\u00e7\u00facar, a canela e a acidez natural da ma\u00e7\u00e3.<\/span><span style=\"font-weight: 400;\">\n<p><\/span><\/li>\n<li style=\"font-weight: 400;\" aria-level=\"1\"><b>Cobertura delicada<\/b><span style=\"font-weight: 400;\"> : Uma fina camada doce que real\u00e7a o donut sem mascarar os seus sabores.<\/span><span style=\"font-weight: 400;\">\n<p><\/span><\/li>\n<\/ul>\n<h3><b>As melhores plataformas para encomendar bolinhos de ma\u00e7\u00e3 online<\/b><\/h3>\n<p><span style=\"font-weight: 400;\">Aqui est\u00e3o algumas plataformas fi\u00e1veis para <\/span><b>comprar <a href=\"https:\/\/en.wikipedia.org\/wiki\/Fritter\">des beignets aux pommes<\/a> en ligne<\/b><span style=\"font-weight: 400;\"> :<\/span><\/p>\n<ul>\n<li style=\"font-weight: 400;\" aria-level=\"1\"><b>Farmhouse Bakes<\/b><span style=\"font-weight: 400;\"> : Ingredientes biol\u00f3gicos, entrega r\u00e1pida para toda a Fran\u00e7a.<\/span><span style=\"font-weight: 400;\">\n<p><\/span><\/li>\n<li style=\"font-weight: 400;\" aria-level=\"1\"><b>Golden Glaze Co.<\/b><span style=\"font-weight: 400;\"> : Vasta sele\u00e7\u00e3o de doces gourmet.<\/span><span style=\"font-weight: 400;\">\n<p><\/span><\/li>\n<li style=\"font-weight: 400;\" aria-level=\"1\"><b>Etsy (Fritter &amp; Co.)<\/b><span style=\"font-weight: 400;\"> : Pequenas s\u00e9ries artesanais e personaliz\u00e1veis.<\/span><span style=\"font-weight: 400;\">\n<p><\/span><\/li>\n<li style=\"font-weight: 400;\" aria-level=\"1\"><b>Crumb &amp; Core Box<\/b><span style=\"font-weight: 400;\"> : Subscri\u00e7\u00f5es mensais de doces sazonais.<\/span><span style=\"font-weight: 400;\">\n<p><\/span><\/li>\n<li style=\"font-weight: 400;\" aria-level=\"1\"><b>AppleDelight Local Bakehouse<\/b><span style=\"font-weight: 400;\"> : Pre\u00e7os acess\u00edveis com boa qualidade regional.<\/span><span style=\"font-weight: 400;\">\n<p><\/span><\/li>\n<\/ul>\n<h3><b>Como escolher o produto ou vendedor certo?<\/b><\/h3>\n<p><span style=\"font-weight: 400;\">Antes de encomendar, verifique:<\/span><\/p>\n<ul>\n<li style=\"font-weight: 400;\" aria-level=\"1\"><b>Conditions d\u2019exp\u00e9dition<\/b><span style=\"font-weight: 400;\"> : Prefira embalagens que garantam frescura (a v\u00e1cuo, geladas).<\/span><span style=\"font-weight: 400;\">\n<p><\/span><\/li>\n<li style=\"font-weight: 400;\" aria-level=\"1\"><b>(4 coment\u00e1rios de clientes)<\/b><span style=\"font-weight: 400;\"> :O feedback real \u00e9 uma boa indica\u00e7\u00e3o de qualidade.<\/span><span style=\"font-weight: 400;\">\n<p><\/span><\/li>\n<li style=\"font-weight: 400;\" aria-level=\"1\"><b>Satisfa\u00e7\u00e3o garantida<\/b><span style=\"font-weight: 400;\"> : Escolha um vendedor que ofere\u00e7a reembolso ou troca em caso de problema.<\/span><span style=\"font-weight: 400;\">\n<p><\/span><\/li>\n<li style=\"font-weight: 400;\" aria-level=\"1\"><b>Transpar\u00eancia dos ingredientes<\/b><span style=\"font-weight: 400;\"> : Prefira produtos sem conservantes e com ingredientes naturais.<\/span><span style=\"font-weight: 400;\">\n<p><\/span><\/li>\n<\/ul>\n<h3><b>Conclus\u00e3o: Porque \u00e9 que vale a pena experimentar bolinhos de ma\u00e7\u00e3 e onde compr\u00e1-los?<\/b><\/h3>\n<p><span style=\"font-weight: 400;\">Le <\/span><b>beignet aux pommes<\/b><span style=\"font-weight: 400;\"> \u00e9 um item essencial para o prazer doce, oferecendo uma experi\u00eancia de sabor acolhedora e indulgente. Com a possibilidade de<\/span><b>acheter des beignets aux pommes en ligne<\/b><span style=\"font-weight: 400;\">, pode desfrutar deste cl\u00e1ssico em casa, a qualquer hora, sem abdicar da qualidade. Se procura um produto para <\/span><b>prix abordable<\/b><span style=\"font-weight: 400;\"> ou une cr\u00e9ation artisanale exclusive, il existe un <\/span><b>melhor lugar para comprar bolinhos de ma\u00e7\u00e3 online<\/b><span style=\"font-weight: 400;\"> que ir\u00e1 ao encontro das suas expectativas.<\/span><\/p>\n<h2><\/h2>","protected":false},"excerpt":{"rendered":"<p>Acheter des Beignets aux Pommes en Ligne : Pourquoi ce Classique est si Populaire Introduction : Qu\u2019est-ce qu\u2019un Beignet aux Pommes et Pourquoi est-il en Demande ? Le beignet aux pommes est une p\u00e2tisserie d\u00e9licieuse et r\u00e9confortante, connue pour sa p\u00e2te moelleuse et son c\u0153ur rempli de morceaux de pommes sucr\u00e9es et \u00e9pic\u00e9es. Souvent glac\u00e9&#8230;<\/p>","protected":false},"featured_media":361,"comment_status":"open","ping_status":"closed","template":"","meta":{"_kadence_starter_templates_imported_post":false,"_kad_post_transparent":"default","_kad_post_title":"","_kad_post_layout":"default","_kad_post_sidebar_id":"","_kad_post_content_style":"default","_kad_post_vertical_padding":"default","_kad_post_feature":"","_kad_post_feature_position":"","_kad_post_header":false,"_kad_post_footer":false,"_joinchat":[]},"product_brand":[],"product_cat":[17],"product_tag":[],"class_list":{"0":"post-53","1":"product","2":"type-product","3":"status-publish","4":"has-post-thumbnail","6":"product_cat-canabis-en-ligne","8":"first","9":"instock","10":"shipping-taxable","11":"purchasable","12":"product-type-variable","13":"entry","14":"content-bg","15":"loop-entry"},"yoast_head":"<!-- This site is optimized with the Yoast SEO plugin v23.5 - https:\/\/yoast.com\/wordpress\/plugins\/seo\/ -->\n<title>Vente de beignets aux pommes - Achetez des beignets aux pommes en ligne<\/title>\n<meta name=\"description\" content=\"Vous pouvez obtenir des beignets aux pommes en vente aux meilleurs prix dans notre boutique en ligne. Nous sommes l\u00e0 pour vous aider \u00e0 acheter des beignets aux pommes en ligne. Connectez-vous au meilleur magasin de la ville d\u00e8s aujourd&#039;hui\u00a0!\" \/>\n<meta name=\"robots\" content=\"index, follow, max-snippet:-1, max-image-preview:large, max-video-preview:-1\" \/>\n<link rel=\"canonical\" href=\"https:\/\/herbelegale.com\/pt\/product\/apple-fritter\/\" \/>\n<meta property=\"og:locale\" content=\"pt_PT\" \/>\n<meta property=\"og:type\" content=\"article\" \/>\n<meta property=\"og:title\" content=\"Vente de beignets aux pommes - Achetez des beignets aux pommes en ligne\" \/>\n<meta property=\"og:description\" content=\"Vous pouvez obtenir des beignets aux pommes en vente aux meilleurs prix dans notre boutique en ligne. Nous sommes l\u00e0 pour vous aider \u00e0 acheter des beignets aux pommes en ligne. Connectez-vous au meilleur magasin de la ville d\u00e8s aujourd&#039;hui\u00a0!\" \/>\n<meta property=\"og:url\" content=\"https:\/\/herbelegale.com\/pt\/product\/apple-fritter\/\" \/>\n<meta property=\"og:site_name\" content=\"Herbe L\u00e9gale\" \/>\n<meta property=\"article:modified_time\" content=\"2025-06-14T11:07:41+00:00\" \/>\n<meta property=\"og:image\" content=\"https:\/\/herbelegale.com\/wp-content\/uploads\/2023\/09\/Apple-Fritter.jpg\" \/>\n\t<meta property=\"og:image:width\" content=\"960\" \/>\n\t<meta property=\"og:image:height\" content=\"1280\" \/>\n\t<meta property=\"og:image:type\" content=\"image\/jpeg\" \/>\n<meta name=\"twitter:card\" content=\"summary_large_image\" \/>\n<meta name=\"twitter:label1\" content=\"Tempo estimado de leitura\" \/>\n\t<meta name=\"twitter:data1\" content=\"3 minutes\" \/>\n<script type=\"application\/ld+json\" class=\"yoast-schema-graph\">{\"@context\":\"https:\/\/schema.org\",\"@graph\":[{\"@type\":\"WebPage\",\"@id\":\"https:\/\/herbelegale.com\/product\/apple-fritter\/\",\"url\":\"https:\/\/herbelegale.com\/product\/apple-fritter\/\",\"name\":\"Vente de beignets aux pommes - Achetez des beignets aux pommes en ligne\",\"isPartOf\":{\"@id\":\"https:\/\/herbelegale.com\/#website\"},\"primaryImageOfPage\":{\"@id\":\"https:\/\/herbelegale.com\/product\/apple-fritter\/#primaryimage\"},\"image\":{\"@id\":\"https:\/\/herbelegale.com\/product\/apple-fritter\/#primaryimage\"},\"thumbnailUrl\":\"https:\/\/herbelegale.com\/wp-content\/uploads\/2023\/09\/Apple-Fritter.jpg\",\"datePublished\":\"2023-09-22T08:56:29+00:00\",\"dateModified\":\"2025-06-14T11:07:41+00:00\",\"description\":\"Vous pouvez obtenir des beignets aux pommes en vente aux meilleurs prix dans notre boutique en ligne. Nous sommes l\u00e0 pour vous aider \u00e0 acheter des beignets aux pommes en ligne. Connectez-vous au meilleur magasin de la ville d\u00e8s aujourd'hui\u00a0!\",\"breadcrumb\":{\"@id\":\"https:\/\/herbelegale.com\/product\/apple-fritter\/#breadcrumb\"},\"inLanguage\":\"pt-PT\",\"potentialAction\":[{\"@type\":\"ReadAction\",\"target\":[\"https:\/\/herbelegale.com\/product\/apple-fritter\/\"]}]},{\"@type\":\"ImageObject\",\"inLanguage\":\"pt-PT\",\"@id\":\"https:\/\/herbelegale.com\/product\/apple-fritter\/#primaryimage\",\"url\":\"https:\/\/herbelegale.com\/wp-content\/uploads\/2023\/09\/Apple-Fritter.jpg\",\"contentUrl\":\"https:\/\/herbelegale.com\/wp-content\/uploads\/2023\/09\/Apple-Fritter.jpg\",\"width\":960,\"height\":1280,\"caption\":\"Apple Fritter\"},{\"@type\":\"BreadcrumbList\",\"@id\":\"https:\/\/herbelegale.com\/product\/apple-fritter\/#breadcrumb\",\"itemListElement\":[{\"@type\":\"ListItem\",\"position\":1,\"name\":\"Home\",\"item\":\"https:\/\/herbelegale.com\/\"},{\"@type\":\"ListItem\",\"position\":2,\"name\":\"Boutique\",\"item\":\"https:\/\/herbelegale.com\/boutique\/\"},{\"@type\":\"ListItem\",\"position\":3,\"name\":\"Apple Fritter\"}]},{\"@type\":\"WebSite\",\"@id\":\"https:\/\/herbelegale.com\/#website\",\"url\":\"https:\/\/herbelegale.com\/\",\"name\":\"Herbe L\u00e9gale\",\"description\":\"Acheter de l&#039;herbe en ligne\",\"publisher\":{\"@id\":\"https:\/\/herbelegale.com\/#organization\"},\"potentialAction\":[{\"@type\":\"SearchAction\",\"target\":{\"@type\":\"EntryPoint\",\"urlTemplate\":\"https:\/\/herbelegale.com\/?s={search_term_string}\"},\"query-input\":{\"@type\":\"PropertyValueSpecification\",\"valueRequired\":true,\"valueName\":\"search_term_string\"}}],\"inLanguage\":\"pt-PT\"},{\"@type\":\"Organization\",\"@id\":\"https:\/\/herbelegale.com\/#organization\",\"name\":\"Herbe L\u00e9gale\",\"url\":\"https:\/\/herbelegale.com\/\",\"logo\":{\"@type\":\"ImageObject\",\"inLanguage\":\"pt-PT\",\"@id\":\"https:\/\/herbelegale.com\/#\/schema\/logo\/image\/\",\"url\":\"https:\/\/herbelegale.com\/wp-content\/uploads\/2023\/10\/logo-1.png\",\"contentUrl\":\"https:\/\/herbelegale.com\/wp-content\/uploads\/2023\/10\/logo-1.png\",\"width\":400,\"height\":120,\"caption\":\"Herbe L\u00e9gale\"},\"image\":{\"@id\":\"https:\/\/herbelegale.com\/#\/schema\/logo\/image\/\"}}]}<\/script>\n<!-- \/ Yoast SEO plugin. -->","yoast_head_json":{"title":"Vente de beignets aux pommes - Achetez des beignets aux pommes en ligne","description":"Vous pouvez obtenir des beignets aux pommes en vente aux meilleurs prix dans notre boutique en ligne. Nous sommes l\u00e0 pour vous aider \u00e0 acheter des beignets aux pommes en ligne. Connectez-vous au meilleur magasin de la ville d\u00e8s aujourd'hui\u00a0!","robots":{"index":"index","follow":"follow","max-snippet":"max-snippet:-1","max-image-preview":"max-image-preview:large","max-video-preview":"max-video-preview:-1"},"canonical":"https:\/\/herbelegale.com\/pt\/product\/apple-fritter\/","og_locale":"pt_PT","og_type":"article","og_title":"Vente de beignets aux pommes - Achetez des beignets aux pommes en ligne","og_description":"Vous pouvez obtenir des beignets aux pommes en vente aux meilleurs prix dans notre boutique en ligne. Nous sommes l\u00e0 pour vous aider \u00e0 acheter des beignets aux pommes en ligne. Connectez-vous au meilleur magasin de la ville d\u00e8s aujourd'hui\u00a0!","og_url":"https:\/\/herbelegale.com\/pt\/product\/apple-fritter\/","og_site_name":"Herbe L\u00e9gale","article_modified_time":"2025-06-14T11:07:41+00:00","og_image":[{"width":960,"height":1280,"url":"https:\/\/herbelegale.com\/wp-content\/uploads\/2023\/09\/Apple-Fritter.jpg","type":"image\/jpeg"}],"twitter_card":"summary_large_image","twitter_misc":{"Tempo estimado de leitura":"3 minutes"},"schema":{"@context":"https:\/\/schema.org","@graph":[{"@type":"WebPage","@id":"https:\/\/herbelegale.com\/product\/apple-fritter\/","url":"https:\/\/herbelegale.com\/product\/apple-fritter\/","name":"Vente de beignets aux pommes - Achetez des beignets aux pommes en ligne","isPartOf":{"@id":"https:\/\/herbelegale.com\/#website"},"primaryImageOfPage":{"@id":"https:\/\/herbelegale.com\/product\/apple-fritter\/#primaryimage"},"image":{"@id":"https:\/\/herbelegale.com\/product\/apple-fritter\/#primaryimage"},"thumbnailUrl":"https:\/\/herbelegale.com\/wp-content\/uploads\/2023\/09\/Apple-Fritter.jpg","datePublished":"2023-09-22T08:56:29+00:00","dateModified":"2025-06-14T11:07:41+00:00","description":"Vous pouvez obtenir des beignets aux pommes en vente aux meilleurs prix dans notre boutique en ligne. Nous sommes l\u00e0 pour vous aider \u00e0 acheter des beignets aux pommes en ligne. Connectez-vous au meilleur magasin de la ville d\u00e8s aujourd'hui\u00a0!","breadcrumb":{"@id":"https:\/\/herbelegale.com\/product\/apple-fritter\/#breadcrumb"},"inLanguage":"pt-PT","potentialAction":[{"@type":"ReadAction","target":["https:\/\/herbelegale.com\/product\/apple-fritter\/"]}]},{"@type":"ImageObject","inLanguage":"pt-PT","@id":"https:\/\/herbelegale.com\/product\/apple-fritter\/#primaryimage","url":"https:\/\/herbelegale.com\/wp-content\/uploads\/2023\/09\/Apple-Fritter.jpg","contentUrl":"https:\/\/herbelegale.com\/wp-content\/uploads\/2023\/09\/Apple-Fritter.jpg","width":960,"height":1280,"caption":"Apple Fritter"},{"@type":"BreadcrumbList","@id":"https:\/\/herbelegale.com\/product\/apple-fritter\/#breadcrumb","itemListElement":[{"@type":"ListItem","position":1,"name":"Home","item":"https:\/\/herbelegale.com\/"},{"@type":"ListItem","position":2,"name":"Boutique","item":"https:\/\/herbelegale.com\/boutique\/"},{"@type":"ListItem","position":3,"name":"Apple Fritter"}]},{"@type":"WebSite","@id":"https:\/\/herbelegale.com\/#website","url":"https:\/\/herbelegale.com\/","name":"Herbe L\u00e9gale","description":"Acheter de l&#039;herbe en ligne","publisher":{"@id":"https:\/\/herbelegale.com\/#organization"},"potentialAction":[{"@type":"SearchAction","target":{"@type":"EntryPoint","urlTemplate":"https:\/\/herbelegale.com\/?s={search_term_string}"},"query-input":{"@type":"PropertyValueSpecification","valueRequired":true,"valueName":"search_term_string"}}],"inLanguage":"pt-PT"},{"@type":"Organization","@id":"https:\/\/herbelegale.com\/#organization","name":"Herbe L\u00e9gale","url":"https:\/\/herbelegale.com\/","logo":{"@type":"ImageObject","inLanguage":"pt-PT","@id":"https:\/\/herbelegale.com\/#\/schema\/logo\/image\/","url":"https:\/\/herbelegale.com\/wp-content\/uploads\/2023\/10\/logo-1.png","contentUrl":"https:\/\/herbelegale.com\/wp-content\/uploads\/2023\/10\/logo-1.png","width":400,"height":120,"caption":"Herbe L\u00e9gale"},"image":{"@id":"https:\/\/herbelegale.com\/#\/schema\/logo\/image\/"}}]}},"_links":{"self":[{"href":"https:\/\/herbelegale.com\/pt\/wp-json\/wp\/v2\/product\/53","targetHints":{"allow":["GET"]}}],"collection":[{"href":"https:\/\/herbelegale.com\/pt\/wp-json\/wp\/v2\/product"}],"about":[{"href":"https:\/\/herbelegale.com\/pt\/wp-json\/wp\/v2\/types\/product"}],"replies":[{"embeddable":true,"href":"https:\/\/herbelegale.com\/pt\/wp-json\/wp\/v2\/comments?post=53"}],"wp:featuredmedia":[{"embeddable":true,"href":"https:\/\/herbelegale.com\/pt\/wp-json\/wp\/v2\/media\/361"}],"wp:attachment":[{"href":"https:\/\/herbelegale.com\/pt\/wp-json\/wp\/v2\/media?parent=53"}],"wp:term":[{"taxonomy":"product_brand","embeddable":true,"href":"https:\/\/herbelegale.com\/pt\/wp-json\/wp\/v2\/product_brand?post=53"},{"taxonomy":"product_cat","embeddable":true,"href":"https:\/\/herbelegale.com\/pt\/wp-json\/wp\/v2\/product_cat?post=53"},{"taxonomy":"product_tag","embeddable":true,"href":"https:\/\/herbelegale.com\/pt\/wp-json\/wp\/v2\/product_tag?post=53"}],"curies":[{"name":"wp","href":"https:\/\/api.w.org\/{rel}","templated":true}]}}