{"id":1758,"date":"2023-12-19T10:13:50","date_gmt":"2023-12-19T10:13:50","guid":{"rendered":"https:\/\/herbelegale.com\/?post_type=product&#038;p=1758"},"modified":"2025-06-17T06:27:50","modified_gmt":"2025-06-17T06:27:50","slug":"remise-paquet-de-mauvaises-herbes-80g","status":"publish","type":"product","link":"https:\/\/herbelegale.com\/pt\/product\/remise-paquet-de-mauvaises-herbes-80g\/","title":{"rendered":"Compre um pacote de can\u00e1bis com desconto de 80g online: porque \u00e9 que este produto \u00e9 t\u00e3o popular"},"content":{"rendered":"<p>10G de hasch noir afghan<\/p>\n<p><strong>Paquet de 5 Gras\u00a0:<\/strong><br \/>\n10G Banane Kush<br \/>\n10G Myrtille Kush<br \/>\n10G Tarte Aux Cerises<br \/>\nBrume de train fant\u00f4me 10G<br \/>\n10G Orange Kush<\/p>\n<p><a href=\"https:\/\/en.wikipedia.org\/wiki\/Herbes\">Huile de cannabis 10G OG Kush<\/a><\/p>\n<p>10G Cire Saint Graal OG Marihuna Wachs &amp; Shatter<\/p>\n<h2><b>Compre um pacote de can\u00e1bis com desconto de 80g online: porque \u00e9 que este produto \u00e9 t\u00e3o popular<\/b><\/h2>\n<p><span style=\"font-weight: 400;\">Le <\/span><a href=\"https:\/\/herbelegale.com\/pt\/product\/remise-paquet-de-mauvaises-herbes-80g\/\"><b>Compre um pacote de can\u00e1bis com desconto de 80g online: porque \u00e9 que este produto \u00e9 t\u00e3o popular<\/b><\/a><span style=\"font-weight: 400;\"> refere-se a um produto altamente valorizado, frequentemente reconhecido pela sua qualidade, autenticidade ou originalidade. Seja um pacote de can\u00e1bis, um produto tem\u00e1tico ou uma edi\u00e7\u00e3o especial, este pacote de 80 gramas apela \u00e0 sua excelente rela\u00e7\u00e3o qualidade\/pre\u00e7o e \u00e0 sua pr\u00e1tica embalagem.<\/span><\/p>\n<p><span style=\"font-weight: 400;\">Atualmente, este produto est\u00e1 muito em alta online, impulsionado pelo aumento das compras online, pela crescente procura de artigos especializados e pela facilidade de acesso a produtos raros ou exclusivos. Cada vez mais consumidores preferem <\/span><b>Compre um pacote de can\u00e1bis com desconto de 80g online: porque \u00e9 que este produto \u00e9 t\u00e3o popular<\/b><span style=\"font-weight: 400;\"> beneficiar de uma entrega discreta, r\u00e1pida e fi\u00e1vel.<\/span><\/p>\n<h3><b>Compre um pacote de can\u00e1bis com desconto de 80g online: porque \u00e9 que este produto \u00e9 t\u00e3o popular<\/b><\/h3>\n<p><span style=\"font-weight: 400;\">Comprar este produto online tem v\u00e1rias vantagens importantes:<\/span><\/p>\n<ul>\n<li style=\"font-weight: 400;\" aria-level=\"1\"><b>Options de livraison discr\u00e8tes<\/b><span style=\"font-weight: 400;\"> qui garantissent la confidentialit\u00e9 et la s\u00e9curit\u00e9.<\/span><span style=\"font-weight: 400;\">\n<p><\/span><\/li>\n<li style=\"font-weight: 400;\" aria-level=\"1\"><b>Possibilit\u00e9 de commander facilement et rapidement<\/b><span style=\"font-weight: 400;\"> sans se d\u00e9placer.<\/span><span style=\"font-weight: 400;\">\n<p><\/span><\/li>\n<li style=\"font-weight: 400;\" aria-level=\"1\"><b>Large choix de vendeurs et offres<\/b><span style=\"font-weight: 400;\">, permettant de comparer les prix et la qualit\u00e9.<\/span><span style=\"font-weight: 400;\">\n<p><\/span><\/li>\n<li style=\"font-weight: 400;\" aria-level=\"1\"><b>Acc\u00e8s \u00e0 des remises exclusives<\/b><span style=\"font-weight: 400;\"> et \u00e0 des produits souvent indisponibles localement.<\/span><span style=\"font-weight: 400;\">\n<p><\/span><\/li>\n<\/ul>\n<h3><b>O que torna um pacote de can\u00e1bis de 80g com desconto excelente?<\/b><\/h3>\n<p><span style=\"font-weight: 400;\">Para escolher um produto de qualidade, eis os elementos a considerar:<\/span><\/p>\n<ul>\n<li style=\"font-weight: 400;\" aria-level=\"1\"><b>Qualit\u00e9 du produit<\/b><span style=\"font-weight: 400;\"> : puret\u00e9, fra\u00eecheur, et conditionnement soign\u00e9.<\/span><span style=\"font-weight: 400;\">\n<p><\/span><\/li>\n<li style=\"font-weight: 400;\" aria-level=\"1\"><b>Authenticit\u00e9<\/b><span style=\"font-weight: 400;\"> : origine v\u00e9rifi\u00e9e et transparence sur les ingr\u00e9dients ou vari\u00e9t\u00e9s.<\/span><span style=\"font-weight: 400;\">\n<p><\/span><\/li>\n<li style=\"font-weight: 400;\" aria-level=\"1\"><b>Poids exact<\/b><span style=\"font-weight: 400;\"> : le respect du poids annonc\u00e9 (80 grammes).<\/span><span style=\"font-weight: 400;\">\n<p><\/span><\/li>\n<li style=\"font-weight: 400;\" aria-level=\"1\"><b>Emballage adapt\u00e9<\/b><span style=\"font-weight: 400;\"> : conservation optimale et discr\u00e9tion assur\u00e9e.<\/span><span style=\"font-weight: 400;\">\n<p><\/span><\/li>\n<li style=\"font-weight: 400;\" aria-level=\"1\"><b>Avis clients positifs<\/b><span style=\"font-weight: 400;\"> : gage de satisfaction et de confiance.<\/span><span style=\"font-weight: 400;\">\n<p><\/span><\/li>\n<\/ul>\n<h2><b>Compre um pacote de can\u00e1bis com desconto de 80g online: porque \u00e9 que este produto \u00e9 t\u00e3o popular<\/b><\/h2>\n<ul>\n<li style=\"font-weight: 400;\" aria-level=\"1\"><b>Sites sp\u00e9cialis\u00e9s reconnus<\/b><span style=\"font-weight: 400;\"> qui garantissent des produits test\u00e9s et conformes.<\/span><span style=\"font-weight: 400;\">\n<p><\/span><\/li>\n<li style=\"font-weight: 400;\" aria-level=\"1\"><b>March\u00e9s en ligne fiables<\/b><span style=\"font-weight: 400;\">, offrant un large choix de vendeurs et comparateurs.<\/span><span style=\"font-weight: 400;\">\n<p><\/span><\/li>\n<li style=\"font-weight: 400;\" aria-level=\"1\"><b>Boutiques artisanales ou locales en ligne<\/b><span style=\"font-weight: 400;\">, pour des produits plus authentiques et personnalis\u00e9s.<\/span><span style=\"font-weight: 400;\">\n<p><\/span><\/li>\n<li style=\"font-weight: 400;\" aria-level=\"1\"><b>Plateformes avec options de livraison rapide et discr\u00e8te<\/b><span style=\"font-weight: 400;\">, un crit\u00e8re crucial.<\/span><span style=\"font-weight: 400;\">\n<p><\/span><\/li>\n<\/ul>\n<h2><b>Como escolher o produto ou vendedor certo?<\/b><\/h2>\n<ul>\n<li style=\"font-weight: 400;\" aria-level=\"1\"><b>Consultez les avis et retours d\u2019exp\u00e9rience<\/b><span style=\"font-weight: 400;\"> pour \u00e9viter les mauvaises surprises.<\/span><span style=\"font-weight: 400;\">\n<p><\/span><\/li>\n<li style=\"font-weight: 400;\" aria-level=\"1\"><b>V\u00e9rifiez les politiques de retour et remboursement<\/b><span style=\"font-weight: 400;\"> en cas de probl\u00e8me.<\/span><span style=\"font-weight: 400;\">\n<p><\/span><\/li>\n<li style=\"font-weight: 400;\" aria-level=\"1\"><b>Comparez les prix<\/b><span style=\"font-weight: 400;\"> pour trouver un Remise Paquet De Mauvaises Herbes 80G au meilleur prix.<\/span><span style=\"font-weight: 400;\">\n<p><\/span><\/li>\n<li style=\"font-weight: 400;\" aria-level=\"1\"><b>Privil\u00e9giez les vendeurs transparents<\/b><span style=\"font-weight: 400;\"> sur la provenance et les caract\u00e9ristiques du produit.<\/span><span style=\"font-weight: 400;\">\n<p><\/span><\/li>\n<\/ul>\n<h3><b>Conclus\u00e3o: Porque vale a pena experimentar o Discount Weed Pack 80G<\/b><\/h3>\n<p><span style=\"font-weight: 400;\">Com a sua crescente popularidade e facilidade de acesso online, o <\/span><b>Compre um pacote de can\u00e1bis com desconto de 80g online: porque \u00e9 que este produto \u00e9 t\u00e3o popular<\/b><span style=\"font-weight: 400;\"> tornou-se um item essencial para entusiastas e consumidores exigentes. Comprar online permite-lhe desfrutar de um produto fresco e fi\u00e1vel, entregue diretamente em sua casa, com discri\u00e7\u00e3o.<\/span><\/p>\n<p>&nbsp;<\/p>","protected":false},"excerpt":{"rendered":"<p>10G de hasch noir afghan<\/p>\n<p><strong>Paquet de 5 Gras\u00a0:<\/strong><br \/>\n10G Banane Kush<br \/>\n10G Myrtille Kush<br \/>\n10G Tarte Aux Cerises<br \/>\nBrume de train fant\u00f4me 10G<br \/>\n10G Orange Kush<\/p>\n<p>Huile de cannabis 10G OG Kush<\/p>\n<p>10G Cire Saint Graal OG Marihuna Wachs &amp; Shatter<\/p>","protected":false},"featured_media":1759,"comment_status":"open","ping_status":"closed","template":"","meta":{"_kadence_starter_templates_imported_post":false,"_kad_post_transparent":"default","_kad_post_title":"","_kad_post_layout":"default","_kad_post_sidebar_id":"","_kad_post_content_style":"default","_kad_post_vertical_padding":"default","_kad_post_feature":"","_kad_post_feature_position":"","_kad_post_header":false,"_kad_post_footer":false,"_joinchat":[]},"product_brand":[],"product_cat":[17],"product_tag":[],"class_list":{"0":"post-1758","1":"product","2":"type-product","3":"status-publish","4":"has-post-thumbnail","6":"product_cat-canabis-en-ligne","8":"first","9":"instock","10":"sale","11":"shipping-taxable","12":"purchasable","13":"product-type-simple","14":"entry","15":"content-bg","16":"loop-entry"},"yoast_head":"<!-- This site is optimized with the Yoast SEO plugin v23.5 - https:\/\/yoast.com\/wordpress\/plugins\/seo\/ -->\n<title>Achetez le pack de cannabis \u00e0 prix r\u00e9duit 80G en ligne<\/title>\n<meta name=\"description\" content=\"Si vous souhaitez acheter du Discount Weed Pack 80G en ligne et que vous recherchez une boutique en ligne fiable, achetez ici. Nous proposons uniquement du Discount Weed Pack 80G de haute qualit\u00e9 \u00e0 un prix abordable.\" \/>\n<meta name=\"robots\" content=\"index, follow, max-snippet:-1, max-image-preview:large, max-video-preview:-1\" \/>\n<link rel=\"canonical\" href=\"https:\/\/herbelegale.com\/pt\/product\/remise-paquet-de-mauvaises-herbes-80g\/\" \/>\n<meta property=\"og:locale\" content=\"pt_PT\" \/>\n<meta property=\"og:type\" content=\"article\" \/>\n<meta property=\"og:title\" content=\"Achetez le pack de cannabis \u00e0 prix r\u00e9duit 80G en ligne\" \/>\n<meta property=\"og:description\" content=\"Si vous souhaitez acheter du Discount Weed Pack 80G en ligne et que vous recherchez une boutique en ligne fiable, achetez ici. Nous proposons uniquement du Discount Weed Pack 80G de haute qualit\u00e9 \u00e0 un prix abordable.\" \/>\n<meta property=\"og:url\" content=\"https:\/\/herbelegale.com\/pt\/product\/remise-paquet-de-mauvaises-herbes-80g\/\" \/>\n<meta property=\"og:site_name\" content=\"Herbe L\u00e9gale\" \/>\n<meta property=\"article:modified_time\" content=\"2025-06-17T06:27:50+00:00\" \/>\n<meta property=\"og:image\" content=\"https:\/\/herbelegale.com\/wp-content\/uploads\/2023\/12\/mix-product.jpg\" \/>\n\t<meta property=\"og:image:width\" content=\"600\" \/>\n\t<meta property=\"og:image:height\" content=\"600\" \/>\n\t<meta property=\"og:image:type\" content=\"image\/jpeg\" \/>\n<meta name=\"twitter:card\" content=\"summary_large_image\" \/>\n<meta name=\"twitter:label1\" content=\"Tempo estimado de leitura\" \/>\n\t<meta name=\"twitter:data1\" content=\"3 minutes\" \/>\n<script type=\"application\/ld+json\" class=\"yoast-schema-graph\">{\"@context\":\"https:\/\/schema.org\",\"@graph\":[{\"@type\":\"WebPage\",\"@id\":\"https:\/\/herbelegale.com\/product\/remise-paquet-de-mauvaises-herbes-80g\/\",\"url\":\"https:\/\/herbelegale.com\/product\/remise-paquet-de-mauvaises-herbes-80g\/\",\"name\":\"Achetez le pack de cannabis \u00e0 prix r\u00e9duit 80G en ligne\",\"isPartOf\":{\"@id\":\"https:\/\/herbelegale.com\/#website\"},\"primaryImageOfPage\":{\"@id\":\"https:\/\/herbelegale.com\/product\/remise-paquet-de-mauvaises-herbes-80g\/#primaryimage\"},\"image\":{\"@id\":\"https:\/\/herbelegale.com\/product\/remise-paquet-de-mauvaises-herbes-80g\/#primaryimage\"},\"thumbnailUrl\":\"https:\/\/herbelegale.com\/wp-content\/uploads\/2023\/12\/mix-product.jpg\",\"datePublished\":\"2023-12-19T10:13:50+00:00\",\"dateModified\":\"2025-06-17T06:27:50+00:00\",\"description\":\"Si vous souhaitez acheter du Discount Weed Pack 80G en ligne et que vous recherchez une boutique en ligne fiable, achetez ici. Nous proposons uniquement du Discount Weed Pack 80G de haute qualit\u00e9 \u00e0 un prix abordable.\",\"breadcrumb\":{\"@id\":\"https:\/\/herbelegale.com\/product\/remise-paquet-de-mauvaises-herbes-80g\/#breadcrumb\"},\"inLanguage\":\"pt-PT\",\"potentialAction\":[{\"@type\":\"ReadAction\",\"target\":[\"https:\/\/herbelegale.com\/product\/remise-paquet-de-mauvaises-herbes-80g\/\"]}]},{\"@type\":\"ImageObject\",\"inLanguage\":\"pt-PT\",\"@id\":\"https:\/\/herbelegale.com\/product\/remise-paquet-de-mauvaises-herbes-80g\/#primaryimage\",\"url\":\"https:\/\/herbelegale.com\/wp-content\/uploads\/2023\/12\/mix-product.jpg\",\"contentUrl\":\"https:\/\/herbelegale.com\/wp-content\/uploads\/2023\/12\/mix-product.jpg\",\"width\":600,\"height\":600,\"caption\":\"mix-product\"},{\"@type\":\"BreadcrumbList\",\"@id\":\"https:\/\/herbelegale.com\/product\/remise-paquet-de-mauvaises-herbes-80g\/#breadcrumb\",\"itemListElement\":[{\"@type\":\"ListItem\",\"position\":1,\"name\":\"Home\",\"item\":\"https:\/\/herbelegale.com\/\"},{\"@type\":\"ListItem\",\"position\":2,\"name\":\"Boutique\",\"item\":\"https:\/\/herbelegale.com\/boutique\/\"},{\"@type\":\"ListItem\",\"position\":3,\"name\":\"Remise Paquet De Mauvaises Herbes 80G\"}]},{\"@type\":\"WebSite\",\"@id\":\"https:\/\/herbelegale.com\/#website\",\"url\":\"https:\/\/herbelegale.com\/\",\"name\":\"Herbe L\u00e9gale\",\"description\":\"Acheter de l&#039;herbe en ligne\",\"publisher\":{\"@id\":\"https:\/\/herbelegale.com\/#organization\"},\"potentialAction\":[{\"@type\":\"SearchAction\",\"target\":{\"@type\":\"EntryPoint\",\"urlTemplate\":\"https:\/\/herbelegale.com\/?s={search_term_string}\"},\"query-input\":{\"@type\":\"PropertyValueSpecification\",\"valueRequired\":true,\"valueName\":\"search_term_string\"}}],\"inLanguage\":\"pt-PT\"},{\"@type\":\"Organization\",\"@id\":\"https:\/\/herbelegale.com\/#organization\",\"name\":\"Herbe L\u00e9gale\",\"url\":\"https:\/\/herbelegale.com\/\",\"logo\":{\"@type\":\"ImageObject\",\"inLanguage\":\"pt-PT\",\"@id\":\"https:\/\/herbelegale.com\/#\/schema\/logo\/image\/\",\"url\":\"https:\/\/herbelegale.com\/wp-content\/uploads\/2023\/10\/logo-1.png\",\"contentUrl\":\"https:\/\/herbelegale.com\/wp-content\/uploads\/2023\/10\/logo-1.png\",\"width\":400,\"height\":120,\"caption\":\"Herbe L\u00e9gale\"},\"image\":{\"@id\":\"https:\/\/herbelegale.com\/#\/schema\/logo\/image\/\"}}]}<\/script>\n<!-- \/ Yoast SEO plugin. -->","yoast_head_json":{"title":"Achetez le pack de cannabis \u00e0 prix r\u00e9duit 80G en ligne","description":"Si vous souhaitez acheter du Discount Weed Pack 80G en ligne et que vous recherchez une boutique en ligne fiable, achetez ici. Nous proposons uniquement du Discount Weed Pack 80G de haute qualit\u00e9 \u00e0 un prix abordable.","robots":{"index":"index","follow":"follow","max-snippet":"max-snippet:-1","max-image-preview":"max-image-preview:large","max-video-preview":"max-video-preview:-1"},"canonical":"https:\/\/herbelegale.com\/pt\/product\/remise-paquet-de-mauvaises-herbes-80g\/","og_locale":"pt_PT","og_type":"article","og_title":"Achetez le pack de cannabis \u00e0 prix r\u00e9duit 80G en ligne","og_description":"Si vous souhaitez acheter du Discount Weed Pack 80G en ligne et que vous recherchez une boutique en ligne fiable, achetez ici. Nous proposons uniquement du Discount Weed Pack 80G de haute qualit\u00e9 \u00e0 un prix abordable.","og_url":"https:\/\/herbelegale.com\/pt\/product\/remise-paquet-de-mauvaises-herbes-80g\/","og_site_name":"Herbe L\u00e9gale","article_modified_time":"2025-06-17T06:27:50+00:00","og_image":[{"width":600,"height":600,"url":"https:\/\/herbelegale.com\/wp-content\/uploads\/2023\/12\/mix-product.jpg","type":"image\/jpeg"}],"twitter_card":"summary_large_image","twitter_misc":{"Tempo estimado de leitura":"3 minutes"},"schema":{"@context":"https:\/\/schema.org","@graph":[{"@type":"WebPage","@id":"https:\/\/herbelegale.com\/product\/remise-paquet-de-mauvaises-herbes-80g\/","url":"https:\/\/herbelegale.com\/product\/remise-paquet-de-mauvaises-herbes-80g\/","name":"Achetez le pack de cannabis \u00e0 prix r\u00e9duit 80G en ligne","isPartOf":{"@id":"https:\/\/herbelegale.com\/#website"},"primaryImageOfPage":{"@id":"https:\/\/herbelegale.com\/product\/remise-paquet-de-mauvaises-herbes-80g\/#primaryimage"},"image":{"@id":"https:\/\/herbelegale.com\/product\/remise-paquet-de-mauvaises-herbes-80g\/#primaryimage"},"thumbnailUrl":"https:\/\/herbelegale.com\/wp-content\/uploads\/2023\/12\/mix-product.jpg","datePublished":"2023-12-19T10:13:50+00:00","dateModified":"2025-06-17T06:27:50+00:00","description":"Si vous souhaitez acheter du Discount Weed Pack 80G en ligne et que vous recherchez une boutique en ligne fiable, achetez ici. Nous proposons uniquement du Discount Weed Pack 80G de haute qualit\u00e9 \u00e0 un prix abordable.","breadcrumb":{"@id":"https:\/\/herbelegale.com\/product\/remise-paquet-de-mauvaises-herbes-80g\/#breadcrumb"},"inLanguage":"pt-PT","potentialAction":[{"@type":"ReadAction","target":["https:\/\/herbelegale.com\/product\/remise-paquet-de-mauvaises-herbes-80g\/"]}]},{"@type":"ImageObject","inLanguage":"pt-PT","@id":"https:\/\/herbelegale.com\/product\/remise-paquet-de-mauvaises-herbes-80g\/#primaryimage","url":"https:\/\/herbelegale.com\/wp-content\/uploads\/2023\/12\/mix-product.jpg","contentUrl":"https:\/\/herbelegale.com\/wp-content\/uploads\/2023\/12\/mix-product.jpg","width":600,"height":600,"caption":"mix-product"},{"@type":"BreadcrumbList","@id":"https:\/\/herbelegale.com\/product\/remise-paquet-de-mauvaises-herbes-80g\/#breadcrumb","itemListElement":[{"@type":"ListItem","position":1,"name":"Home","item":"https:\/\/herbelegale.com\/"},{"@type":"ListItem","position":2,"name":"Boutique","item":"https:\/\/herbelegale.com\/boutique\/"},{"@type":"ListItem","position":3,"name":"Remise Paquet De Mauvaises Herbes 80G"}]},{"@type":"WebSite","@id":"https:\/\/herbelegale.com\/#website","url":"https:\/\/herbelegale.com\/","name":"Herbe L\u00e9gale","description":"Acheter de l&#039;herbe en ligne","publisher":{"@id":"https:\/\/herbelegale.com\/#organization"},"potentialAction":[{"@type":"SearchAction","target":{"@type":"EntryPoint","urlTemplate":"https:\/\/herbelegale.com\/?s={search_term_string}"},"query-input":{"@type":"PropertyValueSpecification","valueRequired":true,"valueName":"search_term_string"}}],"inLanguage":"pt-PT"},{"@type":"Organization","@id":"https:\/\/herbelegale.com\/#organization","name":"Herbe L\u00e9gale","url":"https:\/\/herbelegale.com\/","logo":{"@type":"ImageObject","inLanguage":"pt-PT","@id":"https:\/\/herbelegale.com\/#\/schema\/logo\/image\/","url":"https:\/\/herbelegale.com\/wp-content\/uploads\/2023\/10\/logo-1.png","contentUrl":"https:\/\/herbelegale.com\/wp-content\/uploads\/2023\/10\/logo-1.png","width":400,"height":120,"caption":"Herbe L\u00e9gale"},"image":{"@id":"https:\/\/herbelegale.com\/#\/schema\/logo\/image\/"}}]}},"_links":{"self":[{"href":"https:\/\/herbelegale.com\/pt\/wp-json\/wp\/v2\/product\/1758","targetHints":{"allow":["GET"]}}],"collection":[{"href":"https:\/\/herbelegale.com\/pt\/wp-json\/wp\/v2\/product"}],"about":[{"href":"https:\/\/herbelegale.com\/pt\/wp-json\/wp\/v2\/types\/product"}],"replies":[{"embeddable":true,"href":"https:\/\/herbelegale.com\/pt\/wp-json\/wp\/v2\/comments?post=1758"}],"wp:featuredmedia":[{"embeddable":true,"href":"https:\/\/herbelegale.com\/pt\/wp-json\/wp\/v2\/media\/1759"}],"wp:attachment":[{"href":"https:\/\/herbelegale.com\/pt\/wp-json\/wp\/v2\/media?parent=1758"}],"wp:term":[{"taxonomy":"product_brand","embeddable":true,"href":"https:\/\/herbelegale.com\/pt\/wp-json\/wp\/v2\/product_brand?post=1758"},{"taxonomy":"product_cat","embeddable":true,"href":"https:\/\/herbelegale.com\/pt\/wp-json\/wp\/v2\/product_cat?post=1758"},{"taxonomy":"product_tag","embeddable":true,"href":"https:\/\/herbelegale.com\/pt\/wp-json\/wp\/v2\/product_tag?post=1758"}],"curies":[{"name":"wp","href":"https:\/\/api.w.org\/{rel}","templated":true}]}}