{"id":1389,"date":"2023-09-30T10:46:40","date_gmt":"2023-09-30T10:46:40","guid":{"rendered":"https:\/\/nembutalhouse.com\/weed\/?post_type=product&#038;p=1389"},"modified":"2025-07-19T12:28:00","modified_gmt":"2025-07-19T12:28:00","slug":"skywalker-og-cannabis-oil","status":"publish","type":"product","link":"https:\/\/herbelegale.com\/pt\/product\/skywalker-og-cannabis-oil\/","title":{"rendered":"\u00d3leo de can\u00e1bis Skywalker OG"},"content":{"rendered":"<h2><b>\u00d3leo de Can\u00e1bis Skywalker OG \u2013 Pot\u00eancia e Serenidade em Cada Gota<\/b><\/h2>\n<h3><b>Introdu\u00e7\u00e3o ao \u00f3leo de can\u00e1bis Skywalker OG<\/b><\/h3>\n<p><a href=\"https:\/\/herbelegale.com\/pt\/product\/skywalker-og-cannabis-oil\/\">L&rsquo;Huile de Cannabis Skywalker OG<\/a> \u00e9 um extrato de can\u00e1bis premium, derivado da famosa variedade Skywalker OG, conhecida pelos seus efeitos poderosos e calmantes. Ideal para quem procura uma experi\u00eancia recreativa e terap\u00eautica, este \u00f3leo oferece uma elevada concentra\u00e7\u00e3o de THC e CBD, proporcionando um relaxamento profundo e al\u00edvio de diversas condi\u00e7\u00f5es. Enriquecido com aromas doces e terrosos, o \u00f3leo Skywalker OG \u00e9 uma excelente escolha para quem pretende um concentrado de can\u00e1bis premium.<\/p>\n<h3><b>O que \u00e9 o \u00f3leo de can\u00e1bis Skywalker OG?<\/b><\/h3>\n<p><a href=\"https:\/\/en.wikipedia.org\/wiki\/Cannabis\">L&rsquo;Huile de Cannabis Skywalker OG<\/a> \u00e9 um extrato concentrado de can\u00e1bis derivado da variedade Skywalker OG, uma estirpe h\u00edbrida conhecida pelos seus efeitos relaxantes e euf\u00f3ricos. Gra\u00e7as a um cuidadoso processo de extra\u00e7\u00e3o, o \u00f3leo ret\u00e9m uma elevada concentra\u00e7\u00e3o de canabinoides, incluindo THC e CBD, bem como terpenos respons\u00e1veis pelos seus aromas \u00fanicos. Este \u00f3leo \u00e9 ideal para quem procura um produto vers\u00e1til que possa ser utilizado tanto para fins m\u00e9dicos como recreativos.<\/p>\n<p>Pode ser consumido de diversas formas: gotas debaixo da l\u00edngua, incorporado nos alimentos ou at\u00e9 utilizado num vaporizador pr\u00f3prio para inala\u00e7\u00e3o.<\/p>\n<h3><b>Usos e efeitos comuns do \u00f3leo de can\u00e1bis Skywalker OG<\/b><\/h3>\n<p>O \u00f3leo Skywalker OG \u00e9 utilizado principalmente pelos seus efeitos relaxantes e anti-stress. Pode tamb\u00e9m ser uma excelente escolha para aliviar diversas doen\u00e7as. Eis os principais benef\u00edcios e efeitos que este \u00f3leo pode proporcionar:<\/p>\n<h3><b>Efeitos t\u00edpicos:<\/b><\/h3>\n<ul>\n<li style=\"font-weight: 400;\" aria-level=\"1\">Relaxation musculaire et apaisement g\u00e9n\u00e9ral&nbsp;<\/li>\n<li style=\"font-weight: 400;\" aria-level=\"1\">Redukcja stresu i l\u0119ku&nbsp;<\/li>\n<li style=\"font-weight: 400;\" aria-level=\"1\">Am\u00e9lioration du sommeil (anti-unettomuus)&nbsp;<\/li>\n<li style=\"font-weight: 400;\" aria-level=\"1\">Soulagement des douleurs chroniques (comme les douleurs articulaires)&nbsp;<\/li>\n<li style=\"font-weight: 400;\" aria-level=\"1\">Lempe\u00e4n ja kest\u00e4v\u00e4n euforian tunne&nbsp;<\/li>\n<\/ul>\n<h3><b>M\u00e9todos de consumo:<\/b><\/h3>\n<ul>\n<li style=\"font-weight: 400;\" aria-level=\"1\">Gouttes sous la langue (faciles \u00e0 doser)&nbsp;<\/li>\n<li style=\"font-weight: 400;\" aria-level=\"1\">M\u00e9lang\u00e9e \u00e0 des aliments (smoothiet, th\u00e9 jne.)&nbsp;<\/li>\n<li style=\"font-weight: 400;\" aria-level=\"1\">H\u00f6yrystys (utilisation d\u2019un vaporisateur yhteensopiva)&nbsp;<\/li>\n<li style=\"font-weight: 400;\" aria-level=\"1\">Nieleminen ja kapselit (saatavilla)&nbsp;<\/li>\n<\/ul>\n<h3><b>Estatuto jur\u00eddico: um enquadramento que varia consoante a regi\u00e3o<\/b><\/h3>\n<p>O estatuto legal do \u00f3leo Skywalker OG depende muito da sua regi\u00e3o ou pa\u00eds. Em algumas jurisdi\u00e7\u00f5es, o uso e a venda de produtos de can\u00e1bis, incluindo o \u00f3leo, podem ser completamente legais, enquanto noutras, o uso \u00e9 estritamente regulamentado ou mesmo proibido.<\/p>\n<p>Dica: Antes de encomendar o \u00f3leo de can\u00e1bis Skywalker OG online, certifique-se de que conhece as leis locais relativas \u00e0 compra e utiliza\u00e7\u00e3o de produtos de can\u00e1bis.<\/p>\n<h3><b>Porqu\u00ea comprar \u00f3leo de can\u00e1bis Skywalker OG online?<\/b><\/h3>\n<p><b>Accessibilit\u00e9 et praticit\u00e9<\/b><\/p>\n<p>Comprar \u00f3leo Skywalker OG online permite-lhe ter acesso a um produto de qualidade premium sem ter de sair de casa. As lojas online oferecem uma grande conveni\u00eancia, incluindo op\u00e7\u00f5es de entrega r\u00e1pida e discreta.<\/p>\n<p><b>Diversidade de vendedores<\/b><\/p>\n<p>A internet permite-lhe escolher entre uma grande variedade de fornecedores especializados na venda de produtos de can\u00e1bis. Isto d\u00e1-lhe a oportunidade de comparar pre\u00e7os, qualidades e origens dos produtos para encontrar o \u00f3leo Skywalker OG ideal para o seu gosto e or\u00e7amento.<\/p>\n<p><b>Entrega discreta e segura<\/b><\/p>\n<p>As melhores plataformas oferecem uma entrega discreta, com embalagens simples, garantindo que as suas compras se mant\u00eam privadas. Al\u00e9m disso, muitos sites oferecem op\u00e7\u00f5es de entrega expresso, bem como um seguimento preciso dos pedidos.<\/p>\n<h3><b>Como escolher um vendedor de confian\u00e7a para encomendar \u00f3leo de can\u00e1bis Skywalker OG online?<\/b><\/h3>\n<p>Pour vous assurer de recevoir un produit de qualit\u00e9 et \u00e9viter les mauvaises yll\u00e4tyksi\u00e4, voici quelques conseils pour choisir un vendeur fiable:<\/p>\n<ol>\n<li style=\"font-weight: 400;\" aria-level=\"1\">Verifiez la r\u00e9putation du vendeur via des avis clients and des recommandations&nbsp;<\/li>\n<li style=\"font-weight: 400;\" aria-level=\"1\">Assurez-vous de la transparence du vendeur relatedant la provenance et les m\u00e9thodes d\u2019extraction de l\u2019huile&nbsp;<\/li>\n<li style=\"font-weight: 400;\" aria-level=\"1\">S\u00e9curisez vos paiements en choisissant des sites qui proposent des m\u00e9thodes de paiement s\u00fbres&nbsp;<\/li>\n<li style=\"font-weight: 400;\" aria-level=\"1\">Consultez la politique de retour et d\u2019\u00e9change du site, au cas o\u00f9 le produit ne vastaavat pas \u00e0 vos attentes<\/li>\n<\/ol>\n<h3><b>Pol\u00edticas de Envio<\/b><\/h3>\n<p>Os sites de confian\u00e7a oferecem entrega r\u00e1pida com rastreamento detalhado dos pedidos. Pode tamb\u00e9m optar por op\u00e7\u00f5es de entrega discretas, garantindo a confidencialidade das suas compras. Alguns vendedores at\u00e9 oferecem portes gr\u00e1tis ou com desconto, dependendo do valor do seu pedido.<\/p>\n<h3><b>Conclus\u00e3o: Relaxe e desfrute da qualidade OG Skywalker \u2013 diretamente na sua casa<\/b><\/h3>\n<p>O \u00f3leo de can\u00e1bis Skywalker OG \u00e9 a escolha ideal para quem procura um produto natural e poderoso para aliviar o stress, a dor ou melhorar a qualidade do sono. Ao comprar online, pode encomendar facilmente o \u00f3leo Skywalker OG, com a garantia de entrega discreta e uma experi\u00eancia de compra segura.<\/p>","protected":false},"excerpt":{"rendered":"<p>Huile de Cannabis Skywalker OG \u2013 La Puissance et la S\u00e9r\u00e9nit\u00e9 dans Chaque Goutte Introduction \u00e0 l&rsquo;Huile de Cannabis Skywalker OG L&rsquo;Huile de Cannabis Skywalker OG est un extrait de cannabis premium, d\u00e9riv\u00e9 de la c\u00e9l\u00e8bre souche Skywalker OG, connue pour ses effets puissants et apaisants. Id\u00e9ale pour ceux qui recherchent \u00e0 la fois une&#8230;<\/p>","protected":false},"featured_media":1409,"comment_status":"open","ping_status":"closed","template":"","meta":{"_kadence_starter_templates_imported_post":false,"_kad_post_transparent":"default","_kad_post_title":"","_kad_post_layout":"default","_kad_post_sidebar_id":"","_kad_post_content_style":"default","_kad_post_vertical_padding":"default","_kad_post_feature":"","_kad_post_feature_position":"","_kad_post_header":false,"_kad_post_footer":false,"_joinchat":[]},"product_brand":[],"product_cat":[30],"product_tag":[],"class_list":{"0":"post-1389","1":"product","2":"type-product","3":"status-publish","4":"has-post-thumbnail","6":"product_cat-huile-de-cannabis-thc","8":"first","9":"instock","10":"shipping-taxable","11":"purchasable","12":"product-type-variable","13":"entry","14":"content-bg","15":"loop-entry"},"yoast_head":"<!-- This site is optimized with the Yoast SEO plugin v23.5 - https:\/\/yoast.com\/wordpress\/plugins\/seo\/ -->\n<title>Acheter de l&#039;huile de cannabis OG Kush en lig<\/title>\n<meta name=\"description\" content=\"Vous pouvez entrer en contact avec notre boutique en ligne et acheter de l&#039;huile de cannabis OG Kush en ligne. Nous avons de l&#039;huile de cannabis OG Kush \u00e0 vendre \u00e0 des prix bon march\u00e9. Procurez-vous la v\u00f4tre chez vous tout de suite !\" \/>\n<meta name=\"robots\" content=\"index, follow, max-snippet:-1, max-image-preview:large, max-video-preview:-1\" \/>\n<link rel=\"canonical\" href=\"https:\/\/herbelegale.com\/pt\/product\/skywalker-og-cannabis-oil\/\" \/>\n<meta property=\"og:locale\" content=\"pt_PT\" \/>\n<meta property=\"og:type\" content=\"article\" \/>\n<meta property=\"og:title\" content=\"Acheter de l&#039;huile de cannabis OG Kush en lig\" \/>\n<meta property=\"og:description\" content=\"Vous pouvez entrer en contact avec notre boutique en ligne et acheter de l&#039;huile de cannabis OG Kush en ligne. Nous avons de l&#039;huile de cannabis OG Kush \u00e0 vendre \u00e0 des prix bon march\u00e9. Procurez-vous la v\u00f4tre chez vous tout de suite !\" \/>\n<meta property=\"og:url\" content=\"https:\/\/herbelegale.com\/pt\/product\/skywalker-og-cannabis-oil\/\" \/>\n<meta property=\"og:site_name\" content=\"Herbe L\u00e9gale\" \/>\n<meta property=\"article:modified_time\" content=\"2025-07-19T12:28:00+00:00\" \/>\n<meta property=\"og:image\" content=\"https:\/\/herbelegale.com\/wp-content\/uploads\/2023\/09\/Skywalker-OG-Cannabis-Oil.jpg\" \/>\n\t<meta property=\"og:image:width\" content=\"600\" \/>\n\t<meta property=\"og:image:height\" content=\"600\" \/>\n\t<meta property=\"og:image:type\" content=\"image\/jpeg\" \/>\n<meta name=\"twitter:card\" content=\"summary_large_image\" \/>\n<meta name=\"twitter:label1\" content=\"Tempo estimado de leitura\" \/>\n\t<meta name=\"twitter:data1\" content=\"4 minutes\" \/>\n<script type=\"application\/ld+json\" class=\"yoast-schema-graph\">{\"@context\":\"https:\/\/schema.org\",\"@graph\":[{\"@type\":\"WebPage\",\"@id\":\"https:\/\/herbelegale.com\/product\/skywalker-og-cannabis-oil\/\",\"url\":\"https:\/\/herbelegale.com\/product\/skywalker-og-cannabis-oil\/\",\"name\":\"Acheter de l'huile de cannabis OG Kush en lig\",\"isPartOf\":{\"@id\":\"https:\/\/herbelegale.com\/#website\"},\"primaryImageOfPage\":{\"@id\":\"https:\/\/herbelegale.com\/product\/skywalker-og-cannabis-oil\/#primaryimage\"},\"image\":{\"@id\":\"https:\/\/herbelegale.com\/product\/skywalker-og-cannabis-oil\/#primaryimage\"},\"thumbnailUrl\":\"https:\/\/herbelegale.com\/wp-content\/uploads\/2023\/09\/Skywalker-OG-Cannabis-Oil.jpg\",\"datePublished\":\"2023-09-30T10:46:40+00:00\",\"dateModified\":\"2025-07-19T12:28:00+00:00\",\"description\":\"Vous pouvez entrer en contact avec notre boutique en ligne et acheter de l'huile de cannabis OG Kush en ligne. Nous avons de l'huile de cannabis OG Kush \u00e0 vendre \u00e0 des prix bon march\u00e9. Procurez-vous la v\u00f4tre chez vous tout de suite !\",\"breadcrumb\":{\"@id\":\"https:\/\/herbelegale.com\/product\/skywalker-og-cannabis-oil\/#breadcrumb\"},\"inLanguage\":\"pt-PT\",\"potentialAction\":[{\"@type\":\"ReadAction\",\"target\":[\"https:\/\/herbelegale.com\/product\/skywalker-og-cannabis-oil\/\"]}]},{\"@type\":\"ImageObject\",\"inLanguage\":\"pt-PT\",\"@id\":\"https:\/\/herbelegale.com\/product\/skywalker-og-cannabis-oil\/#primaryimage\",\"url\":\"https:\/\/herbelegale.com\/wp-content\/uploads\/2023\/09\/Skywalker-OG-Cannabis-Oil.jpg\",\"contentUrl\":\"https:\/\/herbelegale.com\/wp-content\/uploads\/2023\/09\/Skywalker-OG-Cannabis-Oil.jpg\",\"width\":600,\"height\":600,\"caption\":\"Skywalker-OG-Cannabis-Oil\"},{\"@type\":\"BreadcrumbList\",\"@id\":\"https:\/\/herbelegale.com\/product\/skywalker-og-cannabis-oil\/#breadcrumb\",\"itemListElement\":[{\"@type\":\"ListItem\",\"position\":1,\"name\":\"Home\",\"item\":\"https:\/\/herbelegale.com\/\"},{\"@type\":\"ListItem\",\"position\":2,\"name\":\"Boutique\",\"item\":\"https:\/\/herbelegale.com\/boutique\/\"},{\"@type\":\"ListItem\",\"position\":3,\"name\":\"Skywalker OG Cannabis Oil\"}]},{\"@type\":\"WebSite\",\"@id\":\"https:\/\/herbelegale.com\/#website\",\"url\":\"https:\/\/herbelegale.com\/\",\"name\":\"Herbe L\u00e9gale\",\"description\":\"Acheter de l&#039;herbe en ligne\",\"publisher\":{\"@id\":\"https:\/\/herbelegale.com\/#organization\"},\"potentialAction\":[{\"@type\":\"SearchAction\",\"target\":{\"@type\":\"EntryPoint\",\"urlTemplate\":\"https:\/\/herbelegale.com\/?s={search_term_string}\"},\"query-input\":{\"@type\":\"PropertyValueSpecification\",\"valueRequired\":true,\"valueName\":\"search_term_string\"}}],\"inLanguage\":\"pt-PT\"},{\"@type\":\"Organization\",\"@id\":\"https:\/\/herbelegale.com\/#organization\",\"name\":\"Herbe L\u00e9gale\",\"url\":\"https:\/\/herbelegale.com\/\",\"logo\":{\"@type\":\"ImageObject\",\"inLanguage\":\"pt-PT\",\"@id\":\"https:\/\/herbelegale.com\/#\/schema\/logo\/image\/\",\"url\":\"https:\/\/herbelegale.com\/wp-content\/uploads\/2023\/10\/logo-1.png\",\"contentUrl\":\"https:\/\/herbelegale.com\/wp-content\/uploads\/2023\/10\/logo-1.png\",\"width\":400,\"height\":120,\"caption\":\"Herbe L\u00e9gale\"},\"image\":{\"@id\":\"https:\/\/herbelegale.com\/#\/schema\/logo\/image\/\"}}]}<\/script>\n<!-- \/ Yoast SEO plugin. -->","yoast_head_json":{"title":"Acheter de l'huile de cannabis OG Kush en lig","description":"Vous pouvez entrer en contact avec notre boutique en ligne et acheter de l'huile de cannabis OG Kush en ligne. Nous avons de l'huile de cannabis OG Kush \u00e0 vendre \u00e0 des prix bon march\u00e9. Procurez-vous la v\u00f4tre chez vous tout de suite !","robots":{"index":"index","follow":"follow","max-snippet":"max-snippet:-1","max-image-preview":"max-image-preview:large","max-video-preview":"max-video-preview:-1"},"canonical":"https:\/\/herbelegale.com\/pt\/product\/skywalker-og-cannabis-oil\/","og_locale":"pt_PT","og_type":"article","og_title":"Acheter de l'huile de cannabis OG Kush en lig","og_description":"Vous pouvez entrer en contact avec notre boutique en ligne et acheter de l'huile de cannabis OG Kush en ligne. Nous avons de l'huile de cannabis OG Kush \u00e0 vendre \u00e0 des prix bon march\u00e9. Procurez-vous la v\u00f4tre chez vous tout de suite !","og_url":"https:\/\/herbelegale.com\/pt\/product\/skywalker-og-cannabis-oil\/","og_site_name":"Herbe L\u00e9gale","article_modified_time":"2025-07-19T12:28:00+00:00","og_image":[{"width":600,"height":600,"url":"https:\/\/herbelegale.com\/wp-content\/uploads\/2023\/09\/Skywalker-OG-Cannabis-Oil.jpg","type":"image\/jpeg"}],"twitter_card":"summary_large_image","twitter_misc":{"Tempo estimado de leitura":"4 minutes"},"schema":{"@context":"https:\/\/schema.org","@graph":[{"@type":"WebPage","@id":"https:\/\/herbelegale.com\/product\/skywalker-og-cannabis-oil\/","url":"https:\/\/herbelegale.com\/product\/skywalker-og-cannabis-oil\/","name":"Acheter de l'huile de cannabis OG Kush en lig","isPartOf":{"@id":"https:\/\/herbelegale.com\/#website"},"primaryImageOfPage":{"@id":"https:\/\/herbelegale.com\/product\/skywalker-og-cannabis-oil\/#primaryimage"},"image":{"@id":"https:\/\/herbelegale.com\/product\/skywalker-og-cannabis-oil\/#primaryimage"},"thumbnailUrl":"https:\/\/herbelegale.com\/wp-content\/uploads\/2023\/09\/Skywalker-OG-Cannabis-Oil.jpg","datePublished":"2023-09-30T10:46:40+00:00","dateModified":"2025-07-19T12:28:00+00:00","description":"Vous pouvez entrer en contact avec notre boutique en ligne et acheter de l'huile de cannabis OG Kush en ligne. Nous avons de l'huile de cannabis OG Kush \u00e0 vendre \u00e0 des prix bon march\u00e9. Procurez-vous la v\u00f4tre chez vous tout de suite !","breadcrumb":{"@id":"https:\/\/herbelegale.com\/product\/skywalker-og-cannabis-oil\/#breadcrumb"},"inLanguage":"pt-PT","potentialAction":[{"@type":"ReadAction","target":["https:\/\/herbelegale.com\/product\/skywalker-og-cannabis-oil\/"]}]},{"@type":"ImageObject","inLanguage":"pt-PT","@id":"https:\/\/herbelegale.com\/product\/skywalker-og-cannabis-oil\/#primaryimage","url":"https:\/\/herbelegale.com\/wp-content\/uploads\/2023\/09\/Skywalker-OG-Cannabis-Oil.jpg","contentUrl":"https:\/\/herbelegale.com\/wp-content\/uploads\/2023\/09\/Skywalker-OG-Cannabis-Oil.jpg","width":600,"height":600,"caption":"Skywalker-OG-Cannabis-Oil"},{"@type":"BreadcrumbList","@id":"https:\/\/herbelegale.com\/product\/skywalker-og-cannabis-oil\/#breadcrumb","itemListElement":[{"@type":"ListItem","position":1,"name":"Home","item":"https:\/\/herbelegale.com\/"},{"@type":"ListItem","position":2,"name":"Boutique","item":"https:\/\/herbelegale.com\/boutique\/"},{"@type":"ListItem","position":3,"name":"Skywalker OG Cannabis Oil"}]},{"@type":"WebSite","@id":"https:\/\/herbelegale.com\/#website","url":"https:\/\/herbelegale.com\/","name":"Herbe L\u00e9gale","description":"Acheter de l&#039;herbe en ligne","publisher":{"@id":"https:\/\/herbelegale.com\/#organization"},"potentialAction":[{"@type":"SearchAction","target":{"@type":"EntryPoint","urlTemplate":"https:\/\/herbelegale.com\/?s={search_term_string}"},"query-input":{"@type":"PropertyValueSpecification","valueRequired":true,"valueName":"search_term_string"}}],"inLanguage":"pt-PT"},{"@type":"Organization","@id":"https:\/\/herbelegale.com\/#organization","name":"Herbe L\u00e9gale","url":"https:\/\/herbelegale.com\/","logo":{"@type":"ImageObject","inLanguage":"pt-PT","@id":"https:\/\/herbelegale.com\/#\/schema\/logo\/image\/","url":"https:\/\/herbelegale.com\/wp-content\/uploads\/2023\/10\/logo-1.png","contentUrl":"https:\/\/herbelegale.com\/wp-content\/uploads\/2023\/10\/logo-1.png","width":400,"height":120,"caption":"Herbe L\u00e9gale"},"image":{"@id":"https:\/\/herbelegale.com\/#\/schema\/logo\/image\/"}}]}},"_links":{"self":[{"href":"https:\/\/herbelegale.com\/pt\/wp-json\/wp\/v2\/product\/1389","targetHints":{"allow":["GET"]}}],"collection":[{"href":"https:\/\/herbelegale.com\/pt\/wp-json\/wp\/v2\/product"}],"about":[{"href":"https:\/\/herbelegale.com\/pt\/wp-json\/wp\/v2\/types\/product"}],"replies":[{"embeddable":true,"href":"https:\/\/herbelegale.com\/pt\/wp-json\/wp\/v2\/comments?post=1389"}],"wp:featuredmedia":[{"embeddable":true,"href":"https:\/\/herbelegale.com\/pt\/wp-json\/wp\/v2\/media\/1409"}],"wp:attachment":[{"href":"https:\/\/herbelegale.com\/pt\/wp-json\/wp\/v2\/media?parent=1389"}],"wp:term":[{"taxonomy":"product_brand","embeddable":true,"href":"https:\/\/herbelegale.com\/pt\/wp-json\/wp\/v2\/product_brand?post=1389"},{"taxonomy":"product_cat","embeddable":true,"href":"https:\/\/herbelegale.com\/pt\/wp-json\/wp\/v2\/product_cat?post=1389"},{"taxonomy":"product_tag","embeddable":true,"href":"https:\/\/herbelegale.com\/pt\/wp-json\/wp\/v2\/product_tag?post=1389"}],"curies":[{"name":"wp","href":"https:\/\/api.w.org\/{rel}","templated":true}]}}