{"id":1369,"date":"2023-09-30T10:33:33","date_gmt":"2023-09-30T10:33:33","guid":{"rendered":"https:\/\/nembutalhouse.com\/weed\/?post_type=product&#038;p=1369"},"modified":"2025-07-19T05:10:28","modified_gmt":"2025-07-19T05:10:28","slug":"tangie-hash","status":"publish","type":"product","link":"https:\/\/herbelegale.com\/pt\/product\/tangie-hash\/","title":{"rendered":"Tangie Hash"},"content":{"rendered":"<h2><b>Tangie Hash \u2013 Uma resina com sabor a lim\u00e3o para uma experi\u00eancia sensorial \u00fanica\u00a0<\/b><\/h2>\n<p><b>Introduction au Tangie Hash<\/b><\/p>\n<p>Le <a href=\"https:\/\/herbelegale.com\/pt\/product\/tangie-hash\/\">Tangie Hash<\/a> \u00e9 uma resina premium de can\u00e1bis conhecida pelo seu perfil de sabor \u00fanico, derivada da famosa variedade Tangie, um cruzamento entre a California Orange e a Skunk. Este haxixe vai agradar aos f\u00e3s que procuram sabores c\u00edtricos refrescantes e efeitos que sejam energizantes e relaxantes.<\/p>\n<p>Cuidadosamente cultivado e extra\u00eddo, o Tangie Hash \u00e9 a fus\u00e3o perfeita de tradi\u00e7\u00e3o e inova\u00e7\u00e3o, e est\u00e1 posicionado como a escolha preferida para aqueles que procuram um produto de qualidade superior, seja para uso recreativo ou de bem-estar.<\/p>\n<h3><b>O que \u00e9 o Tangie Hash?<\/b><\/h3>\n<p><a href=\"https:\/\/en.wikipedia.org\/wiki\/Hashish\">Le Tangie Hash<\/a> \u00e9 obtido por peneiramento a seco ou extra\u00e7\u00e3o suave de tricomas, a partir de plantas de can\u00e1bis ricas em terpenos naturais. O resultado \u00e9 uma resina de cor dourada a castanho claro, com uma textura macia e f\u00e1cil de manusear, libertando notas intensas de tangerina, laranja e lim\u00e3o.<\/p>\n<p>Gra\u00e7as \u00e0 sua elevada concentra\u00e7\u00e3o de THC, o Tangie Hash oferece um efeito poderoso, frequentemente descrito como claro, feliz e mentalmente estimulante, seguido de um agrad\u00e1vel relaxamento corporal.<\/p>\n<h3><b>Usos e efeitos comuns do Tangie Hash<\/b><\/h3>\n<p>O Tangie Hash \u00e9 popular pelos seus efeitos vers\u00e1teis e equilibrados, perfeito para uso diurno ou noturno.<\/p>\n<p><b>Efeitos t\u00edpicos:<\/b><\/p>\n<ul>\n<li style=\"font-weight: 400;\" aria-level=\"1\">Poprawa nastroju i redukcja stresu&nbsp;<\/li>\n<li style=\"font-weight: 400;\" aria-level=\"1\">Mental stimulering og kreativitetsboost&nbsp;<\/li>\n<li style=\"font-weight: 400;\" aria-level=\"1\">Relaxamento muscular suave&nbsp;<\/li>\n<li style=\"font-weight: 400;\" aria-level=\"1\">Generel f\u00f8lelse af velv\u00e6re&nbsp;<\/li>\n<li style=\"font-weight: 400;\" aria-level=\"1\">Lievitt\u00e4\u00e4 kohtalaista j\u00e4nnityst\u00e4 tai kipua&nbsp;<\/li>\n<\/ul>\n<p><b>M\u00e9todos de consumo:<\/b><\/p>\n<ul>\n<li style=\"font-weight: 400;\" aria-level=\"1\"><span style=\"font-weight: 400;\">Fumado (charro, cachimbo, bong)<\/span>&nbsp;<\/li>\n<li style=\"font-weight: 400;\" aria-level=\"1\"><span style=\"font-weight: 400;\">Spr\u00f8jtes med en passende sprayflaske<\/span>&nbsp;<\/li>\n<li style=\"font-weight: 400;\" aria-level=\"1\"><span style=\"font-weight: 400;\">Infus\u00e9 dans une boisson chaude contenant un corps gras<\/span>&nbsp;<\/li>\n<\/ul>\n<h3><b>Estatuto jur\u00eddico: um enquadramento que varia consoante a regi\u00e3o<\/b><\/h3>\n<p>Tal como acontece com qualquer produto de can\u00e1bis, o estatuto legal do Tangie Hash varia de acordo com o pa\u00eds e a jurisdi\u00e7\u00e3o. Em alguns pa\u00edses, \u00e9 estritamente proibido, enquanto outros permitem o uso terap\u00eautico ou recreativo regulamentado.<\/p>\n<p><strong>Dica: Antes de pedir ou consumir, informe-se sempre sobre as leis da sua regi\u00e3o.<\/strong><\/p>\n<p><b>Porqu\u00ea comprar Tangie Hash online?<\/b><\/p>\n<h3><b>Accessibilit\u00e0<\/b><\/h3>\n<p>Comprar Tangie Hash online d\u00e1 acesso a este produto t\u00e3o procurado mesmo em \u00e1reas onde os pontos de venda f\u00edsicos s\u00e3o limitados.<\/p>\n<h3><b>Grande sele\u00e7\u00e3o de vendedores<\/b><\/h3>\n<p>Hoje em dia, existem muitas plataformas especializadas que oferecem Tangie Hash para venda com diversas op\u00e7\u00f5es em termos de qualidade, pre\u00e7o, m\u00e9todo de extra\u00e7\u00e3o e origem gen\u00e9tica.<\/p>\n<h3><b>Entrega discreta e segura<\/b><\/h3>\n<p>Fazer encomendas online garante um envio an\u00f3nimo, com embalagem simples e rastreamento de encomendas, para total tranquilidade.<\/p>\n<h3><b>Como escolher um vendedor de confian\u00e7a para encomendar Tangie Hash online?<\/b><\/h3>\n<p>Antes de encomendar Tangie Hash online, aqui est\u00e3o alguns crit\u00e9rios para reconhecer um vendedor de confian\u00e7a:<\/p>\n<ul>\n<li style=\"font-weight: 400;\" aria-level=\"1\"><span style=\"font-weight: 400;\">Autentiske og positive kundeanmeldelser<\/span>&nbsp;<\/li>\n<li style=\"font-weight: 400;\" aria-level=\"1\"><span style=\"font-weight: 400;\">Pr\u00e6cise detaljer om oprindelse, THC-indhold og ekstraktionsmetoder<\/span>&nbsp;<\/li>\n<li style=\"font-weight: 400;\" aria-level=\"1\"><span style=\"font-weight: 400;\">Pagos seguros (tarjeta bancaria, criptomonedas, etc.)<\/span>&nbsp;<\/li>\n<li style=\"font-weight: 400;\" aria-level=\"1\"><span style=\"font-weight: 400;\">Tilg\u00e6ngelig og lydh\u00f8r kundeservice<\/span>&nbsp;<\/li>\n<li style=\"font-weight: 400;\" aria-level=\"1\">Tangie Hashin hinnan l\u00e4pin\u00e4kyvyys&nbsp;<\/li>\n<\/ul>\n<p>Para evitar fraudes, confie nos melhores sites para comprar Tangie Hash online, conhecidos e recomendados pela comunidade.<\/p>\n<h3><b>Pol\u00edticas de Envio<\/b><\/h3>\n<p><span style=\"font-weight: 400;\">P\u00e5lidelige s\u00e6lgere tilbyder normalt:<\/span><\/p>\n<ul>\n<li style=\"font-weight: 400;\" aria-level=\"1\"><span style=\"font-weight: 400;\">Livraison express avec num\u00e9ro de suivi<\/span>&nbsp;<\/li>\n<li style=\"font-weight: 400;\" aria-level=\"1\"><span style=\"font-weight: 400;\">Dyskretne i trwa\u0142e opakowanie<\/span>&nbsp;<\/li>\n<li style=\"font-weight: 400;\" aria-level=\"1\"><span style=\"font-weight: 400;\">Op\u00e7\u00f5es de reembolso ou devolu\u00e7\u00e3o em caso de problemas<\/span>&nbsp;<\/li>\n<\/ul>\n<p>Alcune piattaforme offrono addirittura la spedizione gratuita per ordini superiori a un certo importo.<\/p>\n<h3><b>Riscos e precau\u00e7\u00f5es a tomar<\/b><\/h3>\n<p><b>Riscos para a sa\u00fade<\/b><\/p>\n<ul>\n<li style=\"font-weight: 400;\" aria-level=\"1\"><span style=\"font-weight: 400;\">Comprometimento da mem\u00f3ria de curto prazo<\/span>&nbsp;<\/li>\n<li style=\"font-weight: 400;\" aria-level=\"1\"><span style=\"font-weight: 400;\">Somnolencia, disminuci\u00f3n de la motivaci\u00f3n.<\/span>&nbsp;<\/li>\n<li style=\"font-weight: 400;\" aria-level=\"1\"><span style=\"font-weight: 400;\">\u00d8get risiko hos personer, der er tilb\u00f8jelige til angst eller psykiske lidelser<\/span>&nbsp;<\/li>\n<li style=\"font-weight: 400;\" aria-level=\"1\"><span style=\"font-weight: 400;\">Mahdolliset yhteisvaikutukset tiettyjen l\u00e4\u00e4ketieteellisten hoitojen kanssa<\/span>&nbsp;<\/li>\n<\/ul>\n<p><b>Dicas para um consumo respons\u00e1vel:<\/b><\/p>\n<ul>\n<li style=\"font-weight: 400;\" aria-level=\"1\">Aloita pienell\u00e4 annoksella, varsinkin jos olet aloittelija&nbsp;<\/li>\n<li style=\"font-weight: 400;\" aria-level=\"1\">Evitare di guidare o utilizzare macchinari pesanti dopo il consumo&nbsp;<\/li>\n<li style=\"font-weight: 400;\" aria-level=\"1\">Opbevares utilg\u00e6ngeligt for b\u00f8rn&nbsp;<\/li>\n<li style=\"font-weight: 400;\" aria-level=\"1\">W razie w\u0105tpliwo\u015bci lub w trakcie leczenia nale\u017cy skonsultowa\u0107 si\u0119 z lekarzem.&nbsp;<\/li>\n<\/ul>\n<h3><b>Conclus\u00e3o: trate-se em seguran\u00e7a \u2014 sem sair do sof\u00e1\u00a0<\/b><\/h3>\n<p>O Tangie Hash, com os seus aromas frutados e efeitos equilibrados, \u00e9 o companheiro perfeito para uma experi\u00eancia sensorial refrescante e de alta qualidade. Gra\u00e7as \u00e0s compras online, nunca foi t\u00e3o f\u00e1cil obter haxixe premium com entrega r\u00e1pida e discreta.<\/p>","protected":false},"excerpt":{"rendered":"<p>Tangie Hash \u2013 Une R\u00e9sine Citronn\u00e9e Pour Une Exp\u00e9rience Sensorielle Unique\u00a0 Introduction au Tangie Hash Le Tangie Hash est une r\u00e9sine de cannabis premium connue pour son profil aromatique unique, issu de la c\u00e9l\u00e8bre vari\u00e9t\u00e9 Tangie, un croisement entre California Orange et Skunk. Ce hash s\u00e9duira les amateurs en qu\u00eate de saveurs d\u2019agrumes rafra\u00eechissantes et&#8230;<\/p>","protected":false},"featured_media":1474,"comment_status":"open","ping_status":"closed","template":"","meta":{"_kadence_starter_templates_imported_post":false,"_kad_post_transparent":"default","_kad_post_title":"","_kad_post_layout":"default","_kad_post_sidebar_id":"","_kad_post_content_style":"default","_kad_post_vertical_padding":"default","_kad_post_feature":"","_kad_post_feature_position":"","_kad_post_header":false,"_kad_post_footer":false,"_joinchat":[]},"product_brand":[],"product_cat":[31],"product_tag":[],"class_list":{"0":"post-1369","1":"product","2":"type-product","3":"status-publish","4":"has-post-thumbnail","6":"product_cat-haschisch","8":"first","9":"instock","10":"shipping-taxable","11":"purchasable","12":"product-type-variable","13":"entry","14":"content-bg","15":"loop-entry"},"yoast_head":"<!-- This site is optimized with the Yoast SEO plugin v23.5 - https:\/\/yoast.com\/wordpress\/plugins\/seo\/ -->\n<title>Achetez du haschisch Tanger en ligne - Tangie Hash \u00e0 vendre<\/title>\n<meta name=\"description\" content=\"Vous pouvez acheter du Tangie Hash dans notre boutique en ligne et le recevoir \u00e0 votre porte sans aucun probl\u00e8me. Nous vous aidons \u00e0 acheter du Tangie Hash en ligne. Passez simplement votre commande maintenant !\" \/>\n<meta name=\"robots\" content=\"index, follow, max-snippet:-1, max-image-preview:large, max-video-preview:-1\" \/>\n<link rel=\"canonical\" href=\"https:\/\/herbelegale.com\/pt\/product\/tangie-hash\/\" \/>\n<meta property=\"og:locale\" content=\"pt_PT\" \/>\n<meta property=\"og:type\" content=\"article\" \/>\n<meta property=\"og:title\" content=\"Achetez du haschisch Tanger en ligne - Tangie Hash \u00e0 vendre\" \/>\n<meta property=\"og:description\" content=\"Vous pouvez acheter du Tangie Hash dans notre boutique en ligne et le recevoir \u00e0 votre porte sans aucun probl\u00e8me. Nous vous aidons \u00e0 acheter du Tangie Hash en ligne. Passez simplement votre commande maintenant !\" \/>\n<meta property=\"og:url\" content=\"https:\/\/herbelegale.com\/pt\/product\/tangie-hash\/\" \/>\n<meta property=\"og:site_name\" content=\"Herbe L\u00e9gale\" \/>\n<meta property=\"article:modified_time\" content=\"2025-07-19T05:10:28+00:00\" \/>\n<meta property=\"og:image\" content=\"https:\/\/herbelegale.com\/wp-content\/uploads\/2023\/09\/Tangie-Hash-1.jpg\" \/>\n\t<meta property=\"og:image:width\" content=\"600\" \/>\n\t<meta property=\"og:image:height\" content=\"600\" \/>\n\t<meta property=\"og:image:type\" content=\"image\/jpeg\" \/>\n<meta name=\"twitter:card\" content=\"summary_large_image\" \/>\n<meta name=\"twitter:label1\" content=\"Tempo estimado de leitura\" \/>\n\t<meta name=\"twitter:data1\" content=\"4 minutes\" \/>\n<script type=\"application\/ld+json\" class=\"yoast-schema-graph\">{\"@context\":\"https:\/\/schema.org\",\"@graph\":[{\"@type\":\"WebPage\",\"@id\":\"https:\/\/herbelegale.com\/product\/tangie-hash\/\",\"url\":\"https:\/\/herbelegale.com\/product\/tangie-hash\/\",\"name\":\"Achetez du haschisch Tanger en ligne - Tangie Hash \u00e0 vendre\",\"isPartOf\":{\"@id\":\"https:\/\/herbelegale.com\/#website\"},\"primaryImageOfPage\":{\"@id\":\"https:\/\/herbelegale.com\/product\/tangie-hash\/#primaryimage\"},\"image\":{\"@id\":\"https:\/\/herbelegale.com\/product\/tangie-hash\/#primaryimage\"},\"thumbnailUrl\":\"https:\/\/herbelegale.com\/wp-content\/uploads\/2023\/09\/Tangie-Hash-1.jpg\",\"datePublished\":\"2023-09-30T10:33:33+00:00\",\"dateModified\":\"2025-07-19T05:10:28+00:00\",\"description\":\"Vous pouvez acheter du Tangie Hash dans notre boutique en ligne et le recevoir \u00e0 votre porte sans aucun probl\u00e8me. Nous vous aidons \u00e0 acheter du Tangie Hash en ligne. Passez simplement votre commande maintenant !\",\"breadcrumb\":{\"@id\":\"https:\/\/herbelegale.com\/product\/tangie-hash\/#breadcrumb\"},\"inLanguage\":\"pt-PT\",\"potentialAction\":[{\"@type\":\"ReadAction\",\"target\":[\"https:\/\/herbelegale.com\/product\/tangie-hash\/\"]}]},{\"@type\":\"ImageObject\",\"inLanguage\":\"pt-PT\",\"@id\":\"https:\/\/herbelegale.com\/product\/tangie-hash\/#primaryimage\",\"url\":\"https:\/\/herbelegale.com\/wp-content\/uploads\/2023\/09\/Tangie-Hash-1.jpg\",\"contentUrl\":\"https:\/\/herbelegale.com\/wp-content\/uploads\/2023\/09\/Tangie-Hash-1.jpg\",\"width\":600,\"height\":600,\"caption\":\"Tangie Hash\"},{\"@type\":\"BreadcrumbList\",\"@id\":\"https:\/\/herbelegale.com\/product\/tangie-hash\/#breadcrumb\",\"itemListElement\":[{\"@type\":\"ListItem\",\"position\":1,\"name\":\"Home\",\"item\":\"https:\/\/herbelegale.com\/\"},{\"@type\":\"ListItem\",\"position\":2,\"name\":\"Boutique\",\"item\":\"https:\/\/herbelegale.com\/boutique\/\"},{\"@type\":\"ListItem\",\"position\":3,\"name\":\"Tangie Hash\"}]},{\"@type\":\"WebSite\",\"@id\":\"https:\/\/herbelegale.com\/#website\",\"url\":\"https:\/\/herbelegale.com\/\",\"name\":\"Herbe L\u00e9gale\",\"description\":\"Acheter de l&#039;herbe en ligne\",\"publisher\":{\"@id\":\"https:\/\/herbelegale.com\/#organization\"},\"potentialAction\":[{\"@type\":\"SearchAction\",\"target\":{\"@type\":\"EntryPoint\",\"urlTemplate\":\"https:\/\/herbelegale.com\/?s={search_term_string}\"},\"query-input\":{\"@type\":\"PropertyValueSpecification\",\"valueRequired\":true,\"valueName\":\"search_term_string\"}}],\"inLanguage\":\"pt-PT\"},{\"@type\":\"Organization\",\"@id\":\"https:\/\/herbelegale.com\/#organization\",\"name\":\"Herbe L\u00e9gale\",\"url\":\"https:\/\/herbelegale.com\/\",\"logo\":{\"@type\":\"ImageObject\",\"inLanguage\":\"pt-PT\",\"@id\":\"https:\/\/herbelegale.com\/#\/schema\/logo\/image\/\",\"url\":\"https:\/\/herbelegale.com\/wp-content\/uploads\/2023\/10\/logo-1.png\",\"contentUrl\":\"https:\/\/herbelegale.com\/wp-content\/uploads\/2023\/10\/logo-1.png\",\"width\":400,\"height\":120,\"caption\":\"Herbe L\u00e9gale\"},\"image\":{\"@id\":\"https:\/\/herbelegale.com\/#\/schema\/logo\/image\/\"}}]}<\/script>\n<!-- \/ Yoast SEO plugin. -->","yoast_head_json":{"title":"Achetez du haschisch Tanger en ligne - Tangie Hash \u00e0 vendre","description":"Vous pouvez acheter du Tangie Hash dans notre boutique en ligne et le recevoir \u00e0 votre porte sans aucun probl\u00e8me. Nous vous aidons \u00e0 acheter du Tangie Hash en ligne. Passez simplement votre commande maintenant !","robots":{"index":"index","follow":"follow","max-snippet":"max-snippet:-1","max-image-preview":"max-image-preview:large","max-video-preview":"max-video-preview:-1"},"canonical":"https:\/\/herbelegale.com\/pt\/product\/tangie-hash\/","og_locale":"pt_PT","og_type":"article","og_title":"Achetez du haschisch Tanger en ligne - Tangie Hash \u00e0 vendre","og_description":"Vous pouvez acheter du Tangie Hash dans notre boutique en ligne et le recevoir \u00e0 votre porte sans aucun probl\u00e8me. Nous vous aidons \u00e0 acheter du Tangie Hash en ligne. Passez simplement votre commande maintenant !","og_url":"https:\/\/herbelegale.com\/pt\/product\/tangie-hash\/","og_site_name":"Herbe L\u00e9gale","article_modified_time":"2025-07-19T05:10:28+00:00","og_image":[{"width":600,"height":600,"url":"https:\/\/herbelegale.com\/wp-content\/uploads\/2023\/09\/Tangie-Hash-1.jpg","type":"image\/jpeg"}],"twitter_card":"summary_large_image","twitter_misc":{"Tempo estimado de leitura":"4 minutes"},"schema":{"@context":"https:\/\/schema.org","@graph":[{"@type":"WebPage","@id":"https:\/\/herbelegale.com\/product\/tangie-hash\/","url":"https:\/\/herbelegale.com\/product\/tangie-hash\/","name":"Achetez du haschisch Tanger en ligne - Tangie Hash \u00e0 vendre","isPartOf":{"@id":"https:\/\/herbelegale.com\/#website"},"primaryImageOfPage":{"@id":"https:\/\/herbelegale.com\/product\/tangie-hash\/#primaryimage"},"image":{"@id":"https:\/\/herbelegale.com\/product\/tangie-hash\/#primaryimage"},"thumbnailUrl":"https:\/\/herbelegale.com\/wp-content\/uploads\/2023\/09\/Tangie-Hash-1.jpg","datePublished":"2023-09-30T10:33:33+00:00","dateModified":"2025-07-19T05:10:28+00:00","description":"Vous pouvez acheter du Tangie Hash dans notre boutique en ligne et le recevoir \u00e0 votre porte sans aucun probl\u00e8me. Nous vous aidons \u00e0 acheter du Tangie Hash en ligne. Passez simplement votre commande maintenant !","breadcrumb":{"@id":"https:\/\/herbelegale.com\/product\/tangie-hash\/#breadcrumb"},"inLanguage":"pt-PT","potentialAction":[{"@type":"ReadAction","target":["https:\/\/herbelegale.com\/product\/tangie-hash\/"]}]},{"@type":"ImageObject","inLanguage":"pt-PT","@id":"https:\/\/herbelegale.com\/product\/tangie-hash\/#primaryimage","url":"https:\/\/herbelegale.com\/wp-content\/uploads\/2023\/09\/Tangie-Hash-1.jpg","contentUrl":"https:\/\/herbelegale.com\/wp-content\/uploads\/2023\/09\/Tangie-Hash-1.jpg","width":600,"height":600,"caption":"Tangie Hash"},{"@type":"BreadcrumbList","@id":"https:\/\/herbelegale.com\/product\/tangie-hash\/#breadcrumb","itemListElement":[{"@type":"ListItem","position":1,"name":"Home","item":"https:\/\/herbelegale.com\/"},{"@type":"ListItem","position":2,"name":"Boutique","item":"https:\/\/herbelegale.com\/boutique\/"},{"@type":"ListItem","position":3,"name":"Tangie Hash"}]},{"@type":"WebSite","@id":"https:\/\/herbelegale.com\/#website","url":"https:\/\/herbelegale.com\/","name":"Herbe L\u00e9gale","description":"Acheter de l&#039;herbe en ligne","publisher":{"@id":"https:\/\/herbelegale.com\/#organization"},"potentialAction":[{"@type":"SearchAction","target":{"@type":"EntryPoint","urlTemplate":"https:\/\/herbelegale.com\/?s={search_term_string}"},"query-input":{"@type":"PropertyValueSpecification","valueRequired":true,"valueName":"search_term_string"}}],"inLanguage":"pt-PT"},{"@type":"Organization","@id":"https:\/\/herbelegale.com\/#organization","name":"Herbe L\u00e9gale","url":"https:\/\/herbelegale.com\/","logo":{"@type":"ImageObject","inLanguage":"pt-PT","@id":"https:\/\/herbelegale.com\/#\/schema\/logo\/image\/","url":"https:\/\/herbelegale.com\/wp-content\/uploads\/2023\/10\/logo-1.png","contentUrl":"https:\/\/herbelegale.com\/wp-content\/uploads\/2023\/10\/logo-1.png","width":400,"height":120,"caption":"Herbe L\u00e9gale"},"image":{"@id":"https:\/\/herbelegale.com\/#\/schema\/logo\/image\/"}}]}},"_links":{"self":[{"href":"https:\/\/herbelegale.com\/pt\/wp-json\/wp\/v2\/product\/1369","targetHints":{"allow":["GET"]}}],"collection":[{"href":"https:\/\/herbelegale.com\/pt\/wp-json\/wp\/v2\/product"}],"about":[{"href":"https:\/\/herbelegale.com\/pt\/wp-json\/wp\/v2\/types\/product"}],"replies":[{"embeddable":true,"href":"https:\/\/herbelegale.com\/pt\/wp-json\/wp\/v2\/comments?post=1369"}],"wp:featuredmedia":[{"embeddable":true,"href":"https:\/\/herbelegale.com\/pt\/wp-json\/wp\/v2\/media\/1474"}],"wp:attachment":[{"href":"https:\/\/herbelegale.com\/pt\/wp-json\/wp\/v2\/media?parent=1369"}],"wp:term":[{"taxonomy":"product_brand","embeddable":true,"href":"https:\/\/herbelegale.com\/pt\/wp-json\/wp\/v2\/product_brand?post=1369"},{"taxonomy":"product_cat","embeddable":true,"href":"https:\/\/herbelegale.com\/pt\/wp-json\/wp\/v2\/product_cat?post=1369"},{"taxonomy":"product_tag","embeddable":true,"href":"https:\/\/herbelegale.com\/pt\/wp-json\/wp\/v2\/product_tag?post=1369"}],"curies":[{"name":"wp","href":"https:\/\/api.w.org\/{rel}","templated":true}]}}