{"id":1366,"date":"2023-09-30T10:32:57","date_gmt":"2023-09-30T10:32:57","guid":{"rendered":"https:\/\/nembutalhouse.com\/weed\/?post_type=product&#038;p=1366"},"modified":"2025-07-19T04:48:55","modified_gmt":"2025-07-19T04:48:55","slug":"amnesia-jelly-hash","status":"publish","type":"product","link":"https:\/\/herbelegale.com\/pt\/product\/amnesia-jelly-hash\/","title":{"rendered":"Haxixe de gelatina de amn\u00e9sia"},"content":{"rendered":"<h2><b>Introdu\u00e7\u00e3o ao Amnesia Jelly Hash<\/b><\/h2>\n<p>D\u00e9couvrez l\u2019<a href=\"https:\/\/herbelegale.com\/pt\/product\/amnesia-jelly-hash\/\">Haxixe de gelatina de amn\u00e9sia<\/a>, um concentrado de elevada qualidade apreciado pelos apreciadores pela sua pot\u00eancia, pela sua textura particular e pelos seus aromas intensos. Uma fus\u00e3o perfeita de resina tradicional e extra\u00e7\u00e3o moderna, esta geleia rica em canabinoides oferece uma experi\u00eancia \u00fanica, combinando for\u00e7a e sabor.<\/p>\n<p>Quer seja um entusiasta do haxixe ou curioso para explorar concentrados de qualidade, comprar haxixe<a href=\"https:\/\/en.wikipedia.org\/wiki\/Hashish\">Amnesia Jelly Hash online<\/a> est une invitation \u00e0 un voyage sensoriel puissant.<\/p>\n<h3><b>O que \u00e9 o Amnesia Jelly Hash?<\/b><\/h3>\n<p>, um concentrado premium apreciado pelos apreciadores pela sua pot\u00eancia, textura distinta e aromas intensos. Uma fus\u00e3o perfeita de resina tradicional e extra\u00e7\u00e3o moderna, esta gelatina rica em canabinoides oferece uma experi\u00eancia \u00fanica, combinando for\u00e7a e sabor.<\/p>\n<p>Derivado da variedade Amnesia, conhecida pelos seus efeitos energ\u00e9ticos e cerebrais, este haxixe oferece um aumento gradual, com aroma a lim\u00e3o, especiarias e ervas frescas.<\/p>\n<h3><b>Usos e efeitos comuns<\/b><\/h3>\n<p>Os utilizadores experientes aproveitam o Amnesia Jelly Hash por:<\/p>\n<ul>\n<li style=\"font-weight: 400;\" aria-level=\"1\">O seu efeito cerebral euf\u00f3rico e estimulante&nbsp;<\/li>\n<li style=\"font-weight: 400;\" aria-level=\"1\">Um aumento de energia e concentra\u00e7\u00e3o&nbsp;<\/li>\n<li style=\"font-weight: 400;\" aria-level=\"1\">O seu potencial antiestresse&nbsp;<\/li>\n<li style=\"font-weight: 400;\" aria-level=\"1\">As suas propriedades relaxantes de longo prazo&nbsp;<\/li>\n<\/ul>\n<p><span style=\"font-weight: 400;\">Ideal para momentos criativos, atividades sociais ou simplesmente para desfrutar de um relaxamento profundo.<\/span><\/p>\n<h3><b>Juridisk status (afh\u00e6ngigt af region)<\/b><\/h3>\n<p>O estatuto legal do Amnesia Jelly Hash varia de acordo com o pa\u00eds e a jurisdi\u00e7\u00e3o. Em algumas regi\u00f5es, os concentrados ricos em THC s\u00e3o tolerados ou legais, enquanto noutras, o seu consumo continua a ser estritamente proibido. Antes de comprar Amnesia Jelly Hash online, certifique-se de verificar as regulamenta\u00e7\u00f5es da sua regi\u00e3o.<\/p>\n<h3><b>Pourquoi acheter Amnesia Jelly Hash en ligne ?<\/b><\/h3>\n<h3><b>Accessibilit\u00e0<\/b><\/h3>\n<p>Encomendar Amnesia Jelly Hash online \u00e9 agora a op\u00e7\u00e3o preferida dos entusiastas mais exigentes, gra\u00e7as \u00e0 maior acessibilidade a produtos premium.<\/p>\n<h3><b>Variedade de vendedores<\/b><\/h3>\n<p>Sur internet, vous trouverez une large s\u00e9lection d\u2019Amnesia Jelly Hash \u00e0 vendre, avec diff\u00e9rentes qualit\u00e9s, concentrations et pr\u00e9sentations selon les plateformes.<\/p>\n<h3><b>Spedizione discreta<\/b><\/h3>\n<p>Lojas online de confian\u00e7a garantem um envio discreto e seguro. A sua encomenda chega a sua casa em embalagem neutra, sem qualquer indica\u00e7\u00e3o vis\u00edvel do conte\u00fado.<\/p>\n<h3><b>Hoe kiest u een betrouwbare verkoper?<\/b><\/h3>\n<p>Encontrar o melhor lugar para comprar Amnesia Hash online requer uma pequena pesquisa. Eis alguns crit\u00e9rios essenciais:<\/p>\n<ul>\n<li style=\"font-weight: 400;\" aria-level=\"1\">Verifique os pre\u00e7os do Amnesia Jelly Hash para evitar ofertas demasiado tentadoras, que s\u00e3o geralmente um sinal de baixa qualidade.&nbsp;<\/li>\n<li style=\"font-weight: 400;\" aria-level=\"1\"><span style=\"font-weight: 400;\">Confira avalia\u00e7\u00f5es e testemunhos de outros compradores<\/span>&nbsp;<\/li>\n<li style=\"font-weight: 400;\" aria-level=\"1\"><span style=\"font-weight: 400;\">Favorecer os vendedores que oferecem certificados de an\u00e1lise laboratorial<\/span>&nbsp;<\/li>\n<li style=\"font-weight: 400;\" aria-level=\"1\"><span style=\"font-weight: 400;\">Escolha sites com um servi\u00e7o ao cliente acess\u00edvel e profissional<\/span>&nbsp;<\/li>\n<li style=\"font-weight: 400;\" aria-level=\"1\"><span style=\"font-weight: 400;\">Tutki toimitus- ja palautusehdot<\/span>&nbsp;<\/li>\n<\/ul>\n<h3><b>Pol\u00edticas de entrega<\/b><\/h3>\n<p><span style=\"font-weight: 400;\">Wiarygodna strona internetowa oferuje:<\/span><\/p>\n<ul>\n<li style=\"font-weight: 400;\" aria-level=\"1\"><span style=\"font-weight: 400;\">Forsendelsesfrister overholdes<\/span>&nbsp;<\/li>\n<li style=\"font-weight: 400;\" aria-level=\"1\"><span style=\"font-weight: 400;\">Un syst\u00e8me de suivi efficace<\/span>&nbsp;<\/li>\n<li style=\"font-weight: 400;\" aria-level=\"1\"><span style=\"font-weight: 400;\">Op\u00e7\u00f5es de reembolso ou devolu\u00e7\u00e3o em caso de problemas<\/span>&nbsp;<\/li>\n<\/ul>\n<h3><b>Riscos e considera\u00e7\u00f5es<\/b><\/h3>\n<h3><b>Riscos para a sa\u00fade<\/b><\/h3>\n<p>Amnesia Jelly Hash \u00e9 um produto premium que far\u00e1 as del\u00edcias dos amantes de haxixe potente e arom\u00e1tico. Para tirar o m\u00e1ximo partido dos seus efeitos e evitar surpresas desagrad\u00e1veis, compre sempre Amnesia Jelly Hash online de vendedores de confian\u00e7a.<\/p>\n<h3><b>Conclus\u00e3o<\/b><\/h3>\n<p>Amnesia Jelly Hash \u00e9 um produto premium que far\u00e1 as del\u00edcias dos amantes de haxixe potente e arom\u00e1tico. Para tirar o m\u00e1ximo partido dos seus efeitos e evitar surpresas desagrad\u00e1veis, compre sempre Amnesia Jelly Hash online de vendedores de confian\u00e7a.<\/p>\n<p>&nbsp;<\/p>","protected":false},"excerpt":{"rendered":"<p>Introduction \u00e0 l\u2019Amnesia Jelly Hash D\u00e9couvrez l\u2019Amnesia Jelly Hash, un concentr\u00e9 haut de gamme appr\u00e9ci\u00e9 par les connaisseurs pour sa puissance, sa texture particuli\u00e8re et ses ar\u00f4mes intenses. Fusion parfaite entre r\u00e9sine traditionnelle et extraction moderne, cette gel\u00e9e riche en cannabino\u00efdes offre une exp\u00e9rience unique, alliant force et saveurs. Que vous soyez un amateur de&#8230;<\/p>","protected":false},"featured_media":1472,"comment_status":"open","ping_status":"closed","template":"","meta":{"_kadence_starter_templates_imported_post":false,"_kad_post_transparent":"default","_kad_post_title":"","_kad_post_layout":"default","_kad_post_sidebar_id":"","_kad_post_content_style":"default","_kad_post_vertical_padding":"default","_kad_post_feature":"","_kad_post_feature_position":"","_kad_post_header":false,"_kad_post_footer":false,"_joinchat":[]},"product_brand":[],"product_cat":[31],"product_tag":[],"class_list":{"0":"post-1366","1":"product","2":"type-product","3":"status-publish","4":"has-post-thumbnail","6":"product_cat-haschisch","8":"first","9":"instock","10":"shipping-taxable","11":"purchasable","12":"product-type-variable","13":"entry","14":"content-bg","15":"loop-entry"},"yoast_head":"<!-- This site is optimized with the Yoast SEO plugin v23.5 - https:\/\/yoast.com\/wordpress\/plugins\/seo\/ -->\n<title>Achetez Amnesia Jelly Hash en ligne - Amnesia Jelly Hash \u00e0 vendre<\/title>\n<meta name=\"description\" content=\"Nous sommes le magasin leader proposant de la vente de Hash en gel\u00e9e Amnesia. Si vous souhaitez acheter du Hash en gel\u00e9e Amnesia, contactez-nous imm\u00e9diatement et faites livrer votre commande. Commandez maintenant !\" \/>\n<meta name=\"robots\" content=\"index, follow, max-snippet:-1, max-image-preview:large, max-video-preview:-1\" \/>\n<link rel=\"canonical\" href=\"https:\/\/herbelegale.com\/pt\/product\/amnesia-jelly-hash\/\" \/>\n<meta property=\"og:locale\" content=\"pt_PT\" \/>\n<meta property=\"og:type\" content=\"article\" \/>\n<meta property=\"og:title\" content=\"Achetez Amnesia Jelly Hash en ligne - Amnesia Jelly Hash \u00e0 vendre\" \/>\n<meta property=\"og:description\" content=\"Nous sommes le magasin leader proposant de la vente de Hash en gel\u00e9e Amnesia. Si vous souhaitez acheter du Hash en gel\u00e9e Amnesia, contactez-nous imm\u00e9diatement et faites livrer votre commande. Commandez maintenant !\" \/>\n<meta property=\"og:url\" content=\"https:\/\/herbelegale.com\/pt\/product\/amnesia-jelly-hash\/\" \/>\n<meta property=\"og:site_name\" content=\"Herbe L\u00e9gale\" \/>\n<meta property=\"article:modified_time\" content=\"2025-07-19T04:48:55+00:00\" \/>\n<meta property=\"og:image\" content=\"https:\/\/herbelegale.com\/wp-content\/uploads\/2023\/09\/Amnesia-Jelly-Hash-1.jpg\" \/>\n\t<meta property=\"og:image:width\" content=\"600\" \/>\n\t<meta property=\"og:image:height\" content=\"600\" \/>\n\t<meta property=\"og:image:type\" content=\"image\/jpeg\" \/>\n<meta name=\"twitter:card\" content=\"summary_large_image\" \/>\n<meta name=\"twitter:label1\" content=\"Tempo estimado de leitura\" \/>\n\t<meta name=\"twitter:data1\" content=\"3 minutes\" \/>\n<script type=\"application\/ld+json\" class=\"yoast-schema-graph\">{\"@context\":\"https:\/\/schema.org\",\"@graph\":[{\"@type\":\"WebPage\",\"@id\":\"https:\/\/herbelegale.com\/product\/amnesia-jelly-hash\/\",\"url\":\"https:\/\/herbelegale.com\/product\/amnesia-jelly-hash\/\",\"name\":\"Achetez Amnesia Jelly Hash en ligne - Amnesia Jelly Hash \u00e0 vendre\",\"isPartOf\":{\"@id\":\"https:\/\/herbelegale.com\/#website\"},\"primaryImageOfPage\":{\"@id\":\"https:\/\/herbelegale.com\/product\/amnesia-jelly-hash\/#primaryimage\"},\"image\":{\"@id\":\"https:\/\/herbelegale.com\/product\/amnesia-jelly-hash\/#primaryimage\"},\"thumbnailUrl\":\"https:\/\/herbelegale.com\/wp-content\/uploads\/2023\/09\/Amnesia-Jelly-Hash-1.jpg\",\"datePublished\":\"2023-09-30T10:32:57+00:00\",\"dateModified\":\"2025-07-19T04:48:55+00:00\",\"description\":\"Nous sommes le magasin leader proposant de la vente de Hash en gel\u00e9e Amnesia. Si vous souhaitez acheter du Hash en gel\u00e9e Amnesia, contactez-nous imm\u00e9diatement et faites livrer votre commande. Commandez maintenant !\",\"breadcrumb\":{\"@id\":\"https:\/\/herbelegale.com\/product\/amnesia-jelly-hash\/#breadcrumb\"},\"inLanguage\":\"pt-PT\",\"potentialAction\":[{\"@type\":\"ReadAction\",\"target\":[\"https:\/\/herbelegale.com\/product\/amnesia-jelly-hash\/\"]}]},{\"@type\":\"ImageObject\",\"inLanguage\":\"pt-PT\",\"@id\":\"https:\/\/herbelegale.com\/product\/amnesia-jelly-hash\/#primaryimage\",\"url\":\"https:\/\/herbelegale.com\/wp-content\/uploads\/2023\/09\/Amnesia-Jelly-Hash-1.jpg\",\"contentUrl\":\"https:\/\/herbelegale.com\/wp-content\/uploads\/2023\/09\/Amnesia-Jelly-Hash-1.jpg\",\"width\":600,\"height\":600,\"caption\":\"Amnesia Jelly Hash\"},{\"@type\":\"BreadcrumbList\",\"@id\":\"https:\/\/herbelegale.com\/product\/amnesia-jelly-hash\/#breadcrumb\",\"itemListElement\":[{\"@type\":\"ListItem\",\"position\":1,\"name\":\"Home\",\"item\":\"https:\/\/herbelegale.com\/\"},{\"@type\":\"ListItem\",\"position\":2,\"name\":\"Boutique\",\"item\":\"https:\/\/herbelegale.com\/boutique\/\"},{\"@type\":\"ListItem\",\"position\":3,\"name\":\"Amnesia Jelly Hash\"}]},{\"@type\":\"WebSite\",\"@id\":\"https:\/\/herbelegale.com\/#website\",\"url\":\"https:\/\/herbelegale.com\/\",\"name\":\"Herbe L\u00e9gale\",\"description\":\"Acheter de l&#039;herbe en ligne\",\"publisher\":{\"@id\":\"https:\/\/herbelegale.com\/#organization\"},\"potentialAction\":[{\"@type\":\"SearchAction\",\"target\":{\"@type\":\"EntryPoint\",\"urlTemplate\":\"https:\/\/herbelegale.com\/?s={search_term_string}\"},\"query-input\":{\"@type\":\"PropertyValueSpecification\",\"valueRequired\":true,\"valueName\":\"search_term_string\"}}],\"inLanguage\":\"pt-PT\"},{\"@type\":\"Organization\",\"@id\":\"https:\/\/herbelegale.com\/#organization\",\"name\":\"Herbe L\u00e9gale\",\"url\":\"https:\/\/herbelegale.com\/\",\"logo\":{\"@type\":\"ImageObject\",\"inLanguage\":\"pt-PT\",\"@id\":\"https:\/\/herbelegale.com\/#\/schema\/logo\/image\/\",\"url\":\"https:\/\/herbelegale.com\/wp-content\/uploads\/2023\/10\/logo-1.png\",\"contentUrl\":\"https:\/\/herbelegale.com\/wp-content\/uploads\/2023\/10\/logo-1.png\",\"width\":400,\"height\":120,\"caption\":\"Herbe L\u00e9gale\"},\"image\":{\"@id\":\"https:\/\/herbelegale.com\/#\/schema\/logo\/image\/\"}}]}<\/script>\n<!-- \/ Yoast SEO plugin. -->","yoast_head_json":{"title":"Achetez Amnesia Jelly Hash en ligne - Amnesia Jelly Hash \u00e0 vendre","description":"Nous sommes le magasin leader proposant de la vente de Hash en gel\u00e9e Amnesia. Si vous souhaitez acheter du Hash en gel\u00e9e Amnesia, contactez-nous imm\u00e9diatement et faites livrer votre commande. Commandez maintenant !","robots":{"index":"index","follow":"follow","max-snippet":"max-snippet:-1","max-image-preview":"max-image-preview:large","max-video-preview":"max-video-preview:-1"},"canonical":"https:\/\/herbelegale.com\/pt\/product\/amnesia-jelly-hash\/","og_locale":"pt_PT","og_type":"article","og_title":"Achetez Amnesia Jelly Hash en ligne - Amnesia Jelly Hash \u00e0 vendre","og_description":"Nous sommes le magasin leader proposant de la vente de Hash en gel\u00e9e Amnesia. Si vous souhaitez acheter du Hash en gel\u00e9e Amnesia, contactez-nous imm\u00e9diatement et faites livrer votre commande. Commandez maintenant !","og_url":"https:\/\/herbelegale.com\/pt\/product\/amnesia-jelly-hash\/","og_site_name":"Herbe L\u00e9gale","article_modified_time":"2025-07-19T04:48:55+00:00","og_image":[{"width":600,"height":600,"url":"https:\/\/herbelegale.com\/wp-content\/uploads\/2023\/09\/Amnesia-Jelly-Hash-1.jpg","type":"image\/jpeg"}],"twitter_card":"summary_large_image","twitter_misc":{"Tempo estimado de leitura":"3 minutes"},"schema":{"@context":"https:\/\/schema.org","@graph":[{"@type":"WebPage","@id":"https:\/\/herbelegale.com\/product\/amnesia-jelly-hash\/","url":"https:\/\/herbelegale.com\/product\/amnesia-jelly-hash\/","name":"Achetez Amnesia Jelly Hash en ligne - Amnesia Jelly Hash \u00e0 vendre","isPartOf":{"@id":"https:\/\/herbelegale.com\/#website"},"primaryImageOfPage":{"@id":"https:\/\/herbelegale.com\/product\/amnesia-jelly-hash\/#primaryimage"},"image":{"@id":"https:\/\/herbelegale.com\/product\/amnesia-jelly-hash\/#primaryimage"},"thumbnailUrl":"https:\/\/herbelegale.com\/wp-content\/uploads\/2023\/09\/Amnesia-Jelly-Hash-1.jpg","datePublished":"2023-09-30T10:32:57+00:00","dateModified":"2025-07-19T04:48:55+00:00","description":"Nous sommes le magasin leader proposant de la vente de Hash en gel\u00e9e Amnesia. Si vous souhaitez acheter du Hash en gel\u00e9e Amnesia, contactez-nous imm\u00e9diatement et faites livrer votre commande. Commandez maintenant !","breadcrumb":{"@id":"https:\/\/herbelegale.com\/product\/amnesia-jelly-hash\/#breadcrumb"},"inLanguage":"pt-PT","potentialAction":[{"@type":"ReadAction","target":["https:\/\/herbelegale.com\/product\/amnesia-jelly-hash\/"]}]},{"@type":"ImageObject","inLanguage":"pt-PT","@id":"https:\/\/herbelegale.com\/product\/amnesia-jelly-hash\/#primaryimage","url":"https:\/\/herbelegale.com\/wp-content\/uploads\/2023\/09\/Amnesia-Jelly-Hash-1.jpg","contentUrl":"https:\/\/herbelegale.com\/wp-content\/uploads\/2023\/09\/Amnesia-Jelly-Hash-1.jpg","width":600,"height":600,"caption":"Amnesia Jelly Hash"},{"@type":"BreadcrumbList","@id":"https:\/\/herbelegale.com\/product\/amnesia-jelly-hash\/#breadcrumb","itemListElement":[{"@type":"ListItem","position":1,"name":"Home","item":"https:\/\/herbelegale.com\/"},{"@type":"ListItem","position":2,"name":"Boutique","item":"https:\/\/herbelegale.com\/boutique\/"},{"@type":"ListItem","position":3,"name":"Amnesia Jelly Hash"}]},{"@type":"WebSite","@id":"https:\/\/herbelegale.com\/#website","url":"https:\/\/herbelegale.com\/","name":"Herbe L\u00e9gale","description":"Acheter de l&#039;herbe en ligne","publisher":{"@id":"https:\/\/herbelegale.com\/#organization"},"potentialAction":[{"@type":"SearchAction","target":{"@type":"EntryPoint","urlTemplate":"https:\/\/herbelegale.com\/?s={search_term_string}"},"query-input":{"@type":"PropertyValueSpecification","valueRequired":true,"valueName":"search_term_string"}}],"inLanguage":"pt-PT"},{"@type":"Organization","@id":"https:\/\/herbelegale.com\/#organization","name":"Herbe L\u00e9gale","url":"https:\/\/herbelegale.com\/","logo":{"@type":"ImageObject","inLanguage":"pt-PT","@id":"https:\/\/herbelegale.com\/#\/schema\/logo\/image\/","url":"https:\/\/herbelegale.com\/wp-content\/uploads\/2023\/10\/logo-1.png","contentUrl":"https:\/\/herbelegale.com\/wp-content\/uploads\/2023\/10\/logo-1.png","width":400,"height":120,"caption":"Herbe L\u00e9gale"},"image":{"@id":"https:\/\/herbelegale.com\/#\/schema\/logo\/image\/"}}]}},"_links":{"self":[{"href":"https:\/\/herbelegale.com\/pt\/wp-json\/wp\/v2\/product\/1366","targetHints":{"allow":["GET"]}}],"collection":[{"href":"https:\/\/herbelegale.com\/pt\/wp-json\/wp\/v2\/product"}],"about":[{"href":"https:\/\/herbelegale.com\/pt\/wp-json\/wp\/v2\/types\/product"}],"replies":[{"embeddable":true,"href":"https:\/\/herbelegale.com\/pt\/wp-json\/wp\/v2\/comments?post=1366"}],"wp:featuredmedia":[{"embeddable":true,"href":"https:\/\/herbelegale.com\/pt\/wp-json\/wp\/v2\/media\/1472"}],"wp:attachment":[{"href":"https:\/\/herbelegale.com\/pt\/wp-json\/wp\/v2\/media?parent=1366"}],"wp:term":[{"taxonomy":"product_brand","embeddable":true,"href":"https:\/\/herbelegale.com\/pt\/wp-json\/wp\/v2\/product_brand?post=1366"},{"taxonomy":"product_cat","embeddable":true,"href":"https:\/\/herbelegale.com\/pt\/wp-json\/wp\/v2\/product_cat?post=1366"},{"taxonomy":"product_tag","embeddable":true,"href":"https:\/\/herbelegale.com\/pt\/wp-json\/wp\/v2\/product_tag?post=1366"}],"curies":[{"name":"wp","href":"https:\/\/api.w.org\/{rel}","templated":true}]}}