{"id":1365,"date":"2023-09-30T10:32:51","date_gmt":"2023-09-30T10:32:51","guid":{"rendered":"https:\/\/nembutalhouse.com\/weed\/?post_type=product&#038;p=1365"},"modified":"2025-07-18T10:54:40","modified_gmt":"2025-07-18T10:54:40","slug":"alaskan-ice-hash","status":"publish","type":"product","link":"https:\/\/herbelegale.com\/pt\/product\/alaskan-ice-hash\/","title":{"rendered":"Haxixe de gelo do Alasca"},"content":{"rendered":"<h2><b>Introdu\u00e7\u00e3o ao Alaskan Ice Hash<\/b><\/h2>\n<p>\u00c0 la recherche d\u2019une exp\u00e9rience cannabique premium ? <a href=\"https:\/\/herbelegale.com\/pt\/product\/alaskan-ice-hash\/\">L&rsquo;Alaskan Ice Hash<\/a> \u00e9 conhecido pela sua pureza excecional, textura sedosa e efeitos poderosos. Com o seu aspeto gelado e aromas intensos, este haxixe destina-se a entusiastas exigentes que procuram uma qualidade superior. Quer seja um utilizador experiente ou um principiante em concentrados, este produto promete uma experi\u00eancia \u00fanica.<\/p>\n<h3><b>O que \u00e9 o Alaskan Ice Hash?<\/b><\/h3>\n<p><a href=\"https:\/\/en.wikipedia.org\/wiki\/Hashish\">L\u2019Alaskan Ice Hash<\/a> \u00e9 uma forma concentrada de can\u00e1bis, obtida a partir de tricomas cristalinos de variedades cuidadosamente selecionadas. Gra\u00e7as a um m\u00e9todo de extra\u00e7\u00e3o com \u00e1gua gelada, esta resina pura ret\u00e9m todos os aromas (terpenos) e ingredientes ativos (canabinoides), oferecendo uma pureza incompar\u00e1vel. A sua apar\u00eancia branca e gelada valeu-lhe o nome evocativo. <i>Alaskan Ice<\/i>.<\/p>\n<h3><b>Usos e efeitos comuns<\/b><\/h3>\n<p>Altamente valorizado pelo seu equil\u00edbrio perfeito entre euforia mental e relaxamento corporal, o Alaskan Ice Hash fornece frequentemente:<\/p>\n<ul>\n<li style=\"font-weight: 400;\" aria-level=\"1\"><span style=\"font-weight: 400;\">Um efeito cerebral estimulante e criativo<\/span>&nbsp;<\/li>\n<li style=\"font-weight: 400;\" aria-level=\"1\"><span style=\"font-weight: 400;\">Relaxamento muscular suave<\/span>&nbsp;<\/li>\n<li style=\"font-weight: 400;\" aria-level=\"1\"><span style=\"font-weight: 400;\">Al\u00edvio potencial do stress e da ansiedade<\/span>&nbsp;<\/li>\n<li style=\"font-weight: 400;\" aria-level=\"1\"><span style=\"font-weight: 400;\">Um auxiliar para dormir para alguns consumidores<\/span>&nbsp;<\/li>\n<\/ul>\n<p><span style=\"font-weight: 400;\">Este haxixe pode ser consumido de diferentes formas: por combust\u00e3o, vaporiza\u00e7\u00e3o ou incorporado em prepara\u00e7\u00f5es culin\u00e1rias.<\/span><\/p>\n<h3><b>Juridisk status (afh\u00e6ngigt af region)<\/b><\/h3>\n<p>O estatuto legal do Alaskan Ice Hash varia de acordo com o pa\u00eds e a regi\u00e3o. Em alguns locais, os concentrados de can\u00e1bis s\u00e3o permitidos, enquanto noutros continuam proibidos. Antes de comprar Alaskan Ice Hash online, certifique-se de que est\u00e1 familiarizado com as leis locais para evitar potenciais problemas.<\/p>\n<h3><b>Porqu\u00ea comprar Alaskan Ice Hash online?<\/b><\/h3>\n<h3><b>Accessibilit\u00e0<\/b><\/h3>\n<p>Comprar Alaskan Ice Hash online d\u00e1-lhe acesso a uma sele\u00e7\u00e3o diversificada, muitas vezes dif\u00edcil de encontrar em lojas f\u00edsicas. Pode desfrutar de uma sele\u00e7\u00e3o premium no conforto da sua casa.<\/p>\n<h3><b>Variedade de vendedores<\/b><\/h3>\n<p>A internet est\u00e1 repleta de sites que oferecem o Alaskan Ice Hash para venda, dando-lhe a oportunidade de comparar facilmente ofertas, pre\u00e7os e avalia\u00e7\u00f5es de clientes.<\/p>\n<h3><b>Spedizione discreta<\/b><\/h3>\n<p>A sua privacidade \u00e9 importante. Plataformas fi\u00e1veis garantem envios discretos e seguros, garantindo que o seu pedido chega at\u00e9 si com total confidencialidade.<\/p>\n<h3><b>Hoe kiest u een betrouwbare verkoper?<\/b><\/h3>\n<p>Para encontrar o melhor lugar para comprar Alaskan Ice Hash online, preste aten\u00e7\u00e3o a:<\/p>\n<ul>\n<li style=\"font-weight: 400;\" aria-level=\"1\">Transpar\u00eancia sobre o pre\u00e7o do Alaskan Ice Hash&nbsp;<\/li>\n<li style=\"font-weight: 400;\" aria-level=\"1\"><span style=\"font-weight: 400;\">A qualidade das descri\u00e7\u00f5es dos produtos e a eventual presen\u00e7a de an\u00e1lises laboratoriais<\/span>&nbsp;<\/li>\n<li style=\"font-weight: 400;\" aria-level=\"1\"><span style=\"font-weight: 400;\">Avalia\u00e7\u00f5es verificadas de compradores anteriores<\/span>&nbsp;<\/li>\n<li style=\"font-weight: 400;\" aria-level=\"1\"><span style=\"font-weight: 400;\">Pol\u00edticas claras de envio e devolu\u00e7\u00e3o<\/span>&nbsp;<\/li>\n<li style=\"font-weight: 400;\" aria-level=\"1\"><span style=\"font-weight: 400;\">Responsividade do atendimento ao cliente<\/span>&nbsp;<\/li>\n<\/ul>\n<h3><b>Pol\u00edticas de entrega<\/b><\/h3>\n<p><span style=\"font-weight: 400;\">Um bom site deve oferecer:<\/span><\/p>\n<ul>\n<li style=\"font-weight: 400;\" aria-level=\"1\"><span style=\"font-weight: 400;\">Prazos de entrega razo\u00e1veis<\/span>&nbsp;<\/li>\n<li style=\"font-weight: 400;\" aria-level=\"1\"><span style=\"font-weight: 400;\">Op\u00e7\u00f5es de rastreio<\/span>&nbsp;<\/li>\n<li style=\"font-weight: 400;\" aria-level=\"1\"><span style=\"font-weight: 400;\">Garantias em caso de perda ou n\u00e3o recebimento<\/span>&nbsp;<\/li>\n<\/ul>\n<h3><b>Riscos e considera\u00e7\u00f5es<\/b><\/h3>\n<h3><b>Riscos para a sa\u00fade<\/b><\/h3>\n<p><span style=\"font-weight: 400;\">Como qualquer concentrado de can\u00e1bis, este haxixe \u00e9 potente. Recomenda-se que os novos utilizadores comecem com pequenas doses para avaliar a sua toler\u00e2ncia. Evite fornecedores duvidosos que possam oferecer produtos contaminados ou de baixa qualidade.<\/span><\/p>\n<h3><b>Conclus\u00e3o<\/b><\/h3>\n<p>Encomendar Alaskan Ice Hash online significa optar por uma experi\u00eancia premium que vai ao encontro das expectativas dos amantes de concentrados. Com a sua textura pura, efeitos equilibrados e sabor refinado, este haxixe destaca-se claramente.<\/p>\n<h3><b>Lembrete: Verifique as leis locais<\/b><\/h3>\n<p><span style=\"font-weight: 400;\">Antes de comprar, verifique a legalidade na sua regi\u00e3o. Compre com sabedoria, escolha um vendedor de confian\u00e7a e desfrute deste produto com responsabilidade.<\/span><\/p>","protected":false},"excerpt":{"rendered":"<p>Introduction \u00e0 l&rsquo;Alaskan Ice Hash \u00c0 la recherche d\u2019une exp\u00e9rience cannabique premium ? L&rsquo;Alaskan Ice Hash est reconnu pour sa puret\u00e9 exceptionnelle, sa texture soyeuse et ses effets puissants. Avec son aspect givr\u00e9 et ses ar\u00f4mes intenses, ce hash s\u2019adresse aux amateurs exigeants \u00e0 la recherche d\u2019une qualit\u00e9 sup\u00e9rieure. Que vous soyez un consommateur exp\u00e9riment\u00e9&#8230;<\/p>","protected":false},"featured_media":1471,"comment_status":"open","ping_status":"closed","template":"","meta":{"_kadence_starter_templates_imported_post":false,"_kad_post_transparent":"default","_kad_post_title":"","_kad_post_layout":"default","_kad_post_sidebar_id":"","_kad_post_content_style":"default","_kad_post_vertical_padding":"default","_kad_post_feature":"","_kad_post_feature_position":"","_kad_post_header":false,"_kad_post_footer":false,"_joinchat":[]},"product_brand":[],"product_cat":[31],"product_tag":[],"class_list":{"0":"post-1365","1":"product","2":"type-product","3":"status-publish","4":"has-post-thumbnail","6":"product_cat-haschisch","8":"first","9":"instock","10":"shipping-taxable","11":"purchasable","12":"product-type-variable","13":"entry","14":"content-bg","15":"loop-entry"},"yoast_head":"<!-- This site is optimized with the Yoast SEO plugin v23.5 - https:\/\/yoast.com\/wordpress\/plugins\/seo\/ -->\n<title>Achetez du haschisch glac\u00e9 d&#039;Alaska en ligne<\/title>\n<meta name=\"description\" content=\"C&#039;est le meilleur moment pour visiter notre boutique en ligne et acheter du haschisch de glace d&#039;Alaska en ligne. Nous avons du haschisch de glace d&#039;Alaska de haute qualit\u00e9 \u00e0 vendre ici au prix le plus abordable. Rencontrez-nous en ligne et passez votre commande d\u00e8s aujourd&#039;hui.\" \/>\n<meta name=\"robots\" content=\"index, follow, max-snippet:-1, max-image-preview:large, max-video-preview:-1\" \/>\n<link rel=\"canonical\" href=\"https:\/\/herbelegale.com\/pt\/product\/alaskan-ice-hash\/\" \/>\n<meta property=\"og:locale\" content=\"pt_PT\" \/>\n<meta property=\"og:type\" content=\"article\" \/>\n<meta property=\"og:title\" content=\"Achetez du haschisch glac\u00e9 d&#039;Alaska en ligne\" \/>\n<meta property=\"og:description\" content=\"C&#039;est le meilleur moment pour visiter notre boutique en ligne et acheter du haschisch de glace d&#039;Alaska en ligne. Nous avons du haschisch de glace d&#039;Alaska de haute qualit\u00e9 \u00e0 vendre ici au prix le plus abordable. Rencontrez-nous en ligne et passez votre commande d\u00e8s aujourd&#039;hui.\" \/>\n<meta property=\"og:url\" content=\"https:\/\/herbelegale.com\/pt\/product\/alaskan-ice-hash\/\" \/>\n<meta property=\"og:site_name\" content=\"Herbe L\u00e9gale\" \/>\n<meta property=\"article:modified_time\" content=\"2025-07-18T10:54:40+00:00\" \/>\n<meta property=\"og:image\" content=\"https:\/\/herbelegale.com\/wp-content\/uploads\/2023\/09\/Alaskan-Ice-Hash-1.jpg\" \/>\n\t<meta property=\"og:image:width\" content=\"600\" \/>\n\t<meta property=\"og:image:height\" content=\"600\" \/>\n\t<meta property=\"og:image:type\" content=\"image\/jpeg\" \/>\n<meta name=\"twitter:card\" content=\"summary_large_image\" \/>\n<meta name=\"twitter:label1\" content=\"Tempo estimado de leitura\" \/>\n\t<meta name=\"twitter:data1\" content=\"3 minutes\" \/>\n<script type=\"application\/ld+json\" class=\"yoast-schema-graph\">{\"@context\":\"https:\/\/schema.org\",\"@graph\":[{\"@type\":\"WebPage\",\"@id\":\"https:\/\/herbelegale.com\/product\/alaskan-ice-hash\/\",\"url\":\"https:\/\/herbelegale.com\/product\/alaskan-ice-hash\/\",\"name\":\"Achetez du haschisch glac\u00e9 d'Alaska en ligne\",\"isPartOf\":{\"@id\":\"https:\/\/herbelegale.com\/#website\"},\"primaryImageOfPage\":{\"@id\":\"https:\/\/herbelegale.com\/product\/alaskan-ice-hash\/#primaryimage\"},\"image\":{\"@id\":\"https:\/\/herbelegale.com\/product\/alaskan-ice-hash\/#primaryimage\"},\"thumbnailUrl\":\"https:\/\/herbelegale.com\/wp-content\/uploads\/2023\/09\/Alaskan-Ice-Hash-1.jpg\",\"datePublished\":\"2023-09-30T10:32:51+00:00\",\"dateModified\":\"2025-07-18T10:54:40+00:00\",\"description\":\"C'est le meilleur moment pour visiter notre boutique en ligne et acheter du haschisch de glace d'Alaska en ligne. Nous avons du haschisch de glace d'Alaska de haute qualit\u00e9 \u00e0 vendre ici au prix le plus abordable. Rencontrez-nous en ligne et passez votre commande d\u00e8s aujourd'hui.\",\"breadcrumb\":{\"@id\":\"https:\/\/herbelegale.com\/product\/alaskan-ice-hash\/#breadcrumb\"},\"inLanguage\":\"pt-PT\",\"potentialAction\":[{\"@type\":\"ReadAction\",\"target\":[\"https:\/\/herbelegale.com\/product\/alaskan-ice-hash\/\"]}]},{\"@type\":\"ImageObject\",\"inLanguage\":\"pt-PT\",\"@id\":\"https:\/\/herbelegale.com\/product\/alaskan-ice-hash\/#primaryimage\",\"url\":\"https:\/\/herbelegale.com\/wp-content\/uploads\/2023\/09\/Alaskan-Ice-Hash-1.jpg\",\"contentUrl\":\"https:\/\/herbelegale.com\/wp-content\/uploads\/2023\/09\/Alaskan-Ice-Hash-1.jpg\",\"width\":600,\"height\":600,\"caption\":\"Alaskan Ice Hash\"},{\"@type\":\"BreadcrumbList\",\"@id\":\"https:\/\/herbelegale.com\/product\/alaskan-ice-hash\/#breadcrumb\",\"itemListElement\":[{\"@type\":\"ListItem\",\"position\":1,\"name\":\"Home\",\"item\":\"https:\/\/herbelegale.com\/\"},{\"@type\":\"ListItem\",\"position\":2,\"name\":\"Boutique\",\"item\":\"https:\/\/herbelegale.com\/boutique\/\"},{\"@type\":\"ListItem\",\"position\":3,\"name\":\"Alaskan Ice Hash\"}]},{\"@type\":\"WebSite\",\"@id\":\"https:\/\/herbelegale.com\/#website\",\"url\":\"https:\/\/herbelegale.com\/\",\"name\":\"Herbe L\u00e9gale\",\"description\":\"Acheter de l&#039;herbe en ligne\",\"publisher\":{\"@id\":\"https:\/\/herbelegale.com\/#organization\"},\"potentialAction\":[{\"@type\":\"SearchAction\",\"target\":{\"@type\":\"EntryPoint\",\"urlTemplate\":\"https:\/\/herbelegale.com\/?s={search_term_string}\"},\"query-input\":{\"@type\":\"PropertyValueSpecification\",\"valueRequired\":true,\"valueName\":\"search_term_string\"}}],\"inLanguage\":\"pt-PT\"},{\"@type\":\"Organization\",\"@id\":\"https:\/\/herbelegale.com\/#organization\",\"name\":\"Herbe L\u00e9gale\",\"url\":\"https:\/\/herbelegale.com\/\",\"logo\":{\"@type\":\"ImageObject\",\"inLanguage\":\"pt-PT\",\"@id\":\"https:\/\/herbelegale.com\/#\/schema\/logo\/image\/\",\"url\":\"https:\/\/herbelegale.com\/wp-content\/uploads\/2023\/10\/logo-1.png\",\"contentUrl\":\"https:\/\/herbelegale.com\/wp-content\/uploads\/2023\/10\/logo-1.png\",\"width\":400,\"height\":120,\"caption\":\"Herbe L\u00e9gale\"},\"image\":{\"@id\":\"https:\/\/herbelegale.com\/#\/schema\/logo\/image\/\"}}]}<\/script>\n<!-- \/ Yoast SEO plugin. -->","yoast_head_json":{"title":"Achetez du haschisch glac\u00e9 d'Alaska en ligne","description":"C'est le meilleur moment pour visiter notre boutique en ligne et acheter du haschisch de glace d'Alaska en ligne. Nous avons du haschisch de glace d'Alaska de haute qualit\u00e9 \u00e0 vendre ici au prix le plus abordable. Rencontrez-nous en ligne et passez votre commande d\u00e8s aujourd'hui.","robots":{"index":"index","follow":"follow","max-snippet":"max-snippet:-1","max-image-preview":"max-image-preview:large","max-video-preview":"max-video-preview:-1"},"canonical":"https:\/\/herbelegale.com\/pt\/product\/alaskan-ice-hash\/","og_locale":"pt_PT","og_type":"article","og_title":"Achetez du haschisch glac\u00e9 d'Alaska en ligne","og_description":"C'est le meilleur moment pour visiter notre boutique en ligne et acheter du haschisch de glace d'Alaska en ligne. Nous avons du haschisch de glace d'Alaska de haute qualit\u00e9 \u00e0 vendre ici au prix le plus abordable. Rencontrez-nous en ligne et passez votre commande d\u00e8s aujourd'hui.","og_url":"https:\/\/herbelegale.com\/pt\/product\/alaskan-ice-hash\/","og_site_name":"Herbe L\u00e9gale","article_modified_time":"2025-07-18T10:54:40+00:00","og_image":[{"width":600,"height":600,"url":"https:\/\/herbelegale.com\/wp-content\/uploads\/2023\/09\/Alaskan-Ice-Hash-1.jpg","type":"image\/jpeg"}],"twitter_card":"summary_large_image","twitter_misc":{"Tempo estimado de leitura":"3 minutes"},"schema":{"@context":"https:\/\/schema.org","@graph":[{"@type":"WebPage","@id":"https:\/\/herbelegale.com\/product\/alaskan-ice-hash\/","url":"https:\/\/herbelegale.com\/product\/alaskan-ice-hash\/","name":"Achetez du haschisch glac\u00e9 d'Alaska en ligne","isPartOf":{"@id":"https:\/\/herbelegale.com\/#website"},"primaryImageOfPage":{"@id":"https:\/\/herbelegale.com\/product\/alaskan-ice-hash\/#primaryimage"},"image":{"@id":"https:\/\/herbelegale.com\/product\/alaskan-ice-hash\/#primaryimage"},"thumbnailUrl":"https:\/\/herbelegale.com\/wp-content\/uploads\/2023\/09\/Alaskan-Ice-Hash-1.jpg","datePublished":"2023-09-30T10:32:51+00:00","dateModified":"2025-07-18T10:54:40+00:00","description":"C'est le meilleur moment pour visiter notre boutique en ligne et acheter du haschisch de glace d'Alaska en ligne. Nous avons du haschisch de glace d'Alaska de haute qualit\u00e9 \u00e0 vendre ici au prix le plus abordable. Rencontrez-nous en ligne et passez votre commande d\u00e8s aujourd'hui.","breadcrumb":{"@id":"https:\/\/herbelegale.com\/product\/alaskan-ice-hash\/#breadcrumb"},"inLanguage":"pt-PT","potentialAction":[{"@type":"ReadAction","target":["https:\/\/herbelegale.com\/product\/alaskan-ice-hash\/"]}]},{"@type":"ImageObject","inLanguage":"pt-PT","@id":"https:\/\/herbelegale.com\/product\/alaskan-ice-hash\/#primaryimage","url":"https:\/\/herbelegale.com\/wp-content\/uploads\/2023\/09\/Alaskan-Ice-Hash-1.jpg","contentUrl":"https:\/\/herbelegale.com\/wp-content\/uploads\/2023\/09\/Alaskan-Ice-Hash-1.jpg","width":600,"height":600,"caption":"Alaskan Ice Hash"},{"@type":"BreadcrumbList","@id":"https:\/\/herbelegale.com\/product\/alaskan-ice-hash\/#breadcrumb","itemListElement":[{"@type":"ListItem","position":1,"name":"Home","item":"https:\/\/herbelegale.com\/"},{"@type":"ListItem","position":2,"name":"Boutique","item":"https:\/\/herbelegale.com\/boutique\/"},{"@type":"ListItem","position":3,"name":"Alaskan Ice Hash"}]},{"@type":"WebSite","@id":"https:\/\/herbelegale.com\/#website","url":"https:\/\/herbelegale.com\/","name":"Herbe L\u00e9gale","description":"Acheter de l&#039;herbe en ligne","publisher":{"@id":"https:\/\/herbelegale.com\/#organization"},"potentialAction":[{"@type":"SearchAction","target":{"@type":"EntryPoint","urlTemplate":"https:\/\/herbelegale.com\/?s={search_term_string}"},"query-input":{"@type":"PropertyValueSpecification","valueRequired":true,"valueName":"search_term_string"}}],"inLanguage":"pt-PT"},{"@type":"Organization","@id":"https:\/\/herbelegale.com\/#organization","name":"Herbe L\u00e9gale","url":"https:\/\/herbelegale.com\/","logo":{"@type":"ImageObject","inLanguage":"pt-PT","@id":"https:\/\/herbelegale.com\/#\/schema\/logo\/image\/","url":"https:\/\/herbelegale.com\/wp-content\/uploads\/2023\/10\/logo-1.png","contentUrl":"https:\/\/herbelegale.com\/wp-content\/uploads\/2023\/10\/logo-1.png","width":400,"height":120,"caption":"Herbe L\u00e9gale"},"image":{"@id":"https:\/\/herbelegale.com\/#\/schema\/logo\/image\/"}}]}},"_links":{"self":[{"href":"https:\/\/herbelegale.com\/pt\/wp-json\/wp\/v2\/product\/1365","targetHints":{"allow":["GET"]}}],"collection":[{"href":"https:\/\/herbelegale.com\/pt\/wp-json\/wp\/v2\/product"}],"about":[{"href":"https:\/\/herbelegale.com\/pt\/wp-json\/wp\/v2\/types\/product"}],"replies":[{"embeddable":true,"href":"https:\/\/herbelegale.com\/pt\/wp-json\/wp\/v2\/comments?post=1365"}],"wp:featuredmedia":[{"embeddable":true,"href":"https:\/\/herbelegale.com\/pt\/wp-json\/wp\/v2\/media\/1471"}],"wp:attachment":[{"href":"https:\/\/herbelegale.com\/pt\/wp-json\/wp\/v2\/media?parent=1365"}],"wp:term":[{"taxonomy":"product_brand","embeddable":true,"href":"https:\/\/herbelegale.com\/pt\/wp-json\/wp\/v2\/product_brand?post=1365"},{"taxonomy":"product_cat","embeddable":true,"href":"https:\/\/herbelegale.com\/pt\/wp-json\/wp\/v2\/product_cat?post=1365"},{"taxonomy":"product_tag","embeddable":true,"href":"https:\/\/herbelegale.com\/pt\/wp-json\/wp\/v2\/product_tag?post=1365"}],"curies":[{"name":"wp","href":"https:\/\/api.w.org\/{rel}","templated":true}]}}