{"id":1347,"date":"2023-09-30T10:18:33","date_gmt":"2023-09-30T10:18:33","guid":{"rendered":"https:\/\/nembutalhouse.com\/weed\/?post_type=product&#038;p=1347"},"modified":"2025-07-19T05:02:49","modified_gmt":"2025-07-19T05:02:49","slug":"bubble-hash","status":"publish","type":"product","link":"https:\/\/herbelegale.com\/pt\/product\/bubble-hash\/","title":{"rendered":"Haxixe de bolhas"},"content":{"rendered":"<h2><b>Introdu\u00e7\u00e3o ao Bubble Hash<\/b><\/h2>\n<p>Ymp\u00e4ri maailmaa asiantuntijoiden arvostama tiiviste <a href=\"https:\/\/herbelegale.com\/pt\/product\/bubble-hash\/\">Haxixe de bolhas<\/a> \u00e9 conhecido pela sua pureza excecional, pot\u00eancia e m\u00e9todo de extra\u00e7\u00e3o artesanal. Gra\u00e7as a um processo espec\u00edfico \u00e0 base de \u00e1gua gelada, esta resina cristalina oferece um resultado limpo, saboroso e rico em canabinoides.<\/p>\n<p>Aujourd\u2019hui, de nombreux consommateurs choisissent d\u2019<a href=\"https:\/\/en.wikipedia.org\/wiki\/Hashish\">comprar bubble hash online<\/a> pour d\u00e9couvrir ou red\u00e9couvrir cette merveille du monde du cannabis sous sa forme la plus pure.<\/p>\n<h3><b>O que \u00e9 o Bubble Hash?<\/b><\/h3>\n<p>O bubble hash, tamb\u00e9m conhecido por \"Ice-O-Lator\" ou \"Ice Hash\", \u00e9 um haxixe obtido por extra\u00e7\u00e3o mec\u00e2nica com \u00e1gua gelada e peneiras de malha fina. Este processo natural separa os tricomas da planta de can\u00e1bis, criando uma resina concentrada sem solventes ou aditivos qu\u00edmicos.<\/p>\n<p>O seu nome vem do facto de, quando aquecido, borbulhar literalmente ao derreter \u2014 uma marca de qualidade e pureza. Quanto mais puro for o produto, mais bolhas o Bubble Hash produzir\u00e1 ao ser queimado.<\/p>\n<h3><b>Usos e efeitos comuns<\/b><\/h3>\n<p>Bubble Hash on erityisen arvostettu seuraavista syist\u00e4:<\/p>\n<ul>\n<li style=\"font-weight: 400;\" aria-level=\"1\"><span style=\"font-weight: 400;\">Dens kraftfulde, \u00f8jeblikkelige og langvarige virkninger<\/span>&nbsp;<\/li>\n<li style=\"font-weight: 400;\" aria-level=\"1\"><span style=\"font-weight: 400;\">Jego czysty, naturalny i intensywny smak<\/span>&nbsp;<\/li>\n<li style=\"font-weight: 400;\" aria-level=\"1\"><span style=\"font-weight: 400;\">Dens afslappende egenskaber for kroppen<\/span>&nbsp;<\/li>\n<li style=\"font-weight: 400;\" aria-level=\"1\"><span style=\"font-weight: 400;\">Jego potencja\u0142 stymulowania kreatywno\u015bci lub euforii psychicznej (w zale\u017cno\u015bci od oryginalnego szczepu)<\/span>&nbsp;<\/li>\n<\/ul>\n<p><span style=\"font-weight: 400;\">Det kan indtages alene, blandes med blomster eller inkorporeres i cannabisbaserede f\u00f8devarer.<\/span><\/p>\n<h3><b>Juridisk status (afh\u00e6ngigt af region)<\/b><\/h3>\n<p>Como todos os produtos ricos em THC, o estatuto legal do bubble hash depende inteiramente das regulamenta\u00e7\u00f5es locais. Em alguns pa\u00edses, \u00e9 estritamente proibido, enquanto noutros \u00e9 tolerado ou legal sob certas condi\u00e7\u00f5es. Antes de comprar bubble hash online, certifique-se de verificar as leis aplic\u00e1veis no seu pa\u00eds ou regi\u00e3o.<\/p>\n<h3><b>Pourquoi acheter Bubble Hash en ligne ?<\/b><\/h3>\n<h3><b>Accessibilit\u00e0<\/b><\/h3>\n<p>Comprar Bubble Hash online facilita a procura de resinas de alta qualidade que por vezes n\u00e3o est\u00e3o dispon\u00edveis nas lojas locais.<\/p>\n<h3><b>Variedade de vendedores<\/b><\/h3>\n<p>Muitos vendedores especializados oferecem agora Bubble Hash para venda, em diferentes qualidades, concentra\u00e7\u00f5es e tipos de variedades (sativa, indica, h\u00edbrida, etc.).<\/p>\n<h3><b>Spedizione discreta<\/b><\/h3>\n<p>Os melhores sites de compras online garantem um envio discreto em embalagens simples para proteger a sua privacidade e garantir uma entrega sem problemas.<\/p>\n<h3><b>Hoe kiest u een betrouwbare verkoper?<\/b><\/h3>\n<p>Encontrar o melhor lugar para comprar Amnesia Hash online requer uma pequena pesquisa. Eis alguns crit\u00e9rios essenciais:<\/p>\n<ul>\n<li style=\"font-weight: 400;\" aria-level=\"1\">Tjek prisen p\u00e5 Bubble Hash for at sammenligne kvalitet\/pris mellem flere s\u00e6lgere&nbsp;<\/li>\n<li style=\"font-weight: 400;\" aria-level=\"1\"><span style=\"font-weight: 400;\">Sprawd\u017a reputacj\u0119 witryny na podstawie zweryfikowanych opinii klient\u00f3w<\/span>&nbsp;<\/li>\n<li style=\"font-weight: 400;\" aria-level=\"1\"><span style=\"font-weight: 400;\">Etsi laboratoriosertifikaatteja, jotka takaavat laadun ja puhtauden<\/span>&nbsp;<\/li>\n<li style=\"font-weight: 400;\" aria-level=\"1\"><span style=\"font-weight: 400;\">Wybieraj sprzedawc\u00f3w, kt\u00f3rzy oferuj\u0105 dost\u0119pn\u0105 i profesjonaln\u0105 obs\u0142ug\u0119 klienta.<\/span>&nbsp;<\/li>\n<li style=\"font-weight: 400;\" aria-level=\"1\"><span style=\"font-weight: 400;\">Tutki toimitus- ja palautusehdot<\/span>&nbsp;<\/li>\n<\/ul>\n<h3><b>Pol\u00edticas de entrega<\/b><\/h3>\n<p><span style=\"font-weight: 400;\">En god online salgsside skal tilbyde:<\/span><\/p>\n<ul>\n<li style=\"font-weight: 400;\" aria-level=\"1\"><span style=\"font-weight: 400;\">Prazos de entrega razo\u00e1veis<\/span>&nbsp;<\/li>\n<li style=\"font-weight: 400;\" aria-level=\"1\"><span style=\"font-weight: 400;\">Et sporingsnummer til din ordre<\/span>&nbsp;<\/li>\n<li style=\"font-weight: 400;\" aria-level=\"1\"><span style=\"font-weight: 400;\">Garant\u00edas en caso de problema (paquete perdido o da\u00f1ado)<\/span>&nbsp;<\/li>\n<\/ul>\n<h3><b>Riscos e considera\u00e7\u00f5es<\/b><\/h3>\n<h3><b>Riscos para a sa\u00fade<\/b><\/h3>\n<p>O Bubble Hash \u00e9 um produto com THC altamente concentrado. Para os principiantes, recomenda-se come\u00e7ar com pequenas quantidades. Comprar a fornecedores de confian\u00e7a garante um produto puro, livre de contaminantes qu\u00edmicos e solventes.<\/p>\n<h3><b>Conclus\u00e3o<\/b><\/h3>\n<p>O Bubble Hash \u00e9 um item essencial para os amantes de haxixe premium. O seu sabor puro, textura fina e efeitos poderosos fazem dele um produto procurado por apreciadores de todo o mundo. Para uma melhor experi\u00eancia, opte sempre por comprar Bubble Hash online em plataformas fi\u00e1veis.<\/p>","protected":false},"excerpt":{"rendered":"<p>Introduction au Bubble Hash Concentr\u00e9 pris\u00e9 par les connaisseurs du monde entier, le Bubble Hash est r\u00e9put\u00e9 pour sa puret\u00e9 exceptionnelle, sa puissance, et sa m\u00e9thode d\u2019extraction artisanale. Gr\u00e2ce \u00e0 un processus sp\u00e9cifique \u00e0 base d\u2019eau glac\u00e9e, cette r\u00e9sine cristalline offre un r\u00e9sultat propre, savoureux, et riche en cannabino\u00efdes. Aujourd\u2019hui, de nombreux consommateurs choisissent d\u2019acheter&#8230;<\/p>","protected":false},"featured_media":1469,"comment_status":"open","ping_status":"closed","template":"","meta":{"_kadence_starter_templates_imported_post":false,"_kad_post_transparent":"default","_kad_post_title":"","_kad_post_layout":"default","_kad_post_sidebar_id":"","_kad_post_content_style":"default","_kad_post_vertical_padding":"default","_kad_post_feature":"","_kad_post_feature_position":"","_kad_post_header":false,"_kad_post_footer":false,"_joinchat":[]},"product_brand":[],"product_cat":[31],"product_tag":[],"class_list":{"0":"post-1347","1":"product","2":"type-product","3":"status-publish","4":"has-post-thumbnail","6":"product_cat-haschisch","8":"first","9":"instock","10":"shipping-taxable","11":"purchasable","12":"product-type-variable","13":"entry","14":"content-bg","15":"loop-entry"},"yoast_head":"<!-- This site is optimized with the Yoast SEO plugin v23.5 - https:\/\/yoast.com\/wordpress\/plugins\/seo\/ -->\n<title>Achetez du Bubble Hash en ligne - Bubble Hash \u00e0 vendre - Commandez du Bubble Hash<\/title>\n<meta name=\"description\" content=\"Vous cherchez \u00e0 acheter du Bubble Hash en ligne \u00e0 un prix raisonnable ? Visitez notre boutique en ligne Herbelegale r\u00e9put\u00e9e et obtenez du Bubble Hash en vente d\u00e8s aujourd&#039;hui. Passez commande maintenant !\" \/>\n<meta name=\"robots\" content=\"index, follow, max-snippet:-1, max-image-preview:large, max-video-preview:-1\" \/>\n<link rel=\"canonical\" href=\"https:\/\/herbelegale.com\/pt\/product\/bubble-hash\/\" \/>\n<meta property=\"og:locale\" content=\"pt_PT\" \/>\n<meta property=\"og:type\" content=\"article\" \/>\n<meta property=\"og:title\" content=\"Achetez du Bubble Hash en ligne - Bubble Hash \u00e0 vendre - Commandez du Bubble Hash\" \/>\n<meta property=\"og:description\" content=\"Vous cherchez \u00e0 acheter du Bubble Hash en ligne \u00e0 un prix raisonnable ? Visitez notre boutique en ligne Herbelegale r\u00e9put\u00e9e et obtenez du Bubble Hash en vente d\u00e8s aujourd&#039;hui. Passez commande maintenant !\" \/>\n<meta property=\"og:url\" content=\"https:\/\/herbelegale.com\/pt\/product\/bubble-hash\/\" \/>\n<meta property=\"og:site_name\" content=\"Herbe L\u00e9gale\" \/>\n<meta property=\"article:modified_time\" content=\"2025-07-19T05:02:49+00:00\" \/>\n<meta property=\"og:image\" content=\"https:\/\/herbelegale.com\/wp-content\/uploads\/2023\/09\/Bubble-Hash-1.jpg\" \/>\n\t<meta property=\"og:image:width\" content=\"600\" \/>\n\t<meta property=\"og:image:height\" content=\"600\" \/>\n\t<meta property=\"og:image:type\" content=\"image\/jpeg\" \/>\n<meta name=\"twitter:card\" content=\"summary_large_image\" \/>\n<meta name=\"twitter:label1\" content=\"Tempo estimado de leitura\" \/>\n\t<meta name=\"twitter:data1\" content=\"3 minutes\" \/>\n<script type=\"application\/ld+json\" class=\"yoast-schema-graph\">{\"@context\":\"https:\/\/schema.org\",\"@graph\":[{\"@type\":\"WebPage\",\"@id\":\"https:\/\/herbelegale.com\/product\/bubble-hash\/\",\"url\":\"https:\/\/herbelegale.com\/product\/bubble-hash\/\",\"name\":\"Achetez du Bubble Hash en ligne - Bubble Hash \u00e0 vendre - Commandez du Bubble Hash\",\"isPartOf\":{\"@id\":\"https:\/\/herbelegale.com\/#website\"},\"primaryImageOfPage\":{\"@id\":\"https:\/\/herbelegale.com\/product\/bubble-hash\/#primaryimage\"},\"image\":{\"@id\":\"https:\/\/herbelegale.com\/product\/bubble-hash\/#primaryimage\"},\"thumbnailUrl\":\"https:\/\/herbelegale.com\/wp-content\/uploads\/2023\/09\/Bubble-Hash-1.jpg\",\"datePublished\":\"2023-09-30T10:18:33+00:00\",\"dateModified\":\"2025-07-19T05:02:49+00:00\",\"description\":\"Vous cherchez \u00e0 acheter du Bubble Hash en ligne \u00e0 un prix raisonnable ? Visitez notre boutique en ligne Herbelegale r\u00e9put\u00e9e et obtenez du Bubble Hash en vente d\u00e8s aujourd'hui. Passez commande maintenant !\",\"breadcrumb\":{\"@id\":\"https:\/\/herbelegale.com\/product\/bubble-hash\/#breadcrumb\"},\"inLanguage\":\"pt-PT\",\"potentialAction\":[{\"@type\":\"ReadAction\",\"target\":[\"https:\/\/herbelegale.com\/product\/bubble-hash\/\"]}]},{\"@type\":\"ImageObject\",\"inLanguage\":\"pt-PT\",\"@id\":\"https:\/\/herbelegale.com\/product\/bubble-hash\/#primaryimage\",\"url\":\"https:\/\/herbelegale.com\/wp-content\/uploads\/2023\/09\/Bubble-Hash-1.jpg\",\"contentUrl\":\"https:\/\/herbelegale.com\/wp-content\/uploads\/2023\/09\/Bubble-Hash-1.jpg\",\"width\":600,\"height\":600,\"caption\":\"Bubble Hash\"},{\"@type\":\"BreadcrumbList\",\"@id\":\"https:\/\/herbelegale.com\/product\/bubble-hash\/#breadcrumb\",\"itemListElement\":[{\"@type\":\"ListItem\",\"position\":1,\"name\":\"Home\",\"item\":\"https:\/\/herbelegale.com\/\"},{\"@type\":\"ListItem\",\"position\":2,\"name\":\"Boutique\",\"item\":\"https:\/\/herbelegale.com\/boutique\/\"},{\"@type\":\"ListItem\",\"position\":3,\"name\":\"Bubble Hash\"}]},{\"@type\":\"WebSite\",\"@id\":\"https:\/\/herbelegale.com\/#website\",\"url\":\"https:\/\/herbelegale.com\/\",\"name\":\"Herbe L\u00e9gale\",\"description\":\"Acheter de l&#039;herbe en ligne\",\"publisher\":{\"@id\":\"https:\/\/herbelegale.com\/#organization\"},\"potentialAction\":[{\"@type\":\"SearchAction\",\"target\":{\"@type\":\"EntryPoint\",\"urlTemplate\":\"https:\/\/herbelegale.com\/?s={search_term_string}\"},\"query-input\":{\"@type\":\"PropertyValueSpecification\",\"valueRequired\":true,\"valueName\":\"search_term_string\"}}],\"inLanguage\":\"pt-PT\"},{\"@type\":\"Organization\",\"@id\":\"https:\/\/herbelegale.com\/#organization\",\"name\":\"Herbe L\u00e9gale\",\"url\":\"https:\/\/herbelegale.com\/\",\"logo\":{\"@type\":\"ImageObject\",\"inLanguage\":\"pt-PT\",\"@id\":\"https:\/\/herbelegale.com\/#\/schema\/logo\/image\/\",\"url\":\"https:\/\/herbelegale.com\/wp-content\/uploads\/2023\/10\/logo-1.png\",\"contentUrl\":\"https:\/\/herbelegale.com\/wp-content\/uploads\/2023\/10\/logo-1.png\",\"width\":400,\"height\":120,\"caption\":\"Herbe L\u00e9gale\"},\"image\":{\"@id\":\"https:\/\/herbelegale.com\/#\/schema\/logo\/image\/\"}}]}<\/script>\n<!-- \/ Yoast SEO plugin. -->","yoast_head_json":{"title":"Achetez du Bubble Hash en ligne - Bubble Hash \u00e0 vendre - Commandez du Bubble Hash","description":"Vous cherchez \u00e0 acheter du Bubble Hash en ligne \u00e0 un prix raisonnable ? Visitez notre boutique en ligne Herbelegale r\u00e9put\u00e9e et obtenez du Bubble Hash en vente d\u00e8s aujourd'hui. Passez commande maintenant !","robots":{"index":"index","follow":"follow","max-snippet":"max-snippet:-1","max-image-preview":"max-image-preview:large","max-video-preview":"max-video-preview:-1"},"canonical":"https:\/\/herbelegale.com\/pt\/product\/bubble-hash\/","og_locale":"pt_PT","og_type":"article","og_title":"Achetez du Bubble Hash en ligne - Bubble Hash \u00e0 vendre - Commandez du Bubble Hash","og_description":"Vous cherchez \u00e0 acheter du Bubble Hash en ligne \u00e0 un prix raisonnable ? Visitez notre boutique en ligne Herbelegale r\u00e9put\u00e9e et obtenez du Bubble Hash en vente d\u00e8s aujourd'hui. Passez commande maintenant !","og_url":"https:\/\/herbelegale.com\/pt\/product\/bubble-hash\/","og_site_name":"Herbe L\u00e9gale","article_modified_time":"2025-07-19T05:02:49+00:00","og_image":[{"width":600,"height":600,"url":"https:\/\/herbelegale.com\/wp-content\/uploads\/2023\/09\/Bubble-Hash-1.jpg","type":"image\/jpeg"}],"twitter_card":"summary_large_image","twitter_misc":{"Tempo estimado de leitura":"3 minutes"},"schema":{"@context":"https:\/\/schema.org","@graph":[{"@type":"WebPage","@id":"https:\/\/herbelegale.com\/product\/bubble-hash\/","url":"https:\/\/herbelegale.com\/product\/bubble-hash\/","name":"Achetez du Bubble Hash en ligne - Bubble Hash \u00e0 vendre - Commandez du Bubble Hash","isPartOf":{"@id":"https:\/\/herbelegale.com\/#website"},"primaryImageOfPage":{"@id":"https:\/\/herbelegale.com\/product\/bubble-hash\/#primaryimage"},"image":{"@id":"https:\/\/herbelegale.com\/product\/bubble-hash\/#primaryimage"},"thumbnailUrl":"https:\/\/herbelegale.com\/wp-content\/uploads\/2023\/09\/Bubble-Hash-1.jpg","datePublished":"2023-09-30T10:18:33+00:00","dateModified":"2025-07-19T05:02:49+00:00","description":"Vous cherchez \u00e0 acheter du Bubble Hash en ligne \u00e0 un prix raisonnable ? Visitez notre boutique en ligne Herbelegale r\u00e9put\u00e9e et obtenez du Bubble Hash en vente d\u00e8s aujourd'hui. Passez commande maintenant !","breadcrumb":{"@id":"https:\/\/herbelegale.com\/product\/bubble-hash\/#breadcrumb"},"inLanguage":"pt-PT","potentialAction":[{"@type":"ReadAction","target":["https:\/\/herbelegale.com\/product\/bubble-hash\/"]}]},{"@type":"ImageObject","inLanguage":"pt-PT","@id":"https:\/\/herbelegale.com\/product\/bubble-hash\/#primaryimage","url":"https:\/\/herbelegale.com\/wp-content\/uploads\/2023\/09\/Bubble-Hash-1.jpg","contentUrl":"https:\/\/herbelegale.com\/wp-content\/uploads\/2023\/09\/Bubble-Hash-1.jpg","width":600,"height":600,"caption":"Bubble Hash"},{"@type":"BreadcrumbList","@id":"https:\/\/herbelegale.com\/product\/bubble-hash\/#breadcrumb","itemListElement":[{"@type":"ListItem","position":1,"name":"Home","item":"https:\/\/herbelegale.com\/"},{"@type":"ListItem","position":2,"name":"Boutique","item":"https:\/\/herbelegale.com\/boutique\/"},{"@type":"ListItem","position":3,"name":"Bubble Hash"}]},{"@type":"WebSite","@id":"https:\/\/herbelegale.com\/#website","url":"https:\/\/herbelegale.com\/","name":"Herbe L\u00e9gale","description":"Acheter de l&#039;herbe en ligne","publisher":{"@id":"https:\/\/herbelegale.com\/#organization"},"potentialAction":[{"@type":"SearchAction","target":{"@type":"EntryPoint","urlTemplate":"https:\/\/herbelegale.com\/?s={search_term_string}"},"query-input":{"@type":"PropertyValueSpecification","valueRequired":true,"valueName":"search_term_string"}}],"inLanguage":"pt-PT"},{"@type":"Organization","@id":"https:\/\/herbelegale.com\/#organization","name":"Herbe L\u00e9gale","url":"https:\/\/herbelegale.com\/","logo":{"@type":"ImageObject","inLanguage":"pt-PT","@id":"https:\/\/herbelegale.com\/#\/schema\/logo\/image\/","url":"https:\/\/herbelegale.com\/wp-content\/uploads\/2023\/10\/logo-1.png","contentUrl":"https:\/\/herbelegale.com\/wp-content\/uploads\/2023\/10\/logo-1.png","width":400,"height":120,"caption":"Herbe L\u00e9gale"},"image":{"@id":"https:\/\/herbelegale.com\/#\/schema\/logo\/image\/"}}]}},"_links":{"self":[{"href":"https:\/\/herbelegale.com\/pt\/wp-json\/wp\/v2\/product\/1347","targetHints":{"allow":["GET"]}}],"collection":[{"href":"https:\/\/herbelegale.com\/pt\/wp-json\/wp\/v2\/product"}],"about":[{"href":"https:\/\/herbelegale.com\/pt\/wp-json\/wp\/v2\/types\/product"}],"replies":[{"embeddable":true,"href":"https:\/\/herbelegale.com\/pt\/wp-json\/wp\/v2\/comments?post=1347"}],"wp:featuredmedia":[{"embeddable":true,"href":"https:\/\/herbelegale.com\/pt\/wp-json\/wp\/v2\/media\/1469"}],"wp:attachment":[{"href":"https:\/\/herbelegale.com\/pt\/wp-json\/wp\/v2\/media?parent=1347"}],"wp:term":[{"taxonomy":"product_brand","embeddable":true,"href":"https:\/\/herbelegale.com\/pt\/wp-json\/wp\/v2\/product_brand?post=1347"},{"taxonomy":"product_cat","embeddable":true,"href":"https:\/\/herbelegale.com\/pt\/wp-json\/wp\/v2\/product_cat?post=1347"},{"taxonomy":"product_tag","embeddable":true,"href":"https:\/\/herbelegale.com\/pt\/wp-json\/wp\/v2\/product_tag?post=1347"}],"curies":[{"name":"wp","href":"https:\/\/api.w.org\/{rel}","templated":true}]}}