{"id":1346,"date":"2023-09-30T10:17:52","date_gmt":"2023-09-30T10:17:52","guid":{"rendered":"https:\/\/nembutalhouse.com\/weed\/?post_type=product&#038;p=1346"},"modified":"2025-07-19T05:09:06","modified_gmt":"2025-07-19T05:09:06","slug":"rolex-hash","status":"publish","type":"product","link":"https:\/\/herbelegale.com\/pt\/product\/rolex-hash\/","title":{"rendered":"Rolex Hash"},"content":{"rendered":"<h2><b>Rolex Hash \u2013 A melhor experi\u00eancia de hash premium<\/b><\/h2>\n<h3><b>Introdu\u00e7\u00e3o ao Rolex Hash<\/b><\/h3>\n<p>Le <a href=\"https:\/\/herbelegale.com\/pt\/product\/rolex-hash\/\">Rolex Hash<\/a> \u00e9 mais do que apenas um concentrado de can\u00e1bis \u2014 \u00e9 um produto premium e refinado, concebido para entusiastas exigentes que procuram uma experi\u00eancia intensa, pura e sofisticada. Conhecido pela sua pot\u00eancia, textura rica e aromas profundos, o Rolex Hash \u00e9 uma refer\u00eancia no mundo das resinas premium.<\/p>\n<h3><b>O que \u00e9 o Rolex Hash?<\/b><\/h3>\n<p><a href=\"https:\/\/en.wikipedia.org\/wiki\/Hashish\">Le Rolex Hash<\/a> \u00e9 uma resina de can\u00e1bis artesanal extra\u00edda de tricomas cuidadosamente peneirados de flores meticulosamente cultivadas. O seu nome evoca excel\u00eancia e precis\u00e3o, como a famosa marca de rel\u00f3gios, e n\u00e3o \u00e9 coincid\u00eancia: este haxixe oferece uma qualidade consistente, uma pot\u00eancia not\u00e1vel e uma finesse arom\u00e1tica excecional.<\/p>\n<p>De cor castanha escura ou preta e, muitas vezes, de textura macia e oleosa, o Rolex Hash exala notas picantes, terrosas e amadeiradas, acompanhadas por um efeito relaxante e euf\u00f3rico que dura muito tempo.<\/p>\n<h3><b>Usos e efeitos comuns do Rolex Hash<\/b><\/h3>\n<p>O Rolex Hash \u00e9 valorizado pelos seus efeitos poderosos e equilibrados, adequados tanto para uso recreativo como terap\u00eautico. Os utilizadores procuram:<\/p>\n<ul>\n<li style=\"font-weight: 400;\" aria-level=\"1\">G\u0142\u0119boki i natychmiastowy relaks&nbsp;<\/li>\n<li style=\"font-weight: 400;\" aria-level=\"1\">Redukcja stresu i l\u0119ku&nbsp;<\/li>\n<li style=\"font-weight: 400;\" aria-level=\"1\">Kreativ stimulering og forbedret koncentration&nbsp;<\/li>\n<li style=\"font-weight: 400;\" aria-level=\"1\">Lepsza jako\u015b\u0107 snu&nbsp;<\/li>\n<li style=\"font-weight: 400;\" aria-level=\"1\">Lempe\u00e4n ja kest\u00e4v\u00e4n euforian tunne&nbsp;<\/li>\n<\/ul>\n<h3><b>M\u00e9todos de consumo:<\/b><\/h3>\n<ul>\n<li style=\"font-weight: 400;\" aria-level=\"1\"><span style=\"font-weight: 400;\">R\u00f8get i en joint, pibe eller vandpibe<\/span>&nbsp;<\/li>\n<li style=\"font-weight: 400;\" aria-level=\"1\"><span style=\"font-weight: 400;\">Vaporis\u00e9 avec un appareil adapt\u00e9<\/span>&nbsp;<\/li>\n<li style=\"font-weight: 400;\" aria-level=\"1\"><span style=\"font-weight: 400;\">Infunderet i en varm drik med fedtstof<\/span>&nbsp;<\/li>\n<\/ul>\n<h3><b>Estatuto jur\u00eddico: uma vis\u00e3o geral<\/b><\/h3>\n<p>O estatuto legal do Rolex Hash depende do seu pa\u00eds ou regi\u00e3o. Em alguns locais, a posse ou o consumo podem ser estritamente proibidos, enquanto outros permitem o seu uso recreativo ou medicinal sob determinadas condi\u00e7\u00f5es.<\/p>\n<p>Importante: Verifique sempre as leis locais antes de encomendar ou consumir.<\/p>\n<h3><b>Porqu\u00ea comprar Rolex Hash online?<\/b><\/h3>\n<p>Encomendar online permite ignorar restri\u00e7\u00f5es geogr\u00e1ficas e obter Rolex Hash a um pre\u00e7o competitivo, sem sair de casa.<\/p>\n<p><b>\u00a0Variedade de vendedores<\/b><\/p>\n<p>A internet oferece acesso a uma vasta sele\u00e7\u00e3o de vendedores especializados, que oferecem diferentes qualidades, origens e pre\u00e7os. Seja para Rolex Hash barato ou uma vers\u00e3o premium, as op\u00e7\u00f5es s\u00e3o in\u00fameras.<\/p>\n<p><b>Entrega discreta<\/b><\/p>\n<p>Os melhores sites garantem um envio r\u00e1pido, discreto e seguro, com uma embalagem simples e um n\u00famero de seguimento para total tranquilidade.<\/p>\n<h3><b>Como escolher um vendedor de confian\u00e7a para comprar Rolex Hash online?<\/b><\/h3>\n<p><span style=\"font-weight: 400;\">Antes de encomendar, verifique se o site oferece:<\/span><\/p>\n<ul>\n<li style=\"font-weight: 400;\" aria-level=\"1\">Autentiske og positive kundeanmeldelser&nbsp;<\/li>\n<li style=\"font-weight: 400;\" aria-level=\"1\">Gennemsigtighed omkring hashens kvalitet og oprindelse&nbsp;<\/li>\n<li style=\"font-weight: 400;\" aria-level=\"1\">Turvalliset maksutavat (kryptovaluutat, kortit jne.)&nbsp;<\/li>\n<li style=\"font-weight: 400;\" aria-level=\"1\">Pol\u00edticas claras de envio e devolu\u00e7\u00e3o&nbsp;<\/li>\n<li style=\"font-weight: 400;\" aria-level=\"1\">Szybka i profesjonalna obs\u0142uga klienta&nbsp;<\/li>\n<\/ul>\n<h3><b>Dica: O melhor lugar para comprar Rolex Hash online \u00e9 geralmente uma plataforma fi\u00e1vel especializada em produtos de can\u00e1bis.<\/b><\/h3>\n<h3><b>Pol\u00edticas de Envio<\/b><\/h3>\n<p><span style=\"font-weight: 400;\">Un bon vendeur propose :<\/span><\/p>\n<ul>\n<li style=\"font-weight: 400;\" aria-level=\"1\">Hurtige leveringsmuligheder med sporing&nbsp;<\/li>\n<li style=\"font-weight: 400;\" aria-level=\"1\">Embalagem que garante a frescura e a integridade do produto.&nbsp;<\/li>\n<li style=\"font-weight: 400;\" aria-level=\"1\">Uma pol\u00edtica de confidencialidade rigorosa para garantir o anonimato do cliente&nbsp;<\/li>\n<\/ul>\n<h3><b>Riscos e precau\u00e7\u00f5es a tomar<\/b><\/h3>\n<p><b>Riscos para a sa\u00fade<\/b><\/p>\n<p><span style=\"font-weight: 400;\">Como qualquer produto rico em THC, o Rolex Hash pode causar efeitos secund\u00e1rios:<\/span><\/p>\n<ul>\n<li style=\"font-weight: 400;\" aria-level=\"1\"><span style=\"font-weight: 400;\">D\u00f8sighed, mundt\u00f8rhed<\/span>&nbsp;<\/li>\n<li style=\"font-weight: 400;\" aria-level=\"1\"><span style=\"font-weight: 400;\">L\u0119k lub paranoja w niekt\u00f3rych profilach<\/span>&nbsp;<\/li>\n<li style=\"font-weight: 400;\" aria-level=\"1\"><span style=\"font-weight: 400;\">Interaktion med visse l\u00e6gemidler<\/span>&nbsp;<\/li>\n<\/ul>\n<h3><b>Precau\u00e7\u00f5es recomendadas:<\/b><\/h3>\n<ul>\n<li style=\"font-weight: 400;\" aria-level=\"1\"><span style=\"font-weight: 400;\">Aloita pienell\u00e4 annoksella, varsinkin jos olet aloittelija<\/span>&nbsp;<\/li>\n<li style=\"font-weight: 400;\" aria-level=\"1\"><span style=\"font-weight: 400;\">Evitare di guidare o utilizzare macchinari pesanti dopo il consumo<\/span>&nbsp;<\/li>\n<li style=\"font-weight: 400;\" aria-level=\"1\"><span style=\"font-weight: 400;\">Nicht einnehmen, wenn Sie schwanger sind oder sich einer speziellen Behandlung unterziehen.<\/span>&nbsp;<\/li>\n<li style=\"font-weight: 400;\" aria-level=\"1\"><span style=\"font-weight: 400;\">Im Zweifelsfall einen Arzt konsultieren<\/span>&nbsp;<\/li>\n<\/ul>\n<h3><b>Conclus\u00e3o: Mime-se com a excel\u00eancia \u2014 sem sair de casa<\/b><\/h3>\n<p>Encomendar Rolex Hash online significa escolher eleg\u00e2ncia e poder, com total discri\u00e7\u00e3o. Gra\u00e7as a uma sele\u00e7\u00e3o diversificada, vendedores de confian\u00e7a e servi\u00e7os de entrega an\u00f3nimos, nunca foi t\u00e3o f\u00e1cil aceder a um produto t\u00e3o procurado.<\/p>\n<p>Avant tout achat, v\u00e9rifiez les lois de votre pays, et prenez vos pr\u00e9cautions pour un usage s\u00e9curis\u00e9, l\u00e9gal et responsable.<\/p>","protected":false},"excerpt":{"rendered":"<p>Rolex Hash \u2013 L\u2019exp\u00e9rience ultime du hash haut de gamme Introduction au Rolex Hash Le Rolex Hash est bien plus qu\u2019un simple concentr\u00e9 de cannabis \u2014 c\u2019est un produit haut de gamme, raffin\u00e9, con\u00e7u pour les amateurs exigeants \u00e0 la recherche d\u2019une exp\u00e9rience intense, pure et sophistiqu\u00e9e. Reconnu pour sa puissance, sa texture riche et&#8230;<\/p>","protected":false},"featured_media":1468,"comment_status":"open","ping_status":"closed","template":"","meta":{"_kadence_starter_templates_imported_post":false,"_kad_post_transparent":"default","_kad_post_title":"","_kad_post_layout":"default","_kad_post_sidebar_id":"","_kad_post_content_style":"default","_kad_post_vertical_padding":"default","_kad_post_feature":"","_kad_post_feature_position":"","_kad_post_header":false,"_kad_post_footer":false,"_joinchat":[]},"product_brand":[],"product_cat":[31],"product_tag":[],"class_list":{"0":"post-1346","1":"product","2":"type-product","3":"status-publish","4":"has-post-thumbnail","6":"product_cat-haschisch","8":"first","9":"instock","10":"shipping-taxable","11":"purchasable","12":"product-type-variable","13":"entry","14":"content-bg","15":"loop-entry"},"yoast_head":"<!-- This site is optimized with the Yoast SEO plugin v23.5 - https:\/\/yoast.com\/wordpress\/plugins\/seo\/ -->\n<title>Achetez du hachage Rolex en ligne - Vente de hachage Rolex - Commandez du hachage Rolex 5Ca<\/title>\n<meta name=\"description\" content=\"Vous pouvez entrer en contact avec notre boutique en ligne Herbelegale et acheter du Rolex Hash en ligne. Vous pouvez obtenir du Rolex Hash \u00e0 vendre \u00e0 des prix bon march\u00e9. Passez commande tout de suite !\" \/>\n<meta name=\"robots\" content=\"index, follow, max-snippet:-1, max-image-preview:large, max-video-preview:-1\" \/>\n<link rel=\"canonical\" href=\"https:\/\/herbelegale.com\/pt\/product\/rolex-hash\/\" \/>\n<meta property=\"og:locale\" content=\"pt_PT\" \/>\n<meta property=\"og:type\" content=\"article\" \/>\n<meta property=\"og:title\" content=\"Achetez du hachage Rolex en ligne - Vente de hachage Rolex - Commandez du hachage Rolex 5Ca\" \/>\n<meta property=\"og:description\" content=\"Vous pouvez entrer en contact avec notre boutique en ligne Herbelegale et acheter du Rolex Hash en ligne. Vous pouvez obtenir du Rolex Hash \u00e0 vendre \u00e0 des prix bon march\u00e9. Passez commande tout de suite !\" \/>\n<meta property=\"og:url\" content=\"https:\/\/herbelegale.com\/pt\/product\/rolex-hash\/\" \/>\n<meta property=\"og:site_name\" content=\"Herbe L\u00e9gale\" \/>\n<meta property=\"article:modified_time\" content=\"2025-07-19T05:09:06+00:00\" \/>\n<meta property=\"og:image\" content=\"https:\/\/herbelegale.com\/wp-content\/uploads\/2023\/09\/Rolex-Hash-1.jpg\" \/>\n\t<meta property=\"og:image:width\" content=\"600\" \/>\n\t<meta property=\"og:image:height\" content=\"600\" \/>\n\t<meta property=\"og:image:type\" content=\"image\/jpeg\" \/>\n<meta name=\"twitter:card\" content=\"summary_large_image\" \/>\n<meta name=\"twitter:label1\" content=\"Tempo estimado de leitura\" \/>\n\t<meta name=\"twitter:data1\" content=\"4 minutes\" \/>\n<script type=\"application\/ld+json\" class=\"yoast-schema-graph\">{\"@context\":\"https:\/\/schema.org\",\"@graph\":[{\"@type\":\"WebPage\",\"@id\":\"https:\/\/herbelegale.com\/product\/rolex-hash\/\",\"url\":\"https:\/\/herbelegale.com\/product\/rolex-hash\/\",\"name\":\"Achetez du hachage Rolex en ligne - Vente de hachage Rolex - Commandez du hachage Rolex 5Ca\",\"isPartOf\":{\"@id\":\"https:\/\/herbelegale.com\/#website\"},\"primaryImageOfPage\":{\"@id\":\"https:\/\/herbelegale.com\/product\/rolex-hash\/#primaryimage\"},\"image\":{\"@id\":\"https:\/\/herbelegale.com\/product\/rolex-hash\/#primaryimage\"},\"thumbnailUrl\":\"https:\/\/herbelegale.com\/wp-content\/uploads\/2023\/09\/Rolex-Hash-1.jpg\",\"datePublished\":\"2023-09-30T10:17:52+00:00\",\"dateModified\":\"2025-07-19T05:09:06+00:00\",\"description\":\"Vous pouvez entrer en contact avec notre boutique en ligne Herbelegale et acheter du Rolex Hash en ligne. Vous pouvez obtenir du Rolex Hash \u00e0 vendre \u00e0 des prix bon march\u00e9. Passez commande tout de suite !\",\"breadcrumb\":{\"@id\":\"https:\/\/herbelegale.com\/product\/rolex-hash\/#breadcrumb\"},\"inLanguage\":\"pt-PT\",\"potentialAction\":[{\"@type\":\"ReadAction\",\"target\":[\"https:\/\/herbelegale.com\/product\/rolex-hash\/\"]}]},{\"@type\":\"ImageObject\",\"inLanguage\":\"pt-PT\",\"@id\":\"https:\/\/herbelegale.com\/product\/rolex-hash\/#primaryimage\",\"url\":\"https:\/\/herbelegale.com\/wp-content\/uploads\/2023\/09\/Rolex-Hash-1.jpg\",\"contentUrl\":\"https:\/\/herbelegale.com\/wp-content\/uploads\/2023\/09\/Rolex-Hash-1.jpg\",\"width\":600,\"height\":600,\"caption\":\"Rolex Hash\"},{\"@type\":\"BreadcrumbList\",\"@id\":\"https:\/\/herbelegale.com\/product\/rolex-hash\/#breadcrumb\",\"itemListElement\":[{\"@type\":\"ListItem\",\"position\":1,\"name\":\"Home\",\"item\":\"https:\/\/herbelegale.com\/\"},{\"@type\":\"ListItem\",\"position\":2,\"name\":\"Boutique\",\"item\":\"https:\/\/herbelegale.com\/boutique\/\"},{\"@type\":\"ListItem\",\"position\":3,\"name\":\"Rolex Hash\"}]},{\"@type\":\"WebSite\",\"@id\":\"https:\/\/herbelegale.com\/#website\",\"url\":\"https:\/\/herbelegale.com\/\",\"name\":\"Herbe L\u00e9gale\",\"description\":\"Acheter de l&#039;herbe en ligne\",\"publisher\":{\"@id\":\"https:\/\/herbelegale.com\/#organization\"},\"potentialAction\":[{\"@type\":\"SearchAction\",\"target\":{\"@type\":\"EntryPoint\",\"urlTemplate\":\"https:\/\/herbelegale.com\/?s={search_term_string}\"},\"query-input\":{\"@type\":\"PropertyValueSpecification\",\"valueRequired\":true,\"valueName\":\"search_term_string\"}}],\"inLanguage\":\"pt-PT\"},{\"@type\":\"Organization\",\"@id\":\"https:\/\/herbelegale.com\/#organization\",\"name\":\"Herbe L\u00e9gale\",\"url\":\"https:\/\/herbelegale.com\/\",\"logo\":{\"@type\":\"ImageObject\",\"inLanguage\":\"pt-PT\",\"@id\":\"https:\/\/herbelegale.com\/#\/schema\/logo\/image\/\",\"url\":\"https:\/\/herbelegale.com\/wp-content\/uploads\/2023\/10\/logo-1.png\",\"contentUrl\":\"https:\/\/herbelegale.com\/wp-content\/uploads\/2023\/10\/logo-1.png\",\"width\":400,\"height\":120,\"caption\":\"Herbe L\u00e9gale\"},\"image\":{\"@id\":\"https:\/\/herbelegale.com\/#\/schema\/logo\/image\/\"}}]}<\/script>\n<!-- \/ Yoast SEO plugin. -->","yoast_head_json":{"title":"Achetez du hachage Rolex en ligne - Vente de hachage Rolex - Commandez du hachage Rolex 5Ca","description":"Vous pouvez entrer en contact avec notre boutique en ligne Herbelegale et acheter du Rolex Hash en ligne. Vous pouvez obtenir du Rolex Hash \u00e0 vendre \u00e0 des prix bon march\u00e9. Passez commande tout de suite !","robots":{"index":"index","follow":"follow","max-snippet":"max-snippet:-1","max-image-preview":"max-image-preview:large","max-video-preview":"max-video-preview:-1"},"canonical":"https:\/\/herbelegale.com\/pt\/product\/rolex-hash\/","og_locale":"pt_PT","og_type":"article","og_title":"Achetez du hachage Rolex en ligne - Vente de hachage Rolex - Commandez du hachage Rolex 5Ca","og_description":"Vous pouvez entrer en contact avec notre boutique en ligne Herbelegale et acheter du Rolex Hash en ligne. Vous pouvez obtenir du Rolex Hash \u00e0 vendre \u00e0 des prix bon march\u00e9. Passez commande tout de suite !","og_url":"https:\/\/herbelegale.com\/pt\/product\/rolex-hash\/","og_site_name":"Herbe L\u00e9gale","article_modified_time":"2025-07-19T05:09:06+00:00","og_image":[{"width":600,"height":600,"url":"https:\/\/herbelegale.com\/wp-content\/uploads\/2023\/09\/Rolex-Hash-1.jpg","type":"image\/jpeg"}],"twitter_card":"summary_large_image","twitter_misc":{"Tempo estimado de leitura":"4 minutes"},"schema":{"@context":"https:\/\/schema.org","@graph":[{"@type":"WebPage","@id":"https:\/\/herbelegale.com\/product\/rolex-hash\/","url":"https:\/\/herbelegale.com\/product\/rolex-hash\/","name":"Achetez du hachage Rolex en ligne - Vente de hachage Rolex - Commandez du hachage Rolex 5Ca","isPartOf":{"@id":"https:\/\/herbelegale.com\/#website"},"primaryImageOfPage":{"@id":"https:\/\/herbelegale.com\/product\/rolex-hash\/#primaryimage"},"image":{"@id":"https:\/\/herbelegale.com\/product\/rolex-hash\/#primaryimage"},"thumbnailUrl":"https:\/\/herbelegale.com\/wp-content\/uploads\/2023\/09\/Rolex-Hash-1.jpg","datePublished":"2023-09-30T10:17:52+00:00","dateModified":"2025-07-19T05:09:06+00:00","description":"Vous pouvez entrer en contact avec notre boutique en ligne Herbelegale et acheter du Rolex Hash en ligne. Vous pouvez obtenir du Rolex Hash \u00e0 vendre \u00e0 des prix bon march\u00e9. Passez commande tout de suite !","breadcrumb":{"@id":"https:\/\/herbelegale.com\/product\/rolex-hash\/#breadcrumb"},"inLanguage":"pt-PT","potentialAction":[{"@type":"ReadAction","target":["https:\/\/herbelegale.com\/product\/rolex-hash\/"]}]},{"@type":"ImageObject","inLanguage":"pt-PT","@id":"https:\/\/herbelegale.com\/product\/rolex-hash\/#primaryimage","url":"https:\/\/herbelegale.com\/wp-content\/uploads\/2023\/09\/Rolex-Hash-1.jpg","contentUrl":"https:\/\/herbelegale.com\/wp-content\/uploads\/2023\/09\/Rolex-Hash-1.jpg","width":600,"height":600,"caption":"Rolex Hash"},{"@type":"BreadcrumbList","@id":"https:\/\/herbelegale.com\/product\/rolex-hash\/#breadcrumb","itemListElement":[{"@type":"ListItem","position":1,"name":"Home","item":"https:\/\/herbelegale.com\/"},{"@type":"ListItem","position":2,"name":"Boutique","item":"https:\/\/herbelegale.com\/boutique\/"},{"@type":"ListItem","position":3,"name":"Rolex Hash"}]},{"@type":"WebSite","@id":"https:\/\/herbelegale.com\/#website","url":"https:\/\/herbelegale.com\/","name":"Herbe L\u00e9gale","description":"Acheter de l&#039;herbe en ligne","publisher":{"@id":"https:\/\/herbelegale.com\/#organization"},"potentialAction":[{"@type":"SearchAction","target":{"@type":"EntryPoint","urlTemplate":"https:\/\/herbelegale.com\/?s={search_term_string}"},"query-input":{"@type":"PropertyValueSpecification","valueRequired":true,"valueName":"search_term_string"}}],"inLanguage":"pt-PT"},{"@type":"Organization","@id":"https:\/\/herbelegale.com\/#organization","name":"Herbe L\u00e9gale","url":"https:\/\/herbelegale.com\/","logo":{"@type":"ImageObject","inLanguage":"pt-PT","@id":"https:\/\/herbelegale.com\/#\/schema\/logo\/image\/","url":"https:\/\/herbelegale.com\/wp-content\/uploads\/2023\/10\/logo-1.png","contentUrl":"https:\/\/herbelegale.com\/wp-content\/uploads\/2023\/10\/logo-1.png","width":400,"height":120,"caption":"Herbe L\u00e9gale"},"image":{"@id":"https:\/\/herbelegale.com\/#\/schema\/logo\/image\/"}}]}},"_links":{"self":[{"href":"https:\/\/herbelegale.com\/pt\/wp-json\/wp\/v2\/product\/1346","targetHints":{"allow":["GET"]}}],"collection":[{"href":"https:\/\/herbelegale.com\/pt\/wp-json\/wp\/v2\/product"}],"about":[{"href":"https:\/\/herbelegale.com\/pt\/wp-json\/wp\/v2\/types\/product"}],"replies":[{"embeddable":true,"href":"https:\/\/herbelegale.com\/pt\/wp-json\/wp\/v2\/comments?post=1346"}],"wp:featuredmedia":[{"embeddable":true,"href":"https:\/\/herbelegale.com\/pt\/wp-json\/wp\/v2\/media\/1468"}],"wp:attachment":[{"href":"https:\/\/herbelegale.com\/pt\/wp-json\/wp\/v2\/media?parent=1346"}],"wp:term":[{"taxonomy":"product_brand","embeddable":true,"href":"https:\/\/herbelegale.com\/pt\/wp-json\/wp\/v2\/product_brand?post=1346"},{"taxonomy":"product_cat","embeddable":true,"href":"https:\/\/herbelegale.com\/pt\/wp-json\/wp\/v2\/product_cat?post=1346"},{"taxonomy":"product_tag","embeddable":true,"href":"https:\/\/herbelegale.com\/pt\/wp-json\/wp\/v2\/product_tag?post=1346"}],"curies":[{"name":"wp","href":"https:\/\/api.w.org\/{rel}","templated":true}]}}