{"id":1345,"date":"2023-09-30T10:17:48","date_gmt":"2023-09-30T10:17:48","guid":{"rendered":"https:\/\/nembutalhouse.com\/weed\/?post_type=product&#038;p=1345"},"modified":"2025-07-18T11:22:57","modified_gmt":"2025-07-18T11:22:57","slug":"amnesia-hash","status":"publish","type":"product","link":"https:\/\/herbelegale.com\/pt\/product\/amnesia-hash\/","title":{"rendered":"Amn\u00e9sia Hash"},"content":{"rendered":"<h2><b>Introdu\u00e7\u00e3o ao Amnesia Hash<\/b><\/h2>\n<p>Si vous recherchez un hash puissant et riche en ar\u00f4mes, <a href=\"https:\/\/herbelegale.com\/pt\/product\/amnesia-hash\/\">l\u2019Amnesia Hash<\/a> \u00e9 um item essencial. Derivado da famosa variedade Amnesia, este concentrado resinoso oferece uma experi\u00eancia intensa para quem procura emo\u00e7\u00f5es fortes. A sua reputa\u00e7\u00e3o baseia-se em fortes efeitos cerebrais e num sabor c\u00edtrico picante e caracter\u00edstico. Descubra porque \u00e9 que tantos utilizadores optam por comprar Amnesia Hash online para melhorar a sua experi\u00eancia com a can\u00e1bis.<\/p>\n<h3><b>O que \u00e9 o Amnesia Hash?<\/b><\/h3>\n<p><a href=\"https:\/\/en.wikipedia.org\/wiki\/Amnesia\">L\u2019Amnesia Hash<\/a> \u00e9 um concentrado de can\u00e1bis feito a partir da resina dos tricomas da variedade Amnesia, uma gen\u00e9tica muito valorizada a n\u00edvel mundial. Esta resina \u00e9 cuidadosamente elaborada para conseguir uma textura macia e uma cor castanho-dourada. Rica em THC, liberta os aromas terrosos e c\u00edtricos caracter\u00edsticos da variedade Amnesia quando queimada.<\/p>\n<p><span style=\"font-weight: 400;\">Este haxixe \u00e9 conhecido pela sua pot\u00eancia, com efeitos psicotr\u00f3picos r\u00e1pidos e duradouros. \u00c9 especialmente adequado para utilizadores experientes que procuram uma descarga energ\u00e9tica e euf\u00f3rica.<\/span><\/p>\n<h3><b>Usos e efeitos comuns<\/b><\/h3>\n<p>Este haxixe pode ser consumido de diferentes formas: por combust\u00e3o, vaporiza\u00e7\u00e3o ou incorporado em prepara\u00e7\u00f5es culin\u00e1rias.<\/p>\n<ul>\n<li style=\"font-weight: 400;\" aria-level=\"1\"><span style=\"font-weight: 400;\">Estimule a criatividade e a inspira\u00e7\u00e3o<\/span>&nbsp;<\/li>\n<li style=\"font-weight: 400;\" aria-level=\"1\"><span style=\"font-weight: 400;\">Sentindo intensa euforia mental<\/span>&nbsp;<\/li>\n<li style=\"font-weight: 400;\" aria-level=\"1\"><span style=\"font-weight: 400;\">Combate o stress e melhora o humor<\/span>&nbsp;<\/li>\n<li style=\"font-weight: 400;\" aria-level=\"1\"><span style=\"font-weight: 400;\">Aliviar certos desconfortos f\u00edsicos ou tens\u00f5es ligeiras<\/span>&nbsp;<\/li>\n<\/ul>\n<p><span style=\"font-weight: 400;\">Devido aos seus efeitos predominantemente sativo, este haxixe \u00e9 mais comumente utilizado durante o dia ou durante atividades sociais.<\/span><\/p>\n<h3><b>Juridisk status (afh\u00e6ngigt af region)<\/b><\/h3>\n<p>O estatuto legal do Amnesia Hash depende inteiramente da legisla\u00e7\u00e3o local referente aos produtos de can\u00e1bis. Em alguns pa\u00edses europeus ou no Canad\u00e1, por exemplo, os concentrados s\u00e3o autorizados sob determinadas condi\u00e7\u00f5es. Antes de encomendar Amnesia Hash online, certifique-se de verificar as leis do seu pa\u00eds ou regi\u00e3o.<\/p>\n<h3><b>Pourquoi acheter Amnesia Hash en ligne ?<\/b><\/h3>\n<h3><b>Accessibilit\u00e0<\/b><\/h3>\n<p>Comprar Fendi OG Hash online oferece um acesso f\u00e1cil a produtos de qualidade premium que s\u00e3o geralmente dif\u00edceis de encontrar nos canais tradicionais.<\/p>\n<h3><b>Variedade de vendedores<\/b><\/h3>\n<p>Muitos sites especializados oferecem agora Amnesia Hash para venda. Pode comparar pre\u00e7os, qualidades e selecionar a melhor op\u00e7\u00e3o de acordo com as suas necessidades.<\/p>\n<h3><b>Spedizione discreta<\/b><\/h3>\n<p>Vendedores de confian\u00e7a garantem um envio discreto, com uma embalagem cuidadosa e neutra. Os seus pedidos chegam confidencialmente, diretamente a sua casa.<\/p>\n<h3><b>Hoe kiest u een betrouwbare verkoper?<\/b><\/h3>\n<p>Encontrar o melhor lugar para comprar Amnesia Hash online requer uma pequena pesquisa. Eis alguns crit\u00e9rios essenciais:<\/p>\n<ul>\n<li style=\"font-weight: 400;\" aria-level=\"1\"><span style=\"font-weight: 400;\">Descri\u00e7\u00f5es de produtos precisas e transparentes<\/span>&nbsp;<\/li>\n<li style=\"font-weight: 400;\" aria-level=\"1\">En klar indikation af prisen p\u00e5 Amnesia Hash&nbsp;<\/li>\n<li style=\"font-weight: 400;\" aria-level=\"1\"><span style=\"font-weight: 400;\">Autentiske og positive kundeanmeldelser<\/span>&nbsp;<\/li>\n<li style=\"font-weight: 400;\" aria-level=\"1\"><span style=\"font-weight: 400;\">Laboratorioanalyysitodistukset, jos saatavilla<\/span>&nbsp;<\/li>\n<li style=\"font-weight: 400;\" aria-level=\"1\"><span style=\"font-weight: 400;\">Szybka i profesjonalna obs\u0142uga klienta<\/span>&nbsp;<\/li>\n<li style=\"font-weight: 400;\" aria-level=\"1\"><span style=\"font-weight: 400;\">Pol\u00edticas claras de envio e devolu\u00e7\u00e3o<\/span>&nbsp;<\/li>\n<\/ul>\n<h3><b>Pol\u00edticas de entrega<\/b><\/h3>\n<p><span style=\"font-weight: 400;\">Certifique-se de que o site oferece:<\/span><\/p>\n<ul>\n<li style=\"font-weight: 400;\" aria-level=\"1\"><span style=\"font-weight: 400;\">Prazos de entrega razo\u00e1veis<\/span>&nbsp;<\/li>\n<li style=\"font-weight: 400;\" aria-level=\"1\"><span style=\"font-weight: 400;\">Rastreamento de encomendas dispon\u00edvel<\/span>&nbsp;<\/li>\n<li style=\"font-weight: 400;\" aria-level=\"1\"><span style=\"font-weight: 400;\">Op\u00e7\u00f5es de reembolso ou devolu\u00e7\u00e3o em caso de problemas<\/span>&nbsp;<\/li>\n<\/ul>\n<h3><b>Riscos e considera\u00e7\u00f5es<\/b><\/h3>\n<h3><b>Riscos para a sa\u00fade<\/b><\/h3>\n<p>Amnesia Hash \u00e9 poderoso. Para os principiantes, \u00e9 recomendado come\u00e7ar com pequenas quantidades. O uso excessivo pode causar sentimentos de confus\u00e3o ou ansiedade em algumas pessoas. \u00c9 fundamental comprar apenas a vendedores de confian\u00e7a para evitar produtos adulterados.<\/p>\n<h3><b>Conclus\u00e3o<\/b><\/h3>\n<p>Amnesia Hash seduz com os seus aromas intensos, efeitos poderosos e heran\u00e7a lend\u00e1ria. Para ter a melhor experi\u00eancia, escolha sempre vendedores de confian\u00e7a ao comprar Amnesia Hash online.<\/p>","protected":false},"excerpt":{"rendered":"<p>Introduction \u00e0 l\u2019Amnesia Hash Si vous recherchez un hash puissant et riche en ar\u00f4mes, l\u2019Amnesia Hash est une r\u00e9f\u00e9rence incontournable. Issu de la c\u00e9l\u00e8bre vari\u00e9t\u00e9 Amnesia, ce concentr\u00e9 r\u00e9sineux offre une exp\u00e9rience intense aux amateurs de sensations fortes. Sa r\u00e9putation repose sur des effets c\u00e9r\u00e9braux marqu\u00e9s et un go\u00fbt citronn\u00e9 \u00e9pic\u00e9 reconnaissable entre mille. D\u00e9couvrez&#8230;<\/p>","protected":false},"featured_media":1467,"comment_status":"open","ping_status":"closed","template":"","meta":{"_kadence_starter_templates_imported_post":false,"_kad_post_transparent":"default","_kad_post_title":"","_kad_post_layout":"default","_kad_post_sidebar_id":"","_kad_post_content_style":"default","_kad_post_vertical_padding":"default","_kad_post_feature":"","_kad_post_feature_position":"","_kad_post_header":false,"_kad_post_footer":false,"_joinchat":[]},"product_brand":[],"product_cat":[31],"product_tag":[],"class_list":{"0":"post-1345","1":"product","2":"type-product","3":"status-publish","4":"has-post-thumbnail","6":"product_cat-haschisch","8":"first","9":"instock","10":"shipping-taxable","11":"purchasable","12":"product-type-variable","13":"entry","14":"content-bg","15":"loop-entry"},"yoast_head":"<!-- This site is optimized with the Yoast SEO plugin v23.5 - https:\/\/yoast.com\/wordpress\/plugins\/seo\/ -->\n<title>Acheter du haschisch Amnesia en ligne - Vente de haschisch Amnesia<\/title>\n<meta name=\"description\" content=\"Achetez Amnesia Hash \u00e0 des prix abordables dans notre boutique en ligne. Nous vous aiderons \u00e0 acheter Amnesia Hash en ligne. Acceptez votre commande et livrez-la chez vous bient\u00f4t !\" \/>\n<meta name=\"robots\" content=\"index, follow, max-snippet:-1, max-image-preview:large, max-video-preview:-1\" \/>\n<link rel=\"canonical\" href=\"https:\/\/herbelegale.com\/pt\/product\/amnesia-hash\/\" \/>\n<meta property=\"og:locale\" content=\"pt_PT\" \/>\n<meta property=\"og:type\" content=\"article\" \/>\n<meta property=\"og:title\" content=\"Acheter du haschisch Amnesia en ligne - Vente de haschisch Amnesia\" \/>\n<meta property=\"og:description\" content=\"Achetez Amnesia Hash \u00e0 des prix abordables dans notre boutique en ligne. Nous vous aiderons \u00e0 acheter Amnesia Hash en ligne. Acceptez votre commande et livrez-la chez vous bient\u00f4t !\" \/>\n<meta property=\"og:url\" content=\"https:\/\/herbelegale.com\/pt\/product\/amnesia-hash\/\" \/>\n<meta property=\"og:site_name\" content=\"Herbe L\u00e9gale\" \/>\n<meta property=\"article:modified_time\" content=\"2025-07-18T11:22:57+00:00\" \/>\n<meta property=\"og:image\" content=\"https:\/\/herbelegale.com\/wp-content\/uploads\/2023\/09\/AMNESIA-HASH-1.jpg\" \/>\n\t<meta property=\"og:image:width\" content=\"600\" \/>\n\t<meta property=\"og:image:height\" content=\"600\" \/>\n\t<meta property=\"og:image:type\" content=\"image\/jpeg\" \/>\n<meta name=\"twitter:card\" content=\"summary_large_image\" \/>\n<meta name=\"twitter:label1\" content=\"Tempo estimado de leitura\" \/>\n\t<meta name=\"twitter:data1\" content=\"3 minutes\" \/>\n<script type=\"application\/ld+json\" class=\"yoast-schema-graph\">{\"@context\":\"https:\/\/schema.org\",\"@graph\":[{\"@type\":\"WebPage\",\"@id\":\"https:\/\/herbelegale.com\/product\/amnesia-hash\/\",\"url\":\"https:\/\/herbelegale.com\/product\/amnesia-hash\/\",\"name\":\"Acheter du haschisch Amnesia en ligne - Vente de haschisch Amnesia\",\"isPartOf\":{\"@id\":\"https:\/\/herbelegale.com\/#website\"},\"primaryImageOfPage\":{\"@id\":\"https:\/\/herbelegale.com\/product\/amnesia-hash\/#primaryimage\"},\"image\":{\"@id\":\"https:\/\/herbelegale.com\/product\/amnesia-hash\/#primaryimage\"},\"thumbnailUrl\":\"https:\/\/herbelegale.com\/wp-content\/uploads\/2023\/09\/AMNESIA-HASH-1.jpg\",\"datePublished\":\"2023-09-30T10:17:48+00:00\",\"dateModified\":\"2025-07-18T11:22:57+00:00\",\"description\":\"Achetez Amnesia Hash \u00e0 des prix abordables dans notre boutique en ligne. Nous vous aiderons \u00e0 acheter Amnesia Hash en ligne. Acceptez votre commande et livrez-la chez vous bient\u00f4t !\",\"breadcrumb\":{\"@id\":\"https:\/\/herbelegale.com\/product\/amnesia-hash\/#breadcrumb\"},\"inLanguage\":\"pt-PT\",\"potentialAction\":[{\"@type\":\"ReadAction\",\"target\":[\"https:\/\/herbelegale.com\/product\/amnesia-hash\/\"]}]},{\"@type\":\"ImageObject\",\"inLanguage\":\"pt-PT\",\"@id\":\"https:\/\/herbelegale.com\/product\/amnesia-hash\/#primaryimage\",\"url\":\"https:\/\/herbelegale.com\/wp-content\/uploads\/2023\/09\/AMNESIA-HASH-1.jpg\",\"contentUrl\":\"https:\/\/herbelegale.com\/wp-content\/uploads\/2023\/09\/AMNESIA-HASH-1.jpg\",\"width\":600,\"height\":600,\"caption\":\"AMNESIA HASH\"},{\"@type\":\"BreadcrumbList\",\"@id\":\"https:\/\/herbelegale.com\/product\/amnesia-hash\/#breadcrumb\",\"itemListElement\":[{\"@type\":\"ListItem\",\"position\":1,\"name\":\"Home\",\"item\":\"https:\/\/herbelegale.com\/\"},{\"@type\":\"ListItem\",\"position\":2,\"name\":\"Boutique\",\"item\":\"https:\/\/herbelegale.com\/boutique\/\"},{\"@type\":\"ListItem\",\"position\":3,\"name\":\"Amnesia Hash\"}]},{\"@type\":\"WebSite\",\"@id\":\"https:\/\/herbelegale.com\/#website\",\"url\":\"https:\/\/herbelegale.com\/\",\"name\":\"Herbe L\u00e9gale\",\"description\":\"Acheter de l&#039;herbe en ligne\",\"publisher\":{\"@id\":\"https:\/\/herbelegale.com\/#organization\"},\"potentialAction\":[{\"@type\":\"SearchAction\",\"target\":{\"@type\":\"EntryPoint\",\"urlTemplate\":\"https:\/\/herbelegale.com\/?s={search_term_string}\"},\"query-input\":{\"@type\":\"PropertyValueSpecification\",\"valueRequired\":true,\"valueName\":\"search_term_string\"}}],\"inLanguage\":\"pt-PT\"},{\"@type\":\"Organization\",\"@id\":\"https:\/\/herbelegale.com\/#organization\",\"name\":\"Herbe L\u00e9gale\",\"url\":\"https:\/\/herbelegale.com\/\",\"logo\":{\"@type\":\"ImageObject\",\"inLanguage\":\"pt-PT\",\"@id\":\"https:\/\/herbelegale.com\/#\/schema\/logo\/image\/\",\"url\":\"https:\/\/herbelegale.com\/wp-content\/uploads\/2023\/10\/logo-1.png\",\"contentUrl\":\"https:\/\/herbelegale.com\/wp-content\/uploads\/2023\/10\/logo-1.png\",\"width\":400,\"height\":120,\"caption\":\"Herbe L\u00e9gale\"},\"image\":{\"@id\":\"https:\/\/herbelegale.com\/#\/schema\/logo\/image\/\"}}]}<\/script>\n<!-- \/ Yoast SEO plugin. -->","yoast_head_json":{"title":"Acheter du haschisch Amnesia en ligne - Vente de haschisch Amnesia","description":"Achetez Amnesia Hash \u00e0 des prix abordables dans notre boutique en ligne. Nous vous aiderons \u00e0 acheter Amnesia Hash en ligne. Acceptez votre commande et livrez-la chez vous bient\u00f4t !","robots":{"index":"index","follow":"follow","max-snippet":"max-snippet:-1","max-image-preview":"max-image-preview:large","max-video-preview":"max-video-preview:-1"},"canonical":"https:\/\/herbelegale.com\/pt\/product\/amnesia-hash\/","og_locale":"pt_PT","og_type":"article","og_title":"Acheter du haschisch Amnesia en ligne - Vente de haschisch Amnesia","og_description":"Achetez Amnesia Hash \u00e0 des prix abordables dans notre boutique en ligne. Nous vous aiderons \u00e0 acheter Amnesia Hash en ligne. Acceptez votre commande et livrez-la chez vous bient\u00f4t !","og_url":"https:\/\/herbelegale.com\/pt\/product\/amnesia-hash\/","og_site_name":"Herbe L\u00e9gale","article_modified_time":"2025-07-18T11:22:57+00:00","og_image":[{"width":600,"height":600,"url":"https:\/\/herbelegale.com\/wp-content\/uploads\/2023\/09\/AMNESIA-HASH-1.jpg","type":"image\/jpeg"}],"twitter_card":"summary_large_image","twitter_misc":{"Tempo estimado de leitura":"3 minutes"},"schema":{"@context":"https:\/\/schema.org","@graph":[{"@type":"WebPage","@id":"https:\/\/herbelegale.com\/product\/amnesia-hash\/","url":"https:\/\/herbelegale.com\/product\/amnesia-hash\/","name":"Acheter du haschisch Amnesia en ligne - Vente de haschisch Amnesia","isPartOf":{"@id":"https:\/\/herbelegale.com\/#website"},"primaryImageOfPage":{"@id":"https:\/\/herbelegale.com\/product\/amnesia-hash\/#primaryimage"},"image":{"@id":"https:\/\/herbelegale.com\/product\/amnesia-hash\/#primaryimage"},"thumbnailUrl":"https:\/\/herbelegale.com\/wp-content\/uploads\/2023\/09\/AMNESIA-HASH-1.jpg","datePublished":"2023-09-30T10:17:48+00:00","dateModified":"2025-07-18T11:22:57+00:00","description":"Achetez Amnesia Hash \u00e0 des prix abordables dans notre boutique en ligne. Nous vous aiderons \u00e0 acheter Amnesia Hash en ligne. Acceptez votre commande et livrez-la chez vous bient\u00f4t !","breadcrumb":{"@id":"https:\/\/herbelegale.com\/product\/amnesia-hash\/#breadcrumb"},"inLanguage":"pt-PT","potentialAction":[{"@type":"ReadAction","target":["https:\/\/herbelegale.com\/product\/amnesia-hash\/"]}]},{"@type":"ImageObject","inLanguage":"pt-PT","@id":"https:\/\/herbelegale.com\/product\/amnesia-hash\/#primaryimage","url":"https:\/\/herbelegale.com\/wp-content\/uploads\/2023\/09\/AMNESIA-HASH-1.jpg","contentUrl":"https:\/\/herbelegale.com\/wp-content\/uploads\/2023\/09\/AMNESIA-HASH-1.jpg","width":600,"height":600,"caption":"AMNESIA HASH"},{"@type":"BreadcrumbList","@id":"https:\/\/herbelegale.com\/product\/amnesia-hash\/#breadcrumb","itemListElement":[{"@type":"ListItem","position":1,"name":"Home","item":"https:\/\/herbelegale.com\/"},{"@type":"ListItem","position":2,"name":"Boutique","item":"https:\/\/herbelegale.com\/boutique\/"},{"@type":"ListItem","position":3,"name":"Amnesia Hash"}]},{"@type":"WebSite","@id":"https:\/\/herbelegale.com\/#website","url":"https:\/\/herbelegale.com\/","name":"Herbe L\u00e9gale","description":"Acheter de l&#039;herbe en ligne","publisher":{"@id":"https:\/\/herbelegale.com\/#organization"},"potentialAction":[{"@type":"SearchAction","target":{"@type":"EntryPoint","urlTemplate":"https:\/\/herbelegale.com\/?s={search_term_string}"},"query-input":{"@type":"PropertyValueSpecification","valueRequired":true,"valueName":"search_term_string"}}],"inLanguage":"pt-PT"},{"@type":"Organization","@id":"https:\/\/herbelegale.com\/#organization","name":"Herbe L\u00e9gale","url":"https:\/\/herbelegale.com\/","logo":{"@type":"ImageObject","inLanguage":"pt-PT","@id":"https:\/\/herbelegale.com\/#\/schema\/logo\/image\/","url":"https:\/\/herbelegale.com\/wp-content\/uploads\/2023\/10\/logo-1.png","contentUrl":"https:\/\/herbelegale.com\/wp-content\/uploads\/2023\/10\/logo-1.png","width":400,"height":120,"caption":"Herbe L\u00e9gale"},"image":{"@id":"https:\/\/herbelegale.com\/#\/schema\/logo\/image\/"}}]}},"_links":{"self":[{"href":"https:\/\/herbelegale.com\/pt\/wp-json\/wp\/v2\/product\/1345","targetHints":{"allow":["GET"]}}],"collection":[{"href":"https:\/\/herbelegale.com\/pt\/wp-json\/wp\/v2\/product"}],"about":[{"href":"https:\/\/herbelegale.com\/pt\/wp-json\/wp\/v2\/types\/product"}],"replies":[{"embeddable":true,"href":"https:\/\/herbelegale.com\/pt\/wp-json\/wp\/v2\/comments?post=1345"}],"wp:featuredmedia":[{"embeddable":true,"href":"https:\/\/herbelegale.com\/pt\/wp-json\/wp\/v2\/media\/1467"}],"wp:attachment":[{"href":"https:\/\/herbelegale.com\/pt\/wp-json\/wp\/v2\/media?parent=1345"}],"wp:term":[{"taxonomy":"product_brand","embeddable":true,"href":"https:\/\/herbelegale.com\/pt\/wp-json\/wp\/v2\/product_brand?post=1345"},{"taxonomy":"product_cat","embeddable":true,"href":"https:\/\/herbelegale.com\/pt\/wp-json\/wp\/v2\/product_cat?post=1345"},{"taxonomy":"product_tag","embeddable":true,"href":"https:\/\/herbelegale.com\/pt\/wp-json\/wp\/v2\/product_tag?post=1345"}],"curies":[{"name":"wp","href":"https:\/\/api.w.org\/{rel}","templated":true}]}}