{"id":112,"date":"2023-09-22T11:06:39","date_gmt":"2023-09-22T11:06:39","guid":{"rendered":"https:\/\/nembutalhouse.com\/weed\/?post_type=product&#038;p=112"},"modified":"2025-06-14T11:29:09","modified_gmt":"2025-06-14T11:29:09","slug":"pink-rose","status":"publish","type":"product","link":"https:\/\/herbelegale.com\/pt\/product\/pink-rose\/","title":{"rendered":"Rosa cor-de-rosa"},"content":{"rendered":"<h1><b>Comprar Rosa Rosa Online: Eleg\u00e2ncia e Frescura \u00e0 Dist\u00e2ncia de um Clique<\/b><\/h1>\n<p><a href=\"https:\/\/herbelegale.com\/pt\/product\/pink-rose\/\"><span style=\"font-weight: 400;\">O termo <\/span><b>Rosa cor-de-rosa<\/b><\/a><span style=\"font-weight: 400;\"><a href=\"https:\/\/herbelegale.com\/pt\/product\/pink-rose\/\"> peut<\/a> pode referir-se \u00e0 flor delicada e rom\u00e2ntica, a um produto \u00e0 base de rosas (como cosm\u00e9ticos, ch\u00e1s ou perfumes) ou at\u00e9 a um artigo tem\u00e1tico inspirado neste \u00edcone de beleza. Atualmente, a Rosa Rosa tem uma forte procura online devido \u00e0 sua est\u00e9tica requintada e \u00e0s suas in\u00fameras aplica\u00e7\u00f5es, sejam elas decorativas, culin\u00e1rias ou de bem-estar.<\/span><\/p>\n<p><span style=\"font-weight: 400;\">Com o aumento das compras digitais, muitos est\u00e3o agora a optar por <\/span><a href=\"https:\/\/en.wikipedia.org\/wiki\/Rose\"><b>encomendar Pink Rose online<\/b><\/a><span style=\"font-weight: 400;\"> beneficiar de uma entrega conveniente, r\u00e1pida e, muitas vezes, discreta.<\/span><\/p>\n<h3><b>Porqu\u00ea comprar Pink Rose online?<\/b><\/h3>\n<p><span style=\"font-weight: 400;\">Compre um <\/span><b>encomendar Pink Rose online<\/b><span style=\"font-weight: 400;\"> pr\u00e9sente plusieurs avantages majeurs :<\/span><\/p>\n<ul>\n<li style=\"font-weight: 400;\" aria-level=\"1\"><b>Entrega discreta e cuidada<\/b><span style=\"font-weight: 400;\"> : embalagem elegante, perfeita para oferecer ou para consumo pessoal.<\/span><span style=\"font-weight: 400;\">\n<p><\/span><\/li>\n<li style=\"font-weight: 400;\" aria-level=\"1\"><b>Acc\u00e8s \u00e0 un large choix<\/b><span style=\"font-weight: 400;\"> : vari\u00e9t\u00e9s rares, \u00e9ditions limit\u00e9es, produits artisanaux ou de grandes marques.<\/span><span style=\"font-weight: 400;\">\n<p><\/span><\/li>\n<li style=\"font-weight: 400;\" aria-level=\"1\"><b>Confort d\u2019achat<\/b><span style=\"font-weight: 400;\"> : commandez o\u00f9 que vous soyez, \u00e0 tout moment, avec la possibilit\u00e9 de comparer facilement.<\/span><span style=\"font-weight: 400;\">\n<p><\/span><\/li>\n<li style=\"font-weight: 400;\" aria-level=\"1\"><b>Prix comp\u00e9titifs<\/b><span style=\"font-weight: 400;\"> : souvent moins cher que dans les boutiques physiques, avec des offres exclusives en ligne.<\/span><span style=\"font-weight: 400;\">\n<p><\/span><\/li>\n<\/ul>\n<h3><b>O que torna um produto Pink Rose excelente?<\/b><\/h3>\n<p><span style=\"font-weight: 400;\">Pour garantir la qualit\u00e9 du Pink Rose, qu\u2019il s\u2019agisse de fleurs fra\u00eeches ou de produits d\u00e9riv\u00e9s, voici les crit\u00e8res essentiels :<\/span><\/p>\n<ul>\n<li style=\"font-weight: 400;\" aria-level=\"1\"><b>Fra\u00eecheur et qualit\u00e9<\/b><span style=\"font-weight: 400;\"> : rose naturelle, r\u00e9colt\u00e9e avec soin ou ingr\u00e9dients purs dans les produits.<\/span><span style=\"font-weight: 400;\">\n<p><\/span><\/li>\n<li style=\"font-weight: 400;\" aria-level=\"1\"><b>Aspect esth\u00e9tique<\/b><span style=\"font-weight: 400;\"> : couleur rose \u00e9clatante et forme parfaite pour les fleurs, design soign\u00e9 pour les articles th\u00e9matiques.<\/span><span style=\"font-weight: 400;\">\n<p><\/span><\/li>\n<li style=\"font-weight: 400;\" aria-level=\"1\"><b>Authenticit\u00e9<\/b><span style=\"font-weight: 400;\"> : transparence sur l\u2019origine et la fabrication.<\/span><span style=\"font-weight: 400;\">\n<p><\/span><\/li>\n<li style=\"font-weight: 400;\" aria-level=\"1\"><b>Efficacit\u00e9 et parfum<\/b><span style=\"font-weight: 400;\"> : pour les cosm\u00e9tiques et parfums, une senteur d\u00e9licate et durable.<\/span><span style=\"font-weight: 400;\">\n<p><\/span><\/li>\n<\/ul>\n<h3><b>Melhores plataformas para encomendar rosas cor-de-rosa online<\/b><\/h3>\n<ul>\n<li style=\"font-weight: 400;\" aria-level=\"1\"><b>Fleuristes en ligne sp\u00e9cialis\u00e9s<\/b><span style=\"font-weight: 400;\"> : offrent des roses fra\u00eeches et livr\u00e9es sous 24h.<\/span><span style=\"font-weight: 400;\">\n<p><\/span><\/li>\n<li style=\"font-weight: 400;\" aria-level=\"1\"><b>Boutiques de cosm\u00e9tiques bio et naturels<\/b><span style=\"font-weight: 400;\"> : avec produits \u00e0 base d\u2019essence de rose.<\/span><span style=\"font-weight: 400;\">\n<p><\/span><\/li>\n<li style=\"font-weight: 400;\" aria-level=\"1\"><b>March\u00e9s artisanaux et plateformes comme Etsy<\/b><span style=\"font-weight: 400;\"> : produits uniques et faits main.<\/span><span style=\"font-weight: 400;\">\n<p><\/span><\/li>\n<li style=\"font-weight: 400;\" aria-level=\"1\"><b>Grands sites e-commerce<\/b><span style=\"font-weight: 400;\"> : s\u00e9lection vari\u00e9e et livraison rapide.<\/span><span style=\"font-weight: 400;\">\n<p><\/span><\/li>\n<\/ul>\n<h3><b>Como escolher o produto ou vendedor certo?<\/b><\/h3>\n<ul>\n<li style=\"font-weight: 400;\" aria-level=\"1\"><b>Lisez les avis clients<\/b><span style=\"font-weight: 400;\"> : ils sont gage de fiabilit\u00e9 et qualit\u00e9.<\/span><span style=\"font-weight: 400;\">\n<p><\/span><\/li>\n<li style=\"font-weight: 400;\" aria-level=\"1\"><b>V\u00e9rifiez la politique de livraison et fra\u00eecheur<\/b><span style=\"font-weight: 400;\"> : surtout pour les fleurs fra\u00eeches.<\/span><span style=\"font-weight: 400;\">\n<p><\/span><\/li>\n<li style=\"font-weight: 400;\" aria-level=\"1\"><b>Privil\u00e9giez les vendeurs transparents sur les ingr\u00e9dients ou provenance<\/b><span style=\"font-weight: 400;\">.<\/span><span style=\"font-weight: 400;\">\n<p><\/span><\/li>\n<li style=\"font-weight: 400;\" aria-level=\"1\"><b>Assurez-vous d\u2019avoir une garantie de remboursement en cas d\u2019insatisfaction<\/b><span style=\"font-weight: 400;\">.<\/span><span style=\"font-weight: 400;\">\n<p><\/span><\/li>\n<\/ul>\n<h3><b>Conclusie: waarom Red Velvet het proberen waard is<\/b><\/h3>\n<p><span style=\"font-weight: 400;\">Le <\/span><b>Pink Rose est un incontournable<\/b><span style=\"font-weight: 400;\">, s\u00edmbolo de eleg\u00e2ncia, suavidade e naturalidade. Seja para oferecer, decorar ou usar, agora \u00e9 f\u00e1cil e seguro <\/span><b>encomendar Pink Rose online<\/b><span style=\"font-weight: 400;\">. Desfrute de conveni\u00eancia, qualidade e op\u00e7\u00f5es sem sair de casa.<\/span><\/p>\n<p>&nbsp;<\/p>","protected":false},"excerpt":{"rendered":"<p>Acheter Pink Rose en ligne : \u00c9l\u00e9gance et fra\u00eecheur \u00e0 port\u00e9e de clic Le terme Pink Rose peut d\u00e9signer aussi bien la fleur d\u00e9licate et romantique, un produit \u00e0 base de rose (comme des cosm\u00e9tiques, th\u00e9s, ou parfums), ou encore un article th\u00e9matique inspir\u00e9 par cette ic\u00f4ne de beaut\u00e9. Actuellement, le Pink Rose conna\u00eet une&#8230;<\/p>","protected":false},"featured_media":1448,"comment_status":"open","ping_status":"closed","template":"","meta":{"_kadence_starter_templates_imported_post":false,"_kad_post_transparent":"default","_kad_post_title":"","_kad_post_layout":"default","_kad_post_sidebar_id":"","_kad_post_content_style":"default","_kad_post_vertical_padding":"default","_kad_post_feature":"","_kad_post_feature_position":"","_kad_post_header":false,"_kad_post_footer":false,"_joinchat":[]},"product_brand":[],"product_cat":[17],"product_tag":[],"class_list":{"0":"post-112","1":"product","2":"type-product","3":"status-publish","4":"has-post-thumbnail","6":"product_cat-canabis-en-ligne","8":"first","9":"instock","10":"shipping-taxable","11":"purchasable","12":"product-type-variable","13":"entry","14":"content-bg","15":"loop-entry"},"yoast_head":"<!-- This site is optimized with the Yoast SEO plugin v23.5 - https:\/\/yoast.com\/wordpress\/plugins\/seo\/ -->\n<title>Acheter des roses roses en ligne - Roses roses \u00e0 vendre en ligne<\/title>\n<meta name=\"description\" content=\"Nous sommes le magasin leader proposant des roses roses \u00e0 la vente. Si vous souhaitez acheter des roses roses en ligne, contactez-nous imm\u00e9diatement et faites livrer votre commande. Commandez maintenant !\" \/>\n<meta name=\"robots\" content=\"index, follow, max-snippet:-1, max-image-preview:large, max-video-preview:-1\" \/>\n<link rel=\"canonical\" href=\"https:\/\/herbelegale.com\/pt\/product\/pink-rose\/\" \/>\n<meta property=\"og:locale\" content=\"pt_PT\" \/>\n<meta property=\"og:type\" content=\"article\" \/>\n<meta property=\"og:title\" content=\"Acheter des roses roses en ligne - Roses roses \u00e0 vendre en ligne\" \/>\n<meta property=\"og:description\" content=\"Nous sommes le magasin leader proposant des roses roses \u00e0 la vente. Si vous souhaitez acheter des roses roses en ligne, contactez-nous imm\u00e9diatement et faites livrer votre commande. Commandez maintenant !\" \/>\n<meta property=\"og:url\" content=\"https:\/\/herbelegale.com\/pt\/product\/pink-rose\/\" \/>\n<meta property=\"og:site_name\" content=\"Herbe L\u00e9gale\" \/>\n<meta property=\"article:modified_time\" content=\"2025-06-14T11:29:09+00:00\" \/>\n<meta property=\"og:image\" content=\"https:\/\/herbelegale.com\/wp-content\/uploads\/2023\/09\/Pink-Rose-2.jpg\" \/>\n\t<meta property=\"og:image:width\" content=\"960\" \/>\n\t<meta property=\"og:image:height\" content=\"1280\" \/>\n\t<meta property=\"og:image:type\" content=\"image\/jpeg\" \/>\n<meta name=\"twitter:card\" content=\"summary_large_image\" \/>\n<meta name=\"twitter:label1\" content=\"Tempo estimado de leitura\" \/>\n\t<meta name=\"twitter:data1\" content=\"3 minutes\" \/>\n<script type=\"application\/ld+json\" class=\"yoast-schema-graph\">{\"@context\":\"https:\/\/schema.org\",\"@graph\":[{\"@type\":\"WebPage\",\"@id\":\"https:\/\/herbelegale.com\/product\/pink-rose\/\",\"url\":\"https:\/\/herbelegale.com\/product\/pink-rose\/\",\"name\":\"Acheter des roses roses en ligne - Roses roses \u00e0 vendre en ligne\",\"isPartOf\":{\"@id\":\"https:\/\/herbelegale.com\/#website\"},\"primaryImageOfPage\":{\"@id\":\"https:\/\/herbelegale.com\/product\/pink-rose\/#primaryimage\"},\"image\":{\"@id\":\"https:\/\/herbelegale.com\/product\/pink-rose\/#primaryimage\"},\"thumbnailUrl\":\"https:\/\/herbelegale.com\/wp-content\/uploads\/2023\/09\/Pink-Rose-2.jpg\",\"datePublished\":\"2023-09-22T11:06:39+00:00\",\"dateModified\":\"2025-06-14T11:29:09+00:00\",\"description\":\"Nous sommes le magasin leader proposant des roses roses \u00e0 la vente. Si vous souhaitez acheter des roses roses en ligne, contactez-nous imm\u00e9diatement et faites livrer votre commande. Commandez maintenant !\",\"breadcrumb\":{\"@id\":\"https:\/\/herbelegale.com\/product\/pink-rose\/#breadcrumb\"},\"inLanguage\":\"pt-PT\",\"potentialAction\":[{\"@type\":\"ReadAction\",\"target\":[\"https:\/\/herbelegale.com\/product\/pink-rose\/\"]}]},{\"@type\":\"ImageObject\",\"inLanguage\":\"pt-PT\",\"@id\":\"https:\/\/herbelegale.com\/product\/pink-rose\/#primaryimage\",\"url\":\"https:\/\/herbelegale.com\/wp-content\/uploads\/2023\/09\/Pink-Rose-2.jpg\",\"contentUrl\":\"https:\/\/herbelegale.com\/wp-content\/uploads\/2023\/09\/Pink-Rose-2.jpg\",\"width\":960,\"height\":1280,\"caption\":\"Pink Rose\"},{\"@type\":\"BreadcrumbList\",\"@id\":\"https:\/\/herbelegale.com\/product\/pink-rose\/#breadcrumb\",\"itemListElement\":[{\"@type\":\"ListItem\",\"position\":1,\"name\":\"Home\",\"item\":\"https:\/\/herbelegale.com\/\"},{\"@type\":\"ListItem\",\"position\":2,\"name\":\"Boutique\",\"item\":\"https:\/\/herbelegale.com\/boutique\/\"},{\"@type\":\"ListItem\",\"position\":3,\"name\":\"Pink Rose\"}]},{\"@type\":\"WebSite\",\"@id\":\"https:\/\/herbelegale.com\/#website\",\"url\":\"https:\/\/herbelegale.com\/\",\"name\":\"Herbe L\u00e9gale\",\"description\":\"Acheter de l&#039;herbe en ligne\",\"publisher\":{\"@id\":\"https:\/\/herbelegale.com\/#organization\"},\"potentialAction\":[{\"@type\":\"SearchAction\",\"target\":{\"@type\":\"EntryPoint\",\"urlTemplate\":\"https:\/\/herbelegale.com\/?s={search_term_string}\"},\"query-input\":{\"@type\":\"PropertyValueSpecification\",\"valueRequired\":true,\"valueName\":\"search_term_string\"}}],\"inLanguage\":\"pt-PT\"},{\"@type\":\"Organization\",\"@id\":\"https:\/\/herbelegale.com\/#organization\",\"name\":\"Herbe L\u00e9gale\",\"url\":\"https:\/\/herbelegale.com\/\",\"logo\":{\"@type\":\"ImageObject\",\"inLanguage\":\"pt-PT\",\"@id\":\"https:\/\/herbelegale.com\/#\/schema\/logo\/image\/\",\"url\":\"https:\/\/herbelegale.com\/wp-content\/uploads\/2023\/10\/logo-1.png\",\"contentUrl\":\"https:\/\/herbelegale.com\/wp-content\/uploads\/2023\/10\/logo-1.png\",\"width\":400,\"height\":120,\"caption\":\"Herbe L\u00e9gale\"},\"image\":{\"@id\":\"https:\/\/herbelegale.com\/#\/schema\/logo\/image\/\"}}]}<\/script>\n<!-- \/ Yoast SEO plugin. -->","yoast_head_json":{"title":"Acheter des roses roses en ligne - Roses roses \u00e0 vendre en ligne","description":"Nous sommes le magasin leader proposant des roses roses \u00e0 la vente. Si vous souhaitez acheter des roses roses en ligne, contactez-nous imm\u00e9diatement et faites livrer votre commande. Commandez maintenant !","robots":{"index":"index","follow":"follow","max-snippet":"max-snippet:-1","max-image-preview":"max-image-preview:large","max-video-preview":"max-video-preview:-1"},"canonical":"https:\/\/herbelegale.com\/pt\/product\/pink-rose\/","og_locale":"pt_PT","og_type":"article","og_title":"Acheter des roses roses en ligne - Roses roses \u00e0 vendre en ligne","og_description":"Nous sommes le magasin leader proposant des roses roses \u00e0 la vente. Si vous souhaitez acheter des roses roses en ligne, contactez-nous imm\u00e9diatement et faites livrer votre commande. Commandez maintenant !","og_url":"https:\/\/herbelegale.com\/pt\/product\/pink-rose\/","og_site_name":"Herbe L\u00e9gale","article_modified_time":"2025-06-14T11:29:09+00:00","og_image":[{"width":960,"height":1280,"url":"https:\/\/herbelegale.com\/wp-content\/uploads\/2023\/09\/Pink-Rose-2.jpg","type":"image\/jpeg"}],"twitter_card":"summary_large_image","twitter_misc":{"Tempo estimado de leitura":"3 minutes"},"schema":{"@context":"https:\/\/schema.org","@graph":[{"@type":"WebPage","@id":"https:\/\/herbelegale.com\/product\/pink-rose\/","url":"https:\/\/herbelegale.com\/product\/pink-rose\/","name":"Acheter des roses roses en ligne - Roses roses \u00e0 vendre en ligne","isPartOf":{"@id":"https:\/\/herbelegale.com\/#website"},"primaryImageOfPage":{"@id":"https:\/\/herbelegale.com\/product\/pink-rose\/#primaryimage"},"image":{"@id":"https:\/\/herbelegale.com\/product\/pink-rose\/#primaryimage"},"thumbnailUrl":"https:\/\/herbelegale.com\/wp-content\/uploads\/2023\/09\/Pink-Rose-2.jpg","datePublished":"2023-09-22T11:06:39+00:00","dateModified":"2025-06-14T11:29:09+00:00","description":"Nous sommes le magasin leader proposant des roses roses \u00e0 la vente. Si vous souhaitez acheter des roses roses en ligne, contactez-nous imm\u00e9diatement et faites livrer votre commande. Commandez maintenant !","breadcrumb":{"@id":"https:\/\/herbelegale.com\/product\/pink-rose\/#breadcrumb"},"inLanguage":"pt-PT","potentialAction":[{"@type":"ReadAction","target":["https:\/\/herbelegale.com\/product\/pink-rose\/"]}]},{"@type":"ImageObject","inLanguage":"pt-PT","@id":"https:\/\/herbelegale.com\/product\/pink-rose\/#primaryimage","url":"https:\/\/herbelegale.com\/wp-content\/uploads\/2023\/09\/Pink-Rose-2.jpg","contentUrl":"https:\/\/herbelegale.com\/wp-content\/uploads\/2023\/09\/Pink-Rose-2.jpg","width":960,"height":1280,"caption":"Pink Rose"},{"@type":"BreadcrumbList","@id":"https:\/\/herbelegale.com\/product\/pink-rose\/#breadcrumb","itemListElement":[{"@type":"ListItem","position":1,"name":"Home","item":"https:\/\/herbelegale.com\/"},{"@type":"ListItem","position":2,"name":"Boutique","item":"https:\/\/herbelegale.com\/boutique\/"},{"@type":"ListItem","position":3,"name":"Pink Rose"}]},{"@type":"WebSite","@id":"https:\/\/herbelegale.com\/#website","url":"https:\/\/herbelegale.com\/","name":"Herbe L\u00e9gale","description":"Acheter de l&#039;herbe en ligne","publisher":{"@id":"https:\/\/herbelegale.com\/#organization"},"potentialAction":[{"@type":"SearchAction","target":{"@type":"EntryPoint","urlTemplate":"https:\/\/herbelegale.com\/?s={search_term_string}"},"query-input":{"@type":"PropertyValueSpecification","valueRequired":true,"valueName":"search_term_string"}}],"inLanguage":"pt-PT"},{"@type":"Organization","@id":"https:\/\/herbelegale.com\/#organization","name":"Herbe L\u00e9gale","url":"https:\/\/herbelegale.com\/","logo":{"@type":"ImageObject","inLanguage":"pt-PT","@id":"https:\/\/herbelegale.com\/#\/schema\/logo\/image\/","url":"https:\/\/herbelegale.com\/wp-content\/uploads\/2023\/10\/logo-1.png","contentUrl":"https:\/\/herbelegale.com\/wp-content\/uploads\/2023\/10\/logo-1.png","width":400,"height":120,"caption":"Herbe L\u00e9gale"},"image":{"@id":"https:\/\/herbelegale.com\/#\/schema\/logo\/image\/"}}]}},"_links":{"self":[{"href":"https:\/\/herbelegale.com\/pt\/wp-json\/wp\/v2\/product\/112","targetHints":{"allow":["GET"]}}],"collection":[{"href":"https:\/\/herbelegale.com\/pt\/wp-json\/wp\/v2\/product"}],"about":[{"href":"https:\/\/herbelegale.com\/pt\/wp-json\/wp\/v2\/types\/product"}],"replies":[{"embeddable":true,"href":"https:\/\/herbelegale.com\/pt\/wp-json\/wp\/v2\/comments?post=112"}],"wp:featuredmedia":[{"embeddable":true,"href":"https:\/\/herbelegale.com\/pt\/wp-json\/wp\/v2\/media\/1448"}],"wp:attachment":[{"href":"https:\/\/herbelegale.com\/pt\/wp-json\/wp\/v2\/media?parent=112"}],"wp:term":[{"taxonomy":"product_brand","embeddable":true,"href":"https:\/\/herbelegale.com\/pt\/wp-json\/wp\/v2\/product_brand?post=112"},{"taxonomy":"product_cat","embeddable":true,"href":"https:\/\/herbelegale.com\/pt\/wp-json\/wp\/v2\/product_cat?post=112"},{"taxonomy":"product_tag","embeddable":true,"href":"https:\/\/herbelegale.com\/pt\/wp-json\/wp\/v2\/product_tag?post=112"}],"curies":[{"name":"wp","href":"https:\/\/api.w.org\/{rel}","templated":true}]}}