{"id":110,"date":"2023-09-22T11:06:27","date_gmt":"2023-09-22T11:06:27","guid":{"rendered":"https:\/\/nembutalhouse.com\/weed\/?post_type=product&#038;p=110"},"modified":"2025-06-14T11:09:53","modified_gmt":"2025-06-14T11:09:53","slug":"grand-daddy-purple","status":"publish","type":"product","link":"https:\/\/herbelegale.com\/pt\/product\/grand-daddy-purple\/","title":{"rendered":"Av\u00f4 roxo"},"content":{"rendered":"<h2><b>Comprar Grand Daddy Purple online: Relaxamento lend\u00e1rio entregue \u00e0 sua porta<\/b><\/h2>\n<p><span style=\"font-weight: 400;\">Poucas variedades de can\u00e1bis s\u00e3o t\u00e3o ic\u00f3nicas como <\/span><a href=\"https:\/\/herbelegale.com\/pt\/product\/grand-daddy-purple\/\"><b>Av\u00f4 roxo<\/b><\/a><span style=\"font-weight: 400;\"> (tamb\u00e9m conhecida por GDP). Famosa pelos seus tons roxos profundos, efeitos corporais poderosos e aroma adocicado a uva e frutos vermelhos, esta lend\u00e1ria casta indica tornou-se uma escolha ideal para quem procura relaxamento. Hoje, com o aparecimento das plataformas online, cada vez mais consumidores optam por<\/span><b>acheter Grand Daddy Purple en ligne<\/b><span style=\"font-weight: 400;\">, et de recevoir cette vari\u00e9t\u00e9 premium directement \u00e0 domicile.<\/span><\/p>\n<h3><b>A ascens\u00e3o da entrega de can\u00e1bis online: dos mercados de produtores \u00e0s portas<\/b><\/h3>\n<p><span style=\"font-weight: 400;\">Outrora reservada aos dispens\u00e1rios locais, a experi\u00eancia de compra de can\u00e1bis \u00e9 agora totalmente digital. Seja numa grande cidade ou numa zona rural, comprar online nunca foi t\u00e3o f\u00e1cil. Porqu\u00ea esta mudan\u00e7a?<\/span><\/p>\n<ul>\n<li style=\"font-weight: 400;\" aria-level=\"1\"><span style=\"font-weight: 400;\">Entrega <\/span><b>discreto e confidencial<\/b><b>\n<p><\/b><\/li>\n<li style=\"font-weight: 400;\" aria-level=\"1\"><b>Mais op\u00e7\u00f5es<\/b><span style=\"font-weight: 400;\"> entre as variedades dispon\u00edveis<\/span><span style=\"font-weight: 400;\">\n<p><\/span><\/li>\n<li style=\"font-weight: 400;\" aria-level=\"1\"><span style=\"font-weight: 400;\">Toegang tot <\/span><b>Grand Daddy Purple para venda<\/b><span style=\"font-weight: 400;\"> de produtores fi\u00e1veis<\/span><span style=\"font-weight: 400;\">\n<p><\/span><\/li>\n<\/ul>\n<h3><b>Porque \u00e9 que cada vez mais pessoas compram Grand Daddy Purple online<\/b><\/h3>\n<p><span style=\"font-weight: 400;\">A explos\u00e3o do com\u00e9rcio eletr\u00f3nico tornou a can\u00e1bis mais acess\u00edvel do que nunca. As pessoas preferem agora <\/span><a href=\"https:\/\/en.wikipedia.org\/wiki\/Talk%3AGranddaddy_Purple_(GDP)?redirect=no\"><b>encomendar Grand Daddy Purple online<\/b><\/a><span style=\"font-weight: 400;\"> por v\u00e1rios motivos:<\/span><\/p>\n<ul>\n<li style=\"font-weight: 400;\" aria-level=\"1\"><span style=\"font-weight: 400;\">Al\u00edvio da dor cr\u00f3nica ou ins\u00f3nia<\/span><span style=\"font-weight: 400;\">\n<p><\/span><\/li>\n<li style=\"font-weight: 400;\" aria-level=\"1\"><span style=\"font-weight: 400;\">Al\u00edvio da dor cr\u00f3nica ou ins\u00f3nia<\/span><span style=\"font-weight: 400;\">\n<p><\/span><\/li>\n<li style=\"font-weight: 400;\" aria-level=\"1\"><span style=\"font-weight: 400;\">Acesso a um <\/span><b>Grand Daddy Purple pre\u00e7o barato<\/b><span style=\"font-weight: 400;\"> com qualidade controlada<\/span><span style=\"font-weight: 400;\">\n<p><\/span><\/li>\n<\/ul>\n<h3><b>O que torna um bisav\u00f4 roxo<\/b><\/h3>\n<p><span style=\"font-weight: 400;\">Nem todos os PIB s\u00e3o iguais. Veja o que deve procurar:<\/span><\/p>\n<ul>\n<li style=\"font-weight: 400;\" aria-level=\"1\"><b>Apar\u00eancia e Tricomas<\/b><span style=\"font-weight: 400;\"> : Flores roxas intensas, cobertas de cristais<\/span><span style=\"font-weight: 400;\">\n<p><\/span><\/li>\n<li style=\"font-weight: 400;\" aria-level=\"1\"><b>Aroma<\/b><span style=\"font-weight: 400;\"> : Notas doces de uva, frutos vermelhos, com um toque terroso<\/span><span style=\"font-weight: 400;\">\n<p><\/span><\/li>\n<li style=\"font-weight: 400;\" aria-level=\"1\"><b>Efeitos<\/b><span style=\"font-weight: 400;\"> : Relaxamento corporal profundo, sem seda\u00e7\u00e3o excessiva<\/span><span style=\"font-weight: 400;\">\n<p><\/span><\/li>\n<li style=\"font-weight: 400;\" aria-level=\"1\"><b>Frescor<\/b><span style=\"font-weight: 400;\"> : Bot\u00f5es pegajosos e com cheiro doce \u2014 nunca secos ou estragados<\/span><span style=\"font-weight: 400;\">\n<p><\/span><\/li>\n<\/ul>\n<h3><b>Os 5 melhores locais para comprar Grand Daddy Purple online (com pr\u00f3s e contras)<\/b><\/h3>\n<ol>\n<li style=\"font-weight: 400;\" aria-level=\"1\"><b>Rede Leafly<\/b><b><br \/>\n<\/b><span style=\"font-weight: 400;\"> \u2705 Vendedores certificados, produtos testados em laborat\u00f3rio<\/span><span style=\"font-weight: 400;\"><br \/>\n<\/span><span style=\"font-weight: 400;\"> \u274c Depende das leis locais<\/span><span style=\"font-weight: 400;\"><\/p>\n<p><\/span><\/li>\n<li style=\"font-weight: 400;\" aria-level=\"1\"><b>Boutiques Weedmaps<\/b><b><br \/>\n<\/b><span style=\"font-weight: 400;\"> \u2705 Avalia\u00e7\u00f5es de clientes e menus de dispens\u00e1rios locais<\/span><span style=\"font-weight: 400;\"><br \/>\n<\/span><span style=\"font-weight: 400;\"> \u274c N\u00e3o h\u00e1 entrega nacional<\/span><span style=\"font-weight: 400;\"><\/p>\n<p><\/span><\/li>\n<li style=\"font-weight: 400;\" aria-level=\"1\"><b>Budmail (Canad\u00e1)<\/b><b><br \/>\n<\/b><span style=\"font-weight: 400;\"> \u2705 Entrega r\u00e1pida e discreta<\/span><span style=\"font-weight: 400;\"><br \/>\n<\/span><span style=\"font-weight: 400;\"> \u274c Reservado para o mercado canadiano<\/span><span style=\"font-weight: 400;\"><\/p>\n<p><\/span><\/li>\n<li style=\"font-weight: 400;\" aria-level=\"1\"><b>Marketplaces ao estilo Etsy (Estados cool)<\/b><b><br \/>\n<\/b><span style=\"font-weight: 400;\"> \u2705 Pequenos produtores artesanais<\/span><span style=\"font-weight: 400;\"><br \/>\n<\/span><span style=\"font-weight: 400;\"> \u274c Prote\u00e7\u00e3o vari\u00e1vel do comprador<\/span><span style=\"font-weight: 400;\"><\/p>\n<p><\/span><\/li>\n<li style=\"font-weight: 400;\" aria-level=\"1\"><b>Sites privados aprovados (por exemplo, GrandDaddyPurp.com)<\/b><b><br \/>\n<\/b><span style=\"font-weight: 400;\"> \u2705 Diretamente do produtor, muitas vezes mais fresco<\/span><span style=\"font-weight: 400;\"><br \/>\n<\/span><span style=\"font-weight: 400;\"> \u274c Pedido m\u00ednimo por vezes elevado<\/span><span style=\"font-weight: 400;\"><\/p>\n<p><\/span><\/li>\n<\/ol>\n<p><span style=\"font-weight: 400;\">Voc\u00ea est\u00e1 \u00e0 procura de <\/span><b>meilleur endroit pour acheter Grand Daddy Purple en ligne<\/b><span style=\"font-weight: 400;\"> ? Escolha sempre fontes com testes laboratoriais e avalia\u00e7\u00f5es verificadas.<\/span><\/p>\n<h3><b>O que verificar antes de encomendar<\/b><\/h3>\n<ul>\n<li style=\"font-weight: 400;\" aria-level=\"1\"><span style=\"font-weight: 400;\">\u2705 <\/span><b>Condi\u00e7\u00f5es de entrega<\/b><span style=\"font-weight: 400;\"> :Embalagem a v\u00e1cuo e prote\u00e7\u00e3o t\u00e9rmica<\/span><span style=\"font-weight: 400;\">\n<p><\/span><\/li>\n<li style=\"font-weight: 400;\" aria-level=\"1\"><span style=\"font-weight: 400;\">\u2705 <\/span><b>Tuoreustakuu<\/b><span style=\"font-weight: 400;\"> :Os best-sellers garantem os seus produtos<\/span><span style=\"font-weight: 400;\">\n<p><\/span><\/li>\n<li style=\"font-weight: 400;\" aria-level=\"1\"><span style=\"font-weight: 400;\">\u2705 <\/span><b>Transpar\u00eancia dos ingredientes<\/b><span style=\"font-weight: 400;\"> : Procure flores testadas em laborat\u00f3rio e sem pesticidas<\/span><span style=\"font-weight: 400;\">\n<p><\/span><\/li>\n<li style=\"font-weight: 400;\" aria-level=\"1\"><span style=\"font-weight: 400;\">\u2705 <\/span><b>(4 coment\u00e1rios de clientes)<\/b><span style=\"font-weight: 400;\"> : Les retours authentiques sont essentiels pour juger la qualit\u00e9<\/span><span style=\"font-weight: 400;\">\n<p><\/span><\/li>\n<\/ul>\n<h3><b>Como armazenar, consumir e desfrutar do Grand Daddy Purple<\/b><\/h3>\n<ul>\n<li style=\"font-weight: 400;\" aria-level=\"1\"><b>Suojelu<\/b><span style=\"font-weight: 400;\"> : Conservar ao abrigo da luz e da humidade, em recipiente de vidro herm\u00e9tico<\/span><span style=\"font-weight: 400;\">\n<p><\/span><\/li>\n<li style=\"font-weight: 400;\" aria-level=\"1\"><b>Mode de consommation<\/b><span style=\"font-weight: 400;\"> : Ideal em vaporizador, cachimbo ou enrolado<\/span><span style=\"font-weight: 400;\">\n<p><\/span><\/li>\n<li style=\"font-weight: 400;\" aria-level=\"1\"><b>Conseil d\u2019usage<\/b><span style=\"font-weight: 400;\"> :Perfeito para uma noite ou para relaxar ap\u00f3s um dia stressante<\/span><span style=\"font-weight: 400;\">\n<p><\/span><\/li>\n<\/ul>\n<h3><b>Conclusie: Trakteer uzelf op luxe ontspanning zonder uw huis te verlaten<\/b><\/h3>\n<p><span style=\"font-weight: 400;\">Encomendar Grand Daddy Purple online significa desfrutar de uma variedade de culto com acesso simples, r\u00e1pido e seguro. Quer seja um utilizador experiente ou principiante, esta lend\u00e1ria indica promete um momento de absoluta tranquilidade \u2014 entregue com cuidado \u00e0 sua porta.<\/span><\/p>","protected":false},"excerpt":{"rendered":"<p>Acheter Grand Daddy Purple en ligne : Une relaxation l\u00e9gendaire livr\u00e9e chez vous Peu de vari\u00e9t\u00e9s de cannabis sont aussi embl\u00e9matiques que Grand Daddy Purple (aussi appel\u00e9 GDP). C\u00e9l\u00e8bre pour ses teintes violettes profondes, ses effets puissants sur le corps et son ar\u00f4me sucr\u00e9 de raisin et de baies, cette vari\u00e9t\u00e9 indica l\u00e9gendaire est devenue&#8230;<\/p>","protected":false},"featured_media":1449,"comment_status":"open","ping_status":"closed","template":"","meta":{"_kadence_starter_templates_imported_post":false,"_kad_post_transparent":"default","_kad_post_title":"","_kad_post_layout":"default","_kad_post_sidebar_id":"","_kad_post_content_style":"default","_kad_post_vertical_padding":"default","_kad_post_feature":"","_kad_post_feature_position":"","_kad_post_header":false,"_kad_post_footer":false,"_joinchat":[]},"product_brand":[],"product_cat":[17],"product_tag":[],"class_list":{"0":"post-110","1":"product","2":"type-product","3":"status-publish","4":"has-post-thumbnail","6":"product_cat-canabis-en-ligne","8":"first","9":"instock","10":"shipping-taxable","11":"purchasable","12":"product-type-variable","13":"entry","14":"content-bg","15":"loop-entry"},"yoast_head":"<!-- This site is optimized with the Yoast SEO plugin v23.5 - https:\/\/yoast.com\/wordpress\/plugins\/seo\/ -->\n<title>Achetez Grand Daddy Purple en ligne - Grand Daddy Purple \u00e0 vendre<\/title>\n<meta name=\"description\" content=\"C&#039;est le meilleur moment pour visiter notre boutique en ligne d&#039;herbelegale et acheter Grand Daddy Purple en ligne. Nous avons Grand Daddy Purple \u00e0 vendre ici. Rencontrez-nous en ligne et passez votre commande d\u00e8s aujourd&#039;hui !\" \/>\n<meta name=\"robots\" content=\"index, follow, max-snippet:-1, max-image-preview:large, max-video-preview:-1\" \/>\n<link rel=\"canonical\" href=\"https:\/\/herbelegale.com\/pt\/product\/grand-daddy-purple\/\" \/>\n<meta property=\"og:locale\" content=\"pt_PT\" \/>\n<meta property=\"og:type\" content=\"article\" \/>\n<meta property=\"og:title\" content=\"Achetez Grand Daddy Purple en ligne - Grand Daddy Purple \u00e0 vendre\" \/>\n<meta property=\"og:description\" content=\"C&#039;est le meilleur moment pour visiter notre boutique en ligne d&#039;herbelegale et acheter Grand Daddy Purple en ligne. Nous avons Grand Daddy Purple \u00e0 vendre ici. Rencontrez-nous en ligne et passez votre commande d\u00e8s aujourd&#039;hui !\" \/>\n<meta property=\"og:url\" content=\"https:\/\/herbelegale.com\/pt\/product\/grand-daddy-purple\/\" \/>\n<meta property=\"og:site_name\" content=\"Herbe L\u00e9gale\" \/>\n<meta property=\"article:modified_time\" content=\"2025-06-14T11:09:53+00:00\" \/>\n<meta property=\"og:image\" content=\"https:\/\/herbelegale.com\/wp-content\/uploads\/2023\/09\/Grand-Daddy-Purple.jpg\" \/>\n\t<meta property=\"og:image:width\" content=\"960\" \/>\n\t<meta property=\"og:image:height\" content=\"1280\" \/>\n\t<meta property=\"og:image:type\" content=\"image\/jpeg\" \/>\n<meta name=\"twitter:card\" content=\"summary_large_image\" \/>\n<meta name=\"twitter:label1\" content=\"Tempo estimado de leitura\" \/>\n\t<meta name=\"twitter:data1\" content=\"3 minutes\" \/>\n<script type=\"application\/ld+json\" class=\"yoast-schema-graph\">{\"@context\":\"https:\/\/schema.org\",\"@graph\":[{\"@type\":\"WebPage\",\"@id\":\"https:\/\/herbelegale.com\/product\/grand-daddy-purple\/\",\"url\":\"https:\/\/herbelegale.com\/product\/grand-daddy-purple\/\",\"name\":\"Achetez Grand Daddy Purple en ligne - Grand Daddy Purple \u00e0 vendre\",\"isPartOf\":{\"@id\":\"https:\/\/herbelegale.com\/#website\"},\"primaryImageOfPage\":{\"@id\":\"https:\/\/herbelegale.com\/product\/grand-daddy-purple\/#primaryimage\"},\"image\":{\"@id\":\"https:\/\/herbelegale.com\/product\/grand-daddy-purple\/#primaryimage\"},\"thumbnailUrl\":\"https:\/\/herbelegale.com\/wp-content\/uploads\/2023\/09\/Grand-Daddy-Purple.jpg\",\"datePublished\":\"2023-09-22T11:06:27+00:00\",\"dateModified\":\"2025-06-14T11:09:53+00:00\",\"description\":\"C'est le meilleur moment pour visiter notre boutique en ligne d'herbelegale et acheter Grand Daddy Purple en ligne. Nous avons Grand Daddy Purple \u00e0 vendre ici. Rencontrez-nous en ligne et passez votre commande d\u00e8s aujourd'hui !\",\"breadcrumb\":{\"@id\":\"https:\/\/herbelegale.com\/product\/grand-daddy-purple\/#breadcrumb\"},\"inLanguage\":\"pt-PT\",\"potentialAction\":[{\"@type\":\"ReadAction\",\"target\":[\"https:\/\/herbelegale.com\/product\/grand-daddy-purple\/\"]}]},{\"@type\":\"ImageObject\",\"inLanguage\":\"pt-PT\",\"@id\":\"https:\/\/herbelegale.com\/product\/grand-daddy-purple\/#primaryimage\",\"url\":\"https:\/\/herbelegale.com\/wp-content\/uploads\/2023\/09\/Grand-Daddy-Purple.jpg\",\"contentUrl\":\"https:\/\/herbelegale.com\/wp-content\/uploads\/2023\/09\/Grand-Daddy-Purple.jpg\",\"width\":960,\"height\":1280,\"caption\":\"Grand Daddy Purple\"},{\"@type\":\"BreadcrumbList\",\"@id\":\"https:\/\/herbelegale.com\/product\/grand-daddy-purple\/#breadcrumb\",\"itemListElement\":[{\"@type\":\"ListItem\",\"position\":1,\"name\":\"Home\",\"item\":\"https:\/\/herbelegale.com\/\"},{\"@type\":\"ListItem\",\"position\":2,\"name\":\"Boutique\",\"item\":\"https:\/\/herbelegale.com\/boutique\/\"},{\"@type\":\"ListItem\",\"position\":3,\"name\":\"Grand Daddy Purple\"}]},{\"@type\":\"WebSite\",\"@id\":\"https:\/\/herbelegale.com\/#website\",\"url\":\"https:\/\/herbelegale.com\/\",\"name\":\"Herbe L\u00e9gale\",\"description\":\"Acheter de l&#039;herbe en ligne\",\"publisher\":{\"@id\":\"https:\/\/herbelegale.com\/#organization\"},\"potentialAction\":[{\"@type\":\"SearchAction\",\"target\":{\"@type\":\"EntryPoint\",\"urlTemplate\":\"https:\/\/herbelegale.com\/?s={search_term_string}\"},\"query-input\":{\"@type\":\"PropertyValueSpecification\",\"valueRequired\":true,\"valueName\":\"search_term_string\"}}],\"inLanguage\":\"pt-PT\"},{\"@type\":\"Organization\",\"@id\":\"https:\/\/herbelegale.com\/#organization\",\"name\":\"Herbe L\u00e9gale\",\"url\":\"https:\/\/herbelegale.com\/\",\"logo\":{\"@type\":\"ImageObject\",\"inLanguage\":\"pt-PT\",\"@id\":\"https:\/\/herbelegale.com\/#\/schema\/logo\/image\/\",\"url\":\"https:\/\/herbelegale.com\/wp-content\/uploads\/2023\/10\/logo-1.png\",\"contentUrl\":\"https:\/\/herbelegale.com\/wp-content\/uploads\/2023\/10\/logo-1.png\",\"width\":400,\"height\":120,\"caption\":\"Herbe L\u00e9gale\"},\"image\":{\"@id\":\"https:\/\/herbelegale.com\/#\/schema\/logo\/image\/\"}}]}<\/script>\n<!-- \/ Yoast SEO plugin. -->","yoast_head_json":{"title":"Achetez Grand Daddy Purple en ligne - Grand Daddy Purple \u00e0 vendre","description":"C'est le meilleur moment pour visiter notre boutique en ligne d'herbelegale et acheter Grand Daddy Purple en ligne. Nous avons Grand Daddy Purple \u00e0 vendre ici. Rencontrez-nous en ligne et passez votre commande d\u00e8s aujourd'hui !","robots":{"index":"index","follow":"follow","max-snippet":"max-snippet:-1","max-image-preview":"max-image-preview:large","max-video-preview":"max-video-preview:-1"},"canonical":"https:\/\/herbelegale.com\/pt\/product\/grand-daddy-purple\/","og_locale":"pt_PT","og_type":"article","og_title":"Achetez Grand Daddy Purple en ligne - Grand Daddy Purple \u00e0 vendre","og_description":"C'est le meilleur moment pour visiter notre boutique en ligne d'herbelegale et acheter Grand Daddy Purple en ligne. Nous avons Grand Daddy Purple \u00e0 vendre ici. Rencontrez-nous en ligne et passez votre commande d\u00e8s aujourd'hui !","og_url":"https:\/\/herbelegale.com\/pt\/product\/grand-daddy-purple\/","og_site_name":"Herbe L\u00e9gale","article_modified_time":"2025-06-14T11:09:53+00:00","og_image":[{"width":960,"height":1280,"url":"https:\/\/herbelegale.com\/wp-content\/uploads\/2023\/09\/Grand-Daddy-Purple.jpg","type":"image\/jpeg"}],"twitter_card":"summary_large_image","twitter_misc":{"Tempo estimado de leitura":"3 minutes"},"schema":{"@context":"https:\/\/schema.org","@graph":[{"@type":"WebPage","@id":"https:\/\/herbelegale.com\/product\/grand-daddy-purple\/","url":"https:\/\/herbelegale.com\/product\/grand-daddy-purple\/","name":"Achetez Grand Daddy Purple en ligne - Grand Daddy Purple \u00e0 vendre","isPartOf":{"@id":"https:\/\/herbelegale.com\/#website"},"primaryImageOfPage":{"@id":"https:\/\/herbelegale.com\/product\/grand-daddy-purple\/#primaryimage"},"image":{"@id":"https:\/\/herbelegale.com\/product\/grand-daddy-purple\/#primaryimage"},"thumbnailUrl":"https:\/\/herbelegale.com\/wp-content\/uploads\/2023\/09\/Grand-Daddy-Purple.jpg","datePublished":"2023-09-22T11:06:27+00:00","dateModified":"2025-06-14T11:09:53+00:00","description":"C'est le meilleur moment pour visiter notre boutique en ligne d'herbelegale et acheter Grand Daddy Purple en ligne. Nous avons Grand Daddy Purple \u00e0 vendre ici. Rencontrez-nous en ligne et passez votre commande d\u00e8s aujourd'hui !","breadcrumb":{"@id":"https:\/\/herbelegale.com\/product\/grand-daddy-purple\/#breadcrumb"},"inLanguage":"pt-PT","potentialAction":[{"@type":"ReadAction","target":["https:\/\/herbelegale.com\/product\/grand-daddy-purple\/"]}]},{"@type":"ImageObject","inLanguage":"pt-PT","@id":"https:\/\/herbelegale.com\/product\/grand-daddy-purple\/#primaryimage","url":"https:\/\/herbelegale.com\/wp-content\/uploads\/2023\/09\/Grand-Daddy-Purple.jpg","contentUrl":"https:\/\/herbelegale.com\/wp-content\/uploads\/2023\/09\/Grand-Daddy-Purple.jpg","width":960,"height":1280,"caption":"Grand Daddy Purple"},{"@type":"BreadcrumbList","@id":"https:\/\/herbelegale.com\/product\/grand-daddy-purple\/#breadcrumb","itemListElement":[{"@type":"ListItem","position":1,"name":"Home","item":"https:\/\/herbelegale.com\/"},{"@type":"ListItem","position":2,"name":"Boutique","item":"https:\/\/herbelegale.com\/boutique\/"},{"@type":"ListItem","position":3,"name":"Grand Daddy Purple"}]},{"@type":"WebSite","@id":"https:\/\/herbelegale.com\/#website","url":"https:\/\/herbelegale.com\/","name":"Herbe L\u00e9gale","description":"Acheter de l&#039;herbe en ligne","publisher":{"@id":"https:\/\/herbelegale.com\/#organization"},"potentialAction":[{"@type":"SearchAction","target":{"@type":"EntryPoint","urlTemplate":"https:\/\/herbelegale.com\/?s={search_term_string}"},"query-input":{"@type":"PropertyValueSpecification","valueRequired":true,"valueName":"search_term_string"}}],"inLanguage":"pt-PT"},{"@type":"Organization","@id":"https:\/\/herbelegale.com\/#organization","name":"Herbe L\u00e9gale","url":"https:\/\/herbelegale.com\/","logo":{"@type":"ImageObject","inLanguage":"pt-PT","@id":"https:\/\/herbelegale.com\/#\/schema\/logo\/image\/","url":"https:\/\/herbelegale.com\/wp-content\/uploads\/2023\/10\/logo-1.png","contentUrl":"https:\/\/herbelegale.com\/wp-content\/uploads\/2023\/10\/logo-1.png","width":400,"height":120,"caption":"Herbe L\u00e9gale"},"image":{"@id":"https:\/\/herbelegale.com\/#\/schema\/logo\/image\/"}}]}},"_links":{"self":[{"href":"https:\/\/herbelegale.com\/pt\/wp-json\/wp\/v2\/product\/110","targetHints":{"allow":["GET"]}}],"collection":[{"href":"https:\/\/herbelegale.com\/pt\/wp-json\/wp\/v2\/product"}],"about":[{"href":"https:\/\/herbelegale.com\/pt\/wp-json\/wp\/v2\/types\/product"}],"replies":[{"embeddable":true,"href":"https:\/\/herbelegale.com\/pt\/wp-json\/wp\/v2\/comments?post=110"}],"wp:featuredmedia":[{"embeddable":true,"href":"https:\/\/herbelegale.com\/pt\/wp-json\/wp\/v2\/media\/1449"}],"wp:attachment":[{"href":"https:\/\/herbelegale.com\/pt\/wp-json\/wp\/v2\/media?parent=110"}],"wp:term":[{"taxonomy":"product_brand","embeddable":true,"href":"https:\/\/herbelegale.com\/pt\/wp-json\/wp\/v2\/product_brand?post=110"},{"taxonomy":"product_cat","embeddable":true,"href":"https:\/\/herbelegale.com\/pt\/wp-json\/wp\/v2\/product_cat?post=110"},{"taxonomy":"product_tag","embeddable":true,"href":"https:\/\/herbelegale.com\/pt\/wp-json\/wp\/v2\/product_tag?post=110"}],"curies":[{"name":"wp","href":"https:\/\/api.w.org\/{rel}","templated":true}]}}