{"id":108,"date":"2023-09-22T11:06:22","date_gmt":"2023-09-22T11:06:22","guid":{"rendered":"https:\/\/nembutalhouse.com\/weed\/?post_type=product&#038;p=108"},"modified":"2025-06-14T11:26:44","modified_gmt":"2025-06-14T11:26:44","slug":"jack-skellington","status":"publish","type":"product","link":"https:\/\/herbelegale.com\/pt\/product\/jack-skellington\/","title":{"rendered":"Jack Skellington"},"content":{"rendered":"<h2><b>Acquista Jack Skellington online: deliziosamente spaventoso, potente ed efficace<\/b><\/h2>\n<p><span style=\"font-weight: 400;\">Quer seja f\u00e3 de cl\u00e1ssicos do Halloween ou apenas \u00e0 procura de um <\/span><a href=\"https:\/\/herbelegale.com\/pt\/product\/jack-skellington\/\"><b>vari\u00e9t\u00e9 premium<\/b><\/a><span style=\"font-weight: 400;\"> (ou um comest\u00edvel \u00fanico), Jack Skellington est\u00e1 a consolidar-se como um item essencial. Reconhecida pelos seus poderosos efeitos cerebrais, energia estimulante e est\u00e9tica \u00fanica, esta variedade (ou guloseima tem\u00e1tica) est\u00e1 a atrair cada vez mais apreciadores. Com a crescente procura e a disponibilidade local, muitas vezes limitada, <\/span><b>Koop Jack Skellington online<\/b><span style=\"font-weight: 400;\"> torna-se a solu\u00e7\u00e3o ideal para mais frescura, escolha e praticidade.<\/span><\/p>\n<h3><b>Dos mercados \u00e0s caixas de correio: a ascens\u00e3o da can\u00e1bis e da entrega de comest\u00edveis<\/b><\/h3>\n<p><span style=\"font-weight: 400;\">Longe v\u00e3o os dias em que era preciso ir a um dispens\u00e1rio para descobrir produtos raros ou sazonais como Jack Skellington. Hoje, com plataformas online seguras, pode <\/span><a href=\"https:\/\/en.wikipedia.org\/wiki\/Jack_Skellington\"><b>encomendar Jack Skellington online<\/b><\/a><span style=\"font-weight: 400;\"> em apenas alguns cliques.<\/span><\/p>\n<p><b>Porque \u00e9 tend\u00eancia:<\/b><\/p>\n<ul>\n<li style=\"font-weight: 400;\" aria-level=\"1\"><span style=\"font-weight: 400;\">Consegna a domicilio discreta<\/span><span style=\"font-weight: 400;\">\n<p><\/span><\/li>\n<li style=\"font-weight: 400;\" aria-level=\"1\"><span style=\"font-weight: 400;\">Maior sele\u00e7\u00e3o de variedades raras ou comest\u00edveis tem\u00e1ticos<\/span><span style=\"font-weight: 400;\">\n<p><\/span><\/li>\n<li style=\"font-weight: 400;\" aria-level=\"1\"><span style=\"font-weight: 400;\">Acesso a <\/span><b>Jack Skellington en vente<\/b><span style=\"font-weight: 400;\"> em v\u00e1rias regi\u00f5es<\/span><span style=\"font-weight: 400;\">\n<p><\/span><\/li>\n<\/ul>\n<h3><b>O que faz um bom Jack Skellington?<\/b><\/h3>\n<p><span style=\"font-weight: 400;\">\ud83e\uddea <\/span><b>Apar\u00eancia<\/b><span style=\"font-weight: 400;\"> : T\u00eates cristallis\u00e9es avec des couleurs vibrantes (pour la fleur) ou emballage effrayant et stylis\u00e9 (pour les edibles)<\/span><span style=\"font-weight: 400;\"><br \/>\n<\/span><span style=\"font-weight: 400;\"> \ud83c\udf3f <\/span><b>Ar\u00f4me \/ Saveur<\/b><span style=\"font-weight: 400;\"> : Notes terreuses, \u00e9pic\u00e9es, avec des touches d\u2019agrumes ou de vanille<\/span><span style=\"font-weight: 400;\"><br \/>\n<\/span><span style=\"font-weight: 400;\"> \ud83d\udca5 <\/span><b>Efeitos<\/b><span style=\"font-weight: 400;\"> : Stimulant, cr\u00e9atif, concentration am\u00e9lior\u00e9e \u2014 id\u00e9al pour une consommation en journ\u00e9e<\/span><span style=\"font-weight: 400;\"><br \/>\n<\/span><span style=\"font-weight: 400;\"> \ud83d\udc68\u200d\ud83c\udf73 <\/span><b>Fabrication<\/b><span style=\"font-weight: 400;\"> : Les produits artisanaux ou en petits lots b\u00e9n\u00e9ficient de plus d\u2019attention que les versions industrielles<\/span><\/p>\n<h3><b>Os 5 melhores locais para comprar Jack Herer online (com pr\u00f3s e contras)<\/b><\/h3>\n<ol>\n<li style=\"font-weight: 400;\" aria-level=\"1\"><b>Leafly e Weedmaps<\/b><b><br \/>\n<\/b><span style=\"font-weight: 400;\"> \u2705 Id\u00e9al pour trouver des vendeurs v\u00e9rifi\u00e9s<\/span><span style=\"font-weight: 400;\"><br \/>\n<\/span><span style=\"font-weight: 400;\"> \u274c Tous les vendeurs ne proposent pas l\u2019achat direct<\/span><span style=\"font-weight: 400;\"><\/p>\n<p><\/span><\/li>\n<li style=\"font-weight: 400;\" aria-level=\"1\"><b>Dispens\u00e1rios online (Herb Approach, Green Society)<\/b><b><br \/>\n<\/b><span style=\"font-weight: 400;\"> \u2705 Large choix, produits test\u00e9s en laboratoire<\/span><span style=\"font-weight: 400;\"><br \/>\n<\/span><span style=\"font-weight: 400;\"> \u274c Livraison r\u00e9serv\u00e9e aux r\u00e9gions o\u00f9 le cannabis est l\u00e9gal<\/span><span style=\"font-weight: 400;\"><\/p>\n<p><\/span><\/li>\n<li style=\"font-weight: 400;\" aria-level=\"1\"><b>Lojas de produtos comest\u00edveis artesanais (estilo Etsy)<\/b><b><br \/>\n<\/b><span style=\"font-weight: 400;\"> \u2705 Emballages cr\u00e9atifs et produits faits main<\/span><span style=\"font-weight: 400;\"><br \/>\n<\/span><span style=\"font-weight: 400;\"> \u274c Parfois sans test ou standardisation des dosages<\/span><span style=\"font-weight: 400;\"><\/p>\n<p><\/span><\/li>\n<li style=\"font-weight: 400;\" aria-level=\"1\"><b>Locais de produ\u00e7\u00e3o direta<\/b><b><br \/>\n<\/b><span style=\"font-weight: 400;\"> \u2705 Cannabis frais et tra\u00e7able de la ferme au client<\/span><span style=\"font-weight: 400;\"><br \/>\n<\/span><span style=\"font-weight: 400;\"> \u274c Stock souvent limit\u00e9<\/span><span style=\"font-weight: 400;\"><\/p>\n<p><\/span><\/li>\n<li style=\"font-weight: 400;\" aria-level=\"1\"><b>Caixas mensais (com edi\u00e7\u00f5es especiais de Jack Skellington)<\/b><b><br \/>\n<\/b><span style=\"font-weight: 400;\"> \u2705 Surprise \u00e0 th\u00e8me, parfait pour les f\u00eates<\/span><span style=\"font-weight: 400;\"><br \/>\n<\/span><span style=\"font-weight: 400;\"> \u274c Moins de contr\u00f4le sur le contenu exact<\/span><span style=\"font-weight: 400;\"><\/p>\n<p><\/span><\/li>\n<\/ol>\n<p><span style=\"font-weight: 400;\">\ud83d\udc49 <\/span><b>Conseil<\/b><span style=\"font-weight: 400;\"> : Controleer voor aankoop altijd of het <\/span><b>o melhor lugar para comprar Jack Skellington online<\/b><span style=\"font-weight: 400;\">, lendo avalia\u00e7\u00f5es de clientes.<\/span><\/p>\n<h3><b>O que verificar antes de encomendar<\/b><\/h3>\n<ul>\n<li style=\"font-weight: 400;\" aria-level=\"1\"><b>Conditions d\u2019exp\u00e9dition<\/b><span style=\"font-weight: 400;\"> : Emballage discret, r\u00e9sistant \u00e0 la chaleur ou au froid<\/span><span style=\"font-weight: 400;\">\n<p><\/span><\/li>\n<li style=\"font-weight: 400;\" aria-level=\"1\"><b>Tuoreustakuu<\/b><span style=\"font-weight: 400;\"> : Crucial pour la fleur ou les comestibles faits maison<\/span><span style=\"font-weight: 400;\">\n<p><\/span><\/li>\n<li style=\"font-weight: 400;\" aria-level=\"1\"><b>Politique de retour\/remboursement<\/b><span style=\"font-weight: 400;\"> : Utile en cas de mauvaise exp\u00e9rience<\/span><span style=\"font-weight: 400;\">\n<p><\/span><\/li>\n<li style=\"font-weight: 400;\" aria-level=\"1\"><b>Transparence des tests<\/b><span style=\"font-weight: 400;\"> : Taux de THC\/CBD, profils de terp\u00e8nes, absence de contaminants<\/span><span style=\"font-weight: 400;\">\n<p><\/span><\/li>\n<li style=\"font-weight: 400;\" aria-level=\"1\"><b>(4 coment\u00e1rios de clientes)<\/b><span style=\"font-weight: 400;\"> : Des retours authentiques pour mieux se projeter<\/span><span style=\"font-weight: 400;\">\n<p><\/span><\/li>\n<\/ul>\n<h3><b>Como armazenar e desfrutar do seu Jack Skellington<\/b><\/h3>\n<p><span style=\"font-weight: 400;\">\ud83c\udf2c\ufe0f <\/span><b>Fleur de cannabis<\/b><span style=\"font-weight: 400;\"> : Conservar ao abrigo da luz e da humidade, em recipiente de vidro herm\u00e9tico<\/span><span style=\"font-weight: 400;\"><br \/>\n<\/span><span style=\"font-weight: 400;\"> \ud83c\udf6b <\/span><b>Comestibles<\/b><span style=\"font-weight: 400;\"> : R\u00e9frig\u00e9rez si n\u00e9cessaire (chocolats, p\u00e2tisseries, etc.)<\/span><span style=\"font-weight: 400;\"><br \/>\n<\/span><span style=\"font-weight: 400;\"> \ud83c\udfa7 <\/span><b>D\u00e9gustation<\/b><span style=\"font-weight: 400;\"> : Perfeito com uma playlist relaxante ou uma maratona de filmes de Halloween \ud83d\udc7b<\/span><\/p>\n<h3><b>Conclus\u00e3o: Uma experi\u00eancia cativante, sem sair de casa<\/b><\/h3>\n<p><span style=\"font-weight: 400;\">Com o seu charme assustador e efeitos revigorantes, <\/span><b>Jack Skellington \u00e9 mais do que um simples nome: \u00e9 uma experi\u00eancia sensorial completa.<\/b><span style=\"font-weight: 400;\">. Disponible en version fleur ou comestible, il est d\u00e9sormais facile, s\u00fbr et abordable d\u2019<\/span><b>Koop Jack Skellington online<\/b><span style=\"font-weight: 400;\">Seja para o Halloween ou para uma sess\u00e3o criativa em qualquer altura do ano, este produto trar\u00e1 energia, inspira\u00e7\u00e3o e divers\u00e3o \u2013 diretamente para a sua casa.<\/span><\/p>","protected":false},"excerpt":{"rendered":"<p>Acheter Jack Skellington en ligne : D\u00e9licieusement Effrayant, Puissamment Efficace Que vous soyez fan de classiques d\u2019Halloween ou simplement \u00e0 la recherche d\u2019une vari\u00e9t\u00e9 premium (ou d\u2019un produit comestible original), Jack Skellington s\u2019impose comme une r\u00e9f\u00e9rence incontournable. R\u00e9put\u00e9e pour ses effets c\u00e9r\u00e9braux puissants, son \u00e9nergie stimulante et son esth\u00e9tique unique, cette souche (ou gourmandise \u00e0&#8230;<\/p>","protected":false},"featured_media":1450,"comment_status":"open","ping_status":"closed","template":"","meta":{"_kadence_starter_templates_imported_post":false,"_kad_post_transparent":"default","_kad_post_title":"","_kad_post_layout":"default","_kad_post_sidebar_id":"","_kad_post_content_style":"default","_kad_post_vertical_padding":"default","_kad_post_feature":"","_kad_post_feature_position":"","_kad_post_header":false,"_kad_post_footer":false,"_joinchat":[]},"product_brand":[],"product_cat":[17],"product_tag":[],"class_list":{"0":"post-108","1":"product","2":"type-product","3":"status-publish","4":"has-post-thumbnail","6":"product_cat-canabis-en-ligne","8":"first","9":"instock","10":"shipping-taxable","11":"purchasable","12":"product-type-variable","13":"entry","14":"content-bg","15":"loop-entry"},"yoast_head":"<!-- This site is optimized with the Yoast SEO plugin v23.5 - https:\/\/yoast.com\/wordpress\/plugins\/seo\/ -->\n<title>Acheter Jack Skellington en ligne - Jack Skellington \u00e0 vendre en ligne<\/title>\n<meta name=\"description\" content=\"Voici l&#039;occasion de vous procurer Jack Skellington \u00e0 prix r\u00e9duit. Notre boutique en ligne Herbelegale vend Jack Skellington dans le monde entier. Commandez pour acheter Jack Skellington en ligne bient\u00f4t.\" \/>\n<meta name=\"robots\" content=\"index, follow, max-snippet:-1, max-image-preview:large, max-video-preview:-1\" \/>\n<link rel=\"canonical\" href=\"https:\/\/herbelegale.com\/pt\/product\/jack-skellington\/\" \/>\n<meta property=\"og:locale\" content=\"pt_PT\" \/>\n<meta property=\"og:type\" content=\"article\" \/>\n<meta property=\"og:title\" content=\"Acheter Jack Skellington en ligne - Jack Skellington \u00e0 vendre en ligne\" \/>\n<meta property=\"og:description\" content=\"Voici l&#039;occasion de vous procurer Jack Skellington \u00e0 prix r\u00e9duit. Notre boutique en ligne Herbelegale vend Jack Skellington dans le monde entier. Commandez pour acheter Jack Skellington en ligne bient\u00f4t.\" \/>\n<meta property=\"og:url\" content=\"https:\/\/herbelegale.com\/pt\/product\/jack-skellington\/\" \/>\n<meta property=\"og:site_name\" content=\"Herbe L\u00e9gale\" \/>\n<meta property=\"article:modified_time\" content=\"2025-06-14T11:26:44+00:00\" \/>\n<meta property=\"og:image\" content=\"https:\/\/herbelegale.com\/wp-content\/uploads\/2023\/09\/Jack-Skellington-1.jpg\" \/>\n\t<meta property=\"og:image:width\" content=\"960\" \/>\n\t<meta property=\"og:image:height\" content=\"1280\" \/>\n\t<meta property=\"og:image:type\" content=\"image\/jpeg\" \/>\n<meta name=\"twitter:card\" content=\"summary_large_image\" \/>\n<meta name=\"twitter:label1\" content=\"Tempo estimado de leitura\" \/>\n\t<meta name=\"twitter:data1\" content=\"3 minutes\" \/>\n<script type=\"application\/ld+json\" class=\"yoast-schema-graph\">{\"@context\":\"https:\/\/schema.org\",\"@graph\":[{\"@type\":\"WebPage\",\"@id\":\"https:\/\/herbelegale.com\/product\/jack-skellington\/\",\"url\":\"https:\/\/herbelegale.com\/product\/jack-skellington\/\",\"name\":\"Acheter Jack Skellington en ligne - Jack Skellington \u00e0 vendre en ligne\",\"isPartOf\":{\"@id\":\"https:\/\/herbelegale.com\/#website\"},\"primaryImageOfPage\":{\"@id\":\"https:\/\/herbelegale.com\/product\/jack-skellington\/#primaryimage\"},\"image\":{\"@id\":\"https:\/\/herbelegale.com\/product\/jack-skellington\/#primaryimage\"},\"thumbnailUrl\":\"https:\/\/herbelegale.com\/wp-content\/uploads\/2023\/09\/Jack-Skellington-1.jpg\",\"datePublished\":\"2023-09-22T11:06:22+00:00\",\"dateModified\":\"2025-06-14T11:26:44+00:00\",\"description\":\"Voici l'occasion de vous procurer Jack Skellington \u00e0 prix r\u00e9duit. Notre boutique en ligne Herbelegale vend Jack Skellington dans le monde entier. Commandez pour acheter Jack Skellington en ligne bient\u00f4t.\",\"breadcrumb\":{\"@id\":\"https:\/\/herbelegale.com\/product\/jack-skellington\/#breadcrumb\"},\"inLanguage\":\"pt-PT\",\"potentialAction\":[{\"@type\":\"ReadAction\",\"target\":[\"https:\/\/herbelegale.com\/product\/jack-skellington\/\"]}]},{\"@type\":\"ImageObject\",\"inLanguage\":\"pt-PT\",\"@id\":\"https:\/\/herbelegale.com\/product\/jack-skellington\/#primaryimage\",\"url\":\"https:\/\/herbelegale.com\/wp-content\/uploads\/2023\/09\/Jack-Skellington-1.jpg\",\"contentUrl\":\"https:\/\/herbelegale.com\/wp-content\/uploads\/2023\/09\/Jack-Skellington-1.jpg\",\"width\":960,\"height\":1280,\"caption\":\"Jack Skellington\"},{\"@type\":\"BreadcrumbList\",\"@id\":\"https:\/\/herbelegale.com\/product\/jack-skellington\/#breadcrumb\",\"itemListElement\":[{\"@type\":\"ListItem\",\"position\":1,\"name\":\"Home\",\"item\":\"https:\/\/herbelegale.com\/\"},{\"@type\":\"ListItem\",\"position\":2,\"name\":\"Boutique\",\"item\":\"https:\/\/herbelegale.com\/boutique\/\"},{\"@type\":\"ListItem\",\"position\":3,\"name\":\"Jack Skellington\"}]},{\"@type\":\"WebSite\",\"@id\":\"https:\/\/herbelegale.com\/#website\",\"url\":\"https:\/\/herbelegale.com\/\",\"name\":\"Herbe L\u00e9gale\",\"description\":\"Acheter de l&#039;herbe en ligne\",\"publisher\":{\"@id\":\"https:\/\/herbelegale.com\/#organization\"},\"potentialAction\":[{\"@type\":\"SearchAction\",\"target\":{\"@type\":\"EntryPoint\",\"urlTemplate\":\"https:\/\/herbelegale.com\/?s={search_term_string}\"},\"query-input\":{\"@type\":\"PropertyValueSpecification\",\"valueRequired\":true,\"valueName\":\"search_term_string\"}}],\"inLanguage\":\"pt-PT\"},{\"@type\":\"Organization\",\"@id\":\"https:\/\/herbelegale.com\/#organization\",\"name\":\"Herbe L\u00e9gale\",\"url\":\"https:\/\/herbelegale.com\/\",\"logo\":{\"@type\":\"ImageObject\",\"inLanguage\":\"pt-PT\",\"@id\":\"https:\/\/herbelegale.com\/#\/schema\/logo\/image\/\",\"url\":\"https:\/\/herbelegale.com\/wp-content\/uploads\/2023\/10\/logo-1.png\",\"contentUrl\":\"https:\/\/herbelegale.com\/wp-content\/uploads\/2023\/10\/logo-1.png\",\"width\":400,\"height\":120,\"caption\":\"Herbe L\u00e9gale\"},\"image\":{\"@id\":\"https:\/\/herbelegale.com\/#\/schema\/logo\/image\/\"}}]}<\/script>\n<!-- \/ Yoast SEO plugin. -->","yoast_head_json":{"title":"Acheter Jack Skellington en ligne - Jack Skellington \u00e0 vendre en ligne","description":"Voici l'occasion de vous procurer Jack Skellington \u00e0 prix r\u00e9duit. Notre boutique en ligne Herbelegale vend Jack Skellington dans le monde entier. Commandez pour acheter Jack Skellington en ligne bient\u00f4t.","robots":{"index":"index","follow":"follow","max-snippet":"max-snippet:-1","max-image-preview":"max-image-preview:large","max-video-preview":"max-video-preview:-1"},"canonical":"https:\/\/herbelegale.com\/pt\/product\/jack-skellington\/","og_locale":"pt_PT","og_type":"article","og_title":"Acheter Jack Skellington en ligne - Jack Skellington \u00e0 vendre en ligne","og_description":"Voici l'occasion de vous procurer Jack Skellington \u00e0 prix r\u00e9duit. Notre boutique en ligne Herbelegale vend Jack Skellington dans le monde entier. Commandez pour acheter Jack Skellington en ligne bient\u00f4t.","og_url":"https:\/\/herbelegale.com\/pt\/product\/jack-skellington\/","og_site_name":"Herbe L\u00e9gale","article_modified_time":"2025-06-14T11:26:44+00:00","og_image":[{"width":960,"height":1280,"url":"https:\/\/herbelegale.com\/wp-content\/uploads\/2023\/09\/Jack-Skellington-1.jpg","type":"image\/jpeg"}],"twitter_card":"summary_large_image","twitter_misc":{"Tempo estimado de leitura":"3 minutes"},"schema":{"@context":"https:\/\/schema.org","@graph":[{"@type":"WebPage","@id":"https:\/\/herbelegale.com\/product\/jack-skellington\/","url":"https:\/\/herbelegale.com\/product\/jack-skellington\/","name":"Acheter Jack Skellington en ligne - Jack Skellington \u00e0 vendre en ligne","isPartOf":{"@id":"https:\/\/herbelegale.com\/#website"},"primaryImageOfPage":{"@id":"https:\/\/herbelegale.com\/product\/jack-skellington\/#primaryimage"},"image":{"@id":"https:\/\/herbelegale.com\/product\/jack-skellington\/#primaryimage"},"thumbnailUrl":"https:\/\/herbelegale.com\/wp-content\/uploads\/2023\/09\/Jack-Skellington-1.jpg","datePublished":"2023-09-22T11:06:22+00:00","dateModified":"2025-06-14T11:26:44+00:00","description":"Voici l'occasion de vous procurer Jack Skellington \u00e0 prix r\u00e9duit. Notre boutique en ligne Herbelegale vend Jack Skellington dans le monde entier. Commandez pour acheter Jack Skellington en ligne bient\u00f4t.","breadcrumb":{"@id":"https:\/\/herbelegale.com\/product\/jack-skellington\/#breadcrumb"},"inLanguage":"pt-PT","potentialAction":[{"@type":"ReadAction","target":["https:\/\/herbelegale.com\/product\/jack-skellington\/"]}]},{"@type":"ImageObject","inLanguage":"pt-PT","@id":"https:\/\/herbelegale.com\/product\/jack-skellington\/#primaryimage","url":"https:\/\/herbelegale.com\/wp-content\/uploads\/2023\/09\/Jack-Skellington-1.jpg","contentUrl":"https:\/\/herbelegale.com\/wp-content\/uploads\/2023\/09\/Jack-Skellington-1.jpg","width":960,"height":1280,"caption":"Jack Skellington"},{"@type":"BreadcrumbList","@id":"https:\/\/herbelegale.com\/product\/jack-skellington\/#breadcrumb","itemListElement":[{"@type":"ListItem","position":1,"name":"Home","item":"https:\/\/herbelegale.com\/"},{"@type":"ListItem","position":2,"name":"Boutique","item":"https:\/\/herbelegale.com\/boutique\/"},{"@type":"ListItem","position":3,"name":"Jack Skellington"}]},{"@type":"WebSite","@id":"https:\/\/herbelegale.com\/#website","url":"https:\/\/herbelegale.com\/","name":"Herbe L\u00e9gale","description":"Acheter de l&#039;herbe en ligne","publisher":{"@id":"https:\/\/herbelegale.com\/#organization"},"potentialAction":[{"@type":"SearchAction","target":{"@type":"EntryPoint","urlTemplate":"https:\/\/herbelegale.com\/?s={search_term_string}"},"query-input":{"@type":"PropertyValueSpecification","valueRequired":true,"valueName":"search_term_string"}}],"inLanguage":"pt-PT"},{"@type":"Organization","@id":"https:\/\/herbelegale.com\/#organization","name":"Herbe L\u00e9gale","url":"https:\/\/herbelegale.com\/","logo":{"@type":"ImageObject","inLanguage":"pt-PT","@id":"https:\/\/herbelegale.com\/#\/schema\/logo\/image\/","url":"https:\/\/herbelegale.com\/wp-content\/uploads\/2023\/10\/logo-1.png","contentUrl":"https:\/\/herbelegale.com\/wp-content\/uploads\/2023\/10\/logo-1.png","width":400,"height":120,"caption":"Herbe L\u00e9gale"},"image":{"@id":"https:\/\/herbelegale.com\/#\/schema\/logo\/image\/"}}]}},"_links":{"self":[{"href":"https:\/\/herbelegale.com\/pt\/wp-json\/wp\/v2\/product\/108","targetHints":{"allow":["GET"]}}],"collection":[{"href":"https:\/\/herbelegale.com\/pt\/wp-json\/wp\/v2\/product"}],"about":[{"href":"https:\/\/herbelegale.com\/pt\/wp-json\/wp\/v2\/types\/product"}],"replies":[{"embeddable":true,"href":"https:\/\/herbelegale.com\/pt\/wp-json\/wp\/v2\/comments?post=108"}],"wp:featuredmedia":[{"embeddable":true,"href":"https:\/\/herbelegale.com\/pt\/wp-json\/wp\/v2\/media\/1450"}],"wp:attachment":[{"href":"https:\/\/herbelegale.com\/pt\/wp-json\/wp\/v2\/media?parent=108"}],"wp:term":[{"taxonomy":"product_brand","embeddable":true,"href":"https:\/\/herbelegale.com\/pt\/wp-json\/wp\/v2\/product_brand?post=108"},{"taxonomy":"product_cat","embeddable":true,"href":"https:\/\/herbelegale.com\/pt\/wp-json\/wp\/v2\/product_cat?post=108"},{"taxonomy":"product_tag","embeddable":true,"href":"https:\/\/herbelegale.com\/pt\/wp-json\/wp\/v2\/product_tag?post=108"}],"curies":[{"name":"wp","href":"https:\/\/api.w.org\/{rel}","templated":true}]}}