{"id":5,"date":"2022-02-22T23:42:26","date_gmt":"2022-02-22T23:42:26","guid":{"rendered":"https:\/\/startertemplatecloud.com\/g38\/shop\/"},"modified":"2023-10-25T09:25:49","modified_gmt":"2023-10-25T09:25:49","slug":"boutique","status":"publish","type":"page","link":"https:\/\/herbelegale.com\/pt\/boutique\/","title":{"rendered":"Loja"},"content":{"rendered":"<p class=\"has-text-align-center\">Comprar flores de can\u00e1bis, \u00e0 procura da erva mais forte? Ent\u00e3o escolha sementes de can\u00e1bis com um elevado teor de THC. Seleccion\u00e1mos estas sementes de can\u00e1bis para si abaixo. Estas variedades com elevado teor de THC produzir\u00e3o plantas de can\u00e1bis que o deixar\u00e3o pedrado. Que mais se pode pedir? Como comprar marijuana online , Haxixe para venda, Comprar erva<a href=\"https:\/\/herbelegale.com\/pt\/\">.<\/a><\/p>","protected":false},"excerpt":{"rendered":"<p>Acheter de fleur de cannabis, Vous cherchez l&rsquo;herbe la plus forte ? Choisissez alors des graines de cannabis \u00e0 forte teneur en THC. Nous avons s\u00e9lectionn\u00e9 ces graines de cannabis pour vous ci-dessous. Ces vari\u00e9t\u00e9s \u00e0 haute teneur en THC produiront toutes des plantes de cannabis qui vous feront planer. Que demander de plus ?&#8230;<\/p>","protected":false},"author":1,"featured_media":1673,"parent":0,"menu_order":0,"comment_status":"closed","ping_status":"closed","template":"","meta":{"_kadence_starter_templates_imported_post":true,"_kad_post_transparent":"","_kad_post_title":"","_kad_post_layout":"","_kad_post_sidebar_id":"","_kad_post_content_style":"","_kad_post_vertical_padding":"","_kad_post_feature":"","_kad_post_feature_position":"","_kad_post_header":false,"_kad_post_footer":false,"_joinchat":[],"footnotes":""},"class_list":["post-5","page","type-page","status-publish","has-post-thumbnail","hentry"],"yoast_head":"<!-- This site is optimized with the Yoast SEO plugin v23.5 - https:\/\/yoast.com\/wordpress\/plugins\/seo\/ -->\n<title>Acheter de fleur de cannabis - Herbe L\u00e9gale<\/title>\n<meta name=\"description\" content=\"Acheter de fleur de cannabis, . Boutique de cannabis THC. acheter du hash. commander du hash en ligne, hash Achetez de l&#039;herbe.\" \/>\n<meta name=\"robots\" content=\"index, follow, max-snippet:-1, max-image-preview:large, max-video-preview:-1\" \/>\n<link rel=\"canonical\" href=\"https:\/\/herbelegale.com\/pt\/boutique\/\" \/>\n<meta property=\"og:locale\" content=\"pt_PT\" \/>\n<meta property=\"og:type\" content=\"article\" \/>\n<meta property=\"og:title\" content=\"Acheter de fleur de cannabis - Herbe L\u00e9gale\" \/>\n<meta property=\"og:description\" content=\"Acheter de fleur de cannabis, . Boutique de cannabis THC. acheter du hash. commander du hash en ligne, hash Achetez de l&#039;herbe.\" \/>\n<meta property=\"og:url\" content=\"https:\/\/herbelegale.com\/pt\/boutique\/\" \/>\n<meta property=\"og:site_name\" content=\"Herbe L\u00e9gale\" \/>\n<meta property=\"article:modified_time\" content=\"2023-10-25T09:25:49+00:00\" \/>\n<meta property=\"og:image\" content=\"https:\/\/herbelegale.com\/wp-content\/uploads\/2023\/10\/logo-1.png\" \/>\n\t<meta property=\"og:image:width\" content=\"400\" \/>\n\t<meta property=\"og:image:height\" content=\"120\" \/>\n\t<meta property=\"og:image:type\" content=\"image\/png\" \/>\n<meta name=\"twitter:card\" content=\"summary_large_image\" \/>\n<meta name=\"twitter:label1\" content=\"Tempo estimado de leitura\" \/>\n\t<meta name=\"twitter:data1\" content=\"1 minute\" \/>\n<script type=\"application\/ld+json\" class=\"yoast-schema-graph\">{\"@context\":\"https:\/\/schema.org\",\"@graph\":[{\"@type\":\"WebPage\",\"@id\":\"https:\/\/herbelegale.com\/boutique\/\",\"url\":\"https:\/\/herbelegale.com\/boutique\/\",\"name\":\"Acheter de fleur de cannabis - Herbe L\u00e9gale\",\"isPartOf\":{\"@id\":\"https:\/\/herbelegale.com\/#website\"},\"primaryImageOfPage\":{\"@id\":\"https:\/\/herbelegale.com\/boutique\/#primaryimage\"},\"image\":{\"@id\":\"https:\/\/herbelegale.com\/boutique\/#primaryimage\"},\"thumbnailUrl\":\"https:\/\/herbelegale.com\/wp-content\/uploads\/2023\/10\/logo-1.png\",\"datePublished\":\"2022-02-22T23:42:26+00:00\",\"dateModified\":\"2023-10-25T09:25:49+00:00\",\"description\":\"Acheter de fleur de cannabis, . Boutique de cannabis THC. acheter du hash. commander du hash en ligne, hash Achetez de l'herbe.\",\"breadcrumb\":{\"@id\":\"https:\/\/herbelegale.com\/boutique\/#breadcrumb\"},\"inLanguage\":\"pt-PT\",\"potentialAction\":[{\"@type\":\"ReadAction\",\"target\":[\"https:\/\/herbelegale.com\/boutique\/\"]}]},{\"@type\":\"ImageObject\",\"inLanguage\":\"pt-PT\",\"@id\":\"https:\/\/herbelegale.com\/boutique\/#primaryimage\",\"url\":\"https:\/\/herbelegale.com\/wp-content\/uploads\/2023\/10\/logo-1.png\",\"contentUrl\":\"https:\/\/herbelegale.com\/wp-content\/uploads\/2023\/10\/logo-1.png\",\"width\":400,\"height\":120,\"caption\":\"Herbe L\u00e9gale - Acheter de l'herbe en ligne\"},{\"@type\":\"BreadcrumbList\",\"@id\":\"https:\/\/herbelegale.com\/boutique\/#breadcrumb\",\"itemListElement\":[{\"@type\":\"ListItem\",\"position\":1,\"name\":\"Home\",\"item\":\"https:\/\/herbelegale.com\/\"},{\"@type\":\"ListItem\",\"position\":2,\"name\":\"Boutique\"}]},{\"@type\":\"WebSite\",\"@id\":\"https:\/\/herbelegale.com\/#website\",\"url\":\"https:\/\/herbelegale.com\/\",\"name\":\"Herbe L\u00e9gale\",\"description\":\"Acheter de l&#039;herbe en ligne\",\"publisher\":{\"@id\":\"https:\/\/herbelegale.com\/#organization\"},\"potentialAction\":[{\"@type\":\"SearchAction\",\"target\":{\"@type\":\"EntryPoint\",\"urlTemplate\":\"https:\/\/herbelegale.com\/?s={search_term_string}\"},\"query-input\":{\"@type\":\"PropertyValueSpecification\",\"valueRequired\":true,\"valueName\":\"search_term_string\"}}],\"inLanguage\":\"pt-PT\"},{\"@type\":\"Organization\",\"@id\":\"https:\/\/herbelegale.com\/#organization\",\"name\":\"Herbe L\u00e9gale\",\"url\":\"https:\/\/herbelegale.com\/\",\"logo\":{\"@type\":\"ImageObject\",\"inLanguage\":\"pt-PT\",\"@id\":\"https:\/\/herbelegale.com\/#\/schema\/logo\/image\/\",\"url\":\"https:\/\/herbelegale.com\/wp-content\/uploads\/2023\/10\/logo-1.png\",\"contentUrl\":\"https:\/\/herbelegale.com\/wp-content\/uploads\/2023\/10\/logo-1.png\",\"width\":400,\"height\":120,\"caption\":\"Herbe L\u00e9gale\"},\"image\":{\"@id\":\"https:\/\/herbelegale.com\/#\/schema\/logo\/image\/\"}}]}<\/script>\n<!-- \/ Yoast SEO plugin. -->","yoast_head_json":{"title":"Acheter de fleur de cannabis - Herbe L\u00e9gale","description":"Acheter de fleur de cannabis, . Boutique de cannabis THC. acheter du hash. commander du hash en ligne, hash Achetez de l'herbe.","robots":{"index":"index","follow":"follow","max-snippet":"max-snippet:-1","max-image-preview":"max-image-preview:large","max-video-preview":"max-video-preview:-1"},"canonical":"https:\/\/herbelegale.com\/pt\/boutique\/","og_locale":"pt_PT","og_type":"article","og_title":"Acheter de fleur de cannabis - Herbe L\u00e9gale","og_description":"Acheter de fleur de cannabis, . Boutique de cannabis THC. acheter du hash. commander du hash en ligne, hash Achetez de l'herbe.","og_url":"https:\/\/herbelegale.com\/pt\/boutique\/","og_site_name":"Herbe L\u00e9gale","article_modified_time":"2023-10-25T09:25:49+00:00","og_image":[{"width":400,"height":120,"url":"https:\/\/herbelegale.com\/wp-content\/uploads\/2023\/10\/logo-1.png","type":"image\/png"}],"twitter_card":"summary_large_image","twitter_misc":{"Tempo estimado de leitura":"1 minute"},"schema":{"@context":"https:\/\/schema.org","@graph":[{"@type":"WebPage","@id":"https:\/\/herbelegale.com\/boutique\/","url":"https:\/\/herbelegale.com\/boutique\/","name":"Acheter de fleur de cannabis - Herbe L\u00e9gale","isPartOf":{"@id":"https:\/\/herbelegale.com\/#website"},"primaryImageOfPage":{"@id":"https:\/\/herbelegale.com\/boutique\/#primaryimage"},"image":{"@id":"https:\/\/herbelegale.com\/boutique\/#primaryimage"},"thumbnailUrl":"https:\/\/herbelegale.com\/wp-content\/uploads\/2023\/10\/logo-1.png","datePublished":"2022-02-22T23:42:26+00:00","dateModified":"2023-10-25T09:25:49+00:00","description":"Acheter de fleur de cannabis, . Boutique de cannabis THC. acheter du hash. commander du hash en ligne, hash Achetez de l'herbe.","breadcrumb":{"@id":"https:\/\/herbelegale.com\/boutique\/#breadcrumb"},"inLanguage":"pt-PT","potentialAction":[{"@type":"ReadAction","target":["https:\/\/herbelegale.com\/boutique\/"]}]},{"@type":"ImageObject","inLanguage":"pt-PT","@id":"https:\/\/herbelegale.com\/boutique\/#primaryimage","url":"https:\/\/herbelegale.com\/wp-content\/uploads\/2023\/10\/logo-1.png","contentUrl":"https:\/\/herbelegale.com\/wp-content\/uploads\/2023\/10\/logo-1.png","width":400,"height":120,"caption":"Herbe L\u00e9gale - Acheter de l'herbe en ligne"},{"@type":"BreadcrumbList","@id":"https:\/\/herbelegale.com\/boutique\/#breadcrumb","itemListElement":[{"@type":"ListItem","position":1,"name":"Home","item":"https:\/\/herbelegale.com\/"},{"@type":"ListItem","position":2,"name":"Boutique"}]},{"@type":"WebSite","@id":"https:\/\/herbelegale.com\/#website","url":"https:\/\/herbelegale.com\/","name":"Herbe L\u00e9gale","description":"Acheter de l&#039;herbe en ligne","publisher":{"@id":"https:\/\/herbelegale.com\/#organization"},"potentialAction":[{"@type":"SearchAction","target":{"@type":"EntryPoint","urlTemplate":"https:\/\/herbelegale.com\/?s={search_term_string}"},"query-input":{"@type":"PropertyValueSpecification","valueRequired":true,"valueName":"search_term_string"}}],"inLanguage":"pt-PT"},{"@type":"Organization","@id":"https:\/\/herbelegale.com\/#organization","name":"Herbe L\u00e9gale","url":"https:\/\/herbelegale.com\/","logo":{"@type":"ImageObject","inLanguage":"pt-PT","@id":"https:\/\/herbelegale.com\/#\/schema\/logo\/image\/","url":"https:\/\/herbelegale.com\/wp-content\/uploads\/2023\/10\/logo-1.png","contentUrl":"https:\/\/herbelegale.com\/wp-content\/uploads\/2023\/10\/logo-1.png","width":400,"height":120,"caption":"Herbe L\u00e9gale"},"image":{"@id":"https:\/\/herbelegale.com\/#\/schema\/logo\/image\/"}}]}},"_links":{"self":[{"href":"https:\/\/herbelegale.com\/pt\/wp-json\/wp\/v2\/pages\/5","targetHints":{"allow":["GET"]}}],"collection":[{"href":"https:\/\/herbelegale.com\/pt\/wp-json\/wp\/v2\/pages"}],"about":[{"href":"https:\/\/herbelegale.com\/pt\/wp-json\/wp\/v2\/types\/page"}],"author":[{"embeddable":true,"href":"https:\/\/herbelegale.com\/pt\/wp-json\/wp\/v2\/users\/1"}],"replies":[{"embeddable":true,"href":"https:\/\/herbelegale.com\/pt\/wp-json\/wp\/v2\/comments?post=5"}],"version-history":[{"count":0,"href":"https:\/\/herbelegale.com\/pt\/wp-json\/wp\/v2\/pages\/5\/revisions"}],"wp:featuredmedia":[{"embeddable":true,"href":"https:\/\/herbelegale.com\/pt\/wp-json\/wp\/v2\/media\/1673"}],"wp:attachment":[{"href":"https:\/\/herbelegale.com\/pt\/wp-json\/wp\/v2\/media?parent=5"}],"curies":[{"name":"wp","href":"https:\/\/api.w.org\/{rel}","templated":true}]}}