{"id":99,"date":"2023-09-22T11:06:08","date_gmt":"2023-09-22T11:06:08","guid":{"rendered":"https:\/\/nembutalhouse.com\/weed\/?post_type=product&#038;p=99"},"modified":"2025-07-21T11:17:36","modified_gmt":"2025-07-21T11:17:36","slug":"lemon-cherry-gelato","status":"publish","type":"product","link":"https:\/\/herbelegale.com\/pl\/product\/lemon-cherry-gelato\/","title":{"rendered":"Lody cytrynowo-wi\u015bniowe"},"content":{"rendered":"<h2><b>Kup lody cytrynowo-wi\u015bniowe online: Wykwintne po\u0142\u0105czenie smak\u00f3w i efekt\u00f3w<\/b><\/h2>\n<p><span style=\"font-weight: 400;\"><a href=\"https:\/\/herbelegale.com\/pl\/product\/lemon-cherry-gelato\/\">Lody cytrynowo-wi\u015bniowe<\/a> to hybryda z lekk\u0105 dominacj\u0105 Indica, powsta\u0142a ze skrzy\u017cowania Sunset Sherbet i Girl Scout Cookies. Dzi\u0119ki s\u0142odkim aromatom wi\u015bni i cytryny, uzupe\u0142nionym nutami \u015bwie\u017cych jag\u00f3d, ta odmiana oferuje wyj\u0105tkowe doznania smakowe. Zawarto\u015b\u0107 THC od 20% do 29% zapewnia relaksuj\u0105cy i euforyczny efekt, idealny na wiecz\u00f3r lub chwile relaksu.<\/span><\/p>\n<h3><b>Z farmy pod drzwi: rozw\u00f3j dostaw marihuany online<\/b><\/h3>\n<p>Sprzeda\u017c internetowa lod\u00f3w cytrynowo-wi\u015bniowych zyska\u0142a na popularno\u015bci ze wzgl\u0119du na wygod\u0119, jak\u0105 oferuje konsumentom. Bezpieczne platformy umo\u017cliwiaj\u0105 teraz <a href=\"https:\/\/en.wikipedia.org\/wiki\/Gelato\">zam\u00f3w lody cytrynowo-wi\u015bniowe online<\/a> dyskretnie, z szybk\u0105 dostaw\u0105.<\/p>\n<h3><b>Co wyr\u00f3\u017cnia lody Lemon Cherry Gelato?<\/b><\/h3>\n<ul>\n<li style=\"font-weight: 400;\" aria-level=\"1\"><b>Wygl\u0105d<\/b><span style=\"font-weight: 400;\"> :G\u0119ste p\u0105ki pokryte trichomami, w kolorze od zielonego do fioletowego.<\/span>&nbsp;<\/li>\n<li style=\"font-weight: 400;\" aria-level=\"1\"><b>Aromat<\/b><span style=\"font-weight: 400;\"> :S\u0142odka mieszanka cytryny i wi\u015bni z nut\u0105 \u015bwie\u017cych jag\u00f3d.<\/span>&nbsp;<\/li>\n<li style=\"font-weight: 400;\" aria-level=\"1\"><b>Smak<\/b><span style=\"font-weight: 400;\"> :Owocowy i s\u0142odki smak, przypominaj\u0105cy kremowe lody.<\/span>&nbsp;<\/li>\n<li style=\"font-weight: 400;\" aria-level=\"1\"><b>Efekty<\/b><span style=\"font-weight: 400;\"> :G\u0142\u0119boki relaks cia\u0142a, kt\u00f3remu towarzyszy uczucie lekkiej euforii<\/span>&nbsp;<\/li>\n<\/ul>\n<h3><b>5 najlepszych miejsc do kupienia lod\u00f3w cytrynowo-wi\u015bniowych online (z zaletami i wadami)<\/b><\/h3>\n<ol>\n<li style=\"font-weight: 400;\" aria-level=\"1\"><b>Perfekt plantemarked: <\/b>:Dost\u0119pno\u015b\u0107 ograniczona, w zale\u017cno\u015bci od regionu.&nbsp;<\/li>\n<li style=\"font-weight: 400;\" aria-level=\"1\"><b>NDBud : <\/b>Produkty testowane laboratoryjnie. Wymagana weryfikacja wieku.&nbsp;<\/li>\n<li style=\"font-weight: 400;\" aria-level=\"1\"><b>Get Bud Online USA : <\/b>Large s\u00e9lection de produits premium, <span style=\"font-weight: 400;\">Prix plus \u00e9lev\u00e9s que la moyenne.<\/span>&nbsp;<\/li>\n<li style=\"font-weight: 400;\" aria-level=\"1\"><b>IndaCloud: <\/b>Options de paiement flexibles, <span style=\"font-weight: 400;\">Certains produits en rupture de stock.<\/span>&nbsp;<\/li>\n<li style=\"font-weight: 400;\" aria-level=\"1\"><b>Laboratoria Frisco: <\/b>Livraison discr\u00e8te dans tous les \u00c9tats, <span style=\"font-weight: 400;\">Pas de livraison internationale.<\/span><\/li>\n<\/ol>\n<h3><b>Co sprawdzi\u0107 przed z\u0142o\u017ceniem zam\u00f3wienia<\/b><\/h3>\n<ul>\n<li style=\"font-weight: 400;\" aria-level=\"1\"><b>Warunki wysy\u0142ki<\/b><span style=\"font-weight: 400;\"> : Assurez-vous que l&#8217;emballage est discret et que la livraison est rapide.<\/span>&nbsp;<\/li>\n<li style=\"font-weight: 400;\" aria-level=\"1\"><b>Gwarancja \u015bwie\u017co\u015bci<\/b><span style=\"font-weight: 400;\"> : Aby zachowa\u0107 jako\u015b\u0107 produkt\u00f3w, nale\u017cy zadba\u0107 o ich prawid\u0142owe przechowywanie.<\/span>&nbsp;<\/li>\n<li style=\"font-weight: 400;\" aria-level=\"1\"><b>(4 opinie klient\u00f3w)<\/b><span style=\"font-weight: 400;\"> :Sprawd\u017a opinie innych konsument\u00f3w, aby oceni\u0107 jako\u015b\u0107 produktu.<\/span>&nbsp;<\/li>\n<li style=\"font-weight: 400;\" aria-level=\"1\"><b>Przejrzysto\u015b\u0107 sk\u0142adnik\u00f3w<\/b><span style=\"font-weight: 400;\"> :Upewnij si\u0119, \u017ce dost\u0119pne s\u0105 informacje na temat poziomu THC i terpen\u00f3w.<\/span>&nbsp;<\/li>\n<\/ul>\n<h3><b>Jak przechowywa\u0107 i delektowa\u0107 si\u0119 lodami cytrynowo-wi\u015bniowymi<\/b><\/h3>\n<ul>\n<li style=\"font-weight: 400;\" aria-level=\"1\"><b>Ochrona<\/b><span style=\"font-weight: 400;\"> :G\u0142\u00f3wki nale\u017cy przechowywa\u0107 w szczelnym s\u0142oiku, z dala od \u015bwiat\u0142a i wilgoci.<\/span>&nbsp;<\/li>\n<li style=\"font-weight: 400;\" aria-level=\"1\"><b>Konsumpcja<\/b><span style=\"font-weight: 400;\"> :Idealne na spokojny wiecz\u00f3r lub pobudzenie kreatywno\u015bci.<\/span>&nbsp;<\/li>\n<\/ul>\n<h3><b>Podsumowanie: Zaspok\u00f3j swoje pragnienie wysokiej jako\u015bci marihuany bez wychodzenia z domu<\/b><\/h3>\n<p>Lemon Cherry Gelato oferuje bogate doznania sensoryczne, \u0142\u0105cz\u0105c owocowe smaki z relaksuj\u0105cym dzia\u0142aniem. Dzi\u0119ki mo\u017cliwo\u015bci zakupu Lemon Cherry Gelato online, mo\u017cesz teraz cieszy\u0107 si\u0119 t\u0105 wyj\u0105tkow\u0105 odmian\u0105 w zaciszu w\u0142asnego domu.<\/p>","protected":false},"excerpt":{"rendered":"<p>Achetez Lemon Cherry Gelato en ligne : Un m\u00e9lange exquis de saveurs et d&rsquo;effets Lemon Cherry Gelato est une vari\u00e9t\u00e9 hybride l\u00e9g\u00e8rement domin\u00e9e par l&rsquo;Indica, n\u00e9e du croisement entre Sunset Sherbet et Girl Scout Cookies. Avec ses ar\u00f4mes sucr\u00e9s de cerise et de citron, accompagn\u00e9s de notes de baies fra\u00eeches, cette souche offre une exp\u00e9rience&#8230;<\/p>","protected":false},"featured_media":1447,"comment_status":"open","ping_status":"closed","template":"","meta":{"_kadence_starter_templates_imported_post":false,"_kad_post_transparent":"default","_kad_post_title":"","_kad_post_layout":"default","_kad_post_sidebar_id":"","_kad_post_content_style":"default","_kad_post_vertical_padding":"default","_kad_post_feature":"","_kad_post_feature_position":"","_kad_post_header":false,"_kad_post_footer":false,"_joinchat":[]},"product_brand":[],"product_cat":[17],"product_tag":[],"class_list":{"0":"post-99","1":"product","2":"type-product","3":"status-publish","4":"has-post-thumbnail","6":"product_cat-canabis-en-ligne","8":"first","9":"instock","10":"shipping-taxable","11":"purchasable","12":"product-type-variable","13":"entry","14":"content-bg","15":"loop-entry"},"yoast_head":"<!-- This site is optimized with the Yoast SEO plugin v23.5 - https:\/\/yoast.com\/wordpress\/plugins\/seo\/ -->\n<title>Achetez de la glace au citron et \u00e0 la cerise en ligne - Vente de glace au citron et \u00e0 la cerise en ligne<\/title>\n<meta name=\"description\" content=\"Vous recherchez des glaces au citron et \u00e0 la cerise de haute qualit\u00e9 \u00e0 vendre en ligne ? Herbelegale est un magasin leader o\u00f9 vous pouvez acheter des glaces au citron et \u00e0 la cerise en ligne au meilleur prix. Commandez maintenant avec une exp\u00e9dition discr\u00e8te !\" \/>\n<meta name=\"robots\" content=\"index, follow, max-snippet:-1, max-image-preview:large, max-video-preview:-1\" \/>\n<link rel=\"canonical\" href=\"https:\/\/herbelegale.com\/pl\/product\/lemon-cherry-gelato\/\" \/>\n<meta property=\"og:locale\" content=\"pl_PL\" \/>\n<meta property=\"og:type\" content=\"article\" \/>\n<meta property=\"og:title\" content=\"Achetez de la glace au citron et \u00e0 la cerise en ligne - Vente de glace au citron et \u00e0 la cerise en ligne\" \/>\n<meta property=\"og:description\" content=\"Vous recherchez des glaces au citron et \u00e0 la cerise de haute qualit\u00e9 \u00e0 vendre en ligne ? Herbelegale est un magasin leader o\u00f9 vous pouvez acheter des glaces au citron et \u00e0 la cerise en ligne au meilleur prix. Commandez maintenant avec une exp\u00e9dition discr\u00e8te !\" \/>\n<meta property=\"og:url\" content=\"https:\/\/herbelegale.com\/pl\/product\/lemon-cherry-gelato\/\" \/>\n<meta property=\"og:site_name\" content=\"Herbe L\u00e9gale\" \/>\n<meta property=\"article:modified_time\" content=\"2025-07-21T11:17:36+00:00\" \/>\n<meta property=\"og:image\" content=\"https:\/\/herbelegale.com\/wp-content\/uploads\/2023\/09\/Lemon-Cherry-Gelato.jpg\" \/>\n\t<meta property=\"og:image:width\" content=\"960\" \/>\n\t<meta property=\"og:image:height\" content=\"1280\" \/>\n\t<meta property=\"og:image:type\" content=\"image\/jpeg\" \/>\n<meta name=\"twitter:card\" content=\"summary_large_image\" \/>\n<meta name=\"twitter:label1\" content=\"Szacowany czas czytania\" \/>\n\t<meta name=\"twitter:data1\" content=\"3 minuty\" \/>\n<script type=\"application\/ld+json\" class=\"yoast-schema-graph\">{\"@context\":\"https:\/\/schema.org\",\"@graph\":[{\"@type\":\"WebPage\",\"@id\":\"https:\/\/herbelegale.com\/product\/lemon-cherry-gelato\/\",\"url\":\"https:\/\/herbelegale.com\/product\/lemon-cherry-gelato\/\",\"name\":\"Achetez de la glace au citron et \u00e0 la cerise en ligne - Vente de glace au citron et \u00e0 la cerise en ligne\",\"isPartOf\":{\"@id\":\"https:\/\/herbelegale.com\/#website\"},\"primaryImageOfPage\":{\"@id\":\"https:\/\/herbelegale.com\/product\/lemon-cherry-gelato\/#primaryimage\"},\"image\":{\"@id\":\"https:\/\/herbelegale.com\/product\/lemon-cherry-gelato\/#primaryimage\"},\"thumbnailUrl\":\"https:\/\/herbelegale.com\/wp-content\/uploads\/2023\/09\/Lemon-Cherry-Gelato.jpg\",\"datePublished\":\"2023-09-22T11:06:08+00:00\",\"dateModified\":\"2025-07-21T11:17:36+00:00\",\"description\":\"Vous recherchez des glaces au citron et \u00e0 la cerise de haute qualit\u00e9 \u00e0 vendre en ligne ? Herbelegale est un magasin leader o\u00f9 vous pouvez acheter des glaces au citron et \u00e0 la cerise en ligne au meilleur prix. Commandez maintenant avec une exp\u00e9dition discr\u00e8te !\",\"breadcrumb\":{\"@id\":\"https:\/\/herbelegale.com\/product\/lemon-cherry-gelato\/#breadcrumb\"},\"inLanguage\":\"pl-PL\",\"potentialAction\":[{\"@type\":\"ReadAction\",\"target\":[\"https:\/\/herbelegale.com\/product\/lemon-cherry-gelato\/\"]}]},{\"@type\":\"ImageObject\",\"inLanguage\":\"pl-PL\",\"@id\":\"https:\/\/herbelegale.com\/product\/lemon-cherry-gelato\/#primaryimage\",\"url\":\"https:\/\/herbelegale.com\/wp-content\/uploads\/2023\/09\/Lemon-Cherry-Gelato.jpg\",\"contentUrl\":\"https:\/\/herbelegale.com\/wp-content\/uploads\/2023\/09\/Lemon-Cherry-Gelato.jpg\",\"width\":960,\"height\":1280,\"caption\":\"Lemon Cherry Gelato\"},{\"@type\":\"BreadcrumbList\",\"@id\":\"https:\/\/herbelegale.com\/product\/lemon-cherry-gelato\/#breadcrumb\",\"itemListElement\":[{\"@type\":\"ListItem\",\"position\":1,\"name\":\"Home\",\"item\":\"https:\/\/herbelegale.com\/\"},{\"@type\":\"ListItem\",\"position\":2,\"name\":\"Boutique\",\"item\":\"https:\/\/herbelegale.com\/boutique\/\"},{\"@type\":\"ListItem\",\"position\":3,\"name\":\"Lemon Cherry Gelato\"}]},{\"@type\":\"WebSite\",\"@id\":\"https:\/\/herbelegale.com\/#website\",\"url\":\"https:\/\/herbelegale.com\/\",\"name\":\"Herbe L\u00e9gale\",\"description\":\"Acheter de l&#039;herbe en ligne\",\"publisher\":{\"@id\":\"https:\/\/herbelegale.com\/#organization\"},\"potentialAction\":[{\"@type\":\"SearchAction\",\"target\":{\"@type\":\"EntryPoint\",\"urlTemplate\":\"https:\/\/herbelegale.com\/?s={search_term_string}\"},\"query-input\":{\"@type\":\"PropertyValueSpecification\",\"valueRequired\":true,\"valueName\":\"search_term_string\"}}],\"inLanguage\":\"pl-PL\"},{\"@type\":\"Organization\",\"@id\":\"https:\/\/herbelegale.com\/#organization\",\"name\":\"Herbe L\u00e9gale\",\"url\":\"https:\/\/herbelegale.com\/\",\"logo\":{\"@type\":\"ImageObject\",\"inLanguage\":\"pl-PL\",\"@id\":\"https:\/\/herbelegale.com\/#\/schema\/logo\/image\/\",\"url\":\"https:\/\/herbelegale.com\/wp-content\/uploads\/2023\/10\/logo-1.png\",\"contentUrl\":\"https:\/\/herbelegale.com\/wp-content\/uploads\/2023\/10\/logo-1.png\",\"width\":400,\"height\":120,\"caption\":\"Herbe L\u00e9gale\"},\"image\":{\"@id\":\"https:\/\/herbelegale.com\/#\/schema\/logo\/image\/\"}}]}<\/script>\n<!-- \/ Yoast SEO plugin. -->","yoast_head_json":{"title":"Achetez de la glace au citron et \u00e0 la cerise en ligne - Vente de glace au citron et \u00e0 la cerise en ligne","description":"Vous recherchez des glaces au citron et \u00e0 la cerise de haute qualit\u00e9 \u00e0 vendre en ligne ? Herbelegale est un magasin leader o\u00f9 vous pouvez acheter des glaces au citron et \u00e0 la cerise en ligne au meilleur prix. Commandez maintenant avec une exp\u00e9dition discr\u00e8te !","robots":{"index":"index","follow":"follow","max-snippet":"max-snippet:-1","max-image-preview":"max-image-preview:large","max-video-preview":"max-video-preview:-1"},"canonical":"https:\/\/herbelegale.com\/pl\/product\/lemon-cherry-gelato\/","og_locale":"pl_PL","og_type":"article","og_title":"Achetez de la glace au citron et \u00e0 la cerise en ligne - Vente de glace au citron et \u00e0 la cerise en ligne","og_description":"Vous recherchez des glaces au citron et \u00e0 la cerise de haute qualit\u00e9 \u00e0 vendre en ligne ? Herbelegale est un magasin leader o\u00f9 vous pouvez acheter des glaces au citron et \u00e0 la cerise en ligne au meilleur prix. Commandez maintenant avec une exp\u00e9dition discr\u00e8te !","og_url":"https:\/\/herbelegale.com\/pl\/product\/lemon-cherry-gelato\/","og_site_name":"Herbe L\u00e9gale","article_modified_time":"2025-07-21T11:17:36+00:00","og_image":[{"width":960,"height":1280,"url":"https:\/\/herbelegale.com\/wp-content\/uploads\/2023\/09\/Lemon-Cherry-Gelato.jpg","type":"image\/jpeg"}],"twitter_card":"summary_large_image","twitter_misc":{"Szacowany czas czytania":"3 minuty"},"schema":{"@context":"https:\/\/schema.org","@graph":[{"@type":"WebPage","@id":"https:\/\/herbelegale.com\/product\/lemon-cherry-gelato\/","url":"https:\/\/herbelegale.com\/product\/lemon-cherry-gelato\/","name":"Achetez de la glace au citron et \u00e0 la cerise en ligne - Vente de glace au citron et \u00e0 la cerise en ligne","isPartOf":{"@id":"https:\/\/herbelegale.com\/#website"},"primaryImageOfPage":{"@id":"https:\/\/herbelegale.com\/product\/lemon-cherry-gelato\/#primaryimage"},"image":{"@id":"https:\/\/herbelegale.com\/product\/lemon-cherry-gelato\/#primaryimage"},"thumbnailUrl":"https:\/\/herbelegale.com\/wp-content\/uploads\/2023\/09\/Lemon-Cherry-Gelato.jpg","datePublished":"2023-09-22T11:06:08+00:00","dateModified":"2025-07-21T11:17:36+00:00","description":"Vous recherchez des glaces au citron et \u00e0 la cerise de haute qualit\u00e9 \u00e0 vendre en ligne ? Herbelegale est un magasin leader o\u00f9 vous pouvez acheter des glaces au citron et \u00e0 la cerise en ligne au meilleur prix. Commandez maintenant avec une exp\u00e9dition discr\u00e8te !","breadcrumb":{"@id":"https:\/\/herbelegale.com\/product\/lemon-cherry-gelato\/#breadcrumb"},"inLanguage":"pl-PL","potentialAction":[{"@type":"ReadAction","target":["https:\/\/herbelegale.com\/product\/lemon-cherry-gelato\/"]}]},{"@type":"ImageObject","inLanguage":"pl-PL","@id":"https:\/\/herbelegale.com\/product\/lemon-cherry-gelato\/#primaryimage","url":"https:\/\/herbelegale.com\/wp-content\/uploads\/2023\/09\/Lemon-Cherry-Gelato.jpg","contentUrl":"https:\/\/herbelegale.com\/wp-content\/uploads\/2023\/09\/Lemon-Cherry-Gelato.jpg","width":960,"height":1280,"caption":"Lemon Cherry Gelato"},{"@type":"BreadcrumbList","@id":"https:\/\/herbelegale.com\/product\/lemon-cherry-gelato\/#breadcrumb","itemListElement":[{"@type":"ListItem","position":1,"name":"Home","item":"https:\/\/herbelegale.com\/"},{"@type":"ListItem","position":2,"name":"Boutique","item":"https:\/\/herbelegale.com\/boutique\/"},{"@type":"ListItem","position":3,"name":"Lemon Cherry Gelato"}]},{"@type":"WebSite","@id":"https:\/\/herbelegale.com\/#website","url":"https:\/\/herbelegale.com\/","name":"Herbe L\u00e9gale","description":"Acheter de l&#039;herbe en ligne","publisher":{"@id":"https:\/\/herbelegale.com\/#organization"},"potentialAction":[{"@type":"SearchAction","target":{"@type":"EntryPoint","urlTemplate":"https:\/\/herbelegale.com\/?s={search_term_string}"},"query-input":{"@type":"PropertyValueSpecification","valueRequired":true,"valueName":"search_term_string"}}],"inLanguage":"pl-PL"},{"@type":"Organization","@id":"https:\/\/herbelegale.com\/#organization","name":"Herbe L\u00e9gale","url":"https:\/\/herbelegale.com\/","logo":{"@type":"ImageObject","inLanguage":"pl-PL","@id":"https:\/\/herbelegale.com\/#\/schema\/logo\/image\/","url":"https:\/\/herbelegale.com\/wp-content\/uploads\/2023\/10\/logo-1.png","contentUrl":"https:\/\/herbelegale.com\/wp-content\/uploads\/2023\/10\/logo-1.png","width":400,"height":120,"caption":"Herbe L\u00e9gale"},"image":{"@id":"https:\/\/herbelegale.com\/#\/schema\/logo\/image\/"}}]}},"_links":{"self":[{"href":"https:\/\/herbelegale.com\/pl\/wp-json\/wp\/v2\/product\/99","targetHints":{"allow":["GET"]}}],"collection":[{"href":"https:\/\/herbelegale.com\/pl\/wp-json\/wp\/v2\/product"}],"about":[{"href":"https:\/\/herbelegale.com\/pl\/wp-json\/wp\/v2\/types\/product"}],"replies":[{"embeddable":true,"href":"https:\/\/herbelegale.com\/pl\/wp-json\/wp\/v2\/comments?post=99"}],"wp:featuredmedia":[{"embeddable":true,"href":"https:\/\/herbelegale.com\/pl\/wp-json\/wp\/v2\/media\/1447"}],"wp:attachment":[{"href":"https:\/\/herbelegale.com\/pl\/wp-json\/wp\/v2\/media?parent=99"}],"wp:term":[{"taxonomy":"product_brand","embeddable":true,"href":"https:\/\/herbelegale.com\/pl\/wp-json\/wp\/v2\/product_brand?post=99"},{"taxonomy":"product_cat","embeddable":true,"href":"https:\/\/herbelegale.com\/pl\/wp-json\/wp\/v2\/product_cat?post=99"},{"taxonomy":"product_tag","embeddable":true,"href":"https:\/\/herbelegale.com\/pl\/wp-json\/wp\/v2\/product_tag?post=99"}],"curies":[{"name":"wp","href":"https:\/\/api.w.org\/{rel}","templated":true}]}}