{"id":98,"date":"2023-09-22T09:48:09","date_gmt":"2023-09-22T09:48:09","guid":{"rendered":"https:\/\/nembutalhouse.com\/weed\/?post_type=product&#038;p=98"},"modified":"2025-06-17T06:28:39","modified_gmt":"2025-06-17T06:28:39","slug":"white-trufflez","status":"publish","type":"product","link":"https:\/\/herbelegale.com\/pl\/product\/white-trufflez\/","title":{"rendered":"Bia\u0142a trufla"},"content":{"rendered":"<h2><b>Kup bia\u0142e trufle online: dlaczego ten produkt jest hitem<\/b><\/h2>\n<p><span style=\"font-weight: 400;\">Le <\/span><a href=\"https:\/\/herbelegale.com\/pl\/product\/white-trufflez\/\"><b>Bia\u0142a trufla<\/b><\/a><span style=\"font-weight: 400;\"> viittaa poikkeukselliseen tuotteeseen, olipa kyseess\u00e4 sitten tietty lajike, valkoisista tryffeleist\u00e4 valmistettu gourmet-tuote tai t\u00e4h\u00e4n arvokkaaseen makuun liittyv\u00e4 temaattinen tuote. Sen harvinaisuus, hienostunut maku ja ainutlaatuiset ominaisuudet selitt\u00e4v\u00e4t, miksi White Trufflez on yh\u00e4 kysytympi tuote, erityisesti internetiss\u00e4.<\/span><\/p>\n<p><span style=\"font-weight: 400;\">Obecnie <a href=\"https:\/\/en.wikipedia.org\/wiki\/Truffle\">Bia\u0142a trufla<\/a> jest trendem w Internecie, nap\u0119dzanym rosn\u0105cym popytem konsument\u00f3w na ekskluzywne produkty, autentyczno\u015b\u0107 i rzadkie smaki. Dlatego coraz wi\u0119cej os\u00f3b decyduje si\u0119 na <\/span><b>kup bia\u0142e trufle online<\/b><span style=\"font-weight: 400;\">.<\/span><\/p>\n<h3><b>Miksi ostaa White Trufflez netist\u00e4?<\/b><\/h3>\n<p><span style=\"font-weight: 400;\">Zam\u00f3wienie <\/span><b>Bia\u0142a trufla<\/b><span style=\"font-weight: 400;\"> Internet oferuje kilka kluczowych zalet:<\/span><\/p>\n<ul>\n<li style=\"font-weight: 400;\" aria-level=\"1\"><b>Dyskretna i ostro\u017cna dostawa<\/b><span style=\"font-weight: 400;\">, idealne do zachowania \u015bwie\u017co\u015bci i integralno\u015bci produktu.<\/span><span style=\"font-weight: 400;\">\n<p><\/span><\/li>\n<li style=\"font-weight: 400;\" aria-level=\"1\"><b>Options de livraison sp\u00e9cialis\u00e9es<\/b><span style=\"font-weight: 400;\"> nadaje si\u0119 do produkt\u00f3w delikatnych i gourmet.<\/span><span style=\"font-weight: 400;\">\n<p><\/span><\/li>\n<li style=\"font-weight: 400;\" aria-level=\"1\"><b>Large choix de vendeurs et acc\u00e8s \u00e0 des produits rares ou exclusifs<\/b><span style=\"font-weight: 400;\"> difficiles \u00e0 trouver en magasin.<\/span><span style=\"font-weight: 400;\">\n<p><\/span><\/li>\n<li style=\"font-weight: 400;\" aria-level=\"1\"><b>Confort d\u2019achat et gain de temps<\/b><span style=\"font-weight: 400;\">, avec possibilit\u00e9 de comparer facilement les offres et lire les avis clients.<\/span><span style=\"font-weight: 400;\">\n<p><\/span><\/li>\n<\/ul>\n<h3><b>Co sprawia, \u017ce produkt White Trufflez jest \u015bwietny?<\/b><\/h3>\n<p><span style=\"font-weight: 400;\">Un White Trufflez de qualit\u00e9 se caract\u00e9rise par :<\/span><\/p>\n<ul>\n<li style=\"font-weight: 400;\" aria-level=\"1\"><b>Une fra\u00eecheur irr\u00e9prochable<\/b><span style=\"font-weight: 400;\"> et un go\u00fbt authentique riche en nuances aromatiques.<\/span><span style=\"font-weight: 400;\">\n<p><\/span><\/li>\n<li style=\"font-weight: 400;\" aria-level=\"1\"><b>Une origine garantie<\/b><span style=\"font-weight: 400;\"> et une tra\u00e7abilit\u00e9 transparente du produit.<\/span><span style=\"font-weight: 400;\">\n<p><\/span><\/li>\n<li style=\"font-weight: 400;\" aria-level=\"1\"><b>Un emballage soign\u00e9<\/b><span style=\"font-weight: 400;\"> qui assure une conservation optimale.<\/span><span style=\"font-weight: 400;\">\n<p><\/span><\/li>\n<li style=\"font-weight: 400;\" aria-level=\"1\"><b>Des retours clients positifs<\/b><span style=\"font-weight: 400;\">, preuve de satisfaction et de constance dans la qualit\u00e9.<\/span><span style=\"font-weight: 400;\">\n<p><\/span><\/li>\n<\/ul>\n<h3><b>Najlepsze platformy do zamawiania bia\u0142ych trufli online<\/b><\/h3>\n<ul>\n<li style=\"font-weight: 400;\" aria-level=\"1\"><b>Boutiques sp\u00e9cialis\u00e9es dans les produits gastronomiques ou truffiers<\/b><span style=\"font-weight: 400;\"> avec garanties de qualit\u00e9.<\/span><span style=\"font-weight: 400;\">\n<p><\/span><\/li>\n<li style=\"font-weight: 400;\" aria-level=\"1\"><b>March\u00e9s en ligne r\u00e9put\u00e9s<\/b><span style=\"font-weight: 400;\"> offrant un large \u00e9ventail de produits et promotions.<\/span><span style=\"font-weight: 400;\">\n<p><\/span><\/li>\n<li style=\"font-weight: 400;\" aria-level=\"1\"><b>Sites d\u2019artisans et producteurs locaux<\/b><span style=\"font-weight: 400;\">, pour un contact direct et un produit authentique.<\/span><span style=\"font-weight: 400;\">\n<p><\/span><\/li>\n<li style=\"font-weight: 400;\" aria-level=\"1\"><b>Plateformes avec options de livraison rapide et conditionnement optimal<\/b><span style=\"font-weight: 400;\">.<\/span><span style=\"font-weight: 400;\">\n<p><\/span><\/li>\n<\/ul>\n<h3><b>Jak wybra\u0107 odpowiedni produkt lub sprzedawc\u0119?<\/b><\/h3>\n<ul>\n<li style=\"font-weight: 400;\" aria-level=\"1\"><span style=\"font-weight: 400;\">Consultez les <\/span><b>avis clients<\/b><span style=\"font-weight: 400;\"> et les notes pour \u00e9valuer la fiabilit\u00e9 du vendeur.<\/span><span style=\"font-weight: 400;\">\n<p><\/span><\/li>\n<li style=\"font-weight: 400;\" aria-level=\"1\"><span style=\"font-weight: 400;\">Comparez les <\/span><b>prix pour trouver un White Trufflez pas cher<\/b><span style=\"font-weight: 400;\"> tout en garantissant la qualit\u00e9.<\/span><span style=\"font-weight: 400;\">\n<p><\/span><\/li>\n<li style=\"font-weight: 400;\" aria-level=\"1\"><span style=\"font-weight: 400;\">V\u00e9rifiez les politiques de <\/span><b>retour et remboursement<\/b><span style=\"font-weight: 400;\"> en cas d\u2019insatisfaction.<\/span><span style=\"font-weight: 400;\">\n<p><\/span><\/li>\n<li style=\"font-weight: 400;\" aria-level=\"1\"><span style=\"font-weight: 400;\">Privil\u00e9giez les vendeurs transparents sur la provenance et les m\u00e9thodes de production.<\/span><span style=\"font-weight: 400;\">\n<p><\/span><\/li>\n<\/ul>\n<h3><b>Podsumowanie: Dlaczego warto spr\u00f3bowa\u0107 bia\u0142ych trufli<\/b><\/h3>\n<p><span style=\"font-weight: 400;\">Bia\u0142e Trufle to co\u015b wi\u0119cej ni\u017c tylko produkt: to ekskluzywne doznanie smakowe, kt\u00f3re zachwyci mi\u0142o\u015bnik\u00f3w wykwintnych i rzadkich smak\u00f3w. \u0141atwo zam\u00f3wi\u0107 je online, dzi\u0119ki czemu mo\u017cesz cieszy\u0107 si\u0119 produktem premium dostarczanym prosto do domu, bezpiecznie i prosto.<\/span><\/p>\n<p>&nbsp;<\/p>","protected":false},"excerpt":{"rendered":"<p>Acheter White Trufflez en ligne : Pourquoi ce produit fait sensation Le White Trufflez d\u00e9signe un produit d\u2019exception, qu\u2019il s\u2019agisse d\u2019une vari\u00e9t\u00e9 sp\u00e9cifique, d\u2019un produit gourmand \u00e0 base de truffe blanche, ou d\u2019un article th\u00e9matique li\u00e9 \u00e0 cette saveur pr\u00e9cieuse. Sa raret\u00e9, son go\u00fbt raffin\u00e9 et ses qualit\u00e9s uniques expliquent pourquoi le White Trufflez est&#8230;<\/p>","protected":false},"featured_media":1453,"comment_status":"open","ping_status":"closed","template":"","meta":{"_kadence_starter_templates_imported_post":false,"_kad_post_transparent":"default","_kad_post_title":"","_kad_post_layout":"default","_kad_post_sidebar_id":"","_kad_post_content_style":"default","_kad_post_vertical_padding":"default","_kad_post_feature":"","_kad_post_feature_position":"","_kad_post_header":false,"_kad_post_footer":false,"_joinchat":[]},"product_brand":[],"product_cat":[17],"product_tag":[],"class_list":{"0":"post-98","1":"product","2":"type-product","3":"status-publish","4":"has-post-thumbnail","6":"product_cat-canabis-en-ligne","8":"first","9":"instock","10":"shipping-taxable","11":"purchasable","12":"product-type-variable","13":"entry","14":"content-bg","15":"loop-entry"},"yoast_head":"<!-- This site is optimized with the Yoast SEO plugin v23.5 - https:\/\/yoast.com\/wordpress\/plugins\/seo\/ -->\n<title>Achetez des truffes blanches en ligne - des truffes blanches \u00e0 vendre<\/title>\n<meta name=\"description\" content=\"O\u00f9 acheter White Trufflez en ligne au meilleur prix ? Retrouvez White Trufflez de haute qualit\u00e9 en vente dans notre boutique en ligne s\u00e9curis\u00e9e, r\u00e9pondant \u00e0 vos besoins de recherche. Commandez maintenant !\" \/>\n<meta name=\"robots\" content=\"index, follow, max-snippet:-1, max-image-preview:large, max-video-preview:-1\" \/>\n<link rel=\"canonical\" href=\"https:\/\/herbelegale.com\/pl\/product\/white-trufflez\/\" \/>\n<meta property=\"og:locale\" content=\"pl_PL\" \/>\n<meta property=\"og:type\" content=\"article\" \/>\n<meta property=\"og:title\" content=\"Achetez des truffes blanches en ligne - des truffes blanches \u00e0 vendre\" \/>\n<meta property=\"og:description\" content=\"O\u00f9 acheter White Trufflez en ligne au meilleur prix ? Retrouvez White Trufflez de haute qualit\u00e9 en vente dans notre boutique en ligne s\u00e9curis\u00e9e, r\u00e9pondant \u00e0 vos besoins de recherche. Commandez maintenant !\" \/>\n<meta property=\"og:url\" content=\"https:\/\/herbelegale.com\/pl\/product\/white-trufflez\/\" \/>\n<meta property=\"og:site_name\" content=\"Herbe L\u00e9gale\" \/>\n<meta property=\"article:modified_time\" content=\"2025-06-17T06:28:39+00:00\" \/>\n<meta property=\"og:image\" content=\"https:\/\/herbelegale.com\/wp-content\/uploads\/2023\/09\/White-Trufflez.jpg\" \/>\n\t<meta property=\"og:image:width\" content=\"960\" \/>\n\t<meta property=\"og:image:height\" content=\"1280\" \/>\n\t<meta property=\"og:image:type\" content=\"image\/jpeg\" \/>\n<meta name=\"twitter:card\" content=\"summary_large_image\" \/>\n<meta name=\"twitter:label1\" content=\"Szacowany czas czytania\" \/>\n\t<meta name=\"twitter:data1\" content=\"2 minuty\" \/>\n<script type=\"application\/ld+json\" class=\"yoast-schema-graph\">{\"@context\":\"https:\/\/schema.org\",\"@graph\":[{\"@type\":\"WebPage\",\"@id\":\"https:\/\/herbelegale.com\/product\/white-trufflez\/\",\"url\":\"https:\/\/herbelegale.com\/product\/white-trufflez\/\",\"name\":\"Achetez des truffes blanches en ligne - des truffes blanches \u00e0 vendre\",\"isPartOf\":{\"@id\":\"https:\/\/herbelegale.com\/#website\"},\"primaryImageOfPage\":{\"@id\":\"https:\/\/herbelegale.com\/product\/white-trufflez\/#primaryimage\"},\"image\":{\"@id\":\"https:\/\/herbelegale.com\/product\/white-trufflez\/#primaryimage\"},\"thumbnailUrl\":\"https:\/\/herbelegale.com\/wp-content\/uploads\/2023\/09\/White-Trufflez.jpg\",\"datePublished\":\"2023-09-22T09:48:09+00:00\",\"dateModified\":\"2025-06-17T06:28:39+00:00\",\"description\":\"O\u00f9 acheter White Trufflez en ligne au meilleur prix ? Retrouvez White Trufflez de haute qualit\u00e9 en vente dans notre boutique en ligne s\u00e9curis\u00e9e, r\u00e9pondant \u00e0 vos besoins de recherche. Commandez maintenant !\",\"breadcrumb\":{\"@id\":\"https:\/\/herbelegale.com\/product\/white-trufflez\/#breadcrumb\"},\"inLanguage\":\"pl-PL\",\"potentialAction\":[{\"@type\":\"ReadAction\",\"target\":[\"https:\/\/herbelegale.com\/product\/white-trufflez\/\"]}]},{\"@type\":\"ImageObject\",\"inLanguage\":\"pl-PL\",\"@id\":\"https:\/\/herbelegale.com\/product\/white-trufflez\/#primaryimage\",\"url\":\"https:\/\/herbelegale.com\/wp-content\/uploads\/2023\/09\/White-Trufflez.jpg\",\"contentUrl\":\"https:\/\/herbelegale.com\/wp-content\/uploads\/2023\/09\/White-Trufflez.jpg\",\"width\":960,\"height\":1280,\"caption\":\"White Trufflez\"},{\"@type\":\"BreadcrumbList\",\"@id\":\"https:\/\/herbelegale.com\/product\/white-trufflez\/#breadcrumb\",\"itemListElement\":[{\"@type\":\"ListItem\",\"position\":1,\"name\":\"Home\",\"item\":\"https:\/\/herbelegale.com\/\"},{\"@type\":\"ListItem\",\"position\":2,\"name\":\"Boutique\",\"item\":\"https:\/\/herbelegale.com\/boutique\/\"},{\"@type\":\"ListItem\",\"position\":3,\"name\":\"White Trufflez\"}]},{\"@type\":\"WebSite\",\"@id\":\"https:\/\/herbelegale.com\/#website\",\"url\":\"https:\/\/herbelegale.com\/\",\"name\":\"Herbe L\u00e9gale\",\"description\":\"Acheter de l&#039;herbe en ligne\",\"publisher\":{\"@id\":\"https:\/\/herbelegale.com\/#organization\"},\"potentialAction\":[{\"@type\":\"SearchAction\",\"target\":{\"@type\":\"EntryPoint\",\"urlTemplate\":\"https:\/\/herbelegale.com\/?s={search_term_string}\"},\"query-input\":{\"@type\":\"PropertyValueSpecification\",\"valueRequired\":true,\"valueName\":\"search_term_string\"}}],\"inLanguage\":\"pl-PL\"},{\"@type\":\"Organization\",\"@id\":\"https:\/\/herbelegale.com\/#organization\",\"name\":\"Herbe L\u00e9gale\",\"url\":\"https:\/\/herbelegale.com\/\",\"logo\":{\"@type\":\"ImageObject\",\"inLanguage\":\"pl-PL\",\"@id\":\"https:\/\/herbelegale.com\/#\/schema\/logo\/image\/\",\"url\":\"https:\/\/herbelegale.com\/wp-content\/uploads\/2023\/10\/logo-1.png\",\"contentUrl\":\"https:\/\/herbelegale.com\/wp-content\/uploads\/2023\/10\/logo-1.png\",\"width\":400,\"height\":120,\"caption\":\"Herbe L\u00e9gale\"},\"image\":{\"@id\":\"https:\/\/herbelegale.com\/#\/schema\/logo\/image\/\"}}]}<\/script>\n<!-- \/ Yoast SEO plugin. -->","yoast_head_json":{"title":"Achetez des truffes blanches en ligne - des truffes blanches \u00e0 vendre","description":"O\u00f9 acheter White Trufflez en ligne au meilleur prix ? Retrouvez White Trufflez de haute qualit\u00e9 en vente dans notre boutique en ligne s\u00e9curis\u00e9e, r\u00e9pondant \u00e0 vos besoins de recherche. Commandez maintenant !","robots":{"index":"index","follow":"follow","max-snippet":"max-snippet:-1","max-image-preview":"max-image-preview:large","max-video-preview":"max-video-preview:-1"},"canonical":"https:\/\/herbelegale.com\/pl\/product\/white-trufflez\/","og_locale":"pl_PL","og_type":"article","og_title":"Achetez des truffes blanches en ligne - des truffes blanches \u00e0 vendre","og_description":"O\u00f9 acheter White Trufflez en ligne au meilleur prix ? Retrouvez White Trufflez de haute qualit\u00e9 en vente dans notre boutique en ligne s\u00e9curis\u00e9e, r\u00e9pondant \u00e0 vos besoins de recherche. Commandez maintenant !","og_url":"https:\/\/herbelegale.com\/pl\/product\/white-trufflez\/","og_site_name":"Herbe L\u00e9gale","article_modified_time":"2025-06-17T06:28:39+00:00","og_image":[{"width":960,"height":1280,"url":"https:\/\/herbelegale.com\/wp-content\/uploads\/2023\/09\/White-Trufflez.jpg","type":"image\/jpeg"}],"twitter_card":"summary_large_image","twitter_misc":{"Szacowany czas czytania":"2 minuty"},"schema":{"@context":"https:\/\/schema.org","@graph":[{"@type":"WebPage","@id":"https:\/\/herbelegale.com\/product\/white-trufflez\/","url":"https:\/\/herbelegale.com\/product\/white-trufflez\/","name":"Achetez des truffes blanches en ligne - des truffes blanches \u00e0 vendre","isPartOf":{"@id":"https:\/\/herbelegale.com\/#website"},"primaryImageOfPage":{"@id":"https:\/\/herbelegale.com\/product\/white-trufflez\/#primaryimage"},"image":{"@id":"https:\/\/herbelegale.com\/product\/white-trufflez\/#primaryimage"},"thumbnailUrl":"https:\/\/herbelegale.com\/wp-content\/uploads\/2023\/09\/White-Trufflez.jpg","datePublished":"2023-09-22T09:48:09+00:00","dateModified":"2025-06-17T06:28:39+00:00","description":"O\u00f9 acheter White Trufflez en ligne au meilleur prix ? Retrouvez White Trufflez de haute qualit\u00e9 en vente dans notre boutique en ligne s\u00e9curis\u00e9e, r\u00e9pondant \u00e0 vos besoins de recherche. Commandez maintenant !","breadcrumb":{"@id":"https:\/\/herbelegale.com\/product\/white-trufflez\/#breadcrumb"},"inLanguage":"pl-PL","potentialAction":[{"@type":"ReadAction","target":["https:\/\/herbelegale.com\/product\/white-trufflez\/"]}]},{"@type":"ImageObject","inLanguage":"pl-PL","@id":"https:\/\/herbelegale.com\/product\/white-trufflez\/#primaryimage","url":"https:\/\/herbelegale.com\/wp-content\/uploads\/2023\/09\/White-Trufflez.jpg","contentUrl":"https:\/\/herbelegale.com\/wp-content\/uploads\/2023\/09\/White-Trufflez.jpg","width":960,"height":1280,"caption":"White Trufflez"},{"@type":"BreadcrumbList","@id":"https:\/\/herbelegale.com\/product\/white-trufflez\/#breadcrumb","itemListElement":[{"@type":"ListItem","position":1,"name":"Home","item":"https:\/\/herbelegale.com\/"},{"@type":"ListItem","position":2,"name":"Boutique","item":"https:\/\/herbelegale.com\/boutique\/"},{"@type":"ListItem","position":3,"name":"White Trufflez"}]},{"@type":"WebSite","@id":"https:\/\/herbelegale.com\/#website","url":"https:\/\/herbelegale.com\/","name":"Herbe L\u00e9gale","description":"Acheter de l&#039;herbe en ligne","publisher":{"@id":"https:\/\/herbelegale.com\/#organization"},"potentialAction":[{"@type":"SearchAction","target":{"@type":"EntryPoint","urlTemplate":"https:\/\/herbelegale.com\/?s={search_term_string}"},"query-input":{"@type":"PropertyValueSpecification","valueRequired":true,"valueName":"search_term_string"}}],"inLanguage":"pl-PL"},{"@type":"Organization","@id":"https:\/\/herbelegale.com\/#organization","name":"Herbe L\u00e9gale","url":"https:\/\/herbelegale.com\/","logo":{"@type":"ImageObject","inLanguage":"pl-PL","@id":"https:\/\/herbelegale.com\/#\/schema\/logo\/image\/","url":"https:\/\/herbelegale.com\/wp-content\/uploads\/2023\/10\/logo-1.png","contentUrl":"https:\/\/herbelegale.com\/wp-content\/uploads\/2023\/10\/logo-1.png","width":400,"height":120,"caption":"Herbe L\u00e9gale"},"image":{"@id":"https:\/\/herbelegale.com\/#\/schema\/logo\/image\/"}}]}},"_links":{"self":[{"href":"https:\/\/herbelegale.com\/pl\/wp-json\/wp\/v2\/product\/98","targetHints":{"allow":["GET"]}}],"collection":[{"href":"https:\/\/herbelegale.com\/pl\/wp-json\/wp\/v2\/product"}],"about":[{"href":"https:\/\/herbelegale.com\/pl\/wp-json\/wp\/v2\/types\/product"}],"replies":[{"embeddable":true,"href":"https:\/\/herbelegale.com\/pl\/wp-json\/wp\/v2\/comments?post=98"}],"wp:featuredmedia":[{"embeddable":true,"href":"https:\/\/herbelegale.com\/pl\/wp-json\/wp\/v2\/media\/1453"}],"wp:attachment":[{"href":"https:\/\/herbelegale.com\/pl\/wp-json\/wp\/v2\/media?parent=98"}],"wp:term":[{"taxonomy":"product_brand","embeddable":true,"href":"https:\/\/herbelegale.com\/pl\/wp-json\/wp\/v2\/product_brand?post=98"},{"taxonomy":"product_cat","embeddable":true,"href":"https:\/\/herbelegale.com\/pl\/wp-json\/wp\/v2\/product_cat?post=98"},{"taxonomy":"product_tag","embeddable":true,"href":"https:\/\/herbelegale.com\/pl\/wp-json\/wp\/v2\/product_tag?post=98"}],"curies":[{"name":"wp","href":"https:\/\/api.w.org\/{rel}","templated":true}]}}