{"id":91,"date":"2023-09-22T09:42:34","date_gmt":"2023-09-22T09:42:34","guid":{"rendered":"https:\/\/nembutalhouse.com\/weed\/?post_type=product&#038;p=91"},"modified":"2025-06-14T11:09:23","modified_gmt":"2025-06-14T11:09:23","slug":"gelato-41","status":"publish","type":"product","link":"https:\/\/herbelegale.com\/pl\/product\/gelato-41\/","title":{"rendered":"Gelato 41"},"content":{"rendered":"<h2><b>Kup Gelato 41 online: Wyj\u0105tkowe doznania z marihuan\u0105 na wyci\u0105gni\u0119cie r\u0119ki<\/b><\/h2>\n<p><span style=\"font-weight: 400;\"><a href=\"https:\/\/herbelegale.com\/pl\/product\/gelato-41\/\">Gelato 41<\/a> to popularna hybrydowa odmiana konopi, powsta\u0142a ze skrzy\u017cowania Sunset Sherbet i Thin Mint Girl Scout Cookies. Jej rosn\u0105ca popularno\u015b\u0107 wynika ze zr\u00f3wnowa\u017conego dzia\u0142ania, bogatego profilu terpenowego i \u0142atwo\u015bci zakupu online. Dzi\u0119ki rozwojowi e-commerce, Gelato 41 mo\u017cna teraz kupi\u0107 online, co oferuje konsumentom niezr\u00f3wnan\u0105 wygod\u0119.<\/span><\/p>\n<h3><b>Rozw\u00f3j dostaw marihuany online: od targ\u00f3w rolniczych do dom\u00f3w<\/b><\/h3>\n<p><span style=\"font-weight: 400;\">Rozwijaj\u0105cy si\u0119 rynek konopi indyjskich umo\u017cliwi\u0142 konsumentom dost\u0119p do szerokiej gamy wysokiej jako\u015bci produkt\u00f3w bez wychodzenia z domu. Specjalistyczne platformy internetowe oferuj\u0105 szeroki wyb\u00f3r produkt\u00f3w, w tym Gelato 41, z dyskretn\u0105 i szybk\u0105 dostaw\u0105.<\/span><\/p>\n<h3><b>Dlaczego coraz wi\u0119cej os\u00f3b kupuje Gelato 41 online<\/b><\/h3>\n<ul>\n<li style=\"font-weight: 400;\" aria-level=\"1\"><b>Dost\u0119pno\u015b\u0107<\/b><span style=\"font-weight: 400;\"> :\u0141atwy dost\u0119p do szerokiej gamy produkt\u00f3w premium.<\/span><span style=\"font-weight: 400;\">\n<p><\/span><\/li>\n<li style=\"font-weight: 400;\" aria-level=\"1\"><b>Wygoda<\/b><span style=\"font-weight: 400;\"> :Dostawa bezpo\u015brednio do domu, eliminuj\u0105ca konieczno\u015b\u0107 udania si\u0119 do sklepu.<\/span><span style=\"font-weight: 400;\">\n<p><\/span><\/li>\n<li style=\"font-weight: 400;\" aria-level=\"1\"><b>Wyb\u00f3r<\/b><span style=\"font-weight: 400;\"> :Mo\u017cliwo\u015b\u0107 por\u00f3wnywania r\u00f3\u017cnych dostawc\u00f3w i produkt\u00f3w.<\/span><span style=\"font-weight: 400;\">\n<p><\/span><\/li>\n<\/ul>\n<h3><b>Co sprawia, \u017ce lody s\u0105 \u015bwietne 41<\/b><\/h3>\n<ul>\n<li style=\"font-weight: 400;\" aria-level=\"1\"><b>\u015awie\u017co\u015b\u0107<\/b><span style=\"font-weight: 400;\"> : G\u0119ste, \u017cywiczne p\u0105ki, bogate w trichomy.<\/span><span style=\"font-weight: 400;\">\n<p><\/span><\/li>\n<li style=\"font-weight: 400;\" aria-level=\"1\"><b>Aromat<\/b><span style=\"font-weight: 400;\"> :S\u0142odka mieszanka wanilii, jag\u00f3d i nut ziemistych.<\/span><span style=\"font-weight: 400;\">\n<p><\/span><\/li>\n<li style=\"font-weight: 400;\" aria-level=\"1\"><b>Efekty<\/b><span style=\"font-weight: 400;\"> :R\u00f3wnowaga mi\u0119dzy relaksem cia\u0142a i stymulacj\u0105 umys\u0142u, idealna na wiecz\u00f3r lub w celu pobudzenia kreatywno\u015bci.<\/span><span style=\"font-weight: 400;\">\n<p><\/span><\/li>\n<\/ul>\n<h3><b>5 najlepszych miejsc do kupienia Gelato 41 online (z zaletami i wadami)<\/b><\/h3>\n<ol>\n<li style=\"font-weight: 400;\" aria-level=\"1\"><b>Farmy prohibicji<\/b><b>\n<p><\/b><\/p>\n<ul>\n<li style=\"font-weight: 400;\" aria-level=\"2\"><i><span style=\"font-weight: 400;\">Korzy\u015bci<\/span><\/i><span style=\"font-weight: 400;\"> :Wysokiej jako\u015bci produkty, dyskretna wysy\u0142ka.<\/span><span style=\"font-weight: 400;\">\n<p><\/span><\/li>\n<li style=\"font-weight: 400;\" aria-level=\"2\"><i><span style=\"font-weight: 400;\">Wady<\/span><\/i><span style=\"font-weight: 400;\"> :Dost\u0119pno\u015b\u0107 ograniczona, w zale\u017cno\u015bci od regionu.<\/span><span style=\"font-weight: 400;\">\n<p><\/span><\/li>\n<\/ul>\n<\/li>\n<li style=\"font-weight: 400;\" aria-level=\"1\"><b>Alien Labs<\/b><b>\n<p><\/b><\/p>\n<ul>\n<li style=\"font-weight: 400;\" aria-level=\"2\"><i><span style=\"font-weight: 400;\">Korzy\u015bci<\/span><\/i><span style=\"font-weight: 400;\"> :Reputacja jako\u015bci, mocne efekty.<\/span><span style=\"font-weight: 400;\">\n<p><\/span><\/li>\n<li style=\"font-weight: 400;\" aria-level=\"2\"><i><span style=\"font-weight: 400;\">Wady<\/span><\/i><span style=\"font-weight: 400;\"> :Wy\u017csze ceny.<\/span><span style=\"font-weight: 400;\">\n<p><\/span><\/li>\n<\/ul>\n<\/li>\n<li style=\"font-weight: 400;\" aria-level=\"1\"><b>Connected Cannabis Co.<\/b><b>\n<p><\/b><\/p>\n<ul>\n<li style=\"font-weight: 400;\" aria-level=\"2\"><i><span style=\"font-weight: 400;\">Korzy\u015bci<\/span><\/i><span style=\"font-weight: 400;\"> : Produits prim\u00e9s, large gamme.<\/span><span style=\"font-weight: 400;\">\n<p><\/span><\/li>\n<li style=\"font-weight: 400;\" aria-level=\"2\"><i><span style=\"font-weight: 400;\">Wady<\/span><\/i><span style=\"font-weight: 400;\"> : N\u00e9cessite une v\u00e9rification d&rsquo;\u00e2ge.<\/span><span style=\"font-weight: 400;\">\n<p><\/span><\/li>\n<\/ul>\n<\/li>\n<li style=\"font-weight: 400;\" aria-level=\"1\"><b>Dr.Ganja<\/b><b>\n<p><\/b><\/p>\n<ul>\n<li style=\"font-weight: 400;\" aria-level=\"2\"><i><span style=\"font-weight: 400;\">Korzy\u015bci<\/span><\/i><span style=\"font-weight: 400;\"> : Livraison gratuite, large s\u00e9lection.<\/span><span style=\"font-weight: 400;\">\n<p><\/span><\/li>\n<li style=\"font-weight: 400;\" aria-level=\"2\"><i><span style=\"font-weight: 400;\">Wady<\/span><\/i><span style=\"font-weight: 400;\"> : Certaines options peuvent \u00eatre limit\u00e9es.<\/span><span style=\"font-weight: 400;\">\n<p><\/span><\/li>\n<\/ul>\n<\/li>\n<li style=\"font-weight: 400;\" aria-level=\"1\"><b>Budzburn<\/b><b>\n<p><\/b><\/p>\n<ul>\n<li style=\"font-weight: 400;\" aria-level=\"2\"><i><span style=\"font-weight: 400;\">Korzy\u015bci<\/span><\/i><span style=\"font-weight: 400;\"> : Produits biologiques, tests en laboratoire.<\/span><span style=\"font-weight: 400;\">\n<p><\/span><\/li>\n<li style=\"font-weight: 400;\" aria-level=\"2\"><i><span style=\"font-weight: 400;\">Wady<\/span><\/i><span style=\"font-weight: 400;\"> : Peut ne pas \u00eatre disponible dans toutes les r\u00e9gions.<\/span><span style=\"font-weight: 400;\">\n<p><\/span><\/li>\n<\/ul>\n<\/li>\n<\/ol>\n<h3><b>Na co zwr\u00f3ci\u0107 uwag\u0119 przed z\u0142o\u017ceniem zam\u00f3wienia<\/b><\/h3>\n<ul>\n<li style=\"font-weight: 400;\" aria-level=\"1\"><b>Warunki wysy\u0142ki<\/b><span style=\"font-weight: 400;\"> :Upewnij si\u0119, \u017ce dostawca oferuje dyskretn\u0105 i szybk\u0105 wysy\u0142k\u0119.<\/span><span style=\"font-weight: 400;\">\n<p><\/span><\/li>\n<li style=\"font-weight: 400;\" aria-level=\"1\"><b>Gwarancja \u015bwie\u017co\u015bci<\/b><span style=\"font-weight: 400;\"> :Sprawd\u017a zasady zwrot\u00f3w i reklamacji.<\/span><span style=\"font-weight: 400;\">\n<p><\/span><\/li>\n<li style=\"font-weight: 400;\" aria-level=\"1\"><b>Przejrzysto\u015b\u0107 sk\u0142adnik\u00f3w<\/b><span style=\"font-weight: 400;\"> :Poszukaj informacji na temat bada\u0144 laboratoryjnych i analizy terpen\u00f3w.<\/span><span style=\"font-weight: 400;\">\n<p><\/span><\/li>\n<\/ul>\n<h3><b>Jak przechowywa\u0107, podgrzewa\u0107 i delektowa\u0107 si\u0119 Gelato 41<\/b><\/h3>\n<ul>\n<li style=\"font-weight: 400;\" aria-level=\"1\"><b>Sk\u0142adowanie<\/b><span style=\"font-weight: 400;\"> Przechowywa\u0107 w ch\u0142odnym, ciemnym miejscu, w szczelnym pojemniku.<\/span><span style=\"font-weight: 400;\">\n<p><\/span><\/li>\n<li style=\"font-weight: 400;\" aria-level=\"1\"><b>Podgrzewanie<\/b><span style=\"font-weight: 400;\"> :Aby uzyska\u0107 najlepsze efekty, u\u017cyj dobrej jako\u015bci waporyzatora.<\/span><span style=\"font-weight: 400;\">\n<p><\/span><\/li>\n<li style=\"font-weight: 400;\" aria-level=\"1\"><b>Cieszy\u0107 si\u0119<\/b><span style=\"font-weight: 400;\"> :Rozkoszuj si\u0119 z\u0142o\u017conymi aromatami i zr\u00f3wnowa\u017conymi efektami Gelato 41.<\/span><span style=\"font-weight: 400;\">\n<p><\/span><\/li>\n<\/ul>\n<h3><b>Podsumowanie: Zaspok\u00f3j swoje pragnienie wysokiej jako\u015bci marihuany bez wychodzenia z domu<\/b><\/h3>\n<p><span style=\"font-weight: 400;\"><a href=\"https:\/\/en.wikipedia.org\/wiki\/Gelato\">Acheter Gelato 41 en ligne<\/a> Oferuje wyj\u0105tkow\u0105 wygod\u0119 i jako\u015b\u0107. Niezale\u017cnie od tego, czy jeste\u015b do\u015bwiadczonym konsumentem, czy nowicjuszem, ta hybrydowa odmiana oferuje przyjemne i zr\u00f3wnowa\u017cone doznania.<\/span><\/p>\n<h3><b>Ostatnie wskaz\u00f3wki dotycz\u0105ce bezpiecznych, legalnych i satysfakcjonuj\u0105cych zakup\u00f3w<\/b><\/h3>\n<ul>\n<li style=\"font-weight: 400;\" aria-level=\"1\"><b>Sprawd\u017a legalno\u015b\u0107<\/b><span style=\"font-weight: 400;\"> :Upewnij si\u0119, \u017ce zakup marihuany jest legalny w Twojej okolicy.<\/span><span style=\"font-weight: 400;\">\n<p><\/span><\/li>\n<li style=\"font-weight: 400;\" aria-level=\"1\"><b>Wybieraj renomowanych dostawc\u00f3w<\/b><span style=\"font-weight: 400;\"> :Wybieraj platformy o ugruntowanej renomie i dobrych opiniach.<\/span><span style=\"font-weight: 400;\">\n<p><\/span><\/li>\n<li style=\"font-weight: 400;\" aria-level=\"1\"><b>B\u0105d\u017a poinformowany<\/b><span style=\"font-weight: 400;\"> :Dowiedz si\u0119 wi\u0119cej o efektach i prawid\u0142owych dawkach.<\/span><\/li>\n<\/ul>","protected":false},"excerpt":{"rendered":"<p>Achetez Gelato 41 en ligne : Une exp\u00e9rience de cannabis haut de gamme \u00e0 port\u00e9e de clic Gelato 41 est une vari\u00e9t\u00e9 hybride de cannabis tr\u00e8s pris\u00e9e, n\u00e9e du croisement entre Sunset Sherbet et Thin Mint Girl Scout Cookies. Sa popularit\u00e9 croissante s&rsquo;explique par ses effets \u00e9quilibr\u00e9s, son profil terp\u00e9nique riche et sa facilit\u00e9 d&rsquo;achat&#8230;<\/p>","protected":false},"featured_media":1454,"comment_status":"open","ping_status":"closed","template":"","meta":{"_kadence_starter_templates_imported_post":false,"_kad_post_transparent":"default","_kad_post_title":"","_kad_post_layout":"default","_kad_post_sidebar_id":"","_kad_post_content_style":"default","_kad_post_vertical_padding":"default","_kad_post_feature":"","_kad_post_feature_position":"","_kad_post_header":false,"_kad_post_footer":false,"_joinchat":[]},"product_brand":[],"product_cat":[17],"product_tag":[],"class_list":{"0":"post-91","1":"product","2":"type-product","3":"status-publish","4":"has-post-thumbnail","6":"product_cat-canabis-en-ligne","8":"first","9":"instock","10":"shipping-taxable","11":"purchasable","12":"product-type-variable","13":"entry","14":"content-bg","15":"loop-entry"},"yoast_head":"<!-- This site is optimized with the Yoast SEO plugin v23.5 - https:\/\/yoast.com\/wordpress\/plugins\/seo\/ -->\n<title>Achetez Gelato 41 en ligne - Gelato 41 \u00e0 vendre<\/title>\n<meta name=\"description\" content=\"Vous pouvez acheter de la glace 41 en ligne aux meilleurs prix dans notre boutique en ligne. Nous proposons de la glace 41 bon march\u00e9 et de haute qualit\u00e9 \u00e0 la vente et proposons une livraison dans le monde entier. Vous pouvez commander \u00e0 tout moment et en tout lieu.\" \/>\n<meta name=\"robots\" content=\"index, follow, max-snippet:-1, max-image-preview:large, max-video-preview:-1\" \/>\n<link rel=\"canonical\" href=\"https:\/\/herbelegale.com\/pl\/product\/gelato-41\/\" \/>\n<meta property=\"og:locale\" content=\"pl_PL\" \/>\n<meta property=\"og:type\" content=\"article\" \/>\n<meta property=\"og:title\" content=\"Achetez Gelato 41 en ligne - Gelato 41 \u00e0 vendre\" \/>\n<meta property=\"og:description\" content=\"Vous pouvez acheter de la glace 41 en ligne aux meilleurs prix dans notre boutique en ligne. Nous proposons de la glace 41 bon march\u00e9 et de haute qualit\u00e9 \u00e0 la vente et proposons une livraison dans le monde entier. Vous pouvez commander \u00e0 tout moment et en tout lieu.\" \/>\n<meta property=\"og:url\" content=\"https:\/\/herbelegale.com\/pl\/product\/gelato-41\/\" \/>\n<meta property=\"og:site_name\" content=\"Herbe L\u00e9gale\" \/>\n<meta property=\"article:modified_time\" content=\"2025-06-14T11:09:23+00:00\" \/>\n<meta property=\"og:image\" content=\"https:\/\/herbelegale.com\/wp-content\/uploads\/2023\/09\/Gelato-41.jpg\" \/>\n\t<meta property=\"og:image:width\" content=\"960\" \/>\n\t<meta property=\"og:image:height\" content=\"1280\" \/>\n\t<meta property=\"og:image:type\" content=\"image\/jpeg\" \/>\n<meta name=\"twitter:card\" content=\"summary_large_image\" \/>\n<meta name=\"twitter:label1\" content=\"Szacowany czas czytania\" \/>\n\t<meta name=\"twitter:data1\" content=\"3 minuty\" \/>\n<script type=\"application\/ld+json\" class=\"yoast-schema-graph\">{\"@context\":\"https:\/\/schema.org\",\"@graph\":[{\"@type\":\"WebPage\",\"@id\":\"https:\/\/herbelegale.com\/product\/gelato-41\/\",\"url\":\"https:\/\/herbelegale.com\/product\/gelato-41\/\",\"name\":\"Achetez Gelato 41 en ligne - Gelato 41 \u00e0 vendre\",\"isPartOf\":{\"@id\":\"https:\/\/herbelegale.com\/#website\"},\"primaryImageOfPage\":{\"@id\":\"https:\/\/herbelegale.com\/product\/gelato-41\/#primaryimage\"},\"image\":{\"@id\":\"https:\/\/herbelegale.com\/product\/gelato-41\/#primaryimage\"},\"thumbnailUrl\":\"https:\/\/herbelegale.com\/wp-content\/uploads\/2023\/09\/Gelato-41.jpg\",\"datePublished\":\"2023-09-22T09:42:34+00:00\",\"dateModified\":\"2025-06-14T11:09:23+00:00\",\"description\":\"Vous pouvez acheter de la glace 41 en ligne aux meilleurs prix dans notre boutique en ligne. Nous proposons de la glace 41 bon march\u00e9 et de haute qualit\u00e9 \u00e0 la vente et proposons une livraison dans le monde entier. Vous pouvez commander \u00e0 tout moment et en tout lieu.\",\"breadcrumb\":{\"@id\":\"https:\/\/herbelegale.com\/product\/gelato-41\/#breadcrumb\"},\"inLanguage\":\"pl-PL\",\"potentialAction\":[{\"@type\":\"ReadAction\",\"target\":[\"https:\/\/herbelegale.com\/product\/gelato-41\/\"]}]},{\"@type\":\"ImageObject\",\"inLanguage\":\"pl-PL\",\"@id\":\"https:\/\/herbelegale.com\/product\/gelato-41\/#primaryimage\",\"url\":\"https:\/\/herbelegale.com\/wp-content\/uploads\/2023\/09\/Gelato-41.jpg\",\"contentUrl\":\"https:\/\/herbelegale.com\/wp-content\/uploads\/2023\/09\/Gelato-41.jpg\",\"width\":960,\"height\":1280,\"caption\":\"Gelato 41\"},{\"@type\":\"BreadcrumbList\",\"@id\":\"https:\/\/herbelegale.com\/product\/gelato-41\/#breadcrumb\",\"itemListElement\":[{\"@type\":\"ListItem\",\"position\":1,\"name\":\"Home\",\"item\":\"https:\/\/herbelegale.com\/\"},{\"@type\":\"ListItem\",\"position\":2,\"name\":\"Boutique\",\"item\":\"https:\/\/herbelegale.com\/boutique\/\"},{\"@type\":\"ListItem\",\"position\":3,\"name\":\"Gelato 41\"}]},{\"@type\":\"WebSite\",\"@id\":\"https:\/\/herbelegale.com\/#website\",\"url\":\"https:\/\/herbelegale.com\/\",\"name\":\"Herbe L\u00e9gale\",\"description\":\"Acheter de l&#039;herbe en ligne\",\"publisher\":{\"@id\":\"https:\/\/herbelegale.com\/#organization\"},\"potentialAction\":[{\"@type\":\"SearchAction\",\"target\":{\"@type\":\"EntryPoint\",\"urlTemplate\":\"https:\/\/herbelegale.com\/?s={search_term_string}\"},\"query-input\":{\"@type\":\"PropertyValueSpecification\",\"valueRequired\":true,\"valueName\":\"search_term_string\"}}],\"inLanguage\":\"pl-PL\"},{\"@type\":\"Organization\",\"@id\":\"https:\/\/herbelegale.com\/#organization\",\"name\":\"Herbe L\u00e9gale\",\"url\":\"https:\/\/herbelegale.com\/\",\"logo\":{\"@type\":\"ImageObject\",\"inLanguage\":\"pl-PL\",\"@id\":\"https:\/\/herbelegale.com\/#\/schema\/logo\/image\/\",\"url\":\"https:\/\/herbelegale.com\/wp-content\/uploads\/2023\/10\/logo-1.png\",\"contentUrl\":\"https:\/\/herbelegale.com\/wp-content\/uploads\/2023\/10\/logo-1.png\",\"width\":400,\"height\":120,\"caption\":\"Herbe L\u00e9gale\"},\"image\":{\"@id\":\"https:\/\/herbelegale.com\/#\/schema\/logo\/image\/\"}}]}<\/script>\n<!-- \/ Yoast SEO plugin. -->","yoast_head_json":{"title":"Achetez Gelato 41 en ligne - Gelato 41 \u00e0 vendre","description":"Vous pouvez acheter de la glace 41 en ligne aux meilleurs prix dans notre boutique en ligne. Nous proposons de la glace 41 bon march\u00e9 et de haute qualit\u00e9 \u00e0 la vente et proposons une livraison dans le monde entier. Vous pouvez commander \u00e0 tout moment et en tout lieu.","robots":{"index":"index","follow":"follow","max-snippet":"max-snippet:-1","max-image-preview":"max-image-preview:large","max-video-preview":"max-video-preview:-1"},"canonical":"https:\/\/herbelegale.com\/pl\/product\/gelato-41\/","og_locale":"pl_PL","og_type":"article","og_title":"Achetez Gelato 41 en ligne - Gelato 41 \u00e0 vendre","og_description":"Vous pouvez acheter de la glace 41 en ligne aux meilleurs prix dans notre boutique en ligne. Nous proposons de la glace 41 bon march\u00e9 et de haute qualit\u00e9 \u00e0 la vente et proposons une livraison dans le monde entier. Vous pouvez commander \u00e0 tout moment et en tout lieu.","og_url":"https:\/\/herbelegale.com\/pl\/product\/gelato-41\/","og_site_name":"Herbe L\u00e9gale","article_modified_time":"2025-06-14T11:09:23+00:00","og_image":[{"width":960,"height":1280,"url":"https:\/\/herbelegale.com\/wp-content\/uploads\/2023\/09\/Gelato-41.jpg","type":"image\/jpeg"}],"twitter_card":"summary_large_image","twitter_misc":{"Szacowany czas czytania":"3 minuty"},"schema":{"@context":"https:\/\/schema.org","@graph":[{"@type":"WebPage","@id":"https:\/\/herbelegale.com\/product\/gelato-41\/","url":"https:\/\/herbelegale.com\/product\/gelato-41\/","name":"Achetez Gelato 41 en ligne - Gelato 41 \u00e0 vendre","isPartOf":{"@id":"https:\/\/herbelegale.com\/#website"},"primaryImageOfPage":{"@id":"https:\/\/herbelegale.com\/product\/gelato-41\/#primaryimage"},"image":{"@id":"https:\/\/herbelegale.com\/product\/gelato-41\/#primaryimage"},"thumbnailUrl":"https:\/\/herbelegale.com\/wp-content\/uploads\/2023\/09\/Gelato-41.jpg","datePublished":"2023-09-22T09:42:34+00:00","dateModified":"2025-06-14T11:09:23+00:00","description":"Vous pouvez acheter de la glace 41 en ligne aux meilleurs prix dans notre boutique en ligne. Nous proposons de la glace 41 bon march\u00e9 et de haute qualit\u00e9 \u00e0 la vente et proposons une livraison dans le monde entier. Vous pouvez commander \u00e0 tout moment et en tout lieu.","breadcrumb":{"@id":"https:\/\/herbelegale.com\/product\/gelato-41\/#breadcrumb"},"inLanguage":"pl-PL","potentialAction":[{"@type":"ReadAction","target":["https:\/\/herbelegale.com\/product\/gelato-41\/"]}]},{"@type":"ImageObject","inLanguage":"pl-PL","@id":"https:\/\/herbelegale.com\/product\/gelato-41\/#primaryimage","url":"https:\/\/herbelegale.com\/wp-content\/uploads\/2023\/09\/Gelato-41.jpg","contentUrl":"https:\/\/herbelegale.com\/wp-content\/uploads\/2023\/09\/Gelato-41.jpg","width":960,"height":1280,"caption":"Gelato 41"},{"@type":"BreadcrumbList","@id":"https:\/\/herbelegale.com\/product\/gelato-41\/#breadcrumb","itemListElement":[{"@type":"ListItem","position":1,"name":"Home","item":"https:\/\/herbelegale.com\/"},{"@type":"ListItem","position":2,"name":"Boutique","item":"https:\/\/herbelegale.com\/boutique\/"},{"@type":"ListItem","position":3,"name":"Gelato 41"}]},{"@type":"WebSite","@id":"https:\/\/herbelegale.com\/#website","url":"https:\/\/herbelegale.com\/","name":"Herbe L\u00e9gale","description":"Acheter de l&#039;herbe en ligne","publisher":{"@id":"https:\/\/herbelegale.com\/#organization"},"potentialAction":[{"@type":"SearchAction","target":{"@type":"EntryPoint","urlTemplate":"https:\/\/herbelegale.com\/?s={search_term_string}"},"query-input":{"@type":"PropertyValueSpecification","valueRequired":true,"valueName":"search_term_string"}}],"inLanguage":"pl-PL"},{"@type":"Organization","@id":"https:\/\/herbelegale.com\/#organization","name":"Herbe L\u00e9gale","url":"https:\/\/herbelegale.com\/","logo":{"@type":"ImageObject","inLanguage":"pl-PL","@id":"https:\/\/herbelegale.com\/#\/schema\/logo\/image\/","url":"https:\/\/herbelegale.com\/wp-content\/uploads\/2023\/10\/logo-1.png","contentUrl":"https:\/\/herbelegale.com\/wp-content\/uploads\/2023\/10\/logo-1.png","width":400,"height":120,"caption":"Herbe L\u00e9gale"},"image":{"@id":"https:\/\/herbelegale.com\/#\/schema\/logo\/image\/"}}]}},"_links":{"self":[{"href":"https:\/\/herbelegale.com\/pl\/wp-json\/wp\/v2\/product\/91","targetHints":{"allow":["GET"]}}],"collection":[{"href":"https:\/\/herbelegale.com\/pl\/wp-json\/wp\/v2\/product"}],"about":[{"href":"https:\/\/herbelegale.com\/pl\/wp-json\/wp\/v2\/types\/product"}],"replies":[{"embeddable":true,"href":"https:\/\/herbelegale.com\/pl\/wp-json\/wp\/v2\/comments?post=91"}],"wp:featuredmedia":[{"embeddable":true,"href":"https:\/\/herbelegale.com\/pl\/wp-json\/wp\/v2\/media\/1454"}],"wp:attachment":[{"href":"https:\/\/herbelegale.com\/pl\/wp-json\/wp\/v2\/media?parent=91"}],"wp:term":[{"taxonomy":"product_brand","embeddable":true,"href":"https:\/\/herbelegale.com\/pl\/wp-json\/wp\/v2\/product_brand?post=91"},{"taxonomy":"product_cat","embeddable":true,"href":"https:\/\/herbelegale.com\/pl\/wp-json\/wp\/v2\/product_cat?post=91"},{"taxonomy":"product_tag","embeddable":true,"href":"https:\/\/herbelegale.com\/pl\/wp-json\/wp\/v2\/product_tag?post=91"}],"curies":[{"name":"wp","href":"https:\/\/api.w.org\/{rel}","templated":true}]}}