{"id":58,"date":"2023-09-22T08:57:00","date_gmt":"2023-09-22T08:57:00","guid":{"rendered":"https:\/\/nembutalhouse.com\/weed\/?post_type=product&#038;p=58"},"modified":"2025-06-14T11:08:27","modified_gmt":"2025-06-14T11:08:27","slug":"cherry-pie","status":"publish","type":"product","link":"https:\/\/herbelegale.com\/pl\/product\/cherry-pie\/","title":{"rendered":"Ciasto wi\u015bniowe"},"content":{"rendered":"<h2><b>Kup tart\u0119 <\/b><span style=\"font-weight: 400;\">Ciasto wi\u015bniowe<\/span><b> Online: Dlaczego ten klasyk jest tak popularny<\/b><\/h2>\n<p><a href=\"https:\/\/herbelegale.com\/pl\/product\/cherry-pie\/\"><span style=\"font-weight: 400;\">La <\/span><b>ciasto wi\u015bniowe<\/b><\/a><span style=\"font-weight: 400;\"> To tradycyjne ciasto cenione za chrupi\u0105c\u0105 sk\u00f3rk\u0119 i pyszny owocowy \u015brodek, hojnie wype\u0142niony \u015bwie\u017cymi lub galaretowanymi wi\u015bniami. Ten klasyczny deser trafia w gusta mi\u0142o\u015bnik\u00f3w s\u0142odko\u015bci dzi\u0119ki idealnemu po\u0142\u0105czeniu naturalnej kwaskowato\u015bci i s\u0142odkiej s\u0142odyczy. Dzi\u015b ciasto wi\u015bniowe prze\u017cywa renesans online, staj\u0105c si\u0119 modnym produktem na zam\u00f3wienie.<\/span><\/p>\n<p><span style=\"font-weight: 400;\">Ten sukces w Internecie t\u0142umaczy si\u0119 rosn\u0105cym zainteresowaniem \u0142atwo dost\u0119pnymi produktami rzemie\u015blniczymi oraz wzrostem liczby zakup\u00f3w delikatesowych za po\u015brednictwem platform cyfrowych, oferuj\u0105cych smaczne doznania bez wychodzenia z domu.<\/span><\/p>\n<h3><b>Dlaczego warto kupi\u0107 ciasto wi\u015bniowe online?<\/b><\/h3>\n<p><span style=\"font-weight: 400;\">Kup <\/span><a href=\"https:\/\/en.wikipedia.org\/wiki\/Cherry_pie\"><b>tarte aux cerises en ligne<\/b><\/a><span style=\"font-weight: 400;\"> ma wiele zalet:<\/span><\/p>\n<ul>\n<li style=\"font-weight: 400;\" aria-level=\"1\"><b>Dyskretna i bezpieczna dostawa<\/b><span style=\"font-weight: 400;\"> :Twoje zam\u00f3wienie zostanie dostarczone bezpo\u015brednio do Ciebie w starannie zapakowanym opakowaniu, co gwarantuje \u015bwie\u017co\u015b\u0107 i poufno\u015b\u0107.<\/span>&nbsp;<\/li>\n<li style=\"font-weight: 400;\" aria-level=\"1\"><b>Facilit\u00e9 et confort<\/b><span style=\"font-weight: 400;\"> :Nie ma potrzeby doje\u017cd\u017ca\u0107 ani czeka\u0107, ciasto zostanie dostarczone prosto pod Twoje drzwi.<\/span>&nbsp;<\/li>\n<li style=\"font-weight: 400;\" aria-level=\"1\"><b>Acc\u00e8s \u00e0 des produits rares ou artisanaux<\/b><span style=\"font-weight: 400;\"> :Mo\u017cesz wybiera\u0107 spo\u015br\u00f3d wypiek\u00f3w rzemie\u015blniczych, kt\u00f3rych cz\u0119sto nie znajdziesz w sklepach w Twojej okolicy.<\/span>&nbsp;<\/li>\n<\/ul>\n<h3><b>Co sprawia, \u017ce ciasto wi\u015bniowe jest wy\u015bmienite?<\/b><\/h3>\n<p><span style=\"font-weight: 400;\">Aby cieszy\u0107 si\u0119 wysokiej jako\u015bci ciastem wi\u015bniowym, nale\u017cy spe\u0142ni\u0107 nast\u0119puj\u0105ce podstawowe kryteria:<\/span><\/p>\n<ul>\n<li style=\"font-weight: 400;\" aria-level=\"1\"><b>\u015awie\u017co\u015b\u0107<\/b><span style=\"font-weight: 400;\"> :\u015awie\u017ce ciasto, obfite nadzienie przygotowane z sezonowych wi\u015bni.<\/span>&nbsp;<\/li>\n<li style=\"font-weight: 400;\" aria-level=\"1\"><b>Texture<\/b><span style=\"font-weight: 400;\"> :Chrupi\u0105ce i mi\u0119kkie ciasto jednocze\u015bnie, z soczystym i lekko kwaskowatym nadzieniem.<\/span>&nbsp;<\/li>\n<li style=\"font-weight: 400;\" aria-level=\"1\"><b>Go\u00fbt naturel<\/b><span style=\"font-weight: 400;\"> :U\u017cywamy prawdziwych wi\u015bni, bez sztucznych aromat\u00f3w.<\/span>&nbsp;<\/li>\n<li style=\"font-weight: 400;\" aria-level=\"1\"><b>Aspekt wizualny<\/b><span style=\"font-weight: 400;\"> :Z\u0142ocisty, apetyczny i elegancki tort.<\/span>&nbsp;<\/li>\n<\/ul>\n<h3><b>Najlepsze platformy do zamawiania ciasta wi\u015bniowego online<\/b><\/h3>\n<p><span style=\"font-weight: 400;\">Oto kilka uznanych platform, na kt\u00f3rych mo\u017cesz <\/span><b>acheter une tarte aux cerises en ligne<\/b><span style=\"font-weight: 400;\"> :<\/span><\/p>\n<ul>\n<li style=\"font-weight: 400;\" aria-level=\"1\"><b>P\u00e2tisserie Fine<\/b><span style=\"font-weight: 400;\"> :Specjalizujemy si\u0119 w rzemie\u015blniczych wypiekach, zapewniamy szybk\u0105 i starann\u0105 wysy\u0142k\u0119.<\/span>&nbsp;<\/li>\n<li style=\"font-weight: 400;\" aria-level=\"1\"><b>Gourmet Market<\/b><span style=\"font-weight: 400;\"> :Szeroki wyb\u00f3r tradycyjnych i nowoczesnych deser\u00f3w.<\/span>&nbsp;<\/li>\n<li style=\"font-weight: 400;\" aria-level=\"1\"><b>Etsy (Artisanat P\u00e2tissier)<\/b><span style=\"font-weight: 400;\"> :Ma\u0142e, r\u0119cznie robione i dostosowywane serie.<\/span>&nbsp;<\/li>\n<li style=\"font-weight: 400;\" aria-level=\"1\"><b>Box P\u00e2tisserie<\/b><span style=\"font-weight: 400;\"> :Miesi\u0119czna subskrypcja z sezonowymi ofertami.<\/span>&nbsp;<\/li>\n<li style=\"font-weight: 400;\" aria-level=\"1\"><b>Boulangeries Locales avec livraison<\/b><span style=\"font-weight: 400;\"> :Przyst\u0119pne ceny i gwarantowana blisko\u015b\u0107.<\/span>&nbsp;<\/li>\n<\/ul>\n<h3><b>Jak wybra\u0107 odpowiedni produkt lub sprzedawc\u0119?<\/b><\/h3>\n<p><span style=\"font-weight: 400;\">Zanim zam\u00f3wisz ciasto wi\u015bniowe, pami\u0119taj, aby:<\/span><\/p>\n<ul>\n<li style=\"font-weight: 400;\" aria-level=\"1\"><b>V\u00e9rifier les conditions de livraison<\/b><span style=\"font-weight: 400;\"> :Opakowanie izolowane lub ch\u0142odne zapewniaj\u0105ce \u015bwie\u017co\u015b\u0107.<\/span>&nbsp;<\/li>\n<li style=\"font-weight: 400;\" aria-level=\"1\"><b>Consulter les avis clients<\/b><span style=\"font-weight: 400;\"> :Autentyczne opinie na temat smaku, konsystencji i szybko\u015bci dostawy.<\/span>&nbsp;<\/li>\n<li style=\"font-weight: 400;\" aria-level=\"1\"><b>Rechercher la transparence<\/b><span style=\"font-weight: 400;\"> :Naturalne sk\u0142adniki i bez konserwant\u00f3w chemicznych.<\/span>&nbsp;<\/li>\n<li style=\"font-weight: 400;\" aria-level=\"1\"><b>S\u2019assurer d\u2019une politique de satisfaction<\/b><span style=\"font-weight: 400;\"> :Gwarancja zwrotu pieni\u0119dzy lub wymiany, je\u015bli produkt nie b\u0119dzie Ci odpowiada\u0142.<\/span>&nbsp;<\/li>\n<\/ul>\n<h3><b>Podsumowanie: Dlaczego warto spr\u00f3bowa\u0107 ciasta wi\u015bniowego i gdzie je kupi\u0107<\/b><\/h3>\n<p><span style=\"font-weight: 400;\">La <\/span><b>ciasto wi\u015bniowe<\/b><span style=\"font-weight: 400;\"> to deser, kt\u00f3ry przypadnie do gustu wszystkim pokoleniom, idealny na chwil\u0119 autentycznej s\u0142odyczy. Dzi\u0119ki mo\u017cliwo\u015bci<\/span><b>acheter des tartes aux cerises en ligne<\/b><span style=\"font-weight: 400;\">Mo\u017cesz cieszy\u0107 si\u0119 tym przysmakiem gdziekolwiek jeste\u015b, z gwarancj\u0105 produktu wysokiej jako\u015bci, \u015bwie\u017cego i dostarczonego do Twojego domu.<\/span><\/p>\n<p><span style=\"font-weight: 400;\">Dla <\/span><b>prix abordable<\/b><span style=\"font-weight: 400;\">, bez kompromis\u00f3w w kwestii smaku, teraz jest <\/span><b>najlepsze miejsce do kupienia ciasta wi\u015bniowego online<\/b><span style=\"font-weight: 400;\"> kt\u00f3ry zaspokoi Tw\u00f3j apetyt na s\u0142odycze.<\/span><\/p>\n<h3><b>Ostatnie wskaz\u00f3wki dotycz\u0105ce udanych i bezpiecznych zakup\u00f3w online:<\/b><\/h3>\n<ul>\n<li style=\"font-weight: 400;\" aria-level=\"1\"><span style=\"font-weight: 400;\">Wybieraj witryny wiarygodne i renomowane.<\/span>&nbsp;<\/li>\n<li style=\"font-weight: 400;\" aria-level=\"1\"><span style=\"font-weight: 400;\">Sprawd\u017a zgodno\u015b\u0107 produkt\u00f3w z przepisami prawnymi.<\/span>&nbsp;<\/li>\n<li style=\"font-weight: 400;\" aria-level=\"1\"><span style=\"font-weight: 400;\">Gwarantujemy szybk\u0105 i dyskretn\u0105 dostaw\u0119.<\/span>&nbsp;<\/li>\n<\/ul>","protected":false},"excerpt":{"rendered":"<p>Acheter une Tarte aux Cherry Pie en Ligne : Pourquoi ce Classique est si Pris\u00e9 La tarte aux cerises est une p\u00e2tisserie traditionnelle appr\u00e9ci\u00e9e pour sa p\u00e2te croustillante et son d\u00e9licieux c\u0153ur fruit\u00e9, g\u00e9n\u00e9reusement garni de cerises fra\u00eeches ou g\u00e9lifi\u00e9es. Ce dessert classique s\u00e9duit les amateurs de douceurs gr\u00e2ce \u00e0 son \u00e9quilibre parfait entre acidit\u00e9&#8230;<\/p>","protected":false},"featured_media":366,"comment_status":"open","ping_status":"closed","template":"","meta":{"_kadence_starter_templates_imported_post":false,"_kad_post_transparent":"default","_kad_post_title":"","_kad_post_layout":"default","_kad_post_sidebar_id":"","_kad_post_content_style":"default","_kad_post_vertical_padding":"default","_kad_post_feature":"","_kad_post_feature_position":"","_kad_post_header":false,"_kad_post_footer":false,"_joinchat":[]},"product_brand":[],"product_cat":[17],"product_tag":[],"class_list":{"0":"post-58","1":"product","2":"type-product","3":"status-publish","4":"has-post-thumbnail","6":"product_cat-canabis-en-ligne","8":"first","9":"instock","10":"shipping-taxable","11":"purchasable","12":"product-type-variable","13":"entry","14":"content-bg","15":"loop-entry"},"yoast_head":"<!-- This site is optimized with the Yoast SEO plugin v23.5 - https:\/\/yoast.com\/wordpress\/plugins\/seo\/ -->\n<title>Tarte aux cerises \u00e0 vendre - Achetez une tarte aux cerises en ligne - Commandez une tarte aux cerises<\/title>\n<meta name=\"description\" content=\"Vous pouvez d\u00e9sormais vous procurer Cherry Pie en vente dans notre meilleur magasin herbelegale. Notre personnel vous aidera \u00e0 acheter Cherry Pie en ligne aux meilleurs prix.\" \/>\n<meta name=\"robots\" content=\"index, follow, max-snippet:-1, max-image-preview:large, max-video-preview:-1\" \/>\n<link rel=\"canonical\" href=\"https:\/\/herbelegale.com\/pl\/product\/cherry-pie\/\" \/>\n<meta property=\"og:locale\" content=\"pl_PL\" \/>\n<meta property=\"og:type\" content=\"article\" \/>\n<meta property=\"og:title\" content=\"Tarte aux cerises \u00e0 vendre - Achetez une tarte aux cerises en ligne - Commandez une tarte aux cerises\" \/>\n<meta property=\"og:description\" content=\"Vous pouvez d\u00e9sormais vous procurer Cherry Pie en vente dans notre meilleur magasin herbelegale. Notre personnel vous aidera \u00e0 acheter Cherry Pie en ligne aux meilleurs prix.\" \/>\n<meta property=\"og:url\" content=\"https:\/\/herbelegale.com\/pl\/product\/cherry-pie\/\" \/>\n<meta property=\"og:site_name\" content=\"Herbe L\u00e9gale\" \/>\n<meta property=\"article:modified_time\" content=\"2025-06-14T11:08:27+00:00\" \/>\n<meta property=\"og:image\" content=\"https:\/\/herbelegale.com\/wp-content\/uploads\/2023\/09\/Cherry-Pie.jpg\" \/>\n\t<meta property=\"og:image:width\" content=\"960\" \/>\n\t<meta property=\"og:image:height\" content=\"1280\" \/>\n\t<meta property=\"og:image:type\" content=\"image\/jpeg\" \/>\n<meta name=\"twitter:card\" content=\"summary_large_image\" \/>\n<meta name=\"twitter:label1\" content=\"Szacowany czas czytania\" \/>\n\t<meta name=\"twitter:data1\" content=\"3 minuty\" \/>\n<script type=\"application\/ld+json\" class=\"yoast-schema-graph\">{\"@context\":\"https:\/\/schema.org\",\"@graph\":[{\"@type\":\"WebPage\",\"@id\":\"https:\/\/herbelegale.com\/product\/cherry-pie\/\",\"url\":\"https:\/\/herbelegale.com\/product\/cherry-pie\/\",\"name\":\"Tarte aux cerises \u00e0 vendre - Achetez une tarte aux cerises en ligne - Commandez une tarte aux cerises\",\"isPartOf\":{\"@id\":\"https:\/\/herbelegale.com\/#website\"},\"primaryImageOfPage\":{\"@id\":\"https:\/\/herbelegale.com\/product\/cherry-pie\/#primaryimage\"},\"image\":{\"@id\":\"https:\/\/herbelegale.com\/product\/cherry-pie\/#primaryimage\"},\"thumbnailUrl\":\"https:\/\/herbelegale.com\/wp-content\/uploads\/2023\/09\/Cherry-Pie.jpg\",\"datePublished\":\"2023-09-22T08:57:00+00:00\",\"dateModified\":\"2025-06-14T11:08:27+00:00\",\"description\":\"Vous pouvez d\u00e9sormais vous procurer Cherry Pie en vente dans notre meilleur magasin herbelegale. Notre personnel vous aidera \u00e0 acheter Cherry Pie en ligne aux meilleurs prix.\",\"breadcrumb\":{\"@id\":\"https:\/\/herbelegale.com\/product\/cherry-pie\/#breadcrumb\"},\"inLanguage\":\"pl-PL\",\"potentialAction\":[{\"@type\":\"ReadAction\",\"target\":[\"https:\/\/herbelegale.com\/product\/cherry-pie\/\"]}]},{\"@type\":\"ImageObject\",\"inLanguage\":\"pl-PL\",\"@id\":\"https:\/\/herbelegale.com\/product\/cherry-pie\/#primaryimage\",\"url\":\"https:\/\/herbelegale.com\/wp-content\/uploads\/2023\/09\/Cherry-Pie.jpg\",\"contentUrl\":\"https:\/\/herbelegale.com\/wp-content\/uploads\/2023\/09\/Cherry-Pie.jpg\",\"width\":960,\"height\":1280,\"caption\":\"Cherry Pie\"},{\"@type\":\"BreadcrumbList\",\"@id\":\"https:\/\/herbelegale.com\/product\/cherry-pie\/#breadcrumb\",\"itemListElement\":[{\"@type\":\"ListItem\",\"position\":1,\"name\":\"Home\",\"item\":\"https:\/\/herbelegale.com\/\"},{\"@type\":\"ListItem\",\"position\":2,\"name\":\"Boutique\",\"item\":\"https:\/\/herbelegale.com\/boutique\/\"},{\"@type\":\"ListItem\",\"position\":3,\"name\":\"Cherry Pie\"}]},{\"@type\":\"WebSite\",\"@id\":\"https:\/\/herbelegale.com\/#website\",\"url\":\"https:\/\/herbelegale.com\/\",\"name\":\"Herbe L\u00e9gale\",\"description\":\"Acheter de l&#039;herbe en ligne\",\"publisher\":{\"@id\":\"https:\/\/herbelegale.com\/#organization\"},\"potentialAction\":[{\"@type\":\"SearchAction\",\"target\":{\"@type\":\"EntryPoint\",\"urlTemplate\":\"https:\/\/herbelegale.com\/?s={search_term_string}\"},\"query-input\":{\"@type\":\"PropertyValueSpecification\",\"valueRequired\":true,\"valueName\":\"search_term_string\"}}],\"inLanguage\":\"pl-PL\"},{\"@type\":\"Organization\",\"@id\":\"https:\/\/herbelegale.com\/#organization\",\"name\":\"Herbe L\u00e9gale\",\"url\":\"https:\/\/herbelegale.com\/\",\"logo\":{\"@type\":\"ImageObject\",\"inLanguage\":\"pl-PL\",\"@id\":\"https:\/\/herbelegale.com\/#\/schema\/logo\/image\/\",\"url\":\"https:\/\/herbelegale.com\/wp-content\/uploads\/2023\/10\/logo-1.png\",\"contentUrl\":\"https:\/\/herbelegale.com\/wp-content\/uploads\/2023\/10\/logo-1.png\",\"width\":400,\"height\":120,\"caption\":\"Herbe L\u00e9gale\"},\"image\":{\"@id\":\"https:\/\/herbelegale.com\/#\/schema\/logo\/image\/\"}}]}<\/script>\n<!-- \/ Yoast SEO plugin. -->","yoast_head_json":{"title":"Tarte aux cerises \u00e0 vendre - Achetez une tarte aux cerises en ligne - Commandez une tarte aux cerises","description":"Vous pouvez d\u00e9sormais vous procurer Cherry Pie en vente dans notre meilleur magasin herbelegale. Notre personnel vous aidera \u00e0 acheter Cherry Pie en ligne aux meilleurs prix.","robots":{"index":"index","follow":"follow","max-snippet":"max-snippet:-1","max-image-preview":"max-image-preview:large","max-video-preview":"max-video-preview:-1"},"canonical":"https:\/\/herbelegale.com\/pl\/product\/cherry-pie\/","og_locale":"pl_PL","og_type":"article","og_title":"Tarte aux cerises \u00e0 vendre - Achetez une tarte aux cerises en ligne - Commandez une tarte aux cerises","og_description":"Vous pouvez d\u00e9sormais vous procurer Cherry Pie en vente dans notre meilleur magasin herbelegale. Notre personnel vous aidera \u00e0 acheter Cherry Pie en ligne aux meilleurs prix.","og_url":"https:\/\/herbelegale.com\/pl\/product\/cherry-pie\/","og_site_name":"Herbe L\u00e9gale","article_modified_time":"2025-06-14T11:08:27+00:00","og_image":[{"width":960,"height":1280,"url":"https:\/\/herbelegale.com\/wp-content\/uploads\/2023\/09\/Cherry-Pie.jpg","type":"image\/jpeg"}],"twitter_card":"summary_large_image","twitter_misc":{"Szacowany czas czytania":"3 minuty"},"schema":{"@context":"https:\/\/schema.org","@graph":[{"@type":"WebPage","@id":"https:\/\/herbelegale.com\/product\/cherry-pie\/","url":"https:\/\/herbelegale.com\/product\/cherry-pie\/","name":"Tarte aux cerises \u00e0 vendre - Achetez une tarte aux cerises en ligne - Commandez une tarte aux cerises","isPartOf":{"@id":"https:\/\/herbelegale.com\/#website"},"primaryImageOfPage":{"@id":"https:\/\/herbelegale.com\/product\/cherry-pie\/#primaryimage"},"image":{"@id":"https:\/\/herbelegale.com\/product\/cherry-pie\/#primaryimage"},"thumbnailUrl":"https:\/\/herbelegale.com\/wp-content\/uploads\/2023\/09\/Cherry-Pie.jpg","datePublished":"2023-09-22T08:57:00+00:00","dateModified":"2025-06-14T11:08:27+00:00","description":"Vous pouvez d\u00e9sormais vous procurer Cherry Pie en vente dans notre meilleur magasin herbelegale. Notre personnel vous aidera \u00e0 acheter Cherry Pie en ligne aux meilleurs prix.","breadcrumb":{"@id":"https:\/\/herbelegale.com\/product\/cherry-pie\/#breadcrumb"},"inLanguage":"pl-PL","potentialAction":[{"@type":"ReadAction","target":["https:\/\/herbelegale.com\/product\/cherry-pie\/"]}]},{"@type":"ImageObject","inLanguage":"pl-PL","@id":"https:\/\/herbelegale.com\/product\/cherry-pie\/#primaryimage","url":"https:\/\/herbelegale.com\/wp-content\/uploads\/2023\/09\/Cherry-Pie.jpg","contentUrl":"https:\/\/herbelegale.com\/wp-content\/uploads\/2023\/09\/Cherry-Pie.jpg","width":960,"height":1280,"caption":"Cherry Pie"},{"@type":"BreadcrumbList","@id":"https:\/\/herbelegale.com\/product\/cherry-pie\/#breadcrumb","itemListElement":[{"@type":"ListItem","position":1,"name":"Home","item":"https:\/\/herbelegale.com\/"},{"@type":"ListItem","position":2,"name":"Boutique","item":"https:\/\/herbelegale.com\/boutique\/"},{"@type":"ListItem","position":3,"name":"Cherry Pie"}]},{"@type":"WebSite","@id":"https:\/\/herbelegale.com\/#website","url":"https:\/\/herbelegale.com\/","name":"Herbe L\u00e9gale","description":"Acheter de l&#039;herbe en ligne","publisher":{"@id":"https:\/\/herbelegale.com\/#organization"},"potentialAction":[{"@type":"SearchAction","target":{"@type":"EntryPoint","urlTemplate":"https:\/\/herbelegale.com\/?s={search_term_string}"},"query-input":{"@type":"PropertyValueSpecification","valueRequired":true,"valueName":"search_term_string"}}],"inLanguage":"pl-PL"},{"@type":"Organization","@id":"https:\/\/herbelegale.com\/#organization","name":"Herbe L\u00e9gale","url":"https:\/\/herbelegale.com\/","logo":{"@type":"ImageObject","inLanguage":"pl-PL","@id":"https:\/\/herbelegale.com\/#\/schema\/logo\/image\/","url":"https:\/\/herbelegale.com\/wp-content\/uploads\/2023\/10\/logo-1.png","contentUrl":"https:\/\/herbelegale.com\/wp-content\/uploads\/2023\/10\/logo-1.png","width":400,"height":120,"caption":"Herbe L\u00e9gale"},"image":{"@id":"https:\/\/herbelegale.com\/#\/schema\/logo\/image\/"}}]}},"_links":{"self":[{"href":"https:\/\/herbelegale.com\/pl\/wp-json\/wp\/v2\/product\/58","targetHints":{"allow":["GET"]}}],"collection":[{"href":"https:\/\/herbelegale.com\/pl\/wp-json\/wp\/v2\/product"}],"about":[{"href":"https:\/\/herbelegale.com\/pl\/wp-json\/wp\/v2\/types\/product"}],"replies":[{"embeddable":true,"href":"https:\/\/herbelegale.com\/pl\/wp-json\/wp\/v2\/comments?post=58"}],"wp:featuredmedia":[{"embeddable":true,"href":"https:\/\/herbelegale.com\/pl\/wp-json\/wp\/v2\/media\/366"}],"wp:attachment":[{"href":"https:\/\/herbelegale.com\/pl\/wp-json\/wp\/v2\/media?parent=58"}],"wp:term":[{"taxonomy":"product_brand","embeddable":true,"href":"https:\/\/herbelegale.com\/pl\/wp-json\/wp\/v2\/product_brand?post=58"},{"taxonomy":"product_cat","embeddable":true,"href":"https:\/\/herbelegale.com\/pl\/wp-json\/wp\/v2\/product_cat?post=58"},{"taxonomy":"product_tag","embeddable":true,"href":"https:\/\/herbelegale.com\/pl\/wp-json\/wp\/v2\/product_tag?post=58"}],"curies":[{"name":"wp","href":"https:\/\/api.w.org\/{rel}","templated":true}]}}