{"id":57,"date":"2023-09-22T08:56:50","date_gmt":"2023-09-22T08:56:50","guid":{"rendered":"https:\/\/nembutalhouse.com\/weed\/?post_type=product&#038;p=57"},"modified":"2025-06-14T11:08:49","modified_gmt":"2025-06-14T11:08:49","slug":"cookies-cream","status":"publish","type":"product","link":"https:\/\/herbelegale.com\/pl\/product\/cookies-cream\/","title":{"rendered":"Ciasteczka i krem"},"content":{"rendered":"<h2><b>Kup ciasteczka i krem online: klasyczny smak, kt\u00f3ry jest teraz w modzie<\/b><\/h2>\n<p><span style=\"font-weight: 400;\">Termin <\/span><a href=\"https:\/\/herbelegale.com\/pl\/product\/cookies-cream\/\"><b>Cookies &amp; Cream<\/b><\/a><span style=\"font-weight: 400;\"> Odnosi si\u0119 do wykwintnego smaku \u0142\u0105cz\u0105cego kremow\u0105 s\u0142odycz wanilii lub mleka z chrupi\u0105cymi kawa\u0142kami czekoladowych ciasteczek, cz\u0119sto Oreo lub podobnych. Dost\u0119pne w r\u00f3\u017cnych formach \u2013 jako lody, desery, ciastka, a nawet produkty tematyczne \u2013 Cookies &amp; Cream trafiaj\u0105 do szerokiego grona odbiorc\u00f3w dzi\u0119ki idealnej r\u00f3wnowadze kremowo\u015bci i chrupko\u015bci.<\/span><\/p>\n<p><span style=\"font-weight: 400;\">Ten ponadczasowy smak cieszy si\u0119 obecnie du\u017cym zainteresowaniem w Internecie, co jest efektem du\u017cego popytu na rzemie\u015blnicze i spersonalizowane przysmaki, a tak\u017ce rosn\u0105cej popularno\u015bci zakup\u00f3w \u017cywno\u015bci online.<\/span><\/p>\n<h3><b>Dlaczego warto kupowa\u0107 ciasteczka i krem online?<\/b><\/h3>\n<p><span style=\"font-weight: 400;\">Zam\u00f3wienie <\/span><a href=\"https:\/\/en.wikipedia.org\/wiki\/Cookies_and_cream\"><b>Cookies &amp; Cream en ligne<\/b><\/a><span style=\"font-weight: 400;\"> oferuje wiele korzy\u015bci:<\/span><\/p>\n<ul>\n<li style=\"font-weight: 400;\" aria-level=\"1\"><b>Dyskretna i ostro\u017cna dostawa<\/b><span style=\"font-weight: 400;\"> Produkty s\u0105 starannie zapakowane, co gwarantuje \u015bwie\u017co\u015b\u0107 i dyskrecj\u0119.<\/span><span style=\"font-weight: 400;\">\n<p><\/span><\/li>\n<li style=\"font-weight: 400;\" aria-level=\"1\"><b>Praktyczno\u015b\u0107<\/b><span style=\"font-weight: 400;\"> :Nie musisz i\u015b\u0107 do sklepu, mo\u017cesz zam\u00f3wi\u0107 bezpo\u015brednio z domu.<\/span><span style=\"font-weight: 400;\">\n<p><\/span><\/li>\n<li style=\"font-weight: 400;\" aria-level=\"1\"><b>Dost\u0119p do szerokiej gamy<\/b><span style=\"font-weight: 400;\"> :R\u0119kodzie\u0142o, edycje limitowane lub wersje ekskluzywne, cz\u0119sto niedost\u0119pne w sklepach.<\/span><span style=\"font-weight: 400;\">\n<p><\/span><\/li>\n<\/ul>\n<h3><b>Co sprawia, \u017ce produkty Cookies &amp; Cream s\u0105 \u015bwietne?<\/b><\/h3>\n<p><span style=\"font-weight: 400;\">Aby wybra\u0107 doskona\u0142y produkt Cookies &amp; Cream, zwr\u00f3\u0107 uwag\u0119 na nast\u0119puj\u0105ce kwestie:<\/span><\/p>\n<ul>\n<li style=\"font-weight: 400;\" aria-level=\"1\"><b>Jako\u015b\u0107 sk\u0142adnik\u00f3w<\/b><span style=\"font-weight: 400;\"> :G\u0142adki krem, \u015bwie\u017ce, chrupi\u0105ce ciasteczka, bez zb\u0119dnych dodatk\u00f3w.<\/span><span style=\"font-weight: 400;\">\n<p><\/span><\/li>\n<li style=\"font-weight: 400;\" aria-level=\"1\"><b>:G\u0142adki krem, \u015bwie\u017ce, chrupi\u0105ce ciasteczka, bez zb\u0119dnych dodatk\u00f3w.<\/b><span style=\"font-weight: 400;\"> :Idealna harmonia mi\u0119kko\u015bci i chrupko\u015bci.<\/span><span style=\"font-weight: 400;\">\n<p><\/span><\/li>\n<li style=\"font-weight: 400;\" aria-level=\"1\"><b>Autentyczny smak<\/b><span style=\"font-weight: 400;\"> :Naturalny smak ciasteczek, ani za s\u0142odki, ani md\u0142y.<\/span><span style=\"font-weight: 400;\">\n<p><\/span><\/li>\n<li style=\"font-weight: 400;\" aria-level=\"1\"><b>Aspekt wizualny<\/b><span style=\"font-weight: 400;\"> :Produkt apetyczny, \u0142adnie zaprezentowany, z widocznymi kawa\u0142kami ciasteczek.<\/span><span style=\"font-weight: 400;\">\n<p><\/span><\/li>\n<\/ul>\n<h3><b>Najlepsze platformy do zamawiania ciasteczek i krem\u00f3w online<\/b><\/h3>\n<p><span style=\"font-weight: 400;\">Oto kilka niezawodnych platform dla <\/span><b>acheter Cookies &amp; Cream en ligne<\/b><span style=\"font-weight: 400;\"> :<\/span><\/p>\n<ul>\n<li style=\"font-weight: 400;\" aria-level=\"1\"><b>GourmetDelights.fr<\/b><span style=\"font-weight: 400;\"> :Specjalista w dziedzinie deser\u00f3w rzemie\u015blniczych.<\/span><span style=\"font-weight: 400;\">\n<p><\/span><\/li>\n<li style=\"font-weight: 400;\" aria-level=\"1\"><b>Rynek SweetBox<\/b><span style=\"font-weight: 400;\"> :Szeroki wyb\u00f3r, obejmuj\u0105cy ekskluzywne produkty Cookies &amp; Cream.<\/span><span style=\"font-weight: 400;\">\n<p><\/span><\/li>\n<li style=\"font-weight: 400;\" aria-level=\"1\"><b>Etsy \u2013 Gourmet Artisans<\/b><span style=\"font-weight: 400;\"> :Produkty r\u0119cznie robione, personalizowane.<\/span><span style=\"font-weight: 400;\">\n<p><\/span><\/li>\n<li style=\"font-weight: 400;\" aria-level=\"1\"><b>IceCreamExpress<\/b><span style=\"font-weight: 400;\"> :Szybka dostawa lod\u00f3w premium Cookies &amp; Cream.<\/span><span style=\"font-weight: 400;\">\n<p><\/span><\/li>\n<li style=\"font-weight: 400;\" aria-level=\"1\"><b>Lokalne ciastka ze sklepem internetowym<\/b><span style=\"font-weight: 400;\"> :Lokalna jako\u015b\u0107, konkurencyjne ceny.<\/span><span style=\"font-weight: 400;\">\n<p><\/span><\/li>\n<\/ul>\n<h3><b>Jak wybra\u0107 odpowiedni produkt lub sprzedawc\u0119?<\/b><\/h3>\n<p><span style=\"font-weight: 400;\">Przed z\u0142o\u017ceniem zam\u00f3wienia sprawd\u017a:<\/span><\/p>\n<ul>\n<li style=\"font-weight: 400;\" aria-level=\"1\"><b>Warunki dostawy<\/b><span style=\"font-weight: 400;\"> :Opakowanie gwarantuj\u0105ce \u015bwie\u017co\u015b\u0107 i integralno\u015b\u0107 produktu.<\/span><span style=\"font-weight: 400;\">\n<p><\/span><\/li>\n<li style=\"font-weight: 400;\" aria-level=\"1\"><b>(4 opinie klient\u00f3w)<\/b><span style=\"font-weight: 400;\"> :Opinie o smaku, konsystencji i szybko\u015bci dostawy.<\/span><span style=\"font-weight: 400;\">\n<p><\/span><\/li>\n<li style=\"font-weight: 400;\" aria-level=\"1\"><b>Przejrzysto\u015b\u0107 sk\u0142adnik\u00f3w<\/b><span style=\"font-weight: 400;\"> :Preferuj sprzedawc\u00f3w, kt\u00f3rzy k\u0142ad\u0105 nacisk na jako\u015b\u0107 podzespo\u0142\u00f3w.<\/span><span style=\"font-weight: 400;\">\n<p><\/span><\/li>\n<li style=\"font-weight: 400;\" aria-level=\"1\"><b>Satysfakcja gwarantowana<\/b><span style=\"font-weight: 400;\"> :Gwarancja zwrotu pieni\u0119dzy lub wymiany, je\u015bli produkt nie b\u0119dzie Ci odpowiada\u0142.<\/span><span style=\"font-weight: 400;\">\n<p><\/span><\/li>\n<\/ul>\n<h3><b>Podsumowanie: Dlaczego warto spr\u00f3bowa\u0107 p\u0105czk\u00f3w jab\u0142kowych i gdzie je kupi\u0107?<\/b><\/h3>\n<p><span style=\"font-weight: 400;\">Smak <\/span><b>Cookies &amp; Cream<\/b><span style=\"font-weight: 400;\"> to pewny wyb\u00f3r dla wszystkich mi\u0142o\u015bnik\u00f3w s\u0142odko\u015bci, idealna r\u00f3wnowaga mi\u0119dzy kremow\u0105 s\u0142odycz\u0105 a nieodpart\u0105 chrupko\u015bci\u0105. Dzi\u0119ki mo\u017cliwo\u015bci <\/span><b>acheter Cookies &amp; Cream en ligne<\/b><span style=\"font-weight: 400;\">, vous pouvez savourer cette gourmandise chez vous, en toute simplicit\u00e9.<\/span><\/p>\n<p><span style=\"font-weight: 400;\">Niezale\u017cnie od tego, czy szukasz <\/span><b>niedrogi produkt<\/b><span style=\"font-weight: 400;\"> lub ekskluzywne, r\u0119cznie wykonane dzie\u0142o, dzi\u015b jest <\/span><b>najlepsze miejsce do kupienia ciasteczek i kremu online<\/b><span style=\"font-weight: 400;\"> kt\u00f3ry zaspokoi Twoje pragnienia.<\/span><\/p>\n<h3><b>Ostatnie wskaz\u00f3wki dotycz\u0105ce bezpiecznych i udanych zakup\u00f3w online:<\/b><\/h3>\n<ul>\n<li style=\"font-weight: 400;\" aria-level=\"1\"><span style=\"font-weight: 400;\">Stawiaj na uznane i niezawodne platformy.<\/span><span style=\"font-weight: 400;\">\n<p><\/span><\/li>\n<li style=\"font-weight: 400;\" aria-level=\"1\"><span style=\"font-weight: 400;\">Sprawd\u017a legalno\u015b\u0107 i jako\u015b\u0107 produkt\u00f3w.<\/span><span style=\"font-weight: 400;\">\n<p><\/span><\/li>\n<li style=\"font-weight: 400;\" aria-level=\"1\"><span style=\"font-weight: 400;\">Gwarantujemy szybk\u0105 i dyskretn\u0105 dostaw\u0119.<\/span><\/li>\n<\/ul>","protected":false},"excerpt":{"rendered":"<p>Acheter Cookies &amp; Cream en Ligne : Un Go\u00fbt Classique en Pleine Tendance Le terme Cookies &amp; Cream d\u00e9signe une saveur gourmande m\u00ealant la douceur cr\u00e9meuse de la vanille ou du lait \u00e0 des \u00e9clats croustillants de biscuits chocolat\u00e9s, souvent des Oreo ou similaires. Pr\u00e9sent sous diverses formes \u2014 glaces, desserts, p\u00e2tisseries ou m\u00eame produits&#8230;<\/p>","protected":false},"featured_media":365,"comment_status":"open","ping_status":"closed","template":"","meta":{"_kadence_starter_templates_imported_post":false,"_kad_post_transparent":"default","_kad_post_title":"","_kad_post_layout":"default","_kad_post_sidebar_id":"","_kad_post_content_style":"default","_kad_post_vertical_padding":"default","_kad_post_feature":"","_kad_post_feature_position":"","_kad_post_header":false,"_kad_post_footer":false,"_joinchat":[]},"product_brand":[],"product_cat":[17],"product_tag":[],"class_list":{"0":"post-57","1":"product","2":"type-product","3":"status-publish","4":"has-post-thumbnail","6":"product_cat-canabis-en-ligne","8":"first","9":"instock","10":"shipping-taxable","11":"purchasable","12":"product-type-variable","13":"entry","14":"content-bg","15":"loop-entry"},"yoast_head":"<!-- This site is optimized with the Yoast SEO plugin v23.5 - https:\/\/yoast.com\/wordpress\/plugins\/seo\/ -->\n<title>Achetez des biscuits et de la cr\u00e8me en ligne - Biscuits et cr\u00e8me \u00e0 vendre<\/title>\n<meta name=\"description\" content=\"Chez Herbelegale, vous pouvez obtenir des Cookies &amp; Cream en vente \u00e0 des prix bon march\u00e9. Ici, vous pouvez acheter des Cookies &amp; Cream en ligne de haute qualit\u00e9 dans notre magasin maintenant avec un service d&#039;exp\u00e9dition rapide et s\u00e9curis\u00e9. Commandez maintenant !\" \/>\n<meta name=\"robots\" content=\"index, follow, max-snippet:-1, max-image-preview:large, max-video-preview:-1\" \/>\n<link rel=\"canonical\" href=\"https:\/\/herbelegale.com\/pl\/product\/cookies-cream\/\" \/>\n<meta property=\"og:locale\" content=\"pl_PL\" \/>\n<meta property=\"og:type\" content=\"article\" \/>\n<meta property=\"og:title\" content=\"Achetez des biscuits et de la cr\u00e8me en ligne - Biscuits et cr\u00e8me \u00e0 vendre\" \/>\n<meta property=\"og:description\" content=\"Chez Herbelegale, vous pouvez obtenir des Cookies &amp; Cream en vente \u00e0 des prix bon march\u00e9. Ici, vous pouvez acheter des Cookies &amp; Cream en ligne de haute qualit\u00e9 dans notre magasin maintenant avec un service d&#039;exp\u00e9dition rapide et s\u00e9curis\u00e9. Commandez maintenant !\" \/>\n<meta property=\"og:url\" content=\"https:\/\/herbelegale.com\/pl\/product\/cookies-cream\/\" \/>\n<meta property=\"og:site_name\" content=\"Herbe L\u00e9gale\" \/>\n<meta property=\"article:modified_time\" content=\"2025-06-14T11:08:49+00:00\" \/>\n<meta property=\"og:image\" content=\"https:\/\/herbelegale.com\/wp-content\/uploads\/2023\/09\/Cookies-Cream.jpg\" \/>\n\t<meta property=\"og:image:width\" content=\"960\" \/>\n\t<meta property=\"og:image:height\" content=\"1280\" \/>\n\t<meta property=\"og:image:type\" content=\"image\/jpeg\" \/>\n<meta name=\"twitter:card\" content=\"summary_large_image\" \/>\n<meta name=\"twitter:label1\" content=\"Szacowany czas czytania\" \/>\n\t<meta name=\"twitter:data1\" content=\"3 minuty\" \/>\n<script type=\"application\/ld+json\" class=\"yoast-schema-graph\">{\"@context\":\"https:\/\/schema.org\",\"@graph\":[{\"@type\":\"WebPage\",\"@id\":\"https:\/\/herbelegale.com\/product\/cookies-cream\/\",\"url\":\"https:\/\/herbelegale.com\/product\/cookies-cream\/\",\"name\":\"Achetez des biscuits et de la cr\u00e8me en ligne - Biscuits et cr\u00e8me \u00e0 vendre\",\"isPartOf\":{\"@id\":\"https:\/\/herbelegale.com\/#website\"},\"primaryImageOfPage\":{\"@id\":\"https:\/\/herbelegale.com\/product\/cookies-cream\/#primaryimage\"},\"image\":{\"@id\":\"https:\/\/herbelegale.com\/product\/cookies-cream\/#primaryimage\"},\"thumbnailUrl\":\"https:\/\/herbelegale.com\/wp-content\/uploads\/2023\/09\/Cookies-Cream.jpg\",\"datePublished\":\"2023-09-22T08:56:50+00:00\",\"dateModified\":\"2025-06-14T11:08:49+00:00\",\"description\":\"Chez Herbelegale, vous pouvez obtenir des Cookies & Cream en vente \u00e0 des prix bon march\u00e9. Ici, vous pouvez acheter des Cookies & Cream en ligne de haute qualit\u00e9 dans notre magasin maintenant avec un service d'exp\u00e9dition rapide et s\u00e9curis\u00e9. Commandez maintenant !\",\"breadcrumb\":{\"@id\":\"https:\/\/herbelegale.com\/product\/cookies-cream\/#breadcrumb\"},\"inLanguage\":\"pl-PL\",\"potentialAction\":[{\"@type\":\"ReadAction\",\"target\":[\"https:\/\/herbelegale.com\/product\/cookies-cream\/\"]}]},{\"@type\":\"ImageObject\",\"inLanguage\":\"pl-PL\",\"@id\":\"https:\/\/herbelegale.com\/product\/cookies-cream\/#primaryimage\",\"url\":\"https:\/\/herbelegale.com\/wp-content\/uploads\/2023\/09\/Cookies-Cream.jpg\",\"contentUrl\":\"https:\/\/herbelegale.com\/wp-content\/uploads\/2023\/09\/Cookies-Cream.jpg\",\"width\":960,\"height\":1280,\"caption\":\"Cookies & Cream\"},{\"@type\":\"BreadcrumbList\",\"@id\":\"https:\/\/herbelegale.com\/product\/cookies-cream\/#breadcrumb\",\"itemListElement\":[{\"@type\":\"ListItem\",\"position\":1,\"name\":\"Home\",\"item\":\"https:\/\/herbelegale.com\/\"},{\"@type\":\"ListItem\",\"position\":2,\"name\":\"Boutique\",\"item\":\"https:\/\/herbelegale.com\/boutique\/\"},{\"@type\":\"ListItem\",\"position\":3,\"name\":\"Cookies &#038; Cream\"}]},{\"@type\":\"WebSite\",\"@id\":\"https:\/\/herbelegale.com\/#website\",\"url\":\"https:\/\/herbelegale.com\/\",\"name\":\"Herbe L\u00e9gale\",\"description\":\"Acheter de l&#039;herbe en ligne\",\"publisher\":{\"@id\":\"https:\/\/herbelegale.com\/#organization\"},\"potentialAction\":[{\"@type\":\"SearchAction\",\"target\":{\"@type\":\"EntryPoint\",\"urlTemplate\":\"https:\/\/herbelegale.com\/?s={search_term_string}\"},\"query-input\":{\"@type\":\"PropertyValueSpecification\",\"valueRequired\":true,\"valueName\":\"search_term_string\"}}],\"inLanguage\":\"pl-PL\"},{\"@type\":\"Organization\",\"@id\":\"https:\/\/herbelegale.com\/#organization\",\"name\":\"Herbe L\u00e9gale\",\"url\":\"https:\/\/herbelegale.com\/\",\"logo\":{\"@type\":\"ImageObject\",\"inLanguage\":\"pl-PL\",\"@id\":\"https:\/\/herbelegale.com\/#\/schema\/logo\/image\/\",\"url\":\"https:\/\/herbelegale.com\/wp-content\/uploads\/2023\/10\/logo-1.png\",\"contentUrl\":\"https:\/\/herbelegale.com\/wp-content\/uploads\/2023\/10\/logo-1.png\",\"width\":400,\"height\":120,\"caption\":\"Herbe L\u00e9gale\"},\"image\":{\"@id\":\"https:\/\/herbelegale.com\/#\/schema\/logo\/image\/\"}}]}<\/script>\n<!-- \/ Yoast SEO plugin. -->","yoast_head_json":{"title":"Achetez des biscuits et de la cr\u00e8me en ligne - Biscuits et cr\u00e8me \u00e0 vendre","description":"Chez Herbelegale, vous pouvez obtenir des Cookies & Cream en vente \u00e0 des prix bon march\u00e9. Ici, vous pouvez acheter des Cookies & Cream en ligne de haute qualit\u00e9 dans notre magasin maintenant avec un service d'exp\u00e9dition rapide et s\u00e9curis\u00e9. Commandez maintenant !","robots":{"index":"index","follow":"follow","max-snippet":"max-snippet:-1","max-image-preview":"max-image-preview:large","max-video-preview":"max-video-preview:-1"},"canonical":"https:\/\/herbelegale.com\/pl\/product\/cookies-cream\/","og_locale":"pl_PL","og_type":"article","og_title":"Achetez des biscuits et de la cr\u00e8me en ligne - Biscuits et cr\u00e8me \u00e0 vendre","og_description":"Chez Herbelegale, vous pouvez obtenir des Cookies & Cream en vente \u00e0 des prix bon march\u00e9. Ici, vous pouvez acheter des Cookies & Cream en ligne de haute qualit\u00e9 dans notre magasin maintenant avec un service d'exp\u00e9dition rapide et s\u00e9curis\u00e9. Commandez maintenant !","og_url":"https:\/\/herbelegale.com\/pl\/product\/cookies-cream\/","og_site_name":"Herbe L\u00e9gale","article_modified_time":"2025-06-14T11:08:49+00:00","og_image":[{"width":960,"height":1280,"url":"https:\/\/herbelegale.com\/wp-content\/uploads\/2023\/09\/Cookies-Cream.jpg","type":"image\/jpeg"}],"twitter_card":"summary_large_image","twitter_misc":{"Szacowany czas czytania":"3 minuty"},"schema":{"@context":"https:\/\/schema.org","@graph":[{"@type":"WebPage","@id":"https:\/\/herbelegale.com\/product\/cookies-cream\/","url":"https:\/\/herbelegale.com\/product\/cookies-cream\/","name":"Achetez des biscuits et de la cr\u00e8me en ligne - Biscuits et cr\u00e8me \u00e0 vendre","isPartOf":{"@id":"https:\/\/herbelegale.com\/#website"},"primaryImageOfPage":{"@id":"https:\/\/herbelegale.com\/product\/cookies-cream\/#primaryimage"},"image":{"@id":"https:\/\/herbelegale.com\/product\/cookies-cream\/#primaryimage"},"thumbnailUrl":"https:\/\/herbelegale.com\/wp-content\/uploads\/2023\/09\/Cookies-Cream.jpg","datePublished":"2023-09-22T08:56:50+00:00","dateModified":"2025-06-14T11:08:49+00:00","description":"Chez Herbelegale, vous pouvez obtenir des Cookies & Cream en vente \u00e0 des prix bon march\u00e9. Ici, vous pouvez acheter des Cookies & Cream en ligne de haute qualit\u00e9 dans notre magasin maintenant avec un service d'exp\u00e9dition rapide et s\u00e9curis\u00e9. Commandez maintenant !","breadcrumb":{"@id":"https:\/\/herbelegale.com\/product\/cookies-cream\/#breadcrumb"},"inLanguage":"pl-PL","potentialAction":[{"@type":"ReadAction","target":["https:\/\/herbelegale.com\/product\/cookies-cream\/"]}]},{"@type":"ImageObject","inLanguage":"pl-PL","@id":"https:\/\/herbelegale.com\/product\/cookies-cream\/#primaryimage","url":"https:\/\/herbelegale.com\/wp-content\/uploads\/2023\/09\/Cookies-Cream.jpg","contentUrl":"https:\/\/herbelegale.com\/wp-content\/uploads\/2023\/09\/Cookies-Cream.jpg","width":960,"height":1280,"caption":"Cookies & Cream"},{"@type":"BreadcrumbList","@id":"https:\/\/herbelegale.com\/product\/cookies-cream\/#breadcrumb","itemListElement":[{"@type":"ListItem","position":1,"name":"Home","item":"https:\/\/herbelegale.com\/"},{"@type":"ListItem","position":2,"name":"Boutique","item":"https:\/\/herbelegale.com\/boutique\/"},{"@type":"ListItem","position":3,"name":"Cookies &#038; Cream"}]},{"@type":"WebSite","@id":"https:\/\/herbelegale.com\/#website","url":"https:\/\/herbelegale.com\/","name":"Herbe L\u00e9gale","description":"Acheter de l&#039;herbe en ligne","publisher":{"@id":"https:\/\/herbelegale.com\/#organization"},"potentialAction":[{"@type":"SearchAction","target":{"@type":"EntryPoint","urlTemplate":"https:\/\/herbelegale.com\/?s={search_term_string}"},"query-input":{"@type":"PropertyValueSpecification","valueRequired":true,"valueName":"search_term_string"}}],"inLanguage":"pl-PL"},{"@type":"Organization","@id":"https:\/\/herbelegale.com\/#organization","name":"Herbe L\u00e9gale","url":"https:\/\/herbelegale.com\/","logo":{"@type":"ImageObject","inLanguage":"pl-PL","@id":"https:\/\/herbelegale.com\/#\/schema\/logo\/image\/","url":"https:\/\/herbelegale.com\/wp-content\/uploads\/2023\/10\/logo-1.png","contentUrl":"https:\/\/herbelegale.com\/wp-content\/uploads\/2023\/10\/logo-1.png","width":400,"height":120,"caption":"Herbe L\u00e9gale"},"image":{"@id":"https:\/\/herbelegale.com\/#\/schema\/logo\/image\/"}}]}},"_links":{"self":[{"href":"https:\/\/herbelegale.com\/pl\/wp-json\/wp\/v2\/product\/57","targetHints":{"allow":["GET"]}}],"collection":[{"href":"https:\/\/herbelegale.com\/pl\/wp-json\/wp\/v2\/product"}],"about":[{"href":"https:\/\/herbelegale.com\/pl\/wp-json\/wp\/v2\/types\/product"}],"replies":[{"embeddable":true,"href":"https:\/\/herbelegale.com\/pl\/wp-json\/wp\/v2\/comments?post=57"}],"wp:featuredmedia":[{"embeddable":true,"href":"https:\/\/herbelegale.com\/pl\/wp-json\/wp\/v2\/media\/365"}],"wp:attachment":[{"href":"https:\/\/herbelegale.com\/pl\/wp-json\/wp\/v2\/media?parent=57"}],"wp:term":[{"taxonomy":"product_brand","embeddable":true,"href":"https:\/\/herbelegale.com\/pl\/wp-json\/wp\/v2\/product_brand?post=57"},{"taxonomy":"product_cat","embeddable":true,"href":"https:\/\/herbelegale.com\/pl\/wp-json\/wp\/v2\/product_cat?post=57"},{"taxonomy":"product_tag","embeddable":true,"href":"https:\/\/herbelegale.com\/pl\/wp-json\/wp\/v2\/product_tag?post=57"}],"curies":[{"name":"wp","href":"https:\/\/api.w.org\/{rel}","templated":true}]}}