{"id":54,"date":"2023-09-22T08:56:41","date_gmt":"2023-09-22T08:56:41","guid":{"rendered":"https:\/\/nembutalhouse.com\/weed\/?post_type=product&#038;p=54"},"modified":"2025-07-21T11:18:25","modified_gmt":"2025-07-21T11:18:25","slug":"london-pound-cake","status":"publish","type":"product","link":"https:\/\/herbelegale.com\/pl\/product\/london-pound-cake\/","title":{"rendered":"London Pound Cake"},"content":{"rendered":"<h2><b>Kup ciasto London Pound Cake online: najwy\u017csza jako\u015b\u0107 i wygodna dostawa<\/b><\/h2>\n<p><a href=\"https:\/\/herbelegale.com\/pl\/product\/london-pound-cake\/\">London Pound Cake to wyj\u0105tkowy produkt<\/a>, znany z bogatego smaku i wyj\u0105tkowej jako\u015bci. Niezale\u017cnie od tego, czy szukasz pysznego ciasta, czy wyj\u0105tkowego produktu inspirowanego s\u0142ynnym London Pound Cake, ten produkt cieszy si\u0119 ogromnym powodzeniem w internecie. Jego wyj\u0105tkowy smak, kunszt wykonania i rosn\u0105ca popularno\u015b\u0107 sprawiaj\u0105, \u017ce jest on ulubionym ciastem zar\u00f3wno koneser\u00f3w, jak i nowych entuzjast\u00f3w.<\/p>\n<p>Dzi\u0119ki \u0142atwo\u015bci zakup\u00f3w online coraz wi\u0119cej os\u00f3b woli <a href=\"https:\/\/en.wikipedia.org\/wiki\/Pound_cake\">kup London Pound Cake online<\/a> Aby cieszy\u0107 si\u0119 \u015bwie\u017cymi, oryginalnymi produktami dostarczanymi bezpo\u015brednio do domu. Popyt ro\u015bnie dzi\u0119ki \u0142atwemu dost\u0119powi, dyskretnej dostawie i szerszemu asortymentowi ni\u017c w wi\u0119kszo\u015bci lokalnych sklep\u00f3w.<\/p>\n<h3><b>Dlaczego warto kupi\u0107 London Pound Cake online?<\/b><\/h3>\n<p><span style=\"font-weight: 400;\">Kupowanie London Pound Cake online ma kilka zalet:<\/span><\/p>\n<ul>\n<li style=\"font-weight: 400;\" aria-level=\"1\">Dyskretna i specjalistyczna dostawa<span style=\"font-weight: 400;\"> Niezale\u017cnie od tego, czy kupujesz prezent, czy robisz to dla siebie, sklepy internetowe gwarantuj\u0105 bezpieczne i dyskretne opakowanie.<\/span>&nbsp;<\/li>\n<li style=\"font-weight: 400;\" aria-level=\"1\">Acc\u00e8s \u00e0 des produits authentiques :<span style=\"font-weight: 400;\"> Sprzedawcy internetowi cz\u0119sto oferuj\u0105 r\u0119cznie robione lub specjalne ciasta londy\u0144skie, kt\u00f3rych nie mo\u017cna kupi\u0107 lokalnie.<\/span>&nbsp;<\/li>\n<li style=\"font-weight: 400;\" aria-level=\"1\">Commodit\u00e9 :<span style=\"font-weight: 400;\"> Z\u0142\u00f3\u017c zam\u00f3wienie w dowolnej chwili i odbierz przesy\u0142k\u0119 bezpo\u015brednio w domu.<\/span>&nbsp;<\/li>\n<li style=\"font-weight: 400;\" aria-level=\"1\">Konkurencyjne ceny: Sklepy internetowe cz\u0119sto oferuj\u0105 promocje i atrakcyjne ceny, dzi\u0119ki czemu mo\u017cna \u0142atwo kupi\u0107 niedrogie ciasto London Pound Cake bez utraty jako\u015bci.&nbsp;<\/li>\n<\/ul>\n<h3><b>Qu\u2019est-ce qui fait un excellent London Pound Cake ?<\/b><\/h3>\n<p><span style=\"font-weight: 400;\">Parhaat Lontoon puntakakut erottuvat edukseen seuraavilla ominaisuuksilla:<\/span><\/p>\n<ul>\n<li style=\"font-weight: 400;\" aria-level=\"1\">Des ingr\u00e9dients de haute qualit\u00e9 :<span style=\"font-weight: 400;\"> \u015awie\u017ce i naturalne sk\u0142adniki na mi\u0119kkie i smaczne ciasto.<\/span>&nbsp;<\/li>\n<li style=\"font-weight: 400;\" aria-level=\"1\">Une texture parfaite :<span style=\"font-weight: 400;\"> R\u00f3wnowaga mi\u0119dzy mi\u0119kko\u015bci\u0105 a chrupko\u015bci\u0105 z bogatymi ma\u015blanymi nutami.<\/span>&nbsp;<\/li>\n<li style=\"font-weight: 400;\" aria-level=\"1\">Une touche artisanale :<span style=\"font-weight: 400;\"> Produkty wytwarzane r\u0119cznie lub w ma\u0142ych seriach s\u0105 gwarancj\u0105 szczeg\u00f3lnej troski.<\/span>&nbsp;<\/li>\n<li style=\"font-weight: 400;\" aria-level=\"1\">Un emballage attractif :<span style=\"font-weight: 400;\"> Garantit la fra\u00eecheur et pr\u00eate \u00e0 offrir ou d\u00e9guster.<\/span>&nbsp;<\/li>\n<\/ul>\n<h3><b>Najlepsze platformy do zakupu London Pound Cake online<\/b><\/h3>\n<ul>\n<li style=\"font-weight: 400;\" aria-level=\"1\">Lokalne wypieki z dostaw\u0105 na terenie ca\u0142ego kraju<span style=\"font-weight: 400;\"> :Gwarantujemy \u015bwie\u017co\u015b\u0107 i wsparcie lokalnych rzemie\u015blnik\u00f3w.<\/span>&nbsp;<\/li>\n<li style=\"font-weight: 400;\" aria-level=\"1\">Krajowe Punkty Dostawy Deser\u00f3w<span style=\"font-weight: 400;\"> : Large choix et fiabilit\u00e9 des exp\u00e9ditions.<\/span>&nbsp;<\/li>\n<li style=\"font-weight: 400;\" aria-level=\"1\">Sklepy z artyku\u0142ami rzemie\u015blniczymi na platformie Etsy lub specjalistycznych targowiskach<span style=\"font-weight: 400;\"> :Produkty niepowtarzalne i spersonalizowane.<\/span>&nbsp;<\/li>\n<\/ul>\n<h3><b>Jak wybra\u0107 odpowiedni produkt lub sprzedawc\u0119?<\/b><\/h3>\n<ul>\n<li style=\"font-weight: 400;\" aria-level=\"1\"><span style=\"font-weight: 400;\">Sprawd\u017a warunki dostawy i gwarancje \u015bwie\u017co\u015bci.<\/span>&nbsp;<\/li>\n<li style=\"font-weight: 400;\" aria-level=\"1\"><span style=\"font-weight: 400;\">Aby oceni\u0107 rzeczywist\u0105 jako\u015b\u0107, zapoznaj si\u0119 z opiniami klient\u00f3w.<\/span>&nbsp;<\/li>\n<li style=\"font-weight: 400;\" aria-level=\"1\"><span style=\"font-weight: 400;\">Upewnij si\u0119, \u017ce sprzedawca wyra\u017anie podaje sk\u0142ad produktu.<\/span>&nbsp;<\/li>\n<li style=\"font-weight: 400;\" aria-level=\"1\"><span style=\"font-weight: 400;\">sprawd\u017a zasady zwrot\u00f3w i reklamacji.<\/span>&nbsp;<\/li>\n<\/ul>\n<h3><b>Podsumowanie: Dlaczego warto spr\u00f3bowa\u0107 London Pound Cake<\/b><\/h3>\n<p>\u0141atwe do zam\u00f3wienia i bezpiecznie dostarczone pod Twoje drzwi, ciasto London Pound Cake to pozycja obowi\u0105zkowa dla \u0142asuch\u00f3w. Niezale\u017cnie od tego, czy na specjaln\u0105 okazj\u0119, czy na co dzie\u0144, to najlepsze miejsce, aby kupi\u0107 ciasto London Pound Cake online w doskona\u0142ej cenie.<\/p>","protected":false},"excerpt":{"rendered":"<p>Acheter London Pound Cake en ligne : Qualit\u00e9 Premium et Livraison Pratique Le London Pound Cake est un produit unique, reconnu pour sa saveur riche et sa qualit\u00e9 exceptionnelle. Que vous recherchiez un d\u00e9licieux g\u00e2teau ou un produit sp\u00e9cial inspir\u00e9 du c\u00e9l\u00e8bre \u00ab London Pound Cake \u00bb, ce produit conna\u00eet un grand succ\u00e8s en ligne&#8230;.<\/p>","protected":false},"featured_media":362,"comment_status":"open","ping_status":"closed","template":"","meta":{"_kadence_starter_templates_imported_post":false,"_kad_post_transparent":"default","_kad_post_title":"","_kad_post_layout":"default","_kad_post_sidebar_id":"","_kad_post_content_style":"default","_kad_post_vertical_padding":"default","_kad_post_feature":"","_kad_post_feature_position":"","_kad_post_header":false,"_kad_post_footer":false,"_joinchat":[]},"product_brand":[],"product_cat":[17],"product_tag":[],"class_list":{"0":"post-54","1":"product","2":"type-product","3":"status-publish","4":"has-post-thumbnail","6":"product_cat-canabis-en-ligne","8":"first","9":"instock","10":"shipping-taxable","11":"purchasable","12":"product-type-variable","13":"entry","14":"content-bg","15":"loop-entry"},"yoast_head":"<!-- This site is optimized with the Yoast SEO plugin v23.5 - https:\/\/yoast.com\/wordpress\/plugins\/seo\/ -->\n<title>Achetez du London Pound Cake en ligne - London Pound Cake \u00e0 vendre<\/title>\n<meta name=\"description\" content=\"Ne manquez aucune occasion d&#039;acheter du London Pound Cake en ligne dans notre boutique. Nous vendons exclusivement du London Pound Cake \u00e0 des prix avantageux. Nous sommes l\u00e0 pour vous aider. Commandez maintenant !\" \/>\n<meta name=\"robots\" content=\"index, follow, max-snippet:-1, max-image-preview:large, max-video-preview:-1\" \/>\n<link rel=\"canonical\" href=\"https:\/\/herbelegale.com\/pl\/product\/london-pound-cake\/\" \/>\n<meta property=\"og:locale\" content=\"pl_PL\" \/>\n<meta property=\"og:type\" content=\"article\" \/>\n<meta property=\"og:title\" content=\"Achetez du London Pound Cake en ligne - London Pound Cake \u00e0 vendre\" \/>\n<meta property=\"og:description\" content=\"Ne manquez aucune occasion d&#039;acheter du London Pound Cake en ligne dans notre boutique. Nous vendons exclusivement du London Pound Cake \u00e0 des prix avantageux. Nous sommes l\u00e0 pour vous aider. Commandez maintenant !\" \/>\n<meta property=\"og:url\" content=\"https:\/\/herbelegale.com\/pl\/product\/london-pound-cake\/\" \/>\n<meta property=\"og:site_name\" content=\"Herbe L\u00e9gale\" \/>\n<meta property=\"article:modified_time\" content=\"2025-07-21T11:18:25+00:00\" \/>\n<meta property=\"og:image\" content=\"https:\/\/herbelegale.com\/wp-content\/uploads\/2023\/09\/London-Pound-Cake.jpg\" \/>\n\t<meta property=\"og:image:width\" content=\"960\" \/>\n\t<meta property=\"og:image:height\" content=\"1280\" \/>\n\t<meta property=\"og:image:type\" content=\"image\/jpeg\" \/>\n<meta name=\"twitter:card\" content=\"summary_large_image\" \/>\n<meta name=\"twitter:label1\" content=\"Szacowany czas czytania\" \/>\n\t<meta name=\"twitter:data1\" content=\"3 minuty\" \/>\n<script type=\"application\/ld+json\" class=\"yoast-schema-graph\">{\"@context\":\"https:\/\/schema.org\",\"@graph\":[{\"@type\":\"WebPage\",\"@id\":\"https:\/\/herbelegale.com\/product\/london-pound-cake\/\",\"url\":\"https:\/\/herbelegale.com\/product\/london-pound-cake\/\",\"name\":\"Achetez du London Pound Cake en ligne - London Pound Cake \u00e0 vendre\",\"isPartOf\":{\"@id\":\"https:\/\/herbelegale.com\/#website\"},\"primaryImageOfPage\":{\"@id\":\"https:\/\/herbelegale.com\/product\/london-pound-cake\/#primaryimage\"},\"image\":{\"@id\":\"https:\/\/herbelegale.com\/product\/london-pound-cake\/#primaryimage\"},\"thumbnailUrl\":\"https:\/\/herbelegale.com\/wp-content\/uploads\/2023\/09\/London-Pound-Cake.jpg\",\"datePublished\":\"2023-09-22T08:56:41+00:00\",\"dateModified\":\"2025-07-21T11:18:25+00:00\",\"description\":\"Ne manquez aucune occasion d'acheter du London Pound Cake en ligne dans notre boutique. Nous vendons exclusivement du London Pound Cake \u00e0 des prix avantageux. Nous sommes l\u00e0 pour vous aider. Commandez maintenant !\",\"breadcrumb\":{\"@id\":\"https:\/\/herbelegale.com\/product\/london-pound-cake\/#breadcrumb\"},\"inLanguage\":\"pl-PL\",\"potentialAction\":[{\"@type\":\"ReadAction\",\"target\":[\"https:\/\/herbelegale.com\/product\/london-pound-cake\/\"]}]},{\"@type\":\"ImageObject\",\"inLanguage\":\"pl-PL\",\"@id\":\"https:\/\/herbelegale.com\/product\/london-pound-cake\/#primaryimage\",\"url\":\"https:\/\/herbelegale.com\/wp-content\/uploads\/2023\/09\/London-Pound-Cake.jpg\",\"contentUrl\":\"https:\/\/herbelegale.com\/wp-content\/uploads\/2023\/09\/London-Pound-Cake.jpg\",\"width\":960,\"height\":1280,\"caption\":\"London Pound Cake\"},{\"@type\":\"BreadcrumbList\",\"@id\":\"https:\/\/herbelegale.com\/product\/london-pound-cake\/#breadcrumb\",\"itemListElement\":[{\"@type\":\"ListItem\",\"position\":1,\"name\":\"Home\",\"item\":\"https:\/\/herbelegale.com\/\"},{\"@type\":\"ListItem\",\"position\":2,\"name\":\"Boutique\",\"item\":\"https:\/\/herbelegale.com\/boutique\/\"},{\"@type\":\"ListItem\",\"position\":3,\"name\":\"London Pound Cake\"}]},{\"@type\":\"WebSite\",\"@id\":\"https:\/\/herbelegale.com\/#website\",\"url\":\"https:\/\/herbelegale.com\/\",\"name\":\"Herbe L\u00e9gale\",\"description\":\"Acheter de l&#039;herbe en ligne\",\"publisher\":{\"@id\":\"https:\/\/herbelegale.com\/#organization\"},\"potentialAction\":[{\"@type\":\"SearchAction\",\"target\":{\"@type\":\"EntryPoint\",\"urlTemplate\":\"https:\/\/herbelegale.com\/?s={search_term_string}\"},\"query-input\":{\"@type\":\"PropertyValueSpecification\",\"valueRequired\":true,\"valueName\":\"search_term_string\"}}],\"inLanguage\":\"pl-PL\"},{\"@type\":\"Organization\",\"@id\":\"https:\/\/herbelegale.com\/#organization\",\"name\":\"Herbe L\u00e9gale\",\"url\":\"https:\/\/herbelegale.com\/\",\"logo\":{\"@type\":\"ImageObject\",\"inLanguage\":\"pl-PL\",\"@id\":\"https:\/\/herbelegale.com\/#\/schema\/logo\/image\/\",\"url\":\"https:\/\/herbelegale.com\/wp-content\/uploads\/2023\/10\/logo-1.png\",\"contentUrl\":\"https:\/\/herbelegale.com\/wp-content\/uploads\/2023\/10\/logo-1.png\",\"width\":400,\"height\":120,\"caption\":\"Herbe L\u00e9gale\"},\"image\":{\"@id\":\"https:\/\/herbelegale.com\/#\/schema\/logo\/image\/\"}}]}<\/script>\n<!-- \/ Yoast SEO plugin. -->","yoast_head_json":{"title":"Achetez du London Pound Cake en ligne - London Pound Cake \u00e0 vendre","description":"Ne manquez aucune occasion d'acheter du London Pound Cake en ligne dans notre boutique. Nous vendons exclusivement du London Pound Cake \u00e0 des prix avantageux. Nous sommes l\u00e0 pour vous aider. Commandez maintenant !","robots":{"index":"index","follow":"follow","max-snippet":"max-snippet:-1","max-image-preview":"max-image-preview:large","max-video-preview":"max-video-preview:-1"},"canonical":"https:\/\/herbelegale.com\/pl\/product\/london-pound-cake\/","og_locale":"pl_PL","og_type":"article","og_title":"Achetez du London Pound Cake en ligne - London Pound Cake \u00e0 vendre","og_description":"Ne manquez aucune occasion d'acheter du London Pound Cake en ligne dans notre boutique. Nous vendons exclusivement du London Pound Cake \u00e0 des prix avantageux. Nous sommes l\u00e0 pour vous aider. Commandez maintenant !","og_url":"https:\/\/herbelegale.com\/pl\/product\/london-pound-cake\/","og_site_name":"Herbe L\u00e9gale","article_modified_time":"2025-07-21T11:18:25+00:00","og_image":[{"width":960,"height":1280,"url":"https:\/\/herbelegale.com\/wp-content\/uploads\/2023\/09\/London-Pound-Cake.jpg","type":"image\/jpeg"}],"twitter_card":"summary_large_image","twitter_misc":{"Szacowany czas czytania":"3 minuty"},"schema":{"@context":"https:\/\/schema.org","@graph":[{"@type":"WebPage","@id":"https:\/\/herbelegale.com\/product\/london-pound-cake\/","url":"https:\/\/herbelegale.com\/product\/london-pound-cake\/","name":"Achetez du London Pound Cake en ligne - London Pound Cake \u00e0 vendre","isPartOf":{"@id":"https:\/\/herbelegale.com\/#website"},"primaryImageOfPage":{"@id":"https:\/\/herbelegale.com\/product\/london-pound-cake\/#primaryimage"},"image":{"@id":"https:\/\/herbelegale.com\/product\/london-pound-cake\/#primaryimage"},"thumbnailUrl":"https:\/\/herbelegale.com\/wp-content\/uploads\/2023\/09\/London-Pound-Cake.jpg","datePublished":"2023-09-22T08:56:41+00:00","dateModified":"2025-07-21T11:18:25+00:00","description":"Ne manquez aucune occasion d'acheter du London Pound Cake en ligne dans notre boutique. Nous vendons exclusivement du London Pound Cake \u00e0 des prix avantageux. Nous sommes l\u00e0 pour vous aider. Commandez maintenant !","breadcrumb":{"@id":"https:\/\/herbelegale.com\/product\/london-pound-cake\/#breadcrumb"},"inLanguage":"pl-PL","potentialAction":[{"@type":"ReadAction","target":["https:\/\/herbelegale.com\/product\/london-pound-cake\/"]}]},{"@type":"ImageObject","inLanguage":"pl-PL","@id":"https:\/\/herbelegale.com\/product\/london-pound-cake\/#primaryimage","url":"https:\/\/herbelegale.com\/wp-content\/uploads\/2023\/09\/London-Pound-Cake.jpg","contentUrl":"https:\/\/herbelegale.com\/wp-content\/uploads\/2023\/09\/London-Pound-Cake.jpg","width":960,"height":1280,"caption":"London Pound Cake"},{"@type":"BreadcrumbList","@id":"https:\/\/herbelegale.com\/product\/london-pound-cake\/#breadcrumb","itemListElement":[{"@type":"ListItem","position":1,"name":"Home","item":"https:\/\/herbelegale.com\/"},{"@type":"ListItem","position":2,"name":"Boutique","item":"https:\/\/herbelegale.com\/boutique\/"},{"@type":"ListItem","position":3,"name":"London Pound Cake"}]},{"@type":"WebSite","@id":"https:\/\/herbelegale.com\/#website","url":"https:\/\/herbelegale.com\/","name":"Herbe L\u00e9gale","description":"Acheter de l&#039;herbe en ligne","publisher":{"@id":"https:\/\/herbelegale.com\/#organization"},"potentialAction":[{"@type":"SearchAction","target":{"@type":"EntryPoint","urlTemplate":"https:\/\/herbelegale.com\/?s={search_term_string}"},"query-input":{"@type":"PropertyValueSpecification","valueRequired":true,"valueName":"search_term_string"}}],"inLanguage":"pl-PL"},{"@type":"Organization","@id":"https:\/\/herbelegale.com\/#organization","name":"Herbe L\u00e9gale","url":"https:\/\/herbelegale.com\/","logo":{"@type":"ImageObject","inLanguage":"pl-PL","@id":"https:\/\/herbelegale.com\/#\/schema\/logo\/image\/","url":"https:\/\/herbelegale.com\/wp-content\/uploads\/2023\/10\/logo-1.png","contentUrl":"https:\/\/herbelegale.com\/wp-content\/uploads\/2023\/10\/logo-1.png","width":400,"height":120,"caption":"Herbe L\u00e9gale"},"image":{"@id":"https:\/\/herbelegale.com\/#\/schema\/logo\/image\/"}}]}},"_links":{"self":[{"href":"https:\/\/herbelegale.com\/pl\/wp-json\/wp\/v2\/product\/54","targetHints":{"allow":["GET"]}}],"collection":[{"href":"https:\/\/herbelegale.com\/pl\/wp-json\/wp\/v2\/product"}],"about":[{"href":"https:\/\/herbelegale.com\/pl\/wp-json\/wp\/v2\/types\/product"}],"replies":[{"embeddable":true,"href":"https:\/\/herbelegale.com\/pl\/wp-json\/wp\/v2\/comments?post=54"}],"wp:featuredmedia":[{"embeddable":true,"href":"https:\/\/herbelegale.com\/pl\/wp-json\/wp\/v2\/media\/362"}],"wp:attachment":[{"href":"https:\/\/herbelegale.com\/pl\/wp-json\/wp\/v2\/media?parent=54"}],"wp:term":[{"taxonomy":"product_brand","embeddable":true,"href":"https:\/\/herbelegale.com\/pl\/wp-json\/wp\/v2\/product_brand?post=54"},{"taxonomy":"product_cat","embeddable":true,"href":"https:\/\/herbelegale.com\/pl\/wp-json\/wp\/v2\/product_cat?post=54"},{"taxonomy":"product_tag","embeddable":true,"href":"https:\/\/herbelegale.com\/pl\/wp-json\/wp\/v2\/product_tag?post=54"}],"curies":[{"name":"wp","href":"https:\/\/api.w.org\/{rel}","templated":true}]}}