{"id":53,"date":"2023-09-22T08:56:29","date_gmt":"2023-09-22T08:56:29","guid":{"rendered":"https:\/\/nembutalhouse.com\/weed\/?post_type=product&#038;p=53"},"modified":"2025-06-14T11:07:41","modified_gmt":"2025-06-14T11:07:41","slug":"apple-fritter","status":"publish","type":"product","link":"https:\/\/herbelegale.com\/pl\/product\/apple-fritter\/","title":{"rendered":"Apple Fritter"},"content":{"rendered":"<h2><b>Kupuj p\u0105czki jab\u0142kowe online: dlaczego ten klasyk jest tak popularny<\/b><\/h2>\n<h3><b>Wprowadzenie: Czym jest Apple Fritter i dlaczego jest tak popularny?<\/b><\/h3>\n<p><span style=\"font-weight: 400;\">Le <\/span><a href=\"https:\/\/herbelegale.com\/pl\/product\/apple-fritter\/\"><b>beignet aux pommes<\/b><\/a><span style=\"font-weight: 400;\"> Placki jab\u0142kowe to pyszne i rozgrzewaj\u0105ce ciastko znane z mi\u0119kkiej, puszystej sk\u00f3rki i s\u0142odkiego, korzennego nadzienia jab\u0142kowego. Cz\u0119sto lukrowane lub posypywane cukrem, te produkty s\u0105 uwielbiane za smak i rozkosz dla podniebienia. Dzi\u015b placki jab\u0142kowe wychodz\u0105 poza lokalne targi i piekarnie, staj\u0105c si\u0119 podstaw\u0105 oferty online.<\/span><\/p>\n<p><span style=\"font-weight: 400;\">Jego rosn\u0105ca popularno\u015b\u0107 w Internecie wynika ze zwi\u0119kszonego zainteresowania rzemie\u015blniczymi s\u0142odyczami, kt\u00f3re mo\u017cna kupi\u0107 wsz\u0119dzie, bez konieczno\u015bci podr\u00f3\u017cowania, a tak\u017ce ze wzrostu popularno\u015bci zakup\u00f3w spo\u017cywczych online.<\/span><\/p>\n<h3><b>Dlaczego warto kupowa\u0107 p\u0105czki jab\u0142kowe online?<\/b><\/h3>\n<p><span style=\"font-weight: 400;\">Kup jeden <\/span><b>p\u0105czki jab\u0142kowe online<\/b><span style=\"font-weight: 400;\"> oferuje kilka g\u0142\u00f3wnych zalet:<\/span><\/p>\n<ul>\n<li style=\"font-weight: 400;\" aria-level=\"1\"><b>Dyskretna i specjalistyczna dostawa<\/b><span style=\"font-weight: 400;\"> :Twoje zam\u00f3wienie zostanie dostarczone bezpo\u015brednio do Ciebie w starannie zapakowanym opakowaniu, co gwarantuje \u015bwie\u017co\u015b\u0107 i poufno\u015b\u0107.<\/span><span style=\"font-weight: 400;\">\n<p><\/span><\/li>\n<li style=\"font-weight: 400;\" aria-level=\"1\"><b>Dost\u0119pno\u015b\u0107<\/b><span style=\"font-weight: 400;\"> Nawet je\u015bli nie mieszkasz w pobli\u017cu znanej piekarni, mo\u017cesz skosztowa\u0107 doskona\u0142ych produkt\u00f3w rzemie\u015blniczych.<\/span><span style=\"font-weight: 400;\">\n<p><\/span><\/li>\n<li style=\"font-weight: 400;\" aria-level=\"1\"><b>Wygoda<\/b><span style=\"font-weight: 400;\"> :Koniec z podr\u00f3\u017cowaniem i czekaniem w kolejkach \u2014 Twoje ulubione smako\u0142yki s\u0105 zaledwie kilka klikni\u0119\u0107 dalej.<\/span><span style=\"font-weight: 400;\">\n<p><\/span><\/li>\n<\/ul>\n<h3><b>Co sprawia, \u017ce jab\u0142kowe frittery s\u0105 wy\u015bmienite?<\/b><\/h3>\n<p><span style=\"font-weight: 400;\">Aby wybra\u0107 wysokiej jako\u015bci p\u0105czki jab\u0142kowe, zwr\u00f3\u0107 uwag\u0119 na nast\u0119puj\u0105ce kryteria:<\/span><\/p>\n<ul>\n<li style=\"font-weight: 400;\" aria-level=\"1\"><b>Nieskazitelna \u015bwie\u017co\u015b\u0107<\/b><span style=\"font-weight: 400;\"> :\u015awie\u017cy produkt, \u015bwie\u017co przygotowany i szybko wys\u0142any.<\/span><span style=\"font-weight: 400;\">\n<p><\/span><\/li>\n<li style=\"font-weight: 400;\" aria-level=\"1\"><b>Texture parfaite<\/b><span style=\"font-weight: 400;\"> :Ciasto chrupi\u0105ce na zewn\u0105trz i mi\u0119kkie w \u015brodku, z kawa\u0142kami jab\u0142ek, nie rozgniecionymi.<\/span><span style=\"font-weight: 400;\">\n<p><\/span><\/li>\n<li style=\"font-weight: 400;\" aria-level=\"1\"><b>Zr\u00f3wnowa\u017cony smak<\/b><span style=\"font-weight: 400;\"> :Dobra r\u00f3wnowaga mi\u0119dzy cukrem, cynamonem i naturaln\u0105 kwasowo\u015bci\u0105 jab\u0142ka.<\/span><span style=\"font-weight: 400;\">\n<p><\/span><\/li>\n<li style=\"font-weight: 400;\" aria-level=\"1\"><b>Delikatny lukier<\/b><span style=\"font-weight: 400;\"> Cienka, s\u0142odka warstwa, kt\u00f3ra wzbogaca smak p\u0105czka, nie przy\u0107miewaj\u0105c jego aromatu.<\/span><span style=\"font-weight: 400;\">\n<p><\/span><\/li>\n<\/ul>\n<h3><b>Najlepsze platformy do zamawiania p\u0105czk\u00f3w jab\u0142kowych online<\/b><\/h3>\n<p><span style=\"font-weight: 400;\">Oto kilka niezawodnych platform dla <\/span><b>kupowa\u0107 <a href=\"https:\/\/en.wikipedia.org\/wiki\/Fritter\">des beignets aux pommes<\/a> en ligne<\/b><span style=\"font-weight: 400;\"> :<\/span><\/p>\n<ul>\n<li style=\"font-weight: 400;\" aria-level=\"1\"><b>Farmhouse Bakes<\/b><span style=\"font-weight: 400;\"> :Ekologiczne sk\u0142adniki, szybka wysy\u0142ka na terenie ca\u0142ej Francji.<\/span><span style=\"font-weight: 400;\">\n<p><\/span><\/li>\n<li style=\"font-weight: 400;\" aria-level=\"1\"><b>Golden Glaze Co.<\/b><span style=\"font-weight: 400;\"> :Szeroki wyb\u00f3r wypiek\u00f3w gourmet.<\/span><span style=\"font-weight: 400;\">\n<p><\/span><\/li>\n<li style=\"font-weight: 400;\" aria-level=\"1\"><b>Etsy (Fritter &amp; Co.)<\/b><span style=\"font-weight: 400;\"> :Ma\u0142e, r\u0119cznie robione i dostosowywane serie.<\/span><span style=\"font-weight: 400;\">\n<p><\/span><\/li>\n<li style=\"font-weight: 400;\" aria-level=\"1\"><b>Crumb &amp; Core Box<\/b><span style=\"font-weight: 400;\"> :Miesi\u0119czna prenumerata sezonowych wypiek\u00f3w.<\/span><span style=\"font-weight: 400;\">\n<p><\/span><\/li>\n<li style=\"font-weight: 400;\" aria-level=\"1\"><b>AppleDelight Local Bakehouse<\/b><span style=\"font-weight: 400;\"> :Przyst\u0119pne ceny i dobra jako\u015b\u0107 regionalna.<\/span><span style=\"font-weight: 400;\">\n<p><\/span><\/li>\n<\/ul>\n<h3><b>Jak wybra\u0107 odpowiedni produkt lub sprzedawc\u0119?<\/b><\/h3>\n<p><span style=\"font-weight: 400;\">Przed z\u0142o\u017ceniem zam\u00f3wienia sprawd\u017a:<\/span><\/p>\n<ul>\n<li style=\"font-weight: 400;\" aria-level=\"1\"><b>Conditions d\u2019exp\u00e9dition<\/b><span style=\"font-weight: 400;\"> :Preferuj opakowania gwarantuj\u0105ce \u015bwie\u017co\u015b\u0107 (pakowane pr\u00f3\u017cniowo, w ch\u0142odzie).<\/span><span style=\"font-weight: 400;\">\n<p><\/span><\/li>\n<li style=\"font-weight: 400;\" aria-level=\"1\"><b>(4 opinie klient\u00f3w)<\/b><span style=\"font-weight: 400;\"> :Rzeczywiste opinie s\u0105 dobrym wska\u017anikiem jako\u015bci.<\/span><span style=\"font-weight: 400;\">\n<p><\/span><\/li>\n<li style=\"font-weight: 400;\" aria-level=\"1\"><b>Satysfakcja gwarantowana<\/b><span style=\"font-weight: 400;\"> :Wybierz sprzedawc\u0119, kt\u00f3ry oferuje zwrot pieni\u0119dzy lub wymian\u0119 w razie problemu.<\/span><span style=\"font-weight: 400;\">\n<p><\/span><\/li>\n<li style=\"font-weight: 400;\" aria-level=\"1\"><b>Przejrzysto\u015b\u0107 sk\u0142adnik\u00f3w<\/b><span style=\"font-weight: 400;\"> :Preferuj produkty bez konserwant\u00f3w i z naturalnymi sk\u0142adnikami.<\/span><span style=\"font-weight: 400;\">\n<p><\/span><\/li>\n<\/ul>\n<h3><b>Podsumowanie: Dlaczego warto spr\u00f3bowa\u0107 p\u0105czk\u00f3w jab\u0142kowych i gdzie je kupi\u0107?<\/b><\/h3>\n<p><span style=\"font-weight: 400;\">Le <\/span><b>beignet aux pommes<\/b><span style=\"font-weight: 400;\"> to niezb\u0119dny element s\u0142odkiej przyjemno\u015bci, oferuj\u0105cy ciep\u0142e i rozkoszne doznania smakowe. Z mo\u017cliwo\u015bci\u0105<\/span><b>acheter des beignets aux pommes en ligne<\/b><span style=\"font-weight: 400;\">Mo\u017cesz cieszy\u0107 si\u0119 tym klasykiem w domu, o ka\u017cdej porze, bez kompromis\u00f3w w kwestii jako\u015bci. Niezale\u017cnie od tego, czy szukasz produktu, <\/span><b>prix abordable<\/b><span style=\"font-weight: 400;\"> ou une cr\u00e9ation artisanale exclusive, il existe un <\/span><b>najlepsze miejsce do kupienia p\u0105czk\u00f3w jab\u0142kowych online<\/b><span style=\"font-weight: 400;\"> kt\u00f3ry spe\u0142ni Twoje oczekiwania.<\/span><\/p>\n<h2><\/h2>","protected":false},"excerpt":{"rendered":"<p>Acheter des Beignets aux Pommes en Ligne : Pourquoi ce Classique est si Populaire Introduction : Qu\u2019est-ce qu\u2019un Beignet aux Pommes et Pourquoi est-il en Demande ? Le beignet aux pommes est une p\u00e2tisserie d\u00e9licieuse et r\u00e9confortante, connue pour sa p\u00e2te moelleuse et son c\u0153ur rempli de morceaux de pommes sucr\u00e9es et \u00e9pic\u00e9es. Souvent glac\u00e9&#8230;<\/p>","protected":false},"featured_media":361,"comment_status":"open","ping_status":"closed","template":"","meta":{"_kadence_starter_templates_imported_post":false,"_kad_post_transparent":"default","_kad_post_title":"","_kad_post_layout":"default","_kad_post_sidebar_id":"","_kad_post_content_style":"default","_kad_post_vertical_padding":"default","_kad_post_feature":"","_kad_post_feature_position":"","_kad_post_header":false,"_kad_post_footer":false,"_joinchat":[]},"product_brand":[],"product_cat":[17],"product_tag":[],"class_list":{"0":"post-53","1":"product","2":"type-product","3":"status-publish","4":"has-post-thumbnail","6":"product_cat-canabis-en-ligne","8":"first","9":"instock","10":"shipping-taxable","11":"purchasable","12":"product-type-variable","13":"entry","14":"content-bg","15":"loop-entry"},"yoast_head":"<!-- This site is optimized with the Yoast SEO plugin v23.5 - https:\/\/yoast.com\/wordpress\/plugins\/seo\/ -->\n<title>Vente de beignets aux pommes - Achetez des beignets aux pommes en ligne<\/title>\n<meta name=\"description\" content=\"Vous pouvez obtenir des beignets aux pommes en vente aux meilleurs prix dans notre boutique en ligne. Nous sommes l\u00e0 pour vous aider \u00e0 acheter des beignets aux pommes en ligne. Connectez-vous au meilleur magasin de la ville d\u00e8s aujourd&#039;hui\u00a0!\" \/>\n<meta name=\"robots\" content=\"index, follow, max-snippet:-1, max-image-preview:large, max-video-preview:-1\" \/>\n<link rel=\"canonical\" href=\"https:\/\/herbelegale.com\/pl\/product\/apple-fritter\/\" \/>\n<meta property=\"og:locale\" content=\"pl_PL\" \/>\n<meta property=\"og:type\" content=\"article\" \/>\n<meta property=\"og:title\" content=\"Vente de beignets aux pommes - Achetez des beignets aux pommes en ligne\" \/>\n<meta property=\"og:description\" content=\"Vous pouvez obtenir des beignets aux pommes en vente aux meilleurs prix dans notre boutique en ligne. Nous sommes l\u00e0 pour vous aider \u00e0 acheter des beignets aux pommes en ligne. Connectez-vous au meilleur magasin de la ville d\u00e8s aujourd&#039;hui\u00a0!\" \/>\n<meta property=\"og:url\" content=\"https:\/\/herbelegale.com\/pl\/product\/apple-fritter\/\" \/>\n<meta property=\"og:site_name\" content=\"Herbe L\u00e9gale\" \/>\n<meta property=\"article:modified_time\" content=\"2025-06-14T11:07:41+00:00\" \/>\n<meta property=\"og:image\" content=\"https:\/\/herbelegale.com\/wp-content\/uploads\/2023\/09\/Apple-Fritter.jpg\" \/>\n\t<meta property=\"og:image:width\" content=\"960\" \/>\n\t<meta property=\"og:image:height\" content=\"1280\" \/>\n\t<meta property=\"og:image:type\" content=\"image\/jpeg\" \/>\n<meta name=\"twitter:card\" content=\"summary_large_image\" \/>\n<meta name=\"twitter:label1\" content=\"Szacowany czas czytania\" \/>\n\t<meta name=\"twitter:data1\" content=\"3 minuty\" \/>\n<script type=\"application\/ld+json\" class=\"yoast-schema-graph\">{\"@context\":\"https:\/\/schema.org\",\"@graph\":[{\"@type\":\"WebPage\",\"@id\":\"https:\/\/herbelegale.com\/product\/apple-fritter\/\",\"url\":\"https:\/\/herbelegale.com\/product\/apple-fritter\/\",\"name\":\"Vente de beignets aux pommes - Achetez des beignets aux pommes en ligne\",\"isPartOf\":{\"@id\":\"https:\/\/herbelegale.com\/#website\"},\"primaryImageOfPage\":{\"@id\":\"https:\/\/herbelegale.com\/product\/apple-fritter\/#primaryimage\"},\"image\":{\"@id\":\"https:\/\/herbelegale.com\/product\/apple-fritter\/#primaryimage\"},\"thumbnailUrl\":\"https:\/\/herbelegale.com\/wp-content\/uploads\/2023\/09\/Apple-Fritter.jpg\",\"datePublished\":\"2023-09-22T08:56:29+00:00\",\"dateModified\":\"2025-06-14T11:07:41+00:00\",\"description\":\"Vous pouvez obtenir des beignets aux pommes en vente aux meilleurs prix dans notre boutique en ligne. Nous sommes l\u00e0 pour vous aider \u00e0 acheter des beignets aux pommes en ligne. Connectez-vous au meilleur magasin de la ville d\u00e8s aujourd'hui\u00a0!\",\"breadcrumb\":{\"@id\":\"https:\/\/herbelegale.com\/product\/apple-fritter\/#breadcrumb\"},\"inLanguage\":\"pl-PL\",\"potentialAction\":[{\"@type\":\"ReadAction\",\"target\":[\"https:\/\/herbelegale.com\/product\/apple-fritter\/\"]}]},{\"@type\":\"ImageObject\",\"inLanguage\":\"pl-PL\",\"@id\":\"https:\/\/herbelegale.com\/product\/apple-fritter\/#primaryimage\",\"url\":\"https:\/\/herbelegale.com\/wp-content\/uploads\/2023\/09\/Apple-Fritter.jpg\",\"contentUrl\":\"https:\/\/herbelegale.com\/wp-content\/uploads\/2023\/09\/Apple-Fritter.jpg\",\"width\":960,\"height\":1280,\"caption\":\"Apple Fritter\"},{\"@type\":\"BreadcrumbList\",\"@id\":\"https:\/\/herbelegale.com\/product\/apple-fritter\/#breadcrumb\",\"itemListElement\":[{\"@type\":\"ListItem\",\"position\":1,\"name\":\"Home\",\"item\":\"https:\/\/herbelegale.com\/\"},{\"@type\":\"ListItem\",\"position\":2,\"name\":\"Boutique\",\"item\":\"https:\/\/herbelegale.com\/boutique\/\"},{\"@type\":\"ListItem\",\"position\":3,\"name\":\"Apple Fritter\"}]},{\"@type\":\"WebSite\",\"@id\":\"https:\/\/herbelegale.com\/#website\",\"url\":\"https:\/\/herbelegale.com\/\",\"name\":\"Herbe L\u00e9gale\",\"description\":\"Acheter de l&#039;herbe en ligne\",\"publisher\":{\"@id\":\"https:\/\/herbelegale.com\/#organization\"},\"potentialAction\":[{\"@type\":\"SearchAction\",\"target\":{\"@type\":\"EntryPoint\",\"urlTemplate\":\"https:\/\/herbelegale.com\/?s={search_term_string}\"},\"query-input\":{\"@type\":\"PropertyValueSpecification\",\"valueRequired\":true,\"valueName\":\"search_term_string\"}}],\"inLanguage\":\"pl-PL\"},{\"@type\":\"Organization\",\"@id\":\"https:\/\/herbelegale.com\/#organization\",\"name\":\"Herbe L\u00e9gale\",\"url\":\"https:\/\/herbelegale.com\/\",\"logo\":{\"@type\":\"ImageObject\",\"inLanguage\":\"pl-PL\",\"@id\":\"https:\/\/herbelegale.com\/#\/schema\/logo\/image\/\",\"url\":\"https:\/\/herbelegale.com\/wp-content\/uploads\/2023\/10\/logo-1.png\",\"contentUrl\":\"https:\/\/herbelegale.com\/wp-content\/uploads\/2023\/10\/logo-1.png\",\"width\":400,\"height\":120,\"caption\":\"Herbe L\u00e9gale\"},\"image\":{\"@id\":\"https:\/\/herbelegale.com\/#\/schema\/logo\/image\/\"}}]}<\/script>\n<!-- \/ Yoast SEO plugin. -->","yoast_head_json":{"title":"Vente de beignets aux pommes - Achetez des beignets aux pommes en ligne","description":"Vous pouvez obtenir des beignets aux pommes en vente aux meilleurs prix dans notre boutique en ligne. Nous sommes l\u00e0 pour vous aider \u00e0 acheter des beignets aux pommes en ligne. Connectez-vous au meilleur magasin de la ville d\u00e8s aujourd'hui\u00a0!","robots":{"index":"index","follow":"follow","max-snippet":"max-snippet:-1","max-image-preview":"max-image-preview:large","max-video-preview":"max-video-preview:-1"},"canonical":"https:\/\/herbelegale.com\/pl\/product\/apple-fritter\/","og_locale":"pl_PL","og_type":"article","og_title":"Vente de beignets aux pommes - Achetez des beignets aux pommes en ligne","og_description":"Vous pouvez obtenir des beignets aux pommes en vente aux meilleurs prix dans notre boutique en ligne. Nous sommes l\u00e0 pour vous aider \u00e0 acheter des beignets aux pommes en ligne. Connectez-vous au meilleur magasin de la ville d\u00e8s aujourd'hui\u00a0!","og_url":"https:\/\/herbelegale.com\/pl\/product\/apple-fritter\/","og_site_name":"Herbe L\u00e9gale","article_modified_time":"2025-06-14T11:07:41+00:00","og_image":[{"width":960,"height":1280,"url":"https:\/\/herbelegale.com\/wp-content\/uploads\/2023\/09\/Apple-Fritter.jpg","type":"image\/jpeg"}],"twitter_card":"summary_large_image","twitter_misc":{"Szacowany czas czytania":"3 minuty"},"schema":{"@context":"https:\/\/schema.org","@graph":[{"@type":"WebPage","@id":"https:\/\/herbelegale.com\/product\/apple-fritter\/","url":"https:\/\/herbelegale.com\/product\/apple-fritter\/","name":"Vente de beignets aux pommes - Achetez des beignets aux pommes en ligne","isPartOf":{"@id":"https:\/\/herbelegale.com\/#website"},"primaryImageOfPage":{"@id":"https:\/\/herbelegale.com\/product\/apple-fritter\/#primaryimage"},"image":{"@id":"https:\/\/herbelegale.com\/product\/apple-fritter\/#primaryimage"},"thumbnailUrl":"https:\/\/herbelegale.com\/wp-content\/uploads\/2023\/09\/Apple-Fritter.jpg","datePublished":"2023-09-22T08:56:29+00:00","dateModified":"2025-06-14T11:07:41+00:00","description":"Vous pouvez obtenir des beignets aux pommes en vente aux meilleurs prix dans notre boutique en ligne. Nous sommes l\u00e0 pour vous aider \u00e0 acheter des beignets aux pommes en ligne. Connectez-vous au meilleur magasin de la ville d\u00e8s aujourd'hui\u00a0!","breadcrumb":{"@id":"https:\/\/herbelegale.com\/product\/apple-fritter\/#breadcrumb"},"inLanguage":"pl-PL","potentialAction":[{"@type":"ReadAction","target":["https:\/\/herbelegale.com\/product\/apple-fritter\/"]}]},{"@type":"ImageObject","inLanguage":"pl-PL","@id":"https:\/\/herbelegale.com\/product\/apple-fritter\/#primaryimage","url":"https:\/\/herbelegale.com\/wp-content\/uploads\/2023\/09\/Apple-Fritter.jpg","contentUrl":"https:\/\/herbelegale.com\/wp-content\/uploads\/2023\/09\/Apple-Fritter.jpg","width":960,"height":1280,"caption":"Apple Fritter"},{"@type":"BreadcrumbList","@id":"https:\/\/herbelegale.com\/product\/apple-fritter\/#breadcrumb","itemListElement":[{"@type":"ListItem","position":1,"name":"Home","item":"https:\/\/herbelegale.com\/"},{"@type":"ListItem","position":2,"name":"Boutique","item":"https:\/\/herbelegale.com\/boutique\/"},{"@type":"ListItem","position":3,"name":"Apple Fritter"}]},{"@type":"WebSite","@id":"https:\/\/herbelegale.com\/#website","url":"https:\/\/herbelegale.com\/","name":"Herbe L\u00e9gale","description":"Acheter de l&#039;herbe en ligne","publisher":{"@id":"https:\/\/herbelegale.com\/#organization"},"potentialAction":[{"@type":"SearchAction","target":{"@type":"EntryPoint","urlTemplate":"https:\/\/herbelegale.com\/?s={search_term_string}"},"query-input":{"@type":"PropertyValueSpecification","valueRequired":true,"valueName":"search_term_string"}}],"inLanguage":"pl-PL"},{"@type":"Organization","@id":"https:\/\/herbelegale.com\/#organization","name":"Herbe L\u00e9gale","url":"https:\/\/herbelegale.com\/","logo":{"@type":"ImageObject","inLanguage":"pl-PL","@id":"https:\/\/herbelegale.com\/#\/schema\/logo\/image\/","url":"https:\/\/herbelegale.com\/wp-content\/uploads\/2023\/10\/logo-1.png","contentUrl":"https:\/\/herbelegale.com\/wp-content\/uploads\/2023\/10\/logo-1.png","width":400,"height":120,"caption":"Herbe L\u00e9gale"},"image":{"@id":"https:\/\/herbelegale.com\/#\/schema\/logo\/image\/"}}]}},"_links":{"self":[{"href":"https:\/\/herbelegale.com\/pl\/wp-json\/wp\/v2\/product\/53","targetHints":{"allow":["GET"]}}],"collection":[{"href":"https:\/\/herbelegale.com\/pl\/wp-json\/wp\/v2\/product"}],"about":[{"href":"https:\/\/herbelegale.com\/pl\/wp-json\/wp\/v2\/types\/product"}],"replies":[{"embeddable":true,"href":"https:\/\/herbelegale.com\/pl\/wp-json\/wp\/v2\/comments?post=53"}],"wp:featuredmedia":[{"embeddable":true,"href":"https:\/\/herbelegale.com\/pl\/wp-json\/wp\/v2\/media\/361"}],"wp:attachment":[{"href":"https:\/\/herbelegale.com\/pl\/wp-json\/wp\/v2\/media?parent=53"}],"wp:term":[{"taxonomy":"product_brand","embeddable":true,"href":"https:\/\/herbelegale.com\/pl\/wp-json\/wp\/v2\/product_brand?post=53"},{"taxonomy":"product_cat","embeddable":true,"href":"https:\/\/herbelegale.com\/pl\/wp-json\/wp\/v2\/product_cat?post=53"},{"taxonomy":"product_tag","embeddable":true,"href":"https:\/\/herbelegale.com\/pl\/wp-json\/wp\/v2\/product_tag?post=53"}],"curies":[{"name":"wp","href":"https:\/\/api.w.org\/{rel}","templated":true}]}}