{"id":43,"date":"2023-09-22T08:50:01","date_gmt":"2023-09-22T08:50:01","guid":{"rendered":"https:\/\/nembutalhouse.com\/weed\/?post_type=product&#038;p=43"},"modified":"2025-07-21T12:28:21","modified_gmt":"2025-07-21T12:28:21","slug":"pina-colada","status":"publish","type":"product","link":"https:\/\/herbelegale.com\/pl\/product\/pina-colada\/","title":{"rendered":"Pina Colada"},"content":{"rendered":"<h2><b>Kup Pina Colad\u0119 online: \u015bwie\u017co\u015b\u0107 i egzotyczne smaki na wyci\u0105gni\u0119cie r\u0119ki<\/b><\/h2>\n<p>La <a href=\"https:\/\/herbelegale.com\/pl\/product\/pina-colada\/\">Pina Colada<\/a> Pina Colada to co\u015b wi\u0119cej ni\u017c tropikalny koktajl, kt\u00f3ry cieszy si\u0119 popularno\u015bci\u0105 na ca\u0142ym \u015bwiecie. Termin ten mo\u017ce r\u00f3wnie\u017c odnosi\u0107 si\u0119 do produkt\u00f3w pochodnych, edycji tematycznych, a nawet s\u0142odyczy i napoj\u00f3w inspirowanych tym klasykiem. Dzi\u0119ki swojemu nieodpartemu po\u0142\u0105czeniu ananasa, kokosa i rumu, Pina Colada zdobywa coraz wi\u0119ksze uznanie konsument\u00f3w.<\/p>\n<p>Actuellement, la <a href=\"https:\/\/en.wikipedia.org\/wiki\/Pi%C3%B1a_colada\">Pina Colada jest bardzo modna w Internecie<\/a> :popyt ro\u015bnie w zawrotnym tempie dzi\u0119ki \u0142atwo\u015bci zamawiania produkt\u00f3w tematycznych i gourmet bezpo\u015brednio z domu, szczeg\u00f3lnie w kontek\u015bcie, w kt\u00f3rym preferowana jest dostawa do domu.<\/p>\n<h3><b>Dlaczego warto kupi\u0107 Pina Colad\u0119 online?<\/b><\/h3>\n<p>Zakup tego produktu online ma kilka istotnych zalet:<\/p>\n<ul>\n<li style=\"font-weight: 400;\" aria-level=\"1\">Dyskretna i specjalistyczna dostawa: idealne rozwi\u0105zanie, je\u015bli chcesz otrzyma\u0107 swoje ulubione produkty z zachowaniem ca\u0142kowitej poufno\u015bci.<\/li>\n<li style=\"font-weight: 400;\" aria-level=\"1\">Szeroki wyb\u00f3r i ekskluzywne produkty: dost\u0119p do oryginalnych lub rzemie\u015blniczych wariant\u00f3w, kt\u00f3re trudno znale\u017a\u0107 w sklepach.<\/li>\n<li style=\"font-weight: 400;\" aria-level=\"1\">Oszcz\u0119d\u017a czas: zam\u00f3w prosto ze swojej kanapy, a przesy\u0142ka zostanie szybko dostarczona do Twojego domu.<\/li>\n<li style=\"font-weight: 400;\" aria-level=\"1\">Gwarancja najlepszej ceny: skorzystaj z cz\u0119stych promocji i konkurencyjnych cen, zw\u0142aszcza w przypadku produkt\u00f3w wysokiej jako\u015bci.<\/li>\n<\/ul>\n<h3><b>Co sprawia, \u017ce Pina Colad\u0119 mo\u017cna uzna\u0107 za znakomit\u0105?<\/b><\/h3>\n<p><span style=\"font-weight: 400;\">Aby Pi\u00f1a Colada okaza\u0142a si\u0119 sukcesem, konieczne jest spe\u0142nienie kilku kryteri\u00f3w:<\/span><\/p>\n<ul>\n<li style=\"font-weight: 400;\" aria-level=\"1\">\u015awie\u017ce i naturalne sk\u0142adniki: dojrza\u0142y ananas, autentyczna \u015bmietanka kokosowa i wysokiej jako\u015bci rum.<\/li>\n<li style=\"font-weight: 400;\" aria-level=\"1\">Idealna r\u00f3wnowaga smak\u00f3w: nie za s\u0142odka, nie za mocna, o g\u0142adkiej i orze\u017awiaj\u0105cej konsystencji.<\/li>\n<li style=\"font-weight: 400;\" aria-level=\"1\">Staranne opakowanie: atrakcyjne opakowanie gwarantuj\u0105ce \u015bwie\u017co\u015b\u0107 i praktyczno\u015b\u0107.<\/li>\n<li style=\"font-weight: 400;\" aria-level=\"1\">Warianty rzemie\u015blnicze lub premium: Produkty wytwarzane r\u0119cznie lub w ma\u0142ych partiach zapewniaj\u0105 doskona\u0142e doznania smakowe.<\/li>\n<\/ul>\n<h3><b>Najlepsze platformy do zamawiania Pina Colady online<\/b><\/h3>\n<ul>\n<li style=\"font-weight: 400;\" aria-level=\"1\">Sklepy internetowe specjalizuj\u0105ce si\u0119 w napojach i koktajlach: cz\u0119sto oznaczone etykiet\u0105, z gwarancj\u0105 jako\u015bci.<\/li>\n<li style=\"font-weight: 400;\" aria-level=\"1\">Targi rzemie\u015blnicze (Etsy itp.): produkty unikatowe i r\u0119kodzielnicze.<\/li>\n<li style=\"font-weight: 400;\" aria-level=\"1\">Og\u00f3lne strony oferuj\u0105ce dostaw\u0119 jedzenia: szybko\u015b\u0107 i \u0142atwo\u015b\u0107 zakupu.<\/li>\n<li style=\"font-weight: 400;\" aria-level=\"1\">Baarit ja tislaamot, jotka tarjoavat suoratoimitusta: tuoreus ja aitous taattu.<\/li>\n<\/ul>\n<h3><b>Jak wybra\u0107 odpowiedni produkt lub sprzedawc\u0119?<\/b><\/h3>\n<ul>\n<li style=\"font-weight: 400;\" aria-level=\"1\">Tarkista asiakasarvostelut: ne heijastavat todellista laatua ja ostokokemusta.<\/li>\n<li style=\"font-weight: 400;\" aria-level=\"1\">Dowiedz si\u0119 wi\u0119cej o pochodzeniu i sk\u0142adnikach: przejrzysto\u015b\u0107 jest kluczowa.<\/li>\n<li style=\"font-weight: 400;\" aria-level=\"1\">Sprawd\u017a warunki dostawy i gwarancje \u015bwie\u017co\u015bci.<\/li>\n<li style=\"font-weight: 400;\" aria-level=\"1\">Wybieraj sprzedawc\u00f3w, kt\u00f3rzy oferuj\u0105 przejrzyst\u0105 obs\u0142ug\u0119 posprzeda\u017cow\u0105 i mo\u017cliwo\u015b\u0107 zwrotu pieni\u0119dzy.<\/li>\n<\/ul>\n<h3><b>Podsumowanie: Dlaczego warto spr\u00f3bowa\u0107 Pina Colady i gdzie j\u0105 kupi\u0107<\/b><\/h3>\n<p>Pina Colada to zaproszenie do podr\u00f3\u017cy i relaksu, \u0142atwo dost\u0119pne online. Niezale\u017cnie od tego, czy chodzi o aperitif, imprez\u0119 tematyczn\u0105, czy po prostu o przyjemno\u015b\u0107 dla siebie, to najlepsze miejsce na zakup Pina Colady online dzi\u0119ki jej r\u00f3\u017cnorodno\u015bci, jako\u015bci i wygodnej dostawie.<\/p>\n<p>&nbsp;<\/p>","protected":false},"excerpt":{"rendered":"<p>Acheter Pina Colada en ligne : Fra\u00eecheur et Saveurs Exotiques \u00e0 Port\u00e9e de Clic La Pina Colada est bien plus qu\u2019un cocktail tropical appr\u00e9ci\u00e9 dans le monde entier. Ce terme peut aussi d\u00e9signer des produits d\u00e9riv\u00e9s, des \u00e9ditions th\u00e9matiques, ou m\u00eame des douceurs et boissons inspir\u00e9es de ce classique. Avec sa combinaison irr\u00e9sistible d\u2019ananas, de&#8230;<\/p>","protected":false},"featured_media":352,"comment_status":"open","ping_status":"closed","template":"","meta":{"_kadence_starter_templates_imported_post":false,"_kad_post_transparent":"default","_kad_post_title":"","_kad_post_layout":"default","_kad_post_sidebar_id":"","_kad_post_content_style":"default","_kad_post_vertical_padding":"default","_kad_post_feature":"","_kad_post_feature_position":"","_kad_post_header":false,"_kad_post_footer":false,"_joinchat":[]},"product_brand":[],"product_cat":[17],"product_tag":[],"class_list":{"0":"post-43","1":"product","2":"type-product","3":"status-publish","4":"has-post-thumbnail","6":"product_cat-canabis-en-ligne","8":"first","9":"instock","10":"shipping-taxable","11":"purchasable","12":"product-type-variable","13":"entry","14":"content-bg","15":"loop-entry"},"yoast_head":"<!-- This site is optimized with the Yoast SEO plugin v23.5 - https:\/\/yoast.com\/wordpress\/plugins\/seo\/ -->\n<title>Achetez Pina Colada en ligne - Pina Colada \u00e0 vendre - Commandez Pina Colada<\/title>\n<meta name=\"description\" content=\"Si vous souhaitez acheter de la Pina Colada, nous sommes le bon choix pour vous. Notre personnel vous aidera \u00e0 acheter de la Pina Colada en ligne \u00e0 des prix avantageux. Passez votre commande chez nous !\" \/>\n<meta name=\"robots\" content=\"index, follow, max-snippet:-1, max-image-preview:large, max-video-preview:-1\" \/>\n<link rel=\"canonical\" href=\"https:\/\/herbelegale.com\/pl\/product\/pina-colada\/\" \/>\n<meta property=\"og:locale\" content=\"pl_PL\" \/>\n<meta property=\"og:type\" content=\"article\" \/>\n<meta property=\"og:title\" content=\"Achetez Pina Colada en ligne - Pina Colada \u00e0 vendre - Commandez Pina Colada\" \/>\n<meta property=\"og:description\" content=\"Si vous souhaitez acheter de la Pina Colada, nous sommes le bon choix pour vous. Notre personnel vous aidera \u00e0 acheter de la Pina Colada en ligne \u00e0 des prix avantageux. Passez votre commande chez nous !\" \/>\n<meta property=\"og:url\" content=\"https:\/\/herbelegale.com\/pl\/product\/pina-colada\/\" \/>\n<meta property=\"og:site_name\" content=\"Herbe L\u00e9gale\" \/>\n<meta property=\"article:modified_time\" content=\"2025-07-21T12:28:21+00:00\" \/>\n<meta property=\"og:image\" content=\"https:\/\/herbelegale.com\/wp-content\/uploads\/2023\/09\/Pina-Colada.jpg\" \/>\n\t<meta property=\"og:image:width\" content=\"960\" \/>\n\t<meta property=\"og:image:height\" content=\"1280\" \/>\n\t<meta property=\"og:image:type\" content=\"image\/jpeg\" \/>\n<meta name=\"twitter:card\" content=\"summary_large_image\" \/>\n<meta name=\"twitter:label1\" content=\"Szacowany czas czytania\" \/>\n\t<meta name=\"twitter:data1\" content=\"3 minuty\" \/>\n<script type=\"application\/ld+json\" class=\"yoast-schema-graph\">{\"@context\":\"https:\/\/schema.org\",\"@graph\":[{\"@type\":\"WebPage\",\"@id\":\"https:\/\/herbelegale.com\/product\/pina-colada\/\",\"url\":\"https:\/\/herbelegale.com\/product\/pina-colada\/\",\"name\":\"Achetez Pina Colada en ligne - Pina Colada \u00e0 vendre - Commandez Pina Colada\",\"isPartOf\":{\"@id\":\"https:\/\/herbelegale.com\/#website\"},\"primaryImageOfPage\":{\"@id\":\"https:\/\/herbelegale.com\/product\/pina-colada\/#primaryimage\"},\"image\":{\"@id\":\"https:\/\/herbelegale.com\/product\/pina-colada\/#primaryimage\"},\"thumbnailUrl\":\"https:\/\/herbelegale.com\/wp-content\/uploads\/2023\/09\/Pina-Colada.jpg\",\"datePublished\":\"2023-09-22T08:50:01+00:00\",\"dateModified\":\"2025-07-21T12:28:21+00:00\",\"description\":\"Si vous souhaitez acheter de la Pina Colada, nous sommes le bon choix pour vous. Notre personnel vous aidera \u00e0 acheter de la Pina Colada en ligne \u00e0 des prix avantageux. Passez votre commande chez nous !\",\"breadcrumb\":{\"@id\":\"https:\/\/herbelegale.com\/product\/pina-colada\/#breadcrumb\"},\"inLanguage\":\"pl-PL\",\"potentialAction\":[{\"@type\":\"ReadAction\",\"target\":[\"https:\/\/herbelegale.com\/product\/pina-colada\/\"]}]},{\"@type\":\"ImageObject\",\"inLanguage\":\"pl-PL\",\"@id\":\"https:\/\/herbelegale.com\/product\/pina-colada\/#primaryimage\",\"url\":\"https:\/\/herbelegale.com\/wp-content\/uploads\/2023\/09\/Pina-Colada.jpg\",\"contentUrl\":\"https:\/\/herbelegale.com\/wp-content\/uploads\/2023\/09\/Pina-Colada.jpg\",\"width\":960,\"height\":1280,\"caption\":\"Pina Colada\"},{\"@type\":\"BreadcrumbList\",\"@id\":\"https:\/\/herbelegale.com\/product\/pina-colada\/#breadcrumb\",\"itemListElement\":[{\"@type\":\"ListItem\",\"position\":1,\"name\":\"Home\",\"item\":\"https:\/\/herbelegale.com\/\"},{\"@type\":\"ListItem\",\"position\":2,\"name\":\"Boutique\",\"item\":\"https:\/\/herbelegale.com\/boutique\/\"},{\"@type\":\"ListItem\",\"position\":3,\"name\":\"Pina Colada\"}]},{\"@type\":\"WebSite\",\"@id\":\"https:\/\/herbelegale.com\/#website\",\"url\":\"https:\/\/herbelegale.com\/\",\"name\":\"Herbe L\u00e9gale\",\"description\":\"Acheter de l&#039;herbe en ligne\",\"publisher\":{\"@id\":\"https:\/\/herbelegale.com\/#organization\"},\"potentialAction\":[{\"@type\":\"SearchAction\",\"target\":{\"@type\":\"EntryPoint\",\"urlTemplate\":\"https:\/\/herbelegale.com\/?s={search_term_string}\"},\"query-input\":{\"@type\":\"PropertyValueSpecification\",\"valueRequired\":true,\"valueName\":\"search_term_string\"}}],\"inLanguage\":\"pl-PL\"},{\"@type\":\"Organization\",\"@id\":\"https:\/\/herbelegale.com\/#organization\",\"name\":\"Herbe L\u00e9gale\",\"url\":\"https:\/\/herbelegale.com\/\",\"logo\":{\"@type\":\"ImageObject\",\"inLanguage\":\"pl-PL\",\"@id\":\"https:\/\/herbelegale.com\/#\/schema\/logo\/image\/\",\"url\":\"https:\/\/herbelegale.com\/wp-content\/uploads\/2023\/10\/logo-1.png\",\"contentUrl\":\"https:\/\/herbelegale.com\/wp-content\/uploads\/2023\/10\/logo-1.png\",\"width\":400,\"height\":120,\"caption\":\"Herbe L\u00e9gale\"},\"image\":{\"@id\":\"https:\/\/herbelegale.com\/#\/schema\/logo\/image\/\"}}]}<\/script>\n<!-- \/ Yoast SEO plugin. -->","yoast_head_json":{"title":"Achetez Pina Colada en ligne - Pina Colada \u00e0 vendre - Commandez Pina Colada","description":"Si vous souhaitez acheter de la Pina Colada, nous sommes le bon choix pour vous. Notre personnel vous aidera \u00e0 acheter de la Pina Colada en ligne \u00e0 des prix avantageux. Passez votre commande chez nous !","robots":{"index":"index","follow":"follow","max-snippet":"max-snippet:-1","max-image-preview":"max-image-preview:large","max-video-preview":"max-video-preview:-1"},"canonical":"https:\/\/herbelegale.com\/pl\/product\/pina-colada\/","og_locale":"pl_PL","og_type":"article","og_title":"Achetez Pina Colada en ligne - Pina Colada \u00e0 vendre - Commandez Pina Colada","og_description":"Si vous souhaitez acheter de la Pina Colada, nous sommes le bon choix pour vous. Notre personnel vous aidera \u00e0 acheter de la Pina Colada en ligne \u00e0 des prix avantageux. Passez votre commande chez nous !","og_url":"https:\/\/herbelegale.com\/pl\/product\/pina-colada\/","og_site_name":"Herbe L\u00e9gale","article_modified_time":"2025-07-21T12:28:21+00:00","og_image":[{"width":960,"height":1280,"url":"https:\/\/herbelegale.com\/wp-content\/uploads\/2023\/09\/Pina-Colada.jpg","type":"image\/jpeg"}],"twitter_card":"summary_large_image","twitter_misc":{"Szacowany czas czytania":"3 minuty"},"schema":{"@context":"https:\/\/schema.org","@graph":[{"@type":"WebPage","@id":"https:\/\/herbelegale.com\/product\/pina-colada\/","url":"https:\/\/herbelegale.com\/product\/pina-colada\/","name":"Achetez Pina Colada en ligne - Pina Colada \u00e0 vendre - Commandez Pina Colada","isPartOf":{"@id":"https:\/\/herbelegale.com\/#website"},"primaryImageOfPage":{"@id":"https:\/\/herbelegale.com\/product\/pina-colada\/#primaryimage"},"image":{"@id":"https:\/\/herbelegale.com\/product\/pina-colada\/#primaryimage"},"thumbnailUrl":"https:\/\/herbelegale.com\/wp-content\/uploads\/2023\/09\/Pina-Colada.jpg","datePublished":"2023-09-22T08:50:01+00:00","dateModified":"2025-07-21T12:28:21+00:00","description":"Si vous souhaitez acheter de la Pina Colada, nous sommes le bon choix pour vous. Notre personnel vous aidera \u00e0 acheter de la Pina Colada en ligne \u00e0 des prix avantageux. Passez votre commande chez nous !","breadcrumb":{"@id":"https:\/\/herbelegale.com\/product\/pina-colada\/#breadcrumb"},"inLanguage":"pl-PL","potentialAction":[{"@type":"ReadAction","target":["https:\/\/herbelegale.com\/product\/pina-colada\/"]}]},{"@type":"ImageObject","inLanguage":"pl-PL","@id":"https:\/\/herbelegale.com\/product\/pina-colada\/#primaryimage","url":"https:\/\/herbelegale.com\/wp-content\/uploads\/2023\/09\/Pina-Colada.jpg","contentUrl":"https:\/\/herbelegale.com\/wp-content\/uploads\/2023\/09\/Pina-Colada.jpg","width":960,"height":1280,"caption":"Pina Colada"},{"@type":"BreadcrumbList","@id":"https:\/\/herbelegale.com\/product\/pina-colada\/#breadcrumb","itemListElement":[{"@type":"ListItem","position":1,"name":"Home","item":"https:\/\/herbelegale.com\/"},{"@type":"ListItem","position":2,"name":"Boutique","item":"https:\/\/herbelegale.com\/boutique\/"},{"@type":"ListItem","position":3,"name":"Pina Colada"}]},{"@type":"WebSite","@id":"https:\/\/herbelegale.com\/#website","url":"https:\/\/herbelegale.com\/","name":"Herbe L\u00e9gale","description":"Acheter de l&#039;herbe en ligne","publisher":{"@id":"https:\/\/herbelegale.com\/#organization"},"potentialAction":[{"@type":"SearchAction","target":{"@type":"EntryPoint","urlTemplate":"https:\/\/herbelegale.com\/?s={search_term_string}"},"query-input":{"@type":"PropertyValueSpecification","valueRequired":true,"valueName":"search_term_string"}}],"inLanguage":"pl-PL"},{"@type":"Organization","@id":"https:\/\/herbelegale.com\/#organization","name":"Herbe L\u00e9gale","url":"https:\/\/herbelegale.com\/","logo":{"@type":"ImageObject","inLanguage":"pl-PL","@id":"https:\/\/herbelegale.com\/#\/schema\/logo\/image\/","url":"https:\/\/herbelegale.com\/wp-content\/uploads\/2023\/10\/logo-1.png","contentUrl":"https:\/\/herbelegale.com\/wp-content\/uploads\/2023\/10\/logo-1.png","width":400,"height":120,"caption":"Herbe L\u00e9gale"},"image":{"@id":"https:\/\/herbelegale.com\/#\/schema\/logo\/image\/"}}]}},"_links":{"self":[{"href":"https:\/\/herbelegale.com\/pl\/wp-json\/wp\/v2\/product\/43","targetHints":{"allow":["GET"]}}],"collection":[{"href":"https:\/\/herbelegale.com\/pl\/wp-json\/wp\/v2\/product"}],"about":[{"href":"https:\/\/herbelegale.com\/pl\/wp-json\/wp\/v2\/types\/product"}],"replies":[{"embeddable":true,"href":"https:\/\/herbelegale.com\/pl\/wp-json\/wp\/v2\/comments?post=43"}],"wp:featuredmedia":[{"embeddable":true,"href":"https:\/\/herbelegale.com\/pl\/wp-json\/wp\/v2\/media\/352"}],"wp:attachment":[{"href":"https:\/\/herbelegale.com\/pl\/wp-json\/wp\/v2\/media?parent=43"}],"wp:term":[{"taxonomy":"product_brand","embeddable":true,"href":"https:\/\/herbelegale.com\/pl\/wp-json\/wp\/v2\/product_brand?post=43"},{"taxonomy":"product_cat","embeddable":true,"href":"https:\/\/herbelegale.com\/pl\/wp-json\/wp\/v2\/product_cat?post=43"},{"taxonomy":"product_tag","embeddable":true,"href":"https:\/\/herbelegale.com\/pl\/wp-json\/wp\/v2\/product_tag?post=43"}],"curies":[{"name":"wp","href":"https:\/\/api.w.org\/{rel}","templated":true}]}}