{"id":1391,"date":"2023-09-30T10:46:42","date_gmt":"2023-09-30T10:46:42","guid":{"rendered":"https:\/\/nembutalhouse.com\/weed\/?post_type=product&#038;p=1391"},"modified":"2025-07-19T12:31:13","modified_gmt":"2025-07-19T12:31:13","slug":"sour-diesel-cannabis-oil","status":"publish","type":"product","link":"https:\/\/herbelegale.com\/pl\/product\/sour-diesel-cannabis-oil\/","title":{"rendered":"Olej z konopi indyjskich Sour Diesel"},"content":{"rendered":"<h2><b>Olej konopny Sour Diesel \u2013 dla czystej energii i natychmiastowej ulgi<\/b><\/h2>\n<p><a href=\"https:\/\/herbelegale.com\/pl\/product\/sour-diesel-cannabis-oil\/\">L&rsquo;Huile de Cannabis Sour Diesel<\/a> to wysokiej jako\u015bci skoncentrowany ekstrakt z konopi pochodz\u0105cej z popularnej odmiany Sour Diesel, znanej ze swojego dzia\u0142ania energetyzuj\u0105cego i poprawiaj\u0105cego nastr\u00f3j. Olejek ten jest idealnym rozwi\u0105zaniem dla os\u00f3b, kt\u00f3re chc\u0105 po\u0142\u0105czy\u0107 efekt energetyczny z terapeutycznymi w\u0142a\u015bciwo\u015bciami konopi, szczeg\u00f3lnie w walce ze stresem, zm\u0119czeniem i innymi codziennymi dolegliwo\u015bciami. Niezale\u017cnie od tego, czy jeste\u015b okazjonalnym konsumentem, czy do\u015bwiadczonym koneserem, olej Sour Diesel spe\u0142ni Twoje oczekiwania dzi\u0119ki swojej mocy i korzy\u015bciom.<\/p>\n<h3><b>Czym jest olej konopny Sour Diesel?<\/b><\/h3>\n<p><a href=\"https:\/\/en.wikipedia.org\/wiki\/Sour_Diesel\">L&rsquo;huile Sour Diesel<\/a> jest skoncentrowanym ekstraktem ze szczepu Sour Diesel, odmiany sativa wysoko cenionej w \u015bwiecie konopi za sw\u00f3j cytrynowy smak i pobudzaj\u0105ce dzia\u0142anie. Olejek ten jest ekstrahowany z trichom\u00f3w konopi, co pozwala na uzyskanie wysokiego st\u0119\u017cenia THC i CBD, zapewniaj\u0105c silne i d\u0142ugotrwa\u0142e efekty. Idealne dla os\u00f3b poszukuj\u0105cych dozna\u0144 dodaj\u0105cych energii i poprawiaj\u0105cych koncentracj\u0119. Kwa\u015bny olej nap\u0119dowy mo\u017cna stosowa\u0107 na wiele sposob\u00f3w, m.in. podj\u0119zykowo, w kapsu\u0142kach, a nawet w inhalatorze.<\/p>\n<h3><b>Typowe zastosowania i skutki kwa\u015bnego oleju nap\u0119dowego<\/b><\/h3>\n<p><b>Efekty typowe:<\/b><\/p>\n<ul>\n<li style=\"font-weight: 400;\" aria-level=\"1\">Zastrzyk energii i poprawa nastroju&nbsp;<\/li>\n<li style=\"font-weight: 400;\" aria-level=\"1\">Redukcja stresu i l\u0119ku&nbsp;<\/li>\n<li style=\"font-weight: 400;\" aria-level=\"1\">Poprawa koncentracji i produktywno\u015bci&nbsp;<\/li>\n<li style=\"font-weight: 400;\" aria-level=\"1\">Soulagement des douleurs chroniques (articulaires, musculaires)&nbsp;<\/li>\n<li style=\"font-weight: 400;\" aria-level=\"1\">Efekt euforyczny i orze\u017awiaj\u0105cy&nbsp;<\/li>\n<\/ul>\n<h3><b>Metody spo\u017cycia:<\/b><\/h3>\n<ul>\n<li style=\"font-weight: 400;\" aria-level=\"1\">Pod j\u0119zyk (dla szybkiego wch\u0142aniania)&nbsp;<\/li>\n<li style=\"font-weight: 400;\" aria-level=\"1\">Zmieszane z jedzeniem lub napojem&nbsp;<\/li>\n<li style=\"font-weight: 400;\" aria-level=\"1\">Waporyzacja (kompatybilna z wykorzystaniem parownika)&nbsp;<\/li>\n<li style=\"font-weight: 400;\" aria-level=\"1\">W kapsu\u0142kach (dla \u0142atwego zarz\u0105dzania dawk\u0105)&nbsp;<\/li>\n<\/ul>\n<h3><b>Status prawny: ramy, kt\u00f3re r\u00f3\u017cni\u0105 si\u0119 w zale\u017cno\u015bci od regionu<\/b><\/h3>\n<p>Status prawny olejku konopnego Sour Diesel znacznie r\u00f3\u017cni si\u0119 w zale\u017cno\u015bci od regionu lub kraju. W niekt\u00f3rych jurysdykcjach stosowanie tego oleju jest ca\u0142kowicie legalne, w innych za\u015b podlega \u015bcis\u0142ym regulacjom. W zwi\u0105zku z tym zakup, sprzeda\u017c i konsumpcja marihuany podlegaj\u0105 okre\u015blonym przepisom lokalnym.<\/p>\n<p>Wskaz\u00f3wka: Zanim zam\u00f3wisz olej Sour Diesel online, upewnij si\u0119, \u017ce znasz lokalne przepisy dotycz\u0105ce sprzeda\u017cy i spo\u017cycia konopi.<\/p>\n<h3><b>Dlaczego warto kupi\u0107 olej konopny Sour Diesel online?<\/b><\/h3>\n<p><b>Dost\u0119pno\u015b\u0107<\/b><\/p>\n<p>Kupuj\u0105c olej nap\u0119dowy Sour Diesel online, zyskujesz niezr\u00f3wnan\u0105 wygod\u0119. Mo\u017cesz uzyska\u0107 dost\u0119p do produkt\u00f3w wysokiej jako\u015bci, nie ruszaj\u0105c si\u0119 z domu, maj\u0105c mo\u017cliwo\u015b\u0107 \u0142atwego por\u00f3wnania cen i jako\u015bci. To tak\u017ce \u015bwietny spos\u00f3b na omini\u0119cie ogranicze\u0144 geograficznych i uzyskanie produkt\u00f3w premium.<\/p>\n<p><b>R\u00f3\u017cnorodno\u015b\u0107 sprzedawc\u00f3w<\/b><\/p>\n<p>W Internecie znajdziesz szerok\u0105 gam\u0119 specjalistycznych sprzedawc\u00f3w oferuj\u0105cych olejek konopny Sour Diesel o r\u00f3\u017cnej jako\u015bci i cenie. Dzi\u0119ki temu mo\u017cesz znale\u017a\u0107 idealny olej Sour Diesel w cenie dostosowanej do Twojego bud\u017cetu, a jednocze\u015bnie uzyska\u0107 dost\u0119p do szczeg\u00f3\u0142owych informacji na temat pochodzenia i sk\u0142adu produktu.<\/p>\n<p><b>Dyskretna i bezpieczna dostawa<\/b><\/p>\n<p>Najlepsze platformy oferuj\u0105 dyskretn\u0105 dostaw\u0119 w prostym opakowaniu, dzi\u0119ki czemu Twoje zakupy pozostaj\u0105 prywatne. Ponadto wiele serwis\u00f3w oferuje ekspresow\u0105 dostaw\u0119 i dok\u0142adne \u015bledzenie zam\u00f3wienia.<\/p>\n<h3><b>Jak wybra\u0107 wiarygodnego sprzedawc\u0119, aby zam\u00f3wi\u0107 olej konopny Sour Diesel online?<\/b><\/h3>\n<p>Aby zapewni\u0107 udane zakupy i unikn\u0105\u0107 nieprzyjemnych niespodzianek, przy wyborze sprzedawcy internetowego nale\u017cy wzi\u0105\u0107 pod uwag\u0119 nast\u0119puj\u0105ce kryteria:<\/p>\n<ol>\n<li style=\"font-weight: 400;\" aria-level=\"1\">Sprawd\u017a reputacj\u0119 sprzedawcy, przeczytaj opinie klient\u00f3w i poszukaj rekomendacji na forach lub w grupach konsumenckich.&nbsp;<\/li>\n<li style=\"font-weight: 400;\" aria-level=\"1\">Przejrzysto\u015b\u0107 produktu: Upewnij si\u0119, \u017ce sprzedawca podaje szczeg\u00f3\u0142owe informacje na temat \u017ar\u00f3d\u0142a oleju, zawarto\u015bci THC i CBD oraz procesu ekstrakcji.&nbsp;<\/li>\n<li style=\"font-weight: 400;\" aria-level=\"1\">Bezpiecze\u0144stwo p\u0142atno\u015bci: Wybieraj witryny oferuj\u0105ce bezpiecze\u0144stwo p\u0142atno\u015bci, aby chroni\u0107 swoje dane bankowe.&nbsp;<\/li>\n<li style=\"font-weight: 400;\" aria-level=\"1\">Zasady wysy\u0142ki i zwrot\u00f3w: Sprawd\u017a zasady zwrot\u00f3w i opcje dyskretnej dostawy<span style=\"font-weight: 400;\"> pour garantir un achat sans tracas.<\/span><\/li>\n<\/ol>\n<h3><b>Zasady wysy\u0142ki<\/b><\/h3>\n<p>Renomowane witryny oferuj\u0105 szybk\u0105 wysy\u0142k\u0119 i szczeg\u00f3\u0142owe \u015bledzenie zam\u00f3wienia. Mo\u017cesz r\u00f3wnie\u017c wybra\u0107 dyskretn\u0105 opcj\u0119 dostawy, zapewniaj\u0105c sobie poufno\u015b\u0107 swoich zakup\u00f3w. Niekt\u00f3rzy sprzedawcy oferuj\u0105 nawet obni\u017cone koszty wysy\u0142ki lub darmow\u0105 wysy\u0142k\u0119, w zale\u017cno\u015bci od warto\u015bci zam\u00f3wienia.<\/p>\n<h3><b>Ryzyko i \u015brodki ostro\u017cno\u015bci, kt\u00f3re nale\u017cy podj\u0105\u0107<\/b><\/h3>\n<p>Mimo \u017ce olej nap\u0119dowy Sour Diesel jest produktem naturalnym, jego nadmierne spo\u017cycie wi\u0105\u017ce si\u0119 z pewnymi zagro\u017ceniami, w tym:<\/p>\n<ul>\n<li style=\"font-weight: 400;\" aria-level=\"1\">Nadmierna senno\u015b\u0107 lub uczucie zm\u0119czenia&nbsp;<\/li>\n<li style=\"font-weight: 400;\" aria-level=\"1\">Ansiedad o paranoia en personas sensibles&nbsp;<\/li>\n<li style=\"font-weight: 400;\" aria-level=\"1\">Interacciones con ciertos medicamentos<span style=\"font-weight: 400;\"> (szczeg\u00f3lnie dla os\u00f3b poddawanych leczeniu)<\/span>&nbsp;<\/li>\n<\/ul>\n<h3><b>\u015arodki ostro\u017cno\u015bci, kt\u00f3re nale\u017cy podj\u0105\u0107:<\/b><\/h3>\n<ul>\n<li style=\"font-weight: 400;\" aria-level=\"1\">Zacznij od ma\u0142ej dawki, zw\u0142aszcza je\u015bli jeste\u015b pocz\u0105tkuj\u0105cy&nbsp;<\/li>\n<li style=\"font-weight: 400;\" aria-level=\"1\">Fahren Sie nicht nach dem Trinken&nbsp;<\/li>\n<li style=\"font-weight: 400;\" aria-level=\"1\">Je\u015bli masz jakiekolwiek w\u0105tpliwo\u015bci dotycz\u0105ce stosowania produkt\u00f3w konopnych, zw\u0142aszcza je\u015bli jeste\u015b w ci\u0105\u017cy, karmisz piersi\u0105 lub przyjmujesz leki, skonsultuj si\u0119 z lekarzem.&nbsp;<\/li>\n<\/ul>\n<h3><b>Podsumowanie: Dodaj sobie energii na ca\u0142y dzie\u0144 dzi\u0119ki olejowi Sour Diesel<\/b><\/h3>\n<p>Olejek konopny Sour Diesel to \u015bwietna opcja dla os\u00f3b poszukuj\u0105cych pobudliwego doznania o natychmiastowych i d\u0142ugotrwa\u0142ych efektach. Ze wzgl\u0119du na swoj\u0105 skuteczno\u015b\u0107 i w\u0142a\u015bciwo\u015bci terapeutyczne doskonale sprawdza si\u0119 w \u0142agodzeniu stresu i poprawie koncentracji. Kupuj\u0105c olej Sour Diesel online, masz \u0142atwy dost\u0119p do produktu wysokiej jako\u015bci, dostarczonego bezpo\u015brednio pod Twoje drzwi w dyskretnym opakowaniu.<\/p>","protected":false},"excerpt":{"rendered":"<p>Huile de Cannabis Sour Diesel \u2013 Pour une \u00c9nergie Pure et un Soulagement Instantan\u00e9 L&rsquo;Huile de Cannabis Sour Diesel est un extrait de cannabis concentr\u00e9 de haute qualit\u00e9, provenant de la c\u00e9l\u00e8bre vari\u00e9t\u00e9 Sour Diesel, connue pour ses effets \u00e9nergisants et stimulateurs d&rsquo;humeur. Cette huile est une solution id\u00e9ale pour ceux qui cherchent \u00e0 combiner&#8230;<\/p>","protected":false},"featured_media":1410,"comment_status":"open","ping_status":"closed","template":"","meta":{"_kadence_starter_templates_imported_post":false,"_kad_post_transparent":"default","_kad_post_title":"","_kad_post_layout":"default","_kad_post_sidebar_id":"","_kad_post_content_style":"default","_kad_post_vertical_padding":"default","_kad_post_feature":"","_kad_post_feature_position":"","_kad_post_header":false,"_kad_post_footer":false,"_joinchat":[]},"product_brand":[],"product_cat":[30],"product_tag":[],"class_list":{"0":"post-1391","1":"product","2":"type-product","3":"status-publish","4":"has-post-thumbnail","6":"product_cat-huile-de-cannabis-thc","8":"first","9":"instock","10":"shipping-taxable","11":"purchasable","12":"product-type-variable","13":"entry","14":"content-bg","15":"loop-entry"},"yoast_head":"<!-- This site is optimized with the Yoast SEO plugin v23.5 - https:\/\/yoast.com\/wordpress\/plugins\/seo\/ -->\n<title>Acheter de l&#039;huile de cannabis Skywalker OG en ligne<\/title>\n<meta name=\"description\" content=\"Vous souhaitez acheter de l&#039;huile de cannabis Skywalker OG en ligne \u00e0 un prix raisonnable ? Visitez notre magasin de produits chimiques en ligne r\u00e9put\u00e9 et achetez de l&#039;huile de cannabis Skywalker OG en vente d\u00e8s aujourd&#039;hui. Passez une commande maintenant et obtenez le meilleur tarif dans notre magasin.\" \/>\n<meta name=\"robots\" content=\"index, follow, max-snippet:-1, max-image-preview:large, max-video-preview:-1\" \/>\n<link rel=\"canonical\" href=\"https:\/\/herbelegale.com\/pl\/product\/sour-diesel-cannabis-oil\/\" \/>\n<meta property=\"og:locale\" content=\"pl_PL\" \/>\n<meta property=\"og:type\" content=\"article\" \/>\n<meta property=\"og:title\" content=\"Acheter de l&#039;huile de cannabis Skywalker OG en ligne\" \/>\n<meta property=\"og:description\" content=\"Vous souhaitez acheter de l&#039;huile de cannabis Skywalker OG en ligne \u00e0 un prix raisonnable ? Visitez notre magasin de produits chimiques en ligne r\u00e9put\u00e9 et achetez de l&#039;huile de cannabis Skywalker OG en vente d\u00e8s aujourd&#039;hui. Passez une commande maintenant et obtenez le meilleur tarif dans notre magasin.\" \/>\n<meta property=\"og:url\" content=\"https:\/\/herbelegale.com\/pl\/product\/sour-diesel-cannabis-oil\/\" \/>\n<meta property=\"og:site_name\" content=\"Herbe L\u00e9gale\" \/>\n<meta property=\"article:modified_time\" content=\"2025-07-19T12:31:13+00:00\" \/>\n<meta property=\"og:image\" content=\"https:\/\/herbelegale.com\/wp-content\/uploads\/2023\/09\/Sour-Diesel-Cannabis-Oil.jpg\" \/>\n\t<meta property=\"og:image:width\" content=\"600\" \/>\n\t<meta property=\"og:image:height\" content=\"600\" \/>\n\t<meta property=\"og:image:type\" content=\"image\/jpeg\" \/>\n<meta name=\"twitter:card\" content=\"summary_large_image\" \/>\n<meta name=\"twitter:label1\" content=\"Szacowany czas czytania\" \/>\n\t<meta name=\"twitter:data1\" content=\"5 minut\" \/>\n<script type=\"application\/ld+json\" class=\"yoast-schema-graph\">{\"@context\":\"https:\/\/schema.org\",\"@graph\":[{\"@type\":\"WebPage\",\"@id\":\"https:\/\/herbelegale.com\/product\/sour-diesel-cannabis-oil\/\",\"url\":\"https:\/\/herbelegale.com\/product\/sour-diesel-cannabis-oil\/\",\"name\":\"Acheter de l'huile de cannabis Skywalker OG en ligne\",\"isPartOf\":{\"@id\":\"https:\/\/herbelegale.com\/#website\"},\"primaryImageOfPage\":{\"@id\":\"https:\/\/herbelegale.com\/product\/sour-diesel-cannabis-oil\/#primaryimage\"},\"image\":{\"@id\":\"https:\/\/herbelegale.com\/product\/sour-diesel-cannabis-oil\/#primaryimage\"},\"thumbnailUrl\":\"https:\/\/herbelegale.com\/wp-content\/uploads\/2023\/09\/Sour-Diesel-Cannabis-Oil.jpg\",\"datePublished\":\"2023-09-30T10:46:42+00:00\",\"dateModified\":\"2025-07-19T12:31:13+00:00\",\"description\":\"Vous souhaitez acheter de l'huile de cannabis Skywalker OG en ligne \u00e0 un prix raisonnable ? Visitez notre magasin de produits chimiques en ligne r\u00e9put\u00e9 et achetez de l'huile de cannabis Skywalker OG en vente d\u00e8s aujourd'hui. Passez une commande maintenant et obtenez le meilleur tarif dans notre magasin.\",\"breadcrumb\":{\"@id\":\"https:\/\/herbelegale.com\/product\/sour-diesel-cannabis-oil\/#breadcrumb\"},\"inLanguage\":\"pl-PL\",\"potentialAction\":[{\"@type\":\"ReadAction\",\"target\":[\"https:\/\/herbelegale.com\/product\/sour-diesel-cannabis-oil\/\"]}]},{\"@type\":\"ImageObject\",\"inLanguage\":\"pl-PL\",\"@id\":\"https:\/\/herbelegale.com\/product\/sour-diesel-cannabis-oil\/#primaryimage\",\"url\":\"https:\/\/herbelegale.com\/wp-content\/uploads\/2023\/09\/Sour-Diesel-Cannabis-Oil.jpg\",\"contentUrl\":\"https:\/\/herbelegale.com\/wp-content\/uploads\/2023\/09\/Sour-Diesel-Cannabis-Oil.jpg\",\"width\":600,\"height\":600,\"caption\":\"Sour-Diesel-Cannabis-Oil\"},{\"@type\":\"BreadcrumbList\",\"@id\":\"https:\/\/herbelegale.com\/product\/sour-diesel-cannabis-oil\/#breadcrumb\",\"itemListElement\":[{\"@type\":\"ListItem\",\"position\":1,\"name\":\"Home\",\"item\":\"https:\/\/herbelegale.com\/\"},{\"@type\":\"ListItem\",\"position\":2,\"name\":\"Boutique\",\"item\":\"https:\/\/herbelegale.com\/boutique\/\"},{\"@type\":\"ListItem\",\"position\":3,\"name\":\"Sour Diesel Cannabis Oil\"}]},{\"@type\":\"WebSite\",\"@id\":\"https:\/\/herbelegale.com\/#website\",\"url\":\"https:\/\/herbelegale.com\/\",\"name\":\"Herbe L\u00e9gale\",\"description\":\"Acheter de l&#039;herbe en ligne\",\"publisher\":{\"@id\":\"https:\/\/herbelegale.com\/#organization\"},\"potentialAction\":[{\"@type\":\"SearchAction\",\"target\":{\"@type\":\"EntryPoint\",\"urlTemplate\":\"https:\/\/herbelegale.com\/?s={search_term_string}\"},\"query-input\":{\"@type\":\"PropertyValueSpecification\",\"valueRequired\":true,\"valueName\":\"search_term_string\"}}],\"inLanguage\":\"pl-PL\"},{\"@type\":\"Organization\",\"@id\":\"https:\/\/herbelegale.com\/#organization\",\"name\":\"Herbe L\u00e9gale\",\"url\":\"https:\/\/herbelegale.com\/\",\"logo\":{\"@type\":\"ImageObject\",\"inLanguage\":\"pl-PL\",\"@id\":\"https:\/\/herbelegale.com\/#\/schema\/logo\/image\/\",\"url\":\"https:\/\/herbelegale.com\/wp-content\/uploads\/2023\/10\/logo-1.png\",\"contentUrl\":\"https:\/\/herbelegale.com\/wp-content\/uploads\/2023\/10\/logo-1.png\",\"width\":400,\"height\":120,\"caption\":\"Herbe L\u00e9gale\"},\"image\":{\"@id\":\"https:\/\/herbelegale.com\/#\/schema\/logo\/image\/\"}}]}<\/script>\n<!-- \/ Yoast SEO plugin. -->","yoast_head_json":{"title":"Acheter de l'huile de cannabis Skywalker OG en ligne","description":"Vous souhaitez acheter de l'huile de cannabis Skywalker OG en ligne \u00e0 un prix raisonnable ? Visitez notre magasin de produits chimiques en ligne r\u00e9put\u00e9 et achetez de l'huile de cannabis Skywalker OG en vente d\u00e8s aujourd'hui. Passez une commande maintenant et obtenez le meilleur tarif dans notre magasin.","robots":{"index":"index","follow":"follow","max-snippet":"max-snippet:-1","max-image-preview":"max-image-preview:large","max-video-preview":"max-video-preview:-1"},"canonical":"https:\/\/herbelegale.com\/pl\/product\/sour-diesel-cannabis-oil\/","og_locale":"pl_PL","og_type":"article","og_title":"Acheter de l'huile de cannabis Skywalker OG en ligne","og_description":"Vous souhaitez acheter de l'huile de cannabis Skywalker OG en ligne \u00e0 un prix raisonnable ? Visitez notre magasin de produits chimiques en ligne r\u00e9put\u00e9 et achetez de l'huile de cannabis Skywalker OG en vente d\u00e8s aujourd'hui. Passez une commande maintenant et obtenez le meilleur tarif dans notre magasin.","og_url":"https:\/\/herbelegale.com\/pl\/product\/sour-diesel-cannabis-oil\/","og_site_name":"Herbe L\u00e9gale","article_modified_time":"2025-07-19T12:31:13+00:00","og_image":[{"width":600,"height":600,"url":"https:\/\/herbelegale.com\/wp-content\/uploads\/2023\/09\/Sour-Diesel-Cannabis-Oil.jpg","type":"image\/jpeg"}],"twitter_card":"summary_large_image","twitter_misc":{"Szacowany czas czytania":"5 minut"},"schema":{"@context":"https:\/\/schema.org","@graph":[{"@type":"WebPage","@id":"https:\/\/herbelegale.com\/product\/sour-diesel-cannabis-oil\/","url":"https:\/\/herbelegale.com\/product\/sour-diesel-cannabis-oil\/","name":"Acheter de l'huile de cannabis Skywalker OG en ligne","isPartOf":{"@id":"https:\/\/herbelegale.com\/#website"},"primaryImageOfPage":{"@id":"https:\/\/herbelegale.com\/product\/sour-diesel-cannabis-oil\/#primaryimage"},"image":{"@id":"https:\/\/herbelegale.com\/product\/sour-diesel-cannabis-oil\/#primaryimage"},"thumbnailUrl":"https:\/\/herbelegale.com\/wp-content\/uploads\/2023\/09\/Sour-Diesel-Cannabis-Oil.jpg","datePublished":"2023-09-30T10:46:42+00:00","dateModified":"2025-07-19T12:31:13+00:00","description":"Vous souhaitez acheter de l'huile de cannabis Skywalker OG en ligne \u00e0 un prix raisonnable ? Visitez notre magasin de produits chimiques en ligne r\u00e9put\u00e9 et achetez de l'huile de cannabis Skywalker OG en vente d\u00e8s aujourd'hui. Passez une commande maintenant et obtenez le meilleur tarif dans notre magasin.","breadcrumb":{"@id":"https:\/\/herbelegale.com\/product\/sour-diesel-cannabis-oil\/#breadcrumb"},"inLanguage":"pl-PL","potentialAction":[{"@type":"ReadAction","target":["https:\/\/herbelegale.com\/product\/sour-diesel-cannabis-oil\/"]}]},{"@type":"ImageObject","inLanguage":"pl-PL","@id":"https:\/\/herbelegale.com\/product\/sour-diesel-cannabis-oil\/#primaryimage","url":"https:\/\/herbelegale.com\/wp-content\/uploads\/2023\/09\/Sour-Diesel-Cannabis-Oil.jpg","contentUrl":"https:\/\/herbelegale.com\/wp-content\/uploads\/2023\/09\/Sour-Diesel-Cannabis-Oil.jpg","width":600,"height":600,"caption":"Sour-Diesel-Cannabis-Oil"},{"@type":"BreadcrumbList","@id":"https:\/\/herbelegale.com\/product\/sour-diesel-cannabis-oil\/#breadcrumb","itemListElement":[{"@type":"ListItem","position":1,"name":"Home","item":"https:\/\/herbelegale.com\/"},{"@type":"ListItem","position":2,"name":"Boutique","item":"https:\/\/herbelegale.com\/boutique\/"},{"@type":"ListItem","position":3,"name":"Sour Diesel Cannabis Oil"}]},{"@type":"WebSite","@id":"https:\/\/herbelegale.com\/#website","url":"https:\/\/herbelegale.com\/","name":"Herbe L\u00e9gale","description":"Acheter de l&#039;herbe en ligne","publisher":{"@id":"https:\/\/herbelegale.com\/#organization"},"potentialAction":[{"@type":"SearchAction","target":{"@type":"EntryPoint","urlTemplate":"https:\/\/herbelegale.com\/?s={search_term_string}"},"query-input":{"@type":"PropertyValueSpecification","valueRequired":true,"valueName":"search_term_string"}}],"inLanguage":"pl-PL"},{"@type":"Organization","@id":"https:\/\/herbelegale.com\/#organization","name":"Herbe L\u00e9gale","url":"https:\/\/herbelegale.com\/","logo":{"@type":"ImageObject","inLanguage":"pl-PL","@id":"https:\/\/herbelegale.com\/#\/schema\/logo\/image\/","url":"https:\/\/herbelegale.com\/wp-content\/uploads\/2023\/10\/logo-1.png","contentUrl":"https:\/\/herbelegale.com\/wp-content\/uploads\/2023\/10\/logo-1.png","width":400,"height":120,"caption":"Herbe L\u00e9gale"},"image":{"@id":"https:\/\/herbelegale.com\/#\/schema\/logo\/image\/"}}]}},"_links":{"self":[{"href":"https:\/\/herbelegale.com\/pl\/wp-json\/wp\/v2\/product\/1391","targetHints":{"allow":["GET"]}}],"collection":[{"href":"https:\/\/herbelegale.com\/pl\/wp-json\/wp\/v2\/product"}],"about":[{"href":"https:\/\/herbelegale.com\/pl\/wp-json\/wp\/v2\/types\/product"}],"replies":[{"embeddable":true,"href":"https:\/\/herbelegale.com\/pl\/wp-json\/wp\/v2\/comments?post=1391"}],"wp:featuredmedia":[{"embeddable":true,"href":"https:\/\/herbelegale.com\/pl\/wp-json\/wp\/v2\/media\/1410"}],"wp:attachment":[{"href":"https:\/\/herbelegale.com\/pl\/wp-json\/wp\/v2\/media?parent=1391"}],"wp:term":[{"taxonomy":"product_brand","embeddable":true,"href":"https:\/\/herbelegale.com\/pl\/wp-json\/wp\/v2\/product_brand?post=1391"},{"taxonomy":"product_cat","embeddable":true,"href":"https:\/\/herbelegale.com\/pl\/wp-json\/wp\/v2\/product_cat?post=1391"},{"taxonomy":"product_tag","embeddable":true,"href":"https:\/\/herbelegale.com\/pl\/wp-json\/wp\/v2\/product_tag?post=1391"}],"curies":[{"name":"wp","href":"https:\/\/api.w.org\/{rel}","templated":true}]}}