{"id":1387,"date":"2023-09-30T10:46:25","date_gmt":"2023-09-30T10:46:25","guid":{"rendered":"https:\/\/nembutalhouse.com\/weed\/?post_type=product&#038;p=1387"},"modified":"2025-07-19T05:12:13","modified_gmt":"2025-07-19T05:12:13","slug":"zero-zero-pollen","status":"publish","type":"product","link":"https:\/\/herbelegale.com\/pl\/product\/zero-zero-pollen\/","title":{"rendered":"Zero Zero Pollen"},"content":{"rendered":"<h2><b>Zero Zero Pollen \u2013 py\u0142ek premium dla czystego do\u015bwiadczenia konopi<\/b><\/h2>\n<p>Le <a href=\"https:\/\/herbelegale.com\/pl\/product\/zero-zero-pollen\/\">Zero Zero Pollen<\/a> to najwy\u017cszej jako\u015bci py\u0142ek konopny, ceniony za czysto\u015b\u0107, bogaty aromat i g\u0142\u0119bokie dzia\u0142anie. Pozyskiwany z najlepszych upraw konopi, py\u0142ek ten jest pozyskiwany metod\u0105 suchej filtracji, kt\u00f3ra pozwala zachowa\u0107 bogactwo trichom\u00f3w i terpen\u00f3w. Je\u015bli szukasz autentycznego i intensywnego doznania z konopiami, Zero Zero Pollen jest produktem dla Ciebie.<\/p>\n<h3><b>Czym jest Zero Zero Pollen?<\/b><\/h3>\n<p><a href=\"https:\/\/en.wikipedia.org\/wiki\/Pollen\">Le Zero Zero Pollen<\/a> to koncentrat py\u0142ku konopnego, pozyskiwany z trichom\u00f3w kwiat\u00f3w. Proces suchej filtracji pozwala na ekstrakcj\u0119 wy\u0142\u0105cznie najczystszych kryszta\u0142\u00f3w, bez dodatku t\u0142uszcz\u00f3w i innych substancji, co gwarantuje wyj\u0105tkow\u0105 czysto\u015b\u0107. Py\u0142ek ten ma cz\u0119sto kolor od z\u0142otego do br\u0105zowego, a jego konsystencja, w zale\u017cno\u015bci od jako\u015bci, mo\u017ce waha\u0107 si\u0119 od kruchej do lekko lepkiej.<\/p>\n<p>Gr\u00e2ce \u00e0 sa haute concentration en THC et en terp\u00e8nes, le Zero Zero Pollen procure une puissante exp\u00e9rience sensorielle. Son ar\u00f4me riche et complexe est parfait pour ceux qui recherchent des effets apaisants, euphorisants et stimulant en m\u00eame temps.<\/p>\n<h3><b>Typowe zastosowania i efekty py\u0142ku Zero Zero<\/b><\/h3>\n<p>Zero Zero Pollen jest ceniony za swoje wszechstronne dzia\u0142anie, dzi\u0119ki czemu jest produktem wszechstronnym, odpowiednim zar\u00f3wno do cel\u00f3w relaksacyjnych, jak i kreatywnych lub stymuluj\u0105cych.<\/p>\n<p><b>Efekty typowe:<\/b><\/p>\n<ul>\n<li style=\"font-weight: 400;\" aria-level=\"1\">Relaks i redukcja stresu<\/li>\n<li style=\"font-weight: 400;\" aria-level=\"1\">F\u00f8lelse af eufori og mental velv\u00e6re<\/li>\n<li style=\"font-weight: 400;\" aria-level=\"1\">Stimuloi luovuutta ja parantaa keskittymiskyky\u00e4<\/li>\n<li style=\"font-weight: 400;\" aria-level=\"1\">Muskelafslapning og lindring af moderate smerter<\/li>\n<li style=\"font-weight: 400;\" aria-level=\"1\">Poprawa nastroju i towarzysko\u015bci<\/li>\n<\/ul>\n<p><b>Metody spo\u017cycia:<\/b><\/p>\n<ul>\n<li style=\"font-weight: 400;\" aria-level=\"1\"><span style=\"font-weight: 400;\">W\u0119dzony (w skr\u0119cie lub fajce)<\/span><\/li>\n<li style=\"font-weight: 400;\" aria-level=\"1\"><span style=\"font-weight: 400;\">Suihkuta sopivalla suihkepullolla<\/span><\/li>\n<li style=\"font-weight: 400;\" aria-level=\"1\"><span style=\"font-weight: 400;\">Zaparzany w gor\u0105cym napoju z t\u0142uszczem<\/span><\/li>\n<li style=\"font-weight: 400;\" aria-level=\"1\"><span style=\"font-weight: 400;\">Tilsat f\u00f8devarer (f.eks. cannabissm\u00f8r)<\/span><\/li>\n<\/ul>\n<h3><b>Status prawny: ramy, kt\u00f3re r\u00f3\u017cni\u0105 si\u0119 w zale\u017cno\u015bci od regionu<\/b><\/h3>\n<p>Zero Zero Pollen podlega surowym przepisom w zale\u017cno\u015bci od kraju i jurysdykcji. W niekt\u00f3rych regionach jego sprzeda\u017c i spo\u017cycie s\u0105 zabronione, podczas gdy w innych mo\u017ce by\u0107 dozwolony w celach terapeutycznych lub rekreacyjnych.<\/p>\n<p>Wskaz\u00f3wka: Przed zakupem produktu Zero Zero Pollen online upewnij si\u0119, \u017ce znasz lokalne przepisy dotycz\u0105ce konopi i ich pochodnych obowi\u0105zuj\u0105ce w Twojej okolicy.<\/p>\n<h3><b>Dlaczego warto kupi\u0107 Zero Zero Pollen online?<\/b><\/h3>\n<p><b>Accessibilit\u00e9 et confort<\/b><\/p>\n<p>Kupuj\u0105c Zero Zero Pollen online, otrzymujesz produkt najwy\u017cszej jako\u015bci, kt\u00f3ry cz\u0119sto trudniej znale\u017a\u0107 w sklepach stacjonarnych. Dodatkowo, korzystasz z wygody zamawiania z domu, z dyskretn\u0105 i bezpieczn\u0105 dostaw\u0105.<\/p>\n<p><b>R\u00f3\u017cnorodno\u015b\u0107 sprzedawc\u00f3w<\/b><\/p>\n<p>Internet oferuje szerok\u0105 gam\u0119 wyspecjalizowanych sprzedawc\u00f3w oferuj\u0105cych py\u0142ek Zero Zero w r\u00f3\u017cnych cenach i o r\u00f3\u017cnej jako\u015bci. Dzi\u0119ki temu mo\u017cesz por\u00f3wna\u0107 i znale\u017a\u0107 najlepsz\u0105 ofert\u0119 w stosunku do ceny, w oparciu o swoje preferencje.<\/p>\n<p><b>Dyskretna dostawa<\/b><\/p>\n<p>Niezawodne platformy oferuj\u0105 szybk\u0105 i anonimow\u0105 dostaw\u0119, zapewniaj\u0105c prywatno\u015b\u0107 Twoich zakup\u00f3w. Otrzymasz py\u0142ek w zwyk\u0142ym opakowaniu, aby unikn\u0105\u0107 k\u0142opot\u00f3w.<\/p>\n<h3><b>Jak wybra\u0107 wiarygodnego sprzedawc\u0119, aby zam\u00f3wi\u0107 Zero Zero Pollen online?<\/b><\/h3>\n<p>Zanim zam\u00f3wisz Zero Zero Pollen online, sprawd\u017a kilka rzeczy, aby upewni\u0107 si\u0119 co do wiarygodno\u015bci sprzedawcy:<\/p>\n<ul>\n<li style=\"font-weight: 400;\" aria-level=\"1\">Sprawd\u017a opinie klient\u00f3w, aby zweryfikowa\u0107 jako\u015b\u0107 us\u0142ug i produkt\u00f3w<\/li>\n<li style=\"font-weight: 400;\" aria-level=\"1\">Upewnij si\u0119, \u017ce sprzedawca poda informacje o pochodzeniu i metodzie ekstrakcji<\/li>\n<li style=\"font-weight: 400;\" aria-level=\"1\">Bezpieczne metody p\u0142atno\u015bci (kryptowaluty, karty itp.)<\/li>\n<li style=\"font-weight: 400;\" aria-level=\"1\">Wybierz sprzedawc\u0119, kt\u00f3ry zapewnia szybk\u0105 obs\u0142ug\u0119 klienta i przejrzyst\u0105 polityk\u0119 zwrot\u00f3w<\/li>\n<\/ul>\n<p>Wskaz\u00f3wka: Zapoznaj si\u0119 z rekomendacjami i forami ekspert\u00f3w, aby dowiedzie\u0107 si\u0119, gdzie najlepiej kupi\u0107 Zero Zero Pollen online.<\/p>\n<h3><b>Zasady wysy\u0142ki<\/b><\/h3>\n<p>Najlepsi sprzedawcy internetowi oferuj\u0105 szybk\u0105 dostaw\u0119 z dok\u0142adnym \u015bledzeniem przesy\u0142ki. Dbaj\u0105 r\u00f3wnie\u017c o to, aby produkt by\u0142 dobrze zabezpieczony podczas wysy\u0142ki, stosuj\u0105c dyskretne i trwa\u0142e opakowania. Niekt\u00f3re platformy oferuj\u0105 r\u00f3wnie\u017c darmow\u0105 lub zni\u017ckow\u0105 wysy\u0142k\u0119 w zale\u017cno\u015bci od kwoty zakupu.<\/p>\n<h3><b>Ryzyko i \u015brodki ostro\u017cno\u015bci, kt\u00f3re nale\u017cy podj\u0105\u0107<\/b><\/h3>\n<p><b>Zagro\u017cenia dla zdrowia<\/b><\/p>\n<p>Mimo \u017ce Zero Zero Pollen jest produktem naturalnym, nadmierne spo\u017cycie mo\u017ce prowadzi\u0107 do skutk\u00f3w ubocznych, takich jak:<\/p>\n<ul>\n<li style=\"font-weight: 400;\" aria-level=\"1\">Troubles de la m\u00e9moire \u00e0 court terme<\/li>\n<li style=\"font-weight: 400;\" aria-level=\"1\">Ansiedad o paranoia en personas sensibles<\/li>\n<li style=\"font-weight: 400;\" aria-level=\"1\">Schl\u00e4frigkeit, verminderte Motivation<\/li>\n<li style=\"font-weight: 400;\" aria-level=\"1\">Interactions m\u00e9dicamenteuses possibles<\/li>\n<\/ul>\n<h3><b>Zalecane \u015brodki ostro\u017cno\u015bci:<\/b><\/h3>\n<ul>\n<li style=\"font-weight: 400;\" aria-level=\"1\">Aloita pienell\u00e4 annoksella, jos olet aloittelija<\/li>\n<li style=\"font-weight: 400;\" aria-level=\"1\">Fahren Sie nicht nach dem Trinken<\/li>\n<li style=\"font-weight: 400;\" aria-level=\"1\">Nie spo\u017cywa\u0107 w okresie ci\u0105\u017cy lub w trakcie leczenia.<\/li>\n<li style=\"font-weight: 400;\" aria-level=\"1\">Im Zweifelsfall einen Arzt konsultieren<\/li>\n<\/ul>\n<h3><b>Wnioski: Zaspok\u00f3j swoj\u0105 ochot\u0119 na marihuan\u0119 \u2013 bez wychodzenia z domu<\/b><\/h3>\n<p>Zero Zero Pollen to idealny wyb\u00f3r dla os\u00f3b poszukuj\u0105cych produktu z konopiami indyjskimi premium, oferuj\u0105cego czyste i wysokiej jako\u015bci doznania. Dzi\u0119ki dost\u0119pno\u015bci online mo\u017cesz \u0142atwo zam\u00f3wi\u0107 Zero Zero Pollen z gwarancj\u0105 szybkiej i dyskretnej dostawy.<\/p>","protected":false},"excerpt":{"rendered":"<p>Zero Zero Pollen \u2013 Le Pollen Premium Pour Une Exp\u00e9rience Cannabique Pure Le Zero Zero Pollen est un pollen de cannabis haut de gamme, appr\u00e9ci\u00e9 pour sa puret\u00e9, sa richesse en ar\u00f4mes et ses effets profonds. Originaire des meilleures cultures de cannabis, ce pollen est obtenu par filtrage \u00e0 sec, une m\u00e9thode qui conserve intacte&#8230;<\/p>","protected":false},"featured_media":1475,"comment_status":"open","ping_status":"closed","template":"","meta":{"_kadence_starter_templates_imported_post":false,"_kad_post_transparent":"default","_kad_post_title":"","_kad_post_layout":"default","_kad_post_sidebar_id":"","_kad_post_content_style":"default","_kad_post_vertical_padding":"default","_kad_post_feature":"","_kad_post_feature_position":"","_kad_post_header":false,"_kad_post_footer":false,"_joinchat":[]},"product_brand":[],"product_cat":[31],"product_tag":[],"class_list":{"0":"post-1387","1":"product","2":"type-product","3":"status-publish","4":"has-post-thumbnail","6":"product_cat-haschisch","8":"first","9":"instock","10":"shipping-taxable","11":"purchasable","12":"product-type-variable","13":"entry","14":"content-bg","15":"loop-entry"},"yoast_head":"<!-- This site is optimized with the Yoast SEO plugin v23.5 - https:\/\/yoast.com\/wordpress\/plugins\/seo\/ -->\n<title>Zero Zero Pollen - Herbe L\u00e9gale<\/title>\n<meta name=\"robots\" content=\"index, follow, max-snippet:-1, max-image-preview:large, max-video-preview:-1\" \/>\n<link rel=\"canonical\" href=\"https:\/\/herbelegale.com\/pl\/product\/zero-zero-pollen\/\" \/>\n<meta property=\"og:locale\" content=\"pl_PL\" \/>\n<meta property=\"og:type\" content=\"article\" \/>\n<meta property=\"og:title\" content=\"Zero Zero Pollen - Herbe L\u00e9gale\" \/>\n<meta property=\"og:description\" content=\"Zero Zero Pollen \u2013 Le Pollen Premium Pour Une Exp\u00e9rience Cannabique Pure Le Zero Zero Pollen est un pollen de cannabis haut de gamme, appr\u00e9ci\u00e9 pour sa puret\u00e9, sa richesse en ar\u00f4mes et ses effets profonds. Originaire des meilleures cultures de cannabis, ce pollen est obtenu par filtrage \u00e0 sec, une m\u00e9thode qui conserve intacte...\" \/>\n<meta property=\"og:url\" content=\"https:\/\/herbelegale.com\/pl\/product\/zero-zero-pollen\/\" \/>\n<meta property=\"og:site_name\" content=\"Herbe L\u00e9gale\" \/>\n<meta property=\"article:modified_time\" content=\"2025-07-19T05:12:13+00:00\" \/>\n<meta property=\"og:image\" content=\"https:\/\/herbelegale.com\/wp-content\/uploads\/2023\/09\/Zero-Zero-Pollen-1.jpg\" \/>\n\t<meta property=\"og:image:width\" content=\"600\" \/>\n\t<meta property=\"og:image:height\" content=\"600\" \/>\n\t<meta property=\"og:image:type\" content=\"image\/jpeg\" \/>\n<meta name=\"twitter:card\" content=\"summary_large_image\" \/>\n<meta name=\"twitter:label1\" content=\"Szacowany czas czytania\" \/>\n\t<meta name=\"twitter:data1\" content=\"4 minuty\" \/>\n<script type=\"application\/ld+json\" class=\"yoast-schema-graph\">{\"@context\":\"https:\/\/schema.org\",\"@graph\":[{\"@type\":\"WebPage\",\"@id\":\"https:\/\/herbelegale.com\/product\/zero-zero-pollen\/\",\"url\":\"https:\/\/herbelegale.com\/product\/zero-zero-pollen\/\",\"name\":\"Zero Zero Pollen - Herbe L\u00e9gale\",\"isPartOf\":{\"@id\":\"https:\/\/herbelegale.com\/#website\"},\"primaryImageOfPage\":{\"@id\":\"https:\/\/herbelegale.com\/product\/zero-zero-pollen\/#primaryimage\"},\"image\":{\"@id\":\"https:\/\/herbelegale.com\/product\/zero-zero-pollen\/#primaryimage\"},\"thumbnailUrl\":\"https:\/\/herbelegale.com\/wp-content\/uploads\/2023\/09\/Zero-Zero-Pollen-1.jpg\",\"datePublished\":\"2023-09-30T10:46:25+00:00\",\"dateModified\":\"2025-07-19T05:12:13+00:00\",\"breadcrumb\":{\"@id\":\"https:\/\/herbelegale.com\/product\/zero-zero-pollen\/#breadcrumb\"},\"inLanguage\":\"pl-PL\",\"potentialAction\":[{\"@type\":\"ReadAction\",\"target\":[\"https:\/\/herbelegale.com\/product\/zero-zero-pollen\/\"]}]},{\"@type\":\"ImageObject\",\"inLanguage\":\"pl-PL\",\"@id\":\"https:\/\/herbelegale.com\/product\/zero-zero-pollen\/#primaryimage\",\"url\":\"https:\/\/herbelegale.com\/wp-content\/uploads\/2023\/09\/Zero-Zero-Pollen-1.jpg\",\"contentUrl\":\"https:\/\/herbelegale.com\/wp-content\/uploads\/2023\/09\/Zero-Zero-Pollen-1.jpg\",\"width\":600,\"height\":600,\"caption\":\"Zero Zero Pollen\"},{\"@type\":\"BreadcrumbList\",\"@id\":\"https:\/\/herbelegale.com\/product\/zero-zero-pollen\/#breadcrumb\",\"itemListElement\":[{\"@type\":\"ListItem\",\"position\":1,\"name\":\"Home\",\"item\":\"https:\/\/herbelegale.com\/\"},{\"@type\":\"ListItem\",\"position\":2,\"name\":\"Boutique\",\"item\":\"https:\/\/herbelegale.com\/boutique\/\"},{\"@type\":\"ListItem\",\"position\":3,\"name\":\"Zero Zero Pollen\"}]},{\"@type\":\"WebSite\",\"@id\":\"https:\/\/herbelegale.com\/#website\",\"url\":\"https:\/\/herbelegale.com\/\",\"name\":\"Herbe L\u00e9gale\",\"description\":\"Acheter de l&#039;herbe en ligne\",\"publisher\":{\"@id\":\"https:\/\/herbelegale.com\/#organization\"},\"potentialAction\":[{\"@type\":\"SearchAction\",\"target\":{\"@type\":\"EntryPoint\",\"urlTemplate\":\"https:\/\/herbelegale.com\/?s={search_term_string}\"},\"query-input\":{\"@type\":\"PropertyValueSpecification\",\"valueRequired\":true,\"valueName\":\"search_term_string\"}}],\"inLanguage\":\"pl-PL\"},{\"@type\":\"Organization\",\"@id\":\"https:\/\/herbelegale.com\/#organization\",\"name\":\"Herbe L\u00e9gale\",\"url\":\"https:\/\/herbelegale.com\/\",\"logo\":{\"@type\":\"ImageObject\",\"inLanguage\":\"pl-PL\",\"@id\":\"https:\/\/herbelegale.com\/#\/schema\/logo\/image\/\",\"url\":\"https:\/\/herbelegale.com\/wp-content\/uploads\/2023\/10\/logo-1.png\",\"contentUrl\":\"https:\/\/herbelegale.com\/wp-content\/uploads\/2023\/10\/logo-1.png\",\"width\":400,\"height\":120,\"caption\":\"Herbe L\u00e9gale\"},\"image\":{\"@id\":\"https:\/\/herbelegale.com\/#\/schema\/logo\/image\/\"}}]}<\/script>\n<!-- \/ Yoast SEO plugin. -->","yoast_head_json":{"title":"Zero Zero Pollen - Herbe L\u00e9gale","robots":{"index":"index","follow":"follow","max-snippet":"max-snippet:-1","max-image-preview":"max-image-preview:large","max-video-preview":"max-video-preview:-1"},"canonical":"https:\/\/herbelegale.com\/pl\/product\/zero-zero-pollen\/","og_locale":"pl_PL","og_type":"article","og_title":"Zero Zero Pollen - Herbe L\u00e9gale","og_description":"Zero Zero Pollen \u2013 Le Pollen Premium Pour Une Exp\u00e9rience Cannabique Pure Le Zero Zero Pollen est un pollen de cannabis haut de gamme, appr\u00e9ci\u00e9 pour sa puret\u00e9, sa richesse en ar\u00f4mes et ses effets profonds. Originaire des meilleures cultures de cannabis, ce pollen est obtenu par filtrage \u00e0 sec, une m\u00e9thode qui conserve intacte...","og_url":"https:\/\/herbelegale.com\/pl\/product\/zero-zero-pollen\/","og_site_name":"Herbe L\u00e9gale","article_modified_time":"2025-07-19T05:12:13+00:00","og_image":[{"width":600,"height":600,"url":"https:\/\/herbelegale.com\/wp-content\/uploads\/2023\/09\/Zero-Zero-Pollen-1.jpg","type":"image\/jpeg"}],"twitter_card":"summary_large_image","twitter_misc":{"Szacowany czas czytania":"4 minuty"},"schema":{"@context":"https:\/\/schema.org","@graph":[{"@type":"WebPage","@id":"https:\/\/herbelegale.com\/product\/zero-zero-pollen\/","url":"https:\/\/herbelegale.com\/product\/zero-zero-pollen\/","name":"Zero Zero Pollen - Herbe L\u00e9gale","isPartOf":{"@id":"https:\/\/herbelegale.com\/#website"},"primaryImageOfPage":{"@id":"https:\/\/herbelegale.com\/product\/zero-zero-pollen\/#primaryimage"},"image":{"@id":"https:\/\/herbelegale.com\/product\/zero-zero-pollen\/#primaryimage"},"thumbnailUrl":"https:\/\/herbelegale.com\/wp-content\/uploads\/2023\/09\/Zero-Zero-Pollen-1.jpg","datePublished":"2023-09-30T10:46:25+00:00","dateModified":"2025-07-19T05:12:13+00:00","breadcrumb":{"@id":"https:\/\/herbelegale.com\/product\/zero-zero-pollen\/#breadcrumb"},"inLanguage":"pl-PL","potentialAction":[{"@type":"ReadAction","target":["https:\/\/herbelegale.com\/product\/zero-zero-pollen\/"]}]},{"@type":"ImageObject","inLanguage":"pl-PL","@id":"https:\/\/herbelegale.com\/product\/zero-zero-pollen\/#primaryimage","url":"https:\/\/herbelegale.com\/wp-content\/uploads\/2023\/09\/Zero-Zero-Pollen-1.jpg","contentUrl":"https:\/\/herbelegale.com\/wp-content\/uploads\/2023\/09\/Zero-Zero-Pollen-1.jpg","width":600,"height":600,"caption":"Zero Zero Pollen"},{"@type":"BreadcrumbList","@id":"https:\/\/herbelegale.com\/product\/zero-zero-pollen\/#breadcrumb","itemListElement":[{"@type":"ListItem","position":1,"name":"Home","item":"https:\/\/herbelegale.com\/"},{"@type":"ListItem","position":2,"name":"Boutique","item":"https:\/\/herbelegale.com\/boutique\/"},{"@type":"ListItem","position":3,"name":"Zero Zero Pollen"}]},{"@type":"WebSite","@id":"https:\/\/herbelegale.com\/#website","url":"https:\/\/herbelegale.com\/","name":"Herbe L\u00e9gale","description":"Acheter de l&#039;herbe en ligne","publisher":{"@id":"https:\/\/herbelegale.com\/#organization"},"potentialAction":[{"@type":"SearchAction","target":{"@type":"EntryPoint","urlTemplate":"https:\/\/herbelegale.com\/?s={search_term_string}"},"query-input":{"@type":"PropertyValueSpecification","valueRequired":true,"valueName":"search_term_string"}}],"inLanguage":"pl-PL"},{"@type":"Organization","@id":"https:\/\/herbelegale.com\/#organization","name":"Herbe L\u00e9gale","url":"https:\/\/herbelegale.com\/","logo":{"@type":"ImageObject","inLanguage":"pl-PL","@id":"https:\/\/herbelegale.com\/#\/schema\/logo\/image\/","url":"https:\/\/herbelegale.com\/wp-content\/uploads\/2023\/10\/logo-1.png","contentUrl":"https:\/\/herbelegale.com\/wp-content\/uploads\/2023\/10\/logo-1.png","width":400,"height":120,"caption":"Herbe L\u00e9gale"},"image":{"@id":"https:\/\/herbelegale.com\/#\/schema\/logo\/image\/"}}]}},"_links":{"self":[{"href":"https:\/\/herbelegale.com\/pl\/wp-json\/wp\/v2\/product\/1387","targetHints":{"allow":["GET"]}}],"collection":[{"href":"https:\/\/herbelegale.com\/pl\/wp-json\/wp\/v2\/product"}],"about":[{"href":"https:\/\/herbelegale.com\/pl\/wp-json\/wp\/v2\/types\/product"}],"replies":[{"embeddable":true,"href":"https:\/\/herbelegale.com\/pl\/wp-json\/wp\/v2\/comments?post=1387"}],"wp:featuredmedia":[{"embeddable":true,"href":"https:\/\/herbelegale.com\/pl\/wp-json\/wp\/v2\/media\/1475"}],"wp:attachment":[{"href":"https:\/\/herbelegale.com\/pl\/wp-json\/wp\/v2\/media?parent=1387"}],"wp:term":[{"taxonomy":"product_brand","embeddable":true,"href":"https:\/\/herbelegale.com\/pl\/wp-json\/wp\/v2\/product_brand?post=1387"},{"taxonomy":"product_cat","embeddable":true,"href":"https:\/\/herbelegale.com\/pl\/wp-json\/wp\/v2\/product_cat?post=1387"},{"taxonomy":"product_tag","embeddable":true,"href":"https:\/\/herbelegale.com\/pl\/wp-json\/wp\/v2\/product_tag?post=1387"}],"curies":[{"name":"wp","href":"https:\/\/api.w.org\/{rel}","templated":true}]}}