{"id":1369,"date":"2023-09-30T10:33:33","date_gmt":"2023-09-30T10:33:33","guid":{"rendered":"https:\/\/nembutalhouse.com\/weed\/?post_type=product&#038;p=1369"},"modified":"2025-07-19T05:10:28","modified_gmt":"2025-07-19T05:10:28","slug":"tangie-hash","status":"publish","type":"product","link":"https:\/\/herbelegale.com\/pl\/product\/tangie-hash\/","title":{"rendered":"Tangie Hash"},"content":{"rendered":"<h2><b>Tangie Hash \u2013 \u017cywica cytrynowa zapewniaj\u0105ca wyj\u0105tkowe doznania sensoryczne\u00a0<\/b><\/h2>\n<p><b>Introduction au Tangie Hash<\/b><\/p>\n<p>Le <a href=\"https:\/\/herbelegale.com\/pl\/product\/tangie-hash\/\">Tangie Hash<\/a> to wysokiej jako\u015bci \u017cywica konopna, znana z unikalnego profilu smakowego, pochodz\u0105ca ze s\u0142ynnej odmiany Tangie, b\u0119d\u0105cej krzy\u017c\u00f3wk\u0105 odmian California Orange i Skunk. Ten haszysz przypadnie do gustu mi\u0142o\u015bnikom orze\u017awiaj\u0105cych, cytrusowych smak\u00f3w i efekt\u00f3w, kt\u00f3re jednocze\u015bnie dodaj\u0105 energii i relaksuj\u0105.<\/p>\n<p>Starannie uprawiany i pozyskiwany Tangie Hash to idealne po\u0142\u0105czenie tradycji i innowacji. Jest polecany osobom poszukuj\u0105cym produktu najwy\u017cszej jako\u015bci, zar\u00f3wno do cel\u00f3w rekreacyjnych, jak i w celach prozdrowotnych.<\/p>\n<h3><b>Czym jest Tangie Hash?<\/b><\/h3>\n<p><a href=\"https:\/\/en.wikipedia.org\/wiki\/Hashish\">Le Tangie Hash<\/a> otrzymywany jest poprzez suche przesiewanie lub delikatn\u0105 ekstrakcj\u0119 trichom\u00f3w z ro\u015blin konopi bogatych w naturalne terpeny. Rezultatem jest \u017cywica o odcieniu od z\u0142otego do jasnobr\u0105zowego, o elastycznej i \u0142atwej w u\u017cyciu konsystencji, uwalniaj\u0105ca intensywne nuty mandarynki, pomara\u0144czy i cytryny.<\/p>\n<p>Dzi\u0119ki wysokiej zawarto\u015bci THC, Tangie Hash oferuje silne dzia\u0142anie, cz\u0119sto opisywane jako czyste, radosne i pobudzaj\u0105ce umys\u0142, po kt\u00f3rym nast\u0119puje przyjemny relaks cia\u0142a.<\/p>\n<h3><b>Typowe zastosowania i efekty haszyszu Tangie<\/b><\/h3>\n<p>Tangie Hash cieszy si\u0119 popularno\u015bci\u0105 ze wzgl\u0119du na swoje wszechstronne i zr\u00f3wnowa\u017cone dzia\u0142anie, idealne do stosowania w ci\u0105gu dnia i wieczorem.<\/p>\n<p><b>Efekty typowe:<\/b><\/p>\n<ul>\n<li style=\"font-weight: 400;\" aria-level=\"1\">Poprawa nastroju i redukcja stresu&nbsp;<\/li>\n<li style=\"font-weight: 400;\" aria-level=\"1\">Mental stimulering og kreativitetsboost&nbsp;<\/li>\n<li style=\"font-weight: 400;\" aria-level=\"1\">Delikatny relaks mi\u0119\u015bni&nbsp;<\/li>\n<li style=\"font-weight: 400;\" aria-level=\"1\">Og\u00f3lne poczucie dobrego samopoczucia&nbsp;<\/li>\n<li style=\"font-weight: 400;\" aria-level=\"1\">Ulg\u0119 w umiarkowanym napi\u0119ciu lub b\u00f3lu&nbsp;<\/li>\n<\/ul>\n<p><b>Metody spo\u017cycia:<\/b><\/p>\n<ul>\n<li style=\"font-weight: 400;\" aria-level=\"1\"><span style=\"font-weight: 400;\">Palony (skr\u0119t, fajka, bong)<\/span>&nbsp;<\/li>\n<li style=\"font-weight: 400;\" aria-level=\"1\"><span style=\"font-weight: 400;\">Suihkuta sopivalla suihkepullolla<\/span>&nbsp;<\/li>\n<li style=\"font-weight: 400;\" aria-level=\"1\"><span style=\"font-weight: 400;\">Zaparzany w gor\u0105cym napoju zawieraj\u0105cym substancj\u0119 t\u0142ust\u0105<\/span>&nbsp;<\/li>\n<\/ul>\n<h3><b>Status prawny: ramy, kt\u00f3re r\u00f3\u017cni\u0105 si\u0119 w zale\u017cno\u015bci od regionu<\/b><\/h3>\n<p>Podobnie jak w przypadku ka\u017cdego produktu konopnego, status prawny Tangie Hash r\u00f3\u017cni si\u0119 w zale\u017cno\u015bci od kraju i jurysdykcji. W niekt\u00f3rych krajach jest to surowo zabronione, podczas gdy inne zezwalaj\u0105 na regulowane stosowanie w celach terapeutycznych lub rekreacyjnych.<\/p>\n<p><strong>Wskaz\u00f3wka: Przed z\u0142o\u017ceniem zam\u00f3wienia lub spo\u017cyciem produktu zawsze zapoznaj si\u0119 z przepisami obowi\u0105zuj\u0105cymi w Twoim regionie.<\/strong><\/p>\n<p><b>Dlaczego warto kupi\u0107 Tangie Hash online?<\/b><\/p>\n<h3><b>Dost\u0119pno\u015b\u0107<\/b><\/h3>\n<p>Kupuj\u0105c Tangie Hash online, zyskujesz dost\u0119p do tego poszukiwanego produktu nawet w obszarach, w kt\u00f3rych liczba fizycznych punkt\u00f3w sprzeda\u017cy detalicznej jest ograniczona.<\/p>\n<h3><b>Du\u017cy wyb\u00f3r sprzedawc\u00f3w<\/b><\/h3>\n<p>Obecnie istnieje wiele wyspecjalizowanych platform oferuj\u0105cych Tangie Hash na sprzeda\u017c w r\u00f3\u017cnych wariantach pod wzgl\u0119dem jako\u015bci, ceny, metody ekstrakcji i pochodzenia genetycznego.<\/p>\n<h3><b>Dyskretna i bezpieczna dostawa<\/b><\/h3>\n<p>Zam\u00f3wienia sk\u0142adane online gwarantuj\u0105 anonimow\u0105 wysy\u0142k\u0119, proste opakowanie i \u015bledzenie przesy\u0142ki, co daje pe\u0142en spok\u00f3j ducha.<\/p>\n<h3><b>Jak wybra\u0107 wiarygodnego sprzedawc\u0119, aby zam\u00f3wi\u0107 Tangie Hash online?<\/b><\/h3>\n<p>Zanim zam\u00f3wisz Tangie Hash online, zapoznaj si\u0119 z poni\u017cszymi kryteriami, kt\u00f3re pomog\u0105 Ci rozpozna\u0107 rzetelnego sprzedawc\u0119:<\/p>\n<ul>\n<li style=\"font-weight: 400;\" aria-level=\"1\"><span style=\"font-weight: 400;\">Autentyczne i pozytywne opinie klient\u00f3w<\/span>&nbsp;<\/li>\n<li style=\"font-weight: 400;\" aria-level=\"1\"><span style=\"font-weight: 400;\">Dok\u0142adne informacje na temat pochodzenia, zawarto\u015bci THC i metod ekstrakcji<\/span>&nbsp;<\/li>\n<li style=\"font-weight: 400;\" aria-level=\"1\"><span style=\"font-weight: 400;\">Bezpieczne p\u0142atno\u015bci (karta bankowa, kryptowaluty itp.)<\/span>&nbsp;<\/li>\n<li style=\"font-weight: 400;\" aria-level=\"1\"><span style=\"font-weight: 400;\">Tilg\u00e6ngelig og lydh\u00f8r kundeservice<\/span>&nbsp;<\/li>\n<li style=\"font-weight: 400;\" aria-level=\"1\">Gennemsigtighed omkring prisen p\u00e5 Tangie Hash&nbsp;<\/li>\n<\/ul>\n<p>Aby unikn\u0105\u0107 oszustw, zaufaj najlepszym stronom internetowym, na kt\u00f3rych mo\u017cesz kupi\u0107 Tangie Hash online, znanym i polecanym przez spo\u0142eczno\u015b\u0107.<\/p>\n<h3><b>Zasady wysy\u0142ki<\/b><\/h3>\n<p><span style=\"font-weight: 400;\">P\u00e5lidelige s\u00e6lgere tilbyder normalt:<\/span><\/p>\n<ul>\n<li style=\"font-weight: 400;\" aria-level=\"1\"><span style=\"font-weight: 400;\">Livraison express avec num\u00e9ro de suivi<\/span>&nbsp;<\/li>\n<li style=\"font-weight: 400;\" aria-level=\"1\"><span style=\"font-weight: 400;\">Dyskretne i trwa\u0142e opakowanie<\/span>&nbsp;<\/li>\n<li style=\"font-weight: 400;\" aria-level=\"1\"><span style=\"font-weight: 400;\">Mo\u017cliwo\u015b\u0107 zwrotu lub wymiany w przypadku jakichkolwiek problem\u00f3w<\/span>&nbsp;<\/li>\n<\/ul>\n<p>Niekt\u00f3re platformy oferuj\u0105 darmow\u0105 dostaw\u0119 przy zakupach powy\u017cej okre\u015blonej kwoty.<\/p>\n<h3><b>Ryzyko i \u015brodki ostro\u017cno\u015bci, kt\u00f3re nale\u017cy podj\u0105\u0107<\/b><\/h3>\n<p><b>Zagro\u017cenia dla zdrowia<\/b><\/p>\n<ul>\n<li style=\"font-weight: 400;\" aria-level=\"1\"><span style=\"font-weight: 400;\">Troubles de la m\u00e9moire \u00e0 court terme<\/span>&nbsp;<\/li>\n<li style=\"font-weight: 400;\" aria-level=\"1\"><span style=\"font-weight: 400;\">Schl\u00e4frigkeit, verminderte Motivation<\/span>&nbsp;<\/li>\n<li style=\"font-weight: 400;\" aria-level=\"1\"><span style=\"font-weight: 400;\">Zwi\u0119kszone ryzyko u os\u00f3b podatnych na l\u0119ki lub zaburzenia psychiczne<\/span>&nbsp;<\/li>\n<li style=\"font-weight: 400;\" aria-level=\"1\"><span style=\"font-weight: 400;\">Mo\u017cliwe interakcje z niekt\u00f3rymi metodami leczenia<\/span>&nbsp;<\/li>\n<\/ul>\n<p><b>Wskaz\u00f3wki dotycz\u0105ce odpowiedzialnej konsumpcji:<\/b><\/p>\n<ul>\n<li style=\"font-weight: 400;\" aria-level=\"1\">Zacznij od ma\u0142ej dawki, zw\u0142aszcza je\u015bli jeste\u015b pocz\u0105tkuj\u0105cy&nbsp;<\/li>\n<li style=\"font-weight: 400;\" aria-level=\"1\">Undg\u00e5 at k\u00f8re bil eller betjene maskiner efter indtagelse&nbsp;<\/li>\n<li style=\"font-weight: 400;\" aria-level=\"1\">Opbevares utilg\u00e6ngeligt for b\u00f8rn&nbsp;<\/li>\n<li style=\"font-weight: 400;\" aria-level=\"1\">Ota yhteytt\u00e4 terveydenhuollon ammattilaiseen, jos olet ep\u00e4varma tai hoidon aikana&nbsp;<\/li>\n<\/ul>\n<h3><b>Podsumowanie: zadbaj o swoje bezpiecze\u0144stwo \u2014 nie ruszaj\u0105c si\u0119 z kanapy\u00a0<\/b><\/h3>\n<p>Tangie Hash, z owocowymi aromatami i zr\u00f3wnowa\u017conym dzia\u0142aniem, to idealny dodatek do orze\u017awiaj\u0105cych i wysokiej jako\u015bci dozna\u0144 sensorycznych. Dzi\u0119ki zakupom online zakup haszyszu premium z dyskretn\u0105 i szybk\u0105 dostaw\u0105 nigdy nie by\u0142 \u0142atwiejszy.<\/p>","protected":false},"excerpt":{"rendered":"<p>Tangie Hash \u2013 Une R\u00e9sine Citronn\u00e9e Pour Une Exp\u00e9rience Sensorielle Unique\u00a0 Introduction au Tangie Hash Le Tangie Hash est une r\u00e9sine de cannabis premium connue pour son profil aromatique unique, issu de la c\u00e9l\u00e8bre vari\u00e9t\u00e9 Tangie, un croisement entre California Orange et Skunk. Ce hash s\u00e9duira les amateurs en qu\u00eate de saveurs d\u2019agrumes rafra\u00eechissantes et&#8230;<\/p>","protected":false},"featured_media":1474,"comment_status":"open","ping_status":"closed","template":"","meta":{"_kadence_starter_templates_imported_post":false,"_kad_post_transparent":"default","_kad_post_title":"","_kad_post_layout":"default","_kad_post_sidebar_id":"","_kad_post_content_style":"default","_kad_post_vertical_padding":"default","_kad_post_feature":"","_kad_post_feature_position":"","_kad_post_header":false,"_kad_post_footer":false,"_joinchat":[]},"product_brand":[],"product_cat":[31],"product_tag":[],"class_list":{"0":"post-1369","1":"product","2":"type-product","3":"status-publish","4":"has-post-thumbnail","6":"product_cat-haschisch","8":"first","9":"instock","10":"shipping-taxable","11":"purchasable","12":"product-type-variable","13":"entry","14":"content-bg","15":"loop-entry"},"yoast_head":"<!-- This site is optimized with the Yoast SEO plugin v23.5 - https:\/\/yoast.com\/wordpress\/plugins\/seo\/ -->\n<title>Achetez du haschisch Tanger en ligne - Tangie Hash \u00e0 vendre<\/title>\n<meta name=\"description\" content=\"Vous pouvez acheter du Tangie Hash dans notre boutique en ligne et le recevoir \u00e0 votre porte sans aucun probl\u00e8me. Nous vous aidons \u00e0 acheter du Tangie Hash en ligne. Passez simplement votre commande maintenant !\" \/>\n<meta name=\"robots\" content=\"index, follow, max-snippet:-1, max-image-preview:large, max-video-preview:-1\" \/>\n<link rel=\"canonical\" href=\"https:\/\/herbelegale.com\/pl\/product\/tangie-hash\/\" \/>\n<meta property=\"og:locale\" content=\"pl_PL\" \/>\n<meta property=\"og:type\" content=\"article\" \/>\n<meta property=\"og:title\" content=\"Achetez du haschisch Tanger en ligne - Tangie Hash \u00e0 vendre\" \/>\n<meta property=\"og:description\" content=\"Vous pouvez acheter du Tangie Hash dans notre boutique en ligne et le recevoir \u00e0 votre porte sans aucun probl\u00e8me. Nous vous aidons \u00e0 acheter du Tangie Hash en ligne. Passez simplement votre commande maintenant !\" \/>\n<meta property=\"og:url\" content=\"https:\/\/herbelegale.com\/pl\/product\/tangie-hash\/\" \/>\n<meta property=\"og:site_name\" content=\"Herbe L\u00e9gale\" \/>\n<meta property=\"article:modified_time\" content=\"2025-07-19T05:10:28+00:00\" \/>\n<meta property=\"og:image\" content=\"https:\/\/herbelegale.com\/wp-content\/uploads\/2023\/09\/Tangie-Hash-1.jpg\" \/>\n\t<meta property=\"og:image:width\" content=\"600\" \/>\n\t<meta property=\"og:image:height\" content=\"600\" \/>\n\t<meta property=\"og:image:type\" content=\"image\/jpeg\" \/>\n<meta name=\"twitter:card\" content=\"summary_large_image\" \/>\n<meta name=\"twitter:label1\" content=\"Szacowany czas czytania\" \/>\n\t<meta name=\"twitter:data1\" content=\"4 minuty\" \/>\n<script type=\"application\/ld+json\" class=\"yoast-schema-graph\">{\"@context\":\"https:\/\/schema.org\",\"@graph\":[{\"@type\":\"WebPage\",\"@id\":\"https:\/\/herbelegale.com\/product\/tangie-hash\/\",\"url\":\"https:\/\/herbelegale.com\/product\/tangie-hash\/\",\"name\":\"Achetez du haschisch Tanger en ligne - Tangie Hash \u00e0 vendre\",\"isPartOf\":{\"@id\":\"https:\/\/herbelegale.com\/#website\"},\"primaryImageOfPage\":{\"@id\":\"https:\/\/herbelegale.com\/product\/tangie-hash\/#primaryimage\"},\"image\":{\"@id\":\"https:\/\/herbelegale.com\/product\/tangie-hash\/#primaryimage\"},\"thumbnailUrl\":\"https:\/\/herbelegale.com\/wp-content\/uploads\/2023\/09\/Tangie-Hash-1.jpg\",\"datePublished\":\"2023-09-30T10:33:33+00:00\",\"dateModified\":\"2025-07-19T05:10:28+00:00\",\"description\":\"Vous pouvez acheter du Tangie Hash dans notre boutique en ligne et le recevoir \u00e0 votre porte sans aucun probl\u00e8me. Nous vous aidons \u00e0 acheter du Tangie Hash en ligne. Passez simplement votre commande maintenant !\",\"breadcrumb\":{\"@id\":\"https:\/\/herbelegale.com\/product\/tangie-hash\/#breadcrumb\"},\"inLanguage\":\"pl-PL\",\"potentialAction\":[{\"@type\":\"ReadAction\",\"target\":[\"https:\/\/herbelegale.com\/product\/tangie-hash\/\"]}]},{\"@type\":\"ImageObject\",\"inLanguage\":\"pl-PL\",\"@id\":\"https:\/\/herbelegale.com\/product\/tangie-hash\/#primaryimage\",\"url\":\"https:\/\/herbelegale.com\/wp-content\/uploads\/2023\/09\/Tangie-Hash-1.jpg\",\"contentUrl\":\"https:\/\/herbelegale.com\/wp-content\/uploads\/2023\/09\/Tangie-Hash-1.jpg\",\"width\":600,\"height\":600,\"caption\":\"Tangie Hash\"},{\"@type\":\"BreadcrumbList\",\"@id\":\"https:\/\/herbelegale.com\/product\/tangie-hash\/#breadcrumb\",\"itemListElement\":[{\"@type\":\"ListItem\",\"position\":1,\"name\":\"Home\",\"item\":\"https:\/\/herbelegale.com\/\"},{\"@type\":\"ListItem\",\"position\":2,\"name\":\"Boutique\",\"item\":\"https:\/\/herbelegale.com\/boutique\/\"},{\"@type\":\"ListItem\",\"position\":3,\"name\":\"Tangie Hash\"}]},{\"@type\":\"WebSite\",\"@id\":\"https:\/\/herbelegale.com\/#website\",\"url\":\"https:\/\/herbelegale.com\/\",\"name\":\"Herbe L\u00e9gale\",\"description\":\"Acheter de l&#039;herbe en ligne\",\"publisher\":{\"@id\":\"https:\/\/herbelegale.com\/#organization\"},\"potentialAction\":[{\"@type\":\"SearchAction\",\"target\":{\"@type\":\"EntryPoint\",\"urlTemplate\":\"https:\/\/herbelegale.com\/?s={search_term_string}\"},\"query-input\":{\"@type\":\"PropertyValueSpecification\",\"valueRequired\":true,\"valueName\":\"search_term_string\"}}],\"inLanguage\":\"pl-PL\"},{\"@type\":\"Organization\",\"@id\":\"https:\/\/herbelegale.com\/#organization\",\"name\":\"Herbe L\u00e9gale\",\"url\":\"https:\/\/herbelegale.com\/\",\"logo\":{\"@type\":\"ImageObject\",\"inLanguage\":\"pl-PL\",\"@id\":\"https:\/\/herbelegale.com\/#\/schema\/logo\/image\/\",\"url\":\"https:\/\/herbelegale.com\/wp-content\/uploads\/2023\/10\/logo-1.png\",\"contentUrl\":\"https:\/\/herbelegale.com\/wp-content\/uploads\/2023\/10\/logo-1.png\",\"width\":400,\"height\":120,\"caption\":\"Herbe L\u00e9gale\"},\"image\":{\"@id\":\"https:\/\/herbelegale.com\/#\/schema\/logo\/image\/\"}}]}<\/script>\n<!-- \/ Yoast SEO plugin. -->","yoast_head_json":{"title":"Achetez du haschisch Tanger en ligne - Tangie Hash \u00e0 vendre","description":"Vous pouvez acheter du Tangie Hash dans notre boutique en ligne et le recevoir \u00e0 votre porte sans aucun probl\u00e8me. Nous vous aidons \u00e0 acheter du Tangie Hash en ligne. Passez simplement votre commande maintenant !","robots":{"index":"index","follow":"follow","max-snippet":"max-snippet:-1","max-image-preview":"max-image-preview:large","max-video-preview":"max-video-preview:-1"},"canonical":"https:\/\/herbelegale.com\/pl\/product\/tangie-hash\/","og_locale":"pl_PL","og_type":"article","og_title":"Achetez du haschisch Tanger en ligne - Tangie Hash \u00e0 vendre","og_description":"Vous pouvez acheter du Tangie Hash dans notre boutique en ligne et le recevoir \u00e0 votre porte sans aucun probl\u00e8me. Nous vous aidons \u00e0 acheter du Tangie Hash en ligne. Passez simplement votre commande maintenant !","og_url":"https:\/\/herbelegale.com\/pl\/product\/tangie-hash\/","og_site_name":"Herbe L\u00e9gale","article_modified_time":"2025-07-19T05:10:28+00:00","og_image":[{"width":600,"height":600,"url":"https:\/\/herbelegale.com\/wp-content\/uploads\/2023\/09\/Tangie-Hash-1.jpg","type":"image\/jpeg"}],"twitter_card":"summary_large_image","twitter_misc":{"Szacowany czas czytania":"4 minuty"},"schema":{"@context":"https:\/\/schema.org","@graph":[{"@type":"WebPage","@id":"https:\/\/herbelegale.com\/product\/tangie-hash\/","url":"https:\/\/herbelegale.com\/product\/tangie-hash\/","name":"Achetez du haschisch Tanger en ligne - Tangie Hash \u00e0 vendre","isPartOf":{"@id":"https:\/\/herbelegale.com\/#website"},"primaryImageOfPage":{"@id":"https:\/\/herbelegale.com\/product\/tangie-hash\/#primaryimage"},"image":{"@id":"https:\/\/herbelegale.com\/product\/tangie-hash\/#primaryimage"},"thumbnailUrl":"https:\/\/herbelegale.com\/wp-content\/uploads\/2023\/09\/Tangie-Hash-1.jpg","datePublished":"2023-09-30T10:33:33+00:00","dateModified":"2025-07-19T05:10:28+00:00","description":"Vous pouvez acheter du Tangie Hash dans notre boutique en ligne et le recevoir \u00e0 votre porte sans aucun probl\u00e8me. Nous vous aidons \u00e0 acheter du Tangie Hash en ligne. Passez simplement votre commande maintenant !","breadcrumb":{"@id":"https:\/\/herbelegale.com\/product\/tangie-hash\/#breadcrumb"},"inLanguage":"pl-PL","potentialAction":[{"@type":"ReadAction","target":["https:\/\/herbelegale.com\/product\/tangie-hash\/"]}]},{"@type":"ImageObject","inLanguage":"pl-PL","@id":"https:\/\/herbelegale.com\/product\/tangie-hash\/#primaryimage","url":"https:\/\/herbelegale.com\/wp-content\/uploads\/2023\/09\/Tangie-Hash-1.jpg","contentUrl":"https:\/\/herbelegale.com\/wp-content\/uploads\/2023\/09\/Tangie-Hash-1.jpg","width":600,"height":600,"caption":"Tangie Hash"},{"@type":"BreadcrumbList","@id":"https:\/\/herbelegale.com\/product\/tangie-hash\/#breadcrumb","itemListElement":[{"@type":"ListItem","position":1,"name":"Home","item":"https:\/\/herbelegale.com\/"},{"@type":"ListItem","position":2,"name":"Boutique","item":"https:\/\/herbelegale.com\/boutique\/"},{"@type":"ListItem","position":3,"name":"Tangie Hash"}]},{"@type":"WebSite","@id":"https:\/\/herbelegale.com\/#website","url":"https:\/\/herbelegale.com\/","name":"Herbe L\u00e9gale","description":"Acheter de l&#039;herbe en ligne","publisher":{"@id":"https:\/\/herbelegale.com\/#organization"},"potentialAction":[{"@type":"SearchAction","target":{"@type":"EntryPoint","urlTemplate":"https:\/\/herbelegale.com\/?s={search_term_string}"},"query-input":{"@type":"PropertyValueSpecification","valueRequired":true,"valueName":"search_term_string"}}],"inLanguage":"pl-PL"},{"@type":"Organization","@id":"https:\/\/herbelegale.com\/#organization","name":"Herbe L\u00e9gale","url":"https:\/\/herbelegale.com\/","logo":{"@type":"ImageObject","inLanguage":"pl-PL","@id":"https:\/\/herbelegale.com\/#\/schema\/logo\/image\/","url":"https:\/\/herbelegale.com\/wp-content\/uploads\/2023\/10\/logo-1.png","contentUrl":"https:\/\/herbelegale.com\/wp-content\/uploads\/2023\/10\/logo-1.png","width":400,"height":120,"caption":"Herbe L\u00e9gale"},"image":{"@id":"https:\/\/herbelegale.com\/#\/schema\/logo\/image\/"}}]}},"_links":{"self":[{"href":"https:\/\/herbelegale.com\/pl\/wp-json\/wp\/v2\/product\/1369","targetHints":{"allow":["GET"]}}],"collection":[{"href":"https:\/\/herbelegale.com\/pl\/wp-json\/wp\/v2\/product"}],"about":[{"href":"https:\/\/herbelegale.com\/pl\/wp-json\/wp\/v2\/types\/product"}],"replies":[{"embeddable":true,"href":"https:\/\/herbelegale.com\/pl\/wp-json\/wp\/v2\/comments?post=1369"}],"wp:featuredmedia":[{"embeddable":true,"href":"https:\/\/herbelegale.com\/pl\/wp-json\/wp\/v2\/media\/1474"}],"wp:attachment":[{"href":"https:\/\/herbelegale.com\/pl\/wp-json\/wp\/v2\/media?parent=1369"}],"wp:term":[{"taxonomy":"product_brand","embeddable":true,"href":"https:\/\/herbelegale.com\/pl\/wp-json\/wp\/v2\/product_brand?post=1369"},{"taxonomy":"product_cat","embeddable":true,"href":"https:\/\/herbelegale.com\/pl\/wp-json\/wp\/v2\/product_cat?post=1369"},{"taxonomy":"product_tag","embeddable":true,"href":"https:\/\/herbelegale.com\/pl\/wp-json\/wp\/v2\/product_tag?post=1369"}],"curies":[{"name":"wp","href":"https:\/\/api.w.org\/{rel}","templated":true}]}}