{"id":1365,"date":"2023-09-30T10:32:51","date_gmt":"2023-09-30T10:32:51","guid":{"rendered":"https:\/\/nembutalhouse.com\/weed\/?post_type=product&#038;p=1365"},"modified":"2025-07-18T10:54:40","modified_gmt":"2025-07-18T10:54:40","slug":"alaskan-ice-hash","status":"publish","type":"product","link":"https:\/\/herbelegale.com\/pl\/product\/alaskan-ice-hash\/","title":{"rendered":"Alaskan Ice Hash"},"content":{"rendered":"<h2><b>Wprowadzenie do Alaskan Ice Hash<\/b><\/h2>\n<p>\u00c0 la recherche d\u2019une exp\u00e9rience cannabique premium ? <a href=\"https:\/\/herbelegale.com\/pl\/product\/alaskan-ice-hash\/\">L&rsquo;Alaskan Ice Hash<\/a> znany jest z wyj\u0105tkowej czysto\u015bci, jedwabistej konsystencji i silnego dzia\u0142ania. Dzi\u0119ki mro\u017anemu wygl\u0105dowi i intensywnym aromatom, ten haszysz jest skierowany do wymagaj\u0105cych entuzjast\u00f3w poszukuj\u0105cych najwy\u017cszej jako\u015bci. Niezale\u017cnie od tego, czy jeste\u015b do\u015bwiadczonym u\u017cytkownikiem, czy nowicjuszem w temacie koncentrat\u00f3w, ten produkt obiecuje wyj\u0105tkowe doznania.<\/p>\n<h3><b>Czym jest Alaskan Ice Hash?<\/b><\/h3>\n<p><a href=\"https:\/\/en.wikipedia.org\/wiki\/Hashish\">L\u2019Alaskan Ice Hash<\/a> to skoncentrowana forma konopi indyjskich, pozyskiwana z krystalicznych trichom\u00f3w starannie wyselekcjonowanych odmian. Dzi\u0119ki metodzie ekstrakcji wod\u0105 z lodem, ta czysta \u017cywica zachowuje wszystkie aromaty (terpeny) i sk\u0142adniki aktywne (kannabinoidy), oferuj\u0105c niezr\u00f3wnan\u0105 czysto\u015b\u0107. Jej bia\u0142y, mro\u017any wygl\u0105d nada\u0142 jej sugestywn\u0105 nazw\u0119. <i>Alaskan Ice<\/i>.<\/p>\n<h3><b>Typowe zastosowania i efekty<\/b><\/h3>\n<p>Wysoko ceniony za doskona\u0142\u0105 r\u00f3wnowag\u0119 mi\u0119dzy eufori\u0105 psychiczn\u0105 a relaksem fizycznym, Alaskan Ice Hash zazwyczaj zapewnia:<\/p>\n<ul>\n<li style=\"font-weight: 400;\" aria-level=\"1\"><span style=\"font-weight: 400;\">Pobudzaj\u0105cy i tw\u00f3rczy efekt m\u00f3zgowy<\/span>&nbsp;<\/li>\n<li style=\"font-weight: 400;\" aria-level=\"1\"><span style=\"font-weight: 400;\">Delikatny relaks mi\u0119\u015bni<\/span>&nbsp;<\/li>\n<li style=\"font-weight: 400;\" aria-level=\"1\"><span style=\"font-weight: 400;\">Potencjalna ulga w stresie i l\u0119ku<\/span>&nbsp;<\/li>\n<li style=\"font-weight: 400;\" aria-level=\"1\"><span style=\"font-weight: 400;\">\u015arodek nasenny dla niekt\u00f3rych konsument\u00f3w<\/span>&nbsp;<\/li>\n<\/ul>\n<p><span style=\"font-weight: 400;\">Haszysz ten mo\u017cna spo\u017cywa\u0107 na r\u00f3\u017cne sposoby: poprzez spalanie, odparowywanie lub dodawa\u0107 do potraw.<\/span><\/p>\n<h3><b>Status prawny (w zale\u017cno\u015bci od regionu)<\/b><\/h3>\n<p>Status prawny Alaskan Ice Hash r\u00f3\u017cni si\u0119 w zale\u017cno\u015bci od kraju i regionu. W niekt\u00f3rych miejscach koncentraty konopi s\u0105 dozwolone, podczas gdy w innych pozostaj\u0105 zabronione. Przed zam\u00f3wieniem Alaskan Ice Hash online, upewnij si\u0119, \u017ce znasz lokalne przepisy, aby unikn\u0105\u0107 potencjalnych problem\u00f3w.<\/p>\n<h3><b>Dlaczego warto kupi\u0107 Alaskan Ice Hash online?<\/b><\/h3>\n<h3><b>Dost\u0119pno\u015b\u0107<\/b><\/h3>\n<p>Kupuj\u0105c Alaskan Ice Hash online, masz dost\u0119p do zr\u00f3\u017cnicowanego asortymentu, kt\u00f3ry cz\u0119sto trudno znale\u017a\u0107 w sklepach stacjonarnych. Mo\u017cesz cieszy\u0107 si\u0119 najwy\u017cszej jako\u015bci asortymentem w zaciszu w\u0142asnego domu.<\/p>\n<h3><b>R\u00f3\u017cnorodno\u015b\u0107 sprzedawc\u00f3w<\/b><\/h3>\n<p>W sieci jest mn\u00f3stwo stron oferuj\u0105cych Alaskan Ice Hash na sprzeda\u017c, dzi\u0119ki czemu mo\u017cesz \u0142atwo por\u00f3wna\u0107 oferty, ceny i opinie klient\u00f3w.<\/p>\n<h3><b>Dyskretna wysy\u0142ka<\/b><\/h3>\n<p>Twoja prywatno\u015b\u0107 jest wa\u017cna. Zaufane platformy gwarantuj\u0105 dyskretn\u0105 i bezpieczn\u0105 wysy\u0142k\u0119, zapewniaj\u0105c pe\u0142n\u0105 poufno\u015b\u0107 Twojego zam\u00f3wienia.<\/p>\n<h3><b>Come scegliere un venditore affidabile?<\/b><\/h3>\n<p>Aby znale\u017a\u0107 najlepsze miejsce do zakupu Alaskan Ice Hash online, zwr\u00f3\u0107 uwag\u0119 na:<\/p>\n<ul>\n<li style=\"font-weight: 400;\" aria-level=\"1\">Przejrzysto\u015b\u0107 cen Alaskan Ice Hash&nbsp;<\/li>\n<li style=\"font-weight: 400;\" aria-level=\"1\"><span style=\"font-weight: 400;\">Jako\u015b\u0107 opis\u00f3w produkt\u00f3w i ewentualna obecno\u015b\u0107 analiz laboratoryjnych<\/span>&nbsp;<\/li>\n<li style=\"font-weight: 400;\" aria-level=\"1\"><span style=\"font-weight: 400;\">Przejrzyste zasady wysy\u0142ki i zwrot\u00f3w<\/span>&nbsp;<\/li>\n<li style=\"font-weight: 400;\" aria-level=\"1\"><span style=\"font-weight: 400;\">Przejrzyste zasady wysy\u0142ki i zwrot\u00f3w<\/span>&nbsp;<\/li>\n<li style=\"font-weight: 400;\" aria-level=\"1\"><span style=\"font-weight: 400;\">Reakcja obs\u0142ugi klienta<\/span>&nbsp;<\/li>\n<\/ul>\n<h3><b>Zasady dostawy<\/b><\/h3>\n<p><span style=\"font-weight: 400;\">Dobra strona powinna oferowa\u0107:<\/span><\/p>\n<ul>\n<li style=\"font-weight: 400;\" aria-level=\"1\"><span style=\"font-weight: 400;\">Rozs\u0105dne terminy dostaw<\/span>&nbsp;<\/li>\n<li style=\"font-weight: 400;\" aria-level=\"1\"><span style=\"font-weight: 400;\">Opcje \u015bledzenia<\/span>&nbsp;<\/li>\n<li style=\"font-weight: 400;\" aria-level=\"1\"><span style=\"font-weight: 400;\">Gwarancje w przypadku zgubienia lub nieotrzymania<\/span>&nbsp;<\/li>\n<\/ul>\n<h3><b>Ryzyka i rozwa\u017cania<\/b><\/h3>\n<h3><b>Zagro\u017cenia dla zdrowia<\/b><\/h3>\n<p><span style=\"font-weight: 400;\">Jak ka\u017cdy koncentrat z konopi, ten haszysz jest mocny. Nowym u\u017cytkownikom zaleca si\u0119 rozpocz\u0119cie od ma\u0142ych dawek, aby oceni\u0107 swoj\u0105 tolerancj\u0119. Unikaj podejrzanych sprzedawc\u00f3w, kt\u00f3rzy mog\u0105 oferowa\u0107 zanieczyszczone lub niskiej jako\u015bci produkty.<\/span><\/p>\n<h3><b>Wniosek<\/b><\/h3>\n<p>Zam\u00f3wienie Alaskan Ice Hash online to wyb\u00f3r najwy\u017cszej jako\u015bci, spe\u0142niaj\u0105cej oczekiwania mi\u0142o\u015bnik\u00f3w koncentrat\u00f3w. Dzi\u0119ki czystej konsystencji, zr\u00f3wnowa\u017conym efektom i wyrafinowanemu smakowi, ten hasz zdecydowanie si\u0119 wyr\u00f3\u017cnia.<\/p>\n<h3><b>Przypomnienie: Sprawd\u017a lokalne przepisy<\/b><\/h3>\n<p><span style=\"font-weight: 400;\">Przed zakupem sprawd\u017a legalno\u015b\u0107 produktu w swojej okolicy. Kupuj m\u0105drze, wybierz wiarygodnego sprzedawc\u0119 i korzystaj z tego produktu odpowiedzialnie.<\/span><\/p>","protected":false},"excerpt":{"rendered":"<p>Introduction \u00e0 l&rsquo;Alaskan Ice Hash \u00c0 la recherche d\u2019une exp\u00e9rience cannabique premium ? L&rsquo;Alaskan Ice Hash est reconnu pour sa puret\u00e9 exceptionnelle, sa texture soyeuse et ses effets puissants. Avec son aspect givr\u00e9 et ses ar\u00f4mes intenses, ce hash s\u2019adresse aux amateurs exigeants \u00e0 la recherche d\u2019une qualit\u00e9 sup\u00e9rieure. Que vous soyez un consommateur exp\u00e9riment\u00e9&#8230;<\/p>","protected":false},"featured_media":1471,"comment_status":"open","ping_status":"closed","template":"","meta":{"_kadence_starter_templates_imported_post":false,"_kad_post_transparent":"default","_kad_post_title":"","_kad_post_layout":"default","_kad_post_sidebar_id":"","_kad_post_content_style":"default","_kad_post_vertical_padding":"default","_kad_post_feature":"","_kad_post_feature_position":"","_kad_post_header":false,"_kad_post_footer":false,"_joinchat":[]},"product_brand":[],"product_cat":[31],"product_tag":[],"class_list":{"0":"post-1365","1":"product","2":"type-product","3":"status-publish","4":"has-post-thumbnail","6":"product_cat-haschisch","8":"first","9":"instock","10":"shipping-taxable","11":"purchasable","12":"product-type-variable","13":"entry","14":"content-bg","15":"loop-entry"},"yoast_head":"<!-- This site is optimized with the Yoast SEO plugin v23.5 - https:\/\/yoast.com\/wordpress\/plugins\/seo\/ -->\n<title>Achetez du haschisch glac\u00e9 d&#039;Alaska en ligne<\/title>\n<meta name=\"description\" content=\"C&#039;est le meilleur moment pour visiter notre boutique en ligne et acheter du haschisch de glace d&#039;Alaska en ligne. Nous avons du haschisch de glace d&#039;Alaska de haute qualit\u00e9 \u00e0 vendre ici au prix le plus abordable. Rencontrez-nous en ligne et passez votre commande d\u00e8s aujourd&#039;hui.\" \/>\n<meta name=\"robots\" content=\"index, follow, max-snippet:-1, max-image-preview:large, max-video-preview:-1\" \/>\n<link rel=\"canonical\" href=\"https:\/\/herbelegale.com\/pl\/product\/alaskan-ice-hash\/\" \/>\n<meta property=\"og:locale\" content=\"pl_PL\" \/>\n<meta property=\"og:type\" content=\"article\" \/>\n<meta property=\"og:title\" content=\"Achetez du haschisch glac\u00e9 d&#039;Alaska en ligne\" \/>\n<meta property=\"og:description\" content=\"C&#039;est le meilleur moment pour visiter notre boutique en ligne et acheter du haschisch de glace d&#039;Alaska en ligne. Nous avons du haschisch de glace d&#039;Alaska de haute qualit\u00e9 \u00e0 vendre ici au prix le plus abordable. Rencontrez-nous en ligne et passez votre commande d\u00e8s aujourd&#039;hui.\" \/>\n<meta property=\"og:url\" content=\"https:\/\/herbelegale.com\/pl\/product\/alaskan-ice-hash\/\" \/>\n<meta property=\"og:site_name\" content=\"Herbe L\u00e9gale\" \/>\n<meta property=\"article:modified_time\" content=\"2025-07-18T10:54:40+00:00\" \/>\n<meta property=\"og:image\" content=\"https:\/\/herbelegale.com\/wp-content\/uploads\/2023\/09\/Alaskan-Ice-Hash-1.jpg\" \/>\n\t<meta property=\"og:image:width\" content=\"600\" \/>\n\t<meta property=\"og:image:height\" content=\"600\" \/>\n\t<meta property=\"og:image:type\" content=\"image\/jpeg\" \/>\n<meta name=\"twitter:card\" content=\"summary_large_image\" \/>\n<meta name=\"twitter:label1\" content=\"Szacowany czas czytania\" \/>\n\t<meta name=\"twitter:data1\" content=\"3 minuty\" \/>\n<script type=\"application\/ld+json\" class=\"yoast-schema-graph\">{\"@context\":\"https:\/\/schema.org\",\"@graph\":[{\"@type\":\"WebPage\",\"@id\":\"https:\/\/herbelegale.com\/product\/alaskan-ice-hash\/\",\"url\":\"https:\/\/herbelegale.com\/product\/alaskan-ice-hash\/\",\"name\":\"Achetez du haschisch glac\u00e9 d'Alaska en ligne\",\"isPartOf\":{\"@id\":\"https:\/\/herbelegale.com\/#website\"},\"primaryImageOfPage\":{\"@id\":\"https:\/\/herbelegale.com\/product\/alaskan-ice-hash\/#primaryimage\"},\"image\":{\"@id\":\"https:\/\/herbelegale.com\/product\/alaskan-ice-hash\/#primaryimage\"},\"thumbnailUrl\":\"https:\/\/herbelegale.com\/wp-content\/uploads\/2023\/09\/Alaskan-Ice-Hash-1.jpg\",\"datePublished\":\"2023-09-30T10:32:51+00:00\",\"dateModified\":\"2025-07-18T10:54:40+00:00\",\"description\":\"C'est le meilleur moment pour visiter notre boutique en ligne et acheter du haschisch de glace d'Alaska en ligne. Nous avons du haschisch de glace d'Alaska de haute qualit\u00e9 \u00e0 vendre ici au prix le plus abordable. Rencontrez-nous en ligne et passez votre commande d\u00e8s aujourd'hui.\",\"breadcrumb\":{\"@id\":\"https:\/\/herbelegale.com\/product\/alaskan-ice-hash\/#breadcrumb\"},\"inLanguage\":\"pl-PL\",\"potentialAction\":[{\"@type\":\"ReadAction\",\"target\":[\"https:\/\/herbelegale.com\/product\/alaskan-ice-hash\/\"]}]},{\"@type\":\"ImageObject\",\"inLanguage\":\"pl-PL\",\"@id\":\"https:\/\/herbelegale.com\/product\/alaskan-ice-hash\/#primaryimage\",\"url\":\"https:\/\/herbelegale.com\/wp-content\/uploads\/2023\/09\/Alaskan-Ice-Hash-1.jpg\",\"contentUrl\":\"https:\/\/herbelegale.com\/wp-content\/uploads\/2023\/09\/Alaskan-Ice-Hash-1.jpg\",\"width\":600,\"height\":600,\"caption\":\"Alaskan Ice Hash\"},{\"@type\":\"BreadcrumbList\",\"@id\":\"https:\/\/herbelegale.com\/product\/alaskan-ice-hash\/#breadcrumb\",\"itemListElement\":[{\"@type\":\"ListItem\",\"position\":1,\"name\":\"Home\",\"item\":\"https:\/\/herbelegale.com\/\"},{\"@type\":\"ListItem\",\"position\":2,\"name\":\"Boutique\",\"item\":\"https:\/\/herbelegale.com\/boutique\/\"},{\"@type\":\"ListItem\",\"position\":3,\"name\":\"Alaskan Ice Hash\"}]},{\"@type\":\"WebSite\",\"@id\":\"https:\/\/herbelegale.com\/#website\",\"url\":\"https:\/\/herbelegale.com\/\",\"name\":\"Herbe L\u00e9gale\",\"description\":\"Acheter de l&#039;herbe en ligne\",\"publisher\":{\"@id\":\"https:\/\/herbelegale.com\/#organization\"},\"potentialAction\":[{\"@type\":\"SearchAction\",\"target\":{\"@type\":\"EntryPoint\",\"urlTemplate\":\"https:\/\/herbelegale.com\/?s={search_term_string}\"},\"query-input\":{\"@type\":\"PropertyValueSpecification\",\"valueRequired\":true,\"valueName\":\"search_term_string\"}}],\"inLanguage\":\"pl-PL\"},{\"@type\":\"Organization\",\"@id\":\"https:\/\/herbelegale.com\/#organization\",\"name\":\"Herbe L\u00e9gale\",\"url\":\"https:\/\/herbelegale.com\/\",\"logo\":{\"@type\":\"ImageObject\",\"inLanguage\":\"pl-PL\",\"@id\":\"https:\/\/herbelegale.com\/#\/schema\/logo\/image\/\",\"url\":\"https:\/\/herbelegale.com\/wp-content\/uploads\/2023\/10\/logo-1.png\",\"contentUrl\":\"https:\/\/herbelegale.com\/wp-content\/uploads\/2023\/10\/logo-1.png\",\"width\":400,\"height\":120,\"caption\":\"Herbe L\u00e9gale\"},\"image\":{\"@id\":\"https:\/\/herbelegale.com\/#\/schema\/logo\/image\/\"}}]}<\/script>\n<!-- \/ Yoast SEO plugin. -->","yoast_head_json":{"title":"Achetez du haschisch glac\u00e9 d'Alaska en ligne","description":"C'est le meilleur moment pour visiter notre boutique en ligne et acheter du haschisch de glace d'Alaska en ligne. Nous avons du haschisch de glace d'Alaska de haute qualit\u00e9 \u00e0 vendre ici au prix le plus abordable. Rencontrez-nous en ligne et passez votre commande d\u00e8s aujourd'hui.","robots":{"index":"index","follow":"follow","max-snippet":"max-snippet:-1","max-image-preview":"max-image-preview:large","max-video-preview":"max-video-preview:-1"},"canonical":"https:\/\/herbelegale.com\/pl\/product\/alaskan-ice-hash\/","og_locale":"pl_PL","og_type":"article","og_title":"Achetez du haschisch glac\u00e9 d'Alaska en ligne","og_description":"C'est le meilleur moment pour visiter notre boutique en ligne et acheter du haschisch de glace d'Alaska en ligne. Nous avons du haschisch de glace d'Alaska de haute qualit\u00e9 \u00e0 vendre ici au prix le plus abordable. Rencontrez-nous en ligne et passez votre commande d\u00e8s aujourd'hui.","og_url":"https:\/\/herbelegale.com\/pl\/product\/alaskan-ice-hash\/","og_site_name":"Herbe L\u00e9gale","article_modified_time":"2025-07-18T10:54:40+00:00","og_image":[{"width":600,"height":600,"url":"https:\/\/herbelegale.com\/wp-content\/uploads\/2023\/09\/Alaskan-Ice-Hash-1.jpg","type":"image\/jpeg"}],"twitter_card":"summary_large_image","twitter_misc":{"Szacowany czas czytania":"3 minuty"},"schema":{"@context":"https:\/\/schema.org","@graph":[{"@type":"WebPage","@id":"https:\/\/herbelegale.com\/product\/alaskan-ice-hash\/","url":"https:\/\/herbelegale.com\/product\/alaskan-ice-hash\/","name":"Achetez du haschisch glac\u00e9 d'Alaska en ligne","isPartOf":{"@id":"https:\/\/herbelegale.com\/#website"},"primaryImageOfPage":{"@id":"https:\/\/herbelegale.com\/product\/alaskan-ice-hash\/#primaryimage"},"image":{"@id":"https:\/\/herbelegale.com\/product\/alaskan-ice-hash\/#primaryimage"},"thumbnailUrl":"https:\/\/herbelegale.com\/wp-content\/uploads\/2023\/09\/Alaskan-Ice-Hash-1.jpg","datePublished":"2023-09-30T10:32:51+00:00","dateModified":"2025-07-18T10:54:40+00:00","description":"C'est le meilleur moment pour visiter notre boutique en ligne et acheter du haschisch de glace d'Alaska en ligne. Nous avons du haschisch de glace d'Alaska de haute qualit\u00e9 \u00e0 vendre ici au prix le plus abordable. Rencontrez-nous en ligne et passez votre commande d\u00e8s aujourd'hui.","breadcrumb":{"@id":"https:\/\/herbelegale.com\/product\/alaskan-ice-hash\/#breadcrumb"},"inLanguage":"pl-PL","potentialAction":[{"@type":"ReadAction","target":["https:\/\/herbelegale.com\/product\/alaskan-ice-hash\/"]}]},{"@type":"ImageObject","inLanguage":"pl-PL","@id":"https:\/\/herbelegale.com\/product\/alaskan-ice-hash\/#primaryimage","url":"https:\/\/herbelegale.com\/wp-content\/uploads\/2023\/09\/Alaskan-Ice-Hash-1.jpg","contentUrl":"https:\/\/herbelegale.com\/wp-content\/uploads\/2023\/09\/Alaskan-Ice-Hash-1.jpg","width":600,"height":600,"caption":"Alaskan Ice Hash"},{"@type":"BreadcrumbList","@id":"https:\/\/herbelegale.com\/product\/alaskan-ice-hash\/#breadcrumb","itemListElement":[{"@type":"ListItem","position":1,"name":"Home","item":"https:\/\/herbelegale.com\/"},{"@type":"ListItem","position":2,"name":"Boutique","item":"https:\/\/herbelegale.com\/boutique\/"},{"@type":"ListItem","position":3,"name":"Alaskan Ice Hash"}]},{"@type":"WebSite","@id":"https:\/\/herbelegale.com\/#website","url":"https:\/\/herbelegale.com\/","name":"Herbe L\u00e9gale","description":"Acheter de l&#039;herbe en ligne","publisher":{"@id":"https:\/\/herbelegale.com\/#organization"},"potentialAction":[{"@type":"SearchAction","target":{"@type":"EntryPoint","urlTemplate":"https:\/\/herbelegale.com\/?s={search_term_string}"},"query-input":{"@type":"PropertyValueSpecification","valueRequired":true,"valueName":"search_term_string"}}],"inLanguage":"pl-PL"},{"@type":"Organization","@id":"https:\/\/herbelegale.com\/#organization","name":"Herbe L\u00e9gale","url":"https:\/\/herbelegale.com\/","logo":{"@type":"ImageObject","inLanguage":"pl-PL","@id":"https:\/\/herbelegale.com\/#\/schema\/logo\/image\/","url":"https:\/\/herbelegale.com\/wp-content\/uploads\/2023\/10\/logo-1.png","contentUrl":"https:\/\/herbelegale.com\/wp-content\/uploads\/2023\/10\/logo-1.png","width":400,"height":120,"caption":"Herbe L\u00e9gale"},"image":{"@id":"https:\/\/herbelegale.com\/#\/schema\/logo\/image\/"}}]}},"_links":{"self":[{"href":"https:\/\/herbelegale.com\/pl\/wp-json\/wp\/v2\/product\/1365","targetHints":{"allow":["GET"]}}],"collection":[{"href":"https:\/\/herbelegale.com\/pl\/wp-json\/wp\/v2\/product"}],"about":[{"href":"https:\/\/herbelegale.com\/pl\/wp-json\/wp\/v2\/types\/product"}],"replies":[{"embeddable":true,"href":"https:\/\/herbelegale.com\/pl\/wp-json\/wp\/v2\/comments?post=1365"}],"wp:featuredmedia":[{"embeddable":true,"href":"https:\/\/herbelegale.com\/pl\/wp-json\/wp\/v2\/media\/1471"}],"wp:attachment":[{"href":"https:\/\/herbelegale.com\/pl\/wp-json\/wp\/v2\/media?parent=1365"}],"wp:term":[{"taxonomy":"product_brand","embeddable":true,"href":"https:\/\/herbelegale.com\/pl\/wp-json\/wp\/v2\/product_brand?post=1365"},{"taxonomy":"product_cat","embeddable":true,"href":"https:\/\/herbelegale.com\/pl\/wp-json\/wp\/v2\/product_cat?post=1365"},{"taxonomy":"product_tag","embeddable":true,"href":"https:\/\/herbelegale.com\/pl\/wp-json\/wp\/v2\/product_tag?post=1365"}],"curies":[{"name":"wp","href":"https:\/\/api.w.org\/{rel}","templated":true}]}}