{"id":1344,"date":"2023-09-30T10:15:01","date_gmt":"2023-09-30T10:15:01","guid":{"rendered":"https:\/\/nembutalhouse.com\/weed\/?post_type=product&#038;p=1344"},"modified":"2025-07-19T05:03:31","modified_gmt":"2025-07-19T05:03:31","slug":"fendi-og-hash","status":"publish","type":"product","link":"https:\/\/herbelegale.com\/pl\/product\/fendi-og-hash\/","title":{"rendered":"Fendi OG Hash"},"content":{"rendered":"<h2><b>Wprowadzenie do Fendi OG Hash<\/b><\/h2>\n<p>Le <a href=\"https:\/\/herbelegale.com\/pl\/product\/fendi-og-hash\/\">Fendi OG Hash<\/a> to najwy\u017cszej jako\u015bci \u017cywica konopna, poszukiwana ze wzgl\u0119du na g\u0142\u0119boki smak, bogat\u0105 konsystencj\u0119 i silne dzia\u0142anie. Ten wyrafinowany koncentrat uciele\u015bnia elegancj\u0119 rzemie\u015blniczego haszyszu po\u0142\u0105czon\u0105 z moc\u0105 kultowych odmian OG. Idealny dla entuzjast\u00f3w poszukuj\u0105cych intensywnych dozna\u0144, uwodzi charakterystycznymi ziemistymi i korzennymi aromatami.<\/p>\n<p>Dzi\u0119ki zakupom online dzi\u015b jest \u0142atwiej ni\u017c kiedykolwiek <a href=\"https:\/\/en.wikipedia.org\/wiki\/Fendi\">zam\u00f3w Fendi OG Hash online<\/a> i ciesz si\u0119 tym wyj\u0105tkowym do\u015bwiadczeniem bezpo\u015brednio w domu.<\/p>\n<h3><b>Czym jest Fendi OG Hash?<\/b><\/h3>\n<p>Fendi OG Hash to koncentrat \u017cywiczny wyprodukowany z starannie wyselekcjonowanych odmian OG Kush, wytwarzany tradycyjnymi, rzemie\u015blniczymi metodami, dzi\u0119ki kt\u00f3rym charakteryzuje si\u0119 plastyczn\u0105 konsystencj\u0105 i ciemnobr\u0105zowym kolorem.<\/p>\n<p><span style=\"font-weight: 400;\">To bardzo wysokiej jako\u015bci haszysz, stworzony z my\u015bl\u0105 o szybkim i silnym dzia\u0142aniu. Bogaty w THC, znany z aromat\u00f3w ziemi, przypraw i sosny, wzmocnionych delikatn\u0105 s\u0142odycz\u0105 podczas wydechu.<\/span><\/p>\n<h3><b>Typowe zastosowania i efekty<\/b><\/h3>\n<p>Do\u015bwiadczeni konsumenci ceni\u0105 Fendi OG Hash za:<\/p>\n<ul>\n<li style=\"font-weight: 400;\" aria-level=\"1\"><span style=\"font-weight: 400;\">Silny efekt relaksuj\u0105cy dla cia\u0142a i umys\u0142u<\/span>&nbsp;<\/li>\n<li style=\"font-weight: 400;\" aria-level=\"1\"><span style=\"font-weight: 400;\">Uczucie delikatnej i d\u0142ugotrwa\u0142ej euforii<\/span>&nbsp;<\/li>\n<li style=\"font-weight: 400;\" aria-level=\"1\"><span style=\"font-weight: 400;\">Pomoc w radzeniu sobie ze stresem i zaburzeniami snu<\/span>&nbsp;<\/li>\n<li style=\"font-weight: 400;\" aria-level=\"1\"><span style=\"font-weight: 400;\">Bogaty i z\u0142o\u017cony zapach, kt\u00f3ry zachwyci wymagaj\u0105ce podniebienia<\/span>&nbsp;<\/li>\n<\/ul>\n<p><span style=\"font-weight: 400;\">Zazwyczaj jest spalany, mieszany z kwiatami lub u\u017cywany w odpowiednich waporyzatorach.<\/span><\/p>\n<h3><b>Status prawny (w zale\u017cno\u015bci od regionu)<\/b><\/h3>\n<p>Status prawny Fendi OG Hash r\u00f3\u017cni si\u0119 w zale\u017cno\u015bci od kraju. W niekt\u00f3rych regionach jego spo\u017cycie jest dozwolone pod pewnymi warunkami, podczas gdy w innych jest surowo zabronione. Przed zakupem Fendi OG Hash online, koniecznie sprawd\u017a przepisy obowi\u0105zuj\u0105ce w Twoim kraju.<\/p>\n<h3><b>Pourquoi acheter Fendi OG Hash en ligne ?<\/b><\/h3>\n<h3><b>Dost\u0119pno\u015b\u0107<\/b><\/h3>\n<p>Kupuj\u0105c Fendi OG Hash online, mo\u017cna \u0142atwo uzyska\u0107 dost\u0119p do produkt\u00f3w najwy\u017cszej jako\u015bci, kt\u00f3re cz\u0119sto trudno znale\u017a\u0107 w tradycyjnych kana\u0142ach dystrybucji.<\/p>\n<h3><b>R\u00f3\u017cnorodno\u015b\u0107 sprzedawc\u00f3w<\/b><\/h3>\n<p>W Internecie znajdziesz szeroki wyb\u00f3r Fendi OG Hash na sprzeda\u017c, o r\u00f3\u017cnym pochodzeniu, st\u0119\u017ceniu i cenie, aby zaspokoi\u0107 potrzeby wszystkich konsument\u00f3w.<\/p>\n<h3><b>Dyskretna wysy\u0142ka<\/b><\/h3>\n<p>Najlepsze specjalistyczne serwisy gwarantuj\u0105 dyskretn\u0105 i bezpieczn\u0105 dostaw\u0119, dzi\u0119ki czemu mo\u017cesz otrzyma\u0107 swoje zam\u00f3wienie z zachowaniem ca\u0142kowitej poufno\u015bci.<\/p>\n<h3><b>Come scegliere un venditore affidabile?<\/b><\/h3>\n<p>Aby znale\u017a\u0107 najlepsze miejsce do zakupu Amnesia Jelly Hash online, skorzystaj z poni\u017cszych wskaz\u00f3wek:<\/p>\n<ul>\n<li style=\"font-weight: 400;\" aria-level=\"1\">Por\u00f3wnaj cen\u0119 Fendi OG Hash oferowan\u0105 przez r\u00f3\u017cnych sprzedawc\u00f3w&nbsp;<\/li>\n<li style=\"font-weight: 400;\" aria-level=\"1\"><span style=\"font-weight: 400;\">Preferuj strony z zweryfikowanymi opiniami klient\u00f3w<\/span>&nbsp;<\/li>\n<li style=\"font-weight: 400;\" aria-level=\"1\"><span style=\"font-weight: 400;\">Sprawd\u017a certyfikaty analiz gwarantuj\u0105ce jako\u015b\u0107 i czysto\u015b\u0107<\/span>&nbsp;<\/li>\n<li style=\"font-weight: 400;\" aria-level=\"1\"><span style=\"font-weight: 400;\">Szybka i profesjonalna obs\u0142uga klienta<\/span>&nbsp;<\/li>\n<li style=\"font-weight: 400;\" aria-level=\"1\"><span style=\"font-weight: 400;\">Zapoznaj si\u0119 z warunkami dostawy i zwrotu<\/span>&nbsp;<\/li>\n<\/ul>\n<h3><b>Zasady dostawy<\/b><\/h3>\n<p><span style=\"font-weight: 400;\">Wiarygodna strona internetowa oferuje:<\/span><\/p>\n<ul>\n<li style=\"font-weight: 400;\" aria-level=\"1\"><span style=\"font-weight: 400;\">Terminy wysy\u0142ki dotrzymane<\/span>&nbsp;<\/li>\n<li style=\"font-weight: 400;\" aria-level=\"1\"><span style=\"font-weight: 400;\">Een duidelijk trackingsysteem voor uw bestelling<\/span>&nbsp;<\/li>\n<li style=\"font-weight: 400;\" aria-level=\"1\"><span style=\"font-weight: 400;\">Uma garantia ou reembolso em caso de problema<\/span>&nbsp;<\/li>\n<\/ul>\n<h3><b>Ryzyka i rozwa\u017cania <\/b><b>Zagro\u017cenia dla zdrowia<\/b><\/h3>\n<p>Fendi OG Hash to skoncentrowany produkt o wysokiej zawarto\u015bci THC. Pocz\u0105tkuj\u0105cym zaleca si\u0119 rozpocz\u0119cie od ma\u0142ych ilo\u015bci. Odpowiedzialne zakupy oznaczaj\u0105 r\u00f3wnie\u017c wyb\u00f3r sprawdzonych sprzedawc\u00f3w, aby zapewni\u0107 sobie czysty produkt, wolny od szkodliwych dodatk\u00f3w.<\/p>\n<h3><b>Wniosek<\/b><\/h3>\n<p>Fendi OG Hash to produkt najwy\u017cszej jako\u015bci dla mi\u0142o\u015bnik\u00f3w bogatych, mocnych i autentycznych \u017cywic. Dzi\u0119ki wyspecjalizowanym platformom zakup Fendi OG Hash online od renomowanych sprzedawc\u00f3w jest teraz \u0142atwiejszy i bezpieczniejszy.<\/p>","protected":false},"excerpt":{"rendered":"<p>Introduction au Fendi OG Hash Le Fendi OG Hash est une r\u00e9sine de cannabis haut de gamme, recherch\u00e9e pour son go\u00fbt profond, sa texture riche et ses effets puissants. Ce concentr\u00e9 raffin\u00e9 incarne l\u2019\u00e9l\u00e9gance du haschich artisanal alli\u00e9e \u00e0 la puissance des vari\u00e9t\u00e9s OG embl\u00e9matiques. Id\u00e9al pour les amateurs \u00e0 la recherche d&rsquo;une exp\u00e9rience intense,&#8230;<\/p>","protected":false},"featured_media":1466,"comment_status":"open","ping_status":"closed","template":"","meta":{"_kadence_starter_templates_imported_post":false,"_kad_post_transparent":"default","_kad_post_title":"","_kad_post_layout":"default","_kad_post_sidebar_id":"","_kad_post_content_style":"default","_kad_post_vertical_padding":"default","_kad_post_feature":"","_kad_post_feature_position":"","_kad_post_header":false,"_kad_post_footer":false,"_joinchat":[]},"product_brand":[],"product_cat":[31],"product_tag":[],"class_list":{"0":"post-1344","1":"product","2":"type-product","3":"status-publish","4":"has-post-thumbnail","6":"product_cat-haschisch","8":"first","9":"instock","10":"shipping-taxable","11":"purchasable","12":"product-type-variable","13":"entry","14":"content-bg","15":"loop-entry"},"yoast_head":"<!-- This site is optimized with the Yoast SEO plugin v23.5 - https:\/\/yoast.com\/wordpress\/plugins\/seo\/ -->\n<title>Achetez Fendi OG Hash en ligne - Fendi OG Hash \u00e0 vendre<\/title>\n<meta name=\"description\" content=\"Vous pouvez acheter Fendi OG Hash en vente dans notre magasin herebelegale et le recevoir \u00e0 votre porte sans aucun probl\u00e8me. Nous vous aidons \u00e0 acheter Fendi OG Hash en ligne. Commandez maintenant !\" \/>\n<meta name=\"robots\" content=\"index, follow, max-snippet:-1, max-image-preview:large, max-video-preview:-1\" \/>\n<link rel=\"canonical\" href=\"https:\/\/herbelegale.com\/pl\/product\/fendi-og-hash\/\" \/>\n<meta property=\"og:locale\" content=\"pl_PL\" \/>\n<meta property=\"og:type\" content=\"article\" \/>\n<meta property=\"og:title\" content=\"Achetez Fendi OG Hash en ligne - Fendi OG Hash \u00e0 vendre\" \/>\n<meta property=\"og:description\" content=\"Vous pouvez acheter Fendi OG Hash en vente dans notre magasin herebelegale et le recevoir \u00e0 votre porte sans aucun probl\u00e8me. Nous vous aidons \u00e0 acheter Fendi OG Hash en ligne. Commandez maintenant !\" \/>\n<meta property=\"og:url\" content=\"https:\/\/herbelegale.com\/pl\/product\/fendi-og-hash\/\" \/>\n<meta property=\"og:site_name\" content=\"Herbe L\u00e9gale\" \/>\n<meta property=\"article:modified_time\" content=\"2025-07-19T05:03:31+00:00\" \/>\n<meta property=\"og:image\" content=\"https:\/\/herbelegale.com\/wp-content\/uploads\/2023\/09\/FENDI-OG-HASH-1.jpg\" \/>\n\t<meta property=\"og:image:width\" content=\"600\" \/>\n\t<meta property=\"og:image:height\" content=\"600\" \/>\n\t<meta property=\"og:image:type\" content=\"image\/jpeg\" \/>\n<meta name=\"twitter:card\" content=\"summary_large_image\" \/>\n<meta name=\"twitter:label1\" content=\"Szacowany czas czytania\" \/>\n\t<meta name=\"twitter:data1\" content=\"3 minuty\" \/>\n<script type=\"application\/ld+json\" class=\"yoast-schema-graph\">{\"@context\":\"https:\/\/schema.org\",\"@graph\":[{\"@type\":\"WebPage\",\"@id\":\"https:\/\/herbelegale.com\/product\/fendi-og-hash\/\",\"url\":\"https:\/\/herbelegale.com\/product\/fendi-og-hash\/\",\"name\":\"Achetez Fendi OG Hash en ligne - Fendi OG Hash \u00e0 vendre\",\"isPartOf\":{\"@id\":\"https:\/\/herbelegale.com\/#website\"},\"primaryImageOfPage\":{\"@id\":\"https:\/\/herbelegale.com\/product\/fendi-og-hash\/#primaryimage\"},\"image\":{\"@id\":\"https:\/\/herbelegale.com\/product\/fendi-og-hash\/#primaryimage\"},\"thumbnailUrl\":\"https:\/\/herbelegale.com\/wp-content\/uploads\/2023\/09\/FENDI-OG-HASH-1.jpg\",\"datePublished\":\"2023-09-30T10:15:01+00:00\",\"dateModified\":\"2025-07-19T05:03:31+00:00\",\"description\":\"Vous pouvez acheter Fendi OG Hash en vente dans notre magasin herebelegale et le recevoir \u00e0 votre porte sans aucun probl\u00e8me. Nous vous aidons \u00e0 acheter Fendi OG Hash en ligne. Commandez maintenant !\",\"breadcrumb\":{\"@id\":\"https:\/\/herbelegale.com\/product\/fendi-og-hash\/#breadcrumb\"},\"inLanguage\":\"pl-PL\",\"potentialAction\":[{\"@type\":\"ReadAction\",\"target\":[\"https:\/\/herbelegale.com\/product\/fendi-og-hash\/\"]}]},{\"@type\":\"ImageObject\",\"inLanguage\":\"pl-PL\",\"@id\":\"https:\/\/herbelegale.com\/product\/fendi-og-hash\/#primaryimage\",\"url\":\"https:\/\/herbelegale.com\/wp-content\/uploads\/2023\/09\/FENDI-OG-HASH-1.jpg\",\"contentUrl\":\"https:\/\/herbelegale.com\/wp-content\/uploads\/2023\/09\/FENDI-OG-HASH-1.jpg\",\"width\":600,\"height\":600,\"caption\":\"FENDI-OG-HASH\"},{\"@type\":\"BreadcrumbList\",\"@id\":\"https:\/\/herbelegale.com\/product\/fendi-og-hash\/#breadcrumb\",\"itemListElement\":[{\"@type\":\"ListItem\",\"position\":1,\"name\":\"Home\",\"item\":\"https:\/\/herbelegale.com\/\"},{\"@type\":\"ListItem\",\"position\":2,\"name\":\"Boutique\",\"item\":\"https:\/\/herbelegale.com\/boutique\/\"},{\"@type\":\"ListItem\",\"position\":3,\"name\":\"Fendi OG Hash\"}]},{\"@type\":\"WebSite\",\"@id\":\"https:\/\/herbelegale.com\/#website\",\"url\":\"https:\/\/herbelegale.com\/\",\"name\":\"Herbe L\u00e9gale\",\"description\":\"Acheter de l&#039;herbe en ligne\",\"publisher\":{\"@id\":\"https:\/\/herbelegale.com\/#organization\"},\"potentialAction\":[{\"@type\":\"SearchAction\",\"target\":{\"@type\":\"EntryPoint\",\"urlTemplate\":\"https:\/\/herbelegale.com\/?s={search_term_string}\"},\"query-input\":{\"@type\":\"PropertyValueSpecification\",\"valueRequired\":true,\"valueName\":\"search_term_string\"}}],\"inLanguage\":\"pl-PL\"},{\"@type\":\"Organization\",\"@id\":\"https:\/\/herbelegale.com\/#organization\",\"name\":\"Herbe L\u00e9gale\",\"url\":\"https:\/\/herbelegale.com\/\",\"logo\":{\"@type\":\"ImageObject\",\"inLanguage\":\"pl-PL\",\"@id\":\"https:\/\/herbelegale.com\/#\/schema\/logo\/image\/\",\"url\":\"https:\/\/herbelegale.com\/wp-content\/uploads\/2023\/10\/logo-1.png\",\"contentUrl\":\"https:\/\/herbelegale.com\/wp-content\/uploads\/2023\/10\/logo-1.png\",\"width\":400,\"height\":120,\"caption\":\"Herbe L\u00e9gale\"},\"image\":{\"@id\":\"https:\/\/herbelegale.com\/#\/schema\/logo\/image\/\"}}]}<\/script>\n<!-- \/ Yoast SEO plugin. -->","yoast_head_json":{"title":"Achetez Fendi OG Hash en ligne - Fendi OG Hash \u00e0 vendre","description":"Vous pouvez acheter Fendi OG Hash en vente dans notre magasin herebelegale et le recevoir \u00e0 votre porte sans aucun probl\u00e8me. Nous vous aidons \u00e0 acheter Fendi OG Hash en ligne. Commandez maintenant !","robots":{"index":"index","follow":"follow","max-snippet":"max-snippet:-1","max-image-preview":"max-image-preview:large","max-video-preview":"max-video-preview:-1"},"canonical":"https:\/\/herbelegale.com\/pl\/product\/fendi-og-hash\/","og_locale":"pl_PL","og_type":"article","og_title":"Achetez Fendi OG Hash en ligne - Fendi OG Hash \u00e0 vendre","og_description":"Vous pouvez acheter Fendi OG Hash en vente dans notre magasin herebelegale et le recevoir \u00e0 votre porte sans aucun probl\u00e8me. Nous vous aidons \u00e0 acheter Fendi OG Hash en ligne. Commandez maintenant !","og_url":"https:\/\/herbelegale.com\/pl\/product\/fendi-og-hash\/","og_site_name":"Herbe L\u00e9gale","article_modified_time":"2025-07-19T05:03:31+00:00","og_image":[{"width":600,"height":600,"url":"https:\/\/herbelegale.com\/wp-content\/uploads\/2023\/09\/FENDI-OG-HASH-1.jpg","type":"image\/jpeg"}],"twitter_card":"summary_large_image","twitter_misc":{"Szacowany czas czytania":"3 minuty"},"schema":{"@context":"https:\/\/schema.org","@graph":[{"@type":"WebPage","@id":"https:\/\/herbelegale.com\/product\/fendi-og-hash\/","url":"https:\/\/herbelegale.com\/product\/fendi-og-hash\/","name":"Achetez Fendi OG Hash en ligne - Fendi OG Hash \u00e0 vendre","isPartOf":{"@id":"https:\/\/herbelegale.com\/#website"},"primaryImageOfPage":{"@id":"https:\/\/herbelegale.com\/product\/fendi-og-hash\/#primaryimage"},"image":{"@id":"https:\/\/herbelegale.com\/product\/fendi-og-hash\/#primaryimage"},"thumbnailUrl":"https:\/\/herbelegale.com\/wp-content\/uploads\/2023\/09\/FENDI-OG-HASH-1.jpg","datePublished":"2023-09-30T10:15:01+00:00","dateModified":"2025-07-19T05:03:31+00:00","description":"Vous pouvez acheter Fendi OG Hash en vente dans notre magasin herebelegale et le recevoir \u00e0 votre porte sans aucun probl\u00e8me. Nous vous aidons \u00e0 acheter Fendi OG Hash en ligne. Commandez maintenant !","breadcrumb":{"@id":"https:\/\/herbelegale.com\/product\/fendi-og-hash\/#breadcrumb"},"inLanguage":"pl-PL","potentialAction":[{"@type":"ReadAction","target":["https:\/\/herbelegale.com\/product\/fendi-og-hash\/"]}]},{"@type":"ImageObject","inLanguage":"pl-PL","@id":"https:\/\/herbelegale.com\/product\/fendi-og-hash\/#primaryimage","url":"https:\/\/herbelegale.com\/wp-content\/uploads\/2023\/09\/FENDI-OG-HASH-1.jpg","contentUrl":"https:\/\/herbelegale.com\/wp-content\/uploads\/2023\/09\/FENDI-OG-HASH-1.jpg","width":600,"height":600,"caption":"FENDI-OG-HASH"},{"@type":"BreadcrumbList","@id":"https:\/\/herbelegale.com\/product\/fendi-og-hash\/#breadcrumb","itemListElement":[{"@type":"ListItem","position":1,"name":"Home","item":"https:\/\/herbelegale.com\/"},{"@type":"ListItem","position":2,"name":"Boutique","item":"https:\/\/herbelegale.com\/boutique\/"},{"@type":"ListItem","position":3,"name":"Fendi OG Hash"}]},{"@type":"WebSite","@id":"https:\/\/herbelegale.com\/#website","url":"https:\/\/herbelegale.com\/","name":"Herbe L\u00e9gale","description":"Acheter de l&#039;herbe en ligne","publisher":{"@id":"https:\/\/herbelegale.com\/#organization"},"potentialAction":[{"@type":"SearchAction","target":{"@type":"EntryPoint","urlTemplate":"https:\/\/herbelegale.com\/?s={search_term_string}"},"query-input":{"@type":"PropertyValueSpecification","valueRequired":true,"valueName":"search_term_string"}}],"inLanguage":"pl-PL"},{"@type":"Organization","@id":"https:\/\/herbelegale.com\/#organization","name":"Herbe L\u00e9gale","url":"https:\/\/herbelegale.com\/","logo":{"@type":"ImageObject","inLanguage":"pl-PL","@id":"https:\/\/herbelegale.com\/#\/schema\/logo\/image\/","url":"https:\/\/herbelegale.com\/wp-content\/uploads\/2023\/10\/logo-1.png","contentUrl":"https:\/\/herbelegale.com\/wp-content\/uploads\/2023\/10\/logo-1.png","width":400,"height":120,"caption":"Herbe L\u00e9gale"},"image":{"@id":"https:\/\/herbelegale.com\/#\/schema\/logo\/image\/"}}]}},"_links":{"self":[{"href":"https:\/\/herbelegale.com\/pl\/wp-json\/wp\/v2\/product\/1344","targetHints":{"allow":["GET"]}}],"collection":[{"href":"https:\/\/herbelegale.com\/pl\/wp-json\/wp\/v2\/product"}],"about":[{"href":"https:\/\/herbelegale.com\/pl\/wp-json\/wp\/v2\/types\/product"}],"replies":[{"embeddable":true,"href":"https:\/\/herbelegale.com\/pl\/wp-json\/wp\/v2\/comments?post=1344"}],"wp:featuredmedia":[{"embeddable":true,"href":"https:\/\/herbelegale.com\/pl\/wp-json\/wp\/v2\/media\/1466"}],"wp:attachment":[{"href":"https:\/\/herbelegale.com\/pl\/wp-json\/wp\/v2\/media?parent=1344"}],"wp:term":[{"taxonomy":"product_brand","embeddable":true,"href":"https:\/\/herbelegale.com\/pl\/wp-json\/wp\/v2\/product_brand?post=1344"},{"taxonomy":"product_cat","embeddable":true,"href":"https:\/\/herbelegale.com\/pl\/wp-json\/wp\/v2\/product_cat?post=1344"},{"taxonomy":"product_tag","embeddable":true,"href":"https:\/\/herbelegale.com\/pl\/wp-json\/wp\/v2\/product_tag?post=1344"}],"curies":[{"name":"wp","href":"https:\/\/api.w.org\/{rel}","templated":true}]}}