{"id":110,"date":"2023-09-22T11:06:27","date_gmt":"2023-09-22T11:06:27","guid":{"rendered":"https:\/\/nembutalhouse.com\/weed\/?post_type=product&#038;p=110"},"modified":"2025-06-14T11:09:53","modified_gmt":"2025-06-14T11:09:53","slug":"grand-daddy-purple","status":"publish","type":"product","link":"https:\/\/herbelegale.com\/pl\/product\/grand-daddy-purple\/","title":{"rendered":"Grand Daddy Purple"},"content":{"rendered":"<h2><b>Kup Grand Daddy Purple online: Legendarny relaks dostarczony pod Twoje drzwi<\/b><\/h2>\n<p><span style=\"font-weight: 400;\">Niewiele odmian konopi jest tak kultowych jak <\/span><a href=\"https:\/\/herbelegale.com\/pl\/product\/grand-daddy-purple\/\"><b>Grand Daddy Purple<\/b><\/a><span style=\"font-weight: 400;\"> (znana r\u00f3wnie\u017c jako GDP). S\u0142yn\u0105ca z g\u0142\u0119bokich, fioletowych odcieni, silnego dzia\u0142ania na cia\u0142o oraz s\u0142odkiego aromatu winogron i jag\u00f3d, ta legendarna odmiana indica sta\u0142a si\u0119 ulubionym wyborem dla os\u00f3b poszukuj\u0105cych relaksu. Obecnie, wraz z rozwojem platform internetowych, coraz wi\u0119cej konsument\u00f3w decyduje si\u0119 na\u2026<\/span><b>acheter Grand Daddy Purple en ligne<\/b><span style=\"font-weight: 400;\">, et de recevoir cette vari\u00e9t\u00e9 premium directement \u00e0 domicile.<\/span><\/p>\n<h3><b>Rozw\u00f3j dostaw marihuany online: od targ\u00f3w rolniczych do dom\u00f3w<\/b><\/h3>\n<p><span style=\"font-weight: 400;\">Kiedy\u015b zarezerwowane dla lokalnych aptek, zakupy marihuany s\u0105 teraz w pe\u0142ni cyfrowe. Niezale\u017cnie od tego, czy mieszkasz w du\u017cym mie\u015bcie, czy na wsi, zamawianie online nigdy nie by\u0142o prostsze. Sk\u0105d ta zmiana?<\/span><\/p>\n<ul>\n<li style=\"font-weight: 400;\" aria-level=\"1\"><span style=\"font-weight: 400;\">Dostawa <\/span><b>dyskretny i poufny<\/b><b>\n<p><\/b><\/li>\n<li style=\"font-weight: 400;\" aria-level=\"1\"><b>Wi\u0119cej mo\u017cliwo\u015bci wyboru<\/b><span style=\"font-weight: 400;\"> w\u015br\u00f3d dost\u0119pnych odmian<\/span><span style=\"font-weight: 400;\">\n<p><\/span><\/li>\n<li style=\"font-weight: 400;\" aria-level=\"1\"><span style=\"font-weight: 400;\">Dost\u0119p do <\/span><b>Grand Daddy Purple na sprzeda\u017c<\/b><span style=\"font-weight: 400;\"> od zaufanych producent\u00f3w<\/span><span style=\"font-weight: 400;\">\n<p><\/span><\/li>\n<\/ul>\n<h3><b>Dlaczego coraz wi\u0119cej os\u00f3b kupuje Grand Daddy Purple online<\/b><\/h3>\n<p><span style=\"font-weight: 400;\">Eksplozja handlu elektronicznego sprawi\u0142a, \u017ce marihuana sta\u0142a si\u0119 bardziej dost\u0119pna ni\u017c kiedykolwiek. Ludzie teraz wol\u0105 <\/span><a href=\"https:\/\/en.wikipedia.org\/wiki\/Talk%3AGranddaddy_Purple_(GDP)?redirect=no\"><b>zam\u00f3w Grand Daddy Purple online<\/b><\/a><span style=\"font-weight: 400;\"> z kilku powod\u00f3w:<\/span><\/p>\n<ul>\n<li style=\"font-weight: 400;\" aria-level=\"1\"><span style=\"font-weight: 400;\">Ulg\u0119 w przewlek\u0142ym b\u00f3lu lub bezsenno\u015bci<\/span><span style=\"font-weight: 400;\">\n<p><\/span><\/li>\n<li style=\"font-weight: 400;\" aria-level=\"1\"><span style=\"font-weight: 400;\">Ulg\u0119 w przewlek\u0142ym b\u00f3lu lub bezsenno\u015bci<\/span><span style=\"font-weight: 400;\">\n<p><\/span><\/li>\n<li style=\"font-weight: 400;\" aria-level=\"1\"><span style=\"font-weight: 400;\">Dost\u0119p do <\/span><b>Grand Daddy Purple w niskiej cenie<\/b><span style=\"font-weight: 400;\"> z kontrolowan\u0105 jako\u015bci\u0105<\/span><span style=\"font-weight: 400;\">\n<p><\/span><\/li>\n<\/ul>\n<h3><b>Co sprawia, \u017ce pradziadek jest fioletowy<\/b><\/h3>\n<p><span style=\"font-weight: 400;\">Nie wszystkie PKB s\u0105 sobie r\u00f3wne. Oto, na co zwr\u00f3ci\u0107 uwag\u0119:<\/span><\/p>\n<ul>\n<li style=\"font-weight: 400;\" aria-level=\"1\"><b>Wygl\u0105d i trichomy<\/b><span style=\"font-weight: 400;\"> :Intensywne fioletowe kwiaty pokryte kryszta\u0142kami<\/span><span style=\"font-weight: 400;\">\n<p><\/span><\/li>\n<li style=\"font-weight: 400;\" aria-level=\"1\"><b>Aromat<\/b><span style=\"font-weight: 400;\"> :S\u0142odkie nuty winogron i jag\u00f3d z ziemistym akcentem<\/span><span style=\"font-weight: 400;\">\n<p><\/span><\/li>\n<li style=\"font-weight: 400;\" aria-level=\"1\"><b>Efekty<\/b><span style=\"font-weight: 400;\"> :G\u0142\u0119boki relaks cia\u0142a, bez nadmiernego uspokojenia<\/span><span style=\"font-weight: 400;\">\n<p><\/span><\/li>\n<li style=\"font-weight: 400;\" aria-level=\"1\"><b>\u015awie\u017co\u015b\u0107<\/b><span style=\"font-weight: 400;\"> : Lepkie, s\u0142odko pachn\u0105ce p\u0105ki \u2014 nigdy suche ani nie\u015bwie\u017ce<\/span><span style=\"font-weight: 400;\">\n<p><\/span><\/li>\n<\/ul>\n<h3><b>5 najlepszych miejsc do kupienia Grand Daddy Purple online (z zaletami i wadami)<\/b><\/h3>\n<ol>\n<li style=\"font-weight: 400;\" aria-level=\"1\"><b>Sie\u0107 Leafly<\/b><b><br \/>\n<\/b><span style=\"font-weight: 400;\"> \u2705 Certyfikowani sprzedawcy, produkty testowane laboratoryjnie<\/span><span style=\"font-weight: 400;\"><br \/>\n<\/span><span style=\"font-weight: 400;\"> \u274c Zale\u017cy od lokalnych przepis\u00f3w<\/span><span style=\"font-weight: 400;\"><\/p>\n<p><\/span><\/li>\n<li style=\"font-weight: 400;\" aria-level=\"1\"><b>Butiki Weedmaps<\/b><b><br \/>\n<\/b><span style=\"font-weight: 400;\"> \u2705 Opinie klient\u00f3w i menu z lokalnych aptek<\/span><span style=\"font-weight: 400;\"><br \/>\n<\/span><span style=\"font-weight: 400;\"> \u274c Brak dostaw krajowych<\/span><span style=\"font-weight: 400;\"><\/p>\n<p><\/span><\/li>\n<li style=\"font-weight: 400;\" aria-level=\"1\"><b>Budmail (Kanada)<\/b><b><br \/>\n<\/b><span style=\"font-weight: 400;\"> \u2705 Szybka i dyskretna dostawa<\/span><span style=\"font-weight: 400;\"><br \/>\n<\/span><span style=\"font-weight: 400;\"> \u274c Zarezerwowane dla rynku kanadyjskiego<\/span><span style=\"font-weight: 400;\"><\/p>\n<p><\/span><\/li>\n<li style=\"font-weight: 400;\" aria-level=\"1\"><b>Rynki w stylu Etsy (stany legalne)<\/b><b><br \/>\n<\/b><span style=\"font-weight: 400;\"> \u2705 Drobni producenci rzemie\u015blniczy<\/span><span style=\"font-weight: 400;\"><br \/>\n<\/span><span style=\"font-weight: 400;\"> \u274c Zmienna ochrona kupuj\u0105cego<\/span><span style=\"font-weight: 400;\"><\/p>\n<p><\/span><\/li>\n<li style=\"font-weight: 400;\" aria-level=\"1\"><b>Zatwierdzone witryny prywatne (np. GrandDaddyPurp.com)<\/b><b><br \/>\n<\/b><span style=\"font-weight: 400;\"> \u2705 Bezpo\u015brednio od producenta, cz\u0119sto \u015bwie\u017csze<\/span><span style=\"font-weight: 400;\"><br \/>\n<\/span><span style=\"font-weight: 400;\"> \u274c Minimalne zam\u00f3wienie czasami wysokie<\/span><span style=\"font-weight: 400;\"><\/p>\n<p><\/span><\/li>\n<\/ol>\n<p><span style=\"font-weight: 400;\">Szukasz <\/span><b>meilleur endroit pour acheter Grand Daddy Purple en ligne<\/b><span style=\"font-weight: 400;\"> ? Zawsze wybieraj \u017ar\u00f3d\u0142a z testami laboratoryjnymi i sprawdzonymi recenzjami.<\/span><\/p>\n<h3><b>Co sprawdzi\u0107 przed z\u0142o\u017ceniem zam\u00f3wienia<\/b><\/h3>\n<ul>\n<li style=\"font-weight: 400;\" aria-level=\"1\"><span style=\"font-weight: 400;\">\u2705 <\/span><b>Warunki dostawy<\/b><span style=\"font-weight: 400;\"> :Pakowanie pr\u00f3\u017cniowe i ochrona przed ciep\u0142em<\/span><span style=\"font-weight: 400;\">\n<p><\/span><\/li>\n<li style=\"font-weight: 400;\" aria-level=\"1\"><span style=\"font-weight: 400;\">\u2705 <\/span><b>Gwarancja \u015bwie\u017co\u015bci<\/b><span style=\"font-weight: 400;\"> :Bestsellerzy gwarantuj\u0105 sw\u00f3j produkt<\/span><span style=\"font-weight: 400;\">\n<p><\/span><\/li>\n<li style=\"font-weight: 400;\" aria-level=\"1\"><span style=\"font-weight: 400;\">\u2705 <\/span><b>Przejrzysto\u015b\u0107 sk\u0142adnik\u00f3w<\/b><span style=\"font-weight: 400;\"> :Szukaj kwiat\u00f3w wolnych od pestycyd\u00f3w i przebadanych laboratoryjnie<\/span><span style=\"font-weight: 400;\">\n<p><\/span><\/li>\n<li style=\"font-weight: 400;\" aria-level=\"1\"><span style=\"font-weight: 400;\">\u2705 <\/span><b>(4 opinie klient\u00f3w)<\/b><span style=\"font-weight: 400;\"> : Les retours authentiques sont essentiels pour juger la qualit\u00e9<\/span><span style=\"font-weight: 400;\">\n<p><\/span><\/li>\n<\/ul>\n<h3><b>Jak przechowywa\u0107, spo\u017cywa\u0107 i cieszy\u0107 si\u0119 Grand Daddy Purple<\/b><\/h3>\n<ul>\n<li style=\"font-weight: 400;\" aria-level=\"1\"><b>Ochrona<\/b><span style=\"font-weight: 400;\"> Przechowywa\u0107 w szczelnym szklanym s\u0142oiku, z dala od \u015bwiat\u0142a i wilgoci.<\/span><span style=\"font-weight: 400;\">\n<p><\/span><\/li>\n<li style=\"font-weight: 400;\" aria-level=\"1\"><b>Mode de consommation<\/b><span style=\"font-weight: 400;\"> :Idealny do waporyzator\u00f3w, fajek lub zwijanych<\/span><span style=\"font-weight: 400;\">\n<p><\/span><\/li>\n<li style=\"font-weight: 400;\" aria-level=\"1\"><b>Conseil d\u2019usage<\/b><span style=\"font-weight: 400;\"> :Idealne na wiecz\u00f3r lub relaks po stresuj\u0105cym dniu<\/span><span style=\"font-weight: 400;\">\n<p><\/span><\/li>\n<\/ul>\n<h3><b>Podsumowanie: Podaruj sobie relaks na najwy\u017cszym poziomie, nie ruszaj\u0105c si\u0119 z domu<\/b><\/h3>\n<p><span style=\"font-weight: 400;\">Zam\u00f3wienie Grand Daddy Purple online oznacza cieszenie si\u0119 kultow\u0105 odmian\u0105 z prostym, szybkim i bezpiecznym dost\u0119pem. Niezale\u017cnie od tego, czy jeste\u015b do\u015bwiadczonym, czy pocz\u0105tkuj\u0105cym u\u017cytkownikiem, ta legendarna indica obiecuje chwil\u0119 absolutnego spokoju \u2013 starannie dostarczana pod Twoje drzwi.<\/span><\/p>","protected":false},"excerpt":{"rendered":"<p>Acheter Grand Daddy Purple en ligne : Une relaxation l\u00e9gendaire livr\u00e9e chez vous Peu de vari\u00e9t\u00e9s de cannabis sont aussi embl\u00e9matiques que Grand Daddy Purple (aussi appel\u00e9 GDP). C\u00e9l\u00e8bre pour ses teintes violettes profondes, ses effets puissants sur le corps et son ar\u00f4me sucr\u00e9 de raisin et de baies, cette vari\u00e9t\u00e9 indica l\u00e9gendaire est devenue&#8230;<\/p>","protected":false},"featured_media":1449,"comment_status":"open","ping_status":"closed","template":"","meta":{"_kadence_starter_templates_imported_post":false,"_kad_post_transparent":"default","_kad_post_title":"","_kad_post_layout":"default","_kad_post_sidebar_id":"","_kad_post_content_style":"default","_kad_post_vertical_padding":"default","_kad_post_feature":"","_kad_post_feature_position":"","_kad_post_header":false,"_kad_post_footer":false,"_joinchat":[]},"product_brand":[],"product_cat":[17],"product_tag":[],"class_list":{"0":"post-110","1":"product","2":"type-product","3":"status-publish","4":"has-post-thumbnail","6":"product_cat-canabis-en-ligne","8":"first","9":"instock","10":"shipping-taxable","11":"purchasable","12":"product-type-variable","13":"entry","14":"content-bg","15":"loop-entry"},"yoast_head":"<!-- This site is optimized with the Yoast SEO plugin v23.5 - https:\/\/yoast.com\/wordpress\/plugins\/seo\/ -->\n<title>Achetez Grand Daddy Purple en ligne - Grand Daddy Purple \u00e0 vendre<\/title>\n<meta name=\"description\" content=\"C&#039;est le meilleur moment pour visiter notre boutique en ligne d&#039;herbelegale et acheter Grand Daddy Purple en ligne. Nous avons Grand Daddy Purple \u00e0 vendre ici. Rencontrez-nous en ligne et passez votre commande d\u00e8s aujourd&#039;hui !\" \/>\n<meta name=\"robots\" content=\"index, follow, max-snippet:-1, max-image-preview:large, max-video-preview:-1\" \/>\n<link rel=\"canonical\" href=\"https:\/\/herbelegale.com\/pl\/product\/grand-daddy-purple\/\" \/>\n<meta property=\"og:locale\" content=\"pl_PL\" \/>\n<meta property=\"og:type\" content=\"article\" \/>\n<meta property=\"og:title\" content=\"Achetez Grand Daddy Purple en ligne - Grand Daddy Purple \u00e0 vendre\" \/>\n<meta property=\"og:description\" content=\"C&#039;est le meilleur moment pour visiter notre boutique en ligne d&#039;herbelegale et acheter Grand Daddy Purple en ligne. Nous avons Grand Daddy Purple \u00e0 vendre ici. Rencontrez-nous en ligne et passez votre commande d\u00e8s aujourd&#039;hui !\" \/>\n<meta property=\"og:url\" content=\"https:\/\/herbelegale.com\/pl\/product\/grand-daddy-purple\/\" \/>\n<meta property=\"og:site_name\" content=\"Herbe L\u00e9gale\" \/>\n<meta property=\"article:modified_time\" content=\"2025-06-14T11:09:53+00:00\" \/>\n<meta property=\"og:image\" content=\"https:\/\/herbelegale.com\/wp-content\/uploads\/2023\/09\/Grand-Daddy-Purple.jpg\" \/>\n\t<meta property=\"og:image:width\" content=\"960\" \/>\n\t<meta property=\"og:image:height\" content=\"1280\" \/>\n\t<meta property=\"og:image:type\" content=\"image\/jpeg\" \/>\n<meta name=\"twitter:card\" content=\"summary_large_image\" \/>\n<meta name=\"twitter:label1\" content=\"Szacowany czas czytania\" \/>\n\t<meta name=\"twitter:data1\" content=\"3 minuty\" \/>\n<script type=\"application\/ld+json\" class=\"yoast-schema-graph\">{\"@context\":\"https:\/\/schema.org\",\"@graph\":[{\"@type\":\"WebPage\",\"@id\":\"https:\/\/herbelegale.com\/product\/grand-daddy-purple\/\",\"url\":\"https:\/\/herbelegale.com\/product\/grand-daddy-purple\/\",\"name\":\"Achetez Grand Daddy Purple en ligne - Grand Daddy Purple \u00e0 vendre\",\"isPartOf\":{\"@id\":\"https:\/\/herbelegale.com\/#website\"},\"primaryImageOfPage\":{\"@id\":\"https:\/\/herbelegale.com\/product\/grand-daddy-purple\/#primaryimage\"},\"image\":{\"@id\":\"https:\/\/herbelegale.com\/product\/grand-daddy-purple\/#primaryimage\"},\"thumbnailUrl\":\"https:\/\/herbelegale.com\/wp-content\/uploads\/2023\/09\/Grand-Daddy-Purple.jpg\",\"datePublished\":\"2023-09-22T11:06:27+00:00\",\"dateModified\":\"2025-06-14T11:09:53+00:00\",\"description\":\"C'est le meilleur moment pour visiter notre boutique en ligne d'herbelegale et acheter Grand Daddy Purple en ligne. Nous avons Grand Daddy Purple \u00e0 vendre ici. Rencontrez-nous en ligne et passez votre commande d\u00e8s aujourd'hui !\",\"breadcrumb\":{\"@id\":\"https:\/\/herbelegale.com\/product\/grand-daddy-purple\/#breadcrumb\"},\"inLanguage\":\"pl-PL\",\"potentialAction\":[{\"@type\":\"ReadAction\",\"target\":[\"https:\/\/herbelegale.com\/product\/grand-daddy-purple\/\"]}]},{\"@type\":\"ImageObject\",\"inLanguage\":\"pl-PL\",\"@id\":\"https:\/\/herbelegale.com\/product\/grand-daddy-purple\/#primaryimage\",\"url\":\"https:\/\/herbelegale.com\/wp-content\/uploads\/2023\/09\/Grand-Daddy-Purple.jpg\",\"contentUrl\":\"https:\/\/herbelegale.com\/wp-content\/uploads\/2023\/09\/Grand-Daddy-Purple.jpg\",\"width\":960,\"height\":1280,\"caption\":\"Grand Daddy Purple\"},{\"@type\":\"BreadcrumbList\",\"@id\":\"https:\/\/herbelegale.com\/product\/grand-daddy-purple\/#breadcrumb\",\"itemListElement\":[{\"@type\":\"ListItem\",\"position\":1,\"name\":\"Home\",\"item\":\"https:\/\/herbelegale.com\/\"},{\"@type\":\"ListItem\",\"position\":2,\"name\":\"Boutique\",\"item\":\"https:\/\/herbelegale.com\/boutique\/\"},{\"@type\":\"ListItem\",\"position\":3,\"name\":\"Grand Daddy Purple\"}]},{\"@type\":\"WebSite\",\"@id\":\"https:\/\/herbelegale.com\/#website\",\"url\":\"https:\/\/herbelegale.com\/\",\"name\":\"Herbe L\u00e9gale\",\"description\":\"Acheter de l&#039;herbe en ligne\",\"publisher\":{\"@id\":\"https:\/\/herbelegale.com\/#organization\"},\"potentialAction\":[{\"@type\":\"SearchAction\",\"target\":{\"@type\":\"EntryPoint\",\"urlTemplate\":\"https:\/\/herbelegale.com\/?s={search_term_string}\"},\"query-input\":{\"@type\":\"PropertyValueSpecification\",\"valueRequired\":true,\"valueName\":\"search_term_string\"}}],\"inLanguage\":\"pl-PL\"},{\"@type\":\"Organization\",\"@id\":\"https:\/\/herbelegale.com\/#organization\",\"name\":\"Herbe L\u00e9gale\",\"url\":\"https:\/\/herbelegale.com\/\",\"logo\":{\"@type\":\"ImageObject\",\"inLanguage\":\"pl-PL\",\"@id\":\"https:\/\/herbelegale.com\/#\/schema\/logo\/image\/\",\"url\":\"https:\/\/herbelegale.com\/wp-content\/uploads\/2023\/10\/logo-1.png\",\"contentUrl\":\"https:\/\/herbelegale.com\/wp-content\/uploads\/2023\/10\/logo-1.png\",\"width\":400,\"height\":120,\"caption\":\"Herbe L\u00e9gale\"},\"image\":{\"@id\":\"https:\/\/herbelegale.com\/#\/schema\/logo\/image\/\"}}]}<\/script>\n<!-- \/ Yoast SEO plugin. -->","yoast_head_json":{"title":"Achetez Grand Daddy Purple en ligne - Grand Daddy Purple \u00e0 vendre","description":"C'est le meilleur moment pour visiter notre boutique en ligne d'herbelegale et acheter Grand Daddy Purple en ligne. Nous avons Grand Daddy Purple \u00e0 vendre ici. Rencontrez-nous en ligne et passez votre commande d\u00e8s aujourd'hui !","robots":{"index":"index","follow":"follow","max-snippet":"max-snippet:-1","max-image-preview":"max-image-preview:large","max-video-preview":"max-video-preview:-1"},"canonical":"https:\/\/herbelegale.com\/pl\/product\/grand-daddy-purple\/","og_locale":"pl_PL","og_type":"article","og_title":"Achetez Grand Daddy Purple en ligne - Grand Daddy Purple \u00e0 vendre","og_description":"C'est le meilleur moment pour visiter notre boutique en ligne d'herbelegale et acheter Grand Daddy Purple en ligne. Nous avons Grand Daddy Purple \u00e0 vendre ici. Rencontrez-nous en ligne et passez votre commande d\u00e8s aujourd'hui !","og_url":"https:\/\/herbelegale.com\/pl\/product\/grand-daddy-purple\/","og_site_name":"Herbe L\u00e9gale","article_modified_time":"2025-06-14T11:09:53+00:00","og_image":[{"width":960,"height":1280,"url":"https:\/\/herbelegale.com\/wp-content\/uploads\/2023\/09\/Grand-Daddy-Purple.jpg","type":"image\/jpeg"}],"twitter_card":"summary_large_image","twitter_misc":{"Szacowany czas czytania":"3 minuty"},"schema":{"@context":"https:\/\/schema.org","@graph":[{"@type":"WebPage","@id":"https:\/\/herbelegale.com\/product\/grand-daddy-purple\/","url":"https:\/\/herbelegale.com\/product\/grand-daddy-purple\/","name":"Achetez Grand Daddy Purple en ligne - Grand Daddy Purple \u00e0 vendre","isPartOf":{"@id":"https:\/\/herbelegale.com\/#website"},"primaryImageOfPage":{"@id":"https:\/\/herbelegale.com\/product\/grand-daddy-purple\/#primaryimage"},"image":{"@id":"https:\/\/herbelegale.com\/product\/grand-daddy-purple\/#primaryimage"},"thumbnailUrl":"https:\/\/herbelegale.com\/wp-content\/uploads\/2023\/09\/Grand-Daddy-Purple.jpg","datePublished":"2023-09-22T11:06:27+00:00","dateModified":"2025-06-14T11:09:53+00:00","description":"C'est le meilleur moment pour visiter notre boutique en ligne d'herbelegale et acheter Grand Daddy Purple en ligne. Nous avons Grand Daddy Purple \u00e0 vendre ici. Rencontrez-nous en ligne et passez votre commande d\u00e8s aujourd'hui !","breadcrumb":{"@id":"https:\/\/herbelegale.com\/product\/grand-daddy-purple\/#breadcrumb"},"inLanguage":"pl-PL","potentialAction":[{"@type":"ReadAction","target":["https:\/\/herbelegale.com\/product\/grand-daddy-purple\/"]}]},{"@type":"ImageObject","inLanguage":"pl-PL","@id":"https:\/\/herbelegale.com\/product\/grand-daddy-purple\/#primaryimage","url":"https:\/\/herbelegale.com\/wp-content\/uploads\/2023\/09\/Grand-Daddy-Purple.jpg","contentUrl":"https:\/\/herbelegale.com\/wp-content\/uploads\/2023\/09\/Grand-Daddy-Purple.jpg","width":960,"height":1280,"caption":"Grand Daddy Purple"},{"@type":"BreadcrumbList","@id":"https:\/\/herbelegale.com\/product\/grand-daddy-purple\/#breadcrumb","itemListElement":[{"@type":"ListItem","position":1,"name":"Home","item":"https:\/\/herbelegale.com\/"},{"@type":"ListItem","position":2,"name":"Boutique","item":"https:\/\/herbelegale.com\/boutique\/"},{"@type":"ListItem","position":3,"name":"Grand Daddy Purple"}]},{"@type":"WebSite","@id":"https:\/\/herbelegale.com\/#website","url":"https:\/\/herbelegale.com\/","name":"Herbe L\u00e9gale","description":"Acheter de l&#039;herbe en ligne","publisher":{"@id":"https:\/\/herbelegale.com\/#organization"},"potentialAction":[{"@type":"SearchAction","target":{"@type":"EntryPoint","urlTemplate":"https:\/\/herbelegale.com\/?s={search_term_string}"},"query-input":{"@type":"PropertyValueSpecification","valueRequired":true,"valueName":"search_term_string"}}],"inLanguage":"pl-PL"},{"@type":"Organization","@id":"https:\/\/herbelegale.com\/#organization","name":"Herbe L\u00e9gale","url":"https:\/\/herbelegale.com\/","logo":{"@type":"ImageObject","inLanguage":"pl-PL","@id":"https:\/\/herbelegale.com\/#\/schema\/logo\/image\/","url":"https:\/\/herbelegale.com\/wp-content\/uploads\/2023\/10\/logo-1.png","contentUrl":"https:\/\/herbelegale.com\/wp-content\/uploads\/2023\/10\/logo-1.png","width":400,"height":120,"caption":"Herbe L\u00e9gale"},"image":{"@id":"https:\/\/herbelegale.com\/#\/schema\/logo\/image\/"}}]}},"_links":{"self":[{"href":"https:\/\/herbelegale.com\/pl\/wp-json\/wp\/v2\/product\/110","targetHints":{"allow":["GET"]}}],"collection":[{"href":"https:\/\/herbelegale.com\/pl\/wp-json\/wp\/v2\/product"}],"about":[{"href":"https:\/\/herbelegale.com\/pl\/wp-json\/wp\/v2\/types\/product"}],"replies":[{"embeddable":true,"href":"https:\/\/herbelegale.com\/pl\/wp-json\/wp\/v2\/comments?post=110"}],"wp:featuredmedia":[{"embeddable":true,"href":"https:\/\/herbelegale.com\/pl\/wp-json\/wp\/v2\/media\/1449"}],"wp:attachment":[{"href":"https:\/\/herbelegale.com\/pl\/wp-json\/wp\/v2\/media?parent=110"}],"wp:term":[{"taxonomy":"product_brand","embeddable":true,"href":"https:\/\/herbelegale.com\/pl\/wp-json\/wp\/v2\/product_brand?post=110"},{"taxonomy":"product_cat","embeddable":true,"href":"https:\/\/herbelegale.com\/pl\/wp-json\/wp\/v2\/product_cat?post=110"},{"taxonomy":"product_tag","embeddable":true,"href":"https:\/\/herbelegale.com\/pl\/wp-json\/wp\/v2\/product_tag?post=110"}],"curies":[{"name":"wp","href":"https:\/\/api.w.org\/{rel}","templated":true}]}}