{"id":57,"date":"2023-09-22T08:56:50","date_gmt":"2023-09-22T08:56:50","guid":{"rendered":"https:\/\/nembutalhouse.com\/weed\/?post_type=product&#038;p=57"},"modified":"2025-06-14T11:08:49","modified_gmt":"2025-06-14T11:08:49","slug":"cookies-cream","status":"publish","type":"product","link":"https:\/\/herbelegale.com\/nl\/product\/koekjesroom\/","title":{"rendered":"Koekjes &amp; Cr\u00e8me"},"content":{"rendered":"<h2><b>Koop Cookies &amp; Cream online: een klassieke smaak die nu trending is<\/b><\/h2>\n<p><span style=\"font-weight: 400;\">De term <\/span><a href=\"https:\/\/herbelegale.com\/nl\/product\/koekjesroom\/\"><b>Cookies &amp; Cream<\/b><\/a><span style=\"font-weight: 400;\"> verwijst naar een gastronomische smaak die de romige zoetheid van vanille of melk combineert met knapperige stukjes chocoladekoekjes, vaak Oreo of iets dergelijks. Cookies &amp; Cream is verkrijgbaar in verschillende vormen \u2013 ijs, desserts, gebak of zelfs themaproducten \u2013 en spreekt een breed publiek aan vanwege de perfecte balans tussen romigheid en crunch.<\/span><\/p>\n<p><span style=\"font-weight: 400;\">Deze tijdloze smaak is nu online zeer gewild, aangewakkerd door de grote vraag naar ambachtelijke en gepersonaliseerde lekkernijen en de toename van online aankopen van voedsel.<\/span><\/p>\n<h3><b>Waarom Cookies &amp; Cream online kopen?<\/b><\/h3>\n<p><span style=\"font-weight: 400;\">Bestel <\/span><a href=\"https:\/\/en.wikipedia.org\/wiki\/Cookies_and_cream\"><b>Cookies &amp; Cream en ligne<\/b><\/a><span style=\"font-weight: 400;\"> biedt veel voordelen:<\/span><\/p>\n<ul>\n<li style=\"font-weight: 400;\" aria-level=\"1\"><b>Discrete en zorgvuldige levering<\/b><span style=\"font-weight: 400;\"> :De producten worden zorgvuldig verpakt geleverd, waardoor versheid en discretie gegarandeerd zijn.<\/span><span style=\"font-weight: 400;\">\n<p><\/span><\/li>\n<li style=\"font-weight: 400;\" aria-level=\"1\"><b>Praktische bruikbaarheid<\/b><span style=\"font-weight: 400;\"> : U hoeft niet naar de winkel te gaan, u bestelt rechtstreeks vanuit huis.<\/span><span style=\"font-weight: 400;\">\n<p><\/span><\/li>\n<li style=\"font-weight: 400;\" aria-level=\"1\"><b>Toegang tot een grote verscheidenheid<\/b><span style=\"font-weight: 400;\"> : Handgemaakte creaties, gelimiteerde edities of exclusieve versies die je vaak niet in de winkels vindt.<\/span><span style=\"font-weight: 400;\">\n<p><\/span><\/li>\n<\/ul>\n<h3><b>Wat maakt een Cookies &amp; Cream-product geweldig?<\/b><\/h3>\n<p><span style=\"font-weight: 400;\">Om een geweldig Cookies &amp; Cream-product te kiezen, moet u op het volgende letten:<\/span><\/p>\n<ul>\n<li style=\"font-weight: 400;\" aria-level=\"1\"><b>Kwaliteit van de ingredi\u00ebnten<\/b><span style=\"font-weight: 400;\"> : Zachte room, verse knapperige koekjes, geen onnodige toevoegingen.<\/span><span style=\"font-weight: 400;\">\n<p><\/span><\/li>\n<li style=\"font-weight: 400;\" aria-level=\"1\"><b>: Zachte room, verse knapperige koekjes, geen onnodige toevoegingen.<\/b><span style=\"font-weight: 400;\"> : Een perfecte harmonie tussen zacht en knapperig.<\/span><span style=\"font-weight: 400;\">\n<p><\/span><\/li>\n<li style=\"font-weight: 400;\" aria-level=\"1\"><b>Authentieke smaak<\/b><span style=\"font-weight: 400;\"> : Natuurlijke koekjessmaak, niet te zoet en niet te flauw.<\/span><span style=\"font-weight: 400;\">\n<p><\/span><\/li>\n<li style=\"font-weight: 400;\" aria-level=\"1\"><b>Visueel aspect<\/b><span style=\"font-weight: 400;\"> : Een smakelijk product, goed gepresenteerd met zichtbare stukjes koek.<\/span><span style=\"font-weight: 400;\">\n<p><\/span><\/li>\n<\/ul>\n<h3><b>Beste platforms om online koekjes en room te bestellen<\/b><\/h3>\n<p><span style=\"font-weight: 400;\">Hier zijn enkele betrouwbare platforms voor <\/span><b>acheter Cookies &amp; Cream en ligne<\/b><span style=\"font-weight: 400;\"> :<\/span><\/p>\n<ul>\n<li style=\"font-weight: 400;\" aria-level=\"1\"><b>GourmetDelights.fr<\/b><span style=\"font-weight: 400;\"> : Specialist in ambachtelijke desserts.<\/span><span style=\"font-weight: 400;\">\n<p><\/span><\/li>\n<li style=\"font-weight: 400;\" aria-level=\"1\"><b>SweetBox Markt<\/b><span style=\"font-weight: 400;\"> : Gevarieerd aanbod, inclusief exclusieve Cookies &amp; Cream producten.<\/span><span style=\"font-weight: 400;\">\n<p><\/span><\/li>\n<li style=\"font-weight: 400;\" aria-level=\"1\"><b>Etsy \u2013 Gourmet Artisans<\/b><span style=\"font-weight: 400;\"> : Handgemaakte, aanpasbare producten.<\/span><span style=\"font-weight: 400;\">\n<p><\/span><\/li>\n<li style=\"font-weight: 400;\" aria-level=\"1\"><b>IceCreamExpress<\/b><span style=\"font-weight: 400;\"> : Snelle levering van eersteklas Cookies &amp; Cream-ijs.<\/span><span style=\"font-weight: 400;\">\n<p><\/span><\/li>\n<li style=\"font-weight: 400;\" aria-level=\"1\"><b>Lokale gebakjes met online winkel<\/b><span style=\"font-weight: 400;\"> : Lokale kwaliteit, concurrerende prijzen.<\/span><span style=\"font-weight: 400;\">\n<p><\/span><\/li>\n<\/ul>\n<h3><b>Hoe kiest u het juiste Cookies &amp; Cream-product of de juiste verkoper?<\/b><\/h3>\n<p><span style=\"font-weight: 400;\">Controleer het volgende voordat u bestelt:<\/span><\/p>\n<ul>\n<li style=\"font-weight: 400;\" aria-level=\"1\"><b>Leveringsvoorwaarden<\/b><span style=\"font-weight: 400;\"> : Verpakking die de versheid en integriteit van het product garandeert.<\/span><span style=\"font-weight: 400;\">\n<p><\/span><\/li>\n<li style=\"font-weight: 400;\" aria-level=\"1\"><b>(4 beoordelingen van klanten)<\/b><span style=\"font-weight: 400;\"> : Ervaringen over smaak, textuur en snelheid van bezorging.<\/span><span style=\"font-weight: 400;\">\n<p><\/span><\/li>\n<li style=\"font-weight: 400;\" aria-level=\"1\"><b>Ingredi\u00ebnttransparantie<\/b><span style=\"font-weight: 400;\"> : Geef de voorkeur aan verkopers die de nadruk leggen op de kwaliteit van de componenten.<\/span><span style=\"font-weight: 400;\">\n<p><\/span><\/li>\n<li style=\"font-weight: 400;\" aria-level=\"1\"><b>Garantie satisfaction<\/b><span style=\"font-weight: 400;\"> : Mogelijkheid tot terugbetaling of omruiling indien het product niet geschikt is.<\/span><span style=\"font-weight: 400;\">\n<p><\/span><\/li>\n<\/ul>\n<h3><b>Conclusion : Pourquoi Cookies &amp; Cream M\u00e9rite d\u2019\u00catre Essay\u00e9 et O\u00f9 l\u2019Acheter<\/b><\/h3>\n<p><span style=\"font-weight: 400;\">De smaak <\/span><b>Cookies &amp; Cream<\/b><span style=\"font-weight: 400;\"> is een aanrader voor alle zoetekauwen, een perfecte balans tussen romige zoetheid en onweerstaanbare crunch. Dankzij de mogelijkheid om <\/span><b>acheter Cookies &amp; Cream en ligne<\/b><span style=\"font-weight: 400;\">, vous pouvez savourer cette gourmandise chez vous, en toute simplicit\u00e9.<\/span><\/p>\n<p><span style=\"font-weight: 400;\">Of u nu op zoek bent naar een <\/span><b>betaalbaar product<\/b><span style=\"font-weight: 400;\"> of een exclusieve handgemaakte creatie, vandaag de dag is er de <\/span><b>beste plek om online Cookies &amp; Cream te kopen<\/b><span style=\"font-weight: 400;\"> die uw verlangens zal bevredigen.<\/span><\/p>\n<h3><b>Laatste tips voor veilig en succesvol online winkelen:<\/b><\/h3>\n<ul>\n<li style=\"font-weight: 400;\" aria-level=\"1\"><span style=\"font-weight: 400;\">Geef de voorkeur aan erkende en betrouwbare platforms.<\/span><span style=\"font-weight: 400;\">\n<p><\/span><\/li>\n<li style=\"font-weight: 400;\" aria-level=\"1\"><span style=\"font-weight: 400;\">Controleer de legaliteit en kwaliteit van de producten.<\/span><span style=\"font-weight: 400;\">\n<p><\/span><\/li>\n<li style=\"font-weight: 400;\" aria-level=\"1\"><span style=\"font-weight: 400;\">Zorg voor een snelle en discrete levering.<\/span><\/li>\n<\/ul>","protected":false},"excerpt":{"rendered":"<p>Acheter Cookies &amp; Cream en Ligne : Un Go\u00fbt Classique en Pleine Tendance Le terme Cookies &amp; Cream d\u00e9signe une saveur gourmande m\u00ealant la douceur cr\u00e9meuse de la vanille ou du lait \u00e0 des \u00e9clats croustillants de biscuits chocolat\u00e9s, souvent des Oreo ou similaires. Pr\u00e9sent sous diverses formes \u2014 glaces, desserts, p\u00e2tisseries ou m\u00eame produits&#8230;<\/p>","protected":false},"featured_media":365,"comment_status":"open","ping_status":"closed","template":"","meta":{"_kadence_starter_templates_imported_post":false,"_kad_post_transparent":"default","_kad_post_title":"","_kad_post_layout":"default","_kad_post_sidebar_id":"","_kad_post_content_style":"default","_kad_post_vertical_padding":"default","_kad_post_feature":"","_kad_post_feature_position":"","_kad_post_header":false,"_kad_post_footer":false,"_joinchat":[]},"product_brand":[],"product_cat":[17],"product_tag":[],"class_list":{"0":"post-57","1":"product","2":"type-product","3":"status-publish","4":"has-post-thumbnail","6":"product_cat-canabis-en-ligne","8":"first","9":"instock","10":"shipping-taxable","11":"purchasable","12":"product-type-variable","13":"entry","14":"content-bg","15":"loop-entry"},"yoast_head":"<!-- This site is optimized with the Yoast SEO plugin v23.5 - https:\/\/yoast.com\/wordpress\/plugins\/seo\/ -->\n<title>Achetez des biscuits et de la cr\u00e8me en ligne - Biscuits et cr\u00e8me \u00e0 vendre<\/title>\n<meta name=\"description\" content=\"Chez Herbelegale, vous pouvez obtenir des Cookies &amp; Cream en vente \u00e0 des prix bon march\u00e9. Ici, vous pouvez acheter des Cookies &amp; Cream en ligne de haute qualit\u00e9 dans notre magasin maintenant avec un service d&#039;exp\u00e9dition rapide et s\u00e9curis\u00e9. Commandez maintenant !\" \/>\n<meta name=\"robots\" content=\"index, follow, max-snippet:-1, max-image-preview:large, max-video-preview:-1\" \/>\n<link rel=\"canonical\" href=\"https:\/\/herbelegale.com\/nl\/product\/koekjesroom\/\" \/>\n<meta property=\"og:locale\" content=\"nl_BE\" \/>\n<meta property=\"og:type\" content=\"article\" \/>\n<meta property=\"og:title\" content=\"Achetez des biscuits et de la cr\u00e8me en ligne - Biscuits et cr\u00e8me \u00e0 vendre\" \/>\n<meta property=\"og:description\" content=\"Chez Herbelegale, vous pouvez obtenir des Cookies &amp; Cream en vente \u00e0 des prix bon march\u00e9. Ici, vous pouvez acheter des Cookies &amp; Cream en ligne de haute qualit\u00e9 dans notre magasin maintenant avec un service d&#039;exp\u00e9dition rapide et s\u00e9curis\u00e9. Commandez maintenant !\" \/>\n<meta property=\"og:url\" content=\"https:\/\/herbelegale.com\/nl\/product\/koekjesroom\/\" \/>\n<meta property=\"og:site_name\" content=\"Herbe L\u00e9gale\" \/>\n<meta property=\"article:modified_time\" content=\"2025-06-14T11:08:49+00:00\" \/>\n<meta property=\"og:image\" content=\"https:\/\/herbelegale.com\/wp-content\/uploads\/2023\/09\/Cookies-Cream.jpg\" \/>\n\t<meta property=\"og:image:width\" content=\"960\" \/>\n\t<meta property=\"og:image:height\" content=\"1280\" \/>\n\t<meta property=\"og:image:type\" content=\"image\/jpeg\" \/>\n<meta name=\"twitter:card\" content=\"summary_large_image\" \/>\n<meta name=\"twitter:label1\" content=\"Geschatte leestijd\" \/>\n\t<meta name=\"twitter:data1\" content=\"3 minuten\" \/>\n<script type=\"application\/ld+json\" class=\"yoast-schema-graph\">{\"@context\":\"https:\/\/schema.org\",\"@graph\":[{\"@type\":\"WebPage\",\"@id\":\"https:\/\/herbelegale.com\/product\/cookies-cream\/\",\"url\":\"https:\/\/herbelegale.com\/product\/cookies-cream\/\",\"name\":\"Achetez des biscuits et de la cr\u00e8me en ligne - Biscuits et cr\u00e8me \u00e0 vendre\",\"isPartOf\":{\"@id\":\"https:\/\/herbelegale.com\/#website\"},\"primaryImageOfPage\":{\"@id\":\"https:\/\/herbelegale.com\/product\/cookies-cream\/#primaryimage\"},\"image\":{\"@id\":\"https:\/\/herbelegale.com\/product\/cookies-cream\/#primaryimage\"},\"thumbnailUrl\":\"https:\/\/herbelegale.com\/wp-content\/uploads\/2023\/09\/Cookies-Cream.jpg\",\"datePublished\":\"2023-09-22T08:56:50+00:00\",\"dateModified\":\"2025-06-14T11:08:49+00:00\",\"description\":\"Chez Herbelegale, vous pouvez obtenir des Cookies & Cream en vente \u00e0 des prix bon march\u00e9. Ici, vous pouvez acheter des Cookies & Cream en ligne de haute qualit\u00e9 dans notre magasin maintenant avec un service d'exp\u00e9dition rapide et s\u00e9curis\u00e9. Commandez maintenant !\",\"breadcrumb\":{\"@id\":\"https:\/\/herbelegale.com\/product\/cookies-cream\/#breadcrumb\"},\"inLanguage\":\"nl-BE\",\"potentialAction\":[{\"@type\":\"ReadAction\",\"target\":[\"https:\/\/herbelegale.com\/product\/cookies-cream\/\"]}]},{\"@type\":\"ImageObject\",\"inLanguage\":\"nl-BE\",\"@id\":\"https:\/\/herbelegale.com\/product\/cookies-cream\/#primaryimage\",\"url\":\"https:\/\/herbelegale.com\/wp-content\/uploads\/2023\/09\/Cookies-Cream.jpg\",\"contentUrl\":\"https:\/\/herbelegale.com\/wp-content\/uploads\/2023\/09\/Cookies-Cream.jpg\",\"width\":960,\"height\":1280,\"caption\":\"Cookies & Cream\"},{\"@type\":\"BreadcrumbList\",\"@id\":\"https:\/\/herbelegale.com\/product\/cookies-cream\/#breadcrumb\",\"itemListElement\":[{\"@type\":\"ListItem\",\"position\":1,\"name\":\"Home\",\"item\":\"https:\/\/herbelegale.com\/\"},{\"@type\":\"ListItem\",\"position\":2,\"name\":\"Boutique\",\"item\":\"https:\/\/herbelegale.com\/boutique\/\"},{\"@type\":\"ListItem\",\"position\":3,\"name\":\"Cookies &#038; Cream\"}]},{\"@type\":\"WebSite\",\"@id\":\"https:\/\/herbelegale.com\/#website\",\"url\":\"https:\/\/herbelegale.com\/\",\"name\":\"Herbe L\u00e9gale\",\"description\":\"Acheter de l&#039;herbe en ligne\",\"publisher\":{\"@id\":\"https:\/\/herbelegale.com\/#organization\"},\"potentialAction\":[{\"@type\":\"SearchAction\",\"target\":{\"@type\":\"EntryPoint\",\"urlTemplate\":\"https:\/\/herbelegale.com\/?s={search_term_string}\"},\"query-input\":{\"@type\":\"PropertyValueSpecification\",\"valueRequired\":true,\"valueName\":\"search_term_string\"}}],\"inLanguage\":\"nl-BE\"},{\"@type\":\"Organization\",\"@id\":\"https:\/\/herbelegale.com\/#organization\",\"name\":\"Herbe L\u00e9gale\",\"url\":\"https:\/\/herbelegale.com\/\",\"logo\":{\"@type\":\"ImageObject\",\"inLanguage\":\"nl-BE\",\"@id\":\"https:\/\/herbelegale.com\/#\/schema\/logo\/image\/\",\"url\":\"https:\/\/herbelegale.com\/wp-content\/uploads\/2023\/10\/logo-1.png\",\"contentUrl\":\"https:\/\/herbelegale.com\/wp-content\/uploads\/2023\/10\/logo-1.png\",\"width\":400,\"height\":120,\"caption\":\"Herbe L\u00e9gale\"},\"image\":{\"@id\":\"https:\/\/herbelegale.com\/#\/schema\/logo\/image\/\"}}]}<\/script>\n<!-- \/ Yoast SEO plugin. -->","yoast_head_json":{"title":"Achetez des biscuits et de la cr\u00e8me en ligne - Biscuits et cr\u00e8me \u00e0 vendre","description":"Chez Herbelegale, vous pouvez obtenir des Cookies & Cream en vente \u00e0 des prix bon march\u00e9. Ici, vous pouvez acheter des Cookies & Cream en ligne de haute qualit\u00e9 dans notre magasin maintenant avec un service d'exp\u00e9dition rapide et s\u00e9curis\u00e9. Commandez maintenant !","robots":{"index":"index","follow":"follow","max-snippet":"max-snippet:-1","max-image-preview":"max-image-preview:large","max-video-preview":"max-video-preview:-1"},"canonical":"https:\/\/herbelegale.com\/nl\/product\/koekjesroom\/","og_locale":"nl_BE","og_type":"article","og_title":"Achetez des biscuits et de la cr\u00e8me en ligne - Biscuits et cr\u00e8me \u00e0 vendre","og_description":"Chez Herbelegale, vous pouvez obtenir des Cookies & Cream en vente \u00e0 des prix bon march\u00e9. Ici, vous pouvez acheter des Cookies & Cream en ligne de haute qualit\u00e9 dans notre magasin maintenant avec un service d'exp\u00e9dition rapide et s\u00e9curis\u00e9. Commandez maintenant !","og_url":"https:\/\/herbelegale.com\/nl\/product\/koekjesroom\/","og_site_name":"Herbe L\u00e9gale","article_modified_time":"2025-06-14T11:08:49+00:00","og_image":[{"width":960,"height":1280,"url":"https:\/\/herbelegale.com\/wp-content\/uploads\/2023\/09\/Cookies-Cream.jpg","type":"image\/jpeg"}],"twitter_card":"summary_large_image","twitter_misc":{"Geschatte leestijd":"3 minuten"},"schema":{"@context":"https:\/\/schema.org","@graph":[{"@type":"WebPage","@id":"https:\/\/herbelegale.com\/product\/cookies-cream\/","url":"https:\/\/herbelegale.com\/product\/cookies-cream\/","name":"Achetez des biscuits et de la cr\u00e8me en ligne - Biscuits et cr\u00e8me \u00e0 vendre","isPartOf":{"@id":"https:\/\/herbelegale.com\/#website"},"primaryImageOfPage":{"@id":"https:\/\/herbelegale.com\/product\/cookies-cream\/#primaryimage"},"image":{"@id":"https:\/\/herbelegale.com\/product\/cookies-cream\/#primaryimage"},"thumbnailUrl":"https:\/\/herbelegale.com\/wp-content\/uploads\/2023\/09\/Cookies-Cream.jpg","datePublished":"2023-09-22T08:56:50+00:00","dateModified":"2025-06-14T11:08:49+00:00","description":"Chez Herbelegale, vous pouvez obtenir des Cookies & Cream en vente \u00e0 des prix bon march\u00e9. Ici, vous pouvez acheter des Cookies & Cream en ligne de haute qualit\u00e9 dans notre magasin maintenant avec un service d'exp\u00e9dition rapide et s\u00e9curis\u00e9. Commandez maintenant !","breadcrumb":{"@id":"https:\/\/herbelegale.com\/product\/cookies-cream\/#breadcrumb"},"inLanguage":"nl-BE","potentialAction":[{"@type":"ReadAction","target":["https:\/\/herbelegale.com\/product\/cookies-cream\/"]}]},{"@type":"ImageObject","inLanguage":"nl-BE","@id":"https:\/\/herbelegale.com\/product\/cookies-cream\/#primaryimage","url":"https:\/\/herbelegale.com\/wp-content\/uploads\/2023\/09\/Cookies-Cream.jpg","contentUrl":"https:\/\/herbelegale.com\/wp-content\/uploads\/2023\/09\/Cookies-Cream.jpg","width":960,"height":1280,"caption":"Cookies & Cream"},{"@type":"BreadcrumbList","@id":"https:\/\/herbelegale.com\/product\/cookies-cream\/#breadcrumb","itemListElement":[{"@type":"ListItem","position":1,"name":"Home","item":"https:\/\/herbelegale.com\/"},{"@type":"ListItem","position":2,"name":"Boutique","item":"https:\/\/herbelegale.com\/boutique\/"},{"@type":"ListItem","position":3,"name":"Cookies &#038; Cream"}]},{"@type":"WebSite","@id":"https:\/\/herbelegale.com\/#website","url":"https:\/\/herbelegale.com\/","name":"Herbe L\u00e9gale","description":"Acheter de l&#039;herbe en ligne","publisher":{"@id":"https:\/\/herbelegale.com\/#organization"},"potentialAction":[{"@type":"SearchAction","target":{"@type":"EntryPoint","urlTemplate":"https:\/\/herbelegale.com\/?s={search_term_string}"},"query-input":{"@type":"PropertyValueSpecification","valueRequired":true,"valueName":"search_term_string"}}],"inLanguage":"nl-BE"},{"@type":"Organization","@id":"https:\/\/herbelegale.com\/#organization","name":"Herbe L\u00e9gale","url":"https:\/\/herbelegale.com\/","logo":{"@type":"ImageObject","inLanguage":"nl-BE","@id":"https:\/\/herbelegale.com\/#\/schema\/logo\/image\/","url":"https:\/\/herbelegale.com\/wp-content\/uploads\/2023\/10\/logo-1.png","contentUrl":"https:\/\/herbelegale.com\/wp-content\/uploads\/2023\/10\/logo-1.png","width":400,"height":120,"caption":"Herbe L\u00e9gale"},"image":{"@id":"https:\/\/herbelegale.com\/#\/schema\/logo\/image\/"}}]}},"_links":{"self":[{"href":"https:\/\/herbelegale.com\/nl\/wp-json\/wp\/v2\/product\/57","targetHints":{"allow":["GET"]}}],"collection":[{"href":"https:\/\/herbelegale.com\/nl\/wp-json\/wp\/v2\/product"}],"about":[{"href":"https:\/\/herbelegale.com\/nl\/wp-json\/wp\/v2\/types\/product"}],"replies":[{"embeddable":true,"href":"https:\/\/herbelegale.com\/nl\/wp-json\/wp\/v2\/comments?post=57"}],"wp:featuredmedia":[{"embeddable":true,"href":"https:\/\/herbelegale.com\/nl\/wp-json\/wp\/v2\/media\/365"}],"wp:attachment":[{"href":"https:\/\/herbelegale.com\/nl\/wp-json\/wp\/v2\/media?parent=57"}],"wp:term":[{"taxonomy":"product_brand","embeddable":true,"href":"https:\/\/herbelegale.com\/nl\/wp-json\/wp\/v2\/product_brand?post=57"},{"taxonomy":"product_cat","embeddable":true,"href":"https:\/\/herbelegale.com\/nl\/wp-json\/wp\/v2\/product_cat?post=57"},{"taxonomy":"product_tag","embeddable":true,"href":"https:\/\/herbelegale.com\/nl\/wp-json\/wp\/v2\/product_tag?post=57"}],"curies":[{"name":"wp","href":"https:\/\/api.w.org\/{rel}","templated":true}]}}