{"id":53,"date":"2023-09-22T08:56:29","date_gmt":"2023-09-22T08:56:29","guid":{"rendered":"https:\/\/nembutalhouse.com\/weed\/?post_type=product&#038;p=53"},"modified":"2025-06-14T11:07:41","modified_gmt":"2025-06-14T11:07:41","slug":"apple-fritter","status":"publish","type":"product","link":"https:\/\/herbelegale.com\/nl\/product\/appelbeignet\/","title":{"rendered":"Appelbeignets"},"content":{"rendered":"<h2><b>Appelbeignets online kopen: waarom deze klassieker zo populair is<\/b><\/h2>\n<h3><b>Inleiding: Wat is een appelbeignet en waarom is het zo gewild?<\/b><\/h3>\n<p><span style=\"font-weight: 400;\">Le <\/span><a href=\"https:\/\/herbelegale.com\/nl\/product\/appelbeignet\/\"><b>beignet aux pommes<\/b><\/a><span style=\"font-weight: 400;\"> Appelbeignets zijn een heerlijk en troostrijk gebakje dat bekendstaat om hun zachte, luchtige korst en zoete, pittige appelvulling. Vaak geglazuurd of bestrooid met suiker, zijn deze producten geliefd om hun smaak en genot. Tegenwoordig zijn appelbeignets niet alleen verkrijgbaar bij lokale markten en bakkerijen, maar ook op online platforms.<\/span><\/p>\n<p><span style=\"font-weight: 400;\">De groeiende populariteit online is te danken aan de groeiende belangstelling voor ambachtelijke zoetigheden die overal verkrijgbaar zijn, zonder dat je hoeft te reizen, en aan de opkomst van online boodschappen doen.<\/span><\/p>\n<h3><b>Appelbeignets online kopen: waarom deze klassieker zo populair is<\/b><\/h3>\n<p><span style=\"font-weight: 400;\">Koop er een <\/span><b>appelbeignets online<\/b><span style=\"font-weight: 400;\"> biedt verschillende belangrijke voordelen:<\/span><\/p>\n<ul>\n<li style=\"font-weight: 400;\" aria-level=\"1\"><b>Discrete en gespecialiseerde levering<\/b><span style=\"font-weight: 400;\"> :Uw bestelling wordt in een zorgvuldige verpakking rechtstreeks bij u afgeleverd, waardoor versheid en vertrouwelijkheid gegarandeerd zijn.<\/span><span style=\"font-weight: 400;\">\n<p><\/span><\/li>\n<li style=\"font-weight: 400;\" aria-level=\"1\"><b>Toegankelijkheid<\/b><span style=\"font-weight: 400;\"> :Zelfs als u niet in de buurt van een bekende bakker woont, kunt u hier uitstekende ambachtelijke producten proeven.<\/span><span style=\"font-weight: 400;\">\n<p><\/span><\/li>\n<li style=\"font-weight: 400;\" aria-level=\"1\"><b>Gemak<\/b><span style=\"font-weight: 400;\"> : U hoeft niet meer te reizen of in de rij te staan: met slechts een paar klikken bent u bij uw favoriete lekkernijen.<\/span><span style=\"font-weight: 400;\">\n<p><\/span><\/li>\n<\/ul>\n<h3><b>Wat maakt een goede appelbeignet?<\/b><\/h3>\n<p><span style=\"font-weight: 400;\">Om een appelbeignet van goede kwaliteit te kiezen, moet u op de volgende criteria letten:<\/span><\/p>\n<ul>\n<li style=\"font-weight: 400;\" aria-level=\"1\"><b>Onberispelijke frisheid<\/b><span style=\"font-weight: 400;\"> :Een vers product, recent bereid en snel verzonden.<\/span><span style=\"font-weight: 400;\">\n<p><\/span><\/li>\n<li style=\"font-weight: 400;\" aria-level=\"1\"><b>Texture parfaite<\/b><span style=\"font-weight: 400;\"> :Een knapperig gebakje vanbuiten, zacht vanbinnen, met appelstukjes, niet gepureerd.<\/span><span style=\"font-weight: 400;\">\n<p><\/span><\/li>\n<li style=\"font-weight: 400;\" aria-level=\"1\"><b>Evenwichtige smaak<\/b><span style=\"font-weight: 400;\"> : Een goede balans tussen suiker, kaneel en de natuurlijke zuurgraad van de appel.<\/span><span style=\"font-weight: 400;\">\n<p><\/span><\/li>\n<li style=\"font-weight: 400;\" aria-level=\"1\"><b>Fijne glazuur<\/b><span style=\"font-weight: 400;\"> :Een dun, zoet laagje dat de donut versterkt zonder de smaken te maskeren.<\/span><span style=\"font-weight: 400;\">\n<p><\/span><\/li>\n<\/ul>\n<h3><b>De beste platforms om online appelbeignets te bestellen<\/b><\/h3>\n<p><span style=\"font-weight: 400;\">Hier zijn enkele betrouwbare platforms voor <\/span><b>kopen <a href=\"https:\/\/en.wikipedia.org\/wiki\/Fritter\">des beignets aux pommes<\/a> en ligne<\/b><span style=\"font-weight: 400;\"> :<\/span><\/p>\n<ul>\n<li style=\"font-weight: 400;\" aria-level=\"1\"><b>Farmhouse Bakes<\/b><span style=\"font-weight: 400;\"> : Biologische ingredi\u00ebnten, snelle verzending door heel Frankrijk.<\/span><span style=\"font-weight: 400;\">\n<p><\/span><\/li>\n<li style=\"font-weight: 400;\" aria-level=\"1\"><b>Golden Glaze Co.<\/b><span style=\"font-weight: 400;\"> : Ruime keuze aan gastronomische zoetigheden.<\/span><span style=\"font-weight: 400;\">\n<p><\/span><\/li>\n<li style=\"font-weight: 400;\" aria-level=\"1\"><b>Etsy (Fritter &amp; Co.)<\/b><span style=\"font-weight: 400;\"> : Kleine, ambachtelijke en op maat gemaakte series.<\/span><span style=\"font-weight: 400;\">\n<p><\/span><\/li>\n<li style=\"font-weight: 400;\" aria-level=\"1\"><b>Crumb &amp; Core Box<\/b><span style=\"font-weight: 400;\"> : Maandelijks abonnement op seizoensgebak.<\/span><span style=\"font-weight: 400;\">\n<p><\/span><\/li>\n<li style=\"font-weight: 400;\" aria-level=\"1\"><b>AppleDelight Local Bakehouse<\/b><span style=\"font-weight: 400;\"> : Betaalbare prijzen met goede regionale kwaliteit.<\/span><span style=\"font-weight: 400;\">\n<p><\/span><\/li>\n<\/ul>\n<h3><b>Hoe kiest u het juiste product of de juiste verkoper?<\/b><\/h3>\n<p><span style=\"font-weight: 400;\">Controleer het volgende voordat u bestelt:<\/span><\/p>\n<ul>\n<li style=\"font-weight: 400;\" aria-level=\"1\"><b>Conditions d\u2019exp\u00e9dition<\/b><span style=\"font-weight: 400;\"> : Geef de voorkeur aan een verpakking die de versheid garandeert (vacu\u00fcm verpakt, koud).<\/span><span style=\"font-weight: 400;\">\n<p><\/span><\/li>\n<li style=\"font-weight: 400;\" aria-level=\"1\"><b>(4 beoordelingen van klanten)<\/b><span style=\"font-weight: 400;\"> :Daadwerkelijke feedback is een goede indicatie van kwaliteit.<\/span><span style=\"font-weight: 400;\">\n<p><\/span><\/li>\n<li style=\"font-weight: 400;\" aria-level=\"1\"><b>Garantie satisfaction<\/b><span style=\"font-weight: 400;\"> : Kies een verkoper die in geval van een probleem een terugbetaling of omruiling aanbiedt.<\/span><span style=\"font-weight: 400;\">\n<p><\/span><\/li>\n<li style=\"font-weight: 400;\" aria-level=\"1\"><b>Ingredi\u00ebnttransparantie<\/b><span style=\"font-weight: 400;\"> : Geef de voorkeur aan producten zonder conserveermiddelen en met natuurlijke ingredi\u00ebnten.<\/span><span style=\"font-weight: 400;\">\n<p><\/span><\/li>\n<\/ul>\n<h3><b>Conclusie: Waarom het de moeite waard is om appelbeignets te proberen en waar je ze kunt kopen?<\/b><\/h3>\n<p><span style=\"font-weight: 400;\">Le <\/span><b>beignet aux pommes<\/b><span style=\"font-weight: 400;\"> is een must-have voor zoet genot en biedt een warme en heerlijke smaakervaring. Met de mogelijkheid tot<\/span><b>acheter des beignets aux pommes en ligne<\/b><span style=\"font-weight: 400;\">Je kunt thuis altijd van deze klassieker genieten, zonder in te leveren op kwaliteit. Of je nu op zoek bent naar een product om <\/span><b>prix abordable<\/b><span style=\"font-weight: 400;\"> ou une cr\u00e9ation artisanale exclusive, il existe un <\/span><b>beste plek om online appelbeignets te kopen<\/b><span style=\"font-weight: 400;\"> die aan uw verwachtingen voldoen.<\/span><\/p>\n<h2><\/h2>","protected":false},"excerpt":{"rendered":"<p>Acheter des Beignets aux Pommes en Ligne : Pourquoi ce Classique est si Populaire Introduction : Qu\u2019est-ce qu\u2019un Beignet aux Pommes et Pourquoi est-il en Demande ? Le beignet aux pommes est une p\u00e2tisserie d\u00e9licieuse et r\u00e9confortante, connue pour sa p\u00e2te moelleuse et son c\u0153ur rempli de morceaux de pommes sucr\u00e9es et \u00e9pic\u00e9es. Souvent glac\u00e9&#8230;<\/p>","protected":false},"featured_media":361,"comment_status":"open","ping_status":"closed","template":"","meta":{"_kadence_starter_templates_imported_post":false,"_kad_post_transparent":"default","_kad_post_title":"","_kad_post_layout":"default","_kad_post_sidebar_id":"","_kad_post_content_style":"default","_kad_post_vertical_padding":"default","_kad_post_feature":"","_kad_post_feature_position":"","_kad_post_header":false,"_kad_post_footer":false,"_joinchat":[]},"product_brand":[],"product_cat":[17],"product_tag":[],"class_list":{"0":"post-53","1":"product","2":"type-product","3":"status-publish","4":"has-post-thumbnail","6":"product_cat-canabis-en-ligne","8":"first","9":"instock","10":"shipping-taxable","11":"purchasable","12":"product-type-variable","13":"entry","14":"content-bg","15":"loop-entry"},"yoast_head":"<!-- This site is optimized with the Yoast SEO plugin v23.5 - https:\/\/yoast.com\/wordpress\/plugins\/seo\/ -->\n<title>Vente de beignets aux pommes - Achetez des beignets aux pommes en ligne<\/title>\n<meta name=\"description\" content=\"Vous pouvez obtenir des beignets aux pommes en vente aux meilleurs prix dans notre boutique en ligne. Nous sommes l\u00e0 pour vous aider \u00e0 acheter des beignets aux pommes en ligne. Connectez-vous au meilleur magasin de la ville d\u00e8s aujourd&#039;hui\u00a0!\" \/>\n<meta name=\"robots\" content=\"index, follow, max-snippet:-1, max-image-preview:large, max-video-preview:-1\" \/>\n<link rel=\"canonical\" href=\"https:\/\/herbelegale.com\/nl\/product\/appelbeignet\/\" \/>\n<meta property=\"og:locale\" content=\"nl_BE\" \/>\n<meta property=\"og:type\" content=\"article\" \/>\n<meta property=\"og:title\" content=\"Vente de beignets aux pommes - Achetez des beignets aux pommes en ligne\" \/>\n<meta property=\"og:description\" content=\"Vous pouvez obtenir des beignets aux pommes en vente aux meilleurs prix dans notre boutique en ligne. Nous sommes l\u00e0 pour vous aider \u00e0 acheter des beignets aux pommes en ligne. Connectez-vous au meilleur magasin de la ville d\u00e8s aujourd&#039;hui\u00a0!\" \/>\n<meta property=\"og:url\" content=\"https:\/\/herbelegale.com\/nl\/product\/appelbeignet\/\" \/>\n<meta property=\"og:site_name\" content=\"Herbe L\u00e9gale\" \/>\n<meta property=\"article:modified_time\" content=\"2025-06-14T11:07:41+00:00\" \/>\n<meta property=\"og:image\" content=\"https:\/\/herbelegale.com\/wp-content\/uploads\/2023\/09\/Apple-Fritter.jpg\" \/>\n\t<meta property=\"og:image:width\" content=\"960\" \/>\n\t<meta property=\"og:image:height\" content=\"1280\" \/>\n\t<meta property=\"og:image:type\" content=\"image\/jpeg\" \/>\n<meta name=\"twitter:card\" content=\"summary_large_image\" \/>\n<meta name=\"twitter:label1\" content=\"Geschatte leestijd\" \/>\n\t<meta name=\"twitter:data1\" content=\"3 minuten\" \/>\n<script type=\"application\/ld+json\" class=\"yoast-schema-graph\">{\"@context\":\"https:\/\/schema.org\",\"@graph\":[{\"@type\":\"WebPage\",\"@id\":\"https:\/\/herbelegale.com\/product\/apple-fritter\/\",\"url\":\"https:\/\/herbelegale.com\/product\/apple-fritter\/\",\"name\":\"Vente de beignets aux pommes - Achetez des beignets aux pommes en ligne\",\"isPartOf\":{\"@id\":\"https:\/\/herbelegale.com\/#website\"},\"primaryImageOfPage\":{\"@id\":\"https:\/\/herbelegale.com\/product\/apple-fritter\/#primaryimage\"},\"image\":{\"@id\":\"https:\/\/herbelegale.com\/product\/apple-fritter\/#primaryimage\"},\"thumbnailUrl\":\"https:\/\/herbelegale.com\/wp-content\/uploads\/2023\/09\/Apple-Fritter.jpg\",\"datePublished\":\"2023-09-22T08:56:29+00:00\",\"dateModified\":\"2025-06-14T11:07:41+00:00\",\"description\":\"Vous pouvez obtenir des beignets aux pommes en vente aux meilleurs prix dans notre boutique en ligne. Nous sommes l\u00e0 pour vous aider \u00e0 acheter des beignets aux pommes en ligne. Connectez-vous au meilleur magasin de la ville d\u00e8s aujourd'hui\u00a0!\",\"breadcrumb\":{\"@id\":\"https:\/\/herbelegale.com\/product\/apple-fritter\/#breadcrumb\"},\"inLanguage\":\"nl-BE\",\"potentialAction\":[{\"@type\":\"ReadAction\",\"target\":[\"https:\/\/herbelegale.com\/product\/apple-fritter\/\"]}]},{\"@type\":\"ImageObject\",\"inLanguage\":\"nl-BE\",\"@id\":\"https:\/\/herbelegale.com\/product\/apple-fritter\/#primaryimage\",\"url\":\"https:\/\/herbelegale.com\/wp-content\/uploads\/2023\/09\/Apple-Fritter.jpg\",\"contentUrl\":\"https:\/\/herbelegale.com\/wp-content\/uploads\/2023\/09\/Apple-Fritter.jpg\",\"width\":960,\"height\":1280,\"caption\":\"Apple Fritter\"},{\"@type\":\"BreadcrumbList\",\"@id\":\"https:\/\/herbelegale.com\/product\/apple-fritter\/#breadcrumb\",\"itemListElement\":[{\"@type\":\"ListItem\",\"position\":1,\"name\":\"Home\",\"item\":\"https:\/\/herbelegale.com\/\"},{\"@type\":\"ListItem\",\"position\":2,\"name\":\"Boutique\",\"item\":\"https:\/\/herbelegale.com\/boutique\/\"},{\"@type\":\"ListItem\",\"position\":3,\"name\":\"Apple Fritter\"}]},{\"@type\":\"WebSite\",\"@id\":\"https:\/\/herbelegale.com\/#website\",\"url\":\"https:\/\/herbelegale.com\/\",\"name\":\"Herbe L\u00e9gale\",\"description\":\"Acheter de l&#039;herbe en ligne\",\"publisher\":{\"@id\":\"https:\/\/herbelegale.com\/#organization\"},\"potentialAction\":[{\"@type\":\"SearchAction\",\"target\":{\"@type\":\"EntryPoint\",\"urlTemplate\":\"https:\/\/herbelegale.com\/?s={search_term_string}\"},\"query-input\":{\"@type\":\"PropertyValueSpecification\",\"valueRequired\":true,\"valueName\":\"search_term_string\"}}],\"inLanguage\":\"nl-BE\"},{\"@type\":\"Organization\",\"@id\":\"https:\/\/herbelegale.com\/#organization\",\"name\":\"Herbe L\u00e9gale\",\"url\":\"https:\/\/herbelegale.com\/\",\"logo\":{\"@type\":\"ImageObject\",\"inLanguage\":\"nl-BE\",\"@id\":\"https:\/\/herbelegale.com\/#\/schema\/logo\/image\/\",\"url\":\"https:\/\/herbelegale.com\/wp-content\/uploads\/2023\/10\/logo-1.png\",\"contentUrl\":\"https:\/\/herbelegale.com\/wp-content\/uploads\/2023\/10\/logo-1.png\",\"width\":400,\"height\":120,\"caption\":\"Herbe L\u00e9gale\"},\"image\":{\"@id\":\"https:\/\/herbelegale.com\/#\/schema\/logo\/image\/\"}}]}<\/script>\n<!-- \/ Yoast SEO plugin. -->","yoast_head_json":{"title":"Vente de beignets aux pommes - Achetez des beignets aux pommes en ligne","description":"Vous pouvez obtenir des beignets aux pommes en vente aux meilleurs prix dans notre boutique en ligne. Nous sommes l\u00e0 pour vous aider \u00e0 acheter des beignets aux pommes en ligne. Connectez-vous au meilleur magasin de la ville d\u00e8s aujourd'hui\u00a0!","robots":{"index":"index","follow":"follow","max-snippet":"max-snippet:-1","max-image-preview":"max-image-preview:large","max-video-preview":"max-video-preview:-1"},"canonical":"https:\/\/herbelegale.com\/nl\/product\/appelbeignet\/","og_locale":"nl_BE","og_type":"article","og_title":"Vente de beignets aux pommes - Achetez des beignets aux pommes en ligne","og_description":"Vous pouvez obtenir des beignets aux pommes en vente aux meilleurs prix dans notre boutique en ligne. Nous sommes l\u00e0 pour vous aider \u00e0 acheter des beignets aux pommes en ligne. Connectez-vous au meilleur magasin de la ville d\u00e8s aujourd'hui\u00a0!","og_url":"https:\/\/herbelegale.com\/nl\/product\/appelbeignet\/","og_site_name":"Herbe L\u00e9gale","article_modified_time":"2025-06-14T11:07:41+00:00","og_image":[{"width":960,"height":1280,"url":"https:\/\/herbelegale.com\/wp-content\/uploads\/2023\/09\/Apple-Fritter.jpg","type":"image\/jpeg"}],"twitter_card":"summary_large_image","twitter_misc":{"Geschatte leestijd":"3 minuten"},"schema":{"@context":"https:\/\/schema.org","@graph":[{"@type":"WebPage","@id":"https:\/\/herbelegale.com\/product\/apple-fritter\/","url":"https:\/\/herbelegale.com\/product\/apple-fritter\/","name":"Vente de beignets aux pommes - Achetez des beignets aux pommes en ligne","isPartOf":{"@id":"https:\/\/herbelegale.com\/#website"},"primaryImageOfPage":{"@id":"https:\/\/herbelegale.com\/product\/apple-fritter\/#primaryimage"},"image":{"@id":"https:\/\/herbelegale.com\/product\/apple-fritter\/#primaryimage"},"thumbnailUrl":"https:\/\/herbelegale.com\/wp-content\/uploads\/2023\/09\/Apple-Fritter.jpg","datePublished":"2023-09-22T08:56:29+00:00","dateModified":"2025-06-14T11:07:41+00:00","description":"Vous pouvez obtenir des beignets aux pommes en vente aux meilleurs prix dans notre boutique en ligne. Nous sommes l\u00e0 pour vous aider \u00e0 acheter des beignets aux pommes en ligne. Connectez-vous au meilleur magasin de la ville d\u00e8s aujourd'hui\u00a0!","breadcrumb":{"@id":"https:\/\/herbelegale.com\/product\/apple-fritter\/#breadcrumb"},"inLanguage":"nl-BE","potentialAction":[{"@type":"ReadAction","target":["https:\/\/herbelegale.com\/product\/apple-fritter\/"]}]},{"@type":"ImageObject","inLanguage":"nl-BE","@id":"https:\/\/herbelegale.com\/product\/apple-fritter\/#primaryimage","url":"https:\/\/herbelegale.com\/wp-content\/uploads\/2023\/09\/Apple-Fritter.jpg","contentUrl":"https:\/\/herbelegale.com\/wp-content\/uploads\/2023\/09\/Apple-Fritter.jpg","width":960,"height":1280,"caption":"Apple Fritter"},{"@type":"BreadcrumbList","@id":"https:\/\/herbelegale.com\/product\/apple-fritter\/#breadcrumb","itemListElement":[{"@type":"ListItem","position":1,"name":"Home","item":"https:\/\/herbelegale.com\/"},{"@type":"ListItem","position":2,"name":"Boutique","item":"https:\/\/herbelegale.com\/boutique\/"},{"@type":"ListItem","position":3,"name":"Apple Fritter"}]},{"@type":"WebSite","@id":"https:\/\/herbelegale.com\/#website","url":"https:\/\/herbelegale.com\/","name":"Herbe L\u00e9gale","description":"Acheter de l&#039;herbe en ligne","publisher":{"@id":"https:\/\/herbelegale.com\/#organization"},"potentialAction":[{"@type":"SearchAction","target":{"@type":"EntryPoint","urlTemplate":"https:\/\/herbelegale.com\/?s={search_term_string}"},"query-input":{"@type":"PropertyValueSpecification","valueRequired":true,"valueName":"search_term_string"}}],"inLanguage":"nl-BE"},{"@type":"Organization","@id":"https:\/\/herbelegale.com\/#organization","name":"Herbe L\u00e9gale","url":"https:\/\/herbelegale.com\/","logo":{"@type":"ImageObject","inLanguage":"nl-BE","@id":"https:\/\/herbelegale.com\/#\/schema\/logo\/image\/","url":"https:\/\/herbelegale.com\/wp-content\/uploads\/2023\/10\/logo-1.png","contentUrl":"https:\/\/herbelegale.com\/wp-content\/uploads\/2023\/10\/logo-1.png","width":400,"height":120,"caption":"Herbe L\u00e9gale"},"image":{"@id":"https:\/\/herbelegale.com\/#\/schema\/logo\/image\/"}}]}},"_links":{"self":[{"href":"https:\/\/herbelegale.com\/nl\/wp-json\/wp\/v2\/product\/53","targetHints":{"allow":["GET"]}}],"collection":[{"href":"https:\/\/herbelegale.com\/nl\/wp-json\/wp\/v2\/product"}],"about":[{"href":"https:\/\/herbelegale.com\/nl\/wp-json\/wp\/v2\/types\/product"}],"replies":[{"embeddable":true,"href":"https:\/\/herbelegale.com\/nl\/wp-json\/wp\/v2\/comments?post=53"}],"wp:featuredmedia":[{"embeddable":true,"href":"https:\/\/herbelegale.com\/nl\/wp-json\/wp\/v2\/media\/361"}],"wp:attachment":[{"href":"https:\/\/herbelegale.com\/nl\/wp-json\/wp\/v2\/media?parent=53"}],"wp:term":[{"taxonomy":"product_brand","embeddable":true,"href":"https:\/\/herbelegale.com\/nl\/wp-json\/wp\/v2\/product_brand?post=53"},{"taxonomy":"product_cat","embeddable":true,"href":"https:\/\/herbelegale.com\/nl\/wp-json\/wp\/v2\/product_cat?post=53"},{"taxonomy":"product_tag","embeddable":true,"href":"https:\/\/herbelegale.com\/nl\/wp-json\/wp\/v2\/product_tag?post=53"}],"curies":[{"name":"wp","href":"https:\/\/api.w.org\/{rel}","templated":true}]}}