{"id":1369,"date":"2023-09-30T10:33:33","date_gmt":"2023-09-30T10:33:33","guid":{"rendered":"https:\/\/nembutalhouse.com\/weed\/?post_type=product&#038;p=1369"},"modified":"2025-07-19T05:10:28","modified_gmt":"2025-07-19T05:10:28","slug":"tangie-hash","status":"publish","type":"product","link":"https:\/\/herbelegale.com\/nl\/product\/tangerie-hasj\/","title":{"rendered":"Tangie Hasj"},"content":{"rendered":"<h2><b>Tangie Hash \u2013 Een citroenachtige hars voor een unieke zintuiglijke ervaring\u00a0<\/b><\/h2>\n<p><b>Introduction au Tangie Hash<\/b><\/p>\n<p>Le <a href=\"https:\/\/herbelegale.com\/nl\/product\/tangerie-hasj\/\">Tangie Hasj<\/a> is een premium cannabishars die bekendstaat om zijn unieke smaakprofiel, afkomstig van de beroemde Tangie-soort, een kruising tussen California Orange en Skunk. Deze hasj zal in de smaak vallen bij fans die op zoek zijn naar verfrissende citrussmaken en effecten die zowel energiek als ontspannend zijn.<\/p>\n<p>Tangie Hash wordt zorgvuldig gekweekt en gewonnen en is de perfecte combinatie van traditie en innovatie. Het is de ideale keuze voor iedereen die op zoek is naar een product van superieure kwaliteit, zowel voor recreatief als wellnessgebruik.<\/p>\n<h3><b>Wat is Tangie Hash?<\/b><\/h3>\n<p><a href=\"https:\/\/en.wikipedia.org\/wiki\/Hashish\">Le Tangie Hash<\/a> \u00e9 obtido por peneiramento a seco ou extra\u00e7\u00e3o suave de tricomas, a partir de plantas de can\u00e1bis ricas em terpenos naturais. O resultado \u00e9 uma resina de cor dourada a castanho claro, com uma textura macia e f\u00e1cil de manusear, libertando notas intensas de tangerina, laranja e lim\u00e3o.<\/p>\n<p>Dankzij de hoge THC-concentratie biedt Tangie Hash een krachtig effect, dat vaak wordt omschreven als helder, vrolijk en mentaal stimulerend, gevolgd door een aangename lichamelijke ontspanning.<\/p>\n<h3><b>Veelvoorkomende toepassingen en effecten van Tangie Hash<\/b><\/h3>\n<p>Tangie Hash is populair vanwege de veelzijdige en uitgebalanceerde effecten, perfect voor gebruik overdag en 's avonds.<\/p>\n<p><b>Typische effecten:<\/b><\/p>\n<ul>\n<li style=\"font-weight: 400;\" aria-level=\"1\">Hum\u00f8rforbedring og stressreduktion&nbsp;<\/li>\n<li style=\"font-weight: 400;\" aria-level=\"1\">Stymulacja umys\u0142owa i wzrost kreatywno\u015bci&nbsp;<\/li>\n<li style=\"font-weight: 400;\" aria-level=\"1\">Zachte spierontspanning&nbsp;<\/li>\n<li style=\"font-weight: 400;\" aria-level=\"1\">Yleinen hyvinvoinnin tunne&nbsp;<\/li>\n<li style=\"font-weight: 400;\" aria-level=\"1\">Ulg\u0119 w umiarkowanym napi\u0119ciu lub b\u00f3lu&nbsp;<\/li>\n<\/ul>\n<p><b>Consumptiemethoden:<\/b><\/p>\n<ul>\n<li style=\"font-weight: 400;\" aria-level=\"1\"><span style=\"font-weight: 400;\">Gerookt (joint, pijp, bong)<\/span>&nbsp;<\/li>\n<li style=\"font-weight: 400;\" aria-level=\"1\"><span style=\"font-weight: 400;\">Spryskiwa\u0107 przy u\u017cyciu odpowiedniej butelki ze spryskiwaczem<\/span>&nbsp;<\/li>\n<li style=\"font-weight: 400;\" aria-level=\"1\"><span style=\"font-weight: 400;\">Infunderet i en varm drik, der indeholder et fedtholdigt stof<\/span>&nbsp;<\/li>\n<\/ul>\n<h3><b>Juridische status: een kader dat per regio verschilt<\/b><\/h3>\n<p>Zoals bij elk cannabisproduct verschilt de juridische status van Tangie Hash per land en rechtsgebied. In sommige landen is het ten strengste verboden, terwijl andere landen gereguleerd therapeutisch of recreatief gebruik toestaan.<\/p>\n<p><strong>Tip: informeer altijd naar de wetgeving in uw regio voordat u iets bestelt of consumeert.<\/strong><\/p>\n<p><b>Waarom Tangie Hash online kopen?<\/b><\/p>\n<h3><b>Toegankelijkheid<\/b><\/h3>\n<p>Als u Tangie Hash online koopt, heeft u toegang tot dit gewilde product, zelfs in gebieden waar er maar weinig fysieke verkooppunten zijn.<\/p>\n<h3><b>Grote keuze aan verkopers<\/b><\/h3>\n<p>Tegenwoordig bestaan er veel gespecialiseerde platforms die Tangie Hash te koop aanbieden met verschillende opties wat betreft kwaliteit, prijs, extractiemethode en genetische oorsprong.<\/p>\n<h3><b>Discrete en veilige levering<\/b><\/h3>\n<p>Als u online bestelt, is de verzending anoniem, wordt uw bestelling discreet verpakt en kunt u uw pakket volgen. Zo heeft u helemaal geen zorgen.<\/p>\n<h3><b>Hoe kiest u een betrouwbare verkoper om Tangie Hash online te bestellen?<\/b><\/h3>\n<p>Voordat u Tangie Hash online bestelt, zijn hier enkele criteria waaraan u een betrouwbare verkoper kunt herkennen:<\/p>\n<ul>\n<li style=\"font-weight: 400;\" aria-level=\"1\"><span style=\"font-weight: 400;\">Autentyczne i pozytywne opinie klient\u00f3w<\/span>&nbsp;<\/li>\n<li style=\"font-weight: 400;\" aria-level=\"1\"><span style=\"font-weight: 400;\">Tarkat tiedot alkuper\u00e4st\u00e4, THC-pitoisuudesta ja uuttomenetelmist\u00e4<\/span>&nbsp;<\/li>\n<li style=\"font-weight: 400;\" aria-level=\"1\"><span style=\"font-weight: 400;\">Sikre betalingsmetoder (kryptovalutaer, kort osv.)<\/span>&nbsp;<\/li>\n<li style=\"font-weight: 400;\" aria-level=\"1\"><span style=\"font-weight: 400;\">Dost\u0119pna i responsywna obs\u0142uga klienta<\/span>&nbsp;<\/li>\n<li style=\"font-weight: 400;\" aria-level=\"1\">Przejrzysto\u015b\u0107 ceny Tangie Hash&nbsp;<\/li>\n<\/ul>\n<p>Om oplichting te voorkomen, kunt u het beste vertrouwen op de beste sites om Tangie Hash online te kopen. Deze sites zijn bekend en worden aanbevolen door de community.<\/p>\n<h3><b>Verzendbeleid<\/b><\/h3>\n<p><span style=\"font-weight: 400;\">Wiarygodni sprzedawcy zazwyczaj oferuj\u0105:<\/span><\/p>\n<ul>\n<li style=\"font-weight: 400;\" aria-level=\"1\"><span style=\"font-weight: 400;\">Livraison express avec num\u00e9ro de suivi<\/span>&nbsp;<\/li>\n<li style=\"font-weight: 400;\" aria-level=\"1\"><span style=\"font-weight: 400;\">Diskret og holdbar emballage<\/span>&nbsp;<\/li>\n<li style=\"font-weight: 400;\" aria-level=\"1\"><span style=\"font-weight: 400;\">Restitutie- of retourmogelijkheden bij eventuele problemen<\/span>&nbsp;<\/li>\n<\/ul>\n<p>Alcune piattaforme offrono addirittura la spedizione gratuita per ordini superiori a un certo importo.<\/p>\n<h3><b>Risico's en te nemen voorzorgsmaatregelen<\/b><\/h3>\n<p><b>Gezondheidsrisico's<\/b><\/p>\n<ul>\n<li style=\"font-weight: 400;\" aria-level=\"1\"><span style=\"font-weight: 400;\">Verminderd kortetermijngeheugen<\/span>&nbsp;<\/li>\n<li style=\"font-weight: 400;\" aria-level=\"1\"><span style=\"font-weight: 400;\">Sonnolenza, diminuzione della motivazione<\/span>&nbsp;<\/li>\n<li style=\"font-weight: 400;\" aria-level=\"1\"><span style=\"font-weight: 400;\">Zwi\u0119kszone ryzyko u os\u00f3b podatnych na l\u0119ki lub zaburzenia psychiczne<\/span>&nbsp;<\/li>\n<li style=\"font-weight: 400;\" aria-level=\"1\"><span style=\"font-weight: 400;\">Mulige interaktioner med visse medicinske behandlinger<\/span>&nbsp;<\/li>\n<\/ul>\n<p><b>Tips voor verantwoord consumeren:<\/b><\/p>\n<ul>\n<li style=\"font-weight: 400;\" aria-level=\"1\">Start med en lav dosis, is\u00e6r hvis du er nybegynder&nbsp;<\/li>\n<li style=\"font-weight: 400;\" aria-level=\"1\">Evitare di guidare o utilizzare macchinari pesanti dopo il consumo&nbsp;<\/li>\n<li style=\"font-weight: 400;\" aria-level=\"1\">Trzyma\u0107 poza zasi\u0119giem dzieci.&nbsp;<\/li>\n<li style=\"font-weight: 400;\" aria-level=\"1\">Kontakt en sundhedsperson, hvis du er i tvivl eller under igangv\u00e6rende behandling&nbsp;<\/li>\n<\/ul>\n<h3><b>Kortom: verwen uzelf op een veilige manier, zonder dat u uw bank hoeft te verlaten\u00a0<\/b><\/h3>\n<p>Tangie Hash is met zijn fruitige aroma's en uitgebalanceerde effecten de perfecte metgezel voor een verfrissende en hoogwaardige zintuiglijke ervaring. Dankzij online winkelen was het nog nooit zo makkelijk om premium hasj te krijgen met discrete en snelle levering.<\/p>","protected":false},"excerpt":{"rendered":"<p>Tangie Hash \u2013 Une R\u00e9sine Citronn\u00e9e Pour Une Exp\u00e9rience Sensorielle Unique\u00a0 Introduction au Tangie Hash Le Tangie Hash est une r\u00e9sine de cannabis premium connue pour son profil aromatique unique, issu de la c\u00e9l\u00e8bre vari\u00e9t\u00e9 Tangie, un croisement entre California Orange et Skunk. Ce hash s\u00e9duira les amateurs en qu\u00eate de saveurs d\u2019agrumes rafra\u00eechissantes et&#8230;<\/p>","protected":false},"featured_media":1474,"comment_status":"open","ping_status":"closed","template":"","meta":{"_kadence_starter_templates_imported_post":false,"_kad_post_transparent":"default","_kad_post_title":"","_kad_post_layout":"default","_kad_post_sidebar_id":"","_kad_post_content_style":"default","_kad_post_vertical_padding":"default","_kad_post_feature":"","_kad_post_feature_position":"","_kad_post_header":false,"_kad_post_footer":false,"_joinchat":[]},"product_brand":[],"product_cat":[31],"product_tag":[],"class_list":{"0":"post-1369","1":"product","2":"type-product","3":"status-publish","4":"has-post-thumbnail","6":"product_cat-haschisch","8":"first","9":"instock","10":"shipping-taxable","11":"purchasable","12":"product-type-variable","13":"entry","14":"content-bg","15":"loop-entry"},"yoast_head":"<!-- This site is optimized with the Yoast SEO plugin v23.5 - https:\/\/yoast.com\/wordpress\/plugins\/seo\/ -->\n<title>Achetez du haschisch Tanger en ligne - Tangie Hash \u00e0 vendre<\/title>\n<meta name=\"description\" content=\"Vous pouvez acheter du Tangie Hash dans notre boutique en ligne et le recevoir \u00e0 votre porte sans aucun probl\u00e8me. Nous vous aidons \u00e0 acheter du Tangie Hash en ligne. Passez simplement votre commande maintenant !\" \/>\n<meta name=\"robots\" content=\"index, follow, max-snippet:-1, max-image-preview:large, max-video-preview:-1\" \/>\n<link rel=\"canonical\" href=\"https:\/\/herbelegale.com\/nl\/product\/tangerie-hasj\/\" \/>\n<meta property=\"og:locale\" content=\"nl_BE\" \/>\n<meta property=\"og:type\" content=\"article\" \/>\n<meta property=\"og:title\" content=\"Achetez du haschisch Tanger en ligne - Tangie Hash \u00e0 vendre\" \/>\n<meta property=\"og:description\" content=\"Vous pouvez acheter du Tangie Hash dans notre boutique en ligne et le recevoir \u00e0 votre porte sans aucun probl\u00e8me. Nous vous aidons \u00e0 acheter du Tangie Hash en ligne. Passez simplement votre commande maintenant !\" \/>\n<meta property=\"og:url\" content=\"https:\/\/herbelegale.com\/nl\/product\/tangerie-hasj\/\" \/>\n<meta property=\"og:site_name\" content=\"Herbe L\u00e9gale\" \/>\n<meta property=\"article:modified_time\" content=\"2025-07-19T05:10:28+00:00\" \/>\n<meta property=\"og:image\" content=\"https:\/\/herbelegale.com\/wp-content\/uploads\/2023\/09\/Tangie-Hash-1.jpg\" \/>\n\t<meta property=\"og:image:width\" content=\"600\" \/>\n\t<meta property=\"og:image:height\" content=\"600\" \/>\n\t<meta property=\"og:image:type\" content=\"image\/jpeg\" \/>\n<meta name=\"twitter:card\" content=\"summary_large_image\" \/>\n<meta name=\"twitter:label1\" content=\"Geschatte leestijd\" \/>\n\t<meta name=\"twitter:data1\" content=\"4 minuten\" \/>\n<script type=\"application\/ld+json\" class=\"yoast-schema-graph\">{\"@context\":\"https:\/\/schema.org\",\"@graph\":[{\"@type\":\"WebPage\",\"@id\":\"https:\/\/herbelegale.com\/product\/tangie-hash\/\",\"url\":\"https:\/\/herbelegale.com\/product\/tangie-hash\/\",\"name\":\"Achetez du haschisch Tanger en ligne - Tangie Hash \u00e0 vendre\",\"isPartOf\":{\"@id\":\"https:\/\/herbelegale.com\/#website\"},\"primaryImageOfPage\":{\"@id\":\"https:\/\/herbelegale.com\/product\/tangie-hash\/#primaryimage\"},\"image\":{\"@id\":\"https:\/\/herbelegale.com\/product\/tangie-hash\/#primaryimage\"},\"thumbnailUrl\":\"https:\/\/herbelegale.com\/wp-content\/uploads\/2023\/09\/Tangie-Hash-1.jpg\",\"datePublished\":\"2023-09-30T10:33:33+00:00\",\"dateModified\":\"2025-07-19T05:10:28+00:00\",\"description\":\"Vous pouvez acheter du Tangie Hash dans notre boutique en ligne et le recevoir \u00e0 votre porte sans aucun probl\u00e8me. Nous vous aidons \u00e0 acheter du Tangie Hash en ligne. Passez simplement votre commande maintenant !\",\"breadcrumb\":{\"@id\":\"https:\/\/herbelegale.com\/product\/tangie-hash\/#breadcrumb\"},\"inLanguage\":\"nl-BE\",\"potentialAction\":[{\"@type\":\"ReadAction\",\"target\":[\"https:\/\/herbelegale.com\/product\/tangie-hash\/\"]}]},{\"@type\":\"ImageObject\",\"inLanguage\":\"nl-BE\",\"@id\":\"https:\/\/herbelegale.com\/product\/tangie-hash\/#primaryimage\",\"url\":\"https:\/\/herbelegale.com\/wp-content\/uploads\/2023\/09\/Tangie-Hash-1.jpg\",\"contentUrl\":\"https:\/\/herbelegale.com\/wp-content\/uploads\/2023\/09\/Tangie-Hash-1.jpg\",\"width\":600,\"height\":600,\"caption\":\"Tangie Hash\"},{\"@type\":\"BreadcrumbList\",\"@id\":\"https:\/\/herbelegale.com\/product\/tangie-hash\/#breadcrumb\",\"itemListElement\":[{\"@type\":\"ListItem\",\"position\":1,\"name\":\"Home\",\"item\":\"https:\/\/herbelegale.com\/\"},{\"@type\":\"ListItem\",\"position\":2,\"name\":\"Boutique\",\"item\":\"https:\/\/herbelegale.com\/boutique\/\"},{\"@type\":\"ListItem\",\"position\":3,\"name\":\"Tangie Hash\"}]},{\"@type\":\"WebSite\",\"@id\":\"https:\/\/herbelegale.com\/#website\",\"url\":\"https:\/\/herbelegale.com\/\",\"name\":\"Herbe L\u00e9gale\",\"description\":\"Acheter de l&#039;herbe en ligne\",\"publisher\":{\"@id\":\"https:\/\/herbelegale.com\/#organization\"},\"potentialAction\":[{\"@type\":\"SearchAction\",\"target\":{\"@type\":\"EntryPoint\",\"urlTemplate\":\"https:\/\/herbelegale.com\/?s={search_term_string}\"},\"query-input\":{\"@type\":\"PropertyValueSpecification\",\"valueRequired\":true,\"valueName\":\"search_term_string\"}}],\"inLanguage\":\"nl-BE\"},{\"@type\":\"Organization\",\"@id\":\"https:\/\/herbelegale.com\/#organization\",\"name\":\"Herbe L\u00e9gale\",\"url\":\"https:\/\/herbelegale.com\/\",\"logo\":{\"@type\":\"ImageObject\",\"inLanguage\":\"nl-BE\",\"@id\":\"https:\/\/herbelegale.com\/#\/schema\/logo\/image\/\",\"url\":\"https:\/\/herbelegale.com\/wp-content\/uploads\/2023\/10\/logo-1.png\",\"contentUrl\":\"https:\/\/herbelegale.com\/wp-content\/uploads\/2023\/10\/logo-1.png\",\"width\":400,\"height\":120,\"caption\":\"Herbe L\u00e9gale\"},\"image\":{\"@id\":\"https:\/\/herbelegale.com\/#\/schema\/logo\/image\/\"}}]}<\/script>\n<!-- \/ Yoast SEO plugin. -->","yoast_head_json":{"title":"Achetez du haschisch Tanger en ligne - Tangie Hash \u00e0 vendre","description":"Vous pouvez acheter du Tangie Hash dans notre boutique en ligne et le recevoir \u00e0 votre porte sans aucun probl\u00e8me. Nous vous aidons \u00e0 acheter du Tangie Hash en ligne. Passez simplement votre commande maintenant !","robots":{"index":"index","follow":"follow","max-snippet":"max-snippet:-1","max-image-preview":"max-image-preview:large","max-video-preview":"max-video-preview:-1"},"canonical":"https:\/\/herbelegale.com\/nl\/product\/tangerie-hasj\/","og_locale":"nl_BE","og_type":"article","og_title":"Achetez du haschisch Tanger en ligne - Tangie Hash \u00e0 vendre","og_description":"Vous pouvez acheter du Tangie Hash dans notre boutique en ligne et le recevoir \u00e0 votre porte sans aucun probl\u00e8me. Nous vous aidons \u00e0 acheter du Tangie Hash en ligne. Passez simplement votre commande maintenant !","og_url":"https:\/\/herbelegale.com\/nl\/product\/tangerie-hasj\/","og_site_name":"Herbe L\u00e9gale","article_modified_time":"2025-07-19T05:10:28+00:00","og_image":[{"width":600,"height":600,"url":"https:\/\/herbelegale.com\/wp-content\/uploads\/2023\/09\/Tangie-Hash-1.jpg","type":"image\/jpeg"}],"twitter_card":"summary_large_image","twitter_misc":{"Geschatte leestijd":"4 minuten"},"schema":{"@context":"https:\/\/schema.org","@graph":[{"@type":"WebPage","@id":"https:\/\/herbelegale.com\/product\/tangie-hash\/","url":"https:\/\/herbelegale.com\/product\/tangie-hash\/","name":"Achetez du haschisch Tanger en ligne - Tangie Hash \u00e0 vendre","isPartOf":{"@id":"https:\/\/herbelegale.com\/#website"},"primaryImageOfPage":{"@id":"https:\/\/herbelegale.com\/product\/tangie-hash\/#primaryimage"},"image":{"@id":"https:\/\/herbelegale.com\/product\/tangie-hash\/#primaryimage"},"thumbnailUrl":"https:\/\/herbelegale.com\/wp-content\/uploads\/2023\/09\/Tangie-Hash-1.jpg","datePublished":"2023-09-30T10:33:33+00:00","dateModified":"2025-07-19T05:10:28+00:00","description":"Vous pouvez acheter du Tangie Hash dans notre boutique en ligne et le recevoir \u00e0 votre porte sans aucun probl\u00e8me. Nous vous aidons \u00e0 acheter du Tangie Hash en ligne. Passez simplement votre commande maintenant !","breadcrumb":{"@id":"https:\/\/herbelegale.com\/product\/tangie-hash\/#breadcrumb"},"inLanguage":"nl-BE","potentialAction":[{"@type":"ReadAction","target":["https:\/\/herbelegale.com\/product\/tangie-hash\/"]}]},{"@type":"ImageObject","inLanguage":"nl-BE","@id":"https:\/\/herbelegale.com\/product\/tangie-hash\/#primaryimage","url":"https:\/\/herbelegale.com\/wp-content\/uploads\/2023\/09\/Tangie-Hash-1.jpg","contentUrl":"https:\/\/herbelegale.com\/wp-content\/uploads\/2023\/09\/Tangie-Hash-1.jpg","width":600,"height":600,"caption":"Tangie Hash"},{"@type":"BreadcrumbList","@id":"https:\/\/herbelegale.com\/product\/tangie-hash\/#breadcrumb","itemListElement":[{"@type":"ListItem","position":1,"name":"Home","item":"https:\/\/herbelegale.com\/"},{"@type":"ListItem","position":2,"name":"Boutique","item":"https:\/\/herbelegale.com\/boutique\/"},{"@type":"ListItem","position":3,"name":"Tangie Hash"}]},{"@type":"WebSite","@id":"https:\/\/herbelegale.com\/#website","url":"https:\/\/herbelegale.com\/","name":"Herbe L\u00e9gale","description":"Acheter de l&#039;herbe en ligne","publisher":{"@id":"https:\/\/herbelegale.com\/#organization"},"potentialAction":[{"@type":"SearchAction","target":{"@type":"EntryPoint","urlTemplate":"https:\/\/herbelegale.com\/?s={search_term_string}"},"query-input":{"@type":"PropertyValueSpecification","valueRequired":true,"valueName":"search_term_string"}}],"inLanguage":"nl-BE"},{"@type":"Organization","@id":"https:\/\/herbelegale.com\/#organization","name":"Herbe L\u00e9gale","url":"https:\/\/herbelegale.com\/","logo":{"@type":"ImageObject","inLanguage":"nl-BE","@id":"https:\/\/herbelegale.com\/#\/schema\/logo\/image\/","url":"https:\/\/herbelegale.com\/wp-content\/uploads\/2023\/10\/logo-1.png","contentUrl":"https:\/\/herbelegale.com\/wp-content\/uploads\/2023\/10\/logo-1.png","width":400,"height":120,"caption":"Herbe L\u00e9gale"},"image":{"@id":"https:\/\/herbelegale.com\/#\/schema\/logo\/image\/"}}]}},"_links":{"self":[{"href":"https:\/\/herbelegale.com\/nl\/wp-json\/wp\/v2\/product\/1369","targetHints":{"allow":["GET"]}}],"collection":[{"href":"https:\/\/herbelegale.com\/nl\/wp-json\/wp\/v2\/product"}],"about":[{"href":"https:\/\/herbelegale.com\/nl\/wp-json\/wp\/v2\/types\/product"}],"replies":[{"embeddable":true,"href":"https:\/\/herbelegale.com\/nl\/wp-json\/wp\/v2\/comments?post=1369"}],"wp:featuredmedia":[{"embeddable":true,"href":"https:\/\/herbelegale.com\/nl\/wp-json\/wp\/v2\/media\/1474"}],"wp:attachment":[{"href":"https:\/\/herbelegale.com\/nl\/wp-json\/wp\/v2\/media?parent=1369"}],"wp:term":[{"taxonomy":"product_brand","embeddable":true,"href":"https:\/\/herbelegale.com\/nl\/wp-json\/wp\/v2\/product_brand?post=1369"},{"taxonomy":"product_cat","embeddable":true,"href":"https:\/\/herbelegale.com\/nl\/wp-json\/wp\/v2\/product_cat?post=1369"},{"taxonomy":"product_tag","embeddable":true,"href":"https:\/\/herbelegale.com\/nl\/wp-json\/wp\/v2\/product_tag?post=1369"}],"curies":[{"name":"wp","href":"https:\/\/api.w.org\/{rel}","templated":true}]}}