{"id":1367,"date":"2023-09-30T10:33:33","date_gmt":"2023-09-30T10:33:33","guid":{"rendered":"https:\/\/nembutalhouse.com\/weed\/?post_type=product&#038;p=1367"},"modified":"2025-07-19T05:06:46","modified_gmt":"2025-07-19T05:06:46","slug":"moraccan-hash","status":"publish","type":"product","link":"https:\/\/herbelegale.com\/nl\/product\/marokkaanse-hasj\/","title":{"rendered":"Moraccaanse Hasj"},"content":{"rendered":"<h2><b>Introductie tot Marokkaanse hasj<\/b><\/h2>\n<p>Le <a href=\"https:\/\/herbelegale.com\/nl\/product\/marokkaanse-hasj\/\">Hash Marocain<\/a>, of Marokkaanse hasj, is een van de meest iconische cannabisconcentraten ter wereld. Dit ambachtelijke product, afkomstig uit het Rifgebergte, staat bekend om zijn uitzonderlijke kwaliteit, zuiverheid en onderscheidende effecten. Of je nu nieuwsgierig, een amateur of een kenner bent, Marokkaanse hasj ontdekken is jezelf onderdompelen in een eeuwenoude traditie met unieke aroma's en diepgaande effecten.<\/p>\n<h3><b>Wat is Marokkaanse hasj?<\/b><\/h3>\n<p>Le <a href=\"https:\/\/en.wikipedia.org\/wiki\/Hashish\">Hash Marocain<\/a> is een cannabishars die wordt verkregen door de trichomen (cannabino\u00efderijke harsklieren) uit cannabisbloemen te zeven. Dit poeder wordt vervolgens handmatig geperst tot blokken of klonten, bruin tot zwart van kleur, met een zachte, olieachtige of kruimelige textuur, afhankelijk van de productiemethode en kwaliteit.<\/p>\n<p>Dankzij de rijkdom aan THC, CBD en andere actieve bestanddelen, zorgt Marokkaanse hasj voor ontspannende, euforische en soms stimulerende effecten, die door de gebruikers zeer worden gewaardeerd.<\/p>\n<h3><b>Veel voorkomende effecten en toepassingen<\/b><\/h3>\n<p><span style=\"font-weight: 400;\">Marokkaanse hasj staat bekend om zijn fysieke en mentale voordelen. De meest voorkomende effecten zijn:<\/span><\/p>\n<ul>\n<li style=\"font-weight: 400;\" aria-level=\"1\">Tiefe Entspannung und Stressabbau&nbsp;<\/li>\n<li style=\"font-weight: 400;\" aria-level=\"1\">Verlichting van chronische pijn of slapeloosheid&nbsp;<\/li>\n<li style=\"font-weight: 400;\" aria-level=\"1\">F\u00f6rderung von Kreativit\u00e4t und Konzentration&nbsp;<\/li>\n<li style=\"font-weight: 400;\" aria-level=\"1\">Sonno migliorato&nbsp;<\/li>\n<li style=\"font-weight: 400;\" aria-level=\"1\">Uczucie delikatnej i d\u0142ugotrwa\u0142ej euforii&nbsp;<\/li>\n<\/ul>\n<h3><b>Consumptiemethoden:<\/b><\/h3>\n<ul>\n<li style=\"font-weight: 400;\" aria-level=\"1\"><span style=\"font-weight: 400;\">Bei der Verbrennung: Pfeife, Joint, Wasserpfeife<\/span>&nbsp;<\/li>\n<li style=\"font-weight: 400;\" aria-level=\"1\"><span style=\"font-weight: 400;\">En infusi\u00f3n: en leche o grasa<\/span>&nbsp;<\/li>\n<li style=\"font-weight: 400;\" aria-level=\"1\"><span style=\"font-weight: 400;\">Durch Spr\u00fchen (je nach Ausr\u00fcstung)<\/span>&nbsp;<\/li>\n<\/ul>\n<h3><b>Statut l\u00e9gal : attention aux lois locales<\/b><\/h3>\n<p>De legaliteit van Marokkaanse hasj verschilt sterk per land en rechtsgebied. In sommige landen is de consumptie ervan ten strengste verboden, terwijl andere het gebruik ervan voor medicinale of recreatieve doeleinden toestaan.<\/p>\n<p>Avant toute consommation ou achat, informez-vous sur la l\u00e9gislation locale pour \u00e9viter des complications juridiques.<\/p>\n<h3><b>Waarom Marokkaanse hasj online kopen?<\/b><\/h3>\n<h3><b>Toegankelijkheid<\/b><\/h3>\n<p>Als u online bestelt, heeft u toegang tot kwaliteitsproducten zonder geografische beperkingen.<\/p>\n<h3><b>Gevarieerde keuze<\/b><\/h3>\n<p>Gespecialiseerde platforms bieden een breed scala aan hasj, afhankelijk van herkomst, kwaliteit, prijs en gewenste effecten.<\/p>\n<h3><b>Discretie gegarandeerd<\/b><\/h3>\n<p>Betrouwbare verkopers bieden neutrale en veilige verpakking, met discrete en traceerbare levering.<\/p>\n<h3><b>Hoe kiest u een betrouwbare verkoper?<\/b><\/h3>\n<p><span style=\"font-weight: 400;\">Om onaangename verrassingen te voorkomen, zijn hier enkele essenti\u00eble criteria:<\/span><\/p>\n<ul>\n<li style=\"font-weight: 400;\" aria-level=\"1\">\u00a0Verkopersreputatie: controleer klantbeoordelingen en gespecialiseerde forums&nbsp;<\/li>\n<li style=\"font-weight: 400;\" aria-level=\"1\">Transparantie: herkomst van het product, extractiemethode, THC\/CBD-gehalte&nbsp;<\/li>\n<li style=\"font-weight: 400;\" aria-level=\"1\">Verzendbeleid: levertijden, tracking, discrete verpakking&nbsp;<\/li>\n<li style=\"font-weight: 400;\" aria-level=\"1\">Betalingsbeveiliging: HTTPS-site, betrouwbare betaalmethoden&nbsp;<\/li>\n<\/ul>\n<p>Tip: geef de voorkeur aan platforms die door de community worden erkend of aanbevolen.<\/p>\n<h3><b>Risico's en te nemen voorzorgsmaatregelen<\/b><\/h3>\n<h3><b>Gezondheidsrisico's<\/b><\/h3>\n<ul>\n<li style=\"font-weight: 400;\" aria-level=\"1\"><span style=\"font-weight: 400;\">Verminderd kortetermijngeheugen<\/span>&nbsp;<\/li>\n<li style=\"font-weight: 400;\" aria-level=\"1\"><span style=\"font-weight: 400;\">Angst oder Paranoia bei sensiblen Menschen<\/span>&nbsp;<\/li>\n<li style=\"font-weight: 400;\" aria-level=\"1\"><span style=\"font-weight: 400;\">Sonnolenza, diminuzione della motivazione<\/span>&nbsp;<\/li>\n<li style=\"font-weight: 400;\" aria-level=\"1\"><span style=\"font-weight: 400;\">Wechselwirkungen mit bestimmten Medikamenten<\/span>&nbsp;<\/li>\n<\/ul>\n<h3><b>Aanbevolen voorzorgsmaatregelen:<\/b><\/h3>\n<ul>\n<li style=\"font-weight: 400;\" aria-level=\"1\">Inizia con dosi basse, soprattutto se sei un principiante&nbsp;<\/li>\n<li style=\"font-weight: 400;\" aria-level=\"1\">Fahren Sie nicht nach dem Trinken&nbsp;<\/li>\n<li style=\"font-weight: 400;\" aria-level=\"1\">Evitare il consumo se si soffre di disturbi mentali&nbsp;<\/li>\n<li style=\"font-weight: 400;\" aria-level=\"1\">Im Zweifelsfall wenden Sie sich an einen Arzt&nbsp;<\/li>\n<\/ul>\n<h3><b>Conclusie<\/b><\/h3>\n<p>Marokkaanse hasj is veel meer dan alleen een cannabisproduct: het is een traditie, een knowhow en een zintuiglijke ervaring op zich. Door het verantwoord te kopen en de lokale wetgeving te respecteren, kunt u er veilig van genieten.<\/p>","protected":false},"excerpt":{"rendered":"<p>Introduction au Hash Marocain Le Hash Marocain, ou haschisch marocain, est l\u2019un des concentr\u00e9s de cannabis les plus embl\u00e9matiques au monde. Originaire des montagnes du Rif, ce produit artisanal est r\u00e9put\u00e9 pour sa qualit\u00e9 exceptionnelle, sa puret\u00e9 et ses effets distinctifs. Que vous soyez curieux, amateur ou connaisseur, d\u00e9couvrir le Hash Marocain, c\u2019est s\u2019immerger dans&#8230;<\/p>","protected":false},"featured_media":1473,"comment_status":"open","ping_status":"closed","template":"","meta":{"_kadence_starter_templates_imported_post":false,"_kad_post_transparent":"default","_kad_post_title":"","_kad_post_layout":"default","_kad_post_sidebar_id":"","_kad_post_content_style":"default","_kad_post_vertical_padding":"default","_kad_post_feature":"","_kad_post_feature_position":"","_kad_post_header":false,"_kad_post_footer":false,"_joinchat":[]},"product_brand":[],"product_cat":[31],"product_tag":[],"class_list":{"0":"post-1367","1":"product","2":"type-product","3":"status-publish","4":"has-post-thumbnail","6":"product_cat-haschisch","8":"first","9":"instock","10":"shipping-taxable","11":"purchasable","12":"product-type-variable","13":"entry","14":"content-bg","15":"loop-entry"},"yoast_head":"<!-- This site is optimized with the Yoast SEO plugin v23.5 - https:\/\/yoast.com\/wordpress\/plugins\/seo\/ -->\n<title>Achetez du haschisch marocain en ligne - Vente de haschisch marocain<\/title>\n<meta name=\"description\" content=\"Si vous souhaitez acheter du haschisch marocain en ligne, notre boutique en ligne Herbegal peut vous aider. Nous avons du haschisch marocain \u00e0 vendre aux meilleurs prix ici. Passez votre commande et profitez des derni\u00e8res offres d\u00e8s aujourd&#039;hui !\" \/>\n<meta name=\"robots\" content=\"index, follow, max-snippet:-1, max-image-preview:large, max-video-preview:-1\" \/>\n<link rel=\"canonical\" href=\"https:\/\/herbelegale.com\/nl\/product\/marokkaanse-hasj\/\" \/>\n<meta property=\"og:locale\" content=\"nl_BE\" \/>\n<meta property=\"og:type\" content=\"article\" \/>\n<meta property=\"og:title\" content=\"Achetez du haschisch marocain en ligne - Vente de haschisch marocain\" \/>\n<meta property=\"og:description\" content=\"Si vous souhaitez acheter du haschisch marocain en ligne, notre boutique en ligne Herbegal peut vous aider. Nous avons du haschisch marocain \u00e0 vendre aux meilleurs prix ici. Passez votre commande et profitez des derni\u00e8res offres d\u00e8s aujourd&#039;hui !\" \/>\n<meta property=\"og:url\" content=\"https:\/\/herbelegale.com\/nl\/product\/marokkaanse-hasj\/\" \/>\n<meta property=\"og:site_name\" content=\"Herbe L\u00e9gale\" \/>\n<meta property=\"article:modified_time\" content=\"2025-07-19T05:06:46+00:00\" \/>\n<meta property=\"og:image\" content=\"https:\/\/herbelegale.com\/wp-content\/uploads\/2023\/09\/Moraccan-Hash-1.jpg\" \/>\n\t<meta property=\"og:image:width\" content=\"600\" \/>\n\t<meta property=\"og:image:height\" content=\"600\" \/>\n\t<meta property=\"og:image:type\" content=\"image\/jpeg\" \/>\n<meta name=\"twitter:card\" content=\"summary_large_image\" \/>\n<meta name=\"twitter:label1\" content=\"Geschatte leestijd\" \/>\n\t<meta name=\"twitter:data1\" content=\"3 minuten\" \/>\n<script type=\"application\/ld+json\" class=\"yoast-schema-graph\">{\"@context\":\"https:\/\/schema.org\",\"@graph\":[{\"@type\":\"WebPage\",\"@id\":\"https:\/\/herbelegale.com\/product\/moraccan-hash\/\",\"url\":\"https:\/\/herbelegale.com\/product\/moraccan-hash\/\",\"name\":\"Achetez du haschisch marocain en ligne - Vente de haschisch marocain\",\"isPartOf\":{\"@id\":\"https:\/\/herbelegale.com\/#website\"},\"primaryImageOfPage\":{\"@id\":\"https:\/\/herbelegale.com\/product\/moraccan-hash\/#primaryimage\"},\"image\":{\"@id\":\"https:\/\/herbelegale.com\/product\/moraccan-hash\/#primaryimage\"},\"thumbnailUrl\":\"https:\/\/herbelegale.com\/wp-content\/uploads\/2023\/09\/Moraccan-Hash-1.jpg\",\"datePublished\":\"2023-09-30T10:33:33+00:00\",\"dateModified\":\"2025-07-19T05:06:46+00:00\",\"description\":\"Si vous souhaitez acheter du haschisch marocain en ligne, notre boutique en ligne Herbegal peut vous aider. Nous avons du haschisch marocain \u00e0 vendre aux meilleurs prix ici. Passez votre commande et profitez des derni\u00e8res offres d\u00e8s aujourd'hui !\",\"breadcrumb\":{\"@id\":\"https:\/\/herbelegale.com\/product\/moraccan-hash\/#breadcrumb\"},\"inLanguage\":\"nl-BE\",\"potentialAction\":[{\"@type\":\"ReadAction\",\"target\":[\"https:\/\/herbelegale.com\/product\/moraccan-hash\/\"]}]},{\"@type\":\"ImageObject\",\"inLanguage\":\"nl-BE\",\"@id\":\"https:\/\/herbelegale.com\/product\/moraccan-hash\/#primaryimage\",\"url\":\"https:\/\/herbelegale.com\/wp-content\/uploads\/2023\/09\/Moraccan-Hash-1.jpg\",\"contentUrl\":\"https:\/\/herbelegale.com\/wp-content\/uploads\/2023\/09\/Moraccan-Hash-1.jpg\",\"width\":600,\"height\":600,\"caption\":\"Moraccan Hash\"},{\"@type\":\"BreadcrumbList\",\"@id\":\"https:\/\/herbelegale.com\/product\/moraccan-hash\/#breadcrumb\",\"itemListElement\":[{\"@type\":\"ListItem\",\"position\":1,\"name\":\"Home\",\"item\":\"https:\/\/herbelegale.com\/\"},{\"@type\":\"ListItem\",\"position\":2,\"name\":\"Boutique\",\"item\":\"https:\/\/herbelegale.com\/boutique\/\"},{\"@type\":\"ListItem\",\"position\":3,\"name\":\"Moraccan Hash\"}]},{\"@type\":\"WebSite\",\"@id\":\"https:\/\/herbelegale.com\/#website\",\"url\":\"https:\/\/herbelegale.com\/\",\"name\":\"Herbe L\u00e9gale\",\"description\":\"Acheter de l&#039;herbe en ligne\",\"publisher\":{\"@id\":\"https:\/\/herbelegale.com\/#organization\"},\"potentialAction\":[{\"@type\":\"SearchAction\",\"target\":{\"@type\":\"EntryPoint\",\"urlTemplate\":\"https:\/\/herbelegale.com\/?s={search_term_string}\"},\"query-input\":{\"@type\":\"PropertyValueSpecification\",\"valueRequired\":true,\"valueName\":\"search_term_string\"}}],\"inLanguage\":\"nl-BE\"},{\"@type\":\"Organization\",\"@id\":\"https:\/\/herbelegale.com\/#organization\",\"name\":\"Herbe L\u00e9gale\",\"url\":\"https:\/\/herbelegale.com\/\",\"logo\":{\"@type\":\"ImageObject\",\"inLanguage\":\"nl-BE\",\"@id\":\"https:\/\/herbelegale.com\/#\/schema\/logo\/image\/\",\"url\":\"https:\/\/herbelegale.com\/wp-content\/uploads\/2023\/10\/logo-1.png\",\"contentUrl\":\"https:\/\/herbelegale.com\/wp-content\/uploads\/2023\/10\/logo-1.png\",\"width\":400,\"height\":120,\"caption\":\"Herbe L\u00e9gale\"},\"image\":{\"@id\":\"https:\/\/herbelegale.com\/#\/schema\/logo\/image\/\"}}]}<\/script>\n<!-- \/ Yoast SEO plugin. -->","yoast_head_json":{"title":"Achetez du haschisch marocain en ligne - Vente de haschisch marocain","description":"Si vous souhaitez acheter du haschisch marocain en ligne, notre boutique en ligne Herbegal peut vous aider. Nous avons du haschisch marocain \u00e0 vendre aux meilleurs prix ici. Passez votre commande et profitez des derni\u00e8res offres d\u00e8s aujourd'hui !","robots":{"index":"index","follow":"follow","max-snippet":"max-snippet:-1","max-image-preview":"max-image-preview:large","max-video-preview":"max-video-preview:-1"},"canonical":"https:\/\/herbelegale.com\/nl\/product\/marokkaanse-hasj\/","og_locale":"nl_BE","og_type":"article","og_title":"Achetez du haschisch marocain en ligne - Vente de haschisch marocain","og_description":"Si vous souhaitez acheter du haschisch marocain en ligne, notre boutique en ligne Herbegal peut vous aider. Nous avons du haschisch marocain \u00e0 vendre aux meilleurs prix ici. Passez votre commande et profitez des derni\u00e8res offres d\u00e8s aujourd'hui !","og_url":"https:\/\/herbelegale.com\/nl\/product\/marokkaanse-hasj\/","og_site_name":"Herbe L\u00e9gale","article_modified_time":"2025-07-19T05:06:46+00:00","og_image":[{"width":600,"height":600,"url":"https:\/\/herbelegale.com\/wp-content\/uploads\/2023\/09\/Moraccan-Hash-1.jpg","type":"image\/jpeg"}],"twitter_card":"summary_large_image","twitter_misc":{"Geschatte leestijd":"3 minuten"},"schema":{"@context":"https:\/\/schema.org","@graph":[{"@type":"WebPage","@id":"https:\/\/herbelegale.com\/product\/moraccan-hash\/","url":"https:\/\/herbelegale.com\/product\/moraccan-hash\/","name":"Achetez du haschisch marocain en ligne - Vente de haschisch marocain","isPartOf":{"@id":"https:\/\/herbelegale.com\/#website"},"primaryImageOfPage":{"@id":"https:\/\/herbelegale.com\/product\/moraccan-hash\/#primaryimage"},"image":{"@id":"https:\/\/herbelegale.com\/product\/moraccan-hash\/#primaryimage"},"thumbnailUrl":"https:\/\/herbelegale.com\/wp-content\/uploads\/2023\/09\/Moraccan-Hash-1.jpg","datePublished":"2023-09-30T10:33:33+00:00","dateModified":"2025-07-19T05:06:46+00:00","description":"Si vous souhaitez acheter du haschisch marocain en ligne, notre boutique en ligne Herbegal peut vous aider. Nous avons du haschisch marocain \u00e0 vendre aux meilleurs prix ici. Passez votre commande et profitez des derni\u00e8res offres d\u00e8s aujourd'hui !","breadcrumb":{"@id":"https:\/\/herbelegale.com\/product\/moraccan-hash\/#breadcrumb"},"inLanguage":"nl-BE","potentialAction":[{"@type":"ReadAction","target":["https:\/\/herbelegale.com\/product\/moraccan-hash\/"]}]},{"@type":"ImageObject","inLanguage":"nl-BE","@id":"https:\/\/herbelegale.com\/product\/moraccan-hash\/#primaryimage","url":"https:\/\/herbelegale.com\/wp-content\/uploads\/2023\/09\/Moraccan-Hash-1.jpg","contentUrl":"https:\/\/herbelegale.com\/wp-content\/uploads\/2023\/09\/Moraccan-Hash-1.jpg","width":600,"height":600,"caption":"Moraccan Hash"},{"@type":"BreadcrumbList","@id":"https:\/\/herbelegale.com\/product\/moraccan-hash\/#breadcrumb","itemListElement":[{"@type":"ListItem","position":1,"name":"Home","item":"https:\/\/herbelegale.com\/"},{"@type":"ListItem","position":2,"name":"Boutique","item":"https:\/\/herbelegale.com\/boutique\/"},{"@type":"ListItem","position":3,"name":"Moraccan Hash"}]},{"@type":"WebSite","@id":"https:\/\/herbelegale.com\/#website","url":"https:\/\/herbelegale.com\/","name":"Herbe L\u00e9gale","description":"Acheter de l&#039;herbe en ligne","publisher":{"@id":"https:\/\/herbelegale.com\/#organization"},"potentialAction":[{"@type":"SearchAction","target":{"@type":"EntryPoint","urlTemplate":"https:\/\/herbelegale.com\/?s={search_term_string}"},"query-input":{"@type":"PropertyValueSpecification","valueRequired":true,"valueName":"search_term_string"}}],"inLanguage":"nl-BE"},{"@type":"Organization","@id":"https:\/\/herbelegale.com\/#organization","name":"Herbe L\u00e9gale","url":"https:\/\/herbelegale.com\/","logo":{"@type":"ImageObject","inLanguage":"nl-BE","@id":"https:\/\/herbelegale.com\/#\/schema\/logo\/image\/","url":"https:\/\/herbelegale.com\/wp-content\/uploads\/2023\/10\/logo-1.png","contentUrl":"https:\/\/herbelegale.com\/wp-content\/uploads\/2023\/10\/logo-1.png","width":400,"height":120,"caption":"Herbe L\u00e9gale"},"image":{"@id":"https:\/\/herbelegale.com\/#\/schema\/logo\/image\/"}}]}},"_links":{"self":[{"href":"https:\/\/herbelegale.com\/nl\/wp-json\/wp\/v2\/product\/1367","targetHints":{"allow":["GET"]}}],"collection":[{"href":"https:\/\/herbelegale.com\/nl\/wp-json\/wp\/v2\/product"}],"about":[{"href":"https:\/\/herbelegale.com\/nl\/wp-json\/wp\/v2\/types\/product"}],"replies":[{"embeddable":true,"href":"https:\/\/herbelegale.com\/nl\/wp-json\/wp\/v2\/comments?post=1367"}],"wp:featuredmedia":[{"embeddable":true,"href":"https:\/\/herbelegale.com\/nl\/wp-json\/wp\/v2\/media\/1473"}],"wp:attachment":[{"href":"https:\/\/herbelegale.com\/nl\/wp-json\/wp\/v2\/media?parent=1367"}],"wp:term":[{"taxonomy":"product_brand","embeddable":true,"href":"https:\/\/herbelegale.com\/nl\/wp-json\/wp\/v2\/product_brand?post=1367"},{"taxonomy":"product_cat","embeddable":true,"href":"https:\/\/herbelegale.com\/nl\/wp-json\/wp\/v2\/product_cat?post=1367"},{"taxonomy":"product_tag","embeddable":true,"href":"https:\/\/herbelegale.com\/nl\/wp-json\/wp\/v2\/product_tag?post=1367"}],"curies":[{"name":"wp","href":"https:\/\/api.w.org\/{rel}","templated":true}]}}