{"id":1365,"date":"2023-09-30T10:32:51","date_gmt":"2023-09-30T10:32:51","guid":{"rendered":"https:\/\/nembutalhouse.com\/weed\/?post_type=product&#038;p=1365"},"modified":"2025-07-18T10:54:40","modified_gmt":"2025-07-18T10:54:40","slug":"alaskan-ice-hash","status":"publish","type":"product","link":"https:\/\/herbelegale.com\/nl\/product\/ijshasj-uit-alaska\/","title":{"rendered":"Alaska ijshasj"},"content":{"rendered":"<h2><b>Introductie tot Alaskan Ice Hash<\/b><\/h2>\n<p>\u00c0 la recherche d\u2019une exp\u00e9rience cannabique premium ? <a href=\"https:\/\/herbelegale.com\/nl\/product\/ijshasj-uit-alaska\/\">L&rsquo;Alaskan Ice Hash<\/a> staat bekend om zijn uitzonderlijke zuiverheid, zijdezachte textuur en krachtige effecten. Met zijn ijskoude uiterlijk en intense aroma's is deze hasj gericht op veeleisende liefhebbers die op zoek zijn naar superieure kwaliteit. Of je nu een ervaren gebruiker bent of net begint met concentraten, dit product belooft een unieke ervaring.<\/p>\n<h3><b>Wat is Alaskan Ice Hash?<\/b><\/h3>\n<p><a href=\"https:\/\/en.wikipedia.org\/wiki\/Hashish\">L\u2019Alaskan Ice Hash<\/a> is een geconcentreerde vorm van cannabis, verkregen uit de kristallijne trichomen van zorgvuldig geselecteerde soorten. Dankzij een extractiemethode met ijswater behoudt deze pure hars alle aroma's (terpenen) en actieve ingredi\u00ebnten (cannabino\u00efden), wat zorgt voor een onge\u00ebvenaarde zuiverheid. De witte, matte uitstraling heeft hem de veelzeggende naam opgeleverd. <i>Alaskan Ice<\/i>.<\/p>\n<h3><b>Veelvoorkomende toepassingen en effecten<\/b><\/h3>\n<p>Alaskan Ice Hash wordt zeer gewaardeerd vanwege de perfecte balans tussen mentale euforie en lichamelijke ontspanning. Het biedt doorgaans:<\/p>\n<ul>\n<li style=\"font-weight: 400;\" aria-level=\"1\"><span style=\"font-weight: 400;\">Een stimulerend en creatief cerebraal effect<\/span>&nbsp;<\/li>\n<li style=\"font-weight: 400;\" aria-level=\"1\"><span style=\"font-weight: 400;\">Zachte spierontspanning<\/span>&nbsp;<\/li>\n<li style=\"font-weight: 400;\" aria-level=\"1\"><span style=\"font-weight: 400;\">Mogelijke verlichting van stress en angst<\/span>&nbsp;<\/li>\n<li style=\"font-weight: 400;\" aria-level=\"1\"><span style=\"font-weight: 400;\">Een slaapmiddel voor sommige consumenten<\/span>&nbsp;<\/li>\n<\/ul>\n<p><span style=\"font-weight: 400;\">Deze hasj kan op verschillende manieren worden geconsumeerd: door verbranding, verdamping of verwerkt in culinaire bereidingen.<\/span><\/p>\n<h3><b>Juridisk status (afh\u00e6ngigt af region)<\/b><\/h3>\n<p>De wettelijke status van Alaskan Ice Hash verschilt per land en regio. Op sommige plaatsen zijn cannabisconcentraten toegestaan, terwijl ze op andere plaatsen verboden zijn. Voordat u Alaskan Ice Hash online bestelt, dient u op de hoogte te zijn van de lokale wetgeving om mogelijke problemen te voorkomen.<\/p>\n<h3><b>Waarom Alaskan Ice Hash online kopen?<\/b><\/h3>\n<h3><b>Toegankelijkheid<\/b><\/h3>\n<p>Als je Alaskan Ice Hash online koopt, krijg je toegang tot een gevarieerde selectie die je vaak moeilijk in fysieke winkels kunt vinden. Je kunt vanuit je luie stoel genieten van een premium selectie.<\/p>\n<h3><b>Verscheidenheid aan verkopers<\/b><\/h3>\n<p>Er zijn veel websites die Alaskan Ice Hash te koop aanbieden. Hierdoor kunt u eenvoudig aanbiedingen, prijzen en beoordelingen van klanten vergelijken.<\/p>\n<h3><b>Spedizione discreta<\/b><\/h3>\n<p>Uw privacy is belangrijk. Betrouwbare platforms garanderen discrete en veilige verzending, zodat uw bestelling u in alle vertrouwelijkheid bereikt.<\/p>\n<h3><b>Hoe kiest u een betrouwbare verkoper?<\/b><\/h3>\n<p>Om de beste plek te vinden om Alaskan Ice Hash online te kopen, let dan op:<\/p>\n<ul>\n<li style=\"font-weight: 400;\" aria-level=\"1\">Transparantie over de prijs van Alaskan Ice Hash&nbsp;<\/li>\n<li style=\"font-weight: 400;\" aria-level=\"1\"><span style=\"font-weight: 400;\">De kwaliteit van de productbeschrijvingen en de eventuele aanwezigheid van laboratoriumanalyses<\/span>&nbsp;<\/li>\n<li style=\"font-weight: 400;\" aria-level=\"1\"><span style=\"font-weight: 400;\">Geverifieerde beoordelingen van eerdere kopers<\/span>&nbsp;<\/li>\n<li style=\"font-weight: 400;\" aria-level=\"1\"><span style=\"font-weight: 400;\">Duidelijk verzend- en retourbeleid<\/span>&nbsp;<\/li>\n<li style=\"font-weight: 400;\" aria-level=\"1\"><span style=\"font-weight: 400;\">Reactiesnelheid van de klantenservice<\/span>&nbsp;<\/li>\n<\/ul>\n<h3><b>Leveringsbeleid<\/b><\/h3>\n<p><span style=\"font-weight: 400;\">Een goede site moet het volgende bieden:<\/span><\/p>\n<ul>\n<li style=\"font-weight: 400;\" aria-level=\"1\"><span style=\"font-weight: 400;\">Redelijke levertijden<\/span>&nbsp;<\/li>\n<li style=\"font-weight: 400;\" aria-level=\"1\"><span style=\"font-weight: 400;\">Trackingopties<\/span>&nbsp;<\/li>\n<li style=\"font-weight: 400;\" aria-level=\"1\"><span style=\"font-weight: 400;\">Garanties bij verlies of niet-ontvangst<\/span>&nbsp;<\/li>\n<\/ul>\n<h3><b>Risico's en overwegingen<\/b><\/h3>\n<h3><b>Gezondheidsrisico's<\/b><\/h3>\n<p><span style=\"font-weight: 400;\">Net als elk cannabisconcentraat is deze hasj krachtig. Nieuwe gebruikers wordt geadviseerd om met kleine doses te beginnen om hun tolerantie te bepalen. Vermijd dubieuze verkopers die mogelijk besmette of inferieure producten aanbieden.<\/span><\/p>\n<h3><b>Conclusie<\/b><\/h3>\n<p>Alaskan Ice Hash online bestellen betekent kiezen voor een premium ervaring die voldoet aan de verwachtingen van concentraatliefhebbers. Met zijn pure textuur, uitgebalanceerde effecten en verfijnde smaak onderscheidt deze hasj zich duidelijk.<\/p>\n<h3><b>Herinnering: controleer de lokale wetgeving<\/b><\/h3>\n<p><span style=\"font-weight: 400;\">Controleer voor aankoop de legaliteit in uw regio. Koop verstandig, kies een betrouwbare verkoper en geniet verantwoord van dit product.<\/span><\/p>","protected":false},"excerpt":{"rendered":"<p>Introduction \u00e0 l&rsquo;Alaskan Ice Hash \u00c0 la recherche d\u2019une exp\u00e9rience cannabique premium ? L&rsquo;Alaskan Ice Hash est reconnu pour sa puret\u00e9 exceptionnelle, sa texture soyeuse et ses effets puissants. Avec son aspect givr\u00e9 et ses ar\u00f4mes intenses, ce hash s\u2019adresse aux amateurs exigeants \u00e0 la recherche d\u2019une qualit\u00e9 sup\u00e9rieure. Que vous soyez un consommateur exp\u00e9riment\u00e9&#8230;<\/p>","protected":false},"featured_media":1471,"comment_status":"open","ping_status":"closed","template":"","meta":{"_kadence_starter_templates_imported_post":false,"_kad_post_transparent":"default","_kad_post_title":"","_kad_post_layout":"default","_kad_post_sidebar_id":"","_kad_post_content_style":"default","_kad_post_vertical_padding":"default","_kad_post_feature":"","_kad_post_feature_position":"","_kad_post_header":false,"_kad_post_footer":false,"_joinchat":[]},"product_brand":[],"product_cat":[31],"product_tag":[],"class_list":{"0":"post-1365","1":"product","2":"type-product","3":"status-publish","4":"has-post-thumbnail","6":"product_cat-haschisch","8":"first","9":"instock","10":"shipping-taxable","11":"purchasable","12":"product-type-variable","13":"entry","14":"content-bg","15":"loop-entry"},"yoast_head":"<!-- This site is optimized with the Yoast SEO plugin v23.5 - https:\/\/yoast.com\/wordpress\/plugins\/seo\/ -->\n<title>Achetez du haschisch glac\u00e9 d&#039;Alaska en ligne<\/title>\n<meta name=\"description\" content=\"C&#039;est le meilleur moment pour visiter notre boutique en ligne et acheter du haschisch de glace d&#039;Alaska en ligne. Nous avons du haschisch de glace d&#039;Alaska de haute qualit\u00e9 \u00e0 vendre ici au prix le plus abordable. Rencontrez-nous en ligne et passez votre commande d\u00e8s aujourd&#039;hui.\" \/>\n<meta name=\"robots\" content=\"index, follow, max-snippet:-1, max-image-preview:large, max-video-preview:-1\" \/>\n<link rel=\"canonical\" href=\"https:\/\/herbelegale.com\/nl\/product\/ijshasj-uit-alaska\/\" \/>\n<meta property=\"og:locale\" content=\"nl_BE\" \/>\n<meta property=\"og:type\" content=\"article\" \/>\n<meta property=\"og:title\" content=\"Achetez du haschisch glac\u00e9 d&#039;Alaska en ligne\" \/>\n<meta property=\"og:description\" content=\"C&#039;est le meilleur moment pour visiter notre boutique en ligne et acheter du haschisch de glace d&#039;Alaska en ligne. Nous avons du haschisch de glace d&#039;Alaska de haute qualit\u00e9 \u00e0 vendre ici au prix le plus abordable. Rencontrez-nous en ligne et passez votre commande d\u00e8s aujourd&#039;hui.\" \/>\n<meta property=\"og:url\" content=\"https:\/\/herbelegale.com\/nl\/product\/ijshasj-uit-alaska\/\" \/>\n<meta property=\"og:site_name\" content=\"Herbe L\u00e9gale\" \/>\n<meta property=\"article:modified_time\" content=\"2025-07-18T10:54:40+00:00\" \/>\n<meta property=\"og:image\" content=\"https:\/\/herbelegale.com\/wp-content\/uploads\/2023\/09\/Alaskan-Ice-Hash-1.jpg\" \/>\n\t<meta property=\"og:image:width\" content=\"600\" \/>\n\t<meta property=\"og:image:height\" content=\"600\" \/>\n\t<meta property=\"og:image:type\" content=\"image\/jpeg\" \/>\n<meta name=\"twitter:card\" content=\"summary_large_image\" \/>\n<meta name=\"twitter:label1\" content=\"Geschatte leestijd\" \/>\n\t<meta name=\"twitter:data1\" content=\"3 minuten\" \/>\n<script type=\"application\/ld+json\" class=\"yoast-schema-graph\">{\"@context\":\"https:\/\/schema.org\",\"@graph\":[{\"@type\":\"WebPage\",\"@id\":\"https:\/\/herbelegale.com\/product\/alaskan-ice-hash\/\",\"url\":\"https:\/\/herbelegale.com\/product\/alaskan-ice-hash\/\",\"name\":\"Achetez du haschisch glac\u00e9 d'Alaska en ligne\",\"isPartOf\":{\"@id\":\"https:\/\/herbelegale.com\/#website\"},\"primaryImageOfPage\":{\"@id\":\"https:\/\/herbelegale.com\/product\/alaskan-ice-hash\/#primaryimage\"},\"image\":{\"@id\":\"https:\/\/herbelegale.com\/product\/alaskan-ice-hash\/#primaryimage\"},\"thumbnailUrl\":\"https:\/\/herbelegale.com\/wp-content\/uploads\/2023\/09\/Alaskan-Ice-Hash-1.jpg\",\"datePublished\":\"2023-09-30T10:32:51+00:00\",\"dateModified\":\"2025-07-18T10:54:40+00:00\",\"description\":\"C'est le meilleur moment pour visiter notre boutique en ligne et acheter du haschisch de glace d'Alaska en ligne. Nous avons du haschisch de glace d'Alaska de haute qualit\u00e9 \u00e0 vendre ici au prix le plus abordable. Rencontrez-nous en ligne et passez votre commande d\u00e8s aujourd'hui.\",\"breadcrumb\":{\"@id\":\"https:\/\/herbelegale.com\/product\/alaskan-ice-hash\/#breadcrumb\"},\"inLanguage\":\"nl-BE\",\"potentialAction\":[{\"@type\":\"ReadAction\",\"target\":[\"https:\/\/herbelegale.com\/product\/alaskan-ice-hash\/\"]}]},{\"@type\":\"ImageObject\",\"inLanguage\":\"nl-BE\",\"@id\":\"https:\/\/herbelegale.com\/product\/alaskan-ice-hash\/#primaryimage\",\"url\":\"https:\/\/herbelegale.com\/wp-content\/uploads\/2023\/09\/Alaskan-Ice-Hash-1.jpg\",\"contentUrl\":\"https:\/\/herbelegale.com\/wp-content\/uploads\/2023\/09\/Alaskan-Ice-Hash-1.jpg\",\"width\":600,\"height\":600,\"caption\":\"Alaskan Ice Hash\"},{\"@type\":\"BreadcrumbList\",\"@id\":\"https:\/\/herbelegale.com\/product\/alaskan-ice-hash\/#breadcrumb\",\"itemListElement\":[{\"@type\":\"ListItem\",\"position\":1,\"name\":\"Home\",\"item\":\"https:\/\/herbelegale.com\/\"},{\"@type\":\"ListItem\",\"position\":2,\"name\":\"Boutique\",\"item\":\"https:\/\/herbelegale.com\/boutique\/\"},{\"@type\":\"ListItem\",\"position\":3,\"name\":\"Alaskan Ice Hash\"}]},{\"@type\":\"WebSite\",\"@id\":\"https:\/\/herbelegale.com\/#website\",\"url\":\"https:\/\/herbelegale.com\/\",\"name\":\"Herbe L\u00e9gale\",\"description\":\"Acheter de l&#039;herbe en ligne\",\"publisher\":{\"@id\":\"https:\/\/herbelegale.com\/#organization\"},\"potentialAction\":[{\"@type\":\"SearchAction\",\"target\":{\"@type\":\"EntryPoint\",\"urlTemplate\":\"https:\/\/herbelegale.com\/?s={search_term_string}\"},\"query-input\":{\"@type\":\"PropertyValueSpecification\",\"valueRequired\":true,\"valueName\":\"search_term_string\"}}],\"inLanguage\":\"nl-BE\"},{\"@type\":\"Organization\",\"@id\":\"https:\/\/herbelegale.com\/#organization\",\"name\":\"Herbe L\u00e9gale\",\"url\":\"https:\/\/herbelegale.com\/\",\"logo\":{\"@type\":\"ImageObject\",\"inLanguage\":\"nl-BE\",\"@id\":\"https:\/\/herbelegale.com\/#\/schema\/logo\/image\/\",\"url\":\"https:\/\/herbelegale.com\/wp-content\/uploads\/2023\/10\/logo-1.png\",\"contentUrl\":\"https:\/\/herbelegale.com\/wp-content\/uploads\/2023\/10\/logo-1.png\",\"width\":400,\"height\":120,\"caption\":\"Herbe L\u00e9gale\"},\"image\":{\"@id\":\"https:\/\/herbelegale.com\/#\/schema\/logo\/image\/\"}}]}<\/script>\n<!-- \/ Yoast SEO plugin. -->","yoast_head_json":{"title":"Achetez du haschisch glac\u00e9 d'Alaska en ligne","description":"C'est le meilleur moment pour visiter notre boutique en ligne et acheter du haschisch de glace d'Alaska en ligne. Nous avons du haschisch de glace d'Alaska de haute qualit\u00e9 \u00e0 vendre ici au prix le plus abordable. Rencontrez-nous en ligne et passez votre commande d\u00e8s aujourd'hui.","robots":{"index":"index","follow":"follow","max-snippet":"max-snippet:-1","max-image-preview":"max-image-preview:large","max-video-preview":"max-video-preview:-1"},"canonical":"https:\/\/herbelegale.com\/nl\/product\/ijshasj-uit-alaska\/","og_locale":"nl_BE","og_type":"article","og_title":"Achetez du haschisch glac\u00e9 d'Alaska en ligne","og_description":"C'est le meilleur moment pour visiter notre boutique en ligne et acheter du haschisch de glace d'Alaska en ligne. Nous avons du haschisch de glace d'Alaska de haute qualit\u00e9 \u00e0 vendre ici au prix le plus abordable. Rencontrez-nous en ligne et passez votre commande d\u00e8s aujourd'hui.","og_url":"https:\/\/herbelegale.com\/nl\/product\/ijshasj-uit-alaska\/","og_site_name":"Herbe L\u00e9gale","article_modified_time":"2025-07-18T10:54:40+00:00","og_image":[{"width":600,"height":600,"url":"https:\/\/herbelegale.com\/wp-content\/uploads\/2023\/09\/Alaskan-Ice-Hash-1.jpg","type":"image\/jpeg"}],"twitter_card":"summary_large_image","twitter_misc":{"Geschatte leestijd":"3 minuten"},"schema":{"@context":"https:\/\/schema.org","@graph":[{"@type":"WebPage","@id":"https:\/\/herbelegale.com\/product\/alaskan-ice-hash\/","url":"https:\/\/herbelegale.com\/product\/alaskan-ice-hash\/","name":"Achetez du haschisch glac\u00e9 d'Alaska en ligne","isPartOf":{"@id":"https:\/\/herbelegale.com\/#website"},"primaryImageOfPage":{"@id":"https:\/\/herbelegale.com\/product\/alaskan-ice-hash\/#primaryimage"},"image":{"@id":"https:\/\/herbelegale.com\/product\/alaskan-ice-hash\/#primaryimage"},"thumbnailUrl":"https:\/\/herbelegale.com\/wp-content\/uploads\/2023\/09\/Alaskan-Ice-Hash-1.jpg","datePublished":"2023-09-30T10:32:51+00:00","dateModified":"2025-07-18T10:54:40+00:00","description":"C'est le meilleur moment pour visiter notre boutique en ligne et acheter du haschisch de glace d'Alaska en ligne. Nous avons du haschisch de glace d'Alaska de haute qualit\u00e9 \u00e0 vendre ici au prix le plus abordable. Rencontrez-nous en ligne et passez votre commande d\u00e8s aujourd'hui.","breadcrumb":{"@id":"https:\/\/herbelegale.com\/product\/alaskan-ice-hash\/#breadcrumb"},"inLanguage":"nl-BE","potentialAction":[{"@type":"ReadAction","target":["https:\/\/herbelegale.com\/product\/alaskan-ice-hash\/"]}]},{"@type":"ImageObject","inLanguage":"nl-BE","@id":"https:\/\/herbelegale.com\/product\/alaskan-ice-hash\/#primaryimage","url":"https:\/\/herbelegale.com\/wp-content\/uploads\/2023\/09\/Alaskan-Ice-Hash-1.jpg","contentUrl":"https:\/\/herbelegale.com\/wp-content\/uploads\/2023\/09\/Alaskan-Ice-Hash-1.jpg","width":600,"height":600,"caption":"Alaskan Ice Hash"},{"@type":"BreadcrumbList","@id":"https:\/\/herbelegale.com\/product\/alaskan-ice-hash\/#breadcrumb","itemListElement":[{"@type":"ListItem","position":1,"name":"Home","item":"https:\/\/herbelegale.com\/"},{"@type":"ListItem","position":2,"name":"Boutique","item":"https:\/\/herbelegale.com\/boutique\/"},{"@type":"ListItem","position":3,"name":"Alaskan Ice Hash"}]},{"@type":"WebSite","@id":"https:\/\/herbelegale.com\/#website","url":"https:\/\/herbelegale.com\/","name":"Herbe L\u00e9gale","description":"Acheter de l&#039;herbe en ligne","publisher":{"@id":"https:\/\/herbelegale.com\/#organization"},"potentialAction":[{"@type":"SearchAction","target":{"@type":"EntryPoint","urlTemplate":"https:\/\/herbelegale.com\/?s={search_term_string}"},"query-input":{"@type":"PropertyValueSpecification","valueRequired":true,"valueName":"search_term_string"}}],"inLanguage":"nl-BE"},{"@type":"Organization","@id":"https:\/\/herbelegale.com\/#organization","name":"Herbe L\u00e9gale","url":"https:\/\/herbelegale.com\/","logo":{"@type":"ImageObject","inLanguage":"nl-BE","@id":"https:\/\/herbelegale.com\/#\/schema\/logo\/image\/","url":"https:\/\/herbelegale.com\/wp-content\/uploads\/2023\/10\/logo-1.png","contentUrl":"https:\/\/herbelegale.com\/wp-content\/uploads\/2023\/10\/logo-1.png","width":400,"height":120,"caption":"Herbe L\u00e9gale"},"image":{"@id":"https:\/\/herbelegale.com\/#\/schema\/logo\/image\/"}}]}},"_links":{"self":[{"href":"https:\/\/herbelegale.com\/nl\/wp-json\/wp\/v2\/product\/1365","targetHints":{"allow":["GET"]}}],"collection":[{"href":"https:\/\/herbelegale.com\/nl\/wp-json\/wp\/v2\/product"}],"about":[{"href":"https:\/\/herbelegale.com\/nl\/wp-json\/wp\/v2\/types\/product"}],"replies":[{"embeddable":true,"href":"https:\/\/herbelegale.com\/nl\/wp-json\/wp\/v2\/comments?post=1365"}],"wp:featuredmedia":[{"embeddable":true,"href":"https:\/\/herbelegale.com\/nl\/wp-json\/wp\/v2\/media\/1471"}],"wp:attachment":[{"href":"https:\/\/herbelegale.com\/nl\/wp-json\/wp\/v2\/media?parent=1365"}],"wp:term":[{"taxonomy":"product_brand","embeddable":true,"href":"https:\/\/herbelegale.com\/nl\/wp-json\/wp\/v2\/product_brand?post=1365"},{"taxonomy":"product_cat","embeddable":true,"href":"https:\/\/herbelegale.com\/nl\/wp-json\/wp\/v2\/product_cat?post=1365"},{"taxonomy":"product_tag","embeddable":true,"href":"https:\/\/herbelegale.com\/nl\/wp-json\/wp\/v2\/product_tag?post=1365"}],"curies":[{"name":"wp","href":"https:\/\/api.w.org\/{rel}","templated":true}]}}