{"id":1346,"date":"2023-09-30T10:17:52","date_gmt":"2023-09-30T10:17:52","guid":{"rendered":"https:\/\/nembutalhouse.com\/weed\/?post_type=product&#038;p=1346"},"modified":"2025-07-19T05:09:06","modified_gmt":"2025-07-19T05:09:06","slug":"rolex-hash","status":"publish","type":"product","link":"https:\/\/herbelegale.com\/nl\/product\/rolex-hasj\/","title":{"rendered":"Rolex Haspel"},"content":{"rendered":"<h2><b>Rolex Hash \u2013 De ultieme premium hash-ervaring<\/b><\/h2>\n<h3><b>Introductie van Rolex Hash<\/b><\/h3>\n<p>Le <a href=\"https:\/\/herbelegale.com\/nl\/product\/rolex-hasj\/\">Rolex Haspel<\/a> is meer dan zomaar een cannabisconcentraat - het is een premium, verfijnd product, ontworpen voor veeleisende liefhebbers die op zoek zijn naar een intense, pure en verfijnde ervaring. Bekend om zijn potentie, rijke textuur en diepe aroma's, is Rolex Hash een referentie in de wereld van premium harsen.<\/p>\n<h3><b>Wat is Rolex Hash?<\/b><\/h3>\n<p><a href=\"https:\/\/en.wikipedia.org\/wiki\/Hashish\">Le Rolex Hash<\/a> is een handgemaakte cannabishars, gewonnen uit zorgvuldig gezeefde trichomen van zorgvuldig gekweekte bloemen. De naam roept uitmuntendheid en precisie op, net als het beroemde horlogemerk, en dat is geen toeval: deze hasj biedt consistente kwaliteit, opmerkelijke potentie en uitzonderlijke aromatische finesse.<\/p>\n<p>Met een donkerbruine of zwarte kleur en vaak een zachte, olieachtige textuur, straalt Rolex Hash kruidige, aardse en houtachtige tonen uit, vergezeld door een ontspannend en euforisch effect dat lang aanhoudt.<\/p>\n<h3><b>Veelvoorkomende toepassingen en effecten van Rolex-hash<\/b><\/h3>\n<p>Rolex Hash wordt gewaardeerd om zijn krachtige en evenwichtige effecten, die geschikt zijn voor zowel recreatief als therapeutisch gebruik. Gebruikers zijn op zoek naar:<\/p>\n<ul>\n<li style=\"font-weight: 400;\" aria-level=\"1\">Syv\u00e4 ja v\u00e4lit\u00f6n rentoutuminen&nbsp;<\/li>\n<li style=\"font-weight: 400;\" aria-level=\"1\">En reduktion i stress og angst&nbsp;<\/li>\n<li style=\"font-weight: 400;\" aria-level=\"1\">Kreatywna stymulacja i lepsza koncentracja&nbsp;<\/li>\n<li style=\"font-weight: 400;\" aria-level=\"1\">Bedre s\u00f8vnkvalitet&nbsp;<\/li>\n<li style=\"font-weight: 400;\" aria-level=\"1\">Uczucie delikatnej i d\u0142ugotrwa\u0142ej euforii&nbsp;<\/li>\n<\/ul>\n<h3><b>Consumptiemethoden:<\/b><\/h3>\n<ul>\n<li style=\"font-weight: 400;\" aria-level=\"1\"><span style=\"font-weight: 400;\">Palone w jointcie, fajce lub shishy<\/span>&nbsp;<\/li>\n<li style=\"font-weight: 400;\" aria-level=\"1\"><span style=\"font-weight: 400;\">Spr\u00f8jtes med en passende anordning<\/span>&nbsp;<\/li>\n<li style=\"font-weight: 400;\" aria-level=\"1\"><span style=\"font-weight: 400;\">Zaparzany w gor\u0105cym napoju z t\u0142uszczem<\/span>&nbsp;<\/li>\n<\/ul>\n<h3><b>Juridische status: een overzicht<\/b><\/h3>\n<p>De juridische status van Rolex Hash is afhankelijk van uw land of regio. Op sommige plaatsen is het bezit of de consumptie ervan ten strengste verboden, terwijl andere onder bepaalde voorwaarden recreatief of medisch gebruik toestaan.<\/p>\n<p>Belangrijk: controleer altijd de lokale wetgeving voordat u bestelt of consumeert.<\/p>\n<h3><b>Waarom Rolex Hash online kopen?<\/b><\/h3>\n<p>Als u online bestelt, omzeilt u geografische beperkingen en krijgt u een Rolex Hash tegen een concurrerende prijs, zonder dat u daarvoor de deur uit hoeft.<\/p>\n<p><b>\u00a0Verscheidenheid aan verkopers<\/b><\/p>\n<p>Internet biedt u toegang tot een ruime keuze aan gespecialiseerde verkopers, die verschillende kwaliteiten, herkomsten en prijzen aanbieden. Of u nu op zoek bent naar een goedkope Rolex Hash of een premiumversie, de mogelijkheden zijn eindeloos.<\/p>\n<p><b>Discrete levering<\/b><\/p>\n<p>De beste sites garanderen snelle, discrete en veilige verzending, met een eenvoudige verpakking en een trackingnummer, zodat u helemaal gerust kunt zijn.<\/p>\n<h3><b>Hoe kiest u een betrouwbare verkoper om online een Rolex Hash te kopen?<\/b><\/h3>\n<p><span style=\"font-weight: 400;\">Controleer voordat u bestelt of de site het volgende biedt:<\/span><\/p>\n<ul>\n<li style=\"font-weight: 400;\" aria-level=\"1\">Autentyczne i pozytywne opinie klient\u00f3w&nbsp;<\/li>\n<li style=\"font-weight: 400;\" aria-level=\"1\">Przejrzysto\u015b\u0107 jako\u015bci i pochodzenia haszyszu&nbsp;<\/li>\n<li style=\"font-weight: 400;\" aria-level=\"1\">Sikre betalingsmetoder (kryptovalutaer, kort osv.)&nbsp;<\/li>\n<li style=\"font-weight: 400;\" aria-level=\"1\">Duidelijk verzend- en retourbeleid&nbsp;<\/li>\n<li style=\"font-weight: 400;\" aria-level=\"1\">Responsiv og professionel kundeservice&nbsp;<\/li>\n<\/ul>\n<h3><b>Tip: De beste plek om Rolex Hash online te kopen is vaak een gerenommeerd platform dat gespecialiseerd is in cannabisproducten.<\/b><\/h3>\n<h3><b>Verzendbeleid<\/b><\/h3>\n<p><span style=\"font-weight: 400;\">Un bon vendeur propose :<\/span><\/p>\n<ul>\n<li style=\"font-weight: 400;\" aria-level=\"1\">Szybkie opcje dostawy ze \u015bledzeniem&nbsp;<\/li>\n<li style=\"font-weight: 400;\" aria-level=\"1\">Verpakking die de versheid en integriteit van het product garandeert.&nbsp;<\/li>\n<li style=\"font-weight: 400;\" aria-level=\"1\">Een strikt vertrouwelijkheidsbeleid om de anonimiteit van de klant te waarborgen&nbsp;<\/li>\n<\/ul>\n<h3><b>Risico's en te nemen voorzorgsmaatregelen<\/b><\/h3>\n<p><b>Gezondheidsrisico's<\/b><\/p>\n<p><span style=\"font-weight: 400;\">Zoals elk product dat rijk is aan THC, kan Rolex Hash bijwerkingen veroorzaken:<\/span><\/p>\n<ul>\n<li style=\"font-weight: 400;\" aria-level=\"1\"><span style=\"font-weight: 400;\">Senno\u015b\u0107, sucho\u015b\u0107 w ustach<\/span>&nbsp;<\/li>\n<li style=\"font-weight: 400;\" aria-level=\"1\"><span style=\"font-weight: 400;\">Angst eller paranoia i visse profiler<\/span>&nbsp;<\/li>\n<li style=\"font-weight: 400;\" aria-level=\"1\"><span style=\"font-weight: 400;\">Interakcja z niekt\u00f3rymi lekami<\/span>&nbsp;<\/li>\n<\/ul>\n<h3><b>Aanbevolen voorzorgsmaatregelen:<\/b><\/h3>\n<ul>\n<li style=\"font-weight: 400;\" aria-level=\"1\"><span style=\"font-weight: 400;\">Start med en lille dosis, is\u00e6r hvis du er nybegynder<\/span>&nbsp;<\/li>\n<li style=\"font-weight: 400;\" aria-level=\"1\"><span style=\"font-weight: 400;\">Evitare di guidare o utilizzare macchinari pesanti dopo il consumo<\/span>&nbsp;<\/li>\n<li style=\"font-weight: 400;\" aria-level=\"1\"><span style=\"font-weight: 400;\">Nicht einnehmen, wenn Sie schwanger sind oder sich einer speziellen Behandlung unterziehen.<\/span>&nbsp;<\/li>\n<li style=\"font-weight: 400;\" aria-level=\"1\"><span style=\"font-weight: 400;\">Raadpleeg bij twijfel een zorgverlener<\/span>&nbsp;<\/li>\n<\/ul>\n<h3><b>Conclusie: Trakteer uzelf op uitmuntendheid \u2013 zonder uw huis te verlaten<\/b><\/h3>\n<p>Online een Rolex Hash bestellen betekent kiezen voor elegantie en kracht, in alle discretie. Dankzij een gevarieerde selectie, betrouwbare verkopers en anonieme bezorgdiensten was het nog nooit zo gemakkelijk om toegang te krijgen tot zo'n gewild product.<\/p>\n<p>Avant tout achat, v\u00e9rifiez les lois de votre pays, et prenez vos pr\u00e9cautions pour un usage s\u00e9curis\u00e9, l\u00e9gal et responsable.<\/p>","protected":false},"excerpt":{"rendered":"<p>Rolex Hash \u2013 L\u2019exp\u00e9rience ultime du hash haut de gamme Introduction au Rolex Hash Le Rolex Hash est bien plus qu\u2019un simple concentr\u00e9 de cannabis \u2014 c\u2019est un produit haut de gamme, raffin\u00e9, con\u00e7u pour les amateurs exigeants \u00e0 la recherche d\u2019une exp\u00e9rience intense, pure et sophistiqu\u00e9e. Reconnu pour sa puissance, sa texture riche et&#8230;<\/p>","protected":false},"featured_media":1468,"comment_status":"open","ping_status":"closed","template":"","meta":{"_kadence_starter_templates_imported_post":false,"_kad_post_transparent":"default","_kad_post_title":"","_kad_post_layout":"default","_kad_post_sidebar_id":"","_kad_post_content_style":"default","_kad_post_vertical_padding":"default","_kad_post_feature":"","_kad_post_feature_position":"","_kad_post_header":false,"_kad_post_footer":false,"_joinchat":[]},"product_brand":[],"product_cat":[31],"product_tag":[],"class_list":{"0":"post-1346","1":"product","2":"type-product","3":"status-publish","4":"has-post-thumbnail","6":"product_cat-haschisch","8":"first","9":"instock","10":"shipping-taxable","11":"purchasable","12":"product-type-variable","13":"entry","14":"content-bg","15":"loop-entry"},"yoast_head":"<!-- This site is optimized with the Yoast SEO plugin v23.5 - https:\/\/yoast.com\/wordpress\/plugins\/seo\/ -->\n<title>Achetez du hachage Rolex en ligne - Vente de hachage Rolex - Commandez du hachage Rolex 5Ca<\/title>\n<meta name=\"description\" content=\"Vous pouvez entrer en contact avec notre boutique en ligne Herbelegale et acheter du Rolex Hash en ligne. Vous pouvez obtenir du Rolex Hash \u00e0 vendre \u00e0 des prix bon march\u00e9. Passez commande tout de suite !\" \/>\n<meta name=\"robots\" content=\"index, follow, max-snippet:-1, max-image-preview:large, max-video-preview:-1\" \/>\n<link rel=\"canonical\" href=\"https:\/\/herbelegale.com\/nl\/product\/rolex-hasj\/\" \/>\n<meta property=\"og:locale\" content=\"nl_BE\" \/>\n<meta property=\"og:type\" content=\"article\" \/>\n<meta property=\"og:title\" content=\"Achetez du hachage Rolex en ligne - Vente de hachage Rolex - Commandez du hachage Rolex 5Ca\" \/>\n<meta property=\"og:description\" content=\"Vous pouvez entrer en contact avec notre boutique en ligne Herbelegale et acheter du Rolex Hash en ligne. Vous pouvez obtenir du Rolex Hash \u00e0 vendre \u00e0 des prix bon march\u00e9. Passez commande tout de suite !\" \/>\n<meta property=\"og:url\" content=\"https:\/\/herbelegale.com\/nl\/product\/rolex-hasj\/\" \/>\n<meta property=\"og:site_name\" content=\"Herbe L\u00e9gale\" \/>\n<meta property=\"article:modified_time\" content=\"2025-07-19T05:09:06+00:00\" \/>\n<meta property=\"og:image\" content=\"https:\/\/herbelegale.com\/wp-content\/uploads\/2023\/09\/Rolex-Hash-1.jpg\" \/>\n\t<meta property=\"og:image:width\" content=\"600\" \/>\n\t<meta property=\"og:image:height\" content=\"600\" \/>\n\t<meta property=\"og:image:type\" content=\"image\/jpeg\" \/>\n<meta name=\"twitter:card\" content=\"summary_large_image\" \/>\n<meta name=\"twitter:label1\" content=\"Geschatte leestijd\" \/>\n\t<meta name=\"twitter:data1\" content=\"4 minuten\" \/>\n<script type=\"application\/ld+json\" class=\"yoast-schema-graph\">{\"@context\":\"https:\/\/schema.org\",\"@graph\":[{\"@type\":\"WebPage\",\"@id\":\"https:\/\/herbelegale.com\/product\/rolex-hash\/\",\"url\":\"https:\/\/herbelegale.com\/product\/rolex-hash\/\",\"name\":\"Achetez du hachage Rolex en ligne - Vente de hachage Rolex - Commandez du hachage Rolex 5Ca\",\"isPartOf\":{\"@id\":\"https:\/\/herbelegale.com\/#website\"},\"primaryImageOfPage\":{\"@id\":\"https:\/\/herbelegale.com\/product\/rolex-hash\/#primaryimage\"},\"image\":{\"@id\":\"https:\/\/herbelegale.com\/product\/rolex-hash\/#primaryimage\"},\"thumbnailUrl\":\"https:\/\/herbelegale.com\/wp-content\/uploads\/2023\/09\/Rolex-Hash-1.jpg\",\"datePublished\":\"2023-09-30T10:17:52+00:00\",\"dateModified\":\"2025-07-19T05:09:06+00:00\",\"description\":\"Vous pouvez entrer en contact avec notre boutique en ligne Herbelegale et acheter du Rolex Hash en ligne. Vous pouvez obtenir du Rolex Hash \u00e0 vendre \u00e0 des prix bon march\u00e9. Passez commande tout de suite !\",\"breadcrumb\":{\"@id\":\"https:\/\/herbelegale.com\/product\/rolex-hash\/#breadcrumb\"},\"inLanguage\":\"nl-BE\",\"potentialAction\":[{\"@type\":\"ReadAction\",\"target\":[\"https:\/\/herbelegale.com\/product\/rolex-hash\/\"]}]},{\"@type\":\"ImageObject\",\"inLanguage\":\"nl-BE\",\"@id\":\"https:\/\/herbelegale.com\/product\/rolex-hash\/#primaryimage\",\"url\":\"https:\/\/herbelegale.com\/wp-content\/uploads\/2023\/09\/Rolex-Hash-1.jpg\",\"contentUrl\":\"https:\/\/herbelegale.com\/wp-content\/uploads\/2023\/09\/Rolex-Hash-1.jpg\",\"width\":600,\"height\":600,\"caption\":\"Rolex Hash\"},{\"@type\":\"BreadcrumbList\",\"@id\":\"https:\/\/herbelegale.com\/product\/rolex-hash\/#breadcrumb\",\"itemListElement\":[{\"@type\":\"ListItem\",\"position\":1,\"name\":\"Home\",\"item\":\"https:\/\/herbelegale.com\/\"},{\"@type\":\"ListItem\",\"position\":2,\"name\":\"Boutique\",\"item\":\"https:\/\/herbelegale.com\/boutique\/\"},{\"@type\":\"ListItem\",\"position\":3,\"name\":\"Rolex Hash\"}]},{\"@type\":\"WebSite\",\"@id\":\"https:\/\/herbelegale.com\/#website\",\"url\":\"https:\/\/herbelegale.com\/\",\"name\":\"Herbe L\u00e9gale\",\"description\":\"Acheter de l&#039;herbe en ligne\",\"publisher\":{\"@id\":\"https:\/\/herbelegale.com\/#organization\"},\"potentialAction\":[{\"@type\":\"SearchAction\",\"target\":{\"@type\":\"EntryPoint\",\"urlTemplate\":\"https:\/\/herbelegale.com\/?s={search_term_string}\"},\"query-input\":{\"@type\":\"PropertyValueSpecification\",\"valueRequired\":true,\"valueName\":\"search_term_string\"}}],\"inLanguage\":\"nl-BE\"},{\"@type\":\"Organization\",\"@id\":\"https:\/\/herbelegale.com\/#organization\",\"name\":\"Herbe L\u00e9gale\",\"url\":\"https:\/\/herbelegale.com\/\",\"logo\":{\"@type\":\"ImageObject\",\"inLanguage\":\"nl-BE\",\"@id\":\"https:\/\/herbelegale.com\/#\/schema\/logo\/image\/\",\"url\":\"https:\/\/herbelegale.com\/wp-content\/uploads\/2023\/10\/logo-1.png\",\"contentUrl\":\"https:\/\/herbelegale.com\/wp-content\/uploads\/2023\/10\/logo-1.png\",\"width\":400,\"height\":120,\"caption\":\"Herbe L\u00e9gale\"},\"image\":{\"@id\":\"https:\/\/herbelegale.com\/#\/schema\/logo\/image\/\"}}]}<\/script>\n<!-- \/ Yoast SEO plugin. -->","yoast_head_json":{"title":"Achetez du hachage Rolex en ligne - Vente de hachage Rolex - Commandez du hachage Rolex 5Ca","description":"Vous pouvez entrer en contact avec notre boutique en ligne Herbelegale et acheter du Rolex Hash en ligne. Vous pouvez obtenir du Rolex Hash \u00e0 vendre \u00e0 des prix bon march\u00e9. Passez commande tout de suite !","robots":{"index":"index","follow":"follow","max-snippet":"max-snippet:-1","max-image-preview":"max-image-preview:large","max-video-preview":"max-video-preview:-1"},"canonical":"https:\/\/herbelegale.com\/nl\/product\/rolex-hasj\/","og_locale":"nl_BE","og_type":"article","og_title":"Achetez du hachage Rolex en ligne - Vente de hachage Rolex - Commandez du hachage Rolex 5Ca","og_description":"Vous pouvez entrer en contact avec notre boutique en ligne Herbelegale et acheter du Rolex Hash en ligne. Vous pouvez obtenir du Rolex Hash \u00e0 vendre \u00e0 des prix bon march\u00e9. Passez commande tout de suite !","og_url":"https:\/\/herbelegale.com\/nl\/product\/rolex-hasj\/","og_site_name":"Herbe L\u00e9gale","article_modified_time":"2025-07-19T05:09:06+00:00","og_image":[{"width":600,"height":600,"url":"https:\/\/herbelegale.com\/wp-content\/uploads\/2023\/09\/Rolex-Hash-1.jpg","type":"image\/jpeg"}],"twitter_card":"summary_large_image","twitter_misc":{"Geschatte leestijd":"4 minuten"},"schema":{"@context":"https:\/\/schema.org","@graph":[{"@type":"WebPage","@id":"https:\/\/herbelegale.com\/product\/rolex-hash\/","url":"https:\/\/herbelegale.com\/product\/rolex-hash\/","name":"Achetez du hachage Rolex en ligne - Vente de hachage Rolex - Commandez du hachage Rolex 5Ca","isPartOf":{"@id":"https:\/\/herbelegale.com\/#website"},"primaryImageOfPage":{"@id":"https:\/\/herbelegale.com\/product\/rolex-hash\/#primaryimage"},"image":{"@id":"https:\/\/herbelegale.com\/product\/rolex-hash\/#primaryimage"},"thumbnailUrl":"https:\/\/herbelegale.com\/wp-content\/uploads\/2023\/09\/Rolex-Hash-1.jpg","datePublished":"2023-09-30T10:17:52+00:00","dateModified":"2025-07-19T05:09:06+00:00","description":"Vous pouvez entrer en contact avec notre boutique en ligne Herbelegale et acheter du Rolex Hash en ligne. Vous pouvez obtenir du Rolex Hash \u00e0 vendre \u00e0 des prix bon march\u00e9. Passez commande tout de suite !","breadcrumb":{"@id":"https:\/\/herbelegale.com\/product\/rolex-hash\/#breadcrumb"},"inLanguage":"nl-BE","potentialAction":[{"@type":"ReadAction","target":["https:\/\/herbelegale.com\/product\/rolex-hash\/"]}]},{"@type":"ImageObject","inLanguage":"nl-BE","@id":"https:\/\/herbelegale.com\/product\/rolex-hash\/#primaryimage","url":"https:\/\/herbelegale.com\/wp-content\/uploads\/2023\/09\/Rolex-Hash-1.jpg","contentUrl":"https:\/\/herbelegale.com\/wp-content\/uploads\/2023\/09\/Rolex-Hash-1.jpg","width":600,"height":600,"caption":"Rolex Hash"},{"@type":"BreadcrumbList","@id":"https:\/\/herbelegale.com\/product\/rolex-hash\/#breadcrumb","itemListElement":[{"@type":"ListItem","position":1,"name":"Home","item":"https:\/\/herbelegale.com\/"},{"@type":"ListItem","position":2,"name":"Boutique","item":"https:\/\/herbelegale.com\/boutique\/"},{"@type":"ListItem","position":3,"name":"Rolex Hash"}]},{"@type":"WebSite","@id":"https:\/\/herbelegale.com\/#website","url":"https:\/\/herbelegale.com\/","name":"Herbe L\u00e9gale","description":"Acheter de l&#039;herbe en ligne","publisher":{"@id":"https:\/\/herbelegale.com\/#organization"},"potentialAction":[{"@type":"SearchAction","target":{"@type":"EntryPoint","urlTemplate":"https:\/\/herbelegale.com\/?s={search_term_string}"},"query-input":{"@type":"PropertyValueSpecification","valueRequired":true,"valueName":"search_term_string"}}],"inLanguage":"nl-BE"},{"@type":"Organization","@id":"https:\/\/herbelegale.com\/#organization","name":"Herbe L\u00e9gale","url":"https:\/\/herbelegale.com\/","logo":{"@type":"ImageObject","inLanguage":"nl-BE","@id":"https:\/\/herbelegale.com\/#\/schema\/logo\/image\/","url":"https:\/\/herbelegale.com\/wp-content\/uploads\/2023\/10\/logo-1.png","contentUrl":"https:\/\/herbelegale.com\/wp-content\/uploads\/2023\/10\/logo-1.png","width":400,"height":120,"caption":"Herbe L\u00e9gale"},"image":{"@id":"https:\/\/herbelegale.com\/#\/schema\/logo\/image\/"}}]}},"_links":{"self":[{"href":"https:\/\/herbelegale.com\/nl\/wp-json\/wp\/v2\/product\/1346","targetHints":{"allow":["GET"]}}],"collection":[{"href":"https:\/\/herbelegale.com\/nl\/wp-json\/wp\/v2\/product"}],"about":[{"href":"https:\/\/herbelegale.com\/nl\/wp-json\/wp\/v2\/types\/product"}],"replies":[{"embeddable":true,"href":"https:\/\/herbelegale.com\/nl\/wp-json\/wp\/v2\/comments?post=1346"}],"wp:featuredmedia":[{"embeddable":true,"href":"https:\/\/herbelegale.com\/nl\/wp-json\/wp\/v2\/media\/1468"}],"wp:attachment":[{"href":"https:\/\/herbelegale.com\/nl\/wp-json\/wp\/v2\/media?parent=1346"}],"wp:term":[{"taxonomy":"product_brand","embeddable":true,"href":"https:\/\/herbelegale.com\/nl\/wp-json\/wp\/v2\/product_brand?post=1346"},{"taxonomy":"product_cat","embeddable":true,"href":"https:\/\/herbelegale.com\/nl\/wp-json\/wp\/v2\/product_cat?post=1346"},{"taxonomy":"product_tag","embeddable":true,"href":"https:\/\/herbelegale.com\/nl\/wp-json\/wp\/v2\/product_tag?post=1346"}],"curies":[{"name":"wp","href":"https:\/\/api.w.org\/{rel}","templated":true}]}}