{"id":110,"date":"2023-09-22T11:06:27","date_gmt":"2023-09-22T11:06:27","guid":{"rendered":"https:\/\/nembutalhouse.com\/weed\/?post_type=product&#038;p=110"},"modified":"2025-06-14T11:09:53","modified_gmt":"2025-06-14T11:09:53","slug":"grand-daddy-purple","status":"publish","type":"product","link":"https:\/\/herbelegale.com\/nl\/product\/grootvader-paars\/","title":{"rendered":"Grootvader Paars"},"content":{"rendered":"<h2><b>Koop Grand Daddy Purple online: legendarische ontspanning bij u thuisbezorgd<\/b><\/h2>\n<p><span style=\"font-weight: 400;\">Er zijn maar weinig cannabissoorten zo iconisch als <\/span><a href=\"https:\/\/herbelegale.com\/nl\/product\/grootvader-paars\/\"><b>Grootvader Paars<\/b><\/a><span style=\"font-weight: 400;\"> (ook bekend als GDP). Beroemd om zijn dieppaarse tinten, krachtige lichamelijke effecten en zoete druiven- en bessenaroma, is deze legendarische indicasoort een populaire keuze geworden voor ontspanningszoekers. Tegenwoordig kiezen steeds meer consumenten ervoor om, met de opkomst van online platforms,<\/span><b>acheter Grand Daddy Purple en ligne<\/b><span style=\"font-weight: 400;\">, et de recevoir cette vari\u00e9t\u00e9 premium directement \u00e0 domicile.<\/span><\/p>\n<h3><b>De opkomst van online cannabisbezorging: van boerenmarkten tot aan de deur<\/b><\/h3>\n<p><span style=\"font-weight: 400;\">Ooit was het alleen voorbehouden aan lokale apotheken, maar de cannabiswinkelervaring is nu volledig digitaal. Of je nu in een grote stad of op het platteland woont, online bestellen was nog nooit zo makkelijk. Waarom deze verandering?<\/span><\/p>\n<ul>\n<li style=\"font-weight: 400;\" aria-level=\"1\"><span style=\"font-weight: 400;\">Levering <\/span><b>discreet en vertrouwelijk<\/b><b>\n<p><\/b><\/li>\n<li style=\"font-weight: 400;\" aria-level=\"1\"><b>Meer keuzes<\/b><span style=\"font-weight: 400;\"> onder de beschikbare vari\u00ebteiten<\/span><span style=\"font-weight: 400;\">\n<p><\/span><\/li>\n<li style=\"font-weight: 400;\" aria-level=\"1\"><span style=\"font-weight: 400;\">Toegang tot <\/span><b>Grand Daddy Purple te koop<\/b><span style=\"font-weight: 400;\"> van vertrouwde producenten<\/span><span style=\"font-weight: 400;\">\n<p><\/span><\/li>\n<\/ul>\n<h3><b>Waarom steeds meer mensen Grand Daddy Purple online kopen<\/b><\/h3>\n<p><span style=\"font-weight: 400;\">De explosie van e-commerce heeft cannabis toegankelijker dan ooit gemaakt. Mensen geven nu de voorkeur aan <\/span><a href=\"https:\/\/en.wikipedia.org\/wiki\/Talk%3AGranddaddy_Purple_(GDP)?redirect=no\"><b>Bestel Grand Daddy Purple online<\/b><\/a><span style=\"font-weight: 400;\"> om verschillende redenen:<\/span><\/p>\n<ul>\n<li style=\"font-weight: 400;\" aria-level=\"1\"><span style=\"font-weight: 400;\">Verlichting van chronische pijn of slapeloosheid<\/span><span style=\"font-weight: 400;\">\n<p><\/span><\/li>\n<li style=\"font-weight: 400;\" aria-level=\"1\"><span style=\"font-weight: 400;\">Verlichting van chronische pijn of slapeloosheid<\/span><span style=\"font-weight: 400;\">\n<p><\/span><\/li>\n<li style=\"font-weight: 400;\" aria-level=\"1\"><span style=\"font-weight: 400;\">Toegang tot een <\/span><b>Grand Daddy Purple prijs goedkoop<\/b><span style=\"font-weight: 400;\"> met gecontroleerde kwaliteit<\/span><span style=\"font-weight: 400;\">\n<p><\/span><\/li>\n<\/ul>\n<h3><b>Wat maakt een overgrootvader paars?<\/b><\/h3>\n<p><span style=\"font-weight: 400;\">Niet alle bbp's zijn gelijk. Hier moet je op letten:<\/span><\/p>\n<ul>\n<li style=\"font-weight: 400;\" aria-level=\"1\"><b>Uiterlijk en trichomen<\/b><span style=\"font-weight: 400;\"> : Intens paarse bloemen, bedekt met kristallen<\/span><span style=\"font-weight: 400;\">\n<p><\/span><\/li>\n<li style=\"font-weight: 400;\" aria-level=\"1\"><b>Aroma<\/b><span style=\"font-weight: 400;\"> : Zoete tonen van druiven, bessen, met een aardse toets<\/span><span style=\"font-weight: 400;\">\n<p><\/span><\/li>\n<li style=\"font-weight: 400;\" aria-level=\"1\"><b>Effecten<\/b><span style=\"font-weight: 400;\"> : Diepe lichaamsontspanning, zonder overmatige sedatie<\/span><span style=\"font-weight: 400;\">\n<p><\/span><\/li>\n<li style=\"font-weight: 400;\" aria-level=\"1\"><b>Versheid<\/b><span style=\"font-weight: 400;\"> : Plakkerige, zoetgeurende toppen \u2014 nooit droog of muf<\/span><span style=\"font-weight: 400;\">\n<p><\/span><\/li>\n<\/ul>\n<h3><b>Top 5 beste plekken om Grand Daddy Purple online te kopen (met voor- en nadelen)<\/b><\/h3>\n<ol>\n<li style=\"font-weight: 400;\" aria-level=\"1\"><b>Leafly-netwerk<\/b><b><br \/>\n<\/b><span style=\"font-weight: 400;\"> \u2705 Gecertificeerde verkopers, in het laboratorium geteste producten<\/span><span style=\"font-weight: 400;\"><br \/>\n<\/span><span style=\"font-weight: 400;\"> \u274c Afhankelijk van lokale wetgeving<\/span><span style=\"font-weight: 400;\"><\/p>\n<p><\/span><\/li>\n<li style=\"font-weight: 400;\" aria-level=\"1\"><b>Boetieks Weedmaps<\/b><b><br \/>\n<\/b><span style=\"font-weight: 400;\"> \u2705 Klantbeoordelingen en menu's van lokale apotheken<\/span><span style=\"font-weight: 400;\"><br \/>\n<\/span><span style=\"font-weight: 400;\"> \u274c Geen nationale bezorging<\/span><span style=\"font-weight: 400;\"><\/p>\n<p><\/span><\/li>\n<li style=\"font-weight: 400;\" aria-level=\"1\"><b>Budmail (Canada)<\/b><b><br \/>\n<\/b><span style=\"font-weight: 400;\"> \u2705 Snelle en discrete levering<\/span><span style=\"font-weight: 400;\"><br \/>\n<\/span><span style=\"font-weight: 400;\"> \u274c Gereserveerd voor de Canadese markt<\/span><span style=\"font-weight: 400;\"><\/p>\n<p><\/span><\/li>\n<li style=\"font-weight: 400;\" aria-level=\"1\"><b>Etsy-stijl marktplaatsen (wettelijke staten)<\/b><b><br \/>\n<\/b><span style=\"font-weight: 400;\"> \u2705 Kleinschalige ambachtelijke producenten<\/span><span style=\"font-weight: 400;\"><br \/>\n<\/span><span style=\"font-weight: 400;\"> \u274c Variabele kopersbescherming<\/span><span style=\"font-weight: 400;\"><\/p>\n<p><\/span><\/li>\n<li style=\"font-weight: 400;\" aria-level=\"1\"><b>Goedgekeurde priv\u00e9sites (bijv. GrandDaddyPurp.com)<\/b><b><br \/>\n<\/b><span style=\"font-weight: 400;\"> \u2705 Rechtstreeks van de producent, vaak verser<\/span><span style=\"font-weight: 400;\"><br \/>\n<\/span><span style=\"font-weight: 400;\"> \u274c Minimale bestelling soms hoog<\/span><span style=\"font-weight: 400;\"><\/p>\n<p><\/span><\/li>\n<\/ol>\n<p><span style=\"font-weight: 400;\">Je zoekt naar de <\/span><b>meilleur endroit pour acheter Grand Daddy Purple en ligne<\/b><span style=\"font-weight: 400;\"> Kies altijd bronnen met laboratoriumtests en geverifieerde beoordelingen.<\/span><\/p>\n<h3><b>Waar u op moet letten voordat u bestelt<\/b><\/h3>\n<ul>\n<li style=\"font-weight: 400;\" aria-level=\"1\"><span style=\"font-weight: 400;\">\u2705 <\/span><b>Leveringsvoorwaarden<\/b><span style=\"font-weight: 400;\"> : Vacu\u00fcmverpakking en hittebescherming<\/span><span style=\"font-weight: 400;\">\n<p><\/span><\/li>\n<li style=\"font-weight: 400;\" aria-level=\"1\"><span style=\"font-weight: 400;\">\u2705 <\/span><b>Gwarancja \u015bwie\u017co\u015bci<\/b><span style=\"font-weight: 400;\"> : De bestsellers garanderen hun product<\/span><span style=\"font-weight: 400;\">\n<p><\/span><\/li>\n<li style=\"font-weight: 400;\" aria-level=\"1\"><span style=\"font-weight: 400;\">\u2705 <\/span><b>Ingredi\u00ebnttransparantie<\/b><span style=\"font-weight: 400;\"> : Zoek naar bloemen die vrij zijn van pesticiden en in een laboratorium zijn getest<\/span><span style=\"font-weight: 400;\">\n<p><\/span><\/li>\n<li style=\"font-weight: 400;\" aria-level=\"1\"><span style=\"font-weight: 400;\">\u2705 <\/span><b>(4 beoordelingen van klanten)<\/b><span style=\"font-weight: 400;\"> : Les retours authentiques sont essentiels pour juger la qualit\u00e9<\/span><span style=\"font-weight: 400;\">\n<p><\/span><\/li>\n<\/ul>\n<h3><b>Hoe Grand Daddy Purple te bewaren, consumeren en ervan te genieten<\/b><\/h3>\n<ul>\n<li style=\"font-weight: 400;\" aria-level=\"1\"><b>Bevarelse<\/b><span style=\"font-weight: 400;\"> : Bewaar uit de buurt van licht en vocht, in een luchtdichte glazen pot<\/span><span style=\"font-weight: 400;\">\n<p><\/span><\/li>\n<li style=\"font-weight: 400;\" aria-level=\"1\"><b>Mode de consommation<\/b><span style=\"font-weight: 400;\"> : Ideaal in vaporizer, pijp of opgerold<\/span><span style=\"font-weight: 400;\">\n<p><\/span><\/li>\n<li style=\"font-weight: 400;\" aria-level=\"1\"><b>Conseil d\u2019usage<\/b><span style=\"font-weight: 400;\"> : Perfect voor een avondje of om te ontspannen na een stressvolle dag<\/span><span style=\"font-weight: 400;\">\n<p><\/span><\/li>\n<\/ul>\n<h3><b>Conclusie: Trakteer uzelf op luxe ontspanning zonder uw huis te verlaten<\/b><\/h3>\n<p><span style=\"font-weight: 400;\">Grand Daddy Purple online bestellen betekent genieten van een cultsoort met eenvoudige, snelle en veilige toegang. Of je nu een ervaren of beginnende gebruiker bent, deze legendarische indica belooft een moment van absolute rust \u2013 zorgvuldig bij je thuisbezorgd.<\/span><\/p>","protected":false},"excerpt":{"rendered":"<p>Acheter Grand Daddy Purple en ligne : Une relaxation l\u00e9gendaire livr\u00e9e chez vous Peu de vari\u00e9t\u00e9s de cannabis sont aussi embl\u00e9matiques que Grand Daddy Purple (aussi appel\u00e9 GDP). C\u00e9l\u00e8bre pour ses teintes violettes profondes, ses effets puissants sur le corps et son ar\u00f4me sucr\u00e9 de raisin et de baies, cette vari\u00e9t\u00e9 indica l\u00e9gendaire est devenue&#8230;<\/p>","protected":false},"featured_media":1449,"comment_status":"open","ping_status":"closed","template":"","meta":{"_kadence_starter_templates_imported_post":false,"_kad_post_transparent":"default","_kad_post_title":"","_kad_post_layout":"default","_kad_post_sidebar_id":"","_kad_post_content_style":"default","_kad_post_vertical_padding":"default","_kad_post_feature":"","_kad_post_feature_position":"","_kad_post_header":false,"_kad_post_footer":false,"_joinchat":[]},"product_brand":[],"product_cat":[17],"product_tag":[],"class_list":{"0":"post-110","1":"product","2":"type-product","3":"status-publish","4":"has-post-thumbnail","6":"product_cat-canabis-en-ligne","8":"first","9":"instock","10":"shipping-taxable","11":"purchasable","12":"product-type-variable","13":"entry","14":"content-bg","15":"loop-entry"},"yoast_head":"<!-- This site is optimized with the Yoast SEO plugin v23.5 - https:\/\/yoast.com\/wordpress\/plugins\/seo\/ -->\n<title>Achetez Grand Daddy Purple en ligne - Grand Daddy Purple \u00e0 vendre<\/title>\n<meta name=\"description\" content=\"C&#039;est le meilleur moment pour visiter notre boutique en ligne d&#039;herbelegale et acheter Grand Daddy Purple en ligne. Nous avons Grand Daddy Purple \u00e0 vendre ici. Rencontrez-nous en ligne et passez votre commande d\u00e8s aujourd&#039;hui !\" \/>\n<meta name=\"robots\" content=\"index, follow, max-snippet:-1, max-image-preview:large, max-video-preview:-1\" \/>\n<link rel=\"canonical\" href=\"https:\/\/herbelegale.com\/nl\/product\/grootvader-paars\/\" \/>\n<meta property=\"og:locale\" content=\"nl_BE\" \/>\n<meta property=\"og:type\" content=\"article\" \/>\n<meta property=\"og:title\" content=\"Achetez Grand Daddy Purple en ligne - Grand Daddy Purple \u00e0 vendre\" \/>\n<meta property=\"og:description\" content=\"C&#039;est le meilleur moment pour visiter notre boutique en ligne d&#039;herbelegale et acheter Grand Daddy Purple en ligne. Nous avons Grand Daddy Purple \u00e0 vendre ici. Rencontrez-nous en ligne et passez votre commande d\u00e8s aujourd&#039;hui !\" \/>\n<meta property=\"og:url\" content=\"https:\/\/herbelegale.com\/nl\/product\/grootvader-paars\/\" \/>\n<meta property=\"og:site_name\" content=\"Herbe L\u00e9gale\" \/>\n<meta property=\"article:modified_time\" content=\"2025-06-14T11:09:53+00:00\" \/>\n<meta property=\"og:image\" content=\"https:\/\/herbelegale.com\/wp-content\/uploads\/2023\/09\/Grand-Daddy-Purple.jpg\" \/>\n\t<meta property=\"og:image:width\" content=\"960\" \/>\n\t<meta property=\"og:image:height\" content=\"1280\" \/>\n\t<meta property=\"og:image:type\" content=\"image\/jpeg\" \/>\n<meta name=\"twitter:card\" content=\"summary_large_image\" \/>\n<meta name=\"twitter:label1\" content=\"Geschatte leestijd\" \/>\n\t<meta name=\"twitter:data1\" content=\"3 minuten\" \/>\n<script type=\"application\/ld+json\" class=\"yoast-schema-graph\">{\"@context\":\"https:\/\/schema.org\",\"@graph\":[{\"@type\":\"WebPage\",\"@id\":\"https:\/\/herbelegale.com\/product\/grand-daddy-purple\/\",\"url\":\"https:\/\/herbelegale.com\/product\/grand-daddy-purple\/\",\"name\":\"Achetez Grand Daddy Purple en ligne - Grand Daddy Purple \u00e0 vendre\",\"isPartOf\":{\"@id\":\"https:\/\/herbelegale.com\/#website\"},\"primaryImageOfPage\":{\"@id\":\"https:\/\/herbelegale.com\/product\/grand-daddy-purple\/#primaryimage\"},\"image\":{\"@id\":\"https:\/\/herbelegale.com\/product\/grand-daddy-purple\/#primaryimage\"},\"thumbnailUrl\":\"https:\/\/herbelegale.com\/wp-content\/uploads\/2023\/09\/Grand-Daddy-Purple.jpg\",\"datePublished\":\"2023-09-22T11:06:27+00:00\",\"dateModified\":\"2025-06-14T11:09:53+00:00\",\"description\":\"C'est le meilleur moment pour visiter notre boutique en ligne d'herbelegale et acheter Grand Daddy Purple en ligne. Nous avons Grand Daddy Purple \u00e0 vendre ici. Rencontrez-nous en ligne et passez votre commande d\u00e8s aujourd'hui !\",\"breadcrumb\":{\"@id\":\"https:\/\/herbelegale.com\/product\/grand-daddy-purple\/#breadcrumb\"},\"inLanguage\":\"nl-BE\",\"potentialAction\":[{\"@type\":\"ReadAction\",\"target\":[\"https:\/\/herbelegale.com\/product\/grand-daddy-purple\/\"]}]},{\"@type\":\"ImageObject\",\"inLanguage\":\"nl-BE\",\"@id\":\"https:\/\/herbelegale.com\/product\/grand-daddy-purple\/#primaryimage\",\"url\":\"https:\/\/herbelegale.com\/wp-content\/uploads\/2023\/09\/Grand-Daddy-Purple.jpg\",\"contentUrl\":\"https:\/\/herbelegale.com\/wp-content\/uploads\/2023\/09\/Grand-Daddy-Purple.jpg\",\"width\":960,\"height\":1280,\"caption\":\"Grand Daddy Purple\"},{\"@type\":\"BreadcrumbList\",\"@id\":\"https:\/\/herbelegale.com\/product\/grand-daddy-purple\/#breadcrumb\",\"itemListElement\":[{\"@type\":\"ListItem\",\"position\":1,\"name\":\"Home\",\"item\":\"https:\/\/herbelegale.com\/\"},{\"@type\":\"ListItem\",\"position\":2,\"name\":\"Boutique\",\"item\":\"https:\/\/herbelegale.com\/boutique\/\"},{\"@type\":\"ListItem\",\"position\":3,\"name\":\"Grand Daddy Purple\"}]},{\"@type\":\"WebSite\",\"@id\":\"https:\/\/herbelegale.com\/#website\",\"url\":\"https:\/\/herbelegale.com\/\",\"name\":\"Herbe L\u00e9gale\",\"description\":\"Acheter de l&#039;herbe en ligne\",\"publisher\":{\"@id\":\"https:\/\/herbelegale.com\/#organization\"},\"potentialAction\":[{\"@type\":\"SearchAction\",\"target\":{\"@type\":\"EntryPoint\",\"urlTemplate\":\"https:\/\/herbelegale.com\/?s={search_term_string}\"},\"query-input\":{\"@type\":\"PropertyValueSpecification\",\"valueRequired\":true,\"valueName\":\"search_term_string\"}}],\"inLanguage\":\"nl-BE\"},{\"@type\":\"Organization\",\"@id\":\"https:\/\/herbelegale.com\/#organization\",\"name\":\"Herbe L\u00e9gale\",\"url\":\"https:\/\/herbelegale.com\/\",\"logo\":{\"@type\":\"ImageObject\",\"inLanguage\":\"nl-BE\",\"@id\":\"https:\/\/herbelegale.com\/#\/schema\/logo\/image\/\",\"url\":\"https:\/\/herbelegale.com\/wp-content\/uploads\/2023\/10\/logo-1.png\",\"contentUrl\":\"https:\/\/herbelegale.com\/wp-content\/uploads\/2023\/10\/logo-1.png\",\"width\":400,\"height\":120,\"caption\":\"Herbe L\u00e9gale\"},\"image\":{\"@id\":\"https:\/\/herbelegale.com\/#\/schema\/logo\/image\/\"}}]}<\/script>\n<!-- \/ Yoast SEO plugin. -->","yoast_head_json":{"title":"Achetez Grand Daddy Purple en ligne - Grand Daddy Purple \u00e0 vendre","description":"C'est le meilleur moment pour visiter notre boutique en ligne d'herbelegale et acheter Grand Daddy Purple en ligne. Nous avons Grand Daddy Purple \u00e0 vendre ici. Rencontrez-nous en ligne et passez votre commande d\u00e8s aujourd'hui !","robots":{"index":"index","follow":"follow","max-snippet":"max-snippet:-1","max-image-preview":"max-image-preview:large","max-video-preview":"max-video-preview:-1"},"canonical":"https:\/\/herbelegale.com\/nl\/product\/grootvader-paars\/","og_locale":"nl_BE","og_type":"article","og_title":"Achetez Grand Daddy Purple en ligne - Grand Daddy Purple \u00e0 vendre","og_description":"C'est le meilleur moment pour visiter notre boutique en ligne d'herbelegale et acheter Grand Daddy Purple en ligne. Nous avons Grand Daddy Purple \u00e0 vendre ici. Rencontrez-nous en ligne et passez votre commande d\u00e8s aujourd'hui !","og_url":"https:\/\/herbelegale.com\/nl\/product\/grootvader-paars\/","og_site_name":"Herbe L\u00e9gale","article_modified_time":"2025-06-14T11:09:53+00:00","og_image":[{"width":960,"height":1280,"url":"https:\/\/herbelegale.com\/wp-content\/uploads\/2023\/09\/Grand-Daddy-Purple.jpg","type":"image\/jpeg"}],"twitter_card":"summary_large_image","twitter_misc":{"Geschatte leestijd":"3 minuten"},"schema":{"@context":"https:\/\/schema.org","@graph":[{"@type":"WebPage","@id":"https:\/\/herbelegale.com\/product\/grand-daddy-purple\/","url":"https:\/\/herbelegale.com\/product\/grand-daddy-purple\/","name":"Achetez Grand Daddy Purple en ligne - Grand Daddy Purple \u00e0 vendre","isPartOf":{"@id":"https:\/\/herbelegale.com\/#website"},"primaryImageOfPage":{"@id":"https:\/\/herbelegale.com\/product\/grand-daddy-purple\/#primaryimage"},"image":{"@id":"https:\/\/herbelegale.com\/product\/grand-daddy-purple\/#primaryimage"},"thumbnailUrl":"https:\/\/herbelegale.com\/wp-content\/uploads\/2023\/09\/Grand-Daddy-Purple.jpg","datePublished":"2023-09-22T11:06:27+00:00","dateModified":"2025-06-14T11:09:53+00:00","description":"C'est le meilleur moment pour visiter notre boutique en ligne d'herbelegale et acheter Grand Daddy Purple en ligne. Nous avons Grand Daddy Purple \u00e0 vendre ici. Rencontrez-nous en ligne et passez votre commande d\u00e8s aujourd'hui !","breadcrumb":{"@id":"https:\/\/herbelegale.com\/product\/grand-daddy-purple\/#breadcrumb"},"inLanguage":"nl-BE","potentialAction":[{"@type":"ReadAction","target":["https:\/\/herbelegale.com\/product\/grand-daddy-purple\/"]}]},{"@type":"ImageObject","inLanguage":"nl-BE","@id":"https:\/\/herbelegale.com\/product\/grand-daddy-purple\/#primaryimage","url":"https:\/\/herbelegale.com\/wp-content\/uploads\/2023\/09\/Grand-Daddy-Purple.jpg","contentUrl":"https:\/\/herbelegale.com\/wp-content\/uploads\/2023\/09\/Grand-Daddy-Purple.jpg","width":960,"height":1280,"caption":"Grand Daddy Purple"},{"@type":"BreadcrumbList","@id":"https:\/\/herbelegale.com\/product\/grand-daddy-purple\/#breadcrumb","itemListElement":[{"@type":"ListItem","position":1,"name":"Home","item":"https:\/\/herbelegale.com\/"},{"@type":"ListItem","position":2,"name":"Boutique","item":"https:\/\/herbelegale.com\/boutique\/"},{"@type":"ListItem","position":3,"name":"Grand Daddy Purple"}]},{"@type":"WebSite","@id":"https:\/\/herbelegale.com\/#website","url":"https:\/\/herbelegale.com\/","name":"Herbe L\u00e9gale","description":"Acheter de l&#039;herbe en ligne","publisher":{"@id":"https:\/\/herbelegale.com\/#organization"},"potentialAction":[{"@type":"SearchAction","target":{"@type":"EntryPoint","urlTemplate":"https:\/\/herbelegale.com\/?s={search_term_string}"},"query-input":{"@type":"PropertyValueSpecification","valueRequired":true,"valueName":"search_term_string"}}],"inLanguage":"nl-BE"},{"@type":"Organization","@id":"https:\/\/herbelegale.com\/#organization","name":"Herbe L\u00e9gale","url":"https:\/\/herbelegale.com\/","logo":{"@type":"ImageObject","inLanguage":"nl-BE","@id":"https:\/\/herbelegale.com\/#\/schema\/logo\/image\/","url":"https:\/\/herbelegale.com\/wp-content\/uploads\/2023\/10\/logo-1.png","contentUrl":"https:\/\/herbelegale.com\/wp-content\/uploads\/2023\/10\/logo-1.png","width":400,"height":120,"caption":"Herbe L\u00e9gale"},"image":{"@id":"https:\/\/herbelegale.com\/#\/schema\/logo\/image\/"}}]}},"_links":{"self":[{"href":"https:\/\/herbelegale.com\/nl\/wp-json\/wp\/v2\/product\/110","targetHints":{"allow":["GET"]}}],"collection":[{"href":"https:\/\/herbelegale.com\/nl\/wp-json\/wp\/v2\/product"}],"about":[{"href":"https:\/\/herbelegale.com\/nl\/wp-json\/wp\/v2\/types\/product"}],"replies":[{"embeddable":true,"href":"https:\/\/herbelegale.com\/nl\/wp-json\/wp\/v2\/comments?post=110"}],"wp:featuredmedia":[{"embeddable":true,"href":"https:\/\/herbelegale.com\/nl\/wp-json\/wp\/v2\/media\/1449"}],"wp:attachment":[{"href":"https:\/\/herbelegale.com\/nl\/wp-json\/wp\/v2\/media?parent=110"}],"wp:term":[{"taxonomy":"product_brand","embeddable":true,"href":"https:\/\/herbelegale.com\/nl\/wp-json\/wp\/v2\/product_brand?post=110"},{"taxonomy":"product_cat","embeddable":true,"href":"https:\/\/herbelegale.com\/nl\/wp-json\/wp\/v2\/product_cat?post=110"},{"taxonomy":"product_tag","embeddable":true,"href":"https:\/\/herbelegale.com\/nl\/wp-json\/wp\/v2\/product_tag?post=110"}],"curies":[{"name":"wp","href":"https:\/\/api.w.org\/{rel}","templated":true}]}}