{"id":58,"date":"2023-09-22T08:57:00","date_gmt":"2023-09-22T08:57:00","guid":{"rendered":"https:\/\/nembutalhouse.com\/weed\/?post_type=product&#038;p=58"},"modified":"2025-06-14T11:08:27","modified_gmt":"2025-06-14T11:08:27","slug":"cherry-pie","status":"publish","type":"product","link":"https:\/\/herbelegale.com\/it\/product\/cherry-pie\/","title":{"rendered":"Torta di ciliegie"},"content":{"rendered":"<h2><b>Compra una crostata <\/b><span style=\"font-weight: 400;\">Torta di ciliegie<\/span><b> Online: perch\u00e9 questo classico \u00e8 cos\u00ec popolare<\/b><\/h2>\n<p><a href=\"https:\/\/herbelegale.com\/it\/product\/cherry-pie\/\"><span style=\"font-weight: 400;\">La <\/span><b>torta di ciliegie<\/b><\/a><span style=\"font-weight: 400;\"> La crostata di ciliegie \u00e8 un dolce tradizionale apprezzato per la sua crosta croccante e il delizioso cuore fruttato, generosamente farcito con ciliegie fresche o gelatine. Questo classico dessert conquista gli amanti dei dolci grazie al suo perfetto equilibrio tra acidit\u00e0 naturale e dolcezza. Oggi, la crostata di ciliegie sta vivendo una rinascita online, dove \u00e8 diventata un prodotto di tendenza da ordinare.<\/span><\/p>\n<p><span style=\"font-weight: 400;\">Questo successo online si spiega con la crescente ricerca di prodotti artigianali facilmente accessibili, nonch\u00e9 con l'aumento degli acquisti gourmet tramite piattaforme digitali, offrendo cos\u00ec un'esperienza gustosa senza uscire di casa.<\/span><\/p>\n<h3><b>Perch\u00e9 acquistare una torta di ciliegie online?<\/b><\/h3>\n<p><span style=\"font-weight: 400;\">Acquista un <\/span><a href=\"https:\/\/en.wikipedia.org\/wiki\/Cherry_pie\"><b>tarte aux cerises en ligne<\/b><\/a><span style=\"font-weight: 400;\"> presenta numerosi vantaggi:<\/span><\/p>\n<ul>\n<li style=\"font-weight: 400;\" aria-level=\"1\"><b>Consegna discreta e sicura<\/b><span style=\"font-weight: 400;\"> : Il tuo ordine ti arriva direttamente imballato con cura, garantendo freschezza e riservatezza.<\/span>&nbsp;<\/li>\n<li style=\"font-weight: 400;\" aria-level=\"1\"><b>Facilit\u00e9 et confort<\/b><span style=\"font-weight: 400;\"> : Non c'\u00e8 bisogno di spostarsi o di aspettare, la torta arriva direttamente a casa tua.<\/span>&nbsp;<\/li>\n<li style=\"font-weight: 400;\" aria-level=\"1\"><b>Acc\u00e8s \u00e0 des produits rares ou artisanaux<\/b><span style=\"font-weight: 400;\"> : Puoi scegliere tra dolci artigianali spesso non reperibili nei negozi vicino a te.<\/span>&nbsp;<\/li>\n<\/ul>\n<h3><b>Cosa rende una crostata di ciliegie cos\u00ec buona?<\/b><\/h3>\n<p><span style=\"font-weight: 400;\">Per gustare una crostata di ciliegie di qualit\u00e0, ecco i criteri essenziali:<\/span><\/p>\n<ul>\n<li style=\"font-weight: 400;\" aria-level=\"1\"><b>Freschezza<\/b><span style=\"font-weight: 400;\"> : Impasto fresco, ripieno abbondante preparato con ciliegie di stagione.<\/span>&nbsp;<\/li>\n<li style=\"font-weight: 400;\" aria-level=\"1\"><b>Texture<\/b><span style=\"font-weight: 400;\"> : Pasta sfoglia croccante e morbida allo stesso tempo, con un ripieno succoso e leggermente acidulo.<\/span>&nbsp;<\/li>\n<li style=\"font-weight: 400;\" aria-level=\"1\"><b>Go\u00fbt naturel<\/b><span style=\"font-weight: 400;\"> :Utilizziamo ciliegie vere, senza aromi artificiali.<\/span>&nbsp;<\/li>\n<li style=\"font-weight: 400;\" aria-level=\"1\"><b>Aspetto visivo<\/b><span style=\"font-weight: 400;\"> : Una crostata dorata, appetitosa e ordinata.<\/span>&nbsp;<\/li>\n<\/ul>\n<h3><b>Le migliori piattaforme per ordinare la torta di ciliegie online<\/b><\/h3>\n<p><span style=\"font-weight: 400;\">Ecco alcune piattaforme riconosciute dove puoi <\/span><b>acheter une tarte aux cerises en ligne<\/b><span style=\"font-weight: 400;\"> :<\/span><\/p>\n<ul>\n<li style=\"font-weight: 400;\" aria-level=\"1\"><b>P\u00e2tisserie Fine<\/b><span style=\"font-weight: 400;\"> : Specializzati in torte artigianali, spedizioni veloci e accurate.<\/span>&nbsp;<\/li>\n<li style=\"font-weight: 400;\" aria-level=\"1\"><b>Gourmet Market<\/b><span style=\"font-weight: 400;\"> : Ampia scelta di dessert tradizionali e moderni.<\/span>&nbsp;<\/li>\n<li style=\"font-weight: 400;\" aria-level=\"1\"><b>Etsy (Artisanat P\u00e2tissier)<\/b><span style=\"font-weight: 400;\"> : Piccole serie artigianali e personalizzabili.<\/span>&nbsp;<\/li>\n<li style=\"font-weight: 400;\" aria-level=\"1\"><b>Box P\u00e2tisserie<\/b><span style=\"font-weight: 400;\"> : Abbonamento mensile con selezioni stagionali.<\/span>&nbsp;<\/li>\n<li style=\"font-weight: 400;\" aria-level=\"1\"><b>Boulangeries Locales avec livraison<\/b><span style=\"font-weight: 400;\"> : Prezzi accessibili e vicinanza garantita.<\/span>&nbsp;<\/li>\n<\/ul>\n<h3><b>Come scegliere il prodotto o il venditore giusto?<\/b><\/h3>\n<p><span style=\"font-weight: 400;\">Prima di ordinare la tua torta di ciliegie, ricordati di:<\/span><\/p>\n<ul>\n<li style=\"font-weight: 400;\" aria-level=\"1\"><b>V\u00e9rifier les conditions de livraison<\/b><span style=\"font-weight: 400;\"> : Imballaggio isolato o refrigerato per garantire la freschezza.<\/span>&nbsp;<\/li>\n<li style=\"font-weight: 400;\" aria-level=\"1\"><b>Consulter les avis clients<\/b><span style=\"font-weight: 400;\"> : Feedback autentici su gusto, consistenza e velocit\u00e0 di consegna.<\/span>&nbsp;<\/li>\n<li style=\"font-weight: 400;\" aria-level=\"1\"><b>Rechercher la transparence<\/b><span style=\"font-weight: 400;\"> : Ingredienti naturali e senza conservanti chimici.<\/span>&nbsp;<\/li>\n<li style=\"font-weight: 400;\" aria-level=\"1\"><b>S\u2019assurer d\u2019une politique de satisfaction<\/b><span style=\"font-weight: 400;\"> : Garanzia di rimborso o sostituzione se il prodotto non ti soddisfa.<\/span>&nbsp;<\/li>\n<\/ul>\n<h3><b>Conclusione: perch\u00e9 vale la pena provare la torta di ciliegie e dove acquistarla<\/b><\/h3>\n<p><span style=\"font-weight: 400;\">La <\/span><b>torta di ciliegie<\/b><span style=\"font-weight: 400;\"> \u00e8 un dessert che piace a tutte le generazioni, perfetto per un momento di autentica dolcezza. Grazie alla possibilit\u00e0 di<\/span><b>acheter des tartes aux cerises en ligne<\/b><span style=\"font-weight: 400;\">, potrai gustare questa prelibatezza ovunque tu sia, con la garanzia di un prodotto di qualit\u00e0, fresco e consegnato direttamente a casa tua.<\/span><\/p>\n<p><span style=\"font-weight: 400;\">Per un <\/span><b>prix abordable<\/b><span style=\"font-weight: 400;\">, senza compromettere il sapore, ora c'\u00e8 il <\/span><b>il posto migliore per acquistare la torta di ciliegie online<\/b><span style=\"font-weight: 400;\"> che soddisferanno la tua voglia di dolce.<\/span><\/p>\n<h3><b>Ultimi consigli per un acquisto online sicuro e di successo:<\/b><\/h3>\n<ul>\n<li style=\"font-weight: 400;\" aria-level=\"1\"><span style=\"font-weight: 400;\">Preferisci siti affidabili e con una buona reputazione.<\/span>&nbsp;<\/li>\n<li style=\"font-weight: 400;\" aria-level=\"1\"><span style=\"font-weight: 400;\">Verificare la conformit\u00e0 legale dei prodotti.<\/span>&nbsp;<\/li>\n<li style=\"font-weight: 400;\" aria-level=\"1\"><span style=\"font-weight: 400;\">Garantiamo una consegna rapida e discreta.<\/span>&nbsp;<\/li>\n<\/ul>","protected":false},"excerpt":{"rendered":"<p>Acheter une Tarte aux Cherry Pie en Ligne : Pourquoi ce Classique est si Pris\u00e9 La tarte aux cerises est une p\u00e2tisserie traditionnelle appr\u00e9ci\u00e9e pour sa p\u00e2te croustillante et son d\u00e9licieux c\u0153ur fruit\u00e9, g\u00e9n\u00e9reusement garni de cerises fra\u00eeches ou g\u00e9lifi\u00e9es. Ce dessert classique s\u00e9duit les amateurs de douceurs gr\u00e2ce \u00e0 son \u00e9quilibre parfait entre acidit\u00e9&#8230;<\/p>","protected":false},"featured_media":366,"comment_status":"open","ping_status":"closed","template":"","meta":{"_kadence_starter_templates_imported_post":false,"_kad_post_transparent":"default","_kad_post_title":"","_kad_post_layout":"default","_kad_post_sidebar_id":"","_kad_post_content_style":"default","_kad_post_vertical_padding":"default","_kad_post_feature":"","_kad_post_feature_position":"","_kad_post_header":false,"_kad_post_footer":false,"_joinchat":[]},"product_brand":[],"product_cat":[17],"product_tag":[],"class_list":{"0":"post-58","1":"product","2":"type-product","3":"status-publish","4":"has-post-thumbnail","6":"product_cat-canabis-en-ligne","8":"first","9":"instock","10":"shipping-taxable","11":"purchasable","12":"product-type-variable","13":"entry","14":"content-bg","15":"loop-entry"},"yoast_head":"<!-- This site is optimized with the Yoast SEO plugin v23.5 - https:\/\/yoast.com\/wordpress\/plugins\/seo\/ -->\n<title>Tarte aux cerises \u00e0 vendre - Achetez une tarte aux cerises en ligne - Commandez une tarte aux cerises<\/title>\n<meta name=\"description\" content=\"Vous pouvez d\u00e9sormais vous procurer Cherry Pie en vente dans notre meilleur magasin herbelegale. Notre personnel vous aidera \u00e0 acheter Cherry Pie en ligne aux meilleurs prix.\" \/>\n<meta name=\"robots\" content=\"index, follow, max-snippet:-1, max-image-preview:large, max-video-preview:-1\" \/>\n<link rel=\"canonical\" href=\"https:\/\/herbelegale.com\/it\/product\/cherry-pie\/\" \/>\n<meta property=\"og:locale\" content=\"it_IT\" \/>\n<meta property=\"og:type\" content=\"article\" \/>\n<meta property=\"og:title\" content=\"Tarte aux cerises \u00e0 vendre - Achetez une tarte aux cerises en ligne - Commandez une tarte aux cerises\" \/>\n<meta property=\"og:description\" content=\"Vous pouvez d\u00e9sormais vous procurer Cherry Pie en vente dans notre meilleur magasin herbelegale. Notre personnel vous aidera \u00e0 acheter Cherry Pie en ligne aux meilleurs prix.\" \/>\n<meta property=\"og:url\" content=\"https:\/\/herbelegale.com\/it\/product\/cherry-pie\/\" \/>\n<meta property=\"og:site_name\" content=\"Herbe L\u00e9gale\" \/>\n<meta property=\"article:modified_time\" content=\"2025-06-14T11:08:27+00:00\" \/>\n<meta property=\"og:image\" content=\"https:\/\/herbelegale.com\/wp-content\/uploads\/2023\/09\/Cherry-Pie.jpg\" \/>\n\t<meta property=\"og:image:width\" content=\"960\" \/>\n\t<meta property=\"og:image:height\" content=\"1280\" \/>\n\t<meta property=\"og:image:type\" content=\"image\/jpeg\" \/>\n<meta name=\"twitter:card\" content=\"summary_large_image\" \/>\n<meta name=\"twitter:label1\" content=\"Tempo di lettura stimato\" \/>\n\t<meta name=\"twitter:data1\" content=\"3 minuti\" \/>\n<script type=\"application\/ld+json\" class=\"yoast-schema-graph\">{\"@context\":\"https:\/\/schema.org\",\"@graph\":[{\"@type\":\"WebPage\",\"@id\":\"https:\/\/herbelegale.com\/product\/cherry-pie\/\",\"url\":\"https:\/\/herbelegale.com\/product\/cherry-pie\/\",\"name\":\"Tarte aux cerises \u00e0 vendre - Achetez une tarte aux cerises en ligne - Commandez une tarte aux cerises\",\"isPartOf\":{\"@id\":\"https:\/\/herbelegale.com\/#website\"},\"primaryImageOfPage\":{\"@id\":\"https:\/\/herbelegale.com\/product\/cherry-pie\/#primaryimage\"},\"image\":{\"@id\":\"https:\/\/herbelegale.com\/product\/cherry-pie\/#primaryimage\"},\"thumbnailUrl\":\"https:\/\/herbelegale.com\/wp-content\/uploads\/2023\/09\/Cherry-Pie.jpg\",\"datePublished\":\"2023-09-22T08:57:00+00:00\",\"dateModified\":\"2025-06-14T11:08:27+00:00\",\"description\":\"Vous pouvez d\u00e9sormais vous procurer Cherry Pie en vente dans notre meilleur magasin herbelegale. Notre personnel vous aidera \u00e0 acheter Cherry Pie en ligne aux meilleurs prix.\",\"breadcrumb\":{\"@id\":\"https:\/\/herbelegale.com\/product\/cherry-pie\/#breadcrumb\"},\"inLanguage\":\"it-IT\",\"potentialAction\":[{\"@type\":\"ReadAction\",\"target\":[\"https:\/\/herbelegale.com\/product\/cherry-pie\/\"]}]},{\"@type\":\"ImageObject\",\"inLanguage\":\"it-IT\",\"@id\":\"https:\/\/herbelegale.com\/product\/cherry-pie\/#primaryimage\",\"url\":\"https:\/\/herbelegale.com\/wp-content\/uploads\/2023\/09\/Cherry-Pie.jpg\",\"contentUrl\":\"https:\/\/herbelegale.com\/wp-content\/uploads\/2023\/09\/Cherry-Pie.jpg\",\"width\":960,\"height\":1280,\"caption\":\"Cherry Pie\"},{\"@type\":\"BreadcrumbList\",\"@id\":\"https:\/\/herbelegale.com\/product\/cherry-pie\/#breadcrumb\",\"itemListElement\":[{\"@type\":\"ListItem\",\"position\":1,\"name\":\"Home\",\"item\":\"https:\/\/herbelegale.com\/\"},{\"@type\":\"ListItem\",\"position\":2,\"name\":\"Boutique\",\"item\":\"https:\/\/herbelegale.com\/boutique\/\"},{\"@type\":\"ListItem\",\"position\":3,\"name\":\"Cherry Pie\"}]},{\"@type\":\"WebSite\",\"@id\":\"https:\/\/herbelegale.com\/#website\",\"url\":\"https:\/\/herbelegale.com\/\",\"name\":\"Herbe L\u00e9gale\",\"description\":\"Acheter de l&#039;herbe en ligne\",\"publisher\":{\"@id\":\"https:\/\/herbelegale.com\/#organization\"},\"potentialAction\":[{\"@type\":\"SearchAction\",\"target\":{\"@type\":\"EntryPoint\",\"urlTemplate\":\"https:\/\/herbelegale.com\/?s={search_term_string}\"},\"query-input\":{\"@type\":\"PropertyValueSpecification\",\"valueRequired\":true,\"valueName\":\"search_term_string\"}}],\"inLanguage\":\"it-IT\"},{\"@type\":\"Organization\",\"@id\":\"https:\/\/herbelegale.com\/#organization\",\"name\":\"Herbe L\u00e9gale\",\"url\":\"https:\/\/herbelegale.com\/\",\"logo\":{\"@type\":\"ImageObject\",\"inLanguage\":\"it-IT\",\"@id\":\"https:\/\/herbelegale.com\/#\/schema\/logo\/image\/\",\"url\":\"https:\/\/herbelegale.com\/wp-content\/uploads\/2023\/10\/logo-1.png\",\"contentUrl\":\"https:\/\/herbelegale.com\/wp-content\/uploads\/2023\/10\/logo-1.png\",\"width\":400,\"height\":120,\"caption\":\"Herbe L\u00e9gale\"},\"image\":{\"@id\":\"https:\/\/herbelegale.com\/#\/schema\/logo\/image\/\"}}]}<\/script>\n<!-- \/ Yoast SEO plugin. -->","yoast_head_json":{"title":"Tarte aux cerises \u00e0 vendre - Achetez une tarte aux cerises en ligne - Commandez une tarte aux cerises","description":"Vous pouvez d\u00e9sormais vous procurer Cherry Pie en vente dans notre meilleur magasin herbelegale. Notre personnel vous aidera \u00e0 acheter Cherry Pie en ligne aux meilleurs prix.","robots":{"index":"index","follow":"follow","max-snippet":"max-snippet:-1","max-image-preview":"max-image-preview:large","max-video-preview":"max-video-preview:-1"},"canonical":"https:\/\/herbelegale.com\/it\/product\/cherry-pie\/","og_locale":"it_IT","og_type":"article","og_title":"Tarte aux cerises \u00e0 vendre - Achetez une tarte aux cerises en ligne - Commandez une tarte aux cerises","og_description":"Vous pouvez d\u00e9sormais vous procurer Cherry Pie en vente dans notre meilleur magasin herbelegale. Notre personnel vous aidera \u00e0 acheter Cherry Pie en ligne aux meilleurs prix.","og_url":"https:\/\/herbelegale.com\/it\/product\/cherry-pie\/","og_site_name":"Herbe L\u00e9gale","article_modified_time":"2025-06-14T11:08:27+00:00","og_image":[{"width":960,"height":1280,"url":"https:\/\/herbelegale.com\/wp-content\/uploads\/2023\/09\/Cherry-Pie.jpg","type":"image\/jpeg"}],"twitter_card":"summary_large_image","twitter_misc":{"Tempo di lettura stimato":"3 minuti"},"schema":{"@context":"https:\/\/schema.org","@graph":[{"@type":"WebPage","@id":"https:\/\/herbelegale.com\/product\/cherry-pie\/","url":"https:\/\/herbelegale.com\/product\/cherry-pie\/","name":"Tarte aux cerises \u00e0 vendre - Achetez une tarte aux cerises en ligne - Commandez une tarte aux cerises","isPartOf":{"@id":"https:\/\/herbelegale.com\/#website"},"primaryImageOfPage":{"@id":"https:\/\/herbelegale.com\/product\/cherry-pie\/#primaryimage"},"image":{"@id":"https:\/\/herbelegale.com\/product\/cherry-pie\/#primaryimage"},"thumbnailUrl":"https:\/\/herbelegale.com\/wp-content\/uploads\/2023\/09\/Cherry-Pie.jpg","datePublished":"2023-09-22T08:57:00+00:00","dateModified":"2025-06-14T11:08:27+00:00","description":"Vous pouvez d\u00e9sormais vous procurer Cherry Pie en vente dans notre meilleur magasin herbelegale. Notre personnel vous aidera \u00e0 acheter Cherry Pie en ligne aux meilleurs prix.","breadcrumb":{"@id":"https:\/\/herbelegale.com\/product\/cherry-pie\/#breadcrumb"},"inLanguage":"it-IT","potentialAction":[{"@type":"ReadAction","target":["https:\/\/herbelegale.com\/product\/cherry-pie\/"]}]},{"@type":"ImageObject","inLanguage":"it-IT","@id":"https:\/\/herbelegale.com\/product\/cherry-pie\/#primaryimage","url":"https:\/\/herbelegale.com\/wp-content\/uploads\/2023\/09\/Cherry-Pie.jpg","contentUrl":"https:\/\/herbelegale.com\/wp-content\/uploads\/2023\/09\/Cherry-Pie.jpg","width":960,"height":1280,"caption":"Cherry Pie"},{"@type":"BreadcrumbList","@id":"https:\/\/herbelegale.com\/product\/cherry-pie\/#breadcrumb","itemListElement":[{"@type":"ListItem","position":1,"name":"Home","item":"https:\/\/herbelegale.com\/"},{"@type":"ListItem","position":2,"name":"Boutique","item":"https:\/\/herbelegale.com\/boutique\/"},{"@type":"ListItem","position":3,"name":"Cherry Pie"}]},{"@type":"WebSite","@id":"https:\/\/herbelegale.com\/#website","url":"https:\/\/herbelegale.com\/","name":"Herbe L\u00e9gale","description":"Acheter de l&#039;herbe en ligne","publisher":{"@id":"https:\/\/herbelegale.com\/#organization"},"potentialAction":[{"@type":"SearchAction","target":{"@type":"EntryPoint","urlTemplate":"https:\/\/herbelegale.com\/?s={search_term_string}"},"query-input":{"@type":"PropertyValueSpecification","valueRequired":true,"valueName":"search_term_string"}}],"inLanguage":"it-IT"},{"@type":"Organization","@id":"https:\/\/herbelegale.com\/#organization","name":"Herbe L\u00e9gale","url":"https:\/\/herbelegale.com\/","logo":{"@type":"ImageObject","inLanguage":"it-IT","@id":"https:\/\/herbelegale.com\/#\/schema\/logo\/image\/","url":"https:\/\/herbelegale.com\/wp-content\/uploads\/2023\/10\/logo-1.png","contentUrl":"https:\/\/herbelegale.com\/wp-content\/uploads\/2023\/10\/logo-1.png","width":400,"height":120,"caption":"Herbe L\u00e9gale"},"image":{"@id":"https:\/\/herbelegale.com\/#\/schema\/logo\/image\/"}}]}},"_links":{"self":[{"href":"https:\/\/herbelegale.com\/it\/wp-json\/wp\/v2\/product\/58","targetHints":{"allow":["GET"]}}],"collection":[{"href":"https:\/\/herbelegale.com\/it\/wp-json\/wp\/v2\/product"}],"about":[{"href":"https:\/\/herbelegale.com\/it\/wp-json\/wp\/v2\/types\/product"}],"replies":[{"embeddable":true,"href":"https:\/\/herbelegale.com\/it\/wp-json\/wp\/v2\/comments?post=58"}],"wp:featuredmedia":[{"embeddable":true,"href":"https:\/\/herbelegale.com\/it\/wp-json\/wp\/v2\/media\/366"}],"wp:attachment":[{"href":"https:\/\/herbelegale.com\/it\/wp-json\/wp\/v2\/media?parent=58"}],"wp:term":[{"taxonomy":"product_brand","embeddable":true,"href":"https:\/\/herbelegale.com\/it\/wp-json\/wp\/v2\/product_brand?post=58"},{"taxonomy":"product_cat","embeddable":true,"href":"https:\/\/herbelegale.com\/it\/wp-json\/wp\/v2\/product_cat?post=58"},{"taxonomy":"product_tag","embeddable":true,"href":"https:\/\/herbelegale.com\/it\/wp-json\/wp\/v2\/product_tag?post=58"}],"curies":[{"name":"wp","href":"https:\/\/api.w.org\/{rel}","templated":true}]}}