{"id":1391,"date":"2023-09-30T10:46:42","date_gmt":"2023-09-30T10:46:42","guid":{"rendered":"https:\/\/nembutalhouse.com\/weed\/?post_type=product&#038;p=1391"},"modified":"2025-07-19T12:31:13","modified_gmt":"2025-07-19T12:31:13","slug":"sour-diesel-cannabis-oil","status":"publish","type":"product","link":"https:\/\/herbelegale.com\/it\/product\/sour-diesel-cannabis-oil\/","title":{"rendered":"Olio di cannabis Sour Diesel"},"content":{"rendered":"<h2><b>Olio di cannabis Sour Diesel: per energia pura e sollievo immediato<\/b><\/h2>\n<p><a href=\"https:\/\/herbelegale.com\/it\/product\/sour-diesel-cannabis-oil\/\">L&rsquo;Huile de Cannabis Sour Diesel<\/a> \u00e8 un estratto di cannabis concentrato di alta qualit\u00e0 ricavato dalla popolare variet\u00e0 Sour Diesel, nota per i suoi effetti energizzanti e migliorativi dell'umore. Questo olio \u00e8 la soluzione ideale per chi desidera abbinare un effetto energetico ai benefici terapeutici della cannabis, in particolare per combattere stress, stanchezza e altri disturbi quotidiani. Che siate consumatori occasionali o intenditori esperti, l'olio Sour Diesel soddisfer\u00e0 le vostre aspettative grazie alla sua potenza e ai suoi benefici.<\/p>\n<h3><b>Che cos'\u00e8 l'olio di cannabis Sour Diesel?<\/b><\/h3>\n<p><a href=\"https:\/\/en.wikipedia.org\/wiki\/Sour_Diesel\">L&rsquo;huile Sour Diesel<\/a> \u00e8 un estratto concentrato della variet\u00e0 Sour Diesel, una variet\u00e0 sativa molto apprezzata nel mondo della cannabis per il suo sapore di limone e il suo effetto stimolante. Questo olio viene estratto dai tricomi della cannabis, il che consente un'elevata concentrazione di THC e CBD, garantendo effetti potenti e duraturi. \u00c8 l'ideale per chi cerca un'esperienza energizzante e una migliore concentrazione. L'olio Sour Diesel pu\u00f2 essere utilizzato in vari modi: per via sublinguale, in capsule o persino in un vaporizzatore.<\/p>\n<h3><b>Usi comuni ed effetti del gasolio acido<\/b><\/h3>\n<p><b>Effetti tipici:<\/b><\/p>\n<ul>\n<li style=\"font-weight: 400;\" aria-level=\"1\">Zastrzyk energii i poprawa nastroju&nbsp;<\/li>\n<li style=\"font-weight: 400;\" aria-level=\"1\">En reduktion i stress og angst&nbsp;<\/li>\n<li style=\"font-weight: 400;\" aria-level=\"1\">Forbedret koncentration og produktivitet&nbsp;<\/li>\n<li style=\"font-weight: 400;\" aria-level=\"1\">Soulagement des douleurs chroniques (articulaires, musculaires)&nbsp;<\/li>\n<li style=\"font-weight: 400;\" aria-level=\"1\">Efekt euforyczny i orze\u017awiaj\u0105cy&nbsp;<\/li>\n<\/ul>\n<h3><b>Modalit\u00e0 di consumo:<\/b><\/h3>\n<ul>\n<li style=\"font-weight: 400;\" aria-level=\"1\">Under tungen (for hurtig absorption)&nbsp;<\/li>\n<li style=\"font-weight: 400;\" aria-level=\"1\">Zmieszane z jedzeniem lub napojem&nbsp;<\/li>\n<li style=\"font-weight: 400;\" aria-level=\"1\">Waporyzacja (kompatybilna z wykorzystaniem parownika)&nbsp;<\/li>\n<li style=\"font-weight: 400;\" aria-level=\"1\">I kapsel (for nem dosisstyring)&nbsp;<\/li>\n<\/ul>\n<h3><b>Status giuridico: un quadro che varia a seconda della regione<\/b><\/h3>\n<p>Lo status legale dell'olio di cannabis Sour Diesel varia notevolmente a seconda della regione o del paese. In alcune giurisdizioni l'uso dell'olio \u00e8 del tutto legale, mentre in altre \u00e8 severamente regolamentato. L'acquisto, la vendita e il consumo di cannabis sono quindi soggetti a specifiche leggi locali.<\/p>\n<p>Suggerimento: prima di ordinare l'olio Sour Diesel online, assicurati di conoscere le leggi locali in materia di vendita e consumo di cannabis.<\/p>\n<h3><b>Perch\u00e9 acquistare l'olio di cannabis Sour Diesel online?<\/b><\/h3>\n<p><b>Accessibilit\u00e0<\/b><\/p>\n<p>Acquistare l'olio Sour Diesel online ti offre una comodit\u00e0 senza pari. Puoi accedere a prodotti di qualit\u00e0 senza uscire di casa, potendo confrontare facilmente prezzi e qualit\u00e0. \u00c8 anche un ottimo modo per aggirare le limitazioni geografiche e ottenere prodotti premium.<\/p>\n<p><b>Diversit\u00e0 dei venditori<\/b><\/p>\n<p>Su Internet troverete un'ampia gamma di venditori specializzati che offrono olio di cannabis Sour Diesel, con prodotti di qualit\u00e0 e prezzo variabili. Ci\u00f2 ti consente di trovare l'olio Sour Diesel ideale al prezzo pi\u00f9 adatto al tuo budget, avendo al contempo accesso a informazioni dettagliate sull'origine e la composizione del prodotto.<\/p>\n<p><b>Consegna discreta e sicura<\/b><\/p>\n<p>Le migliori piattaforme offrono una consegna discreta, con imballaggi semplici, per garantire la riservatezza dei tuoi acquisti. Inoltre, molti siti offrono opzioni di consegna espressa e un accurato monitoraggio degli ordini.<\/p>\n<h3><b>Come scegliere un venditore affidabile da cui ordinare online l'olio di cannabis Sour Diesel?<\/b><\/h3>\n<p>Per garantire un'esperienza di acquisto di successo ed evitare spiacevoli sorprese, ecco alcuni criteri da tenere in considerazione nella scelta del venditore online:<\/p>\n<ol>\n<li style=\"font-weight: 400;\" aria-level=\"1\">Controlla la reputazione del venditore, leggi le recensioni dei clienti e cerca consigli su forum o gruppi di consumatori.&nbsp;<\/li>\n<li style=\"font-weight: 400;\" aria-level=\"1\">Trasparenza del prodotto: assicurati che il venditore fornisca informazioni dettagliate sulla fonte dell'olio, sul contenuto di THC e CBD e sul processo di estrazione.&nbsp;<\/li>\n<li style=\"font-weight: 400;\" aria-level=\"1\">Sicurezza nei pagamenti: scegli siti che offrono sicurezza nei pagamenti per proteggere i tuoi dati bancari.&nbsp;<\/li>\n<li style=\"font-weight: 400;\" aria-level=\"1\">Politica di spedizione e reso: controlla le politiche di reso e le opzioni di consegna discreta<span style=\"font-weight: 400;\"> pour garantir un achat sans tracas.<\/span><\/li>\n<\/ol>\n<h3><b>Politiche di spedizione<\/b><\/h3>\n<p>I siti affidabili offrono spedizioni veloci con tracciamento dettagliato dell'ordine. Puoi anche scegliere opzioni di consegna discrete, che garantiscono la riservatezza dei tuoi acquisti. Alcuni venditori offrono addirittura spese di spedizione scontate o gratuite, a seconda dell'importo dell'ordine.<\/p>\n<h3><b>Rischi e precauzioni da adottare<\/b><\/h3>\n<p>Sebbene l'olio Sour Diesel sia un prodotto naturale, esistono alcuni rischi associati al suo consumo eccessivo, tra cui:<\/p>\n<ul>\n<li style=\"font-weight: 400;\" aria-level=\"1\">Nadmierna senno\u015b\u0107 lub uczucie zm\u0119czenia&nbsp;<\/li>\n<li style=\"font-weight: 400;\" aria-level=\"1\">Ansia o paranoia nelle persone sensibili&nbsp;<\/li>\n<li style=\"font-weight: 400;\" aria-level=\"1\">Interazioni con alcuni farmaci<span style=\"font-weight: 400;\"> (soprattutto per le persone sottoposte a cure mediche)<\/span>&nbsp;<\/li>\n<\/ul>\n<h3><b>Precauzioni da prendere:<\/b><\/h3>\n<ul>\n<li style=\"font-weight: 400;\" aria-level=\"1\">Inizia con una piccola dose, soprattutto se sei un principiante&nbsp;<\/li>\n<li style=\"font-weight: 400;\" aria-level=\"1\">Non guidare dopo aver bevuto&nbsp;<\/li>\n<li style=\"font-weight: 400;\" aria-level=\"1\">Consulta un medico in caso di dubbi sull'uso di prodotti a base di cannabis, soprattutto se sei incinta, stai allattando o stai assumendo farmaci.&nbsp;<\/li>\n<\/ul>\n<h3><b>Conclusione: dai energia alla tua giornata con l'olio Sour Diesel<\/b><\/h3>\n<p>L'olio di cannabis Sour Diesel \u00e8 un'ottima scelta per chi cerca un'esperienza energizzante, con effetti immediati e duraturi. Grazie alla sua efficacia e ai suoi benefici terapeutici, \u00e8 ideale per alleviare lo stress e aumentare la concentrazione. Acquistando l'olio Sour Diesel online avrai facile accesso a un prodotto di qualit\u00e0, consegnato direttamente a casa tua in una confezione discreta.<\/p>","protected":false},"excerpt":{"rendered":"<p>Huile de Cannabis Sour Diesel \u2013 Pour une \u00c9nergie Pure et un Soulagement Instantan\u00e9 L&rsquo;Huile de Cannabis Sour Diesel est un extrait de cannabis concentr\u00e9 de haute qualit\u00e9, provenant de la c\u00e9l\u00e8bre vari\u00e9t\u00e9 Sour Diesel, connue pour ses effets \u00e9nergisants et stimulateurs d&rsquo;humeur. Cette huile est une solution id\u00e9ale pour ceux qui cherchent \u00e0 combiner&#8230;<\/p>","protected":false},"featured_media":1410,"comment_status":"open","ping_status":"closed","template":"","meta":{"_kadence_starter_templates_imported_post":false,"_kad_post_transparent":"default","_kad_post_title":"","_kad_post_layout":"default","_kad_post_sidebar_id":"","_kad_post_content_style":"default","_kad_post_vertical_padding":"default","_kad_post_feature":"","_kad_post_feature_position":"","_kad_post_header":false,"_kad_post_footer":false,"_joinchat":[]},"product_brand":[],"product_cat":[30],"product_tag":[],"class_list":{"0":"post-1391","1":"product","2":"type-product","3":"status-publish","4":"has-post-thumbnail","6":"product_cat-huile-de-cannabis-thc","8":"first","9":"instock","10":"shipping-taxable","11":"purchasable","12":"product-type-variable","13":"entry","14":"content-bg","15":"loop-entry"},"yoast_head":"<!-- This site is optimized with the Yoast SEO plugin v23.5 - https:\/\/yoast.com\/wordpress\/plugins\/seo\/ -->\n<title>Acheter de l&#039;huile de cannabis Skywalker OG en ligne<\/title>\n<meta name=\"description\" content=\"Vous souhaitez acheter de l&#039;huile de cannabis Skywalker OG en ligne \u00e0 un prix raisonnable ? Visitez notre magasin de produits chimiques en ligne r\u00e9put\u00e9 et achetez de l&#039;huile de cannabis Skywalker OG en vente d\u00e8s aujourd&#039;hui. Passez une commande maintenant et obtenez le meilleur tarif dans notre magasin.\" \/>\n<meta name=\"robots\" content=\"index, follow, max-snippet:-1, max-image-preview:large, max-video-preview:-1\" \/>\n<link rel=\"canonical\" href=\"https:\/\/herbelegale.com\/it\/product\/sour-diesel-cannabis-oil\/\" \/>\n<meta property=\"og:locale\" content=\"it_IT\" \/>\n<meta property=\"og:type\" content=\"article\" \/>\n<meta property=\"og:title\" content=\"Acheter de l&#039;huile de cannabis Skywalker OG en ligne\" \/>\n<meta property=\"og:description\" content=\"Vous souhaitez acheter de l&#039;huile de cannabis Skywalker OG en ligne \u00e0 un prix raisonnable ? Visitez notre magasin de produits chimiques en ligne r\u00e9put\u00e9 et achetez de l&#039;huile de cannabis Skywalker OG en vente d\u00e8s aujourd&#039;hui. Passez une commande maintenant et obtenez le meilleur tarif dans notre magasin.\" \/>\n<meta property=\"og:url\" content=\"https:\/\/herbelegale.com\/it\/product\/sour-diesel-cannabis-oil\/\" \/>\n<meta property=\"og:site_name\" content=\"Herbe L\u00e9gale\" \/>\n<meta property=\"article:modified_time\" content=\"2025-07-19T12:31:13+00:00\" \/>\n<meta property=\"og:image\" content=\"https:\/\/herbelegale.com\/wp-content\/uploads\/2023\/09\/Sour-Diesel-Cannabis-Oil.jpg\" \/>\n\t<meta property=\"og:image:width\" content=\"600\" \/>\n\t<meta property=\"og:image:height\" content=\"600\" \/>\n\t<meta property=\"og:image:type\" content=\"image\/jpeg\" \/>\n<meta name=\"twitter:card\" content=\"summary_large_image\" \/>\n<meta name=\"twitter:label1\" content=\"Tempo di lettura stimato\" \/>\n\t<meta name=\"twitter:data1\" content=\"5 minuti\" \/>\n<script type=\"application\/ld+json\" class=\"yoast-schema-graph\">{\"@context\":\"https:\/\/schema.org\",\"@graph\":[{\"@type\":\"WebPage\",\"@id\":\"https:\/\/herbelegale.com\/product\/sour-diesel-cannabis-oil\/\",\"url\":\"https:\/\/herbelegale.com\/product\/sour-diesel-cannabis-oil\/\",\"name\":\"Acheter de l'huile de cannabis Skywalker OG en ligne\",\"isPartOf\":{\"@id\":\"https:\/\/herbelegale.com\/#website\"},\"primaryImageOfPage\":{\"@id\":\"https:\/\/herbelegale.com\/product\/sour-diesel-cannabis-oil\/#primaryimage\"},\"image\":{\"@id\":\"https:\/\/herbelegale.com\/product\/sour-diesel-cannabis-oil\/#primaryimage\"},\"thumbnailUrl\":\"https:\/\/herbelegale.com\/wp-content\/uploads\/2023\/09\/Sour-Diesel-Cannabis-Oil.jpg\",\"datePublished\":\"2023-09-30T10:46:42+00:00\",\"dateModified\":\"2025-07-19T12:31:13+00:00\",\"description\":\"Vous souhaitez acheter de l'huile de cannabis Skywalker OG en ligne \u00e0 un prix raisonnable ? Visitez notre magasin de produits chimiques en ligne r\u00e9put\u00e9 et achetez de l'huile de cannabis Skywalker OG en vente d\u00e8s aujourd'hui. Passez une commande maintenant et obtenez le meilleur tarif dans notre magasin.\",\"breadcrumb\":{\"@id\":\"https:\/\/herbelegale.com\/product\/sour-diesel-cannabis-oil\/#breadcrumb\"},\"inLanguage\":\"it-IT\",\"potentialAction\":[{\"@type\":\"ReadAction\",\"target\":[\"https:\/\/herbelegale.com\/product\/sour-diesel-cannabis-oil\/\"]}]},{\"@type\":\"ImageObject\",\"inLanguage\":\"it-IT\",\"@id\":\"https:\/\/herbelegale.com\/product\/sour-diesel-cannabis-oil\/#primaryimage\",\"url\":\"https:\/\/herbelegale.com\/wp-content\/uploads\/2023\/09\/Sour-Diesel-Cannabis-Oil.jpg\",\"contentUrl\":\"https:\/\/herbelegale.com\/wp-content\/uploads\/2023\/09\/Sour-Diesel-Cannabis-Oil.jpg\",\"width\":600,\"height\":600,\"caption\":\"Sour-Diesel-Cannabis-Oil\"},{\"@type\":\"BreadcrumbList\",\"@id\":\"https:\/\/herbelegale.com\/product\/sour-diesel-cannabis-oil\/#breadcrumb\",\"itemListElement\":[{\"@type\":\"ListItem\",\"position\":1,\"name\":\"Home\",\"item\":\"https:\/\/herbelegale.com\/\"},{\"@type\":\"ListItem\",\"position\":2,\"name\":\"Boutique\",\"item\":\"https:\/\/herbelegale.com\/boutique\/\"},{\"@type\":\"ListItem\",\"position\":3,\"name\":\"Sour Diesel Cannabis Oil\"}]},{\"@type\":\"WebSite\",\"@id\":\"https:\/\/herbelegale.com\/#website\",\"url\":\"https:\/\/herbelegale.com\/\",\"name\":\"Herbe L\u00e9gale\",\"description\":\"Acheter de l&#039;herbe en ligne\",\"publisher\":{\"@id\":\"https:\/\/herbelegale.com\/#organization\"},\"potentialAction\":[{\"@type\":\"SearchAction\",\"target\":{\"@type\":\"EntryPoint\",\"urlTemplate\":\"https:\/\/herbelegale.com\/?s={search_term_string}\"},\"query-input\":{\"@type\":\"PropertyValueSpecification\",\"valueRequired\":true,\"valueName\":\"search_term_string\"}}],\"inLanguage\":\"it-IT\"},{\"@type\":\"Organization\",\"@id\":\"https:\/\/herbelegale.com\/#organization\",\"name\":\"Herbe L\u00e9gale\",\"url\":\"https:\/\/herbelegale.com\/\",\"logo\":{\"@type\":\"ImageObject\",\"inLanguage\":\"it-IT\",\"@id\":\"https:\/\/herbelegale.com\/#\/schema\/logo\/image\/\",\"url\":\"https:\/\/herbelegale.com\/wp-content\/uploads\/2023\/10\/logo-1.png\",\"contentUrl\":\"https:\/\/herbelegale.com\/wp-content\/uploads\/2023\/10\/logo-1.png\",\"width\":400,\"height\":120,\"caption\":\"Herbe L\u00e9gale\"},\"image\":{\"@id\":\"https:\/\/herbelegale.com\/#\/schema\/logo\/image\/\"}}]}<\/script>\n<!-- \/ Yoast SEO plugin. -->","yoast_head_json":{"title":"Acheter de l'huile de cannabis Skywalker OG en ligne","description":"Vous souhaitez acheter de l'huile de cannabis Skywalker OG en ligne \u00e0 un prix raisonnable ? Visitez notre magasin de produits chimiques en ligne r\u00e9put\u00e9 et achetez de l'huile de cannabis Skywalker OG en vente d\u00e8s aujourd'hui. Passez une commande maintenant et obtenez le meilleur tarif dans notre magasin.","robots":{"index":"index","follow":"follow","max-snippet":"max-snippet:-1","max-image-preview":"max-image-preview:large","max-video-preview":"max-video-preview:-1"},"canonical":"https:\/\/herbelegale.com\/it\/product\/sour-diesel-cannabis-oil\/","og_locale":"it_IT","og_type":"article","og_title":"Acheter de l'huile de cannabis Skywalker OG en ligne","og_description":"Vous souhaitez acheter de l'huile de cannabis Skywalker OG en ligne \u00e0 un prix raisonnable ? Visitez notre magasin de produits chimiques en ligne r\u00e9put\u00e9 et achetez de l'huile de cannabis Skywalker OG en vente d\u00e8s aujourd'hui. Passez une commande maintenant et obtenez le meilleur tarif dans notre magasin.","og_url":"https:\/\/herbelegale.com\/it\/product\/sour-diesel-cannabis-oil\/","og_site_name":"Herbe L\u00e9gale","article_modified_time":"2025-07-19T12:31:13+00:00","og_image":[{"width":600,"height":600,"url":"https:\/\/herbelegale.com\/wp-content\/uploads\/2023\/09\/Sour-Diesel-Cannabis-Oil.jpg","type":"image\/jpeg"}],"twitter_card":"summary_large_image","twitter_misc":{"Tempo di lettura stimato":"5 minuti"},"schema":{"@context":"https:\/\/schema.org","@graph":[{"@type":"WebPage","@id":"https:\/\/herbelegale.com\/product\/sour-diesel-cannabis-oil\/","url":"https:\/\/herbelegale.com\/product\/sour-diesel-cannabis-oil\/","name":"Acheter de l'huile de cannabis Skywalker OG en ligne","isPartOf":{"@id":"https:\/\/herbelegale.com\/#website"},"primaryImageOfPage":{"@id":"https:\/\/herbelegale.com\/product\/sour-diesel-cannabis-oil\/#primaryimage"},"image":{"@id":"https:\/\/herbelegale.com\/product\/sour-diesel-cannabis-oil\/#primaryimage"},"thumbnailUrl":"https:\/\/herbelegale.com\/wp-content\/uploads\/2023\/09\/Sour-Diesel-Cannabis-Oil.jpg","datePublished":"2023-09-30T10:46:42+00:00","dateModified":"2025-07-19T12:31:13+00:00","description":"Vous souhaitez acheter de l'huile de cannabis Skywalker OG en ligne \u00e0 un prix raisonnable ? Visitez notre magasin de produits chimiques en ligne r\u00e9put\u00e9 et achetez de l'huile de cannabis Skywalker OG en vente d\u00e8s aujourd'hui. Passez une commande maintenant et obtenez le meilleur tarif dans notre magasin.","breadcrumb":{"@id":"https:\/\/herbelegale.com\/product\/sour-diesel-cannabis-oil\/#breadcrumb"},"inLanguage":"it-IT","potentialAction":[{"@type":"ReadAction","target":["https:\/\/herbelegale.com\/product\/sour-diesel-cannabis-oil\/"]}]},{"@type":"ImageObject","inLanguage":"it-IT","@id":"https:\/\/herbelegale.com\/product\/sour-diesel-cannabis-oil\/#primaryimage","url":"https:\/\/herbelegale.com\/wp-content\/uploads\/2023\/09\/Sour-Diesel-Cannabis-Oil.jpg","contentUrl":"https:\/\/herbelegale.com\/wp-content\/uploads\/2023\/09\/Sour-Diesel-Cannabis-Oil.jpg","width":600,"height":600,"caption":"Sour-Diesel-Cannabis-Oil"},{"@type":"BreadcrumbList","@id":"https:\/\/herbelegale.com\/product\/sour-diesel-cannabis-oil\/#breadcrumb","itemListElement":[{"@type":"ListItem","position":1,"name":"Home","item":"https:\/\/herbelegale.com\/"},{"@type":"ListItem","position":2,"name":"Boutique","item":"https:\/\/herbelegale.com\/boutique\/"},{"@type":"ListItem","position":3,"name":"Sour Diesel Cannabis Oil"}]},{"@type":"WebSite","@id":"https:\/\/herbelegale.com\/#website","url":"https:\/\/herbelegale.com\/","name":"Herbe L\u00e9gale","description":"Acheter de l&#039;herbe en ligne","publisher":{"@id":"https:\/\/herbelegale.com\/#organization"},"potentialAction":[{"@type":"SearchAction","target":{"@type":"EntryPoint","urlTemplate":"https:\/\/herbelegale.com\/?s={search_term_string}"},"query-input":{"@type":"PropertyValueSpecification","valueRequired":true,"valueName":"search_term_string"}}],"inLanguage":"it-IT"},{"@type":"Organization","@id":"https:\/\/herbelegale.com\/#organization","name":"Herbe L\u00e9gale","url":"https:\/\/herbelegale.com\/","logo":{"@type":"ImageObject","inLanguage":"it-IT","@id":"https:\/\/herbelegale.com\/#\/schema\/logo\/image\/","url":"https:\/\/herbelegale.com\/wp-content\/uploads\/2023\/10\/logo-1.png","contentUrl":"https:\/\/herbelegale.com\/wp-content\/uploads\/2023\/10\/logo-1.png","width":400,"height":120,"caption":"Herbe L\u00e9gale"},"image":{"@id":"https:\/\/herbelegale.com\/#\/schema\/logo\/image\/"}}]}},"_links":{"self":[{"href":"https:\/\/herbelegale.com\/it\/wp-json\/wp\/v2\/product\/1391","targetHints":{"allow":["GET"]}}],"collection":[{"href":"https:\/\/herbelegale.com\/it\/wp-json\/wp\/v2\/product"}],"about":[{"href":"https:\/\/herbelegale.com\/it\/wp-json\/wp\/v2\/types\/product"}],"replies":[{"embeddable":true,"href":"https:\/\/herbelegale.com\/it\/wp-json\/wp\/v2\/comments?post=1391"}],"wp:featuredmedia":[{"embeddable":true,"href":"https:\/\/herbelegale.com\/it\/wp-json\/wp\/v2\/media\/1410"}],"wp:attachment":[{"href":"https:\/\/herbelegale.com\/it\/wp-json\/wp\/v2\/media?parent=1391"}],"wp:term":[{"taxonomy":"product_brand","embeddable":true,"href":"https:\/\/herbelegale.com\/it\/wp-json\/wp\/v2\/product_brand?post=1391"},{"taxonomy":"product_cat","embeddable":true,"href":"https:\/\/herbelegale.com\/it\/wp-json\/wp\/v2\/product_cat?post=1391"},{"taxonomy":"product_tag","embeddable":true,"href":"https:\/\/herbelegale.com\/it\/wp-json\/wp\/v2\/product_tag?post=1391"}],"curies":[{"name":"wp","href":"https:\/\/api.w.org\/{rel}","templated":true}]}}