{"id":1390,"date":"2023-09-30T10:46:45","date_gmt":"2023-09-30T10:46:45","guid":{"rendered":"https:\/\/nembutalhouse.com\/weed\/?post_type=product&#038;p=1390"},"modified":"2025-07-19T12:32:52","modified_gmt":"2025-07-19T12:32:52","slug":"tahoe-og-cannabis-oil","status":"publish","type":"product","link":"https:\/\/herbelegale.com\/it\/product\/tahoe-og-cannabis-oil\/","title":{"rendered":"Olio di cannabis Tahoe OG"},"content":{"rendered":"<h2><b>Olio di cannabis Tahoe OG: relax e serenit\u00e0 in un'unica bottiglia<\/b><\/h2>\n<h3><b>Introduzione all'olio di cannabis Tahoe OG<\/b><\/h3>\n<p><a href=\"https:\/\/herbelegale.com\/it\/product\/tahoe-og-cannabis-oil\/\">Olio di cannabis Tahoe OG<\/a> \u00e8 un estratto concentrato del ceppo Tahoe OG, un ceppo ibrido apprezzato per i suoi effetti calmanti e rilassanti. Noto per le sue potenti propriet\u00e0 terapeutiche, questo olio \u00e8 ideale per chi desidera alleviare lo stress, l'ansia e il dolore cronico. Se stai cercando un olio che offra sia rilassamento che un leggero effetto euforico, l'olio Tahoe OG \u00e8 la scelta perfetta.<\/p>\n<h3><b>Che cos'\u00e8 l'olio di cannabis Tahoe OG?<\/b><\/h3>\n<p><a href=\"https:\/\/en.wikipedia.org\/wiki\/Hash_oil\">Olio di cannabis Tahoe OG<\/a> \u00e8 un estratto concentrato derivato dal ceppo Tahoe OG, un ibrido rinomato per i suoi effetti profondamente rilassanti e calmanti. Viene spesso utilizzato per le sue propriet\u00e0 medicinali, in particolare per alleviare il dolore e ridurre lo stress. Questo prodotto naturale \u00e8 ricco di THC e CBD, due cannabinoidi responsabili della maggior parte dei suoi effetti terapeutici. L'olio viene ottenuto tramite un processo di estrazione avanzato, che consente di catturare il massimo sapore e la massima potenza.<\/p>\n<h3><b>Usi comuni ed effetti dell'olio Tahoe OG<\/b><\/h3>\n<p><b>Effetti principali:<\/b><\/p>\n<ul>\n<li style=\"font-weight: 400;\" aria-level=\"1\">G\u0142\u0119boki relaks cia\u0142a i umys\u0142u&nbsp;<\/li>\n<li style=\"font-weight: 400;\" aria-level=\"1\">Soulagement des douleurs chroniques (comme les douleurs articulaires)&nbsp;<\/li>\n<li style=\"font-weight: 400;\" aria-level=\"1\">En reduktion i stress og angst&nbsp;<\/li>\n<li style=\"font-weight: 400;\" aria-level=\"1\">Am\u00e9lioration du sommeil (przeciw bezsenno\u015bci)&nbsp;<\/li>\n<li style=\"font-weight: 400;\" aria-level=\"1\">Let, beroligende og behagelig euforisk effekt&nbsp;<\/li>\n<\/ul>\n<h3><b>Modalit\u00e0 di consumo:<\/b><\/h3>\n<ul>\n<li style=\"font-weight: 400;\" aria-level=\"1\">Sotto la lingua, per un rapido assorbimento dei cannabinoidi&nbsp;<\/li>\n<li style=\"font-weight: 400;\" aria-level=\"1\">Aggiunto a bevande o alimenti per un effetto pi\u00f9 delicato&nbsp;<\/li>\n<li style=\"font-weight: 400;\" aria-level=\"1\">Waporyzacja (kompatybilna z wykorzystaniem parownika)&nbsp;<\/li>\n<\/ul>\n<h3><b>Status giuridico: da verificare a seconda della regione<\/b><\/h3>\n<p>Lo status legale dell'olio Tahoe OG pu\u00f2 variare a seconda delle leggi locali. In alcune regioni la vendita e il consumo di prodotti a base di cannabis, compresi gli oli, sono severamente regolamentati. In altri luoghi, l'uso di questi prodotti pu\u00f2 essere legale per scopi ricreativi o medicinali.<\/p>\n<h3><b>Perch\u00e9 acquistare l'olio di cannabis Tahoe OG online?<\/b><\/h3>\n<p><b>Accessibilit\u00e0<\/b><\/p>\n<p>L'olio di cannabis Tahoe OG disponibile online \u00e8 un'ottima scelta per i consumatori che cercano un facile accesso a un prodotto di qualit\u00e0, ovunque si trovino. Facendo acquisti online puoi scoprire un'ampia gamma di prodotti, leggere le recensioni dei clienti e confrontare i prezzi.<\/p>\n<p><b>Diversit\u00e0 dei venditori<\/b><\/p>\n<p>Sono molti i venditori specializzati che propongono l'olio Tahoe OG online, ognuno con una linea di prodotti diversa. Ci\u00f2 consente di scegliere tra diverse opzioni, a seconda della qualit\u00e0, del prezzo e delle caratteristiche dell'olio.<\/p>\n<p><b>Consegna discreta e sicura<\/b><\/p>\n<p>Le migliori piattaforme offrono una consegna discreta, con imballaggi semplici, per garantire la riservatezza dei tuoi acquisti. Inoltre, molti siti offrono opzioni di consegna espressa e un accurato monitoraggio degli ordini.<\/p>\n<h3><b>Come scegliere un venditore affidabile da cui ordinare online l'olio di cannabis Tahoe OG?<\/b><\/h3>\n<p>Quando si acquista l'olio Tahoe OG, \u00e8 fondamentale scegliere un venditore affidabile per garantire la qualit\u00e0 del prodotto e la sicurezza della transazione. Ecco alcuni suggerimenti:<\/p>\n<ol>\n<li style=\"font-weight: 400;\" aria-level=\"1\">Controlla le recensioni dei clienti per assicurarti che il venditore abbia una buona reputazione e offra prodotti di qualit\u00e0.&nbsp;<\/li>\n<li style=\"font-weight: 400;\" aria-level=\"1\">Zapewnij przejrzysto\u015b\u0107 sprzedawcy dotycz\u0105cego pochodzenia i metod ekstrakcji l'huile&nbsp;<\/li>\n<li style=\"font-weight: 400;\" aria-level=\"1\">Scegli un sito sicuro per i tuoi pagamenti e le tue informazioni personali (cerca il lucchetto verde o \"https\" nell'URL).&nbsp;<\/li>\n<li style=\"font-weight: 400;\" aria-level=\"1\">Considera le opzioni di spedizione: il venditore offre una consegna rapida e discreta? Offrono costi di spedizione ragionevoli?<\/li>\n<\/ol>\n<h3><b>Politiche di spedizione<\/b><\/h3>\n<p>I prodotti pi\u00f9 venduti offrono politiche di spedizione trasparenti. Per una maggiore tranquillit\u00e0, assicurati che il venditore offra una spedizione discreta, con un imballaggio semplice e che includa il tracciamento dell'ordine. Controlla anche se offrono opzioni di consegna espressa o spedizione gratuita a seconda del valore dell'ordine.<\/p>\n<h3><b>Rischi e precauzioni da adottare<\/b><\/h3>\n<p><b>Rischi per la salute<\/b><\/p>\n<p>Sebbene l'olio Tahoe OG offra molti benefici, \u00e8 essenziale adottare alcune precauzioni, tra cui:<\/p>\n<ul>\n<li style=\"font-weight: 400;\" aria-level=\"1\">Nadmierna senno\u015b\u0107 lub uczucie zm\u0119czenia&nbsp;<\/li>\n<li style=\"font-weight: 400;\" aria-level=\"1\">Ansia o paranoia nelle persone sensibili&nbsp;<\/li>\n<li style=\"font-weight: 400;\" aria-level=\"1\">Interazione con i farmaci (consultare un medico se si stanno assumendo farmaci)&nbsp;<\/li>\n<\/ul>\n<h3><b>Precauzioni da prendere:<\/b><\/h3>\n<ul>\n<li style=\"font-weight: 400;\" aria-level=\"1\">Start med sm\u00e5 doser for at vurdere din tolerance.&nbsp;<\/li>\n<li style=\"font-weight: 400;\" aria-level=\"1\">Nie nale\u017cy prowadzi\u0107 pojazdu po zastosowaniu olejku konopnego.&nbsp;<\/li>\n<li style=\"font-weight: 400;\" aria-level=\"1\">Consultare un medico prima dell'uso in caso di gravidanza, allattamento o assunzione di farmaci.&nbsp;<\/li>\n<\/ul>\n<h3><b>Conclusione: senti la serenit\u00e0 con l'olio Tahoe OG<\/b><\/h3>\n<p>L'olio di cannabis Tahoe OG \u00e8 un'eccellente soluzione per chi cerca un profondo rilassamento e un efficace sollievo dal dolore e dallo stress. Grazie alle sue propriet\u00e0 calmanti e terapeutiche, \u00e8 ideale per migliorare il sonno e ridurre l'ansia. Acquistare l'olio Tahoe OG online \u00e8 facile e comodo e ti consente di ricevere questo olio di qualit\u00e0 direttamente a casa tua.<\/p>","protected":false},"excerpt":{"rendered":"<p>Huile de Cannabis Tahoe OG \u2013 Relaxation et S\u00e9r\u00e9nit\u00e9 en Un Seul Flacon Introduction \u00e0 l&rsquo;Huile de Cannabis Tahoe OG L&rsquo;huile de cannabis Tahoe OG est un extrait concentr\u00e9 de la vari\u00e9t\u00e9 Tahoe OG, une souche hybride populaire pour ses effets apaisants et relaxants. Connue pour ses propri\u00e9t\u00e9s th\u00e9rapeutiques puissantes, cette huile est id\u00e9ale pour&#8230;<\/p>","protected":false},"featured_media":1411,"comment_status":"open","ping_status":"closed","template":"","meta":{"_kadence_starter_templates_imported_post":false,"_kad_post_transparent":"default","_kad_post_title":"","_kad_post_layout":"default","_kad_post_sidebar_id":"","_kad_post_content_style":"default","_kad_post_vertical_padding":"default","_kad_post_feature":"","_kad_post_feature_position":"","_kad_post_header":false,"_kad_post_footer":false,"_joinchat":[]},"product_brand":[],"product_cat":[30],"product_tag":[],"class_list":{"0":"post-1390","1":"product","2":"type-product","3":"status-publish","4":"has-post-thumbnail","6":"product_cat-huile-de-cannabis-thc","8":"first","9":"instock","10":"shipping-taxable","11":"purchasable","12":"product-type-variable","13":"entry","14":"content-bg","15":"loop-entry"},"yoast_head":"<!-- This site is optimized with the Yoast SEO plugin v23.5 - https:\/\/yoast.com\/wordpress\/plugins\/seo\/ -->\n<title>Acheter de l&#039;huile de cannabis Tahoe OG en ligne<\/title>\n<meta name=\"description\" content=\"Notre boutique en ligne Herbelegale propose \u00e0 la vente l&#039;huile de cannabis Tahoe OG de la meilleure qualit\u00e9. Si vous souhaitez acheter de l&#039;huile de cannabis Tahoe OG en ligne, nous pouvons vous aider de toutes parts. Commandez d\u00e8s aujourd&#039;hui !\" \/>\n<meta name=\"robots\" content=\"index, follow, max-snippet:-1, max-image-preview:large, max-video-preview:-1\" \/>\n<link rel=\"canonical\" href=\"https:\/\/herbelegale.com\/it\/product\/tahoe-og-cannabis-oil\/\" \/>\n<meta property=\"og:locale\" content=\"it_IT\" \/>\n<meta property=\"og:type\" content=\"article\" \/>\n<meta property=\"og:title\" content=\"Acheter de l&#039;huile de cannabis Tahoe OG en ligne\" \/>\n<meta property=\"og:description\" content=\"Notre boutique en ligne Herbelegale propose \u00e0 la vente l&#039;huile de cannabis Tahoe OG de la meilleure qualit\u00e9. Si vous souhaitez acheter de l&#039;huile de cannabis Tahoe OG en ligne, nous pouvons vous aider de toutes parts. Commandez d\u00e8s aujourd&#039;hui !\" \/>\n<meta property=\"og:url\" content=\"https:\/\/herbelegale.com\/it\/product\/tahoe-og-cannabis-oil\/\" \/>\n<meta property=\"og:site_name\" content=\"Herbe L\u00e9gale\" \/>\n<meta property=\"article:modified_time\" content=\"2025-07-19T12:32:52+00:00\" \/>\n<meta property=\"og:image\" content=\"https:\/\/herbelegale.com\/wp-content\/uploads\/2023\/09\/Tahoe-OG-Cannabis-Oil.jpg\" \/>\n\t<meta property=\"og:image:width\" content=\"600\" \/>\n\t<meta property=\"og:image:height\" content=\"600\" \/>\n\t<meta property=\"og:image:type\" content=\"image\/jpeg\" \/>\n<meta name=\"twitter:card\" content=\"summary_large_image\" \/>\n<meta name=\"twitter:label1\" content=\"Tempo di lettura stimato\" \/>\n\t<meta name=\"twitter:data1\" content=\"4 minuti\" \/>\n<script type=\"application\/ld+json\" class=\"yoast-schema-graph\">{\"@context\":\"https:\/\/schema.org\",\"@graph\":[{\"@type\":\"WebPage\",\"@id\":\"https:\/\/herbelegale.com\/product\/tahoe-og-cannabis-oil\/\",\"url\":\"https:\/\/herbelegale.com\/product\/tahoe-og-cannabis-oil\/\",\"name\":\"Acheter de l'huile de cannabis Tahoe OG en ligne\",\"isPartOf\":{\"@id\":\"https:\/\/herbelegale.com\/#website\"},\"primaryImageOfPage\":{\"@id\":\"https:\/\/herbelegale.com\/product\/tahoe-og-cannabis-oil\/#primaryimage\"},\"image\":{\"@id\":\"https:\/\/herbelegale.com\/product\/tahoe-og-cannabis-oil\/#primaryimage\"},\"thumbnailUrl\":\"https:\/\/herbelegale.com\/wp-content\/uploads\/2023\/09\/Tahoe-OG-Cannabis-Oil.jpg\",\"datePublished\":\"2023-09-30T10:46:45+00:00\",\"dateModified\":\"2025-07-19T12:32:52+00:00\",\"description\":\"Notre boutique en ligne Herbelegale propose \u00e0 la vente l'huile de cannabis Tahoe OG de la meilleure qualit\u00e9. Si vous souhaitez acheter de l'huile de cannabis Tahoe OG en ligne, nous pouvons vous aider de toutes parts. Commandez d\u00e8s aujourd'hui !\",\"breadcrumb\":{\"@id\":\"https:\/\/herbelegale.com\/product\/tahoe-og-cannabis-oil\/#breadcrumb\"},\"inLanguage\":\"it-IT\",\"potentialAction\":[{\"@type\":\"ReadAction\",\"target\":[\"https:\/\/herbelegale.com\/product\/tahoe-og-cannabis-oil\/\"]}]},{\"@type\":\"ImageObject\",\"inLanguage\":\"it-IT\",\"@id\":\"https:\/\/herbelegale.com\/product\/tahoe-og-cannabis-oil\/#primaryimage\",\"url\":\"https:\/\/herbelegale.com\/wp-content\/uploads\/2023\/09\/Tahoe-OG-Cannabis-Oil.jpg\",\"contentUrl\":\"https:\/\/herbelegale.com\/wp-content\/uploads\/2023\/09\/Tahoe-OG-Cannabis-Oil.jpg\",\"width\":600,\"height\":600,\"caption\":\"Tahoe-OG-Cannabis-Oil\"},{\"@type\":\"BreadcrumbList\",\"@id\":\"https:\/\/herbelegale.com\/product\/tahoe-og-cannabis-oil\/#breadcrumb\",\"itemListElement\":[{\"@type\":\"ListItem\",\"position\":1,\"name\":\"Home\",\"item\":\"https:\/\/herbelegale.com\/\"},{\"@type\":\"ListItem\",\"position\":2,\"name\":\"Boutique\",\"item\":\"https:\/\/herbelegale.com\/boutique\/\"},{\"@type\":\"ListItem\",\"position\":3,\"name\":\"Tahoe OG Cannabis Oil\"}]},{\"@type\":\"WebSite\",\"@id\":\"https:\/\/herbelegale.com\/#website\",\"url\":\"https:\/\/herbelegale.com\/\",\"name\":\"Herbe L\u00e9gale\",\"description\":\"Acheter de l&#039;herbe en ligne\",\"publisher\":{\"@id\":\"https:\/\/herbelegale.com\/#organization\"},\"potentialAction\":[{\"@type\":\"SearchAction\",\"target\":{\"@type\":\"EntryPoint\",\"urlTemplate\":\"https:\/\/herbelegale.com\/?s={search_term_string}\"},\"query-input\":{\"@type\":\"PropertyValueSpecification\",\"valueRequired\":true,\"valueName\":\"search_term_string\"}}],\"inLanguage\":\"it-IT\"},{\"@type\":\"Organization\",\"@id\":\"https:\/\/herbelegale.com\/#organization\",\"name\":\"Herbe L\u00e9gale\",\"url\":\"https:\/\/herbelegale.com\/\",\"logo\":{\"@type\":\"ImageObject\",\"inLanguage\":\"it-IT\",\"@id\":\"https:\/\/herbelegale.com\/#\/schema\/logo\/image\/\",\"url\":\"https:\/\/herbelegale.com\/wp-content\/uploads\/2023\/10\/logo-1.png\",\"contentUrl\":\"https:\/\/herbelegale.com\/wp-content\/uploads\/2023\/10\/logo-1.png\",\"width\":400,\"height\":120,\"caption\":\"Herbe L\u00e9gale\"},\"image\":{\"@id\":\"https:\/\/herbelegale.com\/#\/schema\/logo\/image\/\"}}]}<\/script>\n<!-- \/ Yoast SEO plugin. -->","yoast_head_json":{"title":"Acheter de l'huile de cannabis Tahoe OG en ligne","description":"Notre boutique en ligne Herbelegale propose \u00e0 la vente l'huile de cannabis Tahoe OG de la meilleure qualit\u00e9. Si vous souhaitez acheter de l'huile de cannabis Tahoe OG en ligne, nous pouvons vous aider de toutes parts. Commandez d\u00e8s aujourd'hui !","robots":{"index":"index","follow":"follow","max-snippet":"max-snippet:-1","max-image-preview":"max-image-preview:large","max-video-preview":"max-video-preview:-1"},"canonical":"https:\/\/herbelegale.com\/it\/product\/tahoe-og-cannabis-oil\/","og_locale":"it_IT","og_type":"article","og_title":"Acheter de l'huile de cannabis Tahoe OG en ligne","og_description":"Notre boutique en ligne Herbelegale propose \u00e0 la vente l'huile de cannabis Tahoe OG de la meilleure qualit\u00e9. Si vous souhaitez acheter de l'huile de cannabis Tahoe OG en ligne, nous pouvons vous aider de toutes parts. Commandez d\u00e8s aujourd'hui !","og_url":"https:\/\/herbelegale.com\/it\/product\/tahoe-og-cannabis-oil\/","og_site_name":"Herbe L\u00e9gale","article_modified_time":"2025-07-19T12:32:52+00:00","og_image":[{"width":600,"height":600,"url":"https:\/\/herbelegale.com\/wp-content\/uploads\/2023\/09\/Tahoe-OG-Cannabis-Oil.jpg","type":"image\/jpeg"}],"twitter_card":"summary_large_image","twitter_misc":{"Tempo di lettura stimato":"4 minuti"},"schema":{"@context":"https:\/\/schema.org","@graph":[{"@type":"WebPage","@id":"https:\/\/herbelegale.com\/product\/tahoe-og-cannabis-oil\/","url":"https:\/\/herbelegale.com\/product\/tahoe-og-cannabis-oil\/","name":"Acheter de l'huile de cannabis Tahoe OG en ligne","isPartOf":{"@id":"https:\/\/herbelegale.com\/#website"},"primaryImageOfPage":{"@id":"https:\/\/herbelegale.com\/product\/tahoe-og-cannabis-oil\/#primaryimage"},"image":{"@id":"https:\/\/herbelegale.com\/product\/tahoe-og-cannabis-oil\/#primaryimage"},"thumbnailUrl":"https:\/\/herbelegale.com\/wp-content\/uploads\/2023\/09\/Tahoe-OG-Cannabis-Oil.jpg","datePublished":"2023-09-30T10:46:45+00:00","dateModified":"2025-07-19T12:32:52+00:00","description":"Notre boutique en ligne Herbelegale propose \u00e0 la vente l'huile de cannabis Tahoe OG de la meilleure qualit\u00e9. Si vous souhaitez acheter de l'huile de cannabis Tahoe OG en ligne, nous pouvons vous aider de toutes parts. Commandez d\u00e8s aujourd'hui !","breadcrumb":{"@id":"https:\/\/herbelegale.com\/product\/tahoe-og-cannabis-oil\/#breadcrumb"},"inLanguage":"it-IT","potentialAction":[{"@type":"ReadAction","target":["https:\/\/herbelegale.com\/product\/tahoe-og-cannabis-oil\/"]}]},{"@type":"ImageObject","inLanguage":"it-IT","@id":"https:\/\/herbelegale.com\/product\/tahoe-og-cannabis-oil\/#primaryimage","url":"https:\/\/herbelegale.com\/wp-content\/uploads\/2023\/09\/Tahoe-OG-Cannabis-Oil.jpg","contentUrl":"https:\/\/herbelegale.com\/wp-content\/uploads\/2023\/09\/Tahoe-OG-Cannabis-Oil.jpg","width":600,"height":600,"caption":"Tahoe-OG-Cannabis-Oil"},{"@type":"BreadcrumbList","@id":"https:\/\/herbelegale.com\/product\/tahoe-og-cannabis-oil\/#breadcrumb","itemListElement":[{"@type":"ListItem","position":1,"name":"Home","item":"https:\/\/herbelegale.com\/"},{"@type":"ListItem","position":2,"name":"Boutique","item":"https:\/\/herbelegale.com\/boutique\/"},{"@type":"ListItem","position":3,"name":"Tahoe OG Cannabis Oil"}]},{"@type":"WebSite","@id":"https:\/\/herbelegale.com\/#website","url":"https:\/\/herbelegale.com\/","name":"Herbe L\u00e9gale","description":"Acheter de l&#039;herbe en ligne","publisher":{"@id":"https:\/\/herbelegale.com\/#organization"},"potentialAction":[{"@type":"SearchAction","target":{"@type":"EntryPoint","urlTemplate":"https:\/\/herbelegale.com\/?s={search_term_string}"},"query-input":{"@type":"PropertyValueSpecification","valueRequired":true,"valueName":"search_term_string"}}],"inLanguage":"it-IT"},{"@type":"Organization","@id":"https:\/\/herbelegale.com\/#organization","name":"Herbe L\u00e9gale","url":"https:\/\/herbelegale.com\/","logo":{"@type":"ImageObject","inLanguage":"it-IT","@id":"https:\/\/herbelegale.com\/#\/schema\/logo\/image\/","url":"https:\/\/herbelegale.com\/wp-content\/uploads\/2023\/10\/logo-1.png","contentUrl":"https:\/\/herbelegale.com\/wp-content\/uploads\/2023\/10\/logo-1.png","width":400,"height":120,"caption":"Herbe L\u00e9gale"},"image":{"@id":"https:\/\/herbelegale.com\/#\/schema\/logo\/image\/"}}]}},"_links":{"self":[{"href":"https:\/\/herbelegale.com\/it\/wp-json\/wp\/v2\/product\/1390","targetHints":{"allow":["GET"]}}],"collection":[{"href":"https:\/\/herbelegale.com\/it\/wp-json\/wp\/v2\/product"}],"about":[{"href":"https:\/\/herbelegale.com\/it\/wp-json\/wp\/v2\/types\/product"}],"replies":[{"embeddable":true,"href":"https:\/\/herbelegale.com\/it\/wp-json\/wp\/v2\/comments?post=1390"}],"wp:featuredmedia":[{"embeddable":true,"href":"https:\/\/herbelegale.com\/it\/wp-json\/wp\/v2\/media\/1411"}],"wp:attachment":[{"href":"https:\/\/herbelegale.com\/it\/wp-json\/wp\/v2\/media?parent=1390"}],"wp:term":[{"taxonomy":"product_brand","embeddable":true,"href":"https:\/\/herbelegale.com\/it\/wp-json\/wp\/v2\/product_brand?post=1390"},{"taxonomy":"product_cat","embeddable":true,"href":"https:\/\/herbelegale.com\/it\/wp-json\/wp\/v2\/product_cat?post=1390"},{"taxonomy":"product_tag","embeddable":true,"href":"https:\/\/herbelegale.com\/it\/wp-json\/wp\/v2\/product_tag?post=1390"}],"curies":[{"name":"wp","href":"https:\/\/api.w.org\/{rel}","templated":true}]}}