{"id":1389,"date":"2023-09-30T10:46:40","date_gmt":"2023-09-30T10:46:40","guid":{"rendered":"https:\/\/nembutalhouse.com\/weed\/?post_type=product&#038;p=1389"},"modified":"2025-07-19T12:28:00","modified_gmt":"2025-07-19T12:28:00","slug":"skywalker-og-cannabis-oil","status":"publish","type":"product","link":"https:\/\/herbelegale.com\/it\/product\/skywalker-og-cannabis-oil\/","title":{"rendered":"Olio di cannabis Skywalker OG"},"content":{"rendered":"<h2><b>Olio di cannabis Skywalker OG: potenza e serenit\u00e0 in ogni goccia<\/b><\/h2>\n<h3><b>Introduzione all'olio di cannabis Skywalker OG<\/b><\/h3>\n<p><a href=\"https:\/\/herbelegale.com\/it\/product\/skywalker-og-cannabis-oil\/\">L&rsquo;Huile de Cannabis Skywalker OG<\/a> \u00e8 un estratto di cannabis di prima qualit\u00e0, derivato dalla famosa variet\u00e0 Skywalker OG, nota per i suoi effetti potenti e calmanti. Ideale per chi cerca un'esperienza sia ricreativa che terapeutica, questo olio offre un'alta concentrazione di THC e CBD, donando un profondo rilassamento e sollievo da vari disturbi. Arricchito con aromi dolci e terrosi, l'olio Skywalker OG \u00e8 la scelta ideale per chi desidera un concentrato di cannabis di prima qualit\u00e0.<\/p>\n<h3><b>Che cos'\u00e8 l'olio di cannabis Skywalker OG?<\/b><\/h3>\n<p><a href=\"https:\/\/en.wikipedia.org\/wiki\/Cannabis\">L&rsquo;Huile de Cannabis Skywalker OG<\/a> \u00e8 un estratto concentrato di cannabis derivato dalla variet\u00e0 Skywalker OG, una variet\u00e0 ibrida rinomata per i suoi effetti rilassanti ed euforici. Grazie ad un attento processo di estrazione, l'olio conserva un'elevata concentrazione di cannabinoidi, tra cui THC e CBD, nonch\u00e9 di terpeni responsabili dei suoi aromi unici. Questo olio \u00e8 ideale per chi cerca un prodotto versatile che possa essere utilizzato sia per scopi medici che ricreativi.<\/p>\n<p>Pu\u00f2 essere assunto in vari modi: gocce sotto la lingua, incorporato al cibo o addirittura utilizzato in un vaporizzatore adatto all'inalazione.<\/p>\n<h3><b>Usi ed effetti comuni dell'olio di cannabis Skywalker OG<\/b><\/h3>\n<p>L'olio Skywalker OG viene utilizzato principalmente per i suoi effetti rilassanti e antistress. Pu\u00f2 anche essere un'ottima scelta per alleviare vari disturbi. Ecco i principali benefici ed effetti che questo olio pu\u00f2 apportare:<\/p>\n<h3><b>Effetti tipici:<\/b><\/h3>\n<ul>\n<li style=\"font-weight: 400;\" aria-level=\"1\">Relaks mi\u0119\u015bni i og\u00f3lne odpr\u0119\u017cenie&nbsp;<\/li>\n<li style=\"font-weight: 400;\" aria-level=\"1\">En reduktion i stress og angst&nbsp;<\/li>\n<li style=\"font-weight: 400;\" aria-level=\"1\">Am\u00e9lioration du sommeil (przeciw bezsenno\u015bci)&nbsp;<\/li>\n<li style=\"font-weight: 400;\" aria-level=\"1\">Soulagement des douleurs chroniques (comme les douleurs articulaires)&nbsp;<\/li>\n<li style=\"font-weight: 400;\" aria-level=\"1\">Uczucie delikatnej i d\u0142ugotrwa\u0142ej euforii&nbsp;<\/li>\n<\/ul>\n<h3><b>Modalit\u00e0 di consumo:<\/b><\/h3>\n<ul>\n<li style=\"font-weight: 400;\" aria-level=\"1\">Gouttes sous la langue (\u0142atwo\u015b\u0107 dozowania)&nbsp;<\/li>\n<li style=\"font-weight: 400;\" aria-level=\"1\">M\u00e9lang\u00e9e \u00e0 des aliments (smoothies, th\u00e9 osv.)&nbsp;<\/li>\n<li style=\"font-weight: 400;\" aria-level=\"1\">Waporyzacja (kompatybilna z wykorzystaniem parownika)&nbsp;<\/li>\n<li style=\"font-weight: 400;\" aria-level=\"1\">Indtagelse af kapsler (i disponible)&nbsp;<\/li>\n<\/ul>\n<h3><b>Status giuridico: un quadro che varia a seconda della regione<\/b><\/h3>\n<p>Lo status legale dell'olio Skywalker OG dipende in larga misura dalla regione o dal paese. In alcune giurisdizioni, l'uso e la vendita di prodotti a base di cannabis, compreso l'olio, possono essere del tutto legali, mentre in altre il loro utilizzo \u00e8 severamente regolamentato o addirittura proibito.<\/p>\n<p>Suggerimento: prima di ordinare online l'olio di cannabis Skywalker OG, assicurati di conoscere le leggi locali in materia di acquisto e utilizzo di prodotti a base di cannabis.<\/p>\n<h3><b>Perch\u00e9 acquistare l'olio di cannabis Skywalker OG online?<\/b><\/h3>\n<p><b>Accessibilit\u00e9 et praticit\u00e9<\/b><\/p>\n<p>Acquistando l'olio Skywalker OG online potrai avere accesso a un prodotto di qualit\u00e0 superiore senza dover uscire di casa. I negozi online offrono grande comodit\u00e0, tra cui opzioni di consegna discrete e veloci.<\/p>\n<p><b>Diversit\u00e0 dei venditori<\/b><\/p>\n<p>Internet consente di scegliere tra un'ampia gamma di venditori specializzati nella vendita di prodotti a base di cannabis. Questo ti d\u00e0 l'opportunit\u00e0 di confrontare prezzi, qualit\u00e0 e origini dei prodotti per trovare l'olio Skywalker OG ideale per i tuoi gusti e il tuo budget.<\/p>\n<p><b>Consegna discreta e sicura<\/b><\/p>\n<p>Le migliori piattaforme offrono una consegna discreta, con imballaggi semplici, per garantire la riservatezza dei tuoi acquisti. Inoltre, molti siti offrono opzioni di consegna espressa e un accurato monitoraggio degli ordini.<\/p>\n<h3><b>Come scegliere un venditore affidabile da cui ordinare online l'olio di cannabis Skywalker OG?<\/b><\/h3>\n<p>Pour vous zapewnieniar de recevoir un produit de qualit\u00e9 et \u00e9viter les mauvaises niespodzianki, voici quelques conseils pour choisir un vendeur fiable :<\/p>\n<ol>\n<li style=\"font-weight: 400;\" aria-level=\"1\">V\u00e9rifiez la r\u00e9putation du vendeur via des avis clients et des recommandations&nbsp;<\/li>\n<li style=\"font-weight: 400;\" aria-level=\"1\">Zapewnij przejrzysto\u015b\u0107 sprzedawcy dotycz\u0105cego pochodzenia i metod ekstrakcji l'huile&nbsp;<\/li>\n<li style=\"font-weight: 400;\" aria-level=\"1\">S\u00e9curisez vos paiements en choisissant des sites qui proposent des m\u00e9thodes de paiement s\u00fbres&nbsp;<\/li>\n<li style=\"font-weight: 400;\" aria-level=\"1\">Consultez la politique de retour et d\u2019\u00e9change du site, au cas o\u00f9 le produit ne korespondent pas \u00e0 vos attentes<\/li>\n<\/ol>\n<h3><b>Politiche di spedizione<\/b><\/h3>\n<p>I siti affidabili offrono spedizioni veloci con tracciamento dettagliato dell'ordine. Puoi anche scegliere opzioni di consegna discrete, che garantiscono la riservatezza dei tuoi acquisti. Alcuni venditori offrono addirittura spese di spedizione scontate o gratuite, a seconda dell'importo dell'ordine.<\/p>\n<h3><b>In conclusione: rilassati e goditi la qualit\u00e0 OG Skywalker, direttamente a casa tua<\/b><\/h3>\n<p>L'olio di cannabis Skywalker OG \u00e8 la scelta ideale per chi cerca un prodotto naturale e potente per alleviare lo stress, il dolore o migliorare la qualit\u00e0 del sonno. Acquistando online, puoi ordinare facilmente l'olio Skywalker OG, con la garanzia di una consegna discreta e un'esperienza di acquisto sicura.<\/p>","protected":false},"excerpt":{"rendered":"<p>Huile de Cannabis Skywalker OG \u2013 La Puissance et la S\u00e9r\u00e9nit\u00e9 dans Chaque Goutte Introduction \u00e0 l&rsquo;Huile de Cannabis Skywalker OG L&rsquo;Huile de Cannabis Skywalker OG est un extrait de cannabis premium, d\u00e9riv\u00e9 de la c\u00e9l\u00e8bre souche Skywalker OG, connue pour ses effets puissants et apaisants. Id\u00e9ale pour ceux qui recherchent \u00e0 la fois une&#8230;<\/p>","protected":false},"featured_media":1409,"comment_status":"open","ping_status":"closed","template":"","meta":{"_kadence_starter_templates_imported_post":false,"_kad_post_transparent":"default","_kad_post_title":"","_kad_post_layout":"default","_kad_post_sidebar_id":"","_kad_post_content_style":"default","_kad_post_vertical_padding":"default","_kad_post_feature":"","_kad_post_feature_position":"","_kad_post_header":false,"_kad_post_footer":false,"_joinchat":[]},"product_brand":[],"product_cat":[30],"product_tag":[],"class_list":{"0":"post-1389","1":"product","2":"type-product","3":"status-publish","4":"has-post-thumbnail","6":"product_cat-huile-de-cannabis-thc","8":"first","9":"instock","10":"shipping-taxable","11":"purchasable","12":"product-type-variable","13":"entry","14":"content-bg","15":"loop-entry"},"yoast_head":"<!-- This site is optimized with the Yoast SEO plugin v23.5 - https:\/\/yoast.com\/wordpress\/plugins\/seo\/ -->\n<title>Acheter de l&#039;huile de cannabis OG Kush en lig<\/title>\n<meta name=\"description\" content=\"Vous pouvez entrer en contact avec notre boutique en ligne et acheter de l&#039;huile de cannabis OG Kush en ligne. Nous avons de l&#039;huile de cannabis OG Kush \u00e0 vendre \u00e0 des prix bon march\u00e9. Procurez-vous la v\u00f4tre chez vous tout de suite !\" \/>\n<meta name=\"robots\" content=\"index, follow, max-snippet:-1, max-image-preview:large, max-video-preview:-1\" \/>\n<link rel=\"canonical\" href=\"https:\/\/herbelegale.com\/it\/product\/skywalker-og-cannabis-oil\/\" \/>\n<meta property=\"og:locale\" content=\"it_IT\" \/>\n<meta property=\"og:type\" content=\"article\" \/>\n<meta property=\"og:title\" content=\"Acheter de l&#039;huile de cannabis OG Kush en lig\" \/>\n<meta property=\"og:description\" content=\"Vous pouvez entrer en contact avec notre boutique en ligne et acheter de l&#039;huile de cannabis OG Kush en ligne. Nous avons de l&#039;huile de cannabis OG Kush \u00e0 vendre \u00e0 des prix bon march\u00e9. Procurez-vous la v\u00f4tre chez vous tout de suite !\" \/>\n<meta property=\"og:url\" content=\"https:\/\/herbelegale.com\/it\/product\/skywalker-og-cannabis-oil\/\" \/>\n<meta property=\"og:site_name\" content=\"Herbe L\u00e9gale\" \/>\n<meta property=\"article:modified_time\" content=\"2025-07-19T12:28:00+00:00\" \/>\n<meta property=\"og:image\" content=\"https:\/\/herbelegale.com\/wp-content\/uploads\/2023\/09\/Skywalker-OG-Cannabis-Oil.jpg\" \/>\n\t<meta property=\"og:image:width\" content=\"600\" \/>\n\t<meta property=\"og:image:height\" content=\"600\" \/>\n\t<meta property=\"og:image:type\" content=\"image\/jpeg\" \/>\n<meta name=\"twitter:card\" content=\"summary_large_image\" \/>\n<meta name=\"twitter:label1\" content=\"Tempo di lettura stimato\" \/>\n\t<meta name=\"twitter:data1\" content=\"4 minuti\" \/>\n<script type=\"application\/ld+json\" class=\"yoast-schema-graph\">{\"@context\":\"https:\/\/schema.org\",\"@graph\":[{\"@type\":\"WebPage\",\"@id\":\"https:\/\/herbelegale.com\/product\/skywalker-og-cannabis-oil\/\",\"url\":\"https:\/\/herbelegale.com\/product\/skywalker-og-cannabis-oil\/\",\"name\":\"Acheter de l'huile de cannabis OG Kush en lig\",\"isPartOf\":{\"@id\":\"https:\/\/herbelegale.com\/#website\"},\"primaryImageOfPage\":{\"@id\":\"https:\/\/herbelegale.com\/product\/skywalker-og-cannabis-oil\/#primaryimage\"},\"image\":{\"@id\":\"https:\/\/herbelegale.com\/product\/skywalker-og-cannabis-oil\/#primaryimage\"},\"thumbnailUrl\":\"https:\/\/herbelegale.com\/wp-content\/uploads\/2023\/09\/Skywalker-OG-Cannabis-Oil.jpg\",\"datePublished\":\"2023-09-30T10:46:40+00:00\",\"dateModified\":\"2025-07-19T12:28:00+00:00\",\"description\":\"Vous pouvez entrer en contact avec notre boutique en ligne et acheter de l'huile de cannabis OG Kush en ligne. Nous avons de l'huile de cannabis OG Kush \u00e0 vendre \u00e0 des prix bon march\u00e9. Procurez-vous la v\u00f4tre chez vous tout de suite !\",\"breadcrumb\":{\"@id\":\"https:\/\/herbelegale.com\/product\/skywalker-og-cannabis-oil\/#breadcrumb\"},\"inLanguage\":\"it-IT\",\"potentialAction\":[{\"@type\":\"ReadAction\",\"target\":[\"https:\/\/herbelegale.com\/product\/skywalker-og-cannabis-oil\/\"]}]},{\"@type\":\"ImageObject\",\"inLanguage\":\"it-IT\",\"@id\":\"https:\/\/herbelegale.com\/product\/skywalker-og-cannabis-oil\/#primaryimage\",\"url\":\"https:\/\/herbelegale.com\/wp-content\/uploads\/2023\/09\/Skywalker-OG-Cannabis-Oil.jpg\",\"contentUrl\":\"https:\/\/herbelegale.com\/wp-content\/uploads\/2023\/09\/Skywalker-OG-Cannabis-Oil.jpg\",\"width\":600,\"height\":600,\"caption\":\"Skywalker-OG-Cannabis-Oil\"},{\"@type\":\"BreadcrumbList\",\"@id\":\"https:\/\/herbelegale.com\/product\/skywalker-og-cannabis-oil\/#breadcrumb\",\"itemListElement\":[{\"@type\":\"ListItem\",\"position\":1,\"name\":\"Home\",\"item\":\"https:\/\/herbelegale.com\/\"},{\"@type\":\"ListItem\",\"position\":2,\"name\":\"Boutique\",\"item\":\"https:\/\/herbelegale.com\/boutique\/\"},{\"@type\":\"ListItem\",\"position\":3,\"name\":\"Skywalker OG Cannabis Oil\"}]},{\"@type\":\"WebSite\",\"@id\":\"https:\/\/herbelegale.com\/#website\",\"url\":\"https:\/\/herbelegale.com\/\",\"name\":\"Herbe L\u00e9gale\",\"description\":\"Acheter de l&#039;herbe en ligne\",\"publisher\":{\"@id\":\"https:\/\/herbelegale.com\/#organization\"},\"potentialAction\":[{\"@type\":\"SearchAction\",\"target\":{\"@type\":\"EntryPoint\",\"urlTemplate\":\"https:\/\/herbelegale.com\/?s={search_term_string}\"},\"query-input\":{\"@type\":\"PropertyValueSpecification\",\"valueRequired\":true,\"valueName\":\"search_term_string\"}}],\"inLanguage\":\"it-IT\"},{\"@type\":\"Organization\",\"@id\":\"https:\/\/herbelegale.com\/#organization\",\"name\":\"Herbe L\u00e9gale\",\"url\":\"https:\/\/herbelegale.com\/\",\"logo\":{\"@type\":\"ImageObject\",\"inLanguage\":\"it-IT\",\"@id\":\"https:\/\/herbelegale.com\/#\/schema\/logo\/image\/\",\"url\":\"https:\/\/herbelegale.com\/wp-content\/uploads\/2023\/10\/logo-1.png\",\"contentUrl\":\"https:\/\/herbelegale.com\/wp-content\/uploads\/2023\/10\/logo-1.png\",\"width\":400,\"height\":120,\"caption\":\"Herbe L\u00e9gale\"},\"image\":{\"@id\":\"https:\/\/herbelegale.com\/#\/schema\/logo\/image\/\"}}]}<\/script>\n<!-- \/ Yoast SEO plugin. -->","yoast_head_json":{"title":"Acheter de l'huile de cannabis OG Kush en lig","description":"Vous pouvez entrer en contact avec notre boutique en ligne et acheter de l'huile de cannabis OG Kush en ligne. Nous avons de l'huile de cannabis OG Kush \u00e0 vendre \u00e0 des prix bon march\u00e9. Procurez-vous la v\u00f4tre chez vous tout de suite !","robots":{"index":"index","follow":"follow","max-snippet":"max-snippet:-1","max-image-preview":"max-image-preview:large","max-video-preview":"max-video-preview:-1"},"canonical":"https:\/\/herbelegale.com\/it\/product\/skywalker-og-cannabis-oil\/","og_locale":"it_IT","og_type":"article","og_title":"Acheter de l'huile de cannabis OG Kush en lig","og_description":"Vous pouvez entrer en contact avec notre boutique en ligne et acheter de l'huile de cannabis OG Kush en ligne. Nous avons de l'huile de cannabis OG Kush \u00e0 vendre \u00e0 des prix bon march\u00e9. Procurez-vous la v\u00f4tre chez vous tout de suite !","og_url":"https:\/\/herbelegale.com\/it\/product\/skywalker-og-cannabis-oil\/","og_site_name":"Herbe L\u00e9gale","article_modified_time":"2025-07-19T12:28:00+00:00","og_image":[{"width":600,"height":600,"url":"https:\/\/herbelegale.com\/wp-content\/uploads\/2023\/09\/Skywalker-OG-Cannabis-Oil.jpg","type":"image\/jpeg"}],"twitter_card":"summary_large_image","twitter_misc":{"Tempo di lettura stimato":"4 minuti"},"schema":{"@context":"https:\/\/schema.org","@graph":[{"@type":"WebPage","@id":"https:\/\/herbelegale.com\/product\/skywalker-og-cannabis-oil\/","url":"https:\/\/herbelegale.com\/product\/skywalker-og-cannabis-oil\/","name":"Acheter de l'huile de cannabis OG Kush en lig","isPartOf":{"@id":"https:\/\/herbelegale.com\/#website"},"primaryImageOfPage":{"@id":"https:\/\/herbelegale.com\/product\/skywalker-og-cannabis-oil\/#primaryimage"},"image":{"@id":"https:\/\/herbelegale.com\/product\/skywalker-og-cannabis-oil\/#primaryimage"},"thumbnailUrl":"https:\/\/herbelegale.com\/wp-content\/uploads\/2023\/09\/Skywalker-OG-Cannabis-Oil.jpg","datePublished":"2023-09-30T10:46:40+00:00","dateModified":"2025-07-19T12:28:00+00:00","description":"Vous pouvez entrer en contact avec notre boutique en ligne et acheter de l'huile de cannabis OG Kush en ligne. Nous avons de l'huile de cannabis OG Kush \u00e0 vendre \u00e0 des prix bon march\u00e9. Procurez-vous la v\u00f4tre chez vous tout de suite !","breadcrumb":{"@id":"https:\/\/herbelegale.com\/product\/skywalker-og-cannabis-oil\/#breadcrumb"},"inLanguage":"it-IT","potentialAction":[{"@type":"ReadAction","target":["https:\/\/herbelegale.com\/product\/skywalker-og-cannabis-oil\/"]}]},{"@type":"ImageObject","inLanguage":"it-IT","@id":"https:\/\/herbelegale.com\/product\/skywalker-og-cannabis-oil\/#primaryimage","url":"https:\/\/herbelegale.com\/wp-content\/uploads\/2023\/09\/Skywalker-OG-Cannabis-Oil.jpg","contentUrl":"https:\/\/herbelegale.com\/wp-content\/uploads\/2023\/09\/Skywalker-OG-Cannabis-Oil.jpg","width":600,"height":600,"caption":"Skywalker-OG-Cannabis-Oil"},{"@type":"BreadcrumbList","@id":"https:\/\/herbelegale.com\/product\/skywalker-og-cannabis-oil\/#breadcrumb","itemListElement":[{"@type":"ListItem","position":1,"name":"Home","item":"https:\/\/herbelegale.com\/"},{"@type":"ListItem","position":2,"name":"Boutique","item":"https:\/\/herbelegale.com\/boutique\/"},{"@type":"ListItem","position":3,"name":"Skywalker OG Cannabis Oil"}]},{"@type":"WebSite","@id":"https:\/\/herbelegale.com\/#website","url":"https:\/\/herbelegale.com\/","name":"Herbe L\u00e9gale","description":"Acheter de l&#039;herbe en ligne","publisher":{"@id":"https:\/\/herbelegale.com\/#organization"},"potentialAction":[{"@type":"SearchAction","target":{"@type":"EntryPoint","urlTemplate":"https:\/\/herbelegale.com\/?s={search_term_string}"},"query-input":{"@type":"PropertyValueSpecification","valueRequired":true,"valueName":"search_term_string"}}],"inLanguage":"it-IT"},{"@type":"Organization","@id":"https:\/\/herbelegale.com\/#organization","name":"Herbe L\u00e9gale","url":"https:\/\/herbelegale.com\/","logo":{"@type":"ImageObject","inLanguage":"it-IT","@id":"https:\/\/herbelegale.com\/#\/schema\/logo\/image\/","url":"https:\/\/herbelegale.com\/wp-content\/uploads\/2023\/10\/logo-1.png","contentUrl":"https:\/\/herbelegale.com\/wp-content\/uploads\/2023\/10\/logo-1.png","width":400,"height":120,"caption":"Herbe L\u00e9gale"},"image":{"@id":"https:\/\/herbelegale.com\/#\/schema\/logo\/image\/"}}]}},"_links":{"self":[{"href":"https:\/\/herbelegale.com\/it\/wp-json\/wp\/v2\/product\/1389","targetHints":{"allow":["GET"]}}],"collection":[{"href":"https:\/\/herbelegale.com\/it\/wp-json\/wp\/v2\/product"}],"about":[{"href":"https:\/\/herbelegale.com\/it\/wp-json\/wp\/v2\/types\/product"}],"replies":[{"embeddable":true,"href":"https:\/\/herbelegale.com\/it\/wp-json\/wp\/v2\/comments?post=1389"}],"wp:featuredmedia":[{"embeddable":true,"href":"https:\/\/herbelegale.com\/it\/wp-json\/wp\/v2\/media\/1409"}],"wp:attachment":[{"href":"https:\/\/herbelegale.com\/it\/wp-json\/wp\/v2\/media?parent=1389"}],"wp:term":[{"taxonomy":"product_brand","embeddable":true,"href":"https:\/\/herbelegale.com\/it\/wp-json\/wp\/v2\/product_brand?post=1389"},{"taxonomy":"product_cat","embeddable":true,"href":"https:\/\/herbelegale.com\/it\/wp-json\/wp\/v2\/product_cat?post=1389"},{"taxonomy":"product_tag","embeddable":true,"href":"https:\/\/herbelegale.com\/it\/wp-json\/wp\/v2\/product_tag?post=1389"}],"curies":[{"name":"wp","href":"https:\/\/api.w.org\/{rel}","templated":true}]}}