{"id":1367,"date":"2023-09-30T10:33:33","date_gmt":"2023-09-30T10:33:33","guid":{"rendered":"https:\/\/nembutalhouse.com\/weed\/?post_type=product&#038;p=1367"},"modified":"2025-07-19T05:06:46","modified_gmt":"2025-07-19T05:06:46","slug":"moraccan-hash","status":"publish","type":"product","link":"https:\/\/herbelegale.com\/it\/product\/moraccan-hash\/","title":{"rendered":"Hash di Moracan"},"content":{"rendered":"<h2><b>Introduzione all'hashish marocchino<\/b><\/h2>\n<p>Le <a href=\"https:\/\/herbelegale.com\/it\/product\/moraccan-hash\/\">Hash Marocain<\/a>L'hashish marocchino, o hashish marocchino, \u00e8 uno dei concentrati di cannabis pi\u00f9 iconici al mondo. Originario delle montagne del Rif, questo prodotto artigianale \u00e8 rinomato per la sua eccezionale qualit\u00e0, purezza ed effetti distintivi. Che siate curiosi, amatori o intenditori, scoprire l'hashish marocchino significa immergersi in una tradizione ancestrale dagli aromi unici e dagli effetti profondi.<\/p>\n<h3><b>Cos'\u00e8 l'hashish marocchino?<\/b><\/h3>\n<p>Le <a href=\"https:\/\/en.wikipedia.org\/wiki\/Hashish\">Hash Marocain<\/a> \u00e8 una resina di cannabis ottenuta setacciando i tricomi (ghiandole di resina ricche di cannabinoidi) dai fiori di cannabis. Questa polvere viene poi pressata manualmente per formare blocchi o panetti, di colore dal marrone al nero, dalla consistenza morbida, oleosa o friabile, a seconda del metodo di produzione e della qualit\u00e0.<\/p>\n<p>Grazie alla sua ricchezza di THC, CBD e altri composti attivi, il Moroccan Hash procura effetti rilassanti, euforici e talvolta stimolanti, molto apprezzati dai suoi consumatori.<\/p>\n<h3><b>Effetti e usi comuni<\/b><\/h3>\n<p><span style=\"font-weight: 400;\">L'hashish marocchino \u00e8 noto per i suoi benefici fisici e mentali. Tra gli effetti pi\u00f9 comunemente segnalati:<\/span><\/p>\n<ul>\n<li style=\"font-weight: 400;\" aria-level=\"1\">Rilassamento e riduzione dello stress&nbsp;<\/li>\n<li style=\"font-weight: 400;\" aria-level=\"1\">Sollievo dal dolore cronico o dall'insonnia&nbsp;<\/li>\n<li style=\"font-weight: 400;\" aria-level=\"1\">Stimolazione della creativit\u00e0 e della concentrazione&nbsp;<\/li>\n<li style=\"font-weight: 400;\" aria-level=\"1\">Sonno migliorato&nbsp;<\/li>\n<li style=\"font-weight: 400;\" aria-level=\"1\">Uczucie delikatnej i d\u0142ugotrwa\u0142ej euforii&nbsp;<\/li>\n<\/ul>\n<h3><b>Modalit\u00e0 di consumo:<\/b><\/h3>\n<ul>\n<li style=\"font-weight: 400;\" aria-level=\"1\"><span style=\"font-weight: 400;\">Nella combustione: pipa, giunto, narghil\u00e8<\/span>&nbsp;<\/li>\n<li style=\"font-weight: 400;\" aria-level=\"1\"><span style=\"font-weight: 400;\">In infusione: nel latte o nel grasso<\/span>&nbsp;<\/li>\n<li style=\"font-weight: 400;\" aria-level=\"1\"><span style=\"font-weight: 400;\">A spruzzo (a seconda dell'attrezzatura)<\/span>&nbsp;<\/li>\n<\/ul>\n<h3><b>Stato legale: prestare attenzione alle leggi locali<\/b><\/h3>\n<p>La legalit\u00e0 dell'hashish marocchino varia notevolmente a seconda del paese e della giurisdizione. In alcuni paesi, il suo consumo \u00e8 severamente vietato, mentre in altri ne \u00e8 consentito l'uso per scopi medici o ricreativi.<\/p>\n<p>Avant toute consommation ou achat, informez-vous sur la l\u00e9gislation locale pour \u00e9viter des complications juridiques.<\/p>\n<h3><b>Perch\u00e9 acquistare hashish marocchino online?<\/b><\/h3>\n<h3><b>Accessibilit\u00e0<\/b><\/h3>\n<p>Ordinando online puoi accedere a prodotti di qualit\u00e0 senza vincoli geografici.<\/p>\n<h3><b>Scelta varia<\/b><\/h3>\n<p>Le piattaforme specializzate offrono un'ampia gamma di hashish, a seconda dell'origine, della qualit\u00e0, del prezzo e degli effetti desiderati.<\/p>\n<h3><b>Discrezione garantita<\/b><\/h3>\n<p>I venditori affidabili offrono imballaggi neutri e sicuri e una consegna discreta e tracciabile.<\/p>\n<h3><b>Come scegliere un venditore affidabile?<\/b><\/h3>\n<p><span style=\"font-weight: 400;\">Ecco alcuni criteri essenziali per evitare spiacevoli sorprese:<\/span><\/p>\n<ul>\n<li style=\"font-weight: 400;\" aria-level=\"1\">\u00a0Reputazione del venditore: controlla le recensioni dei clienti e i forum specializzati&nbsp;<\/li>\n<li style=\"font-weight: 400;\" aria-level=\"1\">Trasparenza: origine del prodotto, metodo di estrazione, livello di THC\/CBD&nbsp;<\/li>\n<li style=\"font-weight: 400;\" aria-level=\"1\">Politica di spedizione: tempi di consegna, tracciamento, imballaggio discreto&nbsp;<\/li>\n<li style=\"font-weight: 400;\" aria-level=\"1\">Sicurezza dei pagamenti: sito HTTPS, metodi di pagamento affidabili&nbsp;<\/li>\n<\/ul>\n<p>Suggerimento: privilegia le piattaforme riconosciute o consigliate dalla community.<\/p>\n<h3><b>Rischi e precauzioni da adottare<\/b><\/h3>\n<h3><b>Rischi per la salute<\/b><\/h3>\n<ul>\n<li style=\"font-weight: 400;\" aria-level=\"1\"><span style=\"font-weight: 400;\">Troubles de la m\u00e9moire \u00e0 court terme<\/span>&nbsp;<\/li>\n<li style=\"font-weight: 400;\" aria-level=\"1\"><span style=\"font-weight: 400;\">Ansia o paranoia nelle persone sensibili<\/span>&nbsp;<\/li>\n<li style=\"font-weight: 400;\" aria-level=\"1\"><span style=\"font-weight: 400;\">Sonnolenza, diminuzione della motivazione<\/span>&nbsp;<\/li>\n<li style=\"font-weight: 400;\" aria-level=\"1\"><span style=\"font-weight: 400;\">Interazioni con alcuni farmaci<\/span>&nbsp;<\/li>\n<\/ul>\n<h3><b>Precauzioni consigliate:<\/b><\/h3>\n<ul>\n<li style=\"font-weight: 400;\" aria-level=\"1\">Inizia con dosi basse, soprattutto se sei un principiante&nbsp;<\/li>\n<li style=\"font-weight: 400;\" aria-level=\"1\">Non guidare dopo aver bevuto&nbsp;<\/li>\n<li style=\"font-weight: 400;\" aria-level=\"1\">Evitare il consumo se si soffre di disturbi mentali&nbsp;<\/li>\n<li style=\"font-weight: 400;\" aria-level=\"1\">In caso di dubbi, consultare un professionista sanitario&nbsp;<\/li>\n<\/ul>\n<h3><b>Conclusione<\/b><\/h3>\n<p>L'hashish marocchino \u00e8 molto pi\u00f9 di un semplice prodotto a base di cannabis: \u00e8 una tradizione, un know-how e un'esperienza sensoriale a s\u00e9 stante. Acquistandolo responsabilmente e rispettando le leggi locali, puoi godere dei suoi benefici in tutta sicurezza.<\/p>","protected":false},"excerpt":{"rendered":"<p>Introduction au Hash Marocain Le Hash Marocain, ou haschisch marocain, est l\u2019un des concentr\u00e9s de cannabis les plus embl\u00e9matiques au monde. Originaire des montagnes du Rif, ce produit artisanal est r\u00e9put\u00e9 pour sa qualit\u00e9 exceptionnelle, sa puret\u00e9 et ses effets distinctifs. Que vous soyez curieux, amateur ou connaisseur, d\u00e9couvrir le Hash Marocain, c\u2019est s\u2019immerger dans&#8230;<\/p>","protected":false},"featured_media":1473,"comment_status":"open","ping_status":"closed","template":"","meta":{"_kadence_starter_templates_imported_post":false,"_kad_post_transparent":"default","_kad_post_title":"","_kad_post_layout":"default","_kad_post_sidebar_id":"","_kad_post_content_style":"default","_kad_post_vertical_padding":"default","_kad_post_feature":"","_kad_post_feature_position":"","_kad_post_header":false,"_kad_post_footer":false,"_joinchat":[]},"product_brand":[],"product_cat":[31],"product_tag":[],"class_list":{"0":"post-1367","1":"product","2":"type-product","3":"status-publish","4":"has-post-thumbnail","6":"product_cat-haschisch","8":"first","9":"instock","10":"shipping-taxable","11":"purchasable","12":"product-type-variable","13":"entry","14":"content-bg","15":"loop-entry"},"yoast_head":"<!-- This site is optimized with the Yoast SEO plugin v23.5 - https:\/\/yoast.com\/wordpress\/plugins\/seo\/ -->\n<title>Achetez du haschisch marocain en ligne - Vente de haschisch marocain<\/title>\n<meta name=\"description\" content=\"Si vous souhaitez acheter du haschisch marocain en ligne, notre boutique en ligne Herbegal peut vous aider. Nous avons du haschisch marocain \u00e0 vendre aux meilleurs prix ici. Passez votre commande et profitez des derni\u00e8res offres d\u00e8s aujourd&#039;hui !\" \/>\n<meta name=\"robots\" content=\"index, follow, max-snippet:-1, max-image-preview:large, max-video-preview:-1\" \/>\n<link rel=\"canonical\" href=\"https:\/\/herbelegale.com\/it\/product\/moraccan-hash\/\" \/>\n<meta property=\"og:locale\" content=\"it_IT\" \/>\n<meta property=\"og:type\" content=\"article\" \/>\n<meta property=\"og:title\" content=\"Achetez du haschisch marocain en ligne - Vente de haschisch marocain\" \/>\n<meta property=\"og:description\" content=\"Si vous souhaitez acheter du haschisch marocain en ligne, notre boutique en ligne Herbegal peut vous aider. Nous avons du haschisch marocain \u00e0 vendre aux meilleurs prix ici. Passez votre commande et profitez des derni\u00e8res offres d\u00e8s aujourd&#039;hui !\" \/>\n<meta property=\"og:url\" content=\"https:\/\/herbelegale.com\/it\/product\/moraccan-hash\/\" \/>\n<meta property=\"og:site_name\" content=\"Herbe L\u00e9gale\" \/>\n<meta property=\"article:modified_time\" content=\"2025-07-19T05:06:46+00:00\" \/>\n<meta property=\"og:image\" content=\"https:\/\/herbelegale.com\/wp-content\/uploads\/2023\/09\/Moraccan-Hash-1.jpg\" \/>\n\t<meta property=\"og:image:width\" content=\"600\" \/>\n\t<meta property=\"og:image:height\" content=\"600\" \/>\n\t<meta property=\"og:image:type\" content=\"image\/jpeg\" \/>\n<meta name=\"twitter:card\" content=\"summary_large_image\" \/>\n<meta name=\"twitter:label1\" content=\"Tempo di lettura stimato\" \/>\n\t<meta name=\"twitter:data1\" content=\"3 minuti\" \/>\n<script type=\"application\/ld+json\" class=\"yoast-schema-graph\">{\"@context\":\"https:\/\/schema.org\",\"@graph\":[{\"@type\":\"WebPage\",\"@id\":\"https:\/\/herbelegale.com\/product\/moraccan-hash\/\",\"url\":\"https:\/\/herbelegale.com\/product\/moraccan-hash\/\",\"name\":\"Achetez du haschisch marocain en ligne - Vente de haschisch marocain\",\"isPartOf\":{\"@id\":\"https:\/\/herbelegale.com\/#website\"},\"primaryImageOfPage\":{\"@id\":\"https:\/\/herbelegale.com\/product\/moraccan-hash\/#primaryimage\"},\"image\":{\"@id\":\"https:\/\/herbelegale.com\/product\/moraccan-hash\/#primaryimage\"},\"thumbnailUrl\":\"https:\/\/herbelegale.com\/wp-content\/uploads\/2023\/09\/Moraccan-Hash-1.jpg\",\"datePublished\":\"2023-09-30T10:33:33+00:00\",\"dateModified\":\"2025-07-19T05:06:46+00:00\",\"description\":\"Si vous souhaitez acheter du haschisch marocain en ligne, notre boutique en ligne Herbegal peut vous aider. Nous avons du haschisch marocain \u00e0 vendre aux meilleurs prix ici. Passez votre commande et profitez des derni\u00e8res offres d\u00e8s aujourd'hui !\",\"breadcrumb\":{\"@id\":\"https:\/\/herbelegale.com\/product\/moraccan-hash\/#breadcrumb\"},\"inLanguage\":\"it-IT\",\"potentialAction\":[{\"@type\":\"ReadAction\",\"target\":[\"https:\/\/herbelegale.com\/product\/moraccan-hash\/\"]}]},{\"@type\":\"ImageObject\",\"inLanguage\":\"it-IT\",\"@id\":\"https:\/\/herbelegale.com\/product\/moraccan-hash\/#primaryimage\",\"url\":\"https:\/\/herbelegale.com\/wp-content\/uploads\/2023\/09\/Moraccan-Hash-1.jpg\",\"contentUrl\":\"https:\/\/herbelegale.com\/wp-content\/uploads\/2023\/09\/Moraccan-Hash-1.jpg\",\"width\":600,\"height\":600,\"caption\":\"Moraccan Hash\"},{\"@type\":\"BreadcrumbList\",\"@id\":\"https:\/\/herbelegale.com\/product\/moraccan-hash\/#breadcrumb\",\"itemListElement\":[{\"@type\":\"ListItem\",\"position\":1,\"name\":\"Home\",\"item\":\"https:\/\/herbelegale.com\/\"},{\"@type\":\"ListItem\",\"position\":2,\"name\":\"Boutique\",\"item\":\"https:\/\/herbelegale.com\/boutique\/\"},{\"@type\":\"ListItem\",\"position\":3,\"name\":\"Moraccan Hash\"}]},{\"@type\":\"WebSite\",\"@id\":\"https:\/\/herbelegale.com\/#website\",\"url\":\"https:\/\/herbelegale.com\/\",\"name\":\"Herbe L\u00e9gale\",\"description\":\"Acheter de l&#039;herbe en ligne\",\"publisher\":{\"@id\":\"https:\/\/herbelegale.com\/#organization\"},\"potentialAction\":[{\"@type\":\"SearchAction\",\"target\":{\"@type\":\"EntryPoint\",\"urlTemplate\":\"https:\/\/herbelegale.com\/?s={search_term_string}\"},\"query-input\":{\"@type\":\"PropertyValueSpecification\",\"valueRequired\":true,\"valueName\":\"search_term_string\"}}],\"inLanguage\":\"it-IT\"},{\"@type\":\"Organization\",\"@id\":\"https:\/\/herbelegale.com\/#organization\",\"name\":\"Herbe L\u00e9gale\",\"url\":\"https:\/\/herbelegale.com\/\",\"logo\":{\"@type\":\"ImageObject\",\"inLanguage\":\"it-IT\",\"@id\":\"https:\/\/herbelegale.com\/#\/schema\/logo\/image\/\",\"url\":\"https:\/\/herbelegale.com\/wp-content\/uploads\/2023\/10\/logo-1.png\",\"contentUrl\":\"https:\/\/herbelegale.com\/wp-content\/uploads\/2023\/10\/logo-1.png\",\"width\":400,\"height\":120,\"caption\":\"Herbe L\u00e9gale\"},\"image\":{\"@id\":\"https:\/\/herbelegale.com\/#\/schema\/logo\/image\/\"}}]}<\/script>\n<!-- \/ Yoast SEO plugin. -->","yoast_head_json":{"title":"Achetez du haschisch marocain en ligne - Vente de haschisch marocain","description":"Si vous souhaitez acheter du haschisch marocain en ligne, notre boutique en ligne Herbegal peut vous aider. Nous avons du haschisch marocain \u00e0 vendre aux meilleurs prix ici. Passez votre commande et profitez des derni\u00e8res offres d\u00e8s aujourd'hui !","robots":{"index":"index","follow":"follow","max-snippet":"max-snippet:-1","max-image-preview":"max-image-preview:large","max-video-preview":"max-video-preview:-1"},"canonical":"https:\/\/herbelegale.com\/it\/product\/moraccan-hash\/","og_locale":"it_IT","og_type":"article","og_title":"Achetez du haschisch marocain en ligne - Vente de haschisch marocain","og_description":"Si vous souhaitez acheter du haschisch marocain en ligne, notre boutique en ligne Herbegal peut vous aider. Nous avons du haschisch marocain \u00e0 vendre aux meilleurs prix ici. Passez votre commande et profitez des derni\u00e8res offres d\u00e8s aujourd'hui !","og_url":"https:\/\/herbelegale.com\/it\/product\/moraccan-hash\/","og_site_name":"Herbe L\u00e9gale","article_modified_time":"2025-07-19T05:06:46+00:00","og_image":[{"width":600,"height":600,"url":"https:\/\/herbelegale.com\/wp-content\/uploads\/2023\/09\/Moraccan-Hash-1.jpg","type":"image\/jpeg"}],"twitter_card":"summary_large_image","twitter_misc":{"Tempo di lettura stimato":"3 minuti"},"schema":{"@context":"https:\/\/schema.org","@graph":[{"@type":"WebPage","@id":"https:\/\/herbelegale.com\/product\/moraccan-hash\/","url":"https:\/\/herbelegale.com\/product\/moraccan-hash\/","name":"Achetez du haschisch marocain en ligne - Vente de haschisch marocain","isPartOf":{"@id":"https:\/\/herbelegale.com\/#website"},"primaryImageOfPage":{"@id":"https:\/\/herbelegale.com\/product\/moraccan-hash\/#primaryimage"},"image":{"@id":"https:\/\/herbelegale.com\/product\/moraccan-hash\/#primaryimage"},"thumbnailUrl":"https:\/\/herbelegale.com\/wp-content\/uploads\/2023\/09\/Moraccan-Hash-1.jpg","datePublished":"2023-09-30T10:33:33+00:00","dateModified":"2025-07-19T05:06:46+00:00","description":"Si vous souhaitez acheter du haschisch marocain en ligne, notre boutique en ligne Herbegal peut vous aider. Nous avons du haschisch marocain \u00e0 vendre aux meilleurs prix ici. Passez votre commande et profitez des derni\u00e8res offres d\u00e8s aujourd'hui !","breadcrumb":{"@id":"https:\/\/herbelegale.com\/product\/moraccan-hash\/#breadcrumb"},"inLanguage":"it-IT","potentialAction":[{"@type":"ReadAction","target":["https:\/\/herbelegale.com\/product\/moraccan-hash\/"]}]},{"@type":"ImageObject","inLanguage":"it-IT","@id":"https:\/\/herbelegale.com\/product\/moraccan-hash\/#primaryimage","url":"https:\/\/herbelegale.com\/wp-content\/uploads\/2023\/09\/Moraccan-Hash-1.jpg","contentUrl":"https:\/\/herbelegale.com\/wp-content\/uploads\/2023\/09\/Moraccan-Hash-1.jpg","width":600,"height":600,"caption":"Moraccan Hash"},{"@type":"BreadcrumbList","@id":"https:\/\/herbelegale.com\/product\/moraccan-hash\/#breadcrumb","itemListElement":[{"@type":"ListItem","position":1,"name":"Home","item":"https:\/\/herbelegale.com\/"},{"@type":"ListItem","position":2,"name":"Boutique","item":"https:\/\/herbelegale.com\/boutique\/"},{"@type":"ListItem","position":3,"name":"Moraccan Hash"}]},{"@type":"WebSite","@id":"https:\/\/herbelegale.com\/#website","url":"https:\/\/herbelegale.com\/","name":"Herbe L\u00e9gale","description":"Acheter de l&#039;herbe en ligne","publisher":{"@id":"https:\/\/herbelegale.com\/#organization"},"potentialAction":[{"@type":"SearchAction","target":{"@type":"EntryPoint","urlTemplate":"https:\/\/herbelegale.com\/?s={search_term_string}"},"query-input":{"@type":"PropertyValueSpecification","valueRequired":true,"valueName":"search_term_string"}}],"inLanguage":"it-IT"},{"@type":"Organization","@id":"https:\/\/herbelegale.com\/#organization","name":"Herbe L\u00e9gale","url":"https:\/\/herbelegale.com\/","logo":{"@type":"ImageObject","inLanguage":"it-IT","@id":"https:\/\/herbelegale.com\/#\/schema\/logo\/image\/","url":"https:\/\/herbelegale.com\/wp-content\/uploads\/2023\/10\/logo-1.png","contentUrl":"https:\/\/herbelegale.com\/wp-content\/uploads\/2023\/10\/logo-1.png","width":400,"height":120,"caption":"Herbe L\u00e9gale"},"image":{"@id":"https:\/\/herbelegale.com\/#\/schema\/logo\/image\/"}}]}},"_links":{"self":[{"href":"https:\/\/herbelegale.com\/it\/wp-json\/wp\/v2\/product\/1367","targetHints":{"allow":["GET"]}}],"collection":[{"href":"https:\/\/herbelegale.com\/it\/wp-json\/wp\/v2\/product"}],"about":[{"href":"https:\/\/herbelegale.com\/it\/wp-json\/wp\/v2\/types\/product"}],"replies":[{"embeddable":true,"href":"https:\/\/herbelegale.com\/it\/wp-json\/wp\/v2\/comments?post=1367"}],"wp:featuredmedia":[{"embeddable":true,"href":"https:\/\/herbelegale.com\/it\/wp-json\/wp\/v2\/media\/1473"}],"wp:attachment":[{"href":"https:\/\/herbelegale.com\/it\/wp-json\/wp\/v2\/media?parent=1367"}],"wp:term":[{"taxonomy":"product_brand","embeddable":true,"href":"https:\/\/herbelegale.com\/it\/wp-json\/wp\/v2\/product_brand?post=1367"},{"taxonomy":"product_cat","embeddable":true,"href":"https:\/\/herbelegale.com\/it\/wp-json\/wp\/v2\/product_cat?post=1367"},{"taxonomy":"product_tag","embeddable":true,"href":"https:\/\/herbelegale.com\/it\/wp-json\/wp\/v2\/product_tag?post=1367"}],"curies":[{"name":"wp","href":"https:\/\/api.w.org\/{rel}","templated":true}]}}