{"id":1366,"date":"2023-09-30T10:32:57","date_gmt":"2023-09-30T10:32:57","guid":{"rendered":"https:\/\/nembutalhouse.com\/weed\/?post_type=product&#038;p=1366"},"modified":"2025-07-19T04:48:55","modified_gmt":"2025-07-19T04:48:55","slug":"amnesia-jelly-hash","status":"publish","type":"product","link":"https:\/\/herbelegale.com\/it\/product\/amnesia-jelly-hash\/","title":{"rendered":"Amnesia Jelly Hash"},"content":{"rendered":"<h2><b>Introduzione all'Amnesia Jelly Hash<\/b><\/h2>\n<p>D\u00e9couvrez l\u2019<a href=\"https:\/\/herbelegale.com\/it\/product\/amnesia-jelly-hash\/\">Amnesia Jelly Hash<\/a>, un concentrato di alta gamma apprezzato dagli intenditori per la sua potenza, la sua particolare consistenza e i suoi aromi intensi. Fusione perfetta tra resina tradizionale ed estrazione moderna, questa gelatina ricca di cannabinoidi offre un'esperienza unica, che unisce forza e sapore.<\/p>\n<p>Che tu sia un appassionato di hashish o curioso di esplorare concentrati di qualit\u00e0, acquistare hashish<a href=\"https:\/\/en.wikipedia.org\/wiki\/Hashish\">Amnesia Jelly Hash online<\/a> est une invitation \u00e0 un voyage sensoriel puissant.<\/p>\n<h3><b>Cos'\u00e8 l'Amnesia Jelly Hash?<\/b><\/h3>\n<p>, un concentrato premium apprezzato dagli intenditori per la sua potenza, la consistenza distintiva e gli aromi intensi. Una perfetta fusione tra resina tradizionale ed estrazione moderna, questa gelatina ricca di cannabinoidi offre un'esperienza unica, che unisce forza e sapore.<\/p>\n<p>Derivato dalla variet\u00e0 Amnesia, rinomata per i suoi effetti energetici e cerebrali, questo hashish offre una crescita graduale, con un profumo di limone, spezie ed erbe fresche.<\/p>\n<h3><b>Usi ed effetti comuni<\/b><\/h3>\n<p>Gli utenti esperti apprezzano Amnesia Jelly Hash perch\u00e9:<\/p>\n<ul>\n<li style=\"font-weight: 400;\" aria-level=\"1\">Il suo effetto cerebrale euforico e stimolante&nbsp;<\/li>\n<li style=\"font-weight: 400;\" aria-level=\"1\">Una sferzata di energia e concentrazione&nbsp;<\/li>\n<li style=\"font-weight: 400;\" aria-level=\"1\">Il suo potenziale antistress&nbsp;<\/li>\n<li style=\"font-weight: 400;\" aria-level=\"1\">Le sue propriet\u00e0 rilassanti a lungo termine&nbsp;<\/li>\n<\/ul>\n<p><span style=\"font-weight: 400;\">Ideale per momenti creativi, attivit\u00e0 sociali o semplicemente per godersi un profondo relax.<\/span><\/p>\n<h3><b>Juridisk status (afh\u00e6ngigt af region)<\/b><\/h3>\n<p>Lo status legale dell'Amnesia Jelly Hash varia a seconda del paese e della giurisdizione. In alcune regioni, i concentrati ricchi di THC sono tollerati o legali, mentre in altre il loro consumo rimane severamente proibito. Prima di ordinare Amnesia Jelly Hash online, assicurati di verificare le normative vigenti nella tua zona.<\/p>\n<h3><b>Pourquoi acheter Amnesia Jelly Hash en ligne ?<\/b><\/h3>\n<h3><b>Accessibilit\u00e0<\/b><\/h3>\n<p>Ordinare Amnesia Jelly Hash online \u00e8 ora l'opzione preferita dagli appassionati pi\u00f9 esigenti, grazie alla maggiore accessibilit\u00e0 ai prodotti di prima qualit\u00e0.<\/p>\n<h3><b>Variet\u00e0 di venditori<\/b><\/h3>\n<p>Sur internet, vous trouverez une large s\u00e9lection d\u2019Amnesia Jelly Hash \u00e0 vendre, avec diff\u00e9rentes qualit\u00e9s, concentrations et pr\u00e9sentations selon les plateformes.<\/p>\n<h3><b>Spedizione discreta<\/b><\/h3>\n<p>Lojas online de confian\u00e7a garantem um envio discreto e seguro. A sua encomenda chega a sua casa em embalagem neutra, sem qualquer indica\u00e7\u00e3o vis\u00edvel do conte\u00fado.<\/p>\n<h3><b>Come scegliere un venditore affidabile?<\/b><\/h3>\n<p>Para encontrar el mejor lugar para comprar Amnesia Jelly Hash en l\u00ednea, aqu\u00ed hay algunos consejos esenciales:<\/p>\n<ul>\n<li style=\"font-weight: 400;\" aria-level=\"1\">Controlla i prezzi dell'Amnesia Jelly Hash per evitare offerte troppo allettanti, che spesso sono indice di scarsa qualit\u00e0.&nbsp;<\/li>\n<li style=\"font-weight: 400;\" aria-level=\"1\"><span style=\"font-weight: 400;\">Leggi le recensioni e le testimonianze di altri acquirenti<\/span>&nbsp;<\/li>\n<li style=\"font-weight: 400;\" aria-level=\"1\"><span style=\"font-weight: 400;\">Favorisci i venditori che offrono certificati di analisi di laboratorio<\/span>&nbsp;<\/li>\n<li style=\"font-weight: 400;\" aria-level=\"1\"><span style=\"font-weight: 400;\">Scegli siti con un servizio clienti accessibile e professionale<\/span>&nbsp;<\/li>\n<li style=\"font-weight: 400;\" aria-level=\"1\"><span style=\"font-weight: 400;\">Tutki toimitus- ja palautusehdot<\/span>&nbsp;<\/li>\n<\/ul>\n<h3><b>Politiche di consegna<\/b><\/h3>\n<p><span style=\"font-weight: 400;\">Luotettava sivusto tarjoaa:<\/span><\/p>\n<ul>\n<li style=\"font-weight: 400;\" aria-level=\"1\"><span style=\"font-weight: 400;\">Terminy wysy\u0142ki dotrzymane<\/span>&nbsp;<\/li>\n<li style=\"font-weight: 400;\" aria-level=\"1\"><span style=\"font-weight: 400;\">Et effektivt sporingssystem<\/span>&nbsp;<\/li>\n<li style=\"font-weight: 400;\" aria-level=\"1\"><span style=\"font-weight: 400;\">Opzioni di rimborso o reso in caso di problemi<\/span>&nbsp;<\/li>\n<\/ul>\n<h3><b>Rischi e considerazioni<\/b><\/h3>\n<h3><b>Rischi per la salute<\/b><\/h3>\n<p>L'Amnesia Jelly Hash \u00e8 un prodotto di alta qualit\u00e0 che delizier\u00e0 gli amanti dell'hashish potente e aromatico. Per godere appieno dei suoi effetti ed evitare spiacevoli sorprese, acquistate sempre l'Amnesia Jelly Hash online da venditori affidabili.<\/p>\n<h3><b>Conclusione<\/b><\/h3>\n<p>L'Amnesia Jelly Hash \u00e8 un prodotto di alta qualit\u00e0 che delizier\u00e0 gli amanti dell'hashish potente e aromatico. Per godere appieno dei suoi effetti ed evitare spiacevoli sorprese, acquistate sempre l'Amnesia Jelly Hash online da venditori affidabili.<\/p>\n<p>&nbsp;<\/p>","protected":false},"excerpt":{"rendered":"<p>Introduction \u00e0 l\u2019Amnesia Jelly Hash D\u00e9couvrez l\u2019Amnesia Jelly Hash, un concentr\u00e9 haut de gamme appr\u00e9ci\u00e9 par les connaisseurs pour sa puissance, sa texture particuli\u00e8re et ses ar\u00f4mes intenses. Fusion parfaite entre r\u00e9sine traditionnelle et extraction moderne, cette gel\u00e9e riche en cannabino\u00efdes offre une exp\u00e9rience unique, alliant force et saveurs. Que vous soyez un amateur de&#8230;<\/p>","protected":false},"featured_media":1472,"comment_status":"open","ping_status":"closed","template":"","meta":{"_kadence_starter_templates_imported_post":false,"_kad_post_transparent":"default","_kad_post_title":"","_kad_post_layout":"default","_kad_post_sidebar_id":"","_kad_post_content_style":"default","_kad_post_vertical_padding":"default","_kad_post_feature":"","_kad_post_feature_position":"","_kad_post_header":false,"_kad_post_footer":false,"_joinchat":[]},"product_brand":[],"product_cat":[31],"product_tag":[],"class_list":{"0":"post-1366","1":"product","2":"type-product","3":"status-publish","4":"has-post-thumbnail","6":"product_cat-haschisch","8":"first","9":"instock","10":"shipping-taxable","11":"purchasable","12":"product-type-variable","13":"entry","14":"content-bg","15":"loop-entry"},"yoast_head":"<!-- This site is optimized with the Yoast SEO plugin v23.5 - https:\/\/yoast.com\/wordpress\/plugins\/seo\/ -->\n<title>Achetez Amnesia Jelly Hash en ligne - Amnesia Jelly Hash \u00e0 vendre<\/title>\n<meta name=\"description\" content=\"Nous sommes le magasin leader proposant de la vente de Hash en gel\u00e9e Amnesia. Si vous souhaitez acheter du Hash en gel\u00e9e Amnesia, contactez-nous imm\u00e9diatement et faites livrer votre commande. Commandez maintenant !\" \/>\n<meta name=\"robots\" content=\"index, follow, max-snippet:-1, max-image-preview:large, max-video-preview:-1\" \/>\n<link rel=\"canonical\" href=\"https:\/\/herbelegale.com\/it\/product\/amnesia-jelly-hash\/\" \/>\n<meta property=\"og:locale\" content=\"it_IT\" \/>\n<meta property=\"og:type\" content=\"article\" \/>\n<meta property=\"og:title\" content=\"Achetez Amnesia Jelly Hash en ligne - Amnesia Jelly Hash \u00e0 vendre\" \/>\n<meta property=\"og:description\" content=\"Nous sommes le magasin leader proposant de la vente de Hash en gel\u00e9e Amnesia. Si vous souhaitez acheter du Hash en gel\u00e9e Amnesia, contactez-nous imm\u00e9diatement et faites livrer votre commande. Commandez maintenant !\" \/>\n<meta property=\"og:url\" content=\"https:\/\/herbelegale.com\/it\/product\/amnesia-jelly-hash\/\" \/>\n<meta property=\"og:site_name\" content=\"Herbe L\u00e9gale\" \/>\n<meta property=\"article:modified_time\" content=\"2025-07-19T04:48:55+00:00\" \/>\n<meta property=\"og:image\" content=\"https:\/\/herbelegale.com\/wp-content\/uploads\/2023\/09\/Amnesia-Jelly-Hash-1.jpg\" \/>\n\t<meta property=\"og:image:width\" content=\"600\" \/>\n\t<meta property=\"og:image:height\" content=\"600\" \/>\n\t<meta property=\"og:image:type\" content=\"image\/jpeg\" \/>\n<meta name=\"twitter:card\" content=\"summary_large_image\" \/>\n<meta name=\"twitter:label1\" content=\"Tempo di lettura stimato\" \/>\n\t<meta name=\"twitter:data1\" content=\"3 minuti\" \/>\n<script type=\"application\/ld+json\" class=\"yoast-schema-graph\">{\"@context\":\"https:\/\/schema.org\",\"@graph\":[{\"@type\":\"WebPage\",\"@id\":\"https:\/\/herbelegale.com\/product\/amnesia-jelly-hash\/\",\"url\":\"https:\/\/herbelegale.com\/product\/amnesia-jelly-hash\/\",\"name\":\"Achetez Amnesia Jelly Hash en ligne - Amnesia Jelly Hash \u00e0 vendre\",\"isPartOf\":{\"@id\":\"https:\/\/herbelegale.com\/#website\"},\"primaryImageOfPage\":{\"@id\":\"https:\/\/herbelegale.com\/product\/amnesia-jelly-hash\/#primaryimage\"},\"image\":{\"@id\":\"https:\/\/herbelegale.com\/product\/amnesia-jelly-hash\/#primaryimage\"},\"thumbnailUrl\":\"https:\/\/herbelegale.com\/wp-content\/uploads\/2023\/09\/Amnesia-Jelly-Hash-1.jpg\",\"datePublished\":\"2023-09-30T10:32:57+00:00\",\"dateModified\":\"2025-07-19T04:48:55+00:00\",\"description\":\"Nous sommes le magasin leader proposant de la vente de Hash en gel\u00e9e Amnesia. Si vous souhaitez acheter du Hash en gel\u00e9e Amnesia, contactez-nous imm\u00e9diatement et faites livrer votre commande. Commandez maintenant !\",\"breadcrumb\":{\"@id\":\"https:\/\/herbelegale.com\/product\/amnesia-jelly-hash\/#breadcrumb\"},\"inLanguage\":\"it-IT\",\"potentialAction\":[{\"@type\":\"ReadAction\",\"target\":[\"https:\/\/herbelegale.com\/product\/amnesia-jelly-hash\/\"]}]},{\"@type\":\"ImageObject\",\"inLanguage\":\"it-IT\",\"@id\":\"https:\/\/herbelegale.com\/product\/amnesia-jelly-hash\/#primaryimage\",\"url\":\"https:\/\/herbelegale.com\/wp-content\/uploads\/2023\/09\/Amnesia-Jelly-Hash-1.jpg\",\"contentUrl\":\"https:\/\/herbelegale.com\/wp-content\/uploads\/2023\/09\/Amnesia-Jelly-Hash-1.jpg\",\"width\":600,\"height\":600,\"caption\":\"Amnesia Jelly Hash\"},{\"@type\":\"BreadcrumbList\",\"@id\":\"https:\/\/herbelegale.com\/product\/amnesia-jelly-hash\/#breadcrumb\",\"itemListElement\":[{\"@type\":\"ListItem\",\"position\":1,\"name\":\"Home\",\"item\":\"https:\/\/herbelegale.com\/\"},{\"@type\":\"ListItem\",\"position\":2,\"name\":\"Boutique\",\"item\":\"https:\/\/herbelegale.com\/boutique\/\"},{\"@type\":\"ListItem\",\"position\":3,\"name\":\"Amnesia Jelly Hash\"}]},{\"@type\":\"WebSite\",\"@id\":\"https:\/\/herbelegale.com\/#website\",\"url\":\"https:\/\/herbelegale.com\/\",\"name\":\"Herbe L\u00e9gale\",\"description\":\"Acheter de l&#039;herbe en ligne\",\"publisher\":{\"@id\":\"https:\/\/herbelegale.com\/#organization\"},\"potentialAction\":[{\"@type\":\"SearchAction\",\"target\":{\"@type\":\"EntryPoint\",\"urlTemplate\":\"https:\/\/herbelegale.com\/?s={search_term_string}\"},\"query-input\":{\"@type\":\"PropertyValueSpecification\",\"valueRequired\":true,\"valueName\":\"search_term_string\"}}],\"inLanguage\":\"it-IT\"},{\"@type\":\"Organization\",\"@id\":\"https:\/\/herbelegale.com\/#organization\",\"name\":\"Herbe L\u00e9gale\",\"url\":\"https:\/\/herbelegale.com\/\",\"logo\":{\"@type\":\"ImageObject\",\"inLanguage\":\"it-IT\",\"@id\":\"https:\/\/herbelegale.com\/#\/schema\/logo\/image\/\",\"url\":\"https:\/\/herbelegale.com\/wp-content\/uploads\/2023\/10\/logo-1.png\",\"contentUrl\":\"https:\/\/herbelegale.com\/wp-content\/uploads\/2023\/10\/logo-1.png\",\"width\":400,\"height\":120,\"caption\":\"Herbe L\u00e9gale\"},\"image\":{\"@id\":\"https:\/\/herbelegale.com\/#\/schema\/logo\/image\/\"}}]}<\/script>\n<!-- \/ Yoast SEO plugin. -->","yoast_head_json":{"title":"Achetez Amnesia Jelly Hash en ligne - Amnesia Jelly Hash \u00e0 vendre","description":"Nous sommes le magasin leader proposant de la vente de Hash en gel\u00e9e Amnesia. Si vous souhaitez acheter du Hash en gel\u00e9e Amnesia, contactez-nous imm\u00e9diatement et faites livrer votre commande. Commandez maintenant !","robots":{"index":"index","follow":"follow","max-snippet":"max-snippet:-1","max-image-preview":"max-image-preview:large","max-video-preview":"max-video-preview:-1"},"canonical":"https:\/\/herbelegale.com\/it\/product\/amnesia-jelly-hash\/","og_locale":"it_IT","og_type":"article","og_title":"Achetez Amnesia Jelly Hash en ligne - Amnesia Jelly Hash \u00e0 vendre","og_description":"Nous sommes le magasin leader proposant de la vente de Hash en gel\u00e9e Amnesia. Si vous souhaitez acheter du Hash en gel\u00e9e Amnesia, contactez-nous imm\u00e9diatement et faites livrer votre commande. Commandez maintenant !","og_url":"https:\/\/herbelegale.com\/it\/product\/amnesia-jelly-hash\/","og_site_name":"Herbe L\u00e9gale","article_modified_time":"2025-07-19T04:48:55+00:00","og_image":[{"width":600,"height":600,"url":"https:\/\/herbelegale.com\/wp-content\/uploads\/2023\/09\/Amnesia-Jelly-Hash-1.jpg","type":"image\/jpeg"}],"twitter_card":"summary_large_image","twitter_misc":{"Tempo di lettura stimato":"3 minuti"},"schema":{"@context":"https:\/\/schema.org","@graph":[{"@type":"WebPage","@id":"https:\/\/herbelegale.com\/product\/amnesia-jelly-hash\/","url":"https:\/\/herbelegale.com\/product\/amnesia-jelly-hash\/","name":"Achetez Amnesia Jelly Hash en ligne - Amnesia Jelly Hash \u00e0 vendre","isPartOf":{"@id":"https:\/\/herbelegale.com\/#website"},"primaryImageOfPage":{"@id":"https:\/\/herbelegale.com\/product\/amnesia-jelly-hash\/#primaryimage"},"image":{"@id":"https:\/\/herbelegale.com\/product\/amnesia-jelly-hash\/#primaryimage"},"thumbnailUrl":"https:\/\/herbelegale.com\/wp-content\/uploads\/2023\/09\/Amnesia-Jelly-Hash-1.jpg","datePublished":"2023-09-30T10:32:57+00:00","dateModified":"2025-07-19T04:48:55+00:00","description":"Nous sommes le magasin leader proposant de la vente de Hash en gel\u00e9e Amnesia. Si vous souhaitez acheter du Hash en gel\u00e9e Amnesia, contactez-nous imm\u00e9diatement et faites livrer votre commande. Commandez maintenant !","breadcrumb":{"@id":"https:\/\/herbelegale.com\/product\/amnesia-jelly-hash\/#breadcrumb"},"inLanguage":"it-IT","potentialAction":[{"@type":"ReadAction","target":["https:\/\/herbelegale.com\/product\/amnesia-jelly-hash\/"]}]},{"@type":"ImageObject","inLanguage":"it-IT","@id":"https:\/\/herbelegale.com\/product\/amnesia-jelly-hash\/#primaryimage","url":"https:\/\/herbelegale.com\/wp-content\/uploads\/2023\/09\/Amnesia-Jelly-Hash-1.jpg","contentUrl":"https:\/\/herbelegale.com\/wp-content\/uploads\/2023\/09\/Amnesia-Jelly-Hash-1.jpg","width":600,"height":600,"caption":"Amnesia Jelly Hash"},{"@type":"BreadcrumbList","@id":"https:\/\/herbelegale.com\/product\/amnesia-jelly-hash\/#breadcrumb","itemListElement":[{"@type":"ListItem","position":1,"name":"Home","item":"https:\/\/herbelegale.com\/"},{"@type":"ListItem","position":2,"name":"Boutique","item":"https:\/\/herbelegale.com\/boutique\/"},{"@type":"ListItem","position":3,"name":"Amnesia Jelly Hash"}]},{"@type":"WebSite","@id":"https:\/\/herbelegale.com\/#website","url":"https:\/\/herbelegale.com\/","name":"Herbe L\u00e9gale","description":"Acheter de l&#039;herbe en ligne","publisher":{"@id":"https:\/\/herbelegale.com\/#organization"},"potentialAction":[{"@type":"SearchAction","target":{"@type":"EntryPoint","urlTemplate":"https:\/\/herbelegale.com\/?s={search_term_string}"},"query-input":{"@type":"PropertyValueSpecification","valueRequired":true,"valueName":"search_term_string"}}],"inLanguage":"it-IT"},{"@type":"Organization","@id":"https:\/\/herbelegale.com\/#organization","name":"Herbe L\u00e9gale","url":"https:\/\/herbelegale.com\/","logo":{"@type":"ImageObject","inLanguage":"it-IT","@id":"https:\/\/herbelegale.com\/#\/schema\/logo\/image\/","url":"https:\/\/herbelegale.com\/wp-content\/uploads\/2023\/10\/logo-1.png","contentUrl":"https:\/\/herbelegale.com\/wp-content\/uploads\/2023\/10\/logo-1.png","width":400,"height":120,"caption":"Herbe L\u00e9gale"},"image":{"@id":"https:\/\/herbelegale.com\/#\/schema\/logo\/image\/"}}]}},"_links":{"self":[{"href":"https:\/\/herbelegale.com\/it\/wp-json\/wp\/v2\/product\/1366","targetHints":{"allow":["GET"]}}],"collection":[{"href":"https:\/\/herbelegale.com\/it\/wp-json\/wp\/v2\/product"}],"about":[{"href":"https:\/\/herbelegale.com\/it\/wp-json\/wp\/v2\/types\/product"}],"replies":[{"embeddable":true,"href":"https:\/\/herbelegale.com\/it\/wp-json\/wp\/v2\/comments?post=1366"}],"wp:featuredmedia":[{"embeddable":true,"href":"https:\/\/herbelegale.com\/it\/wp-json\/wp\/v2\/media\/1472"}],"wp:attachment":[{"href":"https:\/\/herbelegale.com\/it\/wp-json\/wp\/v2\/media?parent=1366"}],"wp:term":[{"taxonomy":"product_brand","embeddable":true,"href":"https:\/\/herbelegale.com\/it\/wp-json\/wp\/v2\/product_brand?post=1366"},{"taxonomy":"product_cat","embeddable":true,"href":"https:\/\/herbelegale.com\/it\/wp-json\/wp\/v2\/product_cat?post=1366"},{"taxonomy":"product_tag","embeddable":true,"href":"https:\/\/herbelegale.com\/it\/wp-json\/wp\/v2\/product_tag?post=1366"}],"curies":[{"name":"wp","href":"https:\/\/api.w.org\/{rel}","templated":true}]}}