{"id":1348,"date":"2023-09-30T10:19:03","date_gmt":"2023-09-30T10:19:03","guid":{"rendered":"https:\/\/nembutalhouse.com\/weed\/?post_type=product&#038;p=1348"},"modified":"2025-07-19T05:05:34","modified_gmt":"2025-07-19T05:05:34","slug":"hash-420","status":"publish","type":"product","link":"https:\/\/herbelegale.com\/it\/product\/hash-420\/","title":{"rendered":"Hash 420"},"content":{"rendered":"<h2><b>Introduzione all'Hash 420<\/b><\/h2>\n<p>Le <a href=\"https:\/\/herbelegale.com\/it\/product\/hash-420\/\">Hash 420<\/a> \u00c8 un prodotto concentrato di cannabis noto per la sua potenza, gli aromi intensi e gli effetti intensi. Il nome \"420\" si riferisce alla cultura globale della cannabis e simboleggia una modalit\u00e0 di consumo abbracciata e ritualizzata da una comunit\u00e0 in crescita in tutto il mondo. Questo hashish moderno attira l'attenzione degli appassionati per la sua purezza, il metodo di estrazione artigianale e la qualit\u00e0 costante.<\/p>\n<h3><b>Qu\u2019est-ce que le Hash 420 ?<\/b><\/h3>\n<p>Le <a href=\"https:\/\/en.wikipedia.org\/wiki\/420_(cannabis_culture)\">Hash 420<\/a> \u00e8 una resina estratta dai tricomi della pianta di cannabis. Queste ghiandole di resina contengono un'alta concentrazione di cannabinoidi, tra cui THC (tetraidrocannabinolo) e talvolta CBD (cannabidiolo), a seconda della variet\u00e0 di pianta utilizzata.<\/p>\n<p><span style=\"font-weight: 400;\">La sua consistenza pu\u00f2 variare da appiccicosa a secca, dal marrone dorato al nero scuro, a seconda del metodo di produzione. L'hashish 420 \u00e8 spesso prodotto utilizzando processi tradizionali o moderni, come l'estrazione a secco o con acqua ghiacciata.<\/span><\/p>\n<h3><b>Usages courants et effets<\/b><\/h3>\n<p><span style=\"font-weight: 400;\">I consumatori di Hash 420 lo cercano perch\u00e9:<\/span><\/p>\n<ul>\n<li style=\"font-weight: 400;\" aria-level=\"1\">Dens kraftfulde afslappende virkninger&nbsp;<\/li>\n<li style=\"font-weight: 400;\" aria-level=\"1\">En hurtig cerebral eufori&nbsp;<\/li>\n<li style=\"font-weight: 400;\" aria-level=\"1\">En f\u00f8lelse af dyb muskelafslapning&nbsp;<\/li>\n<li style=\"font-weight: 400;\" aria-level=\"1\">Jego korzenny, ziemisty i drzewny aromat&nbsp;<\/li>\n<\/ul>\n<p><span style=\"font-weight: 400;\">Di solito viene consumato vaporizzandolo o mescolandolo ad altre erbe in una canna, a seconda delle preferenze locali e delle pratiche legalmente consentite.<\/span><\/p>\n<h3><b>Statut l\u00e9gal (variable selon la r\u00e9gion)<\/b><\/h3>\n<p>La legalit\u00e0 dell'hashish 420 dipende strettamente dalle leggi in vigore in ciascun paese o regione. In alcune giurisdizioni, \u00e8 consentito per scopi medici o ricreativi, mentre in altre rimane proibito. \u00c8 essenziale informarsi attentamente sulle leggi locali prima di acquistarlo o consumarlo.<\/p>\n<h3><b>Pourquoi acheter du Hash 420 en ligne ?<\/b><\/h3>\n<h3><b>Accessibilit\u00e0<\/b><\/h3>\n<p>Acquistare 420 Hash online consente di accedere pi\u00f9 facilmente a prodotti spesso non disponibili localmente, in particolare nei paesi o nelle regioni in cui la vendita regolamentata di cannabis \u00e8 legalizzata.<\/p>\n<h3><b>Variet\u00e0 di venditori<\/b><\/h3>\n<p>Molti siti autorizzati offrono ora l'hashish 420 in vendita, con profili diversi (dosaggio, aromi, origine) per soddisfare i gusti e le esigenze di tutti.<\/p>\n<h3><b>Consegna discreta<\/b><\/h3>\n<p>Les plateformes l\u00e9gales garantissent des exp\u00e9ditions discr\u00e8tes, dans des emballages neutres, respectant la confidentialit\u00e9 des acheteurs.<\/p>\n<h3><b>Come scegliere un venditore affidabile?<\/b><\/h3>\n<p>Ecco alcuni criteri per trovare il posto migliore dove acquistare 420 Hash online:<\/p>\n<ul>\n<li style=\"font-weight: 400;\" aria-level=\"1\">Certificati di laboratorio attestanti la purezza e il contenuto di THC\/CBD&nbsp;<\/li>\n<li style=\"font-weight: 400;\" aria-level=\"1\">Verifizierte Kundenbewertungen&nbsp;<\/li>\n<li style=\"font-weight: 400;\" aria-level=\"1\">Reagoiva ja ammattitaitoinen asiakaspalvelu&nbsp;<\/li>\n<li style=\"font-weight: 400;\" aria-level=\"1\">Condizioni di consegna&nbsp;<\/li>\n<li style=\"font-weight: 400;\" aria-level=\"1\">Politica di reso trasparente&nbsp;<\/li>\n<\/ul>\n<h3><b>Politiche di consegna<\/b><\/h3>\n<p><span style=\"font-weight: 400;\">Un fornitore serio offrir\u00e0:<\/span><\/p>\n<ul>\n<li style=\"font-weight: 400;\" aria-level=\"1\">P\u00e5lidelig ordresporing&nbsp;<\/li>\n<li style=\"font-weight: 400;\" aria-level=\"1\">Tempi di consegna ragionevoli&nbsp;<\/li>\n<li style=\"font-weight: 400;\" aria-level=\"1\">Bezpieczne i anonimowe pakowanie&nbsp;<\/li>\n<li style=\"font-weight: 400;\" aria-level=\"1\">Mulighed for forsikring eller refusion i tilf\u00e6lde af et problem&nbsp;<\/li>\n<\/ul>\n<h3><b>Rischi e considerazioni<\/b><\/h3>\n<h3><b>Sant\u00e9 et s\u00e9curit\u00e9<\/b><\/h3>\n<p><span style=\"font-weight: 400;\">L'hash 420, come qualsiasi prodotto concentrato a base di cannabis, deve essere usato con cautela. Pu\u00f2 causare:<\/span><\/p>\n<ul>\n<li style=\"font-weight: 400;\" aria-level=\"1\"><span style=\"font-weight: 400;\">Silne uspokojenie<\/span>&nbsp;<\/li>\n<li style=\"font-weight: 400;\" aria-level=\"1\"><span style=\"font-weight: 400;\">En midlertidig forringelse af kognitive funktioner<\/span>&nbsp;<\/li>\n<li style=\"font-weight: 400;\" aria-level=\"1\"><span style=\"font-weight: 400;\">Dzia\u0142ania niepo\u017c\u0105dane u os\u00f3b wra\u017cliwych na THC<\/span>&nbsp;<\/li>\n<\/ul>\n<p>Consumare sempre responsabilmente, iniziare con piccole quantit\u00e0 ed evitare qualsiasi attivit\u00e0 pericolosa dopo l'uso (guidare, usare macchinari, ecc.).<\/p>\n<h3><b>Conclusione<\/b><\/h3>\n<p>L'hashish 420 \u00e8 una resina moderna apprezzata per la sua qualit\u00e0 e potenza. Nei paesi in cui \u00e8 legale, pu\u00f2 essere un'ottima scelta per gli amanti dei concentrati autentici. Tuttavia, ogni acquisto deve essere informato, sicuro e conforme alle leggi locali.<\/p>","protected":false},"excerpt":{"rendered":"<p>Introduction au Hash 420 Le Hash 420 est un produit concentr\u00e9 issu du cannabis, reconnu pour sa puissance, ses ar\u00f4mes profonds et ses effets marqu\u00e9s. Le nom \u00ab\u00a0420\u00a0\u00bb fait r\u00e9f\u00e9rence \u00e0 la culture cannabique mondiale et symbolise un mode de consommation assum\u00e9 et ritualis\u00e9 par une communaut\u00e9 croissante \u00e0 travers le monde. Ce hashish moderne&#8230;<\/p>","protected":false},"featured_media":1470,"comment_status":"open","ping_status":"closed","template":"","meta":{"_kadence_starter_templates_imported_post":false,"_kad_post_transparent":"default","_kad_post_title":"","_kad_post_layout":"default","_kad_post_sidebar_id":"","_kad_post_content_style":"default","_kad_post_vertical_padding":"default","_kad_post_feature":"","_kad_post_feature_position":"","_kad_post_header":false,"_kad_post_footer":false,"_joinchat":[]},"product_brand":[],"product_cat":[31],"product_tag":[],"class_list":{"0":"post-1348","1":"product","2":"type-product","3":"status-publish","4":"has-post-thumbnail","6":"product_cat-haschisch","8":"first","9":"instock","10":"shipping-taxable","11":"purchasable","12":"product-type-variable","13":"entry","14":"content-bg","15":"loop-entry"},"yoast_head":"<!-- This site is optimized with the Yoast SEO plugin v23.5 - https:\/\/yoast.com\/wordpress\/plugins\/seo\/ -->\n<title>Acheter Hash 420 en ligne - Hash 420 \u00e0 vendre<\/title>\n<meta name=\"description\" content=\"Votre commande de Hash 420 \u00e0 vendre est notre responsabilit\u00e9. Nous prendrons en compte votre demande d&#039;achat de Hash 420 en ligne et vous r\u00e9pondrons dans les plus brefs d\u00e9lais. Passez des commandes group\u00e9es d\u00e8s maintenant !\" \/>\n<meta name=\"robots\" content=\"index, follow, max-snippet:-1, max-image-preview:large, max-video-preview:-1\" \/>\n<link rel=\"canonical\" href=\"https:\/\/herbelegale.com\/it\/product\/hash-420\/\" \/>\n<meta property=\"og:locale\" content=\"it_IT\" \/>\n<meta property=\"og:type\" content=\"article\" \/>\n<meta property=\"og:title\" content=\"Acheter Hash 420 en ligne - Hash 420 \u00e0 vendre\" \/>\n<meta property=\"og:description\" content=\"Votre commande de Hash 420 \u00e0 vendre est notre responsabilit\u00e9. Nous prendrons en compte votre demande d&#039;achat de Hash 420 en ligne et vous r\u00e9pondrons dans les plus brefs d\u00e9lais. Passez des commandes group\u00e9es d\u00e8s maintenant !\" \/>\n<meta property=\"og:url\" content=\"https:\/\/herbelegale.com\/it\/product\/hash-420\/\" \/>\n<meta property=\"og:site_name\" content=\"Herbe L\u00e9gale\" \/>\n<meta property=\"article:modified_time\" content=\"2025-07-19T05:05:34+00:00\" \/>\n<meta property=\"og:image\" content=\"https:\/\/herbelegale.com\/wp-content\/uploads\/2023\/09\/Hash-420-1.jpg\" \/>\n\t<meta property=\"og:image:width\" content=\"600\" \/>\n\t<meta property=\"og:image:height\" content=\"600\" \/>\n\t<meta property=\"og:image:type\" content=\"image\/jpeg\" \/>\n<meta name=\"twitter:card\" content=\"summary_large_image\" \/>\n<meta name=\"twitter:label1\" content=\"Tempo di lettura stimato\" \/>\n\t<meta name=\"twitter:data1\" content=\"3 minuti\" \/>\n<script type=\"application\/ld+json\" class=\"yoast-schema-graph\">{\"@context\":\"https:\/\/schema.org\",\"@graph\":[{\"@type\":\"WebPage\",\"@id\":\"https:\/\/herbelegale.com\/product\/hash-420\/\",\"url\":\"https:\/\/herbelegale.com\/product\/hash-420\/\",\"name\":\"Acheter Hash 420 en ligne - Hash 420 \u00e0 vendre\",\"isPartOf\":{\"@id\":\"https:\/\/herbelegale.com\/#website\"},\"primaryImageOfPage\":{\"@id\":\"https:\/\/herbelegale.com\/product\/hash-420\/#primaryimage\"},\"image\":{\"@id\":\"https:\/\/herbelegale.com\/product\/hash-420\/#primaryimage\"},\"thumbnailUrl\":\"https:\/\/herbelegale.com\/wp-content\/uploads\/2023\/09\/Hash-420-1.jpg\",\"datePublished\":\"2023-09-30T10:19:03+00:00\",\"dateModified\":\"2025-07-19T05:05:34+00:00\",\"description\":\"Votre commande de Hash 420 \u00e0 vendre est notre responsabilit\u00e9. Nous prendrons en compte votre demande d'achat de Hash 420 en ligne et vous r\u00e9pondrons dans les plus brefs d\u00e9lais. Passez des commandes group\u00e9es d\u00e8s maintenant !\",\"breadcrumb\":{\"@id\":\"https:\/\/herbelegale.com\/product\/hash-420\/#breadcrumb\"},\"inLanguage\":\"it-IT\",\"potentialAction\":[{\"@type\":\"ReadAction\",\"target\":[\"https:\/\/herbelegale.com\/product\/hash-420\/\"]}]},{\"@type\":\"ImageObject\",\"inLanguage\":\"it-IT\",\"@id\":\"https:\/\/herbelegale.com\/product\/hash-420\/#primaryimage\",\"url\":\"https:\/\/herbelegale.com\/wp-content\/uploads\/2023\/09\/Hash-420-1.jpg\",\"contentUrl\":\"https:\/\/herbelegale.com\/wp-content\/uploads\/2023\/09\/Hash-420-1.jpg\",\"width\":600,\"height\":600,\"caption\":\"Hash 420\"},{\"@type\":\"BreadcrumbList\",\"@id\":\"https:\/\/herbelegale.com\/product\/hash-420\/#breadcrumb\",\"itemListElement\":[{\"@type\":\"ListItem\",\"position\":1,\"name\":\"Home\",\"item\":\"https:\/\/herbelegale.com\/\"},{\"@type\":\"ListItem\",\"position\":2,\"name\":\"Boutique\",\"item\":\"https:\/\/herbelegale.com\/boutique\/\"},{\"@type\":\"ListItem\",\"position\":3,\"name\":\"Hash 420\"}]},{\"@type\":\"WebSite\",\"@id\":\"https:\/\/herbelegale.com\/#website\",\"url\":\"https:\/\/herbelegale.com\/\",\"name\":\"Herbe L\u00e9gale\",\"description\":\"Acheter de l&#039;herbe en ligne\",\"publisher\":{\"@id\":\"https:\/\/herbelegale.com\/#organization\"},\"potentialAction\":[{\"@type\":\"SearchAction\",\"target\":{\"@type\":\"EntryPoint\",\"urlTemplate\":\"https:\/\/herbelegale.com\/?s={search_term_string}\"},\"query-input\":{\"@type\":\"PropertyValueSpecification\",\"valueRequired\":true,\"valueName\":\"search_term_string\"}}],\"inLanguage\":\"it-IT\"},{\"@type\":\"Organization\",\"@id\":\"https:\/\/herbelegale.com\/#organization\",\"name\":\"Herbe L\u00e9gale\",\"url\":\"https:\/\/herbelegale.com\/\",\"logo\":{\"@type\":\"ImageObject\",\"inLanguage\":\"it-IT\",\"@id\":\"https:\/\/herbelegale.com\/#\/schema\/logo\/image\/\",\"url\":\"https:\/\/herbelegale.com\/wp-content\/uploads\/2023\/10\/logo-1.png\",\"contentUrl\":\"https:\/\/herbelegale.com\/wp-content\/uploads\/2023\/10\/logo-1.png\",\"width\":400,\"height\":120,\"caption\":\"Herbe L\u00e9gale\"},\"image\":{\"@id\":\"https:\/\/herbelegale.com\/#\/schema\/logo\/image\/\"}}]}<\/script>\n<!-- \/ Yoast SEO plugin. -->","yoast_head_json":{"title":"Acheter Hash 420 en ligne - Hash 420 \u00e0 vendre","description":"Votre commande de Hash 420 \u00e0 vendre est notre responsabilit\u00e9. Nous prendrons en compte votre demande d'achat de Hash 420 en ligne et vous r\u00e9pondrons dans les plus brefs d\u00e9lais. Passez des commandes group\u00e9es d\u00e8s maintenant !","robots":{"index":"index","follow":"follow","max-snippet":"max-snippet:-1","max-image-preview":"max-image-preview:large","max-video-preview":"max-video-preview:-1"},"canonical":"https:\/\/herbelegale.com\/it\/product\/hash-420\/","og_locale":"it_IT","og_type":"article","og_title":"Acheter Hash 420 en ligne - Hash 420 \u00e0 vendre","og_description":"Votre commande de Hash 420 \u00e0 vendre est notre responsabilit\u00e9. Nous prendrons en compte votre demande d'achat de Hash 420 en ligne et vous r\u00e9pondrons dans les plus brefs d\u00e9lais. Passez des commandes group\u00e9es d\u00e8s maintenant !","og_url":"https:\/\/herbelegale.com\/it\/product\/hash-420\/","og_site_name":"Herbe L\u00e9gale","article_modified_time":"2025-07-19T05:05:34+00:00","og_image":[{"width":600,"height":600,"url":"https:\/\/herbelegale.com\/wp-content\/uploads\/2023\/09\/Hash-420-1.jpg","type":"image\/jpeg"}],"twitter_card":"summary_large_image","twitter_misc":{"Tempo di lettura stimato":"3 minuti"},"schema":{"@context":"https:\/\/schema.org","@graph":[{"@type":"WebPage","@id":"https:\/\/herbelegale.com\/product\/hash-420\/","url":"https:\/\/herbelegale.com\/product\/hash-420\/","name":"Acheter Hash 420 en ligne - Hash 420 \u00e0 vendre","isPartOf":{"@id":"https:\/\/herbelegale.com\/#website"},"primaryImageOfPage":{"@id":"https:\/\/herbelegale.com\/product\/hash-420\/#primaryimage"},"image":{"@id":"https:\/\/herbelegale.com\/product\/hash-420\/#primaryimage"},"thumbnailUrl":"https:\/\/herbelegale.com\/wp-content\/uploads\/2023\/09\/Hash-420-1.jpg","datePublished":"2023-09-30T10:19:03+00:00","dateModified":"2025-07-19T05:05:34+00:00","description":"Votre commande de Hash 420 \u00e0 vendre est notre responsabilit\u00e9. Nous prendrons en compte votre demande d'achat de Hash 420 en ligne et vous r\u00e9pondrons dans les plus brefs d\u00e9lais. Passez des commandes group\u00e9es d\u00e8s maintenant !","breadcrumb":{"@id":"https:\/\/herbelegale.com\/product\/hash-420\/#breadcrumb"},"inLanguage":"it-IT","potentialAction":[{"@type":"ReadAction","target":["https:\/\/herbelegale.com\/product\/hash-420\/"]}]},{"@type":"ImageObject","inLanguage":"it-IT","@id":"https:\/\/herbelegale.com\/product\/hash-420\/#primaryimage","url":"https:\/\/herbelegale.com\/wp-content\/uploads\/2023\/09\/Hash-420-1.jpg","contentUrl":"https:\/\/herbelegale.com\/wp-content\/uploads\/2023\/09\/Hash-420-1.jpg","width":600,"height":600,"caption":"Hash 420"},{"@type":"BreadcrumbList","@id":"https:\/\/herbelegale.com\/product\/hash-420\/#breadcrumb","itemListElement":[{"@type":"ListItem","position":1,"name":"Home","item":"https:\/\/herbelegale.com\/"},{"@type":"ListItem","position":2,"name":"Boutique","item":"https:\/\/herbelegale.com\/boutique\/"},{"@type":"ListItem","position":3,"name":"Hash 420"}]},{"@type":"WebSite","@id":"https:\/\/herbelegale.com\/#website","url":"https:\/\/herbelegale.com\/","name":"Herbe L\u00e9gale","description":"Acheter de l&#039;herbe en ligne","publisher":{"@id":"https:\/\/herbelegale.com\/#organization"},"potentialAction":[{"@type":"SearchAction","target":{"@type":"EntryPoint","urlTemplate":"https:\/\/herbelegale.com\/?s={search_term_string}"},"query-input":{"@type":"PropertyValueSpecification","valueRequired":true,"valueName":"search_term_string"}}],"inLanguage":"it-IT"},{"@type":"Organization","@id":"https:\/\/herbelegale.com\/#organization","name":"Herbe L\u00e9gale","url":"https:\/\/herbelegale.com\/","logo":{"@type":"ImageObject","inLanguage":"it-IT","@id":"https:\/\/herbelegale.com\/#\/schema\/logo\/image\/","url":"https:\/\/herbelegale.com\/wp-content\/uploads\/2023\/10\/logo-1.png","contentUrl":"https:\/\/herbelegale.com\/wp-content\/uploads\/2023\/10\/logo-1.png","width":400,"height":120,"caption":"Herbe L\u00e9gale"},"image":{"@id":"https:\/\/herbelegale.com\/#\/schema\/logo\/image\/"}}]}},"_links":{"self":[{"href":"https:\/\/herbelegale.com\/it\/wp-json\/wp\/v2\/product\/1348","targetHints":{"allow":["GET"]}}],"collection":[{"href":"https:\/\/herbelegale.com\/it\/wp-json\/wp\/v2\/product"}],"about":[{"href":"https:\/\/herbelegale.com\/it\/wp-json\/wp\/v2\/types\/product"}],"replies":[{"embeddable":true,"href":"https:\/\/herbelegale.com\/it\/wp-json\/wp\/v2\/comments?post=1348"}],"wp:featuredmedia":[{"embeddable":true,"href":"https:\/\/herbelegale.com\/it\/wp-json\/wp\/v2\/media\/1470"}],"wp:attachment":[{"href":"https:\/\/herbelegale.com\/it\/wp-json\/wp\/v2\/media?parent=1348"}],"wp:term":[{"taxonomy":"product_brand","embeddable":true,"href":"https:\/\/herbelegale.com\/it\/wp-json\/wp\/v2\/product_brand?post=1348"},{"taxonomy":"product_cat","embeddable":true,"href":"https:\/\/herbelegale.com\/it\/wp-json\/wp\/v2\/product_cat?post=1348"},{"taxonomy":"product_tag","embeddable":true,"href":"https:\/\/herbelegale.com\/it\/wp-json\/wp\/v2\/product_tag?post=1348"}],"curies":[{"name":"wp","href":"https:\/\/api.w.org\/{rel}","templated":true}]}}