{"id":1347,"date":"2023-09-30T10:18:33","date_gmt":"2023-09-30T10:18:33","guid":{"rendered":"https:\/\/nembutalhouse.com\/weed\/?post_type=product&#038;p=1347"},"modified":"2025-07-19T05:02:49","modified_gmt":"2025-07-19T05:02:49","slug":"bubble-hash","status":"publish","type":"product","link":"https:\/\/herbelegale.com\/it\/product\/bubble-hash\/","title":{"rendered":"Hash a bolle d'aria"},"content":{"rendered":"<h2><b>Introduzione a Bubble Hash<\/b><\/h2>\n<p>Koncentrat ceniony przez koneser\u00f3w na ca\u0142ym \u015bwiecie, <a href=\"https:\/\/herbelegale.com\/it\/product\/bubble-hash\/\">Hash a bolle d'aria<\/a> Es reconocido por su excepcional pureza, potencia y m\u00e9todo de extracci\u00f3n artesanal. Gracias a un proceso espec\u00edfico a base de agua helada, esta resina cristalina ofrece un resultado limpio, sabroso y rico en cannabinoides.<\/p>\n<p>Aujourd\u2019hui, de nombreux consommateurs choisissent d\u2019<a href=\"https:\/\/en.wikipedia.org\/wiki\/Hashish\">acquista hashish a bolle online<\/a> pour d\u00e9couvrir ou red\u00e9couvrir cette merveille du monde du cannabis sous sa forme la plus pure.<\/p>\n<h3><b>Cos'\u00e8 il Bubble Hash?<\/b><\/h3>\n<p>Il bubble hash, noto anche come \"Ice-O-Lator\" o \"Ice Hash\", \u00e8 un hashish ottenuto tramite estrazione meccanica con acqua ghiacciata e setacci a maglie fini. Questo processo naturale separa i tricomi dalla pianta di cannabis, creando una resina concentrata senza solventi o additivi chimici.<\/p>\n<p>Il suo nome deriva dal fatto che, una volta riscaldato, crea letteralmente delle bolle mentre si scioglie, un segno distintivo di qualit\u00e0 e purezza. Pi\u00f9 puro \u00e8 il prodotto, pi\u00f9 bolle produrr\u00e0 il Bubble Hash durante la combustione.<\/p>\n<h3><b>Usi ed effetti comuni<\/b><\/h3>\n<p>Bubble Hash er is\u00e6r v\u00e6rdsat for:<\/p>\n<ul>\n<li style=\"font-weight: 400;\" aria-level=\"1\"><span style=\"font-weight: 400;\">Jego silne, natychmiastowe i d\u0142ugotrwa\u0142e dzia\u0142anie<\/span>&nbsp;<\/li>\n<li style=\"font-weight: 400;\" aria-level=\"1\"><span style=\"font-weight: 400;\">Dens rene, naturlige og intense smag<\/span>&nbsp;<\/li>\n<li style=\"font-weight: 400;\" aria-level=\"1\"><span style=\"font-weight: 400;\">Jego w\u0142a\u015bciwo\u015bci relaksuj\u0105ce dla cia\u0142a<\/span>&nbsp;<\/li>\n<li style=\"font-weight: 400;\" aria-level=\"1\"><span style=\"font-weight: 400;\">Dens potentiale til at stimulere kreativitet eller mental eufori (afh\u00e6ngigt af den oprindelige stamme)<\/span>&nbsp;<\/li>\n<\/ul>\n<p><span style=\"font-weight: 400;\">Mo\u017cna go spo\u017cywa\u0107 osobno, miesza\u0107 z kwiatami lub dodawa\u0107 do potraw na bazie konopi.<\/span><\/p>\n<h3><b>Juridisk status (afh\u00e6ngigt af region)<\/b><\/h3>\n<p>Come tutti i prodotti ricchi di THC, la legalit\u00e0 del bubble hash dipende interamente dalle normative locali. In alcuni paesi \u00e8 severamente proibito, mentre in altri \u00e8 tollerato o legale a determinate condizioni. Prima di ordinare bubble hash online, assicurati di verificare le leggi vigenti nel tuo paese o nella tua regione.<\/p>\n<h3><b>Pourquoi acheter Bubble Hash en ligne ?<\/b><\/h3>\n<h3><b>Accessibilit\u00e0<\/b><\/h3>\n<p>Acquistando Bubble Hash online \u00e8 facile trovare resine di alta qualit\u00e0 che a volte non sono disponibili nei negozi locali.<\/p>\n<h3><b>Variet\u00e0 di venditori<\/b><\/h3>\n<p>Molti venditori specializzati ora mettono in vendita il Bubble Hash, in diverse qualit\u00e0, concentrazioni e tipologie di variet\u00e0 (sativa, indica, ibrida, ecc.).<\/p>\n<h3><b>Spedizione discreta<\/b><\/h3>\n<p>I migliori siti di shopping online garantiscono una spedizione discreta in imballaggi semplici per proteggere la tua privacy e assicurare una consegna senza intoppi.<\/p>\n<h3><b>Come scegliere un venditore affidabile?<\/b><\/h3>\n<p>Para encontrar el mejor lugar para comprar Amnesia Jelly Hash en l\u00ednea, aqu\u00ed hay algunos consejos esenciales:<\/p>\n<ul>\n<li style=\"font-weight: 400;\" aria-level=\"1\">Sprawd\u017a cen\u0119 Bubble Hash, aby por\u00f3wna\u0107 jako\u015b\u0107\/cen\u0119 mi\u0119dzy kilkoma sprzedawcami&nbsp;<\/li>\n<li style=\"font-weight: 400;\" aria-level=\"1\"><span style=\"font-weight: 400;\">Tjek webstedets omd\u00f8mme gennem verificerede kundeanmeldelser<\/span>&nbsp;<\/li>\n<li style=\"font-weight: 400;\" aria-level=\"1\"><span style=\"font-weight: 400;\">Szukaj certyfikat\u00f3w laboratoryjnych gwarantuj\u0105cych jako\u015b\u0107 i czysto\u015b\u0107<\/span>&nbsp;<\/li>\n<li style=\"font-weight: 400;\" aria-level=\"1\"><span style=\"font-weight: 400;\">V\u00e6lg s\u00e6lgere, der tilbyder tilg\u00e6ngelig og professionel kundeservice.<\/span>&nbsp;<\/li>\n<li style=\"font-weight: 400;\" aria-level=\"1\"><span style=\"font-weight: 400;\">Tutki toimitus- ja palautusehdot<\/span>&nbsp;<\/li>\n<\/ul>\n<h3><b>Politiche di consegna<\/b><\/h3>\n<p><span style=\"font-weight: 400;\">Dobra witryna sprzeda\u017cy online musi oferowa\u0107:<\/span><\/p>\n<ul>\n<li style=\"font-weight: 400;\" aria-level=\"1\"><span style=\"font-weight: 400;\">Tempi di consegna ragionevoli<\/span>&nbsp;<\/li>\n<li style=\"font-weight: 400;\" aria-level=\"1\"><span style=\"font-weight: 400;\">Et sporingsnummer til din ordre<\/span>&nbsp;<\/li>\n<li style=\"font-weight: 400;\" aria-level=\"1\"><span style=\"font-weight: 400;\">Garant\u00edas en caso de problema (paquete perdido o da\u00f1ado)<\/span>&nbsp;<\/li>\n<\/ul>\n<h3><b>Rischi e considerazioni<\/b><\/h3>\n<h3><b>Rischi per la salute<\/b><\/h3>\n<p>Il bubble hash \u00e8 un prodotto ad alta concentrazione di THC. Per i principianti, si consiglia di iniziare con piccole quantit\u00e0. Acquistare da venditori affidabili garantisce un prodotto puro, privo di contaminanti chimici e solventi.<\/p>\n<h3><b>Conclusione<\/b><\/h3>\n<p>Il bubble hash \u00e8 un must per gli amanti dell'hashish di qualit\u00e0. Il suo gusto puro, la consistenza fine e gli effetti potenti lo rendono un prodotto ricercato dagli intenditori di tutto il mondo. Per un'esperienza ottimale, scegliete sempre di acquistare bubble hash online tramite piattaforme affidabili.<\/p>","protected":false},"excerpt":{"rendered":"<p>Introduction au Bubble Hash Concentr\u00e9 pris\u00e9 par les connaisseurs du monde entier, le Bubble Hash est r\u00e9put\u00e9 pour sa puret\u00e9 exceptionnelle, sa puissance, et sa m\u00e9thode d\u2019extraction artisanale. Gr\u00e2ce \u00e0 un processus sp\u00e9cifique \u00e0 base d\u2019eau glac\u00e9e, cette r\u00e9sine cristalline offre un r\u00e9sultat propre, savoureux, et riche en cannabino\u00efdes. Aujourd\u2019hui, de nombreux consommateurs choisissent d\u2019acheter&#8230;<\/p>","protected":false},"featured_media":1469,"comment_status":"open","ping_status":"closed","template":"","meta":{"_kadence_starter_templates_imported_post":false,"_kad_post_transparent":"default","_kad_post_title":"","_kad_post_layout":"default","_kad_post_sidebar_id":"","_kad_post_content_style":"default","_kad_post_vertical_padding":"default","_kad_post_feature":"","_kad_post_feature_position":"","_kad_post_header":false,"_kad_post_footer":false,"_joinchat":[]},"product_brand":[],"product_cat":[31],"product_tag":[],"class_list":{"0":"post-1347","1":"product","2":"type-product","3":"status-publish","4":"has-post-thumbnail","6":"product_cat-haschisch","8":"first","9":"instock","10":"shipping-taxable","11":"purchasable","12":"product-type-variable","13":"entry","14":"content-bg","15":"loop-entry"},"yoast_head":"<!-- This site is optimized with the Yoast SEO plugin v23.5 - https:\/\/yoast.com\/wordpress\/plugins\/seo\/ -->\n<title>Achetez du Bubble Hash en ligne - Bubble Hash \u00e0 vendre - Commandez du Bubble Hash<\/title>\n<meta name=\"description\" content=\"Vous cherchez \u00e0 acheter du Bubble Hash en ligne \u00e0 un prix raisonnable ? Visitez notre boutique en ligne Herbelegale r\u00e9put\u00e9e et obtenez du Bubble Hash en vente d\u00e8s aujourd&#039;hui. Passez commande maintenant !\" \/>\n<meta name=\"robots\" content=\"index, follow, max-snippet:-1, max-image-preview:large, max-video-preview:-1\" \/>\n<link rel=\"canonical\" href=\"https:\/\/herbelegale.com\/it\/product\/bubble-hash\/\" \/>\n<meta property=\"og:locale\" content=\"it_IT\" \/>\n<meta property=\"og:type\" content=\"article\" \/>\n<meta property=\"og:title\" content=\"Achetez du Bubble Hash en ligne - Bubble Hash \u00e0 vendre - Commandez du Bubble Hash\" \/>\n<meta property=\"og:description\" content=\"Vous cherchez \u00e0 acheter du Bubble Hash en ligne \u00e0 un prix raisonnable ? Visitez notre boutique en ligne Herbelegale r\u00e9put\u00e9e et obtenez du Bubble Hash en vente d\u00e8s aujourd&#039;hui. Passez commande maintenant !\" \/>\n<meta property=\"og:url\" content=\"https:\/\/herbelegale.com\/it\/product\/bubble-hash\/\" \/>\n<meta property=\"og:site_name\" content=\"Herbe L\u00e9gale\" \/>\n<meta property=\"article:modified_time\" content=\"2025-07-19T05:02:49+00:00\" \/>\n<meta property=\"og:image\" content=\"https:\/\/herbelegale.com\/wp-content\/uploads\/2023\/09\/Bubble-Hash-1.jpg\" \/>\n\t<meta property=\"og:image:width\" content=\"600\" \/>\n\t<meta property=\"og:image:height\" content=\"600\" \/>\n\t<meta property=\"og:image:type\" content=\"image\/jpeg\" \/>\n<meta name=\"twitter:card\" content=\"summary_large_image\" \/>\n<meta name=\"twitter:label1\" content=\"Tempo di lettura stimato\" \/>\n\t<meta name=\"twitter:data1\" content=\"3 minuti\" \/>\n<script type=\"application\/ld+json\" class=\"yoast-schema-graph\">{\"@context\":\"https:\/\/schema.org\",\"@graph\":[{\"@type\":\"WebPage\",\"@id\":\"https:\/\/herbelegale.com\/product\/bubble-hash\/\",\"url\":\"https:\/\/herbelegale.com\/product\/bubble-hash\/\",\"name\":\"Achetez du Bubble Hash en ligne - Bubble Hash \u00e0 vendre - Commandez du Bubble Hash\",\"isPartOf\":{\"@id\":\"https:\/\/herbelegale.com\/#website\"},\"primaryImageOfPage\":{\"@id\":\"https:\/\/herbelegale.com\/product\/bubble-hash\/#primaryimage\"},\"image\":{\"@id\":\"https:\/\/herbelegale.com\/product\/bubble-hash\/#primaryimage\"},\"thumbnailUrl\":\"https:\/\/herbelegale.com\/wp-content\/uploads\/2023\/09\/Bubble-Hash-1.jpg\",\"datePublished\":\"2023-09-30T10:18:33+00:00\",\"dateModified\":\"2025-07-19T05:02:49+00:00\",\"description\":\"Vous cherchez \u00e0 acheter du Bubble Hash en ligne \u00e0 un prix raisonnable ? Visitez notre boutique en ligne Herbelegale r\u00e9put\u00e9e et obtenez du Bubble Hash en vente d\u00e8s aujourd'hui. Passez commande maintenant !\",\"breadcrumb\":{\"@id\":\"https:\/\/herbelegale.com\/product\/bubble-hash\/#breadcrumb\"},\"inLanguage\":\"it-IT\",\"potentialAction\":[{\"@type\":\"ReadAction\",\"target\":[\"https:\/\/herbelegale.com\/product\/bubble-hash\/\"]}]},{\"@type\":\"ImageObject\",\"inLanguage\":\"it-IT\",\"@id\":\"https:\/\/herbelegale.com\/product\/bubble-hash\/#primaryimage\",\"url\":\"https:\/\/herbelegale.com\/wp-content\/uploads\/2023\/09\/Bubble-Hash-1.jpg\",\"contentUrl\":\"https:\/\/herbelegale.com\/wp-content\/uploads\/2023\/09\/Bubble-Hash-1.jpg\",\"width\":600,\"height\":600,\"caption\":\"Bubble Hash\"},{\"@type\":\"BreadcrumbList\",\"@id\":\"https:\/\/herbelegale.com\/product\/bubble-hash\/#breadcrumb\",\"itemListElement\":[{\"@type\":\"ListItem\",\"position\":1,\"name\":\"Home\",\"item\":\"https:\/\/herbelegale.com\/\"},{\"@type\":\"ListItem\",\"position\":2,\"name\":\"Boutique\",\"item\":\"https:\/\/herbelegale.com\/boutique\/\"},{\"@type\":\"ListItem\",\"position\":3,\"name\":\"Bubble Hash\"}]},{\"@type\":\"WebSite\",\"@id\":\"https:\/\/herbelegale.com\/#website\",\"url\":\"https:\/\/herbelegale.com\/\",\"name\":\"Herbe L\u00e9gale\",\"description\":\"Acheter de l&#039;herbe en ligne\",\"publisher\":{\"@id\":\"https:\/\/herbelegale.com\/#organization\"},\"potentialAction\":[{\"@type\":\"SearchAction\",\"target\":{\"@type\":\"EntryPoint\",\"urlTemplate\":\"https:\/\/herbelegale.com\/?s={search_term_string}\"},\"query-input\":{\"@type\":\"PropertyValueSpecification\",\"valueRequired\":true,\"valueName\":\"search_term_string\"}}],\"inLanguage\":\"it-IT\"},{\"@type\":\"Organization\",\"@id\":\"https:\/\/herbelegale.com\/#organization\",\"name\":\"Herbe L\u00e9gale\",\"url\":\"https:\/\/herbelegale.com\/\",\"logo\":{\"@type\":\"ImageObject\",\"inLanguage\":\"it-IT\",\"@id\":\"https:\/\/herbelegale.com\/#\/schema\/logo\/image\/\",\"url\":\"https:\/\/herbelegale.com\/wp-content\/uploads\/2023\/10\/logo-1.png\",\"contentUrl\":\"https:\/\/herbelegale.com\/wp-content\/uploads\/2023\/10\/logo-1.png\",\"width\":400,\"height\":120,\"caption\":\"Herbe L\u00e9gale\"},\"image\":{\"@id\":\"https:\/\/herbelegale.com\/#\/schema\/logo\/image\/\"}}]}<\/script>\n<!-- \/ Yoast SEO plugin. -->","yoast_head_json":{"title":"Achetez du Bubble Hash en ligne - Bubble Hash \u00e0 vendre - Commandez du Bubble Hash","description":"Vous cherchez \u00e0 acheter du Bubble Hash en ligne \u00e0 un prix raisonnable ? Visitez notre boutique en ligne Herbelegale r\u00e9put\u00e9e et obtenez du Bubble Hash en vente d\u00e8s aujourd'hui. Passez commande maintenant !","robots":{"index":"index","follow":"follow","max-snippet":"max-snippet:-1","max-image-preview":"max-image-preview:large","max-video-preview":"max-video-preview:-1"},"canonical":"https:\/\/herbelegale.com\/it\/product\/bubble-hash\/","og_locale":"it_IT","og_type":"article","og_title":"Achetez du Bubble Hash en ligne - Bubble Hash \u00e0 vendre - Commandez du Bubble Hash","og_description":"Vous cherchez \u00e0 acheter du Bubble Hash en ligne \u00e0 un prix raisonnable ? Visitez notre boutique en ligne Herbelegale r\u00e9put\u00e9e et obtenez du Bubble Hash en vente d\u00e8s aujourd'hui. Passez commande maintenant !","og_url":"https:\/\/herbelegale.com\/it\/product\/bubble-hash\/","og_site_name":"Herbe L\u00e9gale","article_modified_time":"2025-07-19T05:02:49+00:00","og_image":[{"width":600,"height":600,"url":"https:\/\/herbelegale.com\/wp-content\/uploads\/2023\/09\/Bubble-Hash-1.jpg","type":"image\/jpeg"}],"twitter_card":"summary_large_image","twitter_misc":{"Tempo di lettura stimato":"3 minuti"},"schema":{"@context":"https:\/\/schema.org","@graph":[{"@type":"WebPage","@id":"https:\/\/herbelegale.com\/product\/bubble-hash\/","url":"https:\/\/herbelegale.com\/product\/bubble-hash\/","name":"Achetez du Bubble Hash en ligne - Bubble Hash \u00e0 vendre - Commandez du Bubble Hash","isPartOf":{"@id":"https:\/\/herbelegale.com\/#website"},"primaryImageOfPage":{"@id":"https:\/\/herbelegale.com\/product\/bubble-hash\/#primaryimage"},"image":{"@id":"https:\/\/herbelegale.com\/product\/bubble-hash\/#primaryimage"},"thumbnailUrl":"https:\/\/herbelegale.com\/wp-content\/uploads\/2023\/09\/Bubble-Hash-1.jpg","datePublished":"2023-09-30T10:18:33+00:00","dateModified":"2025-07-19T05:02:49+00:00","description":"Vous cherchez \u00e0 acheter du Bubble Hash en ligne \u00e0 un prix raisonnable ? Visitez notre boutique en ligne Herbelegale r\u00e9put\u00e9e et obtenez du Bubble Hash en vente d\u00e8s aujourd'hui. Passez commande maintenant !","breadcrumb":{"@id":"https:\/\/herbelegale.com\/product\/bubble-hash\/#breadcrumb"},"inLanguage":"it-IT","potentialAction":[{"@type":"ReadAction","target":["https:\/\/herbelegale.com\/product\/bubble-hash\/"]}]},{"@type":"ImageObject","inLanguage":"it-IT","@id":"https:\/\/herbelegale.com\/product\/bubble-hash\/#primaryimage","url":"https:\/\/herbelegale.com\/wp-content\/uploads\/2023\/09\/Bubble-Hash-1.jpg","contentUrl":"https:\/\/herbelegale.com\/wp-content\/uploads\/2023\/09\/Bubble-Hash-1.jpg","width":600,"height":600,"caption":"Bubble Hash"},{"@type":"BreadcrumbList","@id":"https:\/\/herbelegale.com\/product\/bubble-hash\/#breadcrumb","itemListElement":[{"@type":"ListItem","position":1,"name":"Home","item":"https:\/\/herbelegale.com\/"},{"@type":"ListItem","position":2,"name":"Boutique","item":"https:\/\/herbelegale.com\/boutique\/"},{"@type":"ListItem","position":3,"name":"Bubble Hash"}]},{"@type":"WebSite","@id":"https:\/\/herbelegale.com\/#website","url":"https:\/\/herbelegale.com\/","name":"Herbe L\u00e9gale","description":"Acheter de l&#039;herbe en ligne","publisher":{"@id":"https:\/\/herbelegale.com\/#organization"},"potentialAction":[{"@type":"SearchAction","target":{"@type":"EntryPoint","urlTemplate":"https:\/\/herbelegale.com\/?s={search_term_string}"},"query-input":{"@type":"PropertyValueSpecification","valueRequired":true,"valueName":"search_term_string"}}],"inLanguage":"it-IT"},{"@type":"Organization","@id":"https:\/\/herbelegale.com\/#organization","name":"Herbe L\u00e9gale","url":"https:\/\/herbelegale.com\/","logo":{"@type":"ImageObject","inLanguage":"it-IT","@id":"https:\/\/herbelegale.com\/#\/schema\/logo\/image\/","url":"https:\/\/herbelegale.com\/wp-content\/uploads\/2023\/10\/logo-1.png","contentUrl":"https:\/\/herbelegale.com\/wp-content\/uploads\/2023\/10\/logo-1.png","width":400,"height":120,"caption":"Herbe L\u00e9gale"},"image":{"@id":"https:\/\/herbelegale.com\/#\/schema\/logo\/image\/"}}]}},"_links":{"self":[{"href":"https:\/\/herbelegale.com\/it\/wp-json\/wp\/v2\/product\/1347","targetHints":{"allow":["GET"]}}],"collection":[{"href":"https:\/\/herbelegale.com\/it\/wp-json\/wp\/v2\/product"}],"about":[{"href":"https:\/\/herbelegale.com\/it\/wp-json\/wp\/v2\/types\/product"}],"replies":[{"embeddable":true,"href":"https:\/\/herbelegale.com\/it\/wp-json\/wp\/v2\/comments?post=1347"}],"wp:featuredmedia":[{"embeddable":true,"href":"https:\/\/herbelegale.com\/it\/wp-json\/wp\/v2\/media\/1469"}],"wp:attachment":[{"href":"https:\/\/herbelegale.com\/it\/wp-json\/wp\/v2\/media?parent=1347"}],"wp:term":[{"taxonomy":"product_brand","embeddable":true,"href":"https:\/\/herbelegale.com\/it\/wp-json\/wp\/v2\/product_brand?post=1347"},{"taxonomy":"product_cat","embeddable":true,"href":"https:\/\/herbelegale.com\/it\/wp-json\/wp\/v2\/product_cat?post=1347"},{"taxonomy":"product_tag","embeddable":true,"href":"https:\/\/herbelegale.com\/it\/wp-json\/wp\/v2\/product_tag?post=1347"}],"curies":[{"name":"wp","href":"https:\/\/api.w.org\/{rel}","templated":true}]}}