{"id":1345,"date":"2023-09-30T10:17:48","date_gmt":"2023-09-30T10:17:48","guid":{"rendered":"https:\/\/nembutalhouse.com\/weed\/?post_type=product&#038;p=1345"},"modified":"2025-07-18T11:22:57","modified_gmt":"2025-07-18T11:22:57","slug":"amnesia-hash","status":"publish","type":"product","link":"https:\/\/herbelegale.com\/it\/product\/amnesia-hash\/","title":{"rendered":"Amnesia Hash"},"content":{"rendered":"<h2><b>Introduzione all'Amnesia Hash<\/b><\/h2>\n<p>Si vous recherchez un hash puissant et riche en ar\u00f4mes, <a href=\"https:\/\/herbelegale.com\/it\/product\/amnesia-hash\/\">l\u2019Amnesia Hash<\/a> \u00c8 un must-have. Derivato dalla famosa variet\u00e0 Amnesia, questo concentrato resinoso offre un'esperienza intensa per gli amanti del brivido. La sua reputazione si basa su forti effetti cerebrali e un caratteristico sapore speziato di limone. Scopri perch\u00e9 cos\u00ec tanti utenti scelgono di acquistare Amnesia Hash online per migliorare la propria esperienza con la cannabis.<\/p>\n<h3><b>Cos'\u00e8 l'Amnesia Hash?<\/b><\/h3>\n<p><a href=\"https:\/\/en.wikipedia.org\/wiki\/Amnesia\">L\u2019Amnesia Hash<\/a> \u00e8 un concentrato di cannabis ricavato dalla resina dei tricomi della variet\u00e0 Amnesia, una genetica molto apprezzata in tutto il mondo. Questa resina \u00e8 accuratamente lavorata per ottenere una consistenza morbida e un colore marrone dorato. Ricca di THC, sprigiona gli aromi terrosi e agrumati caratteristici della variet\u00e0 Amnesia quando viene bruciata.<\/p>\n<p><span style=\"font-weight: 400;\">Questo hashish \u00e8 noto per la sua potenza, con effetti psicotropi rapidi e duraturi. \u00c8 particolarmente adatto agli utenti esperti che cercano una scarica di energia ed euforia.<\/span><\/p>\n<h3><b>Usi ed effetti comuni<\/b><\/h3>\n<p>Gli appassionati di Amnesia Hash lo usano principalmente per:<\/p>\n<ul>\n<li style=\"font-weight: 400;\" aria-level=\"1\"><span style=\"font-weight: 400;\">Stimolare la creativit\u00e0 e l'ispirazione<\/span>&nbsp;<\/li>\n<li style=\"font-weight: 400;\" aria-level=\"1\"><span style=\"font-weight: 400;\">Sensazione di intensa euforia mentale<\/span>&nbsp;<\/li>\n<li style=\"font-weight: 400;\" aria-level=\"1\"><span style=\"font-weight: 400;\">Combatti lo stress e migliora l'umore<\/span>&nbsp;<\/li>\n<li style=\"font-weight: 400;\" aria-level=\"1\"><span style=\"font-weight: 400;\">Alleviare alcuni disagi fisici o lievi tensioni<\/span>&nbsp;<\/li>\n<\/ul>\n<p><span style=\"font-weight: 400;\">A causa dei suoi effetti prevalentemente sativa, questo hashish viene pi\u00f9 comunemente utilizzato durante il giorno o durante le attivit\u00e0 sociali.<\/span><\/p>\n<h3><b>Juridisk status (afh\u00e6ngigt af region)<\/b><\/h3>\n<p>Lo status legale dell'Amnesia Hash dipende interamente dalla legislazione locale riguardante i prodotti a base di cannabis. In alcuni paesi europei o in Canada, ad esempio, i concentrati sono autorizzati a determinate condizioni. Prima di ordinare Amnesia Hash online, assicurati di verificare le leggi vigenti nel tuo Paese o nella tua regione.<\/p>\n<h3><b>Pourquoi acheter Amnesia Hash en ligne ?<\/b><\/h3>\n<h3><b>Accessibilit\u00e0<\/b><\/h3>\n<p>Acquistando Fendi OG Hash online avrai facile accesso a prodotti di qualit\u00e0 premium, spesso difficili da trovare nei canali tradizionali.<\/p>\n<h3><b>Variet\u00e0 di venditori<\/b><\/h3>\n<p>Molti siti specializzati ora offrono l'Amnesia Hash in vendita. Puoi confrontare prezzi, qualit\u00e0 e selezionare l'opzione migliore in base alle tue esigenze.<\/p>\n<h3><b>Spedizione discreta<\/b><\/h3>\n<p>I venditori affidabili garantiscono una spedizione discreta, con imballaggi attenti e neutri. I tuoi ordini arriveranno direttamente a casa tua, in tutta riservatezza.<\/p>\n<h3><b>Come scegliere un venditore affidabile?<\/b><\/h3>\n<p>Trovare il posto migliore in cui acquistare Amnesia Hash online richiede una piccola ricerca. Ecco alcuni criteri essenziali:<\/p>\n<ul>\n<li style=\"font-weight: 400;\" aria-level=\"1\"><span style=\"font-weight: 400;\">Descrizioni dei prodotti accurate e trasparenti<\/span>&nbsp;<\/li>\n<li style=\"font-weight: 400;\" aria-level=\"1\">Wyra\u017any wska\u017anik ceny Amnesia Hash&nbsp;<\/li>\n<li style=\"font-weight: 400;\" aria-level=\"1\"><span style=\"font-weight: 400;\">Autentyczne i pozytywne opinie klient\u00f3w<\/span>&nbsp;<\/li>\n<li style=\"font-weight: 400;\" aria-level=\"1\"><span style=\"font-weight: 400;\">Laboratorieanalysecertifikater, hvis tilg\u00e6ngelige<\/span>&nbsp;<\/li>\n<li style=\"font-weight: 400;\" aria-level=\"1\"><span style=\"font-weight: 400;\">Reagoiva ja ammattitaitoinen asiakaspalvelu<\/span>&nbsp;<\/li>\n<li style=\"font-weight: 400;\" aria-level=\"1\"><span style=\"font-weight: 400;\">Chiarimenti sulle politiche di spedizione e reso<\/span>&nbsp;<\/li>\n<\/ul>\n<h3><b>Politiche di consegna<\/b><\/h3>\n<p><span style=\"font-weight: 400;\">Assicurati che il sito offra:<\/span><\/p>\n<ul>\n<li style=\"font-weight: 400;\" aria-level=\"1\"><span style=\"font-weight: 400;\">Tempi di consegna ragionevoli<\/span>&nbsp;<\/li>\n<li style=\"font-weight: 400;\" aria-level=\"1\"><span style=\"font-weight: 400;\">Tracciamento del pacco disponibile<\/span>&nbsp;<\/li>\n<li style=\"font-weight: 400;\" aria-level=\"1\"><span style=\"font-weight: 400;\">Opzioni di rimborso o reso in caso di problemi<\/span>&nbsp;<\/li>\n<\/ul>\n<h3><b>Rischi e considerazioni<\/b><\/h3>\n<h3><b>Rischi per la salute<\/b><\/h3>\n<p>L'Amnesia Hash \u00e8 potente. Per i principianti, si consiglia di iniziare con piccole quantit\u00e0. L'uso eccessivo pu\u00f2 causare sensazioni di confusione o ansia in alcune persone. \u00c8 fondamentale acquistare solo da venditori affidabili per evitare prodotti adulterati.<\/p>\n<h3><b>Conclusione<\/b><\/h3>\n<p>L'Amnesia Hash seduce con i suoi aromi intensi, i suoi effetti potenti e la sua leggendaria tradizione. Per un'esperienza ottimale, quando acquisti Amnesia Hash online, scegli sempre venditori affidabili.<\/p>","protected":false},"excerpt":{"rendered":"<p>Introduction \u00e0 l\u2019Amnesia Hash Si vous recherchez un hash puissant et riche en ar\u00f4mes, l\u2019Amnesia Hash est une r\u00e9f\u00e9rence incontournable. Issu de la c\u00e9l\u00e8bre vari\u00e9t\u00e9 Amnesia, ce concentr\u00e9 r\u00e9sineux offre une exp\u00e9rience intense aux amateurs de sensations fortes. Sa r\u00e9putation repose sur des effets c\u00e9r\u00e9braux marqu\u00e9s et un go\u00fbt citronn\u00e9 \u00e9pic\u00e9 reconnaissable entre mille. D\u00e9couvrez&#8230;<\/p>","protected":false},"featured_media":1467,"comment_status":"open","ping_status":"closed","template":"","meta":{"_kadence_starter_templates_imported_post":false,"_kad_post_transparent":"default","_kad_post_title":"","_kad_post_layout":"default","_kad_post_sidebar_id":"","_kad_post_content_style":"default","_kad_post_vertical_padding":"default","_kad_post_feature":"","_kad_post_feature_position":"","_kad_post_header":false,"_kad_post_footer":false,"_joinchat":[]},"product_brand":[],"product_cat":[31],"product_tag":[],"class_list":{"0":"post-1345","1":"product","2":"type-product","3":"status-publish","4":"has-post-thumbnail","6":"product_cat-haschisch","8":"first","9":"instock","10":"shipping-taxable","11":"purchasable","12":"product-type-variable","13":"entry","14":"content-bg","15":"loop-entry"},"yoast_head":"<!-- This site is optimized with the Yoast SEO plugin v23.5 - https:\/\/yoast.com\/wordpress\/plugins\/seo\/ -->\n<title>Acheter du haschisch Amnesia en ligne - Vente de haschisch Amnesia<\/title>\n<meta name=\"description\" content=\"Achetez Amnesia Hash \u00e0 des prix abordables dans notre boutique en ligne. Nous vous aiderons \u00e0 acheter Amnesia Hash en ligne. Acceptez votre commande et livrez-la chez vous bient\u00f4t !\" \/>\n<meta name=\"robots\" content=\"index, follow, max-snippet:-1, max-image-preview:large, max-video-preview:-1\" \/>\n<link rel=\"canonical\" href=\"https:\/\/herbelegale.com\/it\/product\/amnesia-hash\/\" \/>\n<meta property=\"og:locale\" content=\"it_IT\" \/>\n<meta property=\"og:type\" content=\"article\" \/>\n<meta property=\"og:title\" content=\"Acheter du haschisch Amnesia en ligne - Vente de haschisch Amnesia\" \/>\n<meta property=\"og:description\" content=\"Achetez Amnesia Hash \u00e0 des prix abordables dans notre boutique en ligne. Nous vous aiderons \u00e0 acheter Amnesia Hash en ligne. Acceptez votre commande et livrez-la chez vous bient\u00f4t !\" \/>\n<meta property=\"og:url\" content=\"https:\/\/herbelegale.com\/it\/product\/amnesia-hash\/\" \/>\n<meta property=\"og:site_name\" content=\"Herbe L\u00e9gale\" \/>\n<meta property=\"article:modified_time\" content=\"2025-07-18T11:22:57+00:00\" \/>\n<meta property=\"og:image\" content=\"https:\/\/herbelegale.com\/wp-content\/uploads\/2023\/09\/AMNESIA-HASH-1.jpg\" \/>\n\t<meta property=\"og:image:width\" content=\"600\" \/>\n\t<meta property=\"og:image:height\" content=\"600\" \/>\n\t<meta property=\"og:image:type\" content=\"image\/jpeg\" \/>\n<meta name=\"twitter:card\" content=\"summary_large_image\" \/>\n<meta name=\"twitter:label1\" content=\"Tempo di lettura stimato\" \/>\n\t<meta name=\"twitter:data1\" content=\"3 minuti\" \/>\n<script type=\"application\/ld+json\" class=\"yoast-schema-graph\">{\"@context\":\"https:\/\/schema.org\",\"@graph\":[{\"@type\":\"WebPage\",\"@id\":\"https:\/\/herbelegale.com\/product\/amnesia-hash\/\",\"url\":\"https:\/\/herbelegale.com\/product\/amnesia-hash\/\",\"name\":\"Acheter du haschisch Amnesia en ligne - Vente de haschisch Amnesia\",\"isPartOf\":{\"@id\":\"https:\/\/herbelegale.com\/#website\"},\"primaryImageOfPage\":{\"@id\":\"https:\/\/herbelegale.com\/product\/amnesia-hash\/#primaryimage\"},\"image\":{\"@id\":\"https:\/\/herbelegale.com\/product\/amnesia-hash\/#primaryimage\"},\"thumbnailUrl\":\"https:\/\/herbelegale.com\/wp-content\/uploads\/2023\/09\/AMNESIA-HASH-1.jpg\",\"datePublished\":\"2023-09-30T10:17:48+00:00\",\"dateModified\":\"2025-07-18T11:22:57+00:00\",\"description\":\"Achetez Amnesia Hash \u00e0 des prix abordables dans notre boutique en ligne. Nous vous aiderons \u00e0 acheter Amnesia Hash en ligne. Acceptez votre commande et livrez-la chez vous bient\u00f4t !\",\"breadcrumb\":{\"@id\":\"https:\/\/herbelegale.com\/product\/amnesia-hash\/#breadcrumb\"},\"inLanguage\":\"it-IT\",\"potentialAction\":[{\"@type\":\"ReadAction\",\"target\":[\"https:\/\/herbelegale.com\/product\/amnesia-hash\/\"]}]},{\"@type\":\"ImageObject\",\"inLanguage\":\"it-IT\",\"@id\":\"https:\/\/herbelegale.com\/product\/amnesia-hash\/#primaryimage\",\"url\":\"https:\/\/herbelegale.com\/wp-content\/uploads\/2023\/09\/AMNESIA-HASH-1.jpg\",\"contentUrl\":\"https:\/\/herbelegale.com\/wp-content\/uploads\/2023\/09\/AMNESIA-HASH-1.jpg\",\"width\":600,\"height\":600,\"caption\":\"AMNESIA HASH\"},{\"@type\":\"BreadcrumbList\",\"@id\":\"https:\/\/herbelegale.com\/product\/amnesia-hash\/#breadcrumb\",\"itemListElement\":[{\"@type\":\"ListItem\",\"position\":1,\"name\":\"Home\",\"item\":\"https:\/\/herbelegale.com\/\"},{\"@type\":\"ListItem\",\"position\":2,\"name\":\"Boutique\",\"item\":\"https:\/\/herbelegale.com\/boutique\/\"},{\"@type\":\"ListItem\",\"position\":3,\"name\":\"Amnesia Hash\"}]},{\"@type\":\"WebSite\",\"@id\":\"https:\/\/herbelegale.com\/#website\",\"url\":\"https:\/\/herbelegale.com\/\",\"name\":\"Herbe L\u00e9gale\",\"description\":\"Acheter de l&#039;herbe en ligne\",\"publisher\":{\"@id\":\"https:\/\/herbelegale.com\/#organization\"},\"potentialAction\":[{\"@type\":\"SearchAction\",\"target\":{\"@type\":\"EntryPoint\",\"urlTemplate\":\"https:\/\/herbelegale.com\/?s={search_term_string}\"},\"query-input\":{\"@type\":\"PropertyValueSpecification\",\"valueRequired\":true,\"valueName\":\"search_term_string\"}}],\"inLanguage\":\"it-IT\"},{\"@type\":\"Organization\",\"@id\":\"https:\/\/herbelegale.com\/#organization\",\"name\":\"Herbe L\u00e9gale\",\"url\":\"https:\/\/herbelegale.com\/\",\"logo\":{\"@type\":\"ImageObject\",\"inLanguage\":\"it-IT\",\"@id\":\"https:\/\/herbelegale.com\/#\/schema\/logo\/image\/\",\"url\":\"https:\/\/herbelegale.com\/wp-content\/uploads\/2023\/10\/logo-1.png\",\"contentUrl\":\"https:\/\/herbelegale.com\/wp-content\/uploads\/2023\/10\/logo-1.png\",\"width\":400,\"height\":120,\"caption\":\"Herbe L\u00e9gale\"},\"image\":{\"@id\":\"https:\/\/herbelegale.com\/#\/schema\/logo\/image\/\"}}]}<\/script>\n<!-- \/ Yoast SEO plugin. -->","yoast_head_json":{"title":"Acheter du haschisch Amnesia en ligne - Vente de haschisch Amnesia","description":"Achetez Amnesia Hash \u00e0 des prix abordables dans notre boutique en ligne. Nous vous aiderons \u00e0 acheter Amnesia Hash en ligne. Acceptez votre commande et livrez-la chez vous bient\u00f4t !","robots":{"index":"index","follow":"follow","max-snippet":"max-snippet:-1","max-image-preview":"max-image-preview:large","max-video-preview":"max-video-preview:-1"},"canonical":"https:\/\/herbelegale.com\/it\/product\/amnesia-hash\/","og_locale":"it_IT","og_type":"article","og_title":"Acheter du haschisch Amnesia en ligne - Vente de haschisch Amnesia","og_description":"Achetez Amnesia Hash \u00e0 des prix abordables dans notre boutique en ligne. Nous vous aiderons \u00e0 acheter Amnesia Hash en ligne. Acceptez votre commande et livrez-la chez vous bient\u00f4t !","og_url":"https:\/\/herbelegale.com\/it\/product\/amnesia-hash\/","og_site_name":"Herbe L\u00e9gale","article_modified_time":"2025-07-18T11:22:57+00:00","og_image":[{"width":600,"height":600,"url":"https:\/\/herbelegale.com\/wp-content\/uploads\/2023\/09\/AMNESIA-HASH-1.jpg","type":"image\/jpeg"}],"twitter_card":"summary_large_image","twitter_misc":{"Tempo di lettura stimato":"3 minuti"},"schema":{"@context":"https:\/\/schema.org","@graph":[{"@type":"WebPage","@id":"https:\/\/herbelegale.com\/product\/amnesia-hash\/","url":"https:\/\/herbelegale.com\/product\/amnesia-hash\/","name":"Acheter du haschisch Amnesia en ligne - Vente de haschisch Amnesia","isPartOf":{"@id":"https:\/\/herbelegale.com\/#website"},"primaryImageOfPage":{"@id":"https:\/\/herbelegale.com\/product\/amnesia-hash\/#primaryimage"},"image":{"@id":"https:\/\/herbelegale.com\/product\/amnesia-hash\/#primaryimage"},"thumbnailUrl":"https:\/\/herbelegale.com\/wp-content\/uploads\/2023\/09\/AMNESIA-HASH-1.jpg","datePublished":"2023-09-30T10:17:48+00:00","dateModified":"2025-07-18T11:22:57+00:00","description":"Achetez Amnesia Hash \u00e0 des prix abordables dans notre boutique en ligne. Nous vous aiderons \u00e0 acheter Amnesia Hash en ligne. Acceptez votre commande et livrez-la chez vous bient\u00f4t !","breadcrumb":{"@id":"https:\/\/herbelegale.com\/product\/amnesia-hash\/#breadcrumb"},"inLanguage":"it-IT","potentialAction":[{"@type":"ReadAction","target":["https:\/\/herbelegale.com\/product\/amnesia-hash\/"]}]},{"@type":"ImageObject","inLanguage":"it-IT","@id":"https:\/\/herbelegale.com\/product\/amnesia-hash\/#primaryimage","url":"https:\/\/herbelegale.com\/wp-content\/uploads\/2023\/09\/AMNESIA-HASH-1.jpg","contentUrl":"https:\/\/herbelegale.com\/wp-content\/uploads\/2023\/09\/AMNESIA-HASH-1.jpg","width":600,"height":600,"caption":"AMNESIA HASH"},{"@type":"BreadcrumbList","@id":"https:\/\/herbelegale.com\/product\/amnesia-hash\/#breadcrumb","itemListElement":[{"@type":"ListItem","position":1,"name":"Home","item":"https:\/\/herbelegale.com\/"},{"@type":"ListItem","position":2,"name":"Boutique","item":"https:\/\/herbelegale.com\/boutique\/"},{"@type":"ListItem","position":3,"name":"Amnesia Hash"}]},{"@type":"WebSite","@id":"https:\/\/herbelegale.com\/#website","url":"https:\/\/herbelegale.com\/","name":"Herbe L\u00e9gale","description":"Acheter de l&#039;herbe en ligne","publisher":{"@id":"https:\/\/herbelegale.com\/#organization"},"potentialAction":[{"@type":"SearchAction","target":{"@type":"EntryPoint","urlTemplate":"https:\/\/herbelegale.com\/?s={search_term_string}"},"query-input":{"@type":"PropertyValueSpecification","valueRequired":true,"valueName":"search_term_string"}}],"inLanguage":"it-IT"},{"@type":"Organization","@id":"https:\/\/herbelegale.com\/#organization","name":"Herbe L\u00e9gale","url":"https:\/\/herbelegale.com\/","logo":{"@type":"ImageObject","inLanguage":"it-IT","@id":"https:\/\/herbelegale.com\/#\/schema\/logo\/image\/","url":"https:\/\/herbelegale.com\/wp-content\/uploads\/2023\/10\/logo-1.png","contentUrl":"https:\/\/herbelegale.com\/wp-content\/uploads\/2023\/10\/logo-1.png","width":400,"height":120,"caption":"Herbe L\u00e9gale"},"image":{"@id":"https:\/\/herbelegale.com\/#\/schema\/logo\/image\/"}}]}},"_links":{"self":[{"href":"https:\/\/herbelegale.com\/it\/wp-json\/wp\/v2\/product\/1345","targetHints":{"allow":["GET"]}}],"collection":[{"href":"https:\/\/herbelegale.com\/it\/wp-json\/wp\/v2\/product"}],"about":[{"href":"https:\/\/herbelegale.com\/it\/wp-json\/wp\/v2\/types\/product"}],"replies":[{"embeddable":true,"href":"https:\/\/herbelegale.com\/it\/wp-json\/wp\/v2\/comments?post=1345"}],"wp:featuredmedia":[{"embeddable":true,"href":"https:\/\/herbelegale.com\/it\/wp-json\/wp\/v2\/media\/1467"}],"wp:attachment":[{"href":"https:\/\/herbelegale.com\/it\/wp-json\/wp\/v2\/media?parent=1345"}],"wp:term":[{"taxonomy":"product_brand","embeddable":true,"href":"https:\/\/herbelegale.com\/it\/wp-json\/wp\/v2\/product_brand?post=1345"},{"taxonomy":"product_cat","embeddable":true,"href":"https:\/\/herbelegale.com\/it\/wp-json\/wp\/v2\/product_cat?post=1345"},{"taxonomy":"product_tag","embeddable":true,"href":"https:\/\/herbelegale.com\/it\/wp-json\/wp\/v2\/product_tag?post=1345"}],"curies":[{"name":"wp","href":"https:\/\/api.w.org\/{rel}","templated":true}]}}