{"id":114,"date":"2023-09-22T11:06:43","date_gmt":"2023-09-22T11:06:43","guid":{"rendered":"https:\/\/nembutalhouse.com\/weed\/?post_type=product&#038;p=114"},"modified":"2025-06-14T11:27:08","modified_gmt":"2025-06-14T11:27:08","slug":"jet-fuel","status":"publish","type":"product","link":"https:\/\/herbelegale.com\/it\/product\/jet-fuel\/","title":{"rendered":"Carburante per aerei"},"content":{"rendered":"<h2><b>Acquista carburante per aerei online: una spinta rapida e chiarezza mentale garantita<\/b><\/h2>\n<p><span style=\"font-weight: 400;\"><a href=\"https:\/\/herbelegale.com\/it\/product\/jet-fuel\/\">Jet Fuel,<\/a> Conosciuta anche come G6, \u00e8 una potente variet\u00e0 di cannabis derivata dall'incrocio tra Aspen OG e High Country Diesel. Apprezzata per il suo intenso aroma di diesel e gli effetti euforici, questa variet\u00e0 \u00e8 perfetta per gli amanti delle sativa. Oggi, con la crescente popolarit\u00e0 dei dispensari digitali, <\/span><b>Compre combustible para aviones en l\u00ednea<\/b><span style=\"font-weight: 400;\"> devient un choix de plus en plus courant pour les consommateurs recherchant la qualit\u00e9, la commodit\u00e9 et la discr\u00e9tion.<\/span><\/p>\n<h3><b>L'ascesa della consegna di cannabis online: dai mercati agricoli alla consegna a domicilio<\/b><\/h3>\n<p><span style=\"font-weight: 400;\">Con la graduale legalizzazione della cannabis in molti paesi, le opzioni di consegna a domicilio si sono moltiplicate. Ora puoi <\/span><a href=\"https:\/\/en.wikipedia.org\/wiki\/Jet_fuel\"><b>ordina carburante per aerei online<\/b><\/a><span style=\"font-weight: 400;\"> e ricevi il tuo prodotto direttamente a casa, senza doverti spostare.<\/span><\/p>\n<p><b>Perch\u00e9 \u00e8 di tendenza:<\/b><\/p>\n<ul>\n<li style=\"font-weight: 400;\" aria-level=\"1\"><span style=\"font-weight: 400;\">Accesso alle offerte di <\/span><b>Jet Fuel \u00e0 vendre<\/b><span style=\"font-weight: 400;\"> dans diff\u00e9rentes r\u00e9gions<\/span><span style=\"font-weight: 400;\">\n<p><\/span><\/li>\n<li style=\"font-weight: 400;\" aria-level=\"1\"><span style=\"font-weight: 400;\">Possibilit\u00e0 di confrontare il <\/span><b>prix Jet Fuel pas chers<\/b><b>\n<p><\/b><\/li>\n<li style=\"font-weight: 400;\" aria-level=\"1\"><span style=\"font-weight: 400;\">Pi\u00f9 scelta rispetto ai negozi fisici<\/span><span style=\"font-weight: 400;\">\n<p><\/span><\/li>\n<li style=\"font-weight: 400;\" aria-level=\"1\"><span style=\"font-weight: 400;\">Consegna discreta, veloce e sicura<\/span><span style=\"font-weight: 400;\">\n<p><\/span><\/li>\n<\/ul>\n<h3><b>Cosa rende un buon carburante per aerei?<\/b><\/h3>\n<p><span style=\"font-weight: 400;\">Il carburante per aerei \u00e8 ricercato per il suo profilo terpenico unico e per i suoi effetti energizzanti. Per riconoscere i fiori di qualit\u00e0, considera:<\/span><\/p>\n<ul>\n<li style=\"font-weight: 400;\" aria-level=\"1\"><b>Aspetto<\/b><span style=\"font-weight: 400;\"> : Teste dense e resinose con pistilli arancione scuro<\/span><span style=\"font-weight: 400;\">\n<p><\/span><\/li>\n<li style=\"font-weight: 400;\" aria-level=\"1\"><b>Aroma<\/b><span style=\"font-weight: 400;\"> : Forte odore di carburante\/diesel, con sentori di pino e agrumi<\/span><span style=\"font-weight: 400;\">\n<p><\/span><\/li>\n<li style=\"font-weight: 400;\" aria-level=\"1\"><b>Effetti<\/b><span style=\"font-weight: 400;\"> : Euforia mentale, chiarezza, energia creativa<\/span><span style=\"font-weight: 400;\">\n<p><\/span><\/li>\n<li style=\"font-weight: 400;\" aria-level=\"1\"><b>Qualit\u00e9 de culture<\/b><span style=\"font-weight: 400;\"> : Scegli fiori coltivati in casa, senza pesticidi<\/span><span style=\"font-weight: 400;\">\n<p><\/span><\/li>\n<li style=\"font-weight: 400;\" aria-level=\"1\"><b>Profil terp\u00e9nique<\/b><span style=\"font-weight: 400;\"> : Ricco di mircene, limonene e cariofillene<\/span><span style=\"font-weight: 400;\">\n<p><\/span><\/li>\n<\/ul>\n<h3><b>Fiore artigianale vs. produzione industriale<\/b><\/h3>\n<p><b>Artigianale:<\/b><b><br \/>\n<\/b><span style=\"font-weight: 400;\"> \u2705 Terp\u00e8nes mieux pr\u00e9serv\u00e9s<\/span><span style=\"font-weight: 400;\"><br \/>\n<\/span><span style=\"font-weight: 400;\"> \u2705 Saveurs plus riches<\/span><span style=\"font-weight: 400;\"><br \/>\n<\/span><span style=\"font-weight: 400;\"> \u2705 Exp\u00e9rience plus personnalis\u00e9e<\/span><\/p>\n<p><b>Industriale:<\/b><b><br \/>\n<\/b><span style=\"font-weight: 400;\"> \u274c Risque de s\u00e9chage excessif<\/span><span style=\"font-weight: 400;\"><br \/>\n<\/span><span style=\"font-weight: 400;\"> \u274c Perte d\u2019ar\u00f4mes lors de l\u2019entreposage<\/span><\/p>\n<h3><b>I 5 migliori posti dove acquistare carburante per aerei online (con pro e contro)<\/b><\/h3>\n<ol>\n<li style=\"font-weight: 400;\" aria-level=\"1\"><b>Leafly (Francia e internazionale)<\/b><b><br \/>\n<\/b><span style=\"font-weight: 400;\"> \u2705 Informations v\u00e9rifi\u00e9es, tests de laboratoire<\/span><span style=\"font-weight: 400;\"><br \/>\n<\/span><span style=\"font-weight: 400;\"> \u274c Achat direct pas toujours disponible<\/span><span style=\"font-weight: 400;\"><\/p>\n<p><\/span><\/li>\n<li style=\"font-weight: 400;\" aria-level=\"1\"><b>Distributori online (Francia, Belgio, Canada)<\/b><b><br \/>\n<\/b><span style=\"font-weight: 400;\"> \u2705 Produits labellis\u00e9s, promotions fr\u00e9quentes<\/span><span style=\"font-weight: 400;\"><br \/>\n<\/span><span style=\"font-weight: 400;\"> \u274c Documents d\u2019\u00e2ge ou justificatifs parfois n\u00e9cessaires<\/span><span style=\"font-weight: 400;\"><\/p>\n<p><\/span><\/li>\n<li style=\"font-weight: 400;\" aria-level=\"1\"><b>Siti di produzione artigianale<\/b><b><br \/>\n<\/b><span style=\"font-weight: 400;\"> \u2705 Cannabis de qualit\u00e9 sup\u00e9rieure, frais<\/span><span style=\"font-weight: 400;\"><br \/>\n<\/span><span style=\"font-weight: 400;\"> \u274c Quantit\u00e9s limit\u00e9es, plus chers<\/span><span style=\"font-weight: 400;\"><\/p>\n<p><\/span><\/li>\n<li style=\"font-weight: 400;\" aria-level=\"1\"><b>Box mensili specializzati (weed box)<\/b><b><br \/>\n<\/b><span style=\"font-weight: 400;\"> \u2705 Surprise et d\u00e9couverte<\/span><span style=\"font-weight: 400;\"><br \/>\n<\/span><span style=\"font-weight: 400;\"> \u274c Jet Fuel non garanti \u00e0 chaque livraison<\/span><span style=\"font-weight: 400;\"><\/p>\n<p><\/span><\/li>\n<li style=\"font-weight: 400;\" aria-level=\"1\"><b>Mercati specializzati (piattaforme Canna o CBD)<\/b><b><br \/>\n<\/b><span style=\"font-weight: 400;\"> \u2705 Navigation facile, large gamme<\/span><span style=\"font-weight: 400;\"><br \/>\n<\/span><span style=\"font-weight: 400;\"> \u274c D\u00e9lais de livraison variables<\/span><span style=\"font-weight: 400;\"><\/p>\n<p><\/span><\/li>\n<\/ol>\n<h3><b>Cosa controllare prima di ordinare<\/b><\/h3>\n<ul>\n<li style=\"font-weight: 400;\" aria-level=\"1\"><b>Condizioni di consegna<\/b><span style=\"font-weight: 400;\"> : Discr\u00e9tion et emballage herm\u00e9tique<\/span><span style=\"font-weight: 400;\">\n<p><\/span><\/li>\n<li style=\"font-weight: 400;\" aria-level=\"1\"><b>Friskhedsgaranti<\/b><span style=\"font-weight: 400;\"> : Date de r\u00e9colte ou d\u2019emballage visible<\/span><span style=\"font-weight: 400;\">\n<p><\/span><\/li>\n<li style=\"font-weight: 400;\" aria-level=\"1\"><b>Politique de retour\/remboursement<\/b><b>\n<p><\/b><\/li>\n<li style=\"font-weight: 400;\" aria-level=\"1\"><b>Trasparenza degli ingredienti<\/b><span style=\"font-weight: 400;\"> : R\u00e9sultats d\u2019analyses en laboratoire<\/span><span style=\"font-weight: 400;\">\n<p><\/span><\/li>\n<li style=\"font-weight: 400;\" aria-level=\"1\"><b>(4 recensioni dei clienti)<\/b><span style=\"font-weight: 400;\"> : T\u00e9moignages v\u00e9rifi\u00e9s pour \u00e9valuer la qualit\u00e9<\/span><span style=\"font-weight: 400;\">\n<p><\/span><\/li>\n<\/ul>\n<h3><b>Come conservare e consumare il carburante per aerei<\/b><\/h3>\n<ul>\n<li style=\"font-weight: 400;\" aria-level=\"1\"><b>Ochrona<\/b><span style=\"font-weight: 400;\"> : Conservare al riparo dalla luce e dall'umidit\u00e0, in un barattolo di vetro ermetico<\/span><span style=\"font-weight: 400;\">\n<p><\/span><\/li>\n<li style=\"font-weight: 400;\" aria-level=\"1\"><b>Utilisation<\/b><span style=\"font-weight: 400;\"> : Si consiglia la nebulizzazione per preservare gli aromi<\/span><span style=\"font-weight: 400;\">\n<p><\/span><\/li>\n<li style=\"font-weight: 400;\" aria-level=\"1\"><b>Moments id\u00e9aux<\/b><span style=\"font-weight: 400;\"> : Manh\u00e3 criativa, sess\u00e3o desportiva ou dia produtivo<\/span><span style=\"font-weight: 400;\">\n<p><\/span><\/li>\n<\/ul>\n<h3><b>Conclusione: fai rifornimento di carburante per aerei senza alzarti dal divano<\/b><\/h3>\n<p><span style=\"font-weight: 400;\">Jet Fuel \u00e8 una variet\u00e0 sativa da provare assolutamente per chi cerca <\/span><b>una spinta mentale, concentrazione e un effetto duraturo<\/b><span style=\"font-weight: 400;\">. Gra\u00e7as aos muitos dispens\u00e1rios digitais, \u00e9 agora f\u00e1cil e seguro<\/span><b>Compre combustible para aviones en l\u00ednea<\/b><span style=\"font-weight: 400;\">, beneficiando al contempo dei prezzi migliori e di una consegna affidabile.<\/span><\/p>","protected":false},"excerpt":{"rendered":"<p>Acheter Jet Fuel en ligne : Une mont\u00e9e rapide et une clart\u00e9 mentale garantie Jet Fuel, aussi connu sous le nom de G6, est une vari\u00e9t\u00e9 de cannabis puissante issue d\u2019un croisement entre Aspen OG et High Country Diesel. Appr\u00e9ci\u00e9e pour son ar\u00f4me intense de diesel et ses effets euphorisants, cette souche est parfaite pour&#8230;<\/p>","protected":false},"featured_media":115,"comment_status":"open","ping_status":"closed","template":"","meta":{"_kadence_starter_templates_imported_post":false,"_kad_post_transparent":"default","_kad_post_title":"","_kad_post_layout":"default","_kad_post_sidebar_id":"","_kad_post_content_style":"default","_kad_post_vertical_padding":"default","_kad_post_feature":"","_kad_post_feature_position":"","_kad_post_header":false,"_kad_post_footer":false,"_joinchat":[]},"product_brand":[],"product_cat":[17],"product_tag":[],"class_list":{"0":"post-114","1":"product","2":"type-product","3":"status-publish","4":"has-post-thumbnail","6":"product_cat-canabis-en-ligne","8":"first","9":"instock","10":"shipping-taxable","11":"purchasable","12":"product-type-variable","13":"entry","14":"content-bg","15":"loop-entry"},"yoast_head":"<!-- This site is optimized with the Yoast SEO plugin v23.5 - https:\/\/yoast.com\/wordpress\/plugins\/seo\/ -->\n<title>Acheter du carburant pour avions en ligne \u2013 Vente de carburant pour avions<\/title>\n<meta name=\"description\" content=\"Si vous souhaitez acheter du carburant pour avions en ligne, notre magasin herebelagle peut vous aider. Nous avons du carburant pour avions en vente aux meilleurs prix ici. Passez votre commande maintenant !\" \/>\n<meta name=\"robots\" content=\"index, follow, max-snippet:-1, max-image-preview:large, max-video-preview:-1\" \/>\n<link rel=\"canonical\" href=\"https:\/\/herbelegale.com\/it\/product\/jet-fuel\/\" \/>\n<meta property=\"og:locale\" content=\"it_IT\" \/>\n<meta property=\"og:type\" content=\"article\" \/>\n<meta property=\"og:title\" content=\"Acheter du carburant pour avions en ligne \u2013 Vente de carburant pour avions\" \/>\n<meta property=\"og:description\" content=\"Si vous souhaitez acheter du carburant pour avions en ligne, notre magasin herebelagle peut vous aider. Nous avons du carburant pour avions en vente aux meilleurs prix ici. Passez votre commande maintenant !\" \/>\n<meta property=\"og:url\" content=\"https:\/\/herbelegale.com\/it\/product\/jet-fuel\/\" \/>\n<meta property=\"og:site_name\" content=\"Herbe L\u00e9gale\" \/>\n<meta property=\"article:modified_time\" content=\"2025-06-14T11:27:08+00:00\" \/>\n<meta property=\"og:image\" content=\"https:\/\/herbelegale.com\/wp-content\/uploads\/2023\/09\/Jet-Fuel.jpg\" \/>\n\t<meta property=\"og:image:width\" content=\"960\" \/>\n\t<meta property=\"og:image:height\" content=\"1280\" \/>\n\t<meta property=\"og:image:type\" content=\"image\/jpeg\" \/>\n<meta name=\"twitter:card\" content=\"summary_large_image\" \/>\n<meta name=\"twitter:label1\" content=\"Tempo di lettura stimato\" \/>\n\t<meta name=\"twitter:data1\" content=\"3 minuti\" \/>\n<script type=\"application\/ld+json\" class=\"yoast-schema-graph\">{\"@context\":\"https:\/\/schema.org\",\"@graph\":[{\"@type\":\"WebPage\",\"@id\":\"https:\/\/herbelegale.com\/product\/jet-fuel\/\",\"url\":\"https:\/\/herbelegale.com\/product\/jet-fuel\/\",\"name\":\"Acheter du carburant pour avions en ligne \u2013 Vente de carburant pour avions\",\"isPartOf\":{\"@id\":\"https:\/\/herbelegale.com\/#website\"},\"primaryImageOfPage\":{\"@id\":\"https:\/\/herbelegale.com\/product\/jet-fuel\/#primaryimage\"},\"image\":{\"@id\":\"https:\/\/herbelegale.com\/product\/jet-fuel\/#primaryimage\"},\"thumbnailUrl\":\"https:\/\/herbelegale.com\/wp-content\/uploads\/2023\/09\/Jet-Fuel.jpg\",\"datePublished\":\"2023-09-22T11:06:43+00:00\",\"dateModified\":\"2025-06-14T11:27:08+00:00\",\"description\":\"Si vous souhaitez acheter du carburant pour avions en ligne, notre magasin herebelagle peut vous aider. Nous avons du carburant pour avions en vente aux meilleurs prix ici. Passez votre commande maintenant !\",\"breadcrumb\":{\"@id\":\"https:\/\/herbelegale.com\/product\/jet-fuel\/#breadcrumb\"},\"inLanguage\":\"it-IT\",\"potentialAction\":[{\"@type\":\"ReadAction\",\"target\":[\"https:\/\/herbelegale.com\/product\/jet-fuel\/\"]}]},{\"@type\":\"ImageObject\",\"inLanguage\":\"it-IT\",\"@id\":\"https:\/\/herbelegale.com\/product\/jet-fuel\/#primaryimage\",\"url\":\"https:\/\/herbelegale.com\/wp-content\/uploads\/2023\/09\/Jet-Fuel.jpg\",\"contentUrl\":\"https:\/\/herbelegale.com\/wp-content\/uploads\/2023\/09\/Jet-Fuel.jpg\",\"width\":960,\"height\":1280,\"caption\":\"Jet Fuel\"},{\"@type\":\"BreadcrumbList\",\"@id\":\"https:\/\/herbelegale.com\/product\/jet-fuel\/#breadcrumb\",\"itemListElement\":[{\"@type\":\"ListItem\",\"position\":1,\"name\":\"Home\",\"item\":\"https:\/\/herbelegale.com\/\"},{\"@type\":\"ListItem\",\"position\":2,\"name\":\"Boutique\",\"item\":\"https:\/\/herbelegale.com\/boutique\/\"},{\"@type\":\"ListItem\",\"position\":3,\"name\":\"Jet Fuel\"}]},{\"@type\":\"WebSite\",\"@id\":\"https:\/\/herbelegale.com\/#website\",\"url\":\"https:\/\/herbelegale.com\/\",\"name\":\"Herbe L\u00e9gale\",\"description\":\"Acheter de l&#039;herbe en ligne\",\"publisher\":{\"@id\":\"https:\/\/herbelegale.com\/#organization\"},\"potentialAction\":[{\"@type\":\"SearchAction\",\"target\":{\"@type\":\"EntryPoint\",\"urlTemplate\":\"https:\/\/herbelegale.com\/?s={search_term_string}\"},\"query-input\":{\"@type\":\"PropertyValueSpecification\",\"valueRequired\":true,\"valueName\":\"search_term_string\"}}],\"inLanguage\":\"it-IT\"},{\"@type\":\"Organization\",\"@id\":\"https:\/\/herbelegale.com\/#organization\",\"name\":\"Herbe L\u00e9gale\",\"url\":\"https:\/\/herbelegale.com\/\",\"logo\":{\"@type\":\"ImageObject\",\"inLanguage\":\"it-IT\",\"@id\":\"https:\/\/herbelegale.com\/#\/schema\/logo\/image\/\",\"url\":\"https:\/\/herbelegale.com\/wp-content\/uploads\/2023\/10\/logo-1.png\",\"contentUrl\":\"https:\/\/herbelegale.com\/wp-content\/uploads\/2023\/10\/logo-1.png\",\"width\":400,\"height\":120,\"caption\":\"Herbe L\u00e9gale\"},\"image\":{\"@id\":\"https:\/\/herbelegale.com\/#\/schema\/logo\/image\/\"}}]}<\/script>\n<!-- \/ Yoast SEO plugin. -->","yoast_head_json":{"title":"Acheter du carburant pour avions en ligne \u2013 Vente de carburant pour avions","description":"Si vous souhaitez acheter du carburant pour avions en ligne, notre magasin herebelagle peut vous aider. Nous avons du carburant pour avions en vente aux meilleurs prix ici. Passez votre commande maintenant !","robots":{"index":"index","follow":"follow","max-snippet":"max-snippet:-1","max-image-preview":"max-image-preview:large","max-video-preview":"max-video-preview:-1"},"canonical":"https:\/\/herbelegale.com\/it\/product\/jet-fuel\/","og_locale":"it_IT","og_type":"article","og_title":"Acheter du carburant pour avions en ligne \u2013 Vente de carburant pour avions","og_description":"Si vous souhaitez acheter du carburant pour avions en ligne, notre magasin herebelagle peut vous aider. Nous avons du carburant pour avions en vente aux meilleurs prix ici. Passez votre commande maintenant !","og_url":"https:\/\/herbelegale.com\/it\/product\/jet-fuel\/","og_site_name":"Herbe L\u00e9gale","article_modified_time":"2025-06-14T11:27:08+00:00","og_image":[{"width":960,"height":1280,"url":"https:\/\/herbelegale.com\/wp-content\/uploads\/2023\/09\/Jet-Fuel.jpg","type":"image\/jpeg"}],"twitter_card":"summary_large_image","twitter_misc":{"Tempo di lettura stimato":"3 minuti"},"schema":{"@context":"https:\/\/schema.org","@graph":[{"@type":"WebPage","@id":"https:\/\/herbelegale.com\/product\/jet-fuel\/","url":"https:\/\/herbelegale.com\/product\/jet-fuel\/","name":"Acheter du carburant pour avions en ligne \u2013 Vente de carburant pour avions","isPartOf":{"@id":"https:\/\/herbelegale.com\/#website"},"primaryImageOfPage":{"@id":"https:\/\/herbelegale.com\/product\/jet-fuel\/#primaryimage"},"image":{"@id":"https:\/\/herbelegale.com\/product\/jet-fuel\/#primaryimage"},"thumbnailUrl":"https:\/\/herbelegale.com\/wp-content\/uploads\/2023\/09\/Jet-Fuel.jpg","datePublished":"2023-09-22T11:06:43+00:00","dateModified":"2025-06-14T11:27:08+00:00","description":"Si vous souhaitez acheter du carburant pour avions en ligne, notre magasin herebelagle peut vous aider. Nous avons du carburant pour avions en vente aux meilleurs prix ici. Passez votre commande maintenant !","breadcrumb":{"@id":"https:\/\/herbelegale.com\/product\/jet-fuel\/#breadcrumb"},"inLanguage":"it-IT","potentialAction":[{"@type":"ReadAction","target":["https:\/\/herbelegale.com\/product\/jet-fuel\/"]}]},{"@type":"ImageObject","inLanguage":"it-IT","@id":"https:\/\/herbelegale.com\/product\/jet-fuel\/#primaryimage","url":"https:\/\/herbelegale.com\/wp-content\/uploads\/2023\/09\/Jet-Fuel.jpg","contentUrl":"https:\/\/herbelegale.com\/wp-content\/uploads\/2023\/09\/Jet-Fuel.jpg","width":960,"height":1280,"caption":"Jet Fuel"},{"@type":"BreadcrumbList","@id":"https:\/\/herbelegale.com\/product\/jet-fuel\/#breadcrumb","itemListElement":[{"@type":"ListItem","position":1,"name":"Home","item":"https:\/\/herbelegale.com\/"},{"@type":"ListItem","position":2,"name":"Boutique","item":"https:\/\/herbelegale.com\/boutique\/"},{"@type":"ListItem","position":3,"name":"Jet Fuel"}]},{"@type":"WebSite","@id":"https:\/\/herbelegale.com\/#website","url":"https:\/\/herbelegale.com\/","name":"Herbe L\u00e9gale","description":"Acheter de l&#039;herbe en ligne","publisher":{"@id":"https:\/\/herbelegale.com\/#organization"},"potentialAction":[{"@type":"SearchAction","target":{"@type":"EntryPoint","urlTemplate":"https:\/\/herbelegale.com\/?s={search_term_string}"},"query-input":{"@type":"PropertyValueSpecification","valueRequired":true,"valueName":"search_term_string"}}],"inLanguage":"it-IT"},{"@type":"Organization","@id":"https:\/\/herbelegale.com\/#organization","name":"Herbe L\u00e9gale","url":"https:\/\/herbelegale.com\/","logo":{"@type":"ImageObject","inLanguage":"it-IT","@id":"https:\/\/herbelegale.com\/#\/schema\/logo\/image\/","url":"https:\/\/herbelegale.com\/wp-content\/uploads\/2023\/10\/logo-1.png","contentUrl":"https:\/\/herbelegale.com\/wp-content\/uploads\/2023\/10\/logo-1.png","width":400,"height":120,"caption":"Herbe L\u00e9gale"},"image":{"@id":"https:\/\/herbelegale.com\/#\/schema\/logo\/image\/"}}]}},"_links":{"self":[{"href":"https:\/\/herbelegale.com\/it\/wp-json\/wp\/v2\/product\/114","targetHints":{"allow":["GET"]}}],"collection":[{"href":"https:\/\/herbelegale.com\/it\/wp-json\/wp\/v2\/product"}],"about":[{"href":"https:\/\/herbelegale.com\/it\/wp-json\/wp\/v2\/types\/product"}],"replies":[{"embeddable":true,"href":"https:\/\/herbelegale.com\/it\/wp-json\/wp\/v2\/comments?post=114"}],"wp:featuredmedia":[{"embeddable":true,"href":"https:\/\/herbelegale.com\/it\/wp-json\/wp\/v2\/media\/115"}],"wp:attachment":[{"href":"https:\/\/herbelegale.com\/it\/wp-json\/wp\/v2\/media?parent=114"}],"wp:term":[{"taxonomy":"product_brand","embeddable":true,"href":"https:\/\/herbelegale.com\/it\/wp-json\/wp\/v2\/product_brand?post=114"},{"taxonomy":"product_cat","embeddable":true,"href":"https:\/\/herbelegale.com\/it\/wp-json\/wp\/v2\/product_cat?post=114"},{"taxonomy":"product_tag","embeddable":true,"href":"https:\/\/herbelegale.com\/it\/wp-json\/wp\/v2\/product_tag?post=114"}],"curies":[{"name":"wp","href":"https:\/\/api.w.org\/{rel}","templated":true}]}}