{"id":110,"date":"2023-09-22T11:06:27","date_gmt":"2023-09-22T11:06:27","guid":{"rendered":"https:\/\/nembutalhouse.com\/weed\/?post_type=product&#038;p=110"},"modified":"2025-06-14T11:09:53","modified_gmt":"2025-06-14T11:09:53","slug":"grand-daddy-purple","status":"publish","type":"product","link":"https:\/\/herbelegale.com\/it\/product\/grand-daddy-purple\/","title":{"rendered":"Nonno Viola"},"content":{"rendered":"<h2><b>Acquista Grand Daddy Purple online: relax leggendario consegnato a domicilio<\/b><\/h2>\n<p><span style=\"font-weight: 400;\">Poche variet\u00e0 di cannabis sono iconiche come <\/span><a href=\"https:\/\/herbelegale.com\/it\/product\/grand-daddy-purple\/\"><b>Nonno Viola<\/b><\/a><span style=\"font-weight: 400;\"> (conosciuta anche come GDP). Famosa per le sue intense sfumature viola, i potenti effetti corporei e il dolce aroma di uva e frutti di bosco, questa leggendaria variet\u00e0 indica \u00e8 diventata la scelta ideale per chi cerca relax. Oggi, con l'avvento delle piattaforme online, sempre pi\u00f9 consumatori scelgono di...<\/span><b>acheter Grand Daddy Purple en ligne<\/b><span style=\"font-weight: 400;\">, et de recevoir cette vari\u00e9t\u00e9 premium directement \u00e0 domicile.<\/span><\/p>\n<h3><b>L'ascesa della consegna di cannabis online: dai mercati agricoli alla consegna a domicilio<\/b><\/h3>\n<p><span style=\"font-weight: 400;\">Un tempo riservato ai dispensari locali, l'esperienza di acquisto della cannabis \u00e8 ora completamente digitale. Che vi troviate in una grande citt\u00e0 o in una zona rurale, ordinare online non \u00e8 mai stato cos\u00ec facile. Perch\u00e9 questo cambiamento?<\/span><\/p>\n<ul>\n<li style=\"font-weight: 400;\" aria-level=\"1\"><span style=\"font-weight: 400;\">Consegna <\/span><b>discreto e riservato<\/b><b>\n<p><\/b><\/li>\n<li style=\"font-weight: 400;\" aria-level=\"1\"><b>Pi\u00f9 scelte<\/b><span style=\"font-weight: 400;\"> tra le variet\u00e0 disponibili<\/span><span style=\"font-weight: 400;\">\n<p><\/span><\/li>\n<li style=\"font-weight: 400;\" aria-level=\"1\"><span style=\"font-weight: 400;\">Accesso a <\/span><b>Grand Daddy Purple in vendita<\/b><span style=\"font-weight: 400;\"> da produttori fidati<\/span><span style=\"font-weight: 400;\">\n<p><\/span><\/li>\n<\/ul>\n<h3><b>Perch\u00e9 sempre pi\u00f9 persone acquistano Grand Daddy Purple online<\/b><\/h3>\n<p><span style=\"font-weight: 400;\">L'esplosione dell'e-commerce ha reso la cannabis pi\u00f9 accessibile che mai. Le persone ora preferiscono <\/span><a href=\"https:\/\/en.wikipedia.org\/wiki\/Talk%3AGranddaddy_Purple_(GDP)?redirect=no\"><b>ordina Grand Daddy Purple online<\/b><\/a><span style=\"font-weight: 400;\"> per diversi motivi:<\/span><\/p>\n<ul>\n<li style=\"font-weight: 400;\" aria-level=\"1\"><span style=\"font-weight: 400;\">Sollievo dal dolore cronico o dall'insonnia<\/span><span style=\"font-weight: 400;\">\n<p><\/span><\/li>\n<li style=\"font-weight: 400;\" aria-level=\"1\"><span style=\"font-weight: 400;\">Al\u00edvio da dor cr\u00f3nica ou ins\u00f3nia<\/span><span style=\"font-weight: 400;\">\n<p><\/span><\/li>\n<li style=\"font-weight: 400;\" aria-level=\"1\"><span style=\"font-weight: 400;\">Accesso a un <\/span><b>Grand Daddy Purple prezzo conveniente<\/b><span style=\"font-weight: 400;\"> con qualit\u00e0 controllata<\/span><span style=\"font-weight: 400;\">\n<p><\/span><\/li>\n<\/ul>\n<h3><b>Cosa rende un bisnonno viola<\/b><\/h3>\n<p><span style=\"font-weight: 400;\">Non tutti i PIL sono uguali. Ecco cosa cercare:<\/span><\/p>\n<ul>\n<li style=\"font-weight: 400;\" aria-level=\"1\"><b>Aspetto e tricomi<\/b><span style=\"font-weight: 400;\"> : Fiori viola intenso, ricoperti di cristalli<\/span><span style=\"font-weight: 400;\">\n<p><\/span><\/li>\n<li style=\"font-weight: 400;\" aria-level=\"1\"><b>Aroma<\/b><span style=\"font-weight: 400;\"> : Note dolci di uva, frutti di bosco, con un tocco terroso<\/span><span style=\"font-weight: 400;\">\n<p><\/span><\/li>\n<li style=\"font-weight: 400;\" aria-level=\"1\"><b>Effetti<\/b><span style=\"font-weight: 400;\"> : Rilassamento profondo del corpo, senza eccessiva sedazione<\/span><span style=\"font-weight: 400;\">\n<p><\/span><\/li>\n<li style=\"font-weight: 400;\" aria-level=\"1\"><b>Freschezza<\/b><span style=\"font-weight: 400;\"> : Cime appiccicose e profumate, mai secche o stantie<\/span><span style=\"font-weight: 400;\">\n<p><\/span><\/li>\n<\/ul>\n<h3><b>I 5 migliori posti dove acquistare Grand Daddy Purple online (con pro e contro)<\/b><\/h3>\n<ol>\n<li style=\"font-weight: 400;\" aria-level=\"1\"><b>Rete Leafly<\/b><b><br \/>\n<\/b><span style=\"font-weight: 400;\"> \u2705 Venditori certificati, prodotti testati in laboratorio<\/span><span style=\"font-weight: 400;\"><br \/>\n<\/span><span style=\"font-weight: 400;\"> \u274c Dipende dalle leggi locali<\/span><span style=\"font-weight: 400;\"><\/p>\n<p><\/span><\/li>\n<li style=\"font-weight: 400;\" aria-level=\"1\"><b>Boutique Weedmaps<\/b><b><br \/>\n<\/b><span style=\"font-weight: 400;\"> \u2705 Recensioni dei clienti e menu dei dispensari locali<\/span><span style=\"font-weight: 400;\"><br \/>\n<\/span><span style=\"font-weight: 400;\"> \u274c Nessuna consegna nazionale<\/span><span style=\"font-weight: 400;\"><\/p>\n<p><\/span><\/li>\n<li style=\"font-weight: 400;\" aria-level=\"1\"><b>Budmail (Canada)<\/b><b><br \/>\n<\/b><span style=\"font-weight: 400;\"> \u2705 Consegna veloce e discreta<\/span><span style=\"font-weight: 400;\"><br \/>\n<\/span><span style=\"font-weight: 400;\"> \u274c Riservato al mercato canadese<\/span><span style=\"font-weight: 400;\"><\/p>\n<p><\/span><\/li>\n<li style=\"font-weight: 400;\" aria-level=\"1\"><b>Marketplace in stile Etsy (stati legali)<\/b><b><br \/>\n<\/b><span style=\"font-weight: 400;\"> \u2705 Produttori artigianali su piccola scala<\/span><span style=\"font-weight: 400;\"><br \/>\n<\/span><span style=\"font-weight: 400;\"> \u274c Protezione variabile dell'acquirente<\/span><span style=\"font-weight: 400;\"><\/p>\n<p><\/span><\/li>\n<li style=\"font-weight: 400;\" aria-level=\"1\"><b>Siti privati approvati (ad esempio GrandDaddyPurp.com)<\/b><b><br \/>\n<\/b><span style=\"font-weight: 400;\"> \u2705 Direttamente dal produttore, spesso pi\u00f9 fresco<\/span><span style=\"font-weight: 400;\"><br \/>\n<\/span><span style=\"font-weight: 400;\"> \u274c Ordine minimo a volte elevato<\/span><span style=\"font-weight: 400;\"><\/p>\n<p><\/span><\/li>\n<\/ol>\n<p><span style=\"font-weight: 400;\">Stai cercando il <\/span><b>meilleur endroit pour acheter Grand Daddy Purple en ligne<\/b><span style=\"font-weight: 400;\"> ? Scegli sempre fonti con test di laboratorio e recensioni verificate.<\/span><\/p>\n<h3><b>Cosa controllare prima di ordinare<\/b><\/h3>\n<ul>\n<li style=\"font-weight: 400;\" aria-level=\"1\"><span style=\"font-weight: 400;\">\u2705 <\/span><b>Condizioni di consegna<\/b><span style=\"font-weight: 400;\"> : Confezionamento sottovuoto e protezione dal calore<\/span><span style=\"font-weight: 400;\">\n<p><\/span><\/li>\n<li style=\"font-weight: 400;\" aria-level=\"1\"><span style=\"font-weight: 400;\">\u2705 <\/span><b>Friskhedsgaranti<\/b><span style=\"font-weight: 400;\"> : I best seller garantiscono il loro prodotto<\/span><span style=\"font-weight: 400;\">\n<p><\/span><\/li>\n<li style=\"font-weight: 400;\" aria-level=\"1\"><span style=\"font-weight: 400;\">\u2705 <\/span><b>Trasparenza degli ingredienti<\/b><span style=\"font-weight: 400;\"> : Cerca fiori privi di pesticidi e testati in laboratorio<\/span><span style=\"font-weight: 400;\">\n<p><\/span><\/li>\n<li style=\"font-weight: 400;\" aria-level=\"1\"><span style=\"font-weight: 400;\">\u2705 <\/span><b>(4 recensioni dei clienti)<\/b><span style=\"font-weight: 400;\"> : Les retours authentiques sont essentiels pour juger la qualit\u00e9<\/span><span style=\"font-weight: 400;\">\n<p><\/span><\/li>\n<\/ul>\n<h3><b>Come conservare, consumare e gustare Grand Daddy Purple<\/b><\/h3>\n<ul>\n<li style=\"font-weight: 400;\" aria-level=\"1\"><b>Ochrona<\/b><span style=\"font-weight: 400;\"> : Conservare al riparo dalla luce e dall'umidit\u00e0, in un barattolo di vetro ermetico<\/span><span style=\"font-weight: 400;\">\n<p><\/span><\/li>\n<li style=\"font-weight: 400;\" aria-level=\"1\"><b>Mode de consommation<\/b><span style=\"font-weight: 400;\"> : Ideale in vaporizzatore, pipa o rollato<\/span><span style=\"font-weight: 400;\">\n<p><\/span><\/li>\n<li style=\"font-weight: 400;\" aria-level=\"1\"><b>Conseil d\u2019usage<\/b><span style=\"font-weight: 400;\"> : Perfetto per una serata o per rilassarsi dopo una giornata stressante<\/span><span style=\"font-weight: 400;\">\n<p><\/span><\/li>\n<\/ul>\n<h3><b>Conclusione: concedetevi un relax di alto livello senza uscire di casa<\/b><\/h3>\n<p><span style=\"font-weight: 400;\">Ordinare Grand Daddy Purple online significa godersi una variet\u00e0 cult con un accesso semplice, veloce e sicuro. Che siate consumatori esperti o alle prime armi, questa leggendaria indica promette un momento di assoluta tranquillit\u00e0, consegnata con cura a domicilio.<\/span><\/p>","protected":false},"excerpt":{"rendered":"<p>Acheter Grand Daddy Purple en ligne : Une relaxation l\u00e9gendaire livr\u00e9e chez vous Peu de vari\u00e9t\u00e9s de cannabis sont aussi embl\u00e9matiques que Grand Daddy Purple (aussi appel\u00e9 GDP). C\u00e9l\u00e8bre pour ses teintes violettes profondes, ses effets puissants sur le corps et son ar\u00f4me sucr\u00e9 de raisin et de baies, cette vari\u00e9t\u00e9 indica l\u00e9gendaire est devenue&#8230;<\/p>","protected":false},"featured_media":1449,"comment_status":"open","ping_status":"closed","template":"","meta":{"_kadence_starter_templates_imported_post":false,"_kad_post_transparent":"default","_kad_post_title":"","_kad_post_layout":"default","_kad_post_sidebar_id":"","_kad_post_content_style":"default","_kad_post_vertical_padding":"default","_kad_post_feature":"","_kad_post_feature_position":"","_kad_post_header":false,"_kad_post_footer":false,"_joinchat":[]},"product_brand":[],"product_cat":[17],"product_tag":[],"class_list":{"0":"post-110","1":"product","2":"type-product","3":"status-publish","4":"has-post-thumbnail","6":"product_cat-canabis-en-ligne","8":"first","9":"instock","10":"shipping-taxable","11":"purchasable","12":"product-type-variable","13":"entry","14":"content-bg","15":"loop-entry"},"yoast_head":"<!-- This site is optimized with the Yoast SEO plugin v23.5 - https:\/\/yoast.com\/wordpress\/plugins\/seo\/ -->\n<title>Achetez Grand Daddy Purple en ligne - Grand Daddy Purple \u00e0 vendre<\/title>\n<meta name=\"description\" content=\"C&#039;est le meilleur moment pour visiter notre boutique en ligne d&#039;herbelegale et acheter Grand Daddy Purple en ligne. Nous avons Grand Daddy Purple \u00e0 vendre ici. Rencontrez-nous en ligne et passez votre commande d\u00e8s aujourd&#039;hui !\" \/>\n<meta name=\"robots\" content=\"index, follow, max-snippet:-1, max-image-preview:large, max-video-preview:-1\" \/>\n<link rel=\"canonical\" href=\"https:\/\/herbelegale.com\/it\/product\/grand-daddy-purple\/\" \/>\n<meta property=\"og:locale\" content=\"it_IT\" \/>\n<meta property=\"og:type\" content=\"article\" \/>\n<meta property=\"og:title\" content=\"Achetez Grand Daddy Purple en ligne - Grand Daddy Purple \u00e0 vendre\" \/>\n<meta property=\"og:description\" content=\"C&#039;est le meilleur moment pour visiter notre boutique en ligne d&#039;herbelegale et acheter Grand Daddy Purple en ligne. Nous avons Grand Daddy Purple \u00e0 vendre ici. Rencontrez-nous en ligne et passez votre commande d\u00e8s aujourd&#039;hui !\" \/>\n<meta property=\"og:url\" content=\"https:\/\/herbelegale.com\/it\/product\/grand-daddy-purple\/\" \/>\n<meta property=\"og:site_name\" content=\"Herbe L\u00e9gale\" \/>\n<meta property=\"article:modified_time\" content=\"2025-06-14T11:09:53+00:00\" \/>\n<meta property=\"og:image\" content=\"https:\/\/herbelegale.com\/wp-content\/uploads\/2023\/09\/Grand-Daddy-Purple.jpg\" \/>\n\t<meta property=\"og:image:width\" content=\"960\" \/>\n\t<meta property=\"og:image:height\" content=\"1280\" \/>\n\t<meta property=\"og:image:type\" content=\"image\/jpeg\" \/>\n<meta name=\"twitter:card\" content=\"summary_large_image\" \/>\n<meta name=\"twitter:label1\" content=\"Tempo di lettura stimato\" \/>\n\t<meta name=\"twitter:data1\" content=\"3 minuti\" \/>\n<script type=\"application\/ld+json\" class=\"yoast-schema-graph\">{\"@context\":\"https:\/\/schema.org\",\"@graph\":[{\"@type\":\"WebPage\",\"@id\":\"https:\/\/herbelegale.com\/product\/grand-daddy-purple\/\",\"url\":\"https:\/\/herbelegale.com\/product\/grand-daddy-purple\/\",\"name\":\"Achetez Grand Daddy Purple en ligne - Grand Daddy Purple \u00e0 vendre\",\"isPartOf\":{\"@id\":\"https:\/\/herbelegale.com\/#website\"},\"primaryImageOfPage\":{\"@id\":\"https:\/\/herbelegale.com\/product\/grand-daddy-purple\/#primaryimage\"},\"image\":{\"@id\":\"https:\/\/herbelegale.com\/product\/grand-daddy-purple\/#primaryimage\"},\"thumbnailUrl\":\"https:\/\/herbelegale.com\/wp-content\/uploads\/2023\/09\/Grand-Daddy-Purple.jpg\",\"datePublished\":\"2023-09-22T11:06:27+00:00\",\"dateModified\":\"2025-06-14T11:09:53+00:00\",\"description\":\"C'est le meilleur moment pour visiter notre boutique en ligne d'herbelegale et acheter Grand Daddy Purple en ligne. Nous avons Grand Daddy Purple \u00e0 vendre ici. Rencontrez-nous en ligne et passez votre commande d\u00e8s aujourd'hui !\",\"breadcrumb\":{\"@id\":\"https:\/\/herbelegale.com\/product\/grand-daddy-purple\/#breadcrumb\"},\"inLanguage\":\"it-IT\",\"potentialAction\":[{\"@type\":\"ReadAction\",\"target\":[\"https:\/\/herbelegale.com\/product\/grand-daddy-purple\/\"]}]},{\"@type\":\"ImageObject\",\"inLanguage\":\"it-IT\",\"@id\":\"https:\/\/herbelegale.com\/product\/grand-daddy-purple\/#primaryimage\",\"url\":\"https:\/\/herbelegale.com\/wp-content\/uploads\/2023\/09\/Grand-Daddy-Purple.jpg\",\"contentUrl\":\"https:\/\/herbelegale.com\/wp-content\/uploads\/2023\/09\/Grand-Daddy-Purple.jpg\",\"width\":960,\"height\":1280,\"caption\":\"Grand Daddy Purple\"},{\"@type\":\"BreadcrumbList\",\"@id\":\"https:\/\/herbelegale.com\/product\/grand-daddy-purple\/#breadcrumb\",\"itemListElement\":[{\"@type\":\"ListItem\",\"position\":1,\"name\":\"Home\",\"item\":\"https:\/\/herbelegale.com\/\"},{\"@type\":\"ListItem\",\"position\":2,\"name\":\"Boutique\",\"item\":\"https:\/\/herbelegale.com\/boutique\/\"},{\"@type\":\"ListItem\",\"position\":3,\"name\":\"Grand Daddy Purple\"}]},{\"@type\":\"WebSite\",\"@id\":\"https:\/\/herbelegale.com\/#website\",\"url\":\"https:\/\/herbelegale.com\/\",\"name\":\"Herbe L\u00e9gale\",\"description\":\"Acheter de l&#039;herbe en ligne\",\"publisher\":{\"@id\":\"https:\/\/herbelegale.com\/#organization\"},\"potentialAction\":[{\"@type\":\"SearchAction\",\"target\":{\"@type\":\"EntryPoint\",\"urlTemplate\":\"https:\/\/herbelegale.com\/?s={search_term_string}\"},\"query-input\":{\"@type\":\"PropertyValueSpecification\",\"valueRequired\":true,\"valueName\":\"search_term_string\"}}],\"inLanguage\":\"it-IT\"},{\"@type\":\"Organization\",\"@id\":\"https:\/\/herbelegale.com\/#organization\",\"name\":\"Herbe L\u00e9gale\",\"url\":\"https:\/\/herbelegale.com\/\",\"logo\":{\"@type\":\"ImageObject\",\"inLanguage\":\"it-IT\",\"@id\":\"https:\/\/herbelegale.com\/#\/schema\/logo\/image\/\",\"url\":\"https:\/\/herbelegale.com\/wp-content\/uploads\/2023\/10\/logo-1.png\",\"contentUrl\":\"https:\/\/herbelegale.com\/wp-content\/uploads\/2023\/10\/logo-1.png\",\"width\":400,\"height\":120,\"caption\":\"Herbe L\u00e9gale\"},\"image\":{\"@id\":\"https:\/\/herbelegale.com\/#\/schema\/logo\/image\/\"}}]}<\/script>\n<!-- \/ Yoast SEO plugin. -->","yoast_head_json":{"title":"Achetez Grand Daddy Purple en ligne - Grand Daddy Purple \u00e0 vendre","description":"C'est le meilleur moment pour visiter notre boutique en ligne d'herbelegale et acheter Grand Daddy Purple en ligne. Nous avons Grand Daddy Purple \u00e0 vendre ici. Rencontrez-nous en ligne et passez votre commande d\u00e8s aujourd'hui !","robots":{"index":"index","follow":"follow","max-snippet":"max-snippet:-1","max-image-preview":"max-image-preview:large","max-video-preview":"max-video-preview:-1"},"canonical":"https:\/\/herbelegale.com\/it\/product\/grand-daddy-purple\/","og_locale":"it_IT","og_type":"article","og_title":"Achetez Grand Daddy Purple en ligne - Grand Daddy Purple \u00e0 vendre","og_description":"C'est le meilleur moment pour visiter notre boutique en ligne d'herbelegale et acheter Grand Daddy Purple en ligne. Nous avons Grand Daddy Purple \u00e0 vendre ici. Rencontrez-nous en ligne et passez votre commande d\u00e8s aujourd'hui !","og_url":"https:\/\/herbelegale.com\/it\/product\/grand-daddy-purple\/","og_site_name":"Herbe L\u00e9gale","article_modified_time":"2025-06-14T11:09:53+00:00","og_image":[{"width":960,"height":1280,"url":"https:\/\/herbelegale.com\/wp-content\/uploads\/2023\/09\/Grand-Daddy-Purple.jpg","type":"image\/jpeg"}],"twitter_card":"summary_large_image","twitter_misc":{"Tempo di lettura stimato":"3 minuti"},"schema":{"@context":"https:\/\/schema.org","@graph":[{"@type":"WebPage","@id":"https:\/\/herbelegale.com\/product\/grand-daddy-purple\/","url":"https:\/\/herbelegale.com\/product\/grand-daddy-purple\/","name":"Achetez Grand Daddy Purple en ligne - Grand Daddy Purple \u00e0 vendre","isPartOf":{"@id":"https:\/\/herbelegale.com\/#website"},"primaryImageOfPage":{"@id":"https:\/\/herbelegale.com\/product\/grand-daddy-purple\/#primaryimage"},"image":{"@id":"https:\/\/herbelegale.com\/product\/grand-daddy-purple\/#primaryimage"},"thumbnailUrl":"https:\/\/herbelegale.com\/wp-content\/uploads\/2023\/09\/Grand-Daddy-Purple.jpg","datePublished":"2023-09-22T11:06:27+00:00","dateModified":"2025-06-14T11:09:53+00:00","description":"C'est le meilleur moment pour visiter notre boutique en ligne d'herbelegale et acheter Grand Daddy Purple en ligne. Nous avons Grand Daddy Purple \u00e0 vendre ici. Rencontrez-nous en ligne et passez votre commande d\u00e8s aujourd'hui !","breadcrumb":{"@id":"https:\/\/herbelegale.com\/product\/grand-daddy-purple\/#breadcrumb"},"inLanguage":"it-IT","potentialAction":[{"@type":"ReadAction","target":["https:\/\/herbelegale.com\/product\/grand-daddy-purple\/"]}]},{"@type":"ImageObject","inLanguage":"it-IT","@id":"https:\/\/herbelegale.com\/product\/grand-daddy-purple\/#primaryimage","url":"https:\/\/herbelegale.com\/wp-content\/uploads\/2023\/09\/Grand-Daddy-Purple.jpg","contentUrl":"https:\/\/herbelegale.com\/wp-content\/uploads\/2023\/09\/Grand-Daddy-Purple.jpg","width":960,"height":1280,"caption":"Grand Daddy Purple"},{"@type":"BreadcrumbList","@id":"https:\/\/herbelegale.com\/product\/grand-daddy-purple\/#breadcrumb","itemListElement":[{"@type":"ListItem","position":1,"name":"Home","item":"https:\/\/herbelegale.com\/"},{"@type":"ListItem","position":2,"name":"Boutique","item":"https:\/\/herbelegale.com\/boutique\/"},{"@type":"ListItem","position":3,"name":"Grand Daddy Purple"}]},{"@type":"WebSite","@id":"https:\/\/herbelegale.com\/#website","url":"https:\/\/herbelegale.com\/","name":"Herbe L\u00e9gale","description":"Acheter de l&#039;herbe en ligne","publisher":{"@id":"https:\/\/herbelegale.com\/#organization"},"potentialAction":[{"@type":"SearchAction","target":{"@type":"EntryPoint","urlTemplate":"https:\/\/herbelegale.com\/?s={search_term_string}"},"query-input":{"@type":"PropertyValueSpecification","valueRequired":true,"valueName":"search_term_string"}}],"inLanguage":"it-IT"},{"@type":"Organization","@id":"https:\/\/herbelegale.com\/#organization","name":"Herbe L\u00e9gale","url":"https:\/\/herbelegale.com\/","logo":{"@type":"ImageObject","inLanguage":"it-IT","@id":"https:\/\/herbelegale.com\/#\/schema\/logo\/image\/","url":"https:\/\/herbelegale.com\/wp-content\/uploads\/2023\/10\/logo-1.png","contentUrl":"https:\/\/herbelegale.com\/wp-content\/uploads\/2023\/10\/logo-1.png","width":400,"height":120,"caption":"Herbe L\u00e9gale"},"image":{"@id":"https:\/\/herbelegale.com\/#\/schema\/logo\/image\/"}}]}},"_links":{"self":[{"href":"https:\/\/herbelegale.com\/it\/wp-json\/wp\/v2\/product\/110","targetHints":{"allow":["GET"]}}],"collection":[{"href":"https:\/\/herbelegale.com\/it\/wp-json\/wp\/v2\/product"}],"about":[{"href":"https:\/\/herbelegale.com\/it\/wp-json\/wp\/v2\/types\/product"}],"replies":[{"embeddable":true,"href":"https:\/\/herbelegale.com\/it\/wp-json\/wp\/v2\/comments?post=110"}],"wp:featuredmedia":[{"embeddable":true,"href":"https:\/\/herbelegale.com\/it\/wp-json\/wp\/v2\/media\/1449"}],"wp:attachment":[{"href":"https:\/\/herbelegale.com\/it\/wp-json\/wp\/v2\/media?parent=110"}],"wp:term":[{"taxonomy":"product_brand","embeddable":true,"href":"https:\/\/herbelegale.com\/it\/wp-json\/wp\/v2\/product_brand?post=110"},{"taxonomy":"product_cat","embeddable":true,"href":"https:\/\/herbelegale.com\/it\/wp-json\/wp\/v2\/product_cat?post=110"},{"taxonomy":"product_tag","embeddable":true,"href":"https:\/\/herbelegale.com\/it\/wp-json\/wp\/v2\/product_tag?post=110"}],"curies":[{"name":"wp","href":"https:\/\/api.w.org\/{rel}","templated":true}]}}