{"id":108,"date":"2023-09-22T11:06:22","date_gmt":"2023-09-22T11:06:22","guid":{"rendered":"https:\/\/nembutalhouse.com\/weed\/?post_type=product&#038;p=108"},"modified":"2025-06-14T11:26:44","modified_gmt":"2025-06-14T11:26:44","slug":"jack-skellington","status":"publish","type":"product","link":"https:\/\/herbelegale.com\/it\/product\/jack-skellington\/","title":{"rendered":"Jack Skellington"},"content":{"rendered":"<h2><b>Acquista Jack Skellington online: deliziosamente spaventoso, potente ed efficace<\/b><\/h2>\n<p><span style=\"font-weight: 400;\">Che tu sia un fan dei classici di Halloween o che tu stia semplicemente cercando un <\/span><a href=\"https:\/\/herbelegale.com\/it\/product\/jack-skellington\/\"><b>vari\u00e9t\u00e9 premium<\/b><\/a><span style=\"font-weight: 400;\"> (o un prodotto commestibile unico), Jack Skellington si sta affermando come un must. Rinomato per i suoi potenti effetti cerebrali, l'energia stimolante e l'estetica unica, questa variet\u00e0 (o prelibatezza a tema) sta attirando sempre pi\u00f9 intenditori. Con la crescente domanda e la disponibilit\u00e0 locale spesso limitata, <\/span><b>acquista Jack Skellington online<\/b><span style=\"font-weight: 400;\"> diventa la soluzione ideale per avere pi\u00f9 freschezza, scelta e praticit\u00e0.<\/span><\/p>\n<h3><b>Dai mercati alle cassette postali: l'ascesa della cannabis e della consegna di prodotti commestibili<\/b><\/h3>\n<p><span style=\"font-weight: 400;\">Sono finiti i giorni in cui dovevi recarti in un dispensario per scoprire prodotti rari o stagionali come Jack Skellington. Oggi, con piattaforme online sicure, puoi <\/span><a href=\"https:\/\/en.wikipedia.org\/wiki\/Jack_Skellington\"><b>ordina Jack Skellington online<\/b><\/a><span style=\"font-weight: 400;\"> in pochi clic.<\/span><\/p>\n<p><b>Perch\u00e9 \u00e8 di tendenza:<\/b><\/p>\n<ul>\n<li style=\"font-weight: 400;\" aria-level=\"1\"><span style=\"font-weight: 400;\">Consegna a domicilio discreta<\/span><span style=\"font-weight: 400;\">\n<p><\/span><\/li>\n<li style=\"font-weight: 400;\" aria-level=\"1\"><span style=\"font-weight: 400;\">Selezione pi\u00f9 ampia di variet\u00e0 rare o prodotti commestibili a tema<\/span><span style=\"font-weight: 400;\">\n<p><\/span><\/li>\n<li style=\"font-weight: 400;\" aria-level=\"1\"><span style=\"font-weight: 400;\">Accesso a <\/span><b>Jack Skellington en vente<\/b><span style=\"font-weight: 400;\"> in diverse regioni<\/span><span style=\"font-weight: 400;\">\n<p><\/span><\/li>\n<\/ul>\n<h3><b>Cosa rende un buon Jack Skeletron?<\/b><\/h3>\n<p><span style=\"font-weight: 400;\">\ud83e\uddea <\/span><b>Aspetto<\/b><span style=\"font-weight: 400;\"> : T\u00eates cristallis\u00e9es avec des couleurs vibrantes (pour la fleur) ou emballage effrayant et stylis\u00e9 (pour les edibles)<\/span><span style=\"font-weight: 400;\"><br \/>\n<\/span><span style=\"font-weight: 400;\"> \ud83c\udf3f <\/span><b>Ar\u00f4me \/ Saveur<\/b><span style=\"font-weight: 400;\"> : Notes terreuses, \u00e9pic\u00e9es, avec des touches d\u2019agrumes ou de vanille<\/span><span style=\"font-weight: 400;\"><br \/>\n<\/span><span style=\"font-weight: 400;\"> \ud83d\udca5 <\/span><b>Effetti<\/b><span style=\"font-weight: 400;\"> : Stimulant, cr\u00e9atif, concentration am\u00e9lior\u00e9e \u2014 id\u00e9al pour une consommation en journ\u00e9e<\/span><span style=\"font-weight: 400;\"><br \/>\n<\/span><span style=\"font-weight: 400;\"> \ud83d\udc68\u200d\ud83c\udf73 <\/span><b>Fabrication<\/b><span style=\"font-weight: 400;\"> : Les produits artisanaux ou en petits lots b\u00e9n\u00e9ficient de plus d\u2019attention que les versions industrielles<\/span><\/p>\n<h3><b>I 5 migliori posti dove acquistare Grand Daddy Purple online (con pro e contro)<\/b><\/h3>\n<ol>\n<li style=\"font-weight: 400;\" aria-level=\"1\"><b>Leafly e Weedmaps<\/b><b><br \/>\n<\/b><span style=\"font-weight: 400;\"> \u2705 Id\u00e9al pour trouver des vendeurs v\u00e9rifi\u00e9s<\/span><span style=\"font-weight: 400;\"><br \/>\n<\/span><span style=\"font-weight: 400;\"> \u274c Tous les vendeurs ne proposent pas l\u2019achat direct<\/span><span style=\"font-weight: 400;\"><\/p>\n<p><\/span><\/li>\n<li style=\"font-weight: 400;\" aria-level=\"1\"><b>Dispensari online (Herb Approach, Green Society)<\/b><b><br \/>\n<\/b><span style=\"font-weight: 400;\"> \u2705 Large choix, produits test\u00e9s en laboratoire<\/span><span style=\"font-weight: 400;\"><br \/>\n<\/span><span style=\"font-weight: 400;\"> \u274c Livraison r\u00e9serv\u00e9e aux r\u00e9gions o\u00f9 le cannabis est l\u00e9gal<\/span><span style=\"font-weight: 400;\"><\/p>\n<p><\/span><\/li>\n<li style=\"font-weight: 400;\" aria-level=\"1\"><b>Negozi artigianali di prodotti commestibili (stile Etsy)<\/b><b><br \/>\n<\/b><span style=\"font-weight: 400;\"> \u2705 Emballages cr\u00e9atifs et produits faits main<\/span><span style=\"font-weight: 400;\"><br \/>\n<\/span><span style=\"font-weight: 400;\"> \u274c Parfois sans test ou standardisation des dosages<\/span><span style=\"font-weight: 400;\"><\/p>\n<p><\/span><\/li>\n<li style=\"font-weight: 400;\" aria-level=\"1\"><b>Siti di produzione diretta<\/b><b><br \/>\n<\/b><span style=\"font-weight: 400;\"> \u2705 Cannabis frais et tra\u00e7able de la ferme au client<\/span><span style=\"font-weight: 400;\"><br \/>\n<\/span><span style=\"font-weight: 400;\"> \u274c Stock souvent limit\u00e9<\/span><span style=\"font-weight: 400;\"><\/p>\n<p><\/span><\/li>\n<li style=\"font-weight: 400;\" aria-level=\"1\"><b>Scatole mensili (con edizioni speciali di Jack Skellington)<\/b><b><br \/>\n<\/b><span style=\"font-weight: 400;\"> \u2705 Surprise \u00e0 th\u00e8me, parfait pour les f\u00eates<\/span><span style=\"font-weight: 400;\"><br \/>\n<\/span><span style=\"font-weight: 400;\"> \u274c Moins de contr\u00f4le sur le contenu exact<\/span><span style=\"font-weight: 400;\"><\/p>\n<p><\/span><\/li>\n<\/ol>\n<p><span style=\"font-weight: 400;\">\ud83d\udc49 <\/span><b>Conseil<\/b><span style=\"font-weight: 400;\"> : Prima di acquistare, controlla sempre se \u00e8 <\/span><b>il posto migliore per acquistare Jack Skellington online<\/b><span style=\"font-weight: 400;\">, leggendo le recensioni dei clienti.<\/span><\/p>\n<h3><b>Cosa controllare prima di ordinare<\/b><\/h3>\n<ul>\n<li style=\"font-weight: 400;\" aria-level=\"1\"><b>Conditions d\u2019exp\u00e9dition<\/b><span style=\"font-weight: 400;\"> : Emballage discret, r\u00e9sistant \u00e0 la chaleur ou au froid<\/span><span style=\"font-weight: 400;\">\n<p><\/span><\/li>\n<li style=\"font-weight: 400;\" aria-level=\"1\"><b>Friskhedsgaranti<\/b><span style=\"font-weight: 400;\"> : Crucial pour la fleur ou les comestibles faits maison<\/span><span style=\"font-weight: 400;\">\n<p><\/span><\/li>\n<li style=\"font-weight: 400;\" aria-level=\"1\"><b>Politique de retour\/remboursement<\/b><span style=\"font-weight: 400;\"> : Utile en cas de mauvaise exp\u00e9rience<\/span><span style=\"font-weight: 400;\">\n<p><\/span><\/li>\n<li style=\"font-weight: 400;\" aria-level=\"1\"><b>Transparence des tests<\/b><span style=\"font-weight: 400;\"> : Taux de THC\/CBD, profils de terp\u00e8nes, absence de contaminants<\/span><span style=\"font-weight: 400;\">\n<p><\/span><\/li>\n<li style=\"font-weight: 400;\" aria-level=\"1\"><b>(4 recensioni dei clienti)<\/b><span style=\"font-weight: 400;\"> : Des retours authentiques pour mieux se projeter<\/span><span style=\"font-weight: 400;\">\n<p><\/span><\/li>\n<\/ul>\n<h3><b>Come conservare e gustare il tuo Jack Skellington<\/b><\/h3>\n<p><span style=\"font-weight: 400;\">\ud83c\udf2c\ufe0f <\/span><b>Fleur de cannabis<\/b><span style=\"font-weight: 400;\"> : Conservare al riparo dalla luce e dall'umidit\u00e0, in un barattolo di vetro ermetico<\/span><span style=\"font-weight: 400;\"><br \/>\n<\/span><span style=\"font-weight: 400;\"> \ud83c\udf6b <\/span><b>Comestibles<\/b><span style=\"font-weight: 400;\"> : R\u00e9frig\u00e9rez si n\u00e9cessaire (chocolats, p\u00e2tisseries, etc.)<\/span><span style=\"font-weight: 400;\"><br \/>\n<\/span><span style=\"font-weight: 400;\"> \ud83c\udfa7 <\/span><b>D\u00e9gustation<\/b><span style=\"font-weight: 400;\"> : Perfetto con una playlist rilassante o una maratona di film di Halloween \ud83d\udc7b<\/span><\/p>\n<h3><b>Conclusione: un'esperienza coinvolgente, senza uscire di casa<\/b><\/h3>\n<p><span style=\"font-weight: 400;\">Con il suo fascino spettrale e gli effetti rinvigorenti, <\/span><b>Jack Skellington \u00e8 pi\u00f9 di un semplice nome: \u00e8 un'esperienza sensoriale completa.<\/b><span style=\"font-weight: 400;\">. Disponible en version fleur ou comestible, il est d\u00e9sormais facile, s\u00fbr et abordable d\u2019<\/span><b>acquista Jack Skellington online<\/b><span style=\"font-weight: 400;\">Che sia per Halloween o per una sessione creativa in qualsiasi momento dell'anno, questo prodotto porter\u00e0 energia, ispirazione e divertimento direttamente a casa tua.<\/span><\/p>","protected":false},"excerpt":{"rendered":"<p>Acheter Jack Skellington en ligne : D\u00e9licieusement Effrayant, Puissamment Efficace Que vous soyez fan de classiques d\u2019Halloween ou simplement \u00e0 la recherche d\u2019une vari\u00e9t\u00e9 premium (ou d\u2019un produit comestible original), Jack Skellington s\u2019impose comme une r\u00e9f\u00e9rence incontournable. R\u00e9put\u00e9e pour ses effets c\u00e9r\u00e9braux puissants, son \u00e9nergie stimulante et son esth\u00e9tique unique, cette souche (ou gourmandise \u00e0&#8230;<\/p>","protected":false},"featured_media":1450,"comment_status":"open","ping_status":"closed","template":"","meta":{"_kadence_starter_templates_imported_post":false,"_kad_post_transparent":"default","_kad_post_title":"","_kad_post_layout":"default","_kad_post_sidebar_id":"","_kad_post_content_style":"default","_kad_post_vertical_padding":"default","_kad_post_feature":"","_kad_post_feature_position":"","_kad_post_header":false,"_kad_post_footer":false,"_joinchat":[]},"product_brand":[],"product_cat":[17],"product_tag":[],"class_list":{"0":"post-108","1":"product","2":"type-product","3":"status-publish","4":"has-post-thumbnail","6":"product_cat-canabis-en-ligne","8":"first","9":"instock","10":"shipping-taxable","11":"purchasable","12":"product-type-variable","13":"entry","14":"content-bg","15":"loop-entry"},"yoast_head":"<!-- This site is optimized with the Yoast SEO plugin v23.5 - https:\/\/yoast.com\/wordpress\/plugins\/seo\/ -->\n<title>Acheter Jack Skellington en ligne - Jack Skellington \u00e0 vendre en ligne<\/title>\n<meta name=\"description\" content=\"Voici l&#039;occasion de vous procurer Jack Skellington \u00e0 prix r\u00e9duit. Notre boutique en ligne Herbelegale vend Jack Skellington dans le monde entier. Commandez pour acheter Jack Skellington en ligne bient\u00f4t.\" \/>\n<meta name=\"robots\" content=\"index, follow, max-snippet:-1, max-image-preview:large, max-video-preview:-1\" \/>\n<link rel=\"canonical\" href=\"https:\/\/herbelegale.com\/it\/product\/jack-skellington\/\" \/>\n<meta property=\"og:locale\" content=\"it_IT\" \/>\n<meta property=\"og:type\" content=\"article\" \/>\n<meta property=\"og:title\" content=\"Acheter Jack Skellington en ligne - Jack Skellington \u00e0 vendre en ligne\" \/>\n<meta property=\"og:description\" content=\"Voici l&#039;occasion de vous procurer Jack Skellington \u00e0 prix r\u00e9duit. Notre boutique en ligne Herbelegale vend Jack Skellington dans le monde entier. Commandez pour acheter Jack Skellington en ligne bient\u00f4t.\" \/>\n<meta property=\"og:url\" content=\"https:\/\/herbelegale.com\/it\/product\/jack-skellington\/\" \/>\n<meta property=\"og:site_name\" content=\"Herbe L\u00e9gale\" \/>\n<meta property=\"article:modified_time\" content=\"2025-06-14T11:26:44+00:00\" \/>\n<meta property=\"og:image\" content=\"https:\/\/herbelegale.com\/wp-content\/uploads\/2023\/09\/Jack-Skellington-1.jpg\" \/>\n\t<meta property=\"og:image:width\" content=\"960\" \/>\n\t<meta property=\"og:image:height\" content=\"1280\" \/>\n\t<meta property=\"og:image:type\" content=\"image\/jpeg\" \/>\n<meta name=\"twitter:card\" content=\"summary_large_image\" \/>\n<meta name=\"twitter:label1\" content=\"Tempo di lettura stimato\" \/>\n\t<meta name=\"twitter:data1\" content=\"3 minuti\" \/>\n<script type=\"application\/ld+json\" class=\"yoast-schema-graph\">{\"@context\":\"https:\/\/schema.org\",\"@graph\":[{\"@type\":\"WebPage\",\"@id\":\"https:\/\/herbelegale.com\/product\/jack-skellington\/\",\"url\":\"https:\/\/herbelegale.com\/product\/jack-skellington\/\",\"name\":\"Acheter Jack Skellington en ligne - Jack Skellington \u00e0 vendre en ligne\",\"isPartOf\":{\"@id\":\"https:\/\/herbelegale.com\/#website\"},\"primaryImageOfPage\":{\"@id\":\"https:\/\/herbelegale.com\/product\/jack-skellington\/#primaryimage\"},\"image\":{\"@id\":\"https:\/\/herbelegale.com\/product\/jack-skellington\/#primaryimage\"},\"thumbnailUrl\":\"https:\/\/herbelegale.com\/wp-content\/uploads\/2023\/09\/Jack-Skellington-1.jpg\",\"datePublished\":\"2023-09-22T11:06:22+00:00\",\"dateModified\":\"2025-06-14T11:26:44+00:00\",\"description\":\"Voici l'occasion de vous procurer Jack Skellington \u00e0 prix r\u00e9duit. Notre boutique en ligne Herbelegale vend Jack Skellington dans le monde entier. Commandez pour acheter Jack Skellington en ligne bient\u00f4t.\",\"breadcrumb\":{\"@id\":\"https:\/\/herbelegale.com\/product\/jack-skellington\/#breadcrumb\"},\"inLanguage\":\"it-IT\",\"potentialAction\":[{\"@type\":\"ReadAction\",\"target\":[\"https:\/\/herbelegale.com\/product\/jack-skellington\/\"]}]},{\"@type\":\"ImageObject\",\"inLanguage\":\"it-IT\",\"@id\":\"https:\/\/herbelegale.com\/product\/jack-skellington\/#primaryimage\",\"url\":\"https:\/\/herbelegale.com\/wp-content\/uploads\/2023\/09\/Jack-Skellington-1.jpg\",\"contentUrl\":\"https:\/\/herbelegale.com\/wp-content\/uploads\/2023\/09\/Jack-Skellington-1.jpg\",\"width\":960,\"height\":1280,\"caption\":\"Jack Skellington\"},{\"@type\":\"BreadcrumbList\",\"@id\":\"https:\/\/herbelegale.com\/product\/jack-skellington\/#breadcrumb\",\"itemListElement\":[{\"@type\":\"ListItem\",\"position\":1,\"name\":\"Home\",\"item\":\"https:\/\/herbelegale.com\/\"},{\"@type\":\"ListItem\",\"position\":2,\"name\":\"Boutique\",\"item\":\"https:\/\/herbelegale.com\/boutique\/\"},{\"@type\":\"ListItem\",\"position\":3,\"name\":\"Jack Skellington\"}]},{\"@type\":\"WebSite\",\"@id\":\"https:\/\/herbelegale.com\/#website\",\"url\":\"https:\/\/herbelegale.com\/\",\"name\":\"Herbe L\u00e9gale\",\"description\":\"Acheter de l&#039;herbe en ligne\",\"publisher\":{\"@id\":\"https:\/\/herbelegale.com\/#organization\"},\"potentialAction\":[{\"@type\":\"SearchAction\",\"target\":{\"@type\":\"EntryPoint\",\"urlTemplate\":\"https:\/\/herbelegale.com\/?s={search_term_string}\"},\"query-input\":{\"@type\":\"PropertyValueSpecification\",\"valueRequired\":true,\"valueName\":\"search_term_string\"}}],\"inLanguage\":\"it-IT\"},{\"@type\":\"Organization\",\"@id\":\"https:\/\/herbelegale.com\/#organization\",\"name\":\"Herbe L\u00e9gale\",\"url\":\"https:\/\/herbelegale.com\/\",\"logo\":{\"@type\":\"ImageObject\",\"inLanguage\":\"it-IT\",\"@id\":\"https:\/\/herbelegale.com\/#\/schema\/logo\/image\/\",\"url\":\"https:\/\/herbelegale.com\/wp-content\/uploads\/2023\/10\/logo-1.png\",\"contentUrl\":\"https:\/\/herbelegale.com\/wp-content\/uploads\/2023\/10\/logo-1.png\",\"width\":400,\"height\":120,\"caption\":\"Herbe L\u00e9gale\"},\"image\":{\"@id\":\"https:\/\/herbelegale.com\/#\/schema\/logo\/image\/\"}}]}<\/script>\n<!-- \/ Yoast SEO plugin. -->","yoast_head_json":{"title":"Acheter Jack Skellington en ligne - Jack Skellington \u00e0 vendre en ligne","description":"Voici l'occasion de vous procurer Jack Skellington \u00e0 prix r\u00e9duit. Notre boutique en ligne Herbelegale vend Jack Skellington dans le monde entier. Commandez pour acheter Jack Skellington en ligne bient\u00f4t.","robots":{"index":"index","follow":"follow","max-snippet":"max-snippet:-1","max-image-preview":"max-image-preview:large","max-video-preview":"max-video-preview:-1"},"canonical":"https:\/\/herbelegale.com\/it\/product\/jack-skellington\/","og_locale":"it_IT","og_type":"article","og_title":"Acheter Jack Skellington en ligne - Jack Skellington \u00e0 vendre en ligne","og_description":"Voici l'occasion de vous procurer Jack Skellington \u00e0 prix r\u00e9duit. Notre boutique en ligne Herbelegale vend Jack Skellington dans le monde entier. Commandez pour acheter Jack Skellington en ligne bient\u00f4t.","og_url":"https:\/\/herbelegale.com\/it\/product\/jack-skellington\/","og_site_name":"Herbe L\u00e9gale","article_modified_time":"2025-06-14T11:26:44+00:00","og_image":[{"width":960,"height":1280,"url":"https:\/\/herbelegale.com\/wp-content\/uploads\/2023\/09\/Jack-Skellington-1.jpg","type":"image\/jpeg"}],"twitter_card":"summary_large_image","twitter_misc":{"Tempo di lettura stimato":"3 minuti"},"schema":{"@context":"https:\/\/schema.org","@graph":[{"@type":"WebPage","@id":"https:\/\/herbelegale.com\/product\/jack-skellington\/","url":"https:\/\/herbelegale.com\/product\/jack-skellington\/","name":"Acheter Jack Skellington en ligne - Jack Skellington \u00e0 vendre en ligne","isPartOf":{"@id":"https:\/\/herbelegale.com\/#website"},"primaryImageOfPage":{"@id":"https:\/\/herbelegale.com\/product\/jack-skellington\/#primaryimage"},"image":{"@id":"https:\/\/herbelegale.com\/product\/jack-skellington\/#primaryimage"},"thumbnailUrl":"https:\/\/herbelegale.com\/wp-content\/uploads\/2023\/09\/Jack-Skellington-1.jpg","datePublished":"2023-09-22T11:06:22+00:00","dateModified":"2025-06-14T11:26:44+00:00","description":"Voici l'occasion de vous procurer Jack Skellington \u00e0 prix r\u00e9duit. Notre boutique en ligne Herbelegale vend Jack Skellington dans le monde entier. Commandez pour acheter Jack Skellington en ligne bient\u00f4t.","breadcrumb":{"@id":"https:\/\/herbelegale.com\/product\/jack-skellington\/#breadcrumb"},"inLanguage":"it-IT","potentialAction":[{"@type":"ReadAction","target":["https:\/\/herbelegale.com\/product\/jack-skellington\/"]}]},{"@type":"ImageObject","inLanguage":"it-IT","@id":"https:\/\/herbelegale.com\/product\/jack-skellington\/#primaryimage","url":"https:\/\/herbelegale.com\/wp-content\/uploads\/2023\/09\/Jack-Skellington-1.jpg","contentUrl":"https:\/\/herbelegale.com\/wp-content\/uploads\/2023\/09\/Jack-Skellington-1.jpg","width":960,"height":1280,"caption":"Jack Skellington"},{"@type":"BreadcrumbList","@id":"https:\/\/herbelegale.com\/product\/jack-skellington\/#breadcrumb","itemListElement":[{"@type":"ListItem","position":1,"name":"Home","item":"https:\/\/herbelegale.com\/"},{"@type":"ListItem","position":2,"name":"Boutique","item":"https:\/\/herbelegale.com\/boutique\/"},{"@type":"ListItem","position":3,"name":"Jack Skellington"}]},{"@type":"WebSite","@id":"https:\/\/herbelegale.com\/#website","url":"https:\/\/herbelegale.com\/","name":"Herbe L\u00e9gale","description":"Acheter de l&#039;herbe en ligne","publisher":{"@id":"https:\/\/herbelegale.com\/#organization"},"potentialAction":[{"@type":"SearchAction","target":{"@type":"EntryPoint","urlTemplate":"https:\/\/herbelegale.com\/?s={search_term_string}"},"query-input":{"@type":"PropertyValueSpecification","valueRequired":true,"valueName":"search_term_string"}}],"inLanguage":"it-IT"},{"@type":"Organization","@id":"https:\/\/herbelegale.com\/#organization","name":"Herbe L\u00e9gale","url":"https:\/\/herbelegale.com\/","logo":{"@type":"ImageObject","inLanguage":"it-IT","@id":"https:\/\/herbelegale.com\/#\/schema\/logo\/image\/","url":"https:\/\/herbelegale.com\/wp-content\/uploads\/2023\/10\/logo-1.png","contentUrl":"https:\/\/herbelegale.com\/wp-content\/uploads\/2023\/10\/logo-1.png","width":400,"height":120,"caption":"Herbe L\u00e9gale"},"image":{"@id":"https:\/\/herbelegale.com\/#\/schema\/logo\/image\/"}}]}},"_links":{"self":[{"href":"https:\/\/herbelegale.com\/it\/wp-json\/wp\/v2\/product\/108","targetHints":{"allow":["GET"]}}],"collection":[{"href":"https:\/\/herbelegale.com\/it\/wp-json\/wp\/v2\/product"}],"about":[{"href":"https:\/\/herbelegale.com\/it\/wp-json\/wp\/v2\/types\/product"}],"replies":[{"embeddable":true,"href":"https:\/\/herbelegale.com\/it\/wp-json\/wp\/v2\/comments?post=108"}],"wp:featuredmedia":[{"embeddable":true,"href":"https:\/\/herbelegale.com\/it\/wp-json\/wp\/v2\/media\/1450"}],"wp:attachment":[{"href":"https:\/\/herbelegale.com\/it\/wp-json\/wp\/v2\/media?parent=108"}],"wp:term":[{"taxonomy":"product_brand","embeddable":true,"href":"https:\/\/herbelegale.com\/it\/wp-json\/wp\/v2\/product_brand?post=108"},{"taxonomy":"product_cat","embeddable":true,"href":"https:\/\/herbelegale.com\/it\/wp-json\/wp\/v2\/product_cat?post=108"},{"taxonomy":"product_tag","embeddable":true,"href":"https:\/\/herbelegale.com\/it\/wp-json\/wp\/v2\/product_tag?post=108"}],"curies":[{"name":"wp","href":"https:\/\/api.w.org\/{rel}","templated":true}]}}